{"id":35,"date":"2023-03-31T02:14:47","date_gmt":"2023-03-31T02:14:47","guid":{"rendered":"https:\/\/silqui-tex.com.ar\/?page_id=35"},"modified":"2026-02-12T22:39:30","modified_gmt":"2026-02-12T22:39:30","slug":"repuestos","status":"publish","type":"page","link":"https:\/\/silqui-tex.com.ar\/en\/repuestos\/","title":{"rendered":"Spare Parts"},"content":{"rendered":"<div data-elementor-type=\"wp-page\" data-elementor-id=\"35\" class=\"elementor elementor-35\" data-elementor-post-type=\"page\">\n\t\t\t\t\t\t<header class=\"elementor-section elementor-top-section elementor-element elementor-element-1d096135 elementor-section-height-min-height elementor-section-content-middle elementor-section-boxed elementor-section-height-default elementor-section-items-middle\" data-id=\"1d096135\" data-element_type=\"section\" data-e-type=\"section\" data-settings=\"{&quot;background_background&quot;:&quot;classic&quot;,&quot;shape_divider_bottom&quot;:&quot;opacity-tilt&quot;}\">\n\t\t\t\t\t\t\t<div class=\"elementor-background-overlay\"><\/div>\n\t\t\t\t\t\t<div class=\"elementor-shape elementor-shape-bottom\" aria-hidden=\"true\" data-negative=\"false\">\n\t\t\t<svg xmlns=\"http:\/\/www.w3.org\/2000\/svg\" viewbox=\"0 0 2600 131.1\" preserveaspectratio=\"none\">\n\t<path class=\"elementor-shape-fill\" d=\"M0 0L2600 0 2600 69.1 0 0z\"\/>\n\t<path class=\"elementor-shape-fill\" style=\"opacity:0.5\" d=\"M0 0L2600 0 2600 69.1 0 69.1z\"\/>\n\t<path class=\"elementor-shape-fill\" style=\"opacity:0.25\" d=\"M2600 0L0 0 0 130.1 2600 69.1z\"\/>\n<\/svg>\t\t<\/div>\n\t\t\t\t\t<div class=\"elementor-container elementor-column-gap-extended\">\n\t\t\t\t\t<div class=\"elementor-column elementor-col-100 elementor-top-column elementor-element elementor-element-47741336\" data-id=\"47741336\" data-element_type=\"column\" data-e-type=\"column\">\n\t\t\t<div class=\"elementor-widget-wrap elementor-element-populated\">\n\t\t\t\t\t\t<div class=\"elementor-element elementor-element-2569ff6b elementor-invisible elementor-widget elementor-widget-heading\" data-id=\"2569ff6b\" data-element_type=\"widget\" data-e-type=\"widget\" data-settings=\"{&quot;_animation&quot;:&quot;fadeInDown&quot;,&quot;_animation_delay&quot;:200}\" data-widget_type=\"heading.default\">\n\t\t\t\t\t<h1 class=\"elementor-heading-title elementor-size-default\">SPARE PARTS<\/h1>\t\t\t\t<\/div>\n\t\t\t\t<div class=\"elementor-element elementor-element-ab06da5 elementor-widget elementor-widget-heading\" data-id=\"ab06da5\" data-element_type=\"widget\" data-e-type=\"widget\" data-widget_type=\"heading.default\">\n\t\t\t\t\t<h3 class=\"elementor-heading-title elementor-size-default\">At Silqui-Tex, we supply spare parts for textile machines from the most renowned brands in the industry.\nWe offer comprehensive solutions with permanent stock and specialized technical support.<\/h3>\t\t\t\t<\/div>\n\t\t\t\t\t<\/div>\n\t\t<\/div>\n\t\t\t\t\t<\/div>\n\t\t<\/header>\n\t\t\t\t<section class=\"elementor-section elementor-top-section elementor-element elementor-element-35b819ad elementor-section-content-middle elementor-section-boxed elementor-section-height-default elementor-section-height-default\" data-id=\"35b819ad\" data-element_type=\"section\" data-e-type=\"section\" data-settings=\"{&quot;background_background&quot;:&quot;classic&quot;}\">\n\t\t\t\t\t\t<div class=\"elementor-container elementor-column-gap-extended\">\n\t\t\t\t\t<div class=\"elementor-column elementor-col-100 elementor-top-column elementor-element elementor-element-53a138dc\" data-id=\"53a138dc\" data-element_type=\"column\" data-e-type=\"column\">\n\t\t\t<div class=\"elementor-widget-wrap elementor-element-populated\">\n\t\t\t\t\t\t<div class=\"elementor-element elementor-element-33fb949f elementor-widget elementor-widget-text-editor\" data-id=\"33fb949f\" data-element_type=\"widget\" data-e-type=\"widget\" data-widget_type=\"text-editor.default\">\n\t\t\t\t\t\t\t\t\t<p>Our goal is to ensure the continuity of your production by providing original spare parts, installation, and after-sales service.<br data-start=\"1593\" data-end=\"1596\" \/>Ask about parts for carding machines, spinning frames, compactors, inspection machines, and other textile equipment.<\/p><p>Este servicio se apoya en nuestra <a href=\"https:\/\/silqui-tex.com.ar\/en\/colaboradores\/\"><strong><span style=\"color: #0000ff;\">oficina operativa en China<\/span><\/strong><\/a>, desde donde gestionamos b\u00fasqueda, validaci\u00f3n y despacho de repuestos industriales y textiles.<\/p>\t\t\t\t\t\t\t\t<\/div>\n\t\t\t\t<div class=\"elementor-element elementor-element-aa7f8ea elementor-align-left elementor-widget elementor-widget-button\" data-id=\"aa7f8ea\" data-element_type=\"widget\" data-e-type=\"widget\" data-widget_type=\"button.default\">\n\t\t\t\t\t\t\t\t\t\t<a class=\"elementor-button elementor-button-link elementor-size-sm elementor-animation-sink\" href=\"https:\/\/silqui-tex.com.ar\/en\/novedades\/\">\n\t\t\t\t\t\t<span class=\"elementor-button-content-wrapper\">\n\t\t\t\t\t\t\t\t\t<span class=\"elementor-button-text\">NEWS<\/span>\n\t\t\t\t\t<\/span>\n\t\t\t\t\t<\/a>\n\t\t\t\t\t\t\t\t<\/div>\n\t\t\t\t\t<\/div>\n\t\t<\/div>\n\t\t\t\t\t<\/div>\n\t\t<\/section>\n\t\t\t\t<section class=\"elementor-section elementor-top-section elementor-element elementor-element-24b1f4d2 elementor-section-boxed elementor-section-height-default elementor-section-height-default\" data-id=\"24b1f4d2\" data-element_type=\"section\" data-e-type=\"section\" data-settings=\"{&quot;background_background&quot;:&quot;classic&quot;}\">\n\t\t\t\t\t\t<div class=\"elementor-container elementor-column-gap-no\">\n\t\t\t\t\t<div class=\"elementor-column elementor-col-100 elementor-top-column elementor-element elementor-element-7beb9ff7\" data-id=\"7beb9ff7\" data-element_type=\"column\" data-e-type=\"column\" data-settings=\"{&quot;background_background&quot;:&quot;classic&quot;}\">\n\t\t\t<div class=\"elementor-widget-wrap elementor-element-populated\">\n\t\t\t\t\t<div class=\"elementor-background-overlay\"><\/div>\n\t\t\t\t\t\t<div class=\"elementor-element elementor-element-fe3343a elementor-widget elementor-widget-text-editor\" data-id=\"fe3343a\" data-element_type=\"widget\" data-e-type=\"widget\" data-widget_type=\"text-editor.default\">\n\t\t\t\t\t\t\t\t\t<p data-start=\"485\" data-end=\"791\">Silqui-Tex International is an Argentine company with international operational presence, specialized in the supply of spare parts and accessories for industrial textile machinery. Our clients rely on dependable technical solutions to ensure the continuity and reliability of their production processes.<\/p><p data-start=\"796\" data-end=\"1047\">We operate actively in Argentina and across multiple Latin American markets, including South America, Central America, and other international destinations, supporting textile manufacturing plants in different countries according to their technical and logistical needs.<\/p><p data-start=\"1052\" data-end=\"1318\">In addition to the spare parts listed in this section, Silqui-Tex International can supply a wide range of textile components and parts, including replacements for machinery of different brands, models, and origins, as well as special spare parts and customized technical solutions.<\/p><p data-start=\"1323\" data-end=\"1596\">Silqui-Tex International supplies spare parts, components, and accessories for all types of machinery used in textile and industrial plants, covering textile production equipment, automation systems, maintenance, internal logistics, and auxiliary services. Our scope includes both textile machinery and complementary industrial equipment commonly found in textile factories, allowing us to provide comprehensive solutions to meet the technical needs of production plants.<\/p>\t\t\t\t\t\t\t\t<\/div>\n\t\t\t\t<div class=\"elementor-element elementor-element-5ea73a48 elementor-align-left elementor-widget elementor-widget-button\" data-id=\"5ea73a48\" data-element_type=\"widget\" data-e-type=\"widget\" data-widget_type=\"button.default\">\n\t\t\t\t\t\t\t\t\t\t<a class=\"elementor-button elementor-button-link elementor-size-sm elementor-animation-sink\" href=\"mailto:repuestos@silqui-tex.com.ar?subject=Consulta%20desde%20secci\u00f3n%20Repuestos%20-%20Web%20Silqui-Tex&#038;body=Hola,%0A%0ALos%20contacto%20a%20trav\u00e9s%20de%20la%20secci\u00f3n%20de%20Repuestos%20del%20sitio%20web%20de%20Silqui-Tex.%0A%0AMe%20gust\">\n\t\t\t\t\t\t<span class=\"elementor-button-content-wrapper\">\n\t\t\t\t\t\t<span class=\"elementor-button-icon\">\n\t\t\t\t<svg aria-hidden=\"true\" class=\"e-font-icon-svg e-fas-arrow-circle-right\" viewbox=\"0 0 512 512\" xmlns=\"http:\/\/www.w3.org\/2000\/svg\"><path d=\"M256 8c137 0 248 111 248 248S393 504 256 504 8 393 8 256 119 8 256 8zm-28.9 143.6l75.5 72.4H120c-13.3 0-24 10.7-24 24v16c0 13.3 10.7 24 24 24h182.6l-75.5 72.4c-9.7 9.3-9.9 24.8-.4 34.3l11 10.9c9.4 9.4 24.6 9.4 33.9 0L404.3 273c9.4-9.4 9.4-24.6 0-33.9L271.6 106.3c-9.4-9.4-24.6-9.4-33.9 0l-11 10.9c-9.5 9.6-9.3 25.1.4 34.4z\"><\/path><\/svg>\t\t\t<\/span>\n\t\t\t\t\t\t\t\t\t<span class=\"elementor-button-text\">Inquire About Industrial Spare Parts<\/span>\n\t\t\t\t\t<\/span>\n\t\t\t\t\t<\/a>\n\t\t\t\t\t\t\t\t<\/div>\n\t\t\t\t\t<\/div>\n\t\t<\/div>\n\t\t\t\t\t<\/div>\n\t\t<\/section>\n\t\t<div class=\"elementor-element elementor-element-5605ca8 e-flex e-con-boxed e-con e-parent\" data-id=\"5605ca8\" data-element_type=\"container\" data-e-type=\"container\">\n\t\t\t\t\t<div class=\"e-con-inner\">\n\t\t\t\t<div class=\"elementor-element elementor-element-3aa097e elementor-widget__width-inherit elementor-widget elementor-widget-text-editor\" data-id=\"3aa097e\" data-element_type=\"widget\" data-e-type=\"widget\" data-widget_type=\"text-editor.default\">\n\t\t\t\t\t\t\t\t\t<h5 style=\"text-align: center;\">If you have questions about availability, compatibility, or delivery times for spare parts,<br \/>you can consult <a href=\"https:\/\/silqui-tex.com.ar\/en\/preguntas-frecuentes\/\"><span style=\"text-decoration: underline;\"><span style=\"color: #0000ff; text-decoration: underline;\"><strong>FAQ<\/strong><\/span><\/span><\/a> about textile machinery and imports.<\/h5>\t\t\t\t\t\t\t\t<\/div>\n\t\t\t\t\t<\/div>\n\t\t\t\t<\/div>\n\t\t\t\t<\/div>","protected":false},"excerpt":{"rendered":"<p>REPUESTOS En Silqui-Tex contamos con repuestos para m\u00e1quinas textiles de las marcas m\u00e1s reconocidas del mercado. Brindamos soluciones integrales con stock permanente y soporte t\u00e9cnico especializado. Nuestro objetivo es garantizar la continuidad de tu producci\u00f3n, ofreciendo repuestos originales, instalaci\u00f3n y servicio postventa.Consult\u00e1 por piezas para cardas, hiladoras, compactadores, revisadoras y m\u00e1s equipos textiles. Este servicio [&hellip;]<\/p>\n","protected":false},"author":1,"featured_media":0,"parent":0,"menu_order":0,"comment_status":"closed","ping_status":"closed","template":"elementor_header_footer","meta":{"footnotes":""},"class_list":["post-35","page","type-page","status-publish","hentry"],"yoast_head":"<!-- This site is optimized with the Yoast SEO plugin v27.3 - https:\/\/yoast.com\/product\/yoast-seo-wordpress\/ -->\n<title>Repuestos industriales para maquinaria textil | Silqui-Tex<\/title>\n<meta name=\"description\" content=\"Suministro de repuestos y componentes para maquinaria textil e industrial. Abastecimiento t\u00e9cnico integral para f\u00e1bricas textiles con soporte internacional y origen China.\" \/>\n<meta name=\"robots\" content=\"index, follow, max-snippet:-1, max-image-preview:large, max-video-preview:-1\" \/>\n<link rel=\"canonical\" href=\"https:\/\/silqui-tex.com.ar\/en\/repuestos\/\" \/>\n<meta property=\"og:locale\" content=\"en_US\" \/>\n<meta property=\"og:type\" content=\"article\" \/>\n<meta property=\"og:title\" content=\"Repuestos industriales para maquinaria textil | Silqui-Tex\" \/>\n<meta property=\"og:description\" content=\"Suministro de repuestos y componentes para maquinaria textil e industrial. Abastecimiento t\u00e9cnico integral para f\u00e1bricas textiles con soporte internacional y origen China.\" \/>\n<meta property=\"og:url\" content=\"https:\/\/silqui-tex.com.ar\/en\/repuestos\/\" \/>\n<meta property=\"og:site_name\" content=\"Silqui-Tex\" \/>\n<meta property=\"article:modified_time\" content=\"2026-02-12T22:39:30+00:00\" \/>\n<meta name=\"twitter:card\" content=\"summary_large_image\" \/>\n<meta name=\"twitter:label1\" content=\"Est. reading time\" \/>\n\t<meta name=\"twitter:data1\" content=\"2 minutes\" \/>\n<script type=\"application\/ld+json\" class=\"yoast-schema-graph\">{\"@context\":\"https:\\\/\\\/schema.org\",\"@graph\":[{\"@type\":\"WebPage\",\"@id\":\"https:\\\/\\\/silqui-tex.com.ar\\\/repuestos\\\/\",\"url\":\"https:\\\/\\\/silqui-tex.com.ar\\\/repuestos\\\/\",\"name\":\"Repuestos industriales para maquinaria textil | Silqui-Tex\",\"isPartOf\":{\"@id\":\"https:\\\/\\\/silqui-tex.com.ar\\\/#website\"},\"datePublished\":\"2023-03-31T02:14:47+00:00\",\"dateModified\":\"2026-02-12T22:39:30+00:00\",\"description\":\"Suministro de repuestos y componentes para maquinaria textil e industrial. Abastecimiento t\u00e9cnico integral para f\u00e1bricas textiles con soporte internacional y origen China.\",\"breadcrumb\":{\"@id\":\"https:\\\/\\\/silqui-tex.com.ar\\\/repuestos\\\/#breadcrumb\"},\"inLanguage\":\"en-US\",\"potentialAction\":[{\"@type\":\"ReadAction\",\"target\":[\"https:\\\/\\\/silqui-tex.com.ar\\\/repuestos\\\/\"]}]},{\"@type\":\"BreadcrumbList\",\"@id\":\"https:\\\/\\\/silqui-tex.com.ar\\\/repuestos\\\/#breadcrumb\",\"itemListElement\":[{\"@type\":\"ListItem\",\"position\":1,\"name\":\"Portada\",\"item\":\"https:\\\/\\\/silqui-tex.com.ar\\\/\"},{\"@type\":\"ListItem\",\"position\":2,\"name\":\"Repuestos\"}]},{\"@type\":\"WebSite\",\"@id\":\"https:\\\/\\\/silqui-tex.com.ar\\\/#website\",\"url\":\"https:\\\/\\\/silqui-tex.com.ar\\\/\",\"name\":\"Silqui-Tex\",\"description\":\"Silqui-Tex se especializa en la venta de maquinaria textil y soluciones innovadoras para la industria, con m\u00e1s de 40 a\u00f1os de experiencia en Am\u00e9rica Latina, ofreciendo tecnolog\u00eda de calidad, servicios personalizados y un enfoque en el desarrollo sostenible.\",\"potentialAction\":[{\"@type\":\"SearchAction\",\"target\":{\"@type\":\"EntryPoint\",\"urlTemplate\":\"https:\\\/\\\/silqui-tex.com.ar\\\/?s={search_term_string}\"},\"query-input\":{\"@type\":\"PropertyValueSpecification\",\"valueRequired\":true,\"valueName\":\"search_term_string\"}}],\"inLanguage\":\"en-US\"}]}<\/script>\n<!-- \/ Yoast SEO plugin. -->","yoast_head_json":{"title":"Repuestos industriales para maquinaria textil | Silqui-Tex","description":"Suministro de repuestos y componentes para maquinaria textil e industrial. Abastecimiento t\u00e9cnico integral para f\u00e1bricas textiles con soporte internacional y origen China.","robots":{"index":"index","follow":"follow","max-snippet":"max-snippet:-1","max-image-preview":"max-image-preview:large","max-video-preview":"max-video-preview:-1"},"canonical":"https:\/\/silqui-tex.com.ar\/en\/repuestos\/","og_locale":"en_US","og_type":"article","og_title":"Repuestos industriales para maquinaria textil | Silqui-Tex","og_description":"Suministro de repuestos y componentes para maquinaria textil e industrial. Abastecimiento t\u00e9cnico integral para f\u00e1bricas textiles con soporte internacional y origen China.","og_url":"https:\/\/silqui-tex.com.ar\/en\/repuestos\/","og_site_name":"Silqui-Tex","article_modified_time":"2026-02-12T22:39:30+00:00","twitter_card":"summary_large_image","twitter_misc":{"Est. reading time":"2 minutes"},"schema":{"@context":"https:\/\/schema.org","@graph":[{"@type":"WebPage","@id":"https:\/\/silqui-tex.com.ar\/repuestos\/","url":"https:\/\/silqui-tex.com.ar\/repuestos\/","name":"Repuestos industriales para maquinaria textil | Silqui-Tex","isPartOf":{"@id":"https:\/\/silqui-tex.com.ar\/#website"},"datePublished":"2023-03-31T02:14:47+00:00","dateModified":"2026-02-12T22:39:30+00:00","description":"Suministro de repuestos y componentes para maquinaria textil e industrial. Abastecimiento t\u00e9cnico integral para f\u00e1bricas textiles con soporte internacional y origen China.","breadcrumb":{"@id":"https:\/\/silqui-tex.com.ar\/repuestos\/#breadcrumb"},"inLanguage":"en-US","potentialAction":[{"@type":"ReadAction","target":["https:\/\/silqui-tex.com.ar\/repuestos\/"]}]},{"@type":"BreadcrumbList","@id":"https:\/\/silqui-tex.com.ar\/repuestos\/#breadcrumb","itemListElement":[{"@type":"ListItem","position":1,"name":"Portada","item":"https:\/\/silqui-tex.com.ar\/"},{"@type":"ListItem","position":2,"name":"Repuestos"}]},{"@type":"WebSite","@id":"https:\/\/silqui-tex.com.ar\/#website","url":"https:\/\/silqui-tex.com.ar\/","name":"Silqui-Tex","description":"Silqui-Tex se especializa en la venta de maquinaria textil y soluciones innovadoras para la industria, con m\u00e1s de 40 a\u00f1os de experiencia en Am\u00e9rica Latina, ofreciendo tecnolog\u00eda de calidad, servicios personalizados y un enfoque en el desarrollo sostenible.","potentialAction":[{"@type":"SearchAction","target":{"@type":"EntryPoint","urlTemplate":"https:\/\/silqui-tex.com.ar\/?s={search_term_string}"},"query-input":{"@type":"PropertyValueSpecification","valueRequired":true,"valueName":"search_term_string"}}],"inLanguage":"en-US"}]}},"_links":{"self":[{"href":"https:\/\/silqui-tex.com.ar\/en\/wp-json\/wp\/v2\/pages\/35","targetHints":{"allow":["GET"]}}],"collection":[{"href":"https:\/\/silqui-tex.com.ar\/en\/wp-json\/wp\/v2\/pages"}],"about":[{"href":"https:\/\/silqui-tex.com.ar\/en\/wp-json\/wp\/v2\/types\/page"}],"author":[{"embeddable":true,"href":"https:\/\/silqui-tex.com.ar\/en\/wp-json\/wp\/v2\/users\/1"}],"replies":[{"embeddable":true,"href":"https:\/\/silqui-tex.com.ar\/en\/wp-json\/wp\/v2\/comments?post=35"}],"version-history":[{"count":64,"href":"https:\/\/silqui-tex.com.ar\/en\/wp-json\/wp\/v2\/pages\/35\/revisions"}],"predecessor-version":[{"id":4494,"href":"https:\/\/silqui-tex.com.ar\/en\/wp-json\/wp\/v2\/pages\/35\/revisions\/4494"}],"wp:attachment":[{"href":"https:\/\/silqui-tex.com.ar\/en\/wp-json\/wp\/v2\/media?parent=35"}],"curies":[{"name":"wp","href":"https:\/\/api.w.org\/{rel}","templated":true}]}}