{"id":4108,"date":"2026-01-05T00:10:11","date_gmt":"2026-01-05T00:10:11","guid":{"rendered":"https:\/\/silqui-tex.com.ar\/?page_id=4108"},"modified":"2026-01-05T02:46:38","modified_gmt":"2026-01-05T02:46:38","slug":"preguntas-frecuentes","status":"publish","type":"page","link":"https:\/\/silqui-tex.com.ar\/en\/preguntas-frecuentes\/","title":{"rendered":"Frequently Asked Questions"},"content":{"rendered":"<div data-elementor-type=\"wp-page\" data-elementor-id=\"4108\" class=\"elementor elementor-4108\" data-elementor-post-type=\"page\">\n\t\t\t\t<div class=\"elementor-element elementor-element-c468172 e-flex e-con-boxed e-con e-parent\" data-id=\"c468172\" data-element_type=\"container\" data-e-type=\"container\">\n\t\t\t\t\t<div class=\"e-con-inner\">\n\t\t\t\t<div class=\"elementor-element elementor-element-a5cdc86 elementor-widget elementor-widget-text-editor\" data-id=\"a5cdc86\" data-element_type=\"widget\" data-e-type=\"widget\" data-widget_type=\"text-editor.default\">\n\t\t\t\t\t\t\t\t\t<p style=\"text-align: center;\">In this section, we address the most common inquiries related to textile machinery imports, operations in China, industrial spare parts, and international projects managed by Silqui-Tex International.<\/p>\t\t\t\t\t\t\t\t<\/div>\n\t\t\t\t<div class=\"elementor-element elementor-element-db8c307 elementor-widget elementor-widget-eael-adv-accordion\" data-id=\"db8c307\" data-element_type=\"widget\" data-e-type=\"widget\" data-widget_type=\"eael-adv-accordion.default\">\n\t\t\t\t\t            <div class=\"eael-adv-accordion\" id=\"eael-adv-accordion-db8c307\" data-scroll-on-click=\"no\" data-scroll-speed=\"300\" data-accordion-id=\"db8c307\" data-accordion-type=\"accordion\" data-toogle-speed=\"300\">\n            <div class=\"eael-accordion-list\">\n\t\t\t\t\t<div id=\"silqui-tex-international-cuenta-con-operacin-propia-en-china\" class=\"elementor-tab-title eael-accordion-header\" tabindex=\"0\" data-tab=\"1\" aria-controls=\"elementor-tab-content-2301\"><span class=\"eael-advanced-accordion-icon-closed\"><svg aria-hidden=\"true\" class=\"fa-accordion-icon e-font-icon-svg e-fas-plus\" viewbox=\"0 0 448 512\" xmlns=\"http:\/\/www.w3.org\/2000\/svg\"><path d=\"M416 208H272V64c0-17.67-14.33-32-32-32h-32c-17.67 0-32 14.33-32 32v144H32c-17.67 0-32 14.33-32 32v32c0 17.67 14.33 32 32 32h144v144c0 17.67 14.33 32 32 32h32c17.67 0 32-14.33 32-32V304h144c17.67 0 32-14.33 32-32v-32c0-17.67-14.33-32-32-32z\"><\/path><\/svg><\/span><span class=\"eael-advanced-accordion-icon-opened\"><svg aria-hidden=\"true\" class=\"fa-accordion-icon e-font-icon-svg e-fas-minus\" viewbox=\"0 0 448 512\" xmlns=\"http:\/\/www.w3.org\/2000\/svg\"><path d=\"M416 208H32c-17.67 0-32 14.33-32 32v32c0 17.67 14.33 32 32 32h384c17.67 0 32-14.33 32-32v-32c0-17.67-14.33-32-32-32z\"><\/path><\/svg><\/span><h3 class=\"eael-accordion-tab-title\">Does Silqui-Tex International Have Its Own Operation in China?<\/h3><svg aria-hidden=\"true\" class=\"fa-toggle e-font-icon-svg e-fas-angle-right\" viewbox=\"0 0 256 512\" xmlns=\"http:\/\/www.w3.org\/2000\/svg\"><path d=\"M224.3 273l-136 136c-9.4 9.4-24.6 9.4-33.9 0l-22.6-22.6c-9.4-9.4-9.4-24.6 0-33.9l96.4-96.4-96.4-96.4c-9.4-9.4-9.4-24.6 0-33.9L54.3 103c9.4-9.4 24.6-9.4 33.9 0l136 136c9.5 9.4 9.5 24.6.1 34z\"><\/path><\/svg><\/div><div id=\"elementor-tab-content-2301\" class=\"eael-accordion-content clearfix\" data-tab=\"1\" aria-labelledby=\"silqui-tex-international-cuenta-con-operacin-propia-en-china\"><p>Yes. Silqui-Tex International has its own operation in China, from where it directly manages industrial and textile projects. This presence allows us to coordinate manufacturers, technically validate equipment at origin, supervise production, and organize international logistics with greater control and predictability.<\/p><\/div>\n\t\t\t\t\t<\/div><div class=\"eael-accordion-list\">\n\t\t\t\t\t<div id=\"qu-tipo-de-maquinaria-textil-puede-importar-silqui-tex-international\" class=\"elementor-tab-title eael-accordion-header\" tabindex=\"0\" data-tab=\"2\" aria-controls=\"elementor-tab-content-2302\"><span class=\"eael-advanced-accordion-icon-closed\"><svg aria-hidden=\"true\" class=\"fa-accordion-icon e-font-icon-svg e-fas-plus\" viewbox=\"0 0 448 512\" xmlns=\"http:\/\/www.w3.org\/2000\/svg\"><path d=\"M416 208H272V64c0-17.67-14.33-32-32-32h-32c-17.67 0-32 14.33-32 32v144H32c-17.67 0-32 14.33-32 32v32c0 17.67 14.33 32 32 32h144v144c0 17.67 14.33 32 32 32h32c17.67 0 32-14.33 32-32V304h144c17.67 0 32-14.33 32-32v-32c0-17.67-14.33-32-32-32z\"><\/path><\/svg><\/span><span class=\"eael-advanced-accordion-icon-opened\"><svg aria-hidden=\"true\" class=\"fa-accordion-icon e-font-icon-svg e-fas-minus\" viewbox=\"0 0 448 512\" xmlns=\"http:\/\/www.w3.org\/2000\/svg\"><path d=\"M416 208H32c-17.67 0-32 14.33-32 32v32c0 17.67 14.33 32 32 32h384c17.67 0 32-14.33 32-32v-32c0-17.67-14.33-32-32-32z\"><\/path><\/svg><\/span><h3 class=\"eael-accordion-tab-title\">What Type of Textile Machinery Can Silqui-Tex International Import?<\/h3><svg aria-hidden=\"true\" class=\"fa-toggle e-font-icon-svg e-fas-angle-right\" viewbox=\"0 0 256 512\" xmlns=\"http:\/\/www.w3.org\/2000\/svg\"><path d=\"M224.3 273l-136 136c-9.4 9.4-24.6 9.4-33.9 0l-22.6-22.6c-9.4-9.4-9.4-24.6 0-33.9l96.4-96.4-96.4-96.4c-9.4-9.4-9.4-24.6 0-33.9L54.3 103c9.4-9.4 24.6-9.4 33.9 0l136 136c9.5 9.4 9.5 24.6.1 34z\"><\/path><\/svg><\/div><div id=\"elementor-tab-content-2302\" class=\"eael-accordion-content clearfix\" data-tab=\"2\" aria-labelledby=\"qu-tipo-de-maquinaria-textil-puede-importar-silqui-tex-international\"><p>Silqui-Tex International manages the import of new and used textile machinery for spinning, weaving, dyeing, finishing, and special processes, tailoring each project to the technical and budgetary requirements of each manufacturing plant.<\/p><\/div>\n\t\t\t\t\t<\/div><div class=\"eael-accordion-list\">\n\t\t\t\t\t<div id=\"desde-qu-pases-se-importa-maquinaria-textil\" class=\"elementor-tab-title eael-accordion-header\" tabindex=\"0\" data-tab=\"3\" aria-controls=\"elementor-tab-content-2303\"><span class=\"eael-advanced-accordion-icon-closed\"><svg aria-hidden=\"true\" class=\"fa-accordion-icon e-font-icon-svg e-fas-plus\" viewbox=\"0 0 448 512\" xmlns=\"http:\/\/www.w3.org\/2000\/svg\"><path d=\"M416 208H272V64c0-17.67-14.33-32-32-32h-32c-17.67 0-32 14.33-32 32v144H32c-17.67 0-32 14.33-32 32v32c0 17.67 14.33 32 32 32h144v144c0 17.67 14.33 32 32 32h32c17.67 0 32-14.33 32-32V304h144c17.67 0 32-14.33 32-32v-32c0-17.67-14.33-32-32-32z\"><\/path><\/svg><\/span><span class=\"eael-advanced-accordion-icon-opened\"><svg aria-hidden=\"true\" class=\"fa-accordion-icon e-font-icon-svg e-fas-minus\" viewbox=\"0 0 448 512\" xmlns=\"http:\/\/www.w3.org\/2000\/svg\"><path d=\"M416 208H32c-17.67 0-32 14.33-32 32v32c0 17.67 14.33 32 32 32h384c17.67 0 32-14.33 32-32v-32c0-17.67-14.33-32-32-32z\"><\/path><\/svg><\/span><h3 class=\"eael-accordion-tab-title\">From Which Countries Is Textile Machinery Imported?<\/h3><svg aria-hidden=\"true\" class=\"fa-toggle e-font-icon-svg e-fas-angle-right\" viewbox=\"0 0 256 512\" xmlns=\"http:\/\/www.w3.org\/2000\/svg\"><path d=\"M224.3 273l-136 136c-9.4 9.4-24.6 9.4-33.9 0l-22.6-22.6c-9.4-9.4-9.4-24.6 0-33.9l96.4-96.4-96.4-96.4c-9.4-9.4-9.4-24.6 0-33.9L54.3 103c9.4-9.4 24.6-9.4 33.9 0l136 136c9.5 9.4 9.5 24.6.1 34z\"><\/path><\/svg><\/div><div id=\"elementor-tab-content-2303\" class=\"eael-accordion-content clearfix\" data-tab=\"3\" aria-labelledby=\"desde-qu-pases-se-importa-maquinaria-textil\"><p>Import projects are managed mainly from China, other Asian countries, and Europe, selecting reliable manufacturers and appropriate technologies according to the type of production required.<\/p><\/div>\n\t\t\t\t\t<\/div><div class=\"eael-accordion-list\">\n\t\t\t\t\t<div id=\"silqui-tex-international-acompaa-el-proyecto-hasta-la-puesta-en-marcha\" class=\"elementor-tab-title eael-accordion-header\" tabindex=\"0\" data-tab=\"4\" aria-controls=\"elementor-tab-content-2304\"><span class=\"eael-advanced-accordion-icon-closed\"><svg aria-hidden=\"true\" class=\"fa-accordion-icon e-font-icon-svg e-fas-plus\" viewbox=\"0 0 448 512\" xmlns=\"http:\/\/www.w3.org\/2000\/svg\"><path d=\"M416 208H272V64c0-17.67-14.33-32-32-32h-32c-17.67 0-32 14.33-32 32v144H32c-17.67 0-32 14.33-32 32v32c0 17.67 14.33 32 32 32h144v144c0 17.67 14.33 32 32 32h32c17.67 0 32-14.33 32-32V304h144c17.67 0 32-14.33 32-32v-32c0-17.67-14.33-32-32-32z\"><\/path><\/svg><\/span><span class=\"eael-advanced-accordion-icon-opened\"><svg aria-hidden=\"true\" class=\"fa-accordion-icon e-font-icon-svg e-fas-minus\" viewbox=\"0 0 448 512\" xmlns=\"http:\/\/www.w3.org\/2000\/svg\"><path d=\"M416 208H32c-17.67 0-32 14.33-32 32v32c0 17.67 14.33 32 32 32h384c17.67 0 32-14.33 32-32v-32c0-17.67-14.33-32-32-32z\"><\/path><\/svg><\/span><h3 class=\"eael-accordion-tab-title\">Does Silqui-Tex International Support the Project Through to Commissioning?<\/h3><svg aria-hidden=\"true\" class=\"fa-toggle e-font-icon-svg e-fas-angle-right\" viewbox=\"0 0 256 512\" xmlns=\"http:\/\/www.w3.org\/2000\/svg\"><path d=\"M224.3 273l-136 136c-9.4 9.4-24.6 9.4-33.9 0l-22.6-22.6c-9.4-9.4-9.4-24.6 0-33.9l96.4-96.4-96.4-96.4c-9.4-9.4-9.4-24.6 0-33.9L54.3 103c9.4-9.4 24.6-9.4 33.9 0l136 136c9.5 9.4 9.5 24.6.1 34z\"><\/path><\/svg><\/div><div id=\"elementor-tab-content-2304\" class=\"eael-accordion-content clearfix\" data-tab=\"4\" aria-labelledby=\"silqui-tex-international-acompaa-el-proyecto-hasta-la-puesta-en-marcha\"><p>Yes. Silqui-Tex International provides comprehensive, end-to-end support for each project, from equipment selection and technical validation at origin through to international logistics and support during commissioning and start-up.<\/p><\/div>\n\t\t\t\t\t<\/div><div class=\"eael-accordion-list\">\n\t\t\t\t\t<div id=\"se-puede-importar-maquinaria-usada-adems-de-maquinaria-nueva\" class=\"elementor-tab-title eael-accordion-header\" tabindex=\"0\" data-tab=\"5\" aria-controls=\"elementor-tab-content-2305\"><span class=\"eael-advanced-accordion-icon-closed\"><svg aria-hidden=\"true\" class=\"fa-accordion-icon e-font-icon-svg e-fas-plus\" viewbox=\"0 0 448 512\" xmlns=\"http:\/\/www.w3.org\/2000\/svg\"><path d=\"M416 208H272V64c0-17.67-14.33-32-32-32h-32c-17.67 0-32 14.33-32 32v144H32c-17.67 0-32 14.33-32 32v32c0 17.67 14.33 32 32 32h144v144c0 17.67 14.33 32 32 32h32c17.67 0 32-14.33 32-32V304h144c17.67 0 32-14.33 32-32v-32c0-17.67-14.33-32-32-32z\"><\/path><\/svg><\/span><span class=\"eael-advanced-accordion-icon-opened\"><svg aria-hidden=\"true\" class=\"fa-accordion-icon e-font-icon-svg e-fas-minus\" viewbox=\"0 0 448 512\" xmlns=\"http:\/\/www.w3.org\/2000\/svg\"><path d=\"M416 208H32c-17.67 0-32 14.33-32 32v32c0 17.67 14.33 32 32 32h384c17.67 0 32-14.33 32-32v-32c0-17.67-14.33-32-32-32z\"><\/path><\/svg><\/span><h3 class=\"eael-accordion-tab-title\">Can Used Machinery Be Imported in Addition to New Machinery?<\/h3><svg aria-hidden=\"true\" class=\"fa-toggle e-font-icon-svg e-fas-angle-right\" viewbox=\"0 0 256 512\" xmlns=\"http:\/\/www.w3.org\/2000\/svg\"><path d=\"M224.3 273l-136 136c-9.4 9.4-24.6 9.4-33.9 0l-22.6-22.6c-9.4-9.4-9.4-24.6 0-33.9l96.4-96.4-96.4-96.4c-9.4-9.4-9.4-24.6 0-33.9L54.3 103c9.4-9.4 24.6-9.4 33.9 0l136 136c9.5 9.4 9.5 24.6.1 34z\"><\/path><\/svg><\/div><div id=\"elementor-tab-content-2305\" class=\"eael-accordion-content clearfix\" data-tab=\"5\" aria-labelledby=\"se-puede-importar-maquinaria-usada-adems-de-maquinaria-nueva\"><p>Yes. Silqui-Tex International works with both new and used textile machinery. In the case of used equipment, a prior technical evaluation is carried out to verify its condition, origin, operating history, and production viability before proceeding with the import process.<\/p><\/div>\n\t\t\t\t\t<\/div><div class=\"eael-accordion-list\">\n\t\t\t\t\t<div id=\"silqui-tex-international-gestiona-repuestos-industriales\" class=\"elementor-tab-title eael-accordion-header\" tabindex=\"0\" data-tab=\"6\" aria-controls=\"elementor-tab-content-2306\"><span class=\"eael-advanced-accordion-icon-closed\"><svg aria-hidden=\"true\" class=\"fa-accordion-icon e-font-icon-svg e-fas-plus\" viewbox=\"0 0 448 512\" xmlns=\"http:\/\/www.w3.org\/2000\/svg\"><path d=\"M416 208H272V64c0-17.67-14.33-32-32-32h-32c-17.67 0-32 14.33-32 32v144H32c-17.67 0-32 14.33-32 32v32c0 17.67 14.33 32 32 32h144v144c0 17.67 14.33 32 32 32h32c17.67 0 32-14.33 32-32V304h144c17.67 0 32-14.33 32-32v-32c0-17.67-14.33-32-32-32z\"><\/path><\/svg><\/span><span class=\"eael-advanced-accordion-icon-opened\"><svg aria-hidden=\"true\" class=\"fa-accordion-icon e-font-icon-svg e-fas-minus\" viewbox=\"0 0 448 512\" xmlns=\"http:\/\/www.w3.org\/2000\/svg\"><path d=\"M416 208H32c-17.67 0-32 14.33-32 32v32c0 17.67 14.33 32 32 32h384c17.67 0 32-14.33 32-32v-32c0-17.67-14.33-32-32-32z\"><\/path><\/svg><\/span><h3 class=\"eael-accordion-tab-title\">Does Silqui-Tex International Manage Industrial Spare Parts?<\/h3><svg aria-hidden=\"true\" class=\"fa-toggle e-font-icon-svg e-fas-angle-right\" viewbox=\"0 0 256 512\" xmlns=\"http:\/\/www.w3.org\/2000\/svg\"><path d=\"M224.3 273l-136 136c-9.4 9.4-24.6 9.4-33.9 0l-22.6-22.6c-9.4-9.4-9.4-24.6 0-33.9l96.4-96.4-96.4-96.4c-9.4-9.4-9.4-24.6 0-33.9L54.3 103c9.4-9.4 24.6-9.4 33.9 0l136 136c9.5 9.4 9.5 24.6.1 34z\"><\/path><\/svg><\/div><div id=\"elementor-tab-content-2306\" class=\"eael-accordion-content clearfix\" data-tab=\"6\" aria-labelledby=\"silqui-tex-international-gestiona-repuestos-industriales\"><p>Yes. In addition to machinery, Silqui-Tex International manages the supply of industrial spare parts for the textile industry and other sectors. Our operational presence in China enables access to both original and alternative spare parts, optimizing delivery times and costs.<\/p><\/div>\n\t\t\t\t\t<\/div><div class=\"eael-accordion-list\">\n\t\t\t\t\t<div id=\"cmo-puedo-solicitar-una-cotizacin-o-asesoramiento-tcnico\" class=\"elementor-tab-title eael-accordion-header\" tabindex=\"0\" data-tab=\"7\" aria-controls=\"elementor-tab-content-2307\"><span class=\"eael-advanced-accordion-icon-closed\"><svg aria-hidden=\"true\" class=\"fa-accordion-icon e-font-icon-svg e-fas-plus\" viewbox=\"0 0 448 512\" xmlns=\"http:\/\/www.w3.org\/2000\/svg\"><path d=\"M416 208H272V64c0-17.67-14.33-32-32-32h-32c-17.67 0-32 14.33-32 32v144H32c-17.67 0-32 14.33-32 32v32c0 17.67 14.33 32 32 32h144v144c0 17.67 14.33 32 32 32h32c17.67 0 32-14.33 32-32V304h144c17.67 0 32-14.33 32-32v-32c0-17.67-14.33-32-32-32z\"><\/path><\/svg><\/span><span class=\"eael-advanced-accordion-icon-opened\"><svg aria-hidden=\"true\" class=\"fa-accordion-icon e-font-icon-svg e-fas-minus\" viewbox=\"0 0 448 512\" xmlns=\"http:\/\/www.w3.org\/2000\/svg\"><path d=\"M416 208H32c-17.67 0-32 14.33-32 32v32c0 17.67 14.33 32 32 32h384c17.67 0 32-14.33 32-32v-32c0-17.67-14.33-32-32-32z\"><\/path><\/svg><\/span><h3 class=\"eael-accordion-tab-title\">How Can I Request a Quotation or Technical Consulting?<\/h3><svg aria-hidden=\"true\" class=\"fa-toggle e-font-icon-svg e-fas-angle-right\" viewbox=\"0 0 256 512\" xmlns=\"http:\/\/www.w3.org\/2000\/svg\"><path d=\"M224.3 273l-136 136c-9.4 9.4-24.6 9.4-33.9 0l-22.6-22.6c-9.4-9.4-9.4-24.6 0-33.9l96.4-96.4-96.4-96.4c-9.4-9.4-9.4-24.6 0-33.9L54.3 103c9.4-9.4 24.6-9.4 33.9 0l136 136c9.5 9.4 9.5 24.6.1 34z\"><\/path><\/svg><\/div><div id=\"elementor-tab-content-2307\" class=\"eael-accordion-content clearfix\" data-tab=\"7\" aria-labelledby=\"cmo-puedo-solicitar-una-cotizacin-o-asesoramiento-tcnico\"><p>To request a quotation or technical consulting, you can contact Silqui-Tex International directly via the contact form, email, or WhatsApp. One of our advisors will evaluate your project and provide personalized guidance.<\/p><\/div>\n\t\t\t\t\t<\/div><\/div>\t\t\t\t<\/div>\n\t\t\t\t\t<\/div>\n\t\t\t\t<\/div>\n\t\t\t\t<\/div>","protected":false},"excerpt":{"rendered":"<p>En esta secci\u00f3n respondemos las consultas m\u00e1s habituales sobre importaci\u00f3n de maquinaria textil, operaci\u00f3n en China, repuestos industriales y proyectos internacionales gestionados por Silqui-Tex International. \u00bfSilqui-Tex International cuenta con operaci\u00f3n propia en China? S\u00ed. Silqui-Tex International cuenta con operaci\u00f3n propia en China, desde donde gestiona de forma directa proyectos industriales y textiles. Esta presencia permite [&hellip;]<\/p>\n","protected":false},"author":1,"featured_media":4126,"parent":0,"menu_order":0,"comment_status":"closed","ping_status":"closed","template":"","meta":{"footnotes":""},"class_list":["post-4108","page","type-page","status-publish","has-post-thumbnail","hentry"],"yoast_head":"<!-- This site is optimized with the Yoast SEO plugin v27.4 - https:\/\/yoast.com\/product\/yoast-seo-wordpress\/ -->\n<title>Preguntas frecuentes sobre maquinaria textil | Silqui-Tex<\/title>\n<meta name=\"description\" content=\"Respondemos preguntas frecuentes sobre maquinaria textil, importaci\u00f3n desde China y Europa, operaci\u00f3n en origen, repuestos industriales y proyectos textiles para f\u00e1bricas de Am\u00e9rica Latina.\" \/>\n<meta name=\"robots\" content=\"index, follow, max-snippet:-1, max-image-preview:large, max-video-preview:-1\" \/>\n<link rel=\"canonical\" href=\"https:\/\/silqui-tex.com.ar\/en\/preguntas-frecuentes\/\" \/>\n<meta property=\"og:locale\" content=\"en_US\" \/>\n<meta property=\"og:type\" content=\"article\" \/>\n<meta property=\"og:title\" content=\"Preguntas frecuentes sobre maquinaria textil | Silqui-Tex\" \/>\n<meta property=\"og:description\" content=\"Respondemos preguntas frecuentes sobre maquinaria textil, importaci\u00f3n desde China y Europa, operaci\u00f3n en origen, repuestos industriales y proyectos textiles para f\u00e1bricas de Am\u00e9rica Latina.\" \/>\n<meta property=\"og:url\" content=\"https:\/\/silqui-tex.com.ar\/en\/preguntas-frecuentes\/\" \/>\n<meta property=\"og:site_name\" content=\"Silqui-Tex\" \/>\n<meta property=\"article:modified_time\" content=\"2026-01-05T02:46:38+00:00\" \/>\n<meta property=\"og:image\" content=\"https:\/\/silqui-tex.com.ar\/wp-content\/uploads\/2026\/01\/preguntas-frecuentes-maquinaria-textil-importacion-silqui-tex.png\" \/>\n\t<meta property=\"og:image:width\" content=\"1536\" \/>\n\t<meta property=\"og:image:height\" content=\"1024\" \/>\n\t<meta property=\"og:image:type\" content=\"image\/png\" \/>\n<meta name=\"twitter:card\" content=\"summary_large_image\" \/>\n<meta name=\"twitter:label1\" content=\"Est. reading time\" \/>\n\t<meta name=\"twitter:data1\" content=\"2 minutes\" \/>\n<script type=\"application\/ld+json\" class=\"yoast-schema-graph\">{\"@context\":\"https:\\\/\\\/schema.org\",\"@graph\":[{\"@type\":[\"WebPage\",\"FAQPage\"],\"@id\":\"https:\\\/\\\/silqui-tex.com.ar\\\/preguntas-frecuentes\\\/\",\"url\":\"https:\\\/\\\/silqui-tex.com.ar\\\/preguntas-frecuentes\\\/\",\"name\":\"Preguntas frecuentes sobre maquinaria textil | Silqui-Tex\",\"isPartOf\":{\"@id\":\"https:\\\/\\\/silqui-tex.com.ar\\\/#website\"},\"primaryImageOfPage\":{\"@id\":\"https:\\\/\\\/silqui-tex.com.ar\\\/preguntas-frecuentes\\\/#primaryimage\"},\"image\":{\"@id\":\"https:\\\/\\\/silqui-tex.com.ar\\\/preguntas-frecuentes\\\/#primaryimage\"},\"thumbnailUrl\":\"https:\\\/\\\/silqui-tex.com.ar\\\/wp-content\\\/uploads\\\/2026\\\/01\\\/preguntas-frecuentes-maquinaria-textil-importacion-silqui-tex.png\",\"datePublished\":\"2026-01-05T00:10:11+00:00\",\"dateModified\":\"2026-01-05T02:46:38+00:00\",\"description\":\"Respondemos preguntas frecuentes sobre maquinaria textil, importaci\u00f3n desde China y Europa, operaci\u00f3n en origen, repuestos industriales y proyectos textiles para f\u00e1bricas de Am\u00e9rica Latina.\",\"breadcrumb\":{\"@id\":\"https:\\\/\\\/silqui-tex.com.ar\\\/preguntas-frecuentes\\\/#breadcrumb\"},\"inLanguage\":\"en-US\",\"potentialAction\":[{\"@type\":\"ReadAction\",\"target\":[\"https:\\\/\\\/silqui-tex.com.ar\\\/preguntas-frecuentes\\\/\"]}]},{\"@type\":\"ImageObject\",\"inLanguage\":\"en-US\",\"@id\":\"https:\\\/\\\/silqui-tex.com.ar\\\/preguntas-frecuentes\\\/#primaryimage\",\"url\":\"https:\\\/\\\/silqui-tex.com.ar\\\/wp-content\\\/uploads\\\/2026\\\/01\\\/preguntas-frecuentes-maquinaria-textil-importacion-silqui-tex.png\",\"contentUrl\":\"https:\\\/\\\/silqui-tex.com.ar\\\/wp-content\\\/uploads\\\/2026\\\/01\\\/preguntas-frecuentes-maquinaria-textil-importacion-silqui-tex.png\",\"width\":1536,\"height\":1024,\"caption\":\"Operaci\u00f3n internacional y maquinaria textil industrial \u2013 Silqui-Tex International\"},{\"@type\":\"BreadcrumbList\",\"@id\":\"https:\\\/\\\/silqui-tex.com.ar\\\/preguntas-frecuentes\\\/#breadcrumb\",\"itemListElement\":[{\"@type\":\"ListItem\",\"position\":1,\"name\":\"Portada\",\"item\":\"https:\\\/\\\/silqui-tex.com.ar\\\/\"},{\"@type\":\"ListItem\",\"position\":2,\"name\":\"Preguntas frecuentes\"}]},{\"@type\":\"WebSite\",\"@id\":\"https:\\\/\\\/silqui-tex.com.ar\\\/#website\",\"url\":\"https:\\\/\\\/silqui-tex.com.ar\\\/\",\"name\":\"Silqui-Tex\",\"description\":\"Silqui-Tex se especializa en la venta de maquinaria textil y soluciones innovadoras para la industria, con m\u00e1s de 40 a\u00f1os de experiencia en Am\u00e9rica Latina, ofreciendo tecnolog\u00eda de calidad, servicios personalizados y un enfoque en el desarrollo sostenible.\",\"potentialAction\":[{\"@type\":\"SearchAction\",\"target\":{\"@type\":\"EntryPoint\",\"urlTemplate\":\"https:\\\/\\\/silqui-tex.com.ar\\\/?s={search_term_string}\"},\"query-input\":{\"@type\":\"PropertyValueSpecification\",\"valueRequired\":true,\"valueName\":\"search_term_string\"}}],\"inLanguage\":\"en-US\"}]}<\/script>\n<!-- \/ Yoast SEO plugin. -->","yoast_head_json":{"title":"Preguntas frecuentes sobre maquinaria textil | Silqui-Tex","description":"Respondemos preguntas frecuentes sobre maquinaria textil, importaci\u00f3n desde China y Europa, operaci\u00f3n en origen, repuestos industriales y proyectos textiles para f\u00e1bricas de Am\u00e9rica Latina.","robots":{"index":"index","follow":"follow","max-snippet":"max-snippet:-1","max-image-preview":"max-image-preview:large","max-video-preview":"max-video-preview:-1"},"canonical":"https:\/\/silqui-tex.com.ar\/en\/preguntas-frecuentes\/","og_locale":"en_US","og_type":"article","og_title":"Preguntas frecuentes sobre maquinaria textil | Silqui-Tex","og_description":"Respondemos preguntas frecuentes sobre maquinaria textil, importaci\u00f3n desde China y Europa, operaci\u00f3n en origen, repuestos industriales y proyectos textiles para f\u00e1bricas de Am\u00e9rica Latina.","og_url":"https:\/\/silqui-tex.com.ar\/en\/preguntas-frecuentes\/","og_site_name":"Silqui-Tex","article_modified_time":"2026-01-05T02:46:38+00:00","og_image":[{"width":1536,"height":1024,"url":"https:\/\/silqui-tex.com.ar\/wp-content\/uploads\/2026\/01\/preguntas-frecuentes-maquinaria-textil-importacion-silqui-tex.png","type":"image\/png"}],"twitter_card":"summary_large_image","twitter_misc":{"Est. reading time":"2 minutes"},"schema":{"@context":"https:\/\/schema.org","@graph":[{"@type":["WebPage","FAQPage"],"@id":"https:\/\/silqui-tex.com.ar\/preguntas-frecuentes\/","url":"https:\/\/silqui-tex.com.ar\/preguntas-frecuentes\/","name":"Preguntas frecuentes sobre maquinaria textil | Silqui-Tex","isPartOf":{"@id":"https:\/\/silqui-tex.com.ar\/#website"},"primaryImageOfPage":{"@id":"https:\/\/silqui-tex.com.ar\/preguntas-frecuentes\/#primaryimage"},"image":{"@id":"https:\/\/silqui-tex.com.ar\/preguntas-frecuentes\/#primaryimage"},"thumbnailUrl":"https:\/\/silqui-tex.com.ar\/wp-content\/uploads\/2026\/01\/preguntas-frecuentes-maquinaria-textil-importacion-silqui-tex.png","datePublished":"2026-01-05T00:10:11+00:00","dateModified":"2026-01-05T02:46:38+00:00","description":"Respondemos preguntas frecuentes sobre maquinaria textil, importaci\u00f3n desde China y Europa, operaci\u00f3n en origen, repuestos industriales y proyectos textiles para f\u00e1bricas de Am\u00e9rica Latina.","breadcrumb":{"@id":"https:\/\/silqui-tex.com.ar\/preguntas-frecuentes\/#breadcrumb"},"inLanguage":"en-US","potentialAction":[{"@type":"ReadAction","target":["https:\/\/silqui-tex.com.ar\/preguntas-frecuentes\/"]}]},{"@type":"ImageObject","inLanguage":"en-US","@id":"https:\/\/silqui-tex.com.ar\/preguntas-frecuentes\/#primaryimage","url":"https:\/\/silqui-tex.com.ar\/wp-content\/uploads\/2026\/01\/preguntas-frecuentes-maquinaria-textil-importacion-silqui-tex.png","contentUrl":"https:\/\/silqui-tex.com.ar\/wp-content\/uploads\/2026\/01\/preguntas-frecuentes-maquinaria-textil-importacion-silqui-tex.png","width":1536,"height":1024,"caption":"Operaci\u00f3n internacional y maquinaria textil industrial \u2013 Silqui-Tex International"},{"@type":"BreadcrumbList","@id":"https:\/\/silqui-tex.com.ar\/preguntas-frecuentes\/#breadcrumb","itemListElement":[{"@type":"ListItem","position":1,"name":"Portada","item":"https:\/\/silqui-tex.com.ar\/"},{"@type":"ListItem","position":2,"name":"Preguntas frecuentes"}]},{"@type":"WebSite","@id":"https:\/\/silqui-tex.com.ar\/#website","url":"https:\/\/silqui-tex.com.ar\/","name":"Silqui-Tex","description":"Silqui-Tex se especializa en la venta de maquinaria textil y soluciones innovadoras para la industria, con m\u00e1s de 40 a\u00f1os de experiencia en Am\u00e9rica Latina, ofreciendo tecnolog\u00eda de calidad, servicios personalizados y un enfoque en el desarrollo sostenible.","potentialAction":[{"@type":"SearchAction","target":{"@type":"EntryPoint","urlTemplate":"https:\/\/silqui-tex.com.ar\/?s={search_term_string}"},"query-input":{"@type":"PropertyValueSpecification","valueRequired":true,"valueName":"search_term_string"}}],"inLanguage":"en-US"}]}},"_links":{"self":[{"href":"https:\/\/silqui-tex.com.ar\/en\/wp-json\/wp\/v2\/pages\/4108","targetHints":{"allow":["GET"]}}],"collection":[{"href":"https:\/\/silqui-tex.com.ar\/en\/wp-json\/wp\/v2\/pages"}],"about":[{"href":"https:\/\/silqui-tex.com.ar\/en\/wp-json\/wp\/v2\/types\/page"}],"author":[{"embeddable":true,"href":"https:\/\/silqui-tex.com.ar\/en\/wp-json\/wp\/v2\/users\/1"}],"replies":[{"embeddable":true,"href":"https:\/\/silqui-tex.com.ar\/en\/wp-json\/wp\/v2\/comments?post=4108"}],"version-history":[{"count":34,"href":"https:\/\/silqui-tex.com.ar\/en\/wp-json\/wp\/v2\/pages\/4108\/revisions"}],"predecessor-version":[{"id":4156,"href":"https:\/\/silqui-tex.com.ar\/en\/wp-json\/wp\/v2\/pages\/4108\/revisions\/4156"}],"wp:featuredmedia":[{"embeddable":true,"href":"https:\/\/silqui-tex.com.ar\/en\/wp-json\/wp\/v2\/media\/4126"}],"wp:attachment":[{"href":"https:\/\/silqui-tex.com.ar\/en\/wp-json\/wp\/v2\/media?parent=4108"}],"curies":[{"name":"wp","href":"https:\/\/api.w.org\/{rel}","templated":true}]}}