{"id":1171,"date":"2023-09-26T05:21:10","date_gmt":"2023-09-26T05:21:10","guid":{"rendered":"https:\/\/silqui-tex.com.ar\/?post_type=product&#038;p=1171"},"modified":"2023-09-26T05:24:28","modified_gmt":"2023-09-26T05:24:28","slug":"open-end-rieter-modelo-bt923","status":"publish","type":"product","link":"https:\/\/silqui-tex.com.ar\/en\/product\/open-end-rieter-modelo-bt923\/","title":{"rendered":"Open end RIETER model BT923"},"content":{"rendered":"<p class=\"p1\">Open End RIETER BT 923<br \/>\nYear 2011<br \/>\n240 rotors<br \/>\nCombers CG1-DD-PP-H (DIAMOND)<br \/>\nRotor diameter 40mm<br \/>\nRotor type: A41D\/1-40 R-0.2<br \/>\nFunnel R-7<br \/>\nSemi automatic<br \/>\n18\u201d x 36\u201d polypropylene boats, without wheels<br \/>\nIQPlus drain<br \/>\nKnowledge 2nd<\/p>","protected":false},"excerpt":{"rendered":"<p>Open End RIETER BT 923<br \/>\nYear 2011<br \/>\n240 rotors<br \/>\nCombers CG1-DD-PP-H (DIAMOND)<br \/>\nRotor diameter 40mm<br \/>\nRotor type: A41D\/1-40 R-0.2<br \/>\nFunnel R-7<br \/>\nSemi automatic<br \/>\n18\u201d x 36\u201d polypropylene boats, without wheels<br \/>\nIQPlus drain<br \/>\nKnowledge 2nd<\/p>","protected":false},"featured_media":1173,"template":"","meta":[],"product_brand":[],"product_cat":[25],"product_tag":[],"class_list":{"0":"post-1171","1":"product","2":"type-product","3":"status-publish","4":"has-post-thumbnail","6":"product_cat-maquinaria-de-hilanderia","8":"first","9":"instock","10":"shipping-taxable","11":"product-type-simple"},"yoast_head":"<!-- This site is optimized with the Yoast SEO plugin v27.3 - https:\/\/yoast.com\/product\/yoast-seo-wordpress\/ -->\n<title>Open end RIETER modelo BT923 - Silqui-Tex<\/title>\n<meta name=\"description\" content=\"Open End RIETER BT 923 A\u00f1o 2011240 rotores Peinadores CG1-DD-PP-H (DIAMANTADOS)Di\u00e1metro rotor 40mmTipo rotor: A41D\/1-40 R-0,2Embudo R-7Semi autom\u00e1ticaBotes 18\u201d x 36\u201d polipropileno, sin ruedasPurgador IQPlusConocidad 2\u00ba\" \/>\n<meta name=\"robots\" content=\"index, follow, max-snippet:-1, max-image-preview:large, max-video-preview:-1\" \/>\n<link rel=\"canonical\" href=\"https:\/\/silqui-tex.com.ar\/en\/product\/open-end-rieter-modelo-bt923\/\" \/>\n<meta property=\"og:locale\" content=\"en_US\" \/>\n<meta property=\"og:type\" content=\"article\" \/>\n<meta property=\"og:title\" content=\"Open end RIETER modelo BT923 - Silqui-Tex\" \/>\n<meta property=\"og:description\" content=\"Open End RIETER BT 923 A\u00f1o 2011240 rotores Peinadores CG1-DD-PP-H (DIAMANTADOS)Di\u00e1metro rotor 40mmTipo rotor: A41D\/1-40 R-0,2Embudo R-7Semi autom\u00e1ticaBotes 18\u201d x 36\u201d polipropileno, sin ruedasPurgador IQPlusConocidad 2\u00ba\" \/>\n<meta property=\"og:url\" content=\"https:\/\/silqui-tex.com.ar\/en\/product\/open-end-rieter-modelo-bt923\/\" \/>\n<meta property=\"og:site_name\" content=\"Silqui-Tex\" \/>\n<meta property=\"article:modified_time\" content=\"2023-09-26T05:24:28+00:00\" \/>\n<meta property=\"og:image\" content=\"https:\/\/silqui-tex.com.ar\/wp-content\/uploads\/2023\/09\/img_1366-scaled.jpeg\" \/>\n\t<meta property=\"og:image:width\" content=\"2560\" \/>\n\t<meta property=\"og:image:height\" content=\"1920\" \/>\n\t<meta property=\"og:image:type\" content=\"image\/jpeg\" \/>\n<meta name=\"twitter:card\" content=\"summary_large_image\" \/>\n<meta name=\"twitter:label1\" content=\"Est. reading time\" \/>\n\t<meta name=\"twitter:data1\" content=\"1 minute\" \/>\n<script type=\"application\/ld+json\" class=\"yoast-schema-graph\">{\"@context\":\"https:\\\/\\\/schema.org\",\"@graph\":[{\"@type\":\"WebPage\",\"@id\":\"https:\\\/\\\/silqui-tex.com.ar\\\/producto\\\/open-end-rieter-modelo-bt923\\\/\",\"url\":\"https:\\\/\\\/silqui-tex.com.ar\\\/producto\\\/open-end-rieter-modelo-bt923\\\/\",\"name\":\"Open end RIETER modelo BT923 - Silqui-Tex\",\"isPartOf\":{\"@id\":\"https:\\\/\\\/silqui-tex.com.ar\\\/#website\"},\"primaryImageOfPage\":{\"@id\":\"https:\\\/\\\/silqui-tex.com.ar\\\/producto\\\/open-end-rieter-modelo-bt923\\\/#primaryimage\"},\"image\":{\"@id\":\"https:\\\/\\\/silqui-tex.com.ar\\\/producto\\\/open-end-rieter-modelo-bt923\\\/#primaryimage\"},\"thumbnailUrl\":\"https:\\\/\\\/silqui-tex.com.ar\\\/wp-content\\\/uploads\\\/2023\\\/09\\\/img_1366-scaled.jpeg\",\"datePublished\":\"2023-09-26T05:21:10+00:00\",\"dateModified\":\"2023-09-26T05:24:28+00:00\",\"description\":\"Open End RIETER BT 923 A\u00f1o 2011240 rotores Peinadores CG1-DD-PP-H (DIAMANTADOS)Di\u00e1metro rotor 40mmTipo rotor: A41D\\\/1-40 R-0,2Embudo R-7Semi autom\u00e1ticaBotes 18\u201d x 36\u201d polipropileno, sin ruedasPurgador IQPlusConocidad 2\u00ba\",\"breadcrumb\":{\"@id\":\"https:\\\/\\\/silqui-tex.com.ar\\\/producto\\\/open-end-rieter-modelo-bt923\\\/#breadcrumb\"},\"inLanguage\":\"en-US\",\"potentialAction\":[{\"@type\":\"ReadAction\",\"target\":[\"https:\\\/\\\/silqui-tex.com.ar\\\/producto\\\/open-end-rieter-modelo-bt923\\\/\"]}]},{\"@type\":\"ImageObject\",\"inLanguage\":\"en-US\",\"@id\":\"https:\\\/\\\/silqui-tex.com.ar\\\/producto\\\/open-end-rieter-modelo-bt923\\\/#primaryimage\",\"url\":\"https:\\\/\\\/silqui-tex.com.ar\\\/wp-content\\\/uploads\\\/2023\\\/09\\\/img_1366-scaled.jpeg\",\"contentUrl\":\"https:\\\/\\\/silqui-tex.com.ar\\\/wp-content\\\/uploads\\\/2023\\\/09\\\/img_1366-scaled.jpeg\",\"width\":2560,\"height\":1920},{\"@type\":\"BreadcrumbList\",\"@id\":\"https:\\\/\\\/silqui-tex.com.ar\\\/producto\\\/open-end-rieter-modelo-bt923\\\/#breadcrumb\",\"itemListElement\":[{\"@type\":\"ListItem\",\"position\":1,\"name\":\"Portada\",\"item\":\"https:\\\/\\\/silqui-tex.com.ar\\\/\"},{\"@type\":\"ListItem\",\"position\":2,\"name\":\"Tienda\",\"item\":\"https:\\\/\\\/silqui-tex.com.ar\\\/tienda\\\/\"},{\"@type\":\"ListItem\",\"position\":3,\"name\":\"Open end RIETER modelo BT923\"}]},{\"@type\":\"WebSite\",\"@id\":\"https:\\\/\\\/silqui-tex.com.ar\\\/#website\",\"url\":\"https:\\\/\\\/silqui-tex.com.ar\\\/\",\"name\":\"Silqui-Tex\",\"description\":\"Silqui-Tex se especializa en la venta de maquinaria textil y soluciones innovadoras para la industria, con m\u00e1s de 40 a\u00f1os de experiencia en Am\u00e9rica Latina, ofreciendo tecnolog\u00eda de calidad, servicios personalizados y un enfoque en el desarrollo sostenible.\",\"potentialAction\":[{\"@type\":\"SearchAction\",\"target\":{\"@type\":\"EntryPoint\",\"urlTemplate\":\"https:\\\/\\\/silqui-tex.com.ar\\\/?s={search_term_string}\"},\"query-input\":{\"@type\":\"PropertyValueSpecification\",\"valueRequired\":true,\"valueName\":\"search_term_string\"}}],\"inLanguage\":\"en-US\"}]}<\/script>\n<!-- \/ Yoast SEO plugin. -->","yoast_head_json":{"title":"Open end RIETER modelo BT923 - Silqui-Tex","description":"Open End RIETER BT 923 A\u00f1o 2011240 rotores Peinadores CG1-DD-PP-H (DIAMANTADOS)Di\u00e1metro rotor 40mmTipo rotor: A41D\/1-40 R-0,2Embudo R-7Semi autom\u00e1ticaBotes 18\u201d x 36\u201d polipropileno, sin ruedasPurgador IQPlusConocidad 2\u00ba","robots":{"index":"index","follow":"follow","max-snippet":"max-snippet:-1","max-image-preview":"max-image-preview:large","max-video-preview":"max-video-preview:-1"},"canonical":"https:\/\/silqui-tex.com.ar\/en\/product\/open-end-rieter-modelo-bt923\/","og_locale":"en_US","og_type":"article","og_title":"Open end RIETER modelo BT923 - Silqui-Tex","og_description":"Open End RIETER BT 923 A\u00f1o 2011240 rotores Peinadores CG1-DD-PP-H (DIAMANTADOS)Di\u00e1metro rotor 40mmTipo rotor: A41D\/1-40 R-0,2Embudo R-7Semi autom\u00e1ticaBotes 18\u201d x 36\u201d polipropileno, sin ruedasPurgador IQPlusConocidad 2\u00ba","og_url":"https:\/\/silqui-tex.com.ar\/en\/product\/open-end-rieter-modelo-bt923\/","og_site_name":"Silqui-Tex","article_modified_time":"2023-09-26T05:24:28+00:00","og_image":[{"width":2560,"height":1920,"url":"https:\/\/silqui-tex.com.ar\/wp-content\/uploads\/2023\/09\/img_1366-scaled.jpeg","type":"image\/jpeg"}],"twitter_card":"summary_large_image","twitter_misc":{"Est. reading time":"1 minute"},"schema":{"@context":"https:\/\/schema.org","@graph":[{"@type":"WebPage","@id":"https:\/\/silqui-tex.com.ar\/producto\/open-end-rieter-modelo-bt923\/","url":"https:\/\/silqui-tex.com.ar\/producto\/open-end-rieter-modelo-bt923\/","name":"Open end RIETER modelo BT923 - Silqui-Tex","isPartOf":{"@id":"https:\/\/silqui-tex.com.ar\/#website"},"primaryImageOfPage":{"@id":"https:\/\/silqui-tex.com.ar\/producto\/open-end-rieter-modelo-bt923\/#primaryimage"},"image":{"@id":"https:\/\/silqui-tex.com.ar\/producto\/open-end-rieter-modelo-bt923\/#primaryimage"},"thumbnailUrl":"https:\/\/silqui-tex.com.ar\/wp-content\/uploads\/2023\/09\/img_1366-scaled.jpeg","datePublished":"2023-09-26T05:21:10+00:00","dateModified":"2023-09-26T05:24:28+00:00","description":"Open End RIETER BT 923 A\u00f1o 2011240 rotores Peinadores CG1-DD-PP-H (DIAMANTADOS)Di\u00e1metro rotor 40mmTipo rotor: A41D\/1-40 R-0,2Embudo R-7Semi autom\u00e1ticaBotes 18\u201d x 36\u201d polipropileno, sin ruedasPurgador IQPlusConocidad 2\u00ba","breadcrumb":{"@id":"https:\/\/silqui-tex.com.ar\/producto\/open-end-rieter-modelo-bt923\/#breadcrumb"},"inLanguage":"en-US","potentialAction":[{"@type":"ReadAction","target":["https:\/\/silqui-tex.com.ar\/producto\/open-end-rieter-modelo-bt923\/"]}]},{"@type":"ImageObject","inLanguage":"en-US","@id":"https:\/\/silqui-tex.com.ar\/producto\/open-end-rieter-modelo-bt923\/#primaryimage","url":"https:\/\/silqui-tex.com.ar\/wp-content\/uploads\/2023\/09\/img_1366-scaled.jpeg","contentUrl":"https:\/\/silqui-tex.com.ar\/wp-content\/uploads\/2023\/09\/img_1366-scaled.jpeg","width":2560,"height":1920},{"@type":"BreadcrumbList","@id":"https:\/\/silqui-tex.com.ar\/producto\/open-end-rieter-modelo-bt923\/#breadcrumb","itemListElement":[{"@type":"ListItem","position":1,"name":"Portada","item":"https:\/\/silqui-tex.com.ar\/"},{"@type":"ListItem","position":2,"name":"Tienda","item":"https:\/\/silqui-tex.com.ar\/tienda\/"},{"@type":"ListItem","position":3,"name":"Open end RIETER modelo BT923"}]},{"@type":"WebSite","@id":"https:\/\/silqui-tex.com.ar\/#website","url":"https:\/\/silqui-tex.com.ar\/","name":"Silqui-Tex","description":"Silqui-Tex se especializa en la venta de maquinaria textil y soluciones innovadoras para la industria, con m\u00e1s de 40 a\u00f1os de experiencia en Am\u00e9rica Latina, ofreciendo tecnolog\u00eda de calidad, servicios personalizados y un enfoque en el desarrollo sostenible.","potentialAction":[{"@type":"SearchAction","target":{"@type":"EntryPoint","urlTemplate":"https:\/\/silqui-tex.com.ar\/?s={search_term_string}"},"query-input":{"@type":"PropertyValueSpecification","valueRequired":true,"valueName":"search_term_string"}}],"inLanguage":"en-US"}]}},"_links":{"self":[{"href":"https:\/\/silqui-tex.com.ar\/en\/wp-json\/wp\/v2\/product\/1171","targetHints":{"allow":["GET"]}}],"collection":[{"href":"https:\/\/silqui-tex.com.ar\/en\/wp-json\/wp\/v2\/product"}],"about":[{"href":"https:\/\/silqui-tex.com.ar\/en\/wp-json\/wp\/v2\/types\/product"}],"wp:featuredmedia":[{"embeddable":true,"href":"https:\/\/silqui-tex.com.ar\/en\/wp-json\/wp\/v2\/media\/1173"}],"wp:attachment":[{"href":"https:\/\/silqui-tex.com.ar\/en\/wp-json\/wp\/v2\/media?parent=1171"}],"wp:term":[{"taxonomy":"product_brand","embeddable":true,"href":"https:\/\/silqui-tex.com.ar\/en\/wp-json\/wp\/v2\/product_brand?post=1171"},{"taxonomy":"product_cat","embeddable":true,"href":"https:\/\/silqui-tex.com.ar\/en\/wp-json\/wp\/v2\/product_cat?post=1171"},{"taxonomy":"product_tag","embeddable":true,"href":"https:\/\/silqui-tex.com.ar\/en\/wp-json\/wp\/v2\/product_tag?post=1171"}],"curies":[{"name":"wp","href":"https:\/\/api.w.org\/{rel}","templated":true}]}}