{"id":1401,"date":"2023-10-29T06:56:30","date_gmt":"2023-10-29T06:56:30","guid":{"rendered":"https:\/\/silqui-tex.com.ar\/?post_type=product&#038;p=1401"},"modified":"2023-10-29T07:01:52","modified_gmt":"2023-10-29T07:01:52","slug":"maquina-de-tenido-de-cono-de-alta-temperatura-y-alta-presion","status":"publish","type":"product","link":"https:\/\/silqui-tex.com.ar\/en\/product\/maquina-de-tenido-de-cono-de-alta-temperatura-y-alta-presion\/","title":{"rendered":"High-temperature, high-pressure cone dyeing machine"},"content":{"rendered":"<p class=\"p1\"><span class=\"s1\">M\u00e1quina de te\u00f1ido de cono de alta temperatura y alta presi\u00f3n DF241<\/span><\/p>\n<p class=\"p1\"><span class=\"s1\">Configuraci\u00f3n de la m\u00e1quina de te\u00f1ir.<\/span><\/p>\n<p class=\"p1\"><span class=\"s1\">1. Material: Cilindro principal: acero inoxidable SUS316L<\/span><\/p>\n<p class=\"p1\"><span class=\"s1\">Cilindro dosificador: acero inoxidable SUS304<\/span><\/p>\n<p class=\"p1\"><span class=\"s1\">2. Computadora: HG-9026, sistema de control autom\u00e1tico completo (equipado con LG PLC)<\/span><\/p>\n<p class=\"p1\"><span class=\"s1\">3. V\u00e1lvula: v\u00e1lvula de mariposa; v\u00e1lvula en Y de acero inoxidable imitando a Burkert; trampa tipo flotador<\/span><\/p>\n<p class=\"p1\"><span class=\"s1\">4. V\u00e1lvula electromagn\u00e9tica: Taiw\u00e1n Airtac;<\/span><\/p>\n<p class=\"p1\"><span class=\"s1\">5. Componente el\u00e9ctrico: Siemens en Suzhou.<\/span><\/p>\n<p class=\"p1\"><span class=\"s1\">6. Bomba principal: Bomba de flujo mixto, equipada con un impulsor de fundici\u00f3n preciso importado<\/span><\/p>\n<p class=\"p1\"><span class=\"s1\">7. Intercambiador de calor: intercambiador de calentador interno (bajo condici\u00f3n de presi\u00f3n de vapor saturado: 0.6Mpa,<\/span><\/p>\n<p class=\"p1\"><span class=\"s1\">la velocidad de calentamiento es de 20~130 \u2103 durante 30 minutos; cuando la presi\u00f3n del agua de refrigeraci\u00f3n es de 0,3 Mpa, la velocidad de enfriamiento es de 130 a 80 \u2103<\/span><\/p>\n<p class=\"p1\"><span class=\"s1\">durante 20 minutos.)<\/span><\/p>\n<p class=\"p1\"><span class=\"s1\">8. Motor de bomba principal: Wannan (equipado con rodamiento SKF importado)<\/span><\/p>\n<p class=\"p1\"><span class=\"s1\">9. El cilindro principal est\u00e1 equipado con un indicador de nivel de gradiente de presi\u00f3n) y un sensor de temperatura PT100.<\/span><\/p>\n<p class=\"p1\"><span class=\"s1\">10. El cilindro dosificador est\u00e1 equipado con un indicador de nivel de burbuja.<\/span><\/p>\n<p class=\"p1\"><span class=\"s1\">11. Te\u00f1ido tipo colch\u00f3n de aire semi-relleno, equipado con sistema de presi\u00f3n de aire (el interruptor de presi\u00f3n es importado<\/span><\/p>\n<p class=\"p1\"><span class=\"s1\">del coreano para control de presi\u00f3n)<\/span><\/p>\n<p class=\"p1\"><span class=\"s1\">12. Sistema de entrada simple y salida doble<\/span><\/p>\n<p class=\"p1\"><span class=\"s1\">13. La m\u00e1quina de te\u00f1ir est\u00e1 equipada con un juego de transportador de hilo.<\/span><\/p>\n<p class=\"p1\"><span class=\"s1\">14. La caja de control el\u00e9ctrico est\u00e1 hecha de acero inoxidable.<\/span><\/p>\n<p class=\"p1\"><span class=\"s1\">15. La bomba principal est\u00e1 equipada con un convertidor de frecuencia.<\/span><\/p>\n<p class=\"p1\"><span class=\"s1\">16. Detecci\u00f3n de temperatura, detecci\u00f3n de nivel y visualizaci\u00f3n; Si los errores de medici\u00f3n reales con el<\/span><\/p>\n<p class=\"p1\"><span class=\"s1\">pantalla de la computadora, el operador puede modificarla en la computadora.<\/span><\/p>\n<p class=\"p1\"><span class=\"s1\">17. El cilindro principal est\u00e1 equipado con un sistema de protecci\u00f3n de autobloqueo de presi\u00f3n. (cuando la presi\u00f3n en el cilindro de te\u00f1ido<\/span><\/p>\n<p class=\"p1\"><span class=\"s1\">excede 0.02MPa, la tapa del cilindro se autobloquea).<\/span><\/p>\n<p class=\"p1\"><span class=\"s1\">18. Funciones principales: controlar autom\u00e1ticamente la proporci\u00f3n de licor, calentamiento y enfriamiento de curvas, alimentaci\u00f3n segmentada, c\u00edclico<\/span><\/p>\n<p class=\"p1\"><span class=\"s1\">sal, agua y drenaje del cilindro principal, lavado, alarma de error, presi\u00f3n y presi\u00f3n del cilindro principal<\/span><\/p>\n<p class=\"p1\"><span class=\"s1\">alivio.<\/span><\/p>\n<p class=\"p1\"><span class=\"s1\">Modelo DF241-100, capacidad 100Kg, potencia de la bomba 15kw, cantidad de conos 100<\/span><\/p>\n<p class=\"p1\"><span class=\"s1\">Modelo DF241-50, capacidad 50Kg, potencia de la bomba 11kw, cantidad de conos 50<\/span><\/p>","protected":false},"excerpt":{"rendered":"<p>High-temperature, high-pressure cone dyeing machine<\/p>","protected":false},"featured_media":1402,"template":"","meta":[],"product_brand":[],"product_cat":[24,37],"product_tag":[48,49],"class_list":{"0":"post-1401","1":"product","2":"type-product","3":"status-publish","4":"has-post-thumbnail","6":"product_cat-maquinaria-de-tintoreria","7":"product_cat-maquinaria-textil-nueva","8":"product_tag-maquinaria-de-tintoreria","9":"product_tag-tintoreria","11":"first","12":"instock","13":"shipping-taxable","14":"product-type-simple"},"yoast_head":"<!-- This site is optimized with the Yoast SEO plugin v27.3 - https:\/\/yoast.com\/product\/yoast-seo-wordpress\/ -->\n<title>M\u00e1quina de te\u00f1ido de cono de alta temperatura y alta presi\u00f3n (Nueva) - Silqui-Tex<\/title>\n<meta name=\"description\" content=\"M\u00e1quina de te\u00f1ido de cono de alta temperatura y alta presi\u00f3n (Nueva)\" \/>\n<meta name=\"robots\" content=\"index, follow, max-snippet:-1, max-image-preview:large, max-video-preview:-1\" \/>\n<link rel=\"canonical\" href=\"https:\/\/silqui-tex.com.ar\/en\/product\/maquina-de-tenido-de-cono-de-alta-temperatura-y-alta-presion\/\" \/>\n<meta property=\"og:locale\" content=\"en_US\" \/>\n<meta property=\"og:type\" content=\"article\" \/>\n<meta property=\"og:title\" content=\"M\u00e1quina de te\u00f1ido de cono de alta temperatura y alta presi\u00f3n (Nueva) - Silqui-Tex\" \/>\n<meta property=\"og:description\" content=\"M\u00e1quina de te\u00f1ido de cono de alta temperatura y alta presi\u00f3n (Nueva)\" \/>\n<meta property=\"og:url\" content=\"https:\/\/silqui-tex.com.ar\/en\/product\/maquina-de-tenido-de-cono-de-alta-temperatura-y-alta-presion\/\" \/>\n<meta property=\"og:site_name\" content=\"Silqui-Tex\" \/>\n<meta property=\"article:modified_time\" content=\"2023-10-29T07:01:52+00:00\" \/>\n<meta property=\"og:image\" content=\"https:\/\/silqui-tex.com.ar\/wp-content\/uploads\/2023\/10\/564D843A-6697-48C2-B9C3-A6AC1D44E5F0.jpeg\" \/>\n\t<meta property=\"og:image:width\" content=\"1290\" \/>\n\t<meta property=\"og:image:height\" content=\"1720\" \/>\n\t<meta property=\"og:image:type\" content=\"image\/jpeg\" \/>\n<meta name=\"twitter:card\" content=\"summary_large_image\" \/>\n<meta name=\"twitter:label1\" content=\"Est. reading time\" \/>\n\t<meta name=\"twitter:data1\" content=\"2 minutes\" \/>\n<script type=\"application\/ld+json\" class=\"yoast-schema-graph\">{\"@context\":\"https:\\\/\\\/schema.org\",\"@graph\":[{\"@type\":\"WebPage\",\"@id\":\"https:\\\/\\\/silqui-tex.com.ar\\\/producto\\\/maquina-de-tenido-de-cono-de-alta-temperatura-y-alta-presion\\\/\",\"url\":\"https:\\\/\\\/silqui-tex.com.ar\\\/producto\\\/maquina-de-tenido-de-cono-de-alta-temperatura-y-alta-presion\\\/\",\"name\":\"M\u00e1quina de te\u00f1ido de cono de alta temperatura y alta presi\u00f3n (Nueva) - Silqui-Tex\",\"isPartOf\":{\"@id\":\"https:\\\/\\\/silqui-tex.com.ar\\\/#website\"},\"primaryImageOfPage\":{\"@id\":\"https:\\\/\\\/silqui-tex.com.ar\\\/producto\\\/maquina-de-tenido-de-cono-de-alta-temperatura-y-alta-presion\\\/#primaryimage\"},\"image\":{\"@id\":\"https:\\\/\\\/silqui-tex.com.ar\\\/producto\\\/maquina-de-tenido-de-cono-de-alta-temperatura-y-alta-presion\\\/#primaryimage\"},\"thumbnailUrl\":\"https:\\\/\\\/silqui-tex.com.ar\\\/wp-content\\\/uploads\\\/2023\\\/10\\\/564D843A-6697-48C2-B9C3-A6AC1D44E5F0.jpeg\",\"datePublished\":\"2023-10-29T06:56:30+00:00\",\"dateModified\":\"2023-10-29T07:01:52+00:00\",\"description\":\"M\u00e1quina de te\u00f1ido de cono de alta temperatura y alta presi\u00f3n (Nueva)\",\"breadcrumb\":{\"@id\":\"https:\\\/\\\/silqui-tex.com.ar\\\/producto\\\/maquina-de-tenido-de-cono-de-alta-temperatura-y-alta-presion\\\/#breadcrumb\"},\"inLanguage\":\"en-US\",\"potentialAction\":[{\"@type\":\"ReadAction\",\"target\":[\"https:\\\/\\\/silqui-tex.com.ar\\\/producto\\\/maquina-de-tenido-de-cono-de-alta-temperatura-y-alta-presion\\\/\"]}]},{\"@type\":\"ImageObject\",\"inLanguage\":\"en-US\",\"@id\":\"https:\\\/\\\/silqui-tex.com.ar\\\/producto\\\/maquina-de-tenido-de-cono-de-alta-temperatura-y-alta-presion\\\/#primaryimage\",\"url\":\"https:\\\/\\\/silqui-tex.com.ar\\\/wp-content\\\/uploads\\\/2023\\\/10\\\/564D843A-6697-48C2-B9C3-A6AC1D44E5F0.jpeg\",\"contentUrl\":\"https:\\\/\\\/silqui-tex.com.ar\\\/wp-content\\\/uploads\\\/2023\\\/10\\\/564D843A-6697-48C2-B9C3-A6AC1D44E5F0.jpeg\",\"width\":1290,\"height\":1720},{\"@type\":\"BreadcrumbList\",\"@id\":\"https:\\\/\\\/silqui-tex.com.ar\\\/producto\\\/maquina-de-tenido-de-cono-de-alta-temperatura-y-alta-presion\\\/#breadcrumb\",\"itemListElement\":[{\"@type\":\"ListItem\",\"position\":1,\"name\":\"Portada\",\"item\":\"https:\\\/\\\/silqui-tex.com.ar\\\/\"},{\"@type\":\"ListItem\",\"position\":2,\"name\":\"Tienda\",\"item\":\"https:\\\/\\\/silqui-tex.com.ar\\\/tienda\\\/\"},{\"@type\":\"ListItem\",\"position\":3,\"name\":\"M\u00e1quina de te\u00f1ido de cono de alta temperatura y alta presi\u00f3n (Nueva)\"}]},{\"@type\":\"WebSite\",\"@id\":\"https:\\\/\\\/silqui-tex.com.ar\\\/#website\",\"url\":\"https:\\\/\\\/silqui-tex.com.ar\\\/\",\"name\":\"Silqui-Tex\",\"description\":\"Silqui-Tex se especializa en la venta de maquinaria textil y soluciones innovadoras para la industria, con m\u00e1s de 40 a\u00f1os de experiencia en Am\u00e9rica Latina, ofreciendo tecnolog\u00eda de calidad, servicios personalizados y un enfoque en el desarrollo sostenible.\",\"potentialAction\":[{\"@type\":\"SearchAction\",\"target\":{\"@type\":\"EntryPoint\",\"urlTemplate\":\"https:\\\/\\\/silqui-tex.com.ar\\\/?s={search_term_string}\"},\"query-input\":{\"@type\":\"PropertyValueSpecification\",\"valueRequired\":true,\"valueName\":\"search_term_string\"}}],\"inLanguage\":\"en-US\"}]}<\/script>\n<!-- \/ Yoast SEO plugin. -->","yoast_head_json":{"title":"M\u00e1quina de te\u00f1ido de cono de alta temperatura y alta presi\u00f3n (Nueva) - Silqui-Tex","description":"High-temperature, high-pressure cone dyeing machine","robots":{"index":"index","follow":"follow","max-snippet":"max-snippet:-1","max-image-preview":"max-image-preview:large","max-video-preview":"max-video-preview:-1"},"canonical":"https:\/\/silqui-tex.com.ar\/en\/product\/maquina-de-tenido-de-cono-de-alta-temperatura-y-alta-presion\/","og_locale":"en_US","og_type":"article","og_title":"M\u00e1quina de te\u00f1ido de cono de alta temperatura y alta presi\u00f3n (Nueva) - Silqui-Tex","og_description":"M\u00e1quina de te\u00f1ido de cono de alta temperatura y alta presi\u00f3n (Nueva)","og_url":"https:\/\/silqui-tex.com.ar\/en\/product\/maquina-de-tenido-de-cono-de-alta-temperatura-y-alta-presion\/","og_site_name":"Silqui-Tex","article_modified_time":"2023-10-29T07:01:52+00:00","og_image":[{"width":1290,"height":1720,"url":"https:\/\/silqui-tex.com.ar\/wp-content\/uploads\/2023\/10\/564D843A-6697-48C2-B9C3-A6AC1D44E5F0.jpeg","type":"image\/jpeg"}],"twitter_card":"summary_large_image","twitter_misc":{"Est. reading time":"2 minutes"},"schema":{"@context":"https:\/\/schema.org","@graph":[{"@type":"WebPage","@id":"https:\/\/silqui-tex.com.ar\/producto\/maquina-de-tenido-de-cono-de-alta-temperatura-y-alta-presion\/","url":"https:\/\/silqui-tex.com.ar\/producto\/maquina-de-tenido-de-cono-de-alta-temperatura-y-alta-presion\/","name":"M\u00e1quina de te\u00f1ido de cono de alta temperatura y alta presi\u00f3n (Nueva) - Silqui-Tex","isPartOf":{"@id":"https:\/\/silqui-tex.com.ar\/#website"},"primaryImageOfPage":{"@id":"https:\/\/silqui-tex.com.ar\/producto\/maquina-de-tenido-de-cono-de-alta-temperatura-y-alta-presion\/#primaryimage"},"image":{"@id":"https:\/\/silqui-tex.com.ar\/producto\/maquina-de-tenido-de-cono-de-alta-temperatura-y-alta-presion\/#primaryimage"},"thumbnailUrl":"https:\/\/silqui-tex.com.ar\/wp-content\/uploads\/2023\/10\/564D843A-6697-48C2-B9C3-A6AC1D44E5F0.jpeg","datePublished":"2023-10-29T06:56:30+00:00","dateModified":"2023-10-29T07:01:52+00:00","description":"High-temperature, high-pressure cone dyeing machine","breadcrumb":{"@id":"https:\/\/silqui-tex.com.ar\/producto\/maquina-de-tenido-de-cono-de-alta-temperatura-y-alta-presion\/#breadcrumb"},"inLanguage":"en-US","potentialAction":[{"@type":"ReadAction","target":["https:\/\/silqui-tex.com.ar\/producto\/maquina-de-tenido-de-cono-de-alta-temperatura-y-alta-presion\/"]}]},{"@type":"ImageObject","inLanguage":"en-US","@id":"https:\/\/silqui-tex.com.ar\/producto\/maquina-de-tenido-de-cono-de-alta-temperatura-y-alta-presion\/#primaryimage","url":"https:\/\/silqui-tex.com.ar\/wp-content\/uploads\/2023\/10\/564D843A-6697-48C2-B9C3-A6AC1D44E5F0.jpeg","contentUrl":"https:\/\/silqui-tex.com.ar\/wp-content\/uploads\/2023\/10\/564D843A-6697-48C2-B9C3-A6AC1D44E5F0.jpeg","width":1290,"height":1720},{"@type":"BreadcrumbList","@id":"https:\/\/silqui-tex.com.ar\/producto\/maquina-de-tenido-de-cono-de-alta-temperatura-y-alta-presion\/#breadcrumb","itemListElement":[{"@type":"ListItem","position":1,"name":"Portada","item":"https:\/\/silqui-tex.com.ar\/"},{"@type":"ListItem","position":2,"name":"Tienda","item":"https:\/\/silqui-tex.com.ar\/tienda\/"},{"@type":"ListItem","position":3,"name":"M\u00e1quina de te\u00f1ido de cono de alta temperatura y alta presi\u00f3n (Nueva)"}]},{"@type":"WebSite","@id":"https:\/\/silqui-tex.com.ar\/#website","url":"https:\/\/silqui-tex.com.ar\/","name":"Silqui-Tex","description":"Silqui-Tex se especializa en la venta de maquinaria textil y soluciones innovadoras para la industria, con m\u00e1s de 40 a\u00f1os de experiencia en Am\u00e9rica Latina, ofreciendo tecnolog\u00eda de calidad, servicios personalizados y un enfoque en el desarrollo sostenible.","potentialAction":[{"@type":"SearchAction","target":{"@type":"EntryPoint","urlTemplate":"https:\/\/silqui-tex.com.ar\/?s={search_term_string}"},"query-input":{"@type":"PropertyValueSpecification","valueRequired":true,"valueName":"search_term_string"}}],"inLanguage":"en-US"}]}},"_links":{"self":[{"href":"https:\/\/silqui-tex.com.ar\/en\/wp-json\/wp\/v2\/product\/1401","targetHints":{"allow":["GET"]}}],"collection":[{"href":"https:\/\/silqui-tex.com.ar\/en\/wp-json\/wp\/v2\/product"}],"about":[{"href":"https:\/\/silqui-tex.com.ar\/en\/wp-json\/wp\/v2\/types\/product"}],"wp:featuredmedia":[{"embeddable":true,"href":"https:\/\/silqui-tex.com.ar\/en\/wp-json\/wp\/v2\/media\/1402"}],"wp:attachment":[{"href":"https:\/\/silqui-tex.com.ar\/en\/wp-json\/wp\/v2\/media?parent=1401"}],"wp:term":[{"taxonomy":"product_brand","embeddable":true,"href":"https:\/\/silqui-tex.com.ar\/en\/wp-json\/wp\/v2\/product_brand?post=1401"},{"taxonomy":"product_cat","embeddable":true,"href":"https:\/\/silqui-tex.com.ar\/en\/wp-json\/wp\/v2\/product_cat?post=1401"},{"taxonomy":"product_tag","embeddable":true,"href":"https:\/\/silqui-tex.com.ar\/en\/wp-json\/wp\/v2\/product_tag?post=1401"}],"curies":[{"name":"wp","href":"https:\/\/api.w.org\/{rel}","templated":true}]}}