{"id":1526,"date":"2023-12-07T05:36:14","date_gmt":"2023-12-07T05:36:14","guid":{"rendered":"https:\/\/silqui-tex.com.ar\/?post_type=product&#038;p=1526"},"modified":"2023-12-09T06:47:58","modified_gmt":"2023-12-09T06:47:58","slug":"silqui-tex-accesorios","status":"publish","type":"product","link":"https:\/\/silqui-tex.com.ar\/en\/product\/silqui-tex-accesorios\/","title":{"rendered":"Silqui-Tex Cots &amp; Aprons."},"content":{"rendered":"<p>Our new representation is a pioneer company in the manufacture of cots and aprons.<\/p>\n<p>It is the largest development and production company of rubber textile accessories for spinning mills in China, one of the main high-tech companies in the TORCH-PROGRAMME Program.<\/p>\n<p>It is located among the top 100 in the international cots-aprons and coatings industry.<\/p>\n<p>The company has maintained leadership in both sales scale and economics for many years.<\/p>","protected":false},"excerpt":{"rendered":"<p>Costs and aprons SILQUI-TEX branded<\/p>","protected":false},"featured_media":1645,"template":"","meta":[],"product_brand":[],"product_cat":[53],"product_tag":[],"class_list":{"0":"post-1526","1":"product","2":"type-product","3":"status-publish","4":"has-post-thumbnail","6":"product_cat-representaciones","8":"first","9":"instock","10":"shipping-taxable","11":"product-type-simple"},"yoast_head":"<!-- This site is optimized with the Yoast SEO plugin v27.4 - https:\/\/yoast.com\/product\/yoast-seo-wordpress\/ -->\n<title>Silqui-Tex Banditas y casquillo. - Silqui-Tex<\/title>\n<meta name=\"description\" content=\"Nuestra nueva representaci\u00f3n es una empresa pionera en la fabricaci\u00f3n de banditas, casquillos yrecubrimientos de goma.Es la mayor empresa de desarrollo y producci\u00f3n de accesorios textiles en goma para hilander\u00edas de China, una de las principales empresas de alta tecnolog\u00eda en el Programa TORCH-PROGRAMME.Est\u00e1 ubicada entre las 100 mejores en la industria internacional de banditas-casquillos y recubrimientos de goma.La empresa ha mantenido el liderazgo tanto en escala de ventas como en econom\u00eda durante muchos a\u00f1os.\" \/>\n<meta name=\"robots\" content=\"index, follow, max-snippet:-1, max-image-preview:large, max-video-preview:-1\" \/>\n<link rel=\"canonical\" href=\"https:\/\/silqui-tex.com.ar\/en\/product\/silqui-tex-accesorios\/\" \/>\n<meta property=\"og:locale\" content=\"en_US\" \/>\n<meta property=\"og:type\" content=\"article\" \/>\n<meta property=\"og:title\" content=\"Silqui-Tex Banditas y casquillo. - Silqui-Tex\" \/>\n<meta property=\"og:description\" content=\"Nuestra nueva representaci\u00f3n es una empresa pionera en la fabricaci\u00f3n de banditas, casquillos yrecubrimientos de goma.Es la mayor empresa de desarrollo y producci\u00f3n de accesorios textiles en goma para hilander\u00edas de China, una de las principales empresas de alta tecnolog\u00eda en el Programa TORCH-PROGRAMME.Est\u00e1 ubicada entre las 100 mejores en la industria internacional de banditas-casquillos y recubrimientos de goma.La empresa ha mantenido el liderazgo tanto en escala de ventas como en econom\u00eda durante muchos a\u00f1os.\" \/>\n<meta property=\"og:url\" content=\"https:\/\/silqui-tex.com.ar\/en\/product\/silqui-tex-accesorios\/\" \/>\n<meta property=\"og:site_name\" content=\"Silqui-Tex\" \/>\n<meta property=\"article:modified_time\" content=\"2023-12-09T06:47:58+00:00\" \/>\n<meta property=\"og:image\" content=\"https:\/\/silqui-tex.com.ar\/wp-content\/uploads\/2023\/12\/F1F11006-1A32-48D3-983A-4F7512774E90-1024x706.png\" \/>\n\t<meta property=\"og:image:width\" content=\"1024\" \/>\n\t<meta property=\"og:image:height\" content=\"706\" \/>\n\t<meta property=\"og:image:type\" content=\"image\/png\" \/>\n<meta name=\"twitter:card\" content=\"summary_large_image\" \/>\n<meta name=\"twitter:label1\" content=\"Est. reading time\" \/>\n\t<meta name=\"twitter:data1\" content=\"1 minute\" \/>\n<script type=\"application\/ld+json\" class=\"yoast-schema-graph\">{\"@context\":\"https:\\\/\\\/schema.org\",\"@graph\":[{\"@type\":\"WebPage\",\"@id\":\"https:\\\/\\\/silqui-tex.com.ar\\\/producto\\\/silqui-tex-accesorios\\\/\",\"url\":\"https:\\\/\\\/silqui-tex.com.ar\\\/producto\\\/silqui-tex-accesorios\\\/\",\"name\":\"Silqui-Tex Banditas y casquillo. - Silqui-Tex\",\"isPartOf\":{\"@id\":\"https:\\\/\\\/silqui-tex.com.ar\\\/#website\"},\"primaryImageOfPage\":{\"@id\":\"https:\\\/\\\/silqui-tex.com.ar\\\/producto\\\/silqui-tex-accesorios\\\/#primaryimage\"},\"image\":{\"@id\":\"https:\\\/\\\/silqui-tex.com.ar\\\/producto\\\/silqui-tex-accesorios\\\/#primaryimage\"},\"thumbnailUrl\":\"https:\\\/\\\/silqui-tex.com.ar\\\/wp-content\\\/uploads\\\/2023\\\/12\\\/F1F11006-1A32-48D3-983A-4F7512774E90.webp\",\"datePublished\":\"2023-12-07T05:36:14+00:00\",\"dateModified\":\"2023-12-09T06:47:58+00:00\",\"description\":\"Nuestra nueva representaci\u00f3n es una empresa pionera en la fabricaci\u00f3n de banditas, casquillos yrecubrimientos de goma.Es la mayor empresa de desarrollo y producci\u00f3n de accesorios textiles en goma para hilander\u00edas de China, una de las principales empresas de alta tecnolog\u00eda en el Programa TORCH-PROGRAMME.Est\u00e1 ubicada entre las 100 mejores en la industria internacional de banditas-casquillos y recubrimientos de goma.La empresa ha mantenido el liderazgo tanto en escala de ventas como en econom\u00eda durante muchos a\u00f1os.\",\"breadcrumb\":{\"@id\":\"https:\\\/\\\/silqui-tex.com.ar\\\/producto\\\/silqui-tex-accesorios\\\/#breadcrumb\"},\"inLanguage\":\"en-US\",\"potentialAction\":[{\"@type\":\"ReadAction\",\"target\":[\"https:\\\/\\\/silqui-tex.com.ar\\\/producto\\\/silqui-tex-accesorios\\\/\"]}]},{\"@type\":\"ImageObject\",\"inLanguage\":\"en-US\",\"@id\":\"https:\\\/\\\/silqui-tex.com.ar\\\/producto\\\/silqui-tex-accesorios\\\/#primaryimage\",\"url\":\"https:\\\/\\\/silqui-tex.com.ar\\\/wp-content\\\/uploads\\\/2023\\\/12\\\/F1F11006-1A32-48D3-983A-4F7512774E90.webp\",\"contentUrl\":\"https:\\\/\\\/silqui-tex.com.ar\\\/wp-content\\\/uploads\\\/2023\\\/12\\\/F1F11006-1A32-48D3-983A-4F7512774E90.webp\",\"width\":1599,\"height\":1103,\"caption\":\"Logo de la empresa\"},{\"@type\":\"BreadcrumbList\",\"@id\":\"https:\\\/\\\/silqui-tex.com.ar\\\/producto\\\/silqui-tex-accesorios\\\/#breadcrumb\",\"itemListElement\":[{\"@type\":\"ListItem\",\"position\":1,\"name\":\"Portada\",\"item\":\"https:\\\/\\\/silqui-tex.com.ar\\\/\"},{\"@type\":\"ListItem\",\"position\":2,\"name\":\"Tienda\",\"item\":\"https:\\\/\\\/silqui-tex.com.ar\\\/tienda\\\/\"},{\"@type\":\"ListItem\",\"position\":3,\"name\":\"Silqui-Tex Banditas y casquillo.\"}]},{\"@type\":\"WebSite\",\"@id\":\"https:\\\/\\\/silqui-tex.com.ar\\\/#website\",\"url\":\"https:\\\/\\\/silqui-tex.com.ar\\\/\",\"name\":\"Silqui-Tex\",\"description\":\"Silqui-Tex se especializa en la venta de maquinaria textil y soluciones innovadoras para la industria, con m\u00e1s de 40 a\u00f1os de experiencia en Am\u00e9rica Latina, ofreciendo tecnolog\u00eda de calidad, servicios personalizados y un enfoque en el desarrollo sostenible.\",\"potentialAction\":[{\"@type\":\"SearchAction\",\"target\":{\"@type\":\"EntryPoint\",\"urlTemplate\":\"https:\\\/\\\/silqui-tex.com.ar\\\/?s={search_term_string}\"},\"query-input\":{\"@type\":\"PropertyValueSpecification\",\"valueRequired\":true,\"valueName\":\"search_term_string\"}}],\"inLanguage\":\"en-US\"}]}<\/script>\n<!-- \/ Yoast SEO plugin. -->","yoast_head_json":{"title":"Silqui-Tex Banditas y casquillo. - Silqui-Tex","description":"Nuestra nueva representaci\u00f3n es una empresa pionera en la fabricaci\u00f3n de banditas, casquillos yrecubrimientos de goma.Es la mayor empresa de desarrollo y producci\u00f3n de accesorios textiles en goma para hilander\u00edas de China, una de las principales empresas de alta tecnolog\u00eda en el Programa TORCH-PROGRAMME.Est\u00e1 ubicada entre las 100 mejores en la industria internacional de banditas-casquillos y recubrimientos de goma.La empresa ha mantenido el liderazgo tanto en escala de ventas como en econom\u00eda durante muchos a\u00f1os.","robots":{"index":"index","follow":"follow","max-snippet":"max-snippet:-1","max-image-preview":"max-image-preview:large","max-video-preview":"max-video-preview:-1"},"canonical":"https:\/\/silqui-tex.com.ar\/en\/product\/silqui-tex-accesorios\/","og_locale":"en_US","og_type":"article","og_title":"Silqui-Tex Banditas y casquillo. - Silqui-Tex","og_description":"Nuestra nueva representaci\u00f3n es una empresa pionera en la fabricaci\u00f3n de banditas, casquillos yrecubrimientos de goma.Es la mayor empresa de desarrollo y producci\u00f3n de accesorios textiles en goma para hilander\u00edas de China, una de las principales empresas de alta tecnolog\u00eda en el Programa TORCH-PROGRAMME.Est\u00e1 ubicada entre las 100 mejores en la industria internacional de banditas-casquillos y recubrimientos de goma.La empresa ha mantenido el liderazgo tanto en escala de ventas como en econom\u00eda durante muchos a\u00f1os.","og_url":"https:\/\/silqui-tex.com.ar\/en\/product\/silqui-tex-accesorios\/","og_site_name":"Silqui-Tex","article_modified_time":"2023-12-09T06:47:58+00:00","og_image":[{"width":1024,"height":706,"url":"https:\/\/silqui-tex.com.ar\/wp-content\/uploads\/2023\/12\/F1F11006-1A32-48D3-983A-4F7512774E90-1024x706.png","type":"image\/png"}],"twitter_card":"summary_large_image","twitter_misc":{"Est. reading time":"1 minute"},"schema":{"@context":"https:\/\/schema.org","@graph":[{"@type":"WebPage","@id":"https:\/\/silqui-tex.com.ar\/producto\/silqui-tex-accesorios\/","url":"https:\/\/silqui-tex.com.ar\/producto\/silqui-tex-accesorios\/","name":"Silqui-Tex Banditas y casquillo. - Silqui-Tex","isPartOf":{"@id":"https:\/\/silqui-tex.com.ar\/#website"},"primaryImageOfPage":{"@id":"https:\/\/silqui-tex.com.ar\/producto\/silqui-tex-accesorios\/#primaryimage"},"image":{"@id":"https:\/\/silqui-tex.com.ar\/producto\/silqui-tex-accesorios\/#primaryimage"},"thumbnailUrl":"https:\/\/silqui-tex.com.ar\/wp-content\/uploads\/2023\/12\/F1F11006-1A32-48D3-983A-4F7512774E90.webp","datePublished":"2023-12-07T05:36:14+00:00","dateModified":"2023-12-09T06:47:58+00:00","description":"Nuestra nueva representaci\u00f3n es una empresa pionera en la fabricaci\u00f3n de banditas, casquillos yrecubrimientos de goma.Es la mayor empresa de desarrollo y producci\u00f3n de accesorios textiles en goma para hilander\u00edas de China, una de las principales empresas de alta tecnolog\u00eda en el Programa TORCH-PROGRAMME.Est\u00e1 ubicada entre las 100 mejores en la industria internacional de banditas-casquillos y recubrimientos de goma.La empresa ha mantenido el liderazgo tanto en escala de ventas como en econom\u00eda durante muchos a\u00f1os.","breadcrumb":{"@id":"https:\/\/silqui-tex.com.ar\/producto\/silqui-tex-accesorios\/#breadcrumb"},"inLanguage":"en-US","potentialAction":[{"@type":"ReadAction","target":["https:\/\/silqui-tex.com.ar\/producto\/silqui-tex-accesorios\/"]}]},{"@type":"ImageObject","inLanguage":"en-US","@id":"https:\/\/silqui-tex.com.ar\/producto\/silqui-tex-accesorios\/#primaryimage","url":"https:\/\/silqui-tex.com.ar\/wp-content\/uploads\/2023\/12\/F1F11006-1A32-48D3-983A-4F7512774E90.webp","contentUrl":"https:\/\/silqui-tex.com.ar\/wp-content\/uploads\/2023\/12\/F1F11006-1A32-48D3-983A-4F7512774E90.webp","width":1599,"height":1103,"caption":"Logo de la empresa"},{"@type":"BreadcrumbList","@id":"https:\/\/silqui-tex.com.ar\/producto\/silqui-tex-accesorios\/#breadcrumb","itemListElement":[{"@type":"ListItem","position":1,"name":"Portada","item":"https:\/\/silqui-tex.com.ar\/"},{"@type":"ListItem","position":2,"name":"Tienda","item":"https:\/\/silqui-tex.com.ar\/tienda\/"},{"@type":"ListItem","position":3,"name":"Silqui-Tex Banditas y casquillo."}]},{"@type":"WebSite","@id":"https:\/\/silqui-tex.com.ar\/#website","url":"https:\/\/silqui-tex.com.ar\/","name":"Silqui-Tex","description":"Silqui-Tex se especializa en la venta de maquinaria textil y soluciones innovadoras para la industria, con m\u00e1s de 40 a\u00f1os de experiencia en Am\u00e9rica Latina, ofreciendo tecnolog\u00eda de calidad, servicios personalizados y un enfoque en el desarrollo sostenible.","potentialAction":[{"@type":"SearchAction","target":{"@type":"EntryPoint","urlTemplate":"https:\/\/silqui-tex.com.ar\/?s={search_term_string}"},"query-input":{"@type":"PropertyValueSpecification","valueRequired":true,"valueName":"search_term_string"}}],"inLanguage":"en-US"}]}},"_links":{"self":[{"href":"https:\/\/silqui-tex.com.ar\/en\/wp-json\/wp\/v2\/product\/1526","targetHints":{"allow":["GET"]}}],"collection":[{"href":"https:\/\/silqui-tex.com.ar\/en\/wp-json\/wp\/v2\/product"}],"about":[{"href":"https:\/\/silqui-tex.com.ar\/en\/wp-json\/wp\/v2\/types\/product"}],"wp:featuredmedia":[{"embeddable":true,"href":"https:\/\/silqui-tex.com.ar\/en\/wp-json\/wp\/v2\/media\/1645"}],"wp:attachment":[{"href":"https:\/\/silqui-tex.com.ar\/en\/wp-json\/wp\/v2\/media?parent=1526"}],"wp:term":[{"taxonomy":"product_brand","embeddable":true,"href":"https:\/\/silqui-tex.com.ar\/en\/wp-json\/wp\/v2\/product_brand?post=1526"},{"taxonomy":"product_cat","embeddable":true,"href":"https:\/\/silqui-tex.com.ar\/en\/wp-json\/wp\/v2\/product_cat?post=1526"},{"taxonomy":"product_tag","embeddable":true,"href":"https:\/\/silqui-tex.com.ar\/en\/wp-json\/wp\/v2\/product_tag?post=1526"}],"curies":[{"name":"wp","href":"https:\/\/api.w.org\/{rel}","templated":true}]}}