{"id":1756,"date":"2023-12-16T03:48:42","date_gmt":"2023-12-16T03:48:42","guid":{"rendered":"https:\/\/silqui-tex.com.ar\/?post_type=product&#038;p=1756"},"modified":"2023-12-16T04:07:41","modified_gmt":"2023-12-16T04:07:41","slug":"fangao-manuares-alta-calidad","status":"publish","type":"product","link":"https:\/\/silqui-tex.com.ar\/en\/product\/fangao-manuares-alta-calidad\/","title":{"rendered":"Drawing frame (Excellent Quality)"},"content":{"rendered":"<p>Manufacturing of excellent quality Draw Frames. A high-tech company with more than 40 years of history in the manufacturing of textile equipment.<\/p>\n<p>The company's main product, the draw frame has completely independent intellectual property rights and many national patents. Current products mainly include 81S, 81L, 07, 11, 13, 15, 17, 19 and other models and specifications, leading the market trend, famous in China and abroad for its quality that competes on equal terms with European brands but at affordable prices and much shorter delivery times.<\/p>","protected":false},"excerpt":{"rendered":"<p>Manufacturing of excellent quality Draw Frames. A high-tech company with more than 40 years of history in the manufacturing of textile equipment.<\/p>\n<p>The company's main product, the draw frame has completely independent intellectual property rights and many national patents. Current products mainly include 81S, 81L, 07, 11, 13, 15, 17, 19 and other models and specifications, leading the market trend, famous in China and abroad for its quality that competes on equal terms with European brands but at affordable prices and much shorter delivery times.<\/p>","protected":false},"featured_media":1766,"template":"","meta":[],"product_brand":[],"product_cat":[53],"product_tag":[],"class_list":{"0":"post-1756","1":"product","2":"type-product","3":"status-publish","4":"has-post-thumbnail","6":"product_cat-representaciones","8":"first","9":"instock","10":"shipping-taxable","11":"product-type-simple"},"yoast_head":"<!-- This site is optimized with the Yoast SEO plugin v27.4 - https:\/\/yoast.com\/product\/yoast-seo-wordpress\/ -->\n<title>FANGAO Manuares alta calidad. - Silqui-Tex<\/title>\n<meta name=\"description\" content=\"Fabricaci\u00f3n \u00a0de Manuares de excelente calidad. Una empresa de alta tecnolog\u00eda con m\u00e1s de 40 a\u00f1os de historia en la fabricaci\u00f3n de equipos textiles.El principal producto de la empresa, el manuar.\" \/>\n<meta name=\"robots\" content=\"index, follow, max-snippet:-1, max-image-preview:large, max-video-preview:-1\" \/>\n<link rel=\"canonical\" href=\"https:\/\/silqui-tex.com.ar\/en\/product\/fangao-manuares-alta-calidad\/\" \/>\n<meta property=\"og:locale\" content=\"en_US\" \/>\n<meta property=\"og:type\" content=\"article\" \/>\n<meta property=\"og:title\" content=\"FANGAO Manuares alta calidad. - Silqui-Tex\" \/>\n<meta property=\"og:description\" content=\"Fabricaci\u00f3n \u00a0de Manuares de excelente calidad. Una empresa de alta tecnolog\u00eda con m\u00e1s de 40 a\u00f1os de historia en la fabricaci\u00f3n de equipos textiles.El principal producto de la empresa, el manuar.\" \/>\n<meta property=\"og:url\" content=\"https:\/\/silqui-tex.com.ar\/en\/product\/fangao-manuares-alta-calidad\/\" \/>\n<meta property=\"og:site_name\" content=\"Silqui-Tex\" \/>\n<meta property=\"article:modified_time\" content=\"2023-12-16T04:07:41+00:00\" \/>\n<meta property=\"og:image\" content=\"https:\/\/silqui-tex.com.ar\/wp-content\/uploads\/2023\/12\/3605EC43-68B1-42C0-864A-4AE8AAC9629B-scaled.jpeg\" \/>\n\t<meta property=\"og:image:width\" content=\"2560\" \/>\n\t<meta property=\"og:image:height\" content=\"2560\" \/>\n\t<meta property=\"og:image:type\" content=\"image\/jpeg\" \/>\n<meta name=\"twitter:card\" content=\"summary_large_image\" \/>\n<meta name=\"twitter:label1\" content=\"Est. reading time\" \/>\n\t<meta name=\"twitter:data1\" content=\"1 minute\" \/>\n<script type=\"application\/ld+json\" class=\"yoast-schema-graph\">{\"@context\":\"https:\\\/\\\/schema.org\",\"@graph\":[{\"@type\":\"WebPage\",\"@id\":\"https:\\\/\\\/silqui-tex.com.ar\\\/producto\\\/fangao-manuares-alta-calidad\\\/\",\"url\":\"https:\\\/\\\/silqui-tex.com.ar\\\/producto\\\/fangao-manuares-alta-calidad\\\/\",\"name\":\"FANGAO Manuares alta calidad. - Silqui-Tex\",\"isPartOf\":{\"@id\":\"https:\\\/\\\/silqui-tex.com.ar\\\/#website\"},\"primaryImageOfPage\":{\"@id\":\"https:\\\/\\\/silqui-tex.com.ar\\\/producto\\\/fangao-manuares-alta-calidad\\\/#primaryimage\"},\"image\":{\"@id\":\"https:\\\/\\\/silqui-tex.com.ar\\\/producto\\\/fangao-manuares-alta-calidad\\\/#primaryimage\"},\"thumbnailUrl\":\"https:\\\/\\\/silqui-tex.com.ar\\\/wp-content\\\/uploads\\\/2023\\\/12\\\/3605EC43-68B1-42C0-864A-4AE8AAC9629B-scaled.jpeg\",\"datePublished\":\"2023-12-16T03:48:42+00:00\",\"dateModified\":\"2023-12-16T04:07:41+00:00\",\"description\":\"Fabricaci\u00f3n \u00a0de Manuares de excelente calidad. Una empresa de alta tecnolog\u00eda con m\u00e1s de 40 a\u00f1os de historia en la fabricaci\u00f3n de equipos textiles.El principal producto de la empresa, el manuar.\",\"breadcrumb\":{\"@id\":\"https:\\\/\\\/silqui-tex.com.ar\\\/producto\\\/fangao-manuares-alta-calidad\\\/#breadcrumb\"},\"inLanguage\":\"en-US\",\"potentialAction\":[{\"@type\":\"ReadAction\",\"target\":[\"https:\\\/\\\/silqui-tex.com.ar\\\/producto\\\/fangao-manuares-alta-calidad\\\/\"]}]},{\"@type\":\"ImageObject\",\"inLanguage\":\"en-US\",\"@id\":\"https:\\\/\\\/silqui-tex.com.ar\\\/producto\\\/fangao-manuares-alta-calidad\\\/#primaryimage\",\"url\":\"https:\\\/\\\/silqui-tex.com.ar\\\/wp-content\\\/uploads\\\/2023\\\/12\\\/3605EC43-68B1-42C0-864A-4AE8AAC9629B-scaled.jpeg\",\"contentUrl\":\"https:\\\/\\\/silqui-tex.com.ar\\\/wp-content\\\/uploads\\\/2023\\\/12\\\/3605EC43-68B1-42C0-864A-4AE8AAC9629B-scaled.jpeg\",\"width\":2560,\"height\":2560},{\"@type\":\"BreadcrumbList\",\"@id\":\"https:\\\/\\\/silqui-tex.com.ar\\\/producto\\\/fangao-manuares-alta-calidad\\\/#breadcrumb\",\"itemListElement\":[{\"@type\":\"ListItem\",\"position\":1,\"name\":\"Portada\",\"item\":\"https:\\\/\\\/silqui-tex.com.ar\\\/\"},{\"@type\":\"ListItem\",\"position\":2,\"name\":\"Tienda\",\"item\":\"https:\\\/\\\/silqui-tex.com.ar\\\/tienda\\\/\"},{\"@type\":\"ListItem\",\"position\":3,\"name\":\"FANGAO Manuares alta calidad.\"}]},{\"@type\":\"WebSite\",\"@id\":\"https:\\\/\\\/silqui-tex.com.ar\\\/#website\",\"url\":\"https:\\\/\\\/silqui-tex.com.ar\\\/\",\"name\":\"Silqui-Tex\",\"description\":\"Silqui-Tex se especializa en la venta de maquinaria textil y soluciones innovadoras para la industria, con m\u00e1s de 40 a\u00f1os de experiencia en Am\u00e9rica Latina, ofreciendo tecnolog\u00eda de calidad, servicios personalizados y un enfoque en el desarrollo sostenible.\",\"potentialAction\":[{\"@type\":\"SearchAction\",\"target\":{\"@type\":\"EntryPoint\",\"urlTemplate\":\"https:\\\/\\\/silqui-tex.com.ar\\\/?s={search_term_string}\"},\"query-input\":{\"@type\":\"PropertyValueSpecification\",\"valueRequired\":true,\"valueName\":\"search_term_string\"}}],\"inLanguage\":\"en-US\"}]}<\/script>\n<!-- \/ Yoast SEO plugin. -->","yoast_head_json":{"title":"FANGAO Manuares alta calidad. - Silqui-Tex","description":"Fabricaci\u00f3n \u00a0de Manuares de excelente calidad. Una empresa de alta tecnolog\u00eda con m\u00e1s de 40 a\u00f1os de historia en la fabricaci\u00f3n de equipos textiles.El principal producto de la empresa, el manuar.","robots":{"index":"index","follow":"follow","max-snippet":"max-snippet:-1","max-image-preview":"max-image-preview:large","max-video-preview":"max-video-preview:-1"},"canonical":"https:\/\/silqui-tex.com.ar\/en\/product\/fangao-manuares-alta-calidad\/","og_locale":"en_US","og_type":"article","og_title":"FANGAO Manuares alta calidad. - Silqui-Tex","og_description":"Fabricaci\u00f3n \u00a0de Manuares de excelente calidad. Una empresa de alta tecnolog\u00eda con m\u00e1s de 40 a\u00f1os de historia en la fabricaci\u00f3n de equipos textiles.El principal producto de la empresa, el manuar.","og_url":"https:\/\/silqui-tex.com.ar\/en\/product\/fangao-manuares-alta-calidad\/","og_site_name":"Silqui-Tex","article_modified_time":"2023-12-16T04:07:41+00:00","og_image":[{"width":2560,"height":2560,"url":"https:\/\/silqui-tex.com.ar\/wp-content\/uploads\/2023\/12\/3605EC43-68B1-42C0-864A-4AE8AAC9629B-scaled.jpeg","type":"image\/jpeg"}],"twitter_card":"summary_large_image","twitter_misc":{"Est. reading time":"1 minute"},"schema":{"@context":"https:\/\/schema.org","@graph":[{"@type":"WebPage","@id":"https:\/\/silqui-tex.com.ar\/producto\/fangao-manuares-alta-calidad\/","url":"https:\/\/silqui-tex.com.ar\/producto\/fangao-manuares-alta-calidad\/","name":"FANGAO Manuares alta calidad. - Silqui-Tex","isPartOf":{"@id":"https:\/\/silqui-tex.com.ar\/#website"},"primaryImageOfPage":{"@id":"https:\/\/silqui-tex.com.ar\/producto\/fangao-manuares-alta-calidad\/#primaryimage"},"image":{"@id":"https:\/\/silqui-tex.com.ar\/producto\/fangao-manuares-alta-calidad\/#primaryimage"},"thumbnailUrl":"https:\/\/silqui-tex.com.ar\/wp-content\/uploads\/2023\/12\/3605EC43-68B1-42C0-864A-4AE8AAC9629B-scaled.jpeg","datePublished":"2023-12-16T03:48:42+00:00","dateModified":"2023-12-16T04:07:41+00:00","description":"Fabricaci\u00f3n \u00a0de Manuares de excelente calidad. Una empresa de alta tecnolog\u00eda con m\u00e1s de 40 a\u00f1os de historia en la fabricaci\u00f3n de equipos textiles.El principal producto de la empresa, el manuar.","breadcrumb":{"@id":"https:\/\/silqui-tex.com.ar\/producto\/fangao-manuares-alta-calidad\/#breadcrumb"},"inLanguage":"en-US","potentialAction":[{"@type":"ReadAction","target":["https:\/\/silqui-tex.com.ar\/producto\/fangao-manuares-alta-calidad\/"]}]},{"@type":"ImageObject","inLanguage":"en-US","@id":"https:\/\/silqui-tex.com.ar\/producto\/fangao-manuares-alta-calidad\/#primaryimage","url":"https:\/\/silqui-tex.com.ar\/wp-content\/uploads\/2023\/12\/3605EC43-68B1-42C0-864A-4AE8AAC9629B-scaled.jpeg","contentUrl":"https:\/\/silqui-tex.com.ar\/wp-content\/uploads\/2023\/12\/3605EC43-68B1-42C0-864A-4AE8AAC9629B-scaled.jpeg","width":2560,"height":2560},{"@type":"BreadcrumbList","@id":"https:\/\/silqui-tex.com.ar\/producto\/fangao-manuares-alta-calidad\/#breadcrumb","itemListElement":[{"@type":"ListItem","position":1,"name":"Portada","item":"https:\/\/silqui-tex.com.ar\/"},{"@type":"ListItem","position":2,"name":"Tienda","item":"https:\/\/silqui-tex.com.ar\/tienda\/"},{"@type":"ListItem","position":3,"name":"FANGAO Manuares alta calidad."}]},{"@type":"WebSite","@id":"https:\/\/silqui-tex.com.ar\/#website","url":"https:\/\/silqui-tex.com.ar\/","name":"Silqui-Tex","description":"Silqui-Tex se especializa en la venta de maquinaria textil y soluciones innovadoras para la industria, con m\u00e1s de 40 a\u00f1os de experiencia en Am\u00e9rica Latina, ofreciendo tecnolog\u00eda de calidad, servicios personalizados y un enfoque en el desarrollo sostenible.","potentialAction":[{"@type":"SearchAction","target":{"@type":"EntryPoint","urlTemplate":"https:\/\/silqui-tex.com.ar\/?s={search_term_string}"},"query-input":{"@type":"PropertyValueSpecification","valueRequired":true,"valueName":"search_term_string"}}],"inLanguage":"en-US"}]}},"_links":{"self":[{"href":"https:\/\/silqui-tex.com.ar\/en\/wp-json\/wp\/v2\/product\/1756","targetHints":{"allow":["GET"]}}],"collection":[{"href":"https:\/\/silqui-tex.com.ar\/en\/wp-json\/wp\/v2\/product"}],"about":[{"href":"https:\/\/silqui-tex.com.ar\/en\/wp-json\/wp\/v2\/types\/product"}],"wp:featuredmedia":[{"embeddable":true,"href":"https:\/\/silqui-tex.com.ar\/en\/wp-json\/wp\/v2\/media\/1766"}],"wp:attachment":[{"href":"https:\/\/silqui-tex.com.ar\/en\/wp-json\/wp\/v2\/media?parent=1756"}],"wp:term":[{"taxonomy":"product_brand","embeddable":true,"href":"https:\/\/silqui-tex.com.ar\/en\/wp-json\/wp\/v2\/product_brand?post=1756"},{"taxonomy":"product_cat","embeddable":true,"href":"https:\/\/silqui-tex.com.ar\/en\/wp-json\/wp\/v2\/product_cat?post=1756"},{"taxonomy":"product_tag","embeddable":true,"href":"https:\/\/silqui-tex.com.ar\/en\/wp-json\/wp\/v2\/product_tag?post=1756"}],"curies":[{"name":"wp","href":"https:\/\/api.w.org\/{rel}","templated":true}]}}