{"id":1768,"date":"2023-12-17T23:24:41","date_gmt":"2023-12-17T23:24:41","guid":{"rendered":"https:\/\/silqui-tex.com.ar\/?post_type=product&#038;p=1768"},"modified":"2024-01-03T02:57:28","modified_gmt":"2024-01-03T02:57:28","slug":"retorcedora-aro-grande-tipo-galan","status":"publish","type":"product","link":"https:\/\/silqui-tex.com.ar\/en\/product\/retorcedora-aro-grande-tipo-galan\/","title":{"rendered":"TFO (Like GALAN)"},"content":{"rendered":"<p>Retorcedora<\/p>\n<p>*Modelo: 598<\/p>\n<p>* Husos por M\/C: 24 husos (Doble lado)<\/p>\n<p>* Calibre del huso: 340 mm<\/p>\n<p>*Secciones por M\u00e1quina: 6*(8Husillo\/Secci\u00f3n)<\/p>\n<p>*Rango de torsi\u00f3n: 20-50t\/m<\/p>\n<p>*Direcci\u00f3n de giro: S o Z<\/p>\n<p>*Recoge la bobina: \u03c690*500mm<\/p>\n<p>* Velocidad del husillo: 3500 rpm m\u00e1x.<\/p>\n<p>* Velocidad de recogida: 10-60 m\/mini<\/p>\n<p>* Paquete de recogida: \u2264 10 kg<\/p>\n<p>* Longitud de la m\u00e1quina: 6200 mm<\/p>\n<p>* Ancho de la m\u00e1quina: 1630 mm<\/p>\n<p>* Altura de la m\u00e1quina: 2180 mm<\/p>\n<p><strong>Mira el video de esta maquina en Youtube cliqueando<span style=\"color: #ff0000;\"> <a style=\"color: #ff0000;\" href=\"https:\/\/www.youtube.com\/shorts\/A0lfyAsNpi0\" target=\"_blank\" rel=\"noopener\">Here<\/a><\/span><\/strong><\/p>","protected":false},"excerpt":{"rendered":"<p>TFO big Ring (GALAN Type)<\/p>","protected":false},"featured_media":1769,"template":"","meta":[],"product_brand":[],"product_cat":[53],"product_tag":[],"class_list":{"0":"post-1768","1":"product","2":"type-product","3":"status-publish","4":"has-post-thumbnail","6":"product_cat-representaciones","8":"first","9":"instock","10":"shipping-taxable","11":"product-type-simple"},"yoast_head":"<!-- This site is optimized with the Yoast SEO plugin v27.4 - https:\/\/yoast.com\/product\/yoast-seo-wordpress\/ -->\n<title>Retorcedora Aro grande (Tipo GALAN) - Silqui-Tex<\/title>\n<meta name=\"description\" content=\"Retorcedora*Modelo: 598* Husos por M\/C: 24 husos (Doble lado)* Calibre del huso: 340 mm*Secciones por M\u00e1quina: 6*(8Husillo\/Secci\u00f3n)*Rango de torsi\u00f3n: 20-50t\/m*Direcci\u00f3n de giro: S o Z*Recoge la bobina: \u03c690*500mm* Velocidad del husillo: 3500 rpm m\u00e1x.* Velocidad de recogida: 10-60 m\/mini* Paquete de recogida: \u2264 10 kg* Longitud de la m\u00e1quina: 6200 mm* Ancho de la m\u00e1quina: 1630 mm* Altura de la m\u00e1quina: 2180 mm\" \/>\n<meta name=\"robots\" content=\"index, follow, max-snippet:-1, max-image-preview:large, max-video-preview:-1\" \/>\n<link rel=\"canonical\" href=\"https:\/\/silqui-tex.com.ar\/en\/product\/retorcedora-aro-grande-tipo-galan\/\" \/>\n<meta property=\"og:locale\" content=\"en_US\" \/>\n<meta property=\"og:type\" content=\"article\" \/>\n<meta property=\"og:title\" content=\"Retorcedora Aro grande (Tipo GALAN) - Silqui-Tex\" \/>\n<meta property=\"og:description\" content=\"Retorcedora*Modelo: 598* Husos por M\/C: 24 husos (Doble lado)* Calibre del huso: 340 mm*Secciones por M\u00e1quina: 6*(8Husillo\/Secci\u00f3n)*Rango de torsi\u00f3n: 20-50t\/m*Direcci\u00f3n de giro: S o Z*Recoge la bobina: \u03c690*500mm* Velocidad del husillo: 3500 rpm m\u00e1x.* Velocidad de recogida: 10-60 m\/mini* Paquete de recogida: \u2264 10 kg* Longitud de la m\u00e1quina: 6200 mm* Ancho de la m\u00e1quina: 1630 mm* Altura de la m\u00e1quina: 2180 mm\" \/>\n<meta property=\"og:url\" content=\"https:\/\/silqui-tex.com.ar\/en\/product\/retorcedora-aro-grande-tipo-galan\/\" \/>\n<meta property=\"og:site_name\" content=\"Silqui-Tex\" \/>\n<meta property=\"article:modified_time\" content=\"2024-01-03T02:57:28+00:00\" \/>\n<meta property=\"og:image\" content=\"https:\/\/silqui-tex.com.ar\/wp-content\/uploads\/2023\/12\/5C412576-B1BA-4FFD-9EEA-BD79E1E3C50B-scaled.jpeg\" \/>\n\t<meta property=\"og:image:width\" content=\"2560\" \/>\n\t<meta property=\"og:image:height\" content=\"2560\" \/>\n\t<meta property=\"og:image:type\" content=\"image\/jpeg\" \/>\n<meta name=\"twitter:card\" content=\"summary_large_image\" \/>\n<meta name=\"twitter:label1\" content=\"Est. reading time\" \/>\n\t<meta name=\"twitter:data1\" content=\"1 minute\" \/>\n<script type=\"application\/ld+json\" class=\"yoast-schema-graph\">{\"@context\":\"https:\\\/\\\/schema.org\",\"@graph\":[{\"@type\":\"WebPage\",\"@id\":\"https:\\\/\\\/silqui-tex.com.ar\\\/producto\\\/retorcedora-aro-grande-tipo-galan\\\/\",\"url\":\"https:\\\/\\\/silqui-tex.com.ar\\\/producto\\\/retorcedora-aro-grande-tipo-galan\\\/\",\"name\":\"Retorcedora Aro grande (Tipo GALAN) - Silqui-Tex\",\"isPartOf\":{\"@id\":\"https:\\\/\\\/silqui-tex.com.ar\\\/#website\"},\"primaryImageOfPage\":{\"@id\":\"https:\\\/\\\/silqui-tex.com.ar\\\/producto\\\/retorcedora-aro-grande-tipo-galan\\\/#primaryimage\"},\"image\":{\"@id\":\"https:\\\/\\\/silqui-tex.com.ar\\\/producto\\\/retorcedora-aro-grande-tipo-galan\\\/#primaryimage\"},\"thumbnailUrl\":\"https:\\\/\\\/silqui-tex.com.ar\\\/wp-content\\\/uploads\\\/2023\\\/12\\\/5C412576-B1BA-4FFD-9EEA-BD79E1E3C50B-scaled.jpeg\",\"datePublished\":\"2023-12-17T23:24:41+00:00\",\"dateModified\":\"2024-01-03T02:57:28+00:00\",\"description\":\"Retorcedora*Modelo: 598* Husos por M\\\/C: 24 husos (Doble lado)* Calibre del huso: 340 mm*Secciones por M\u00e1quina: 6*(8Husillo\\\/Secci\u00f3n)*Rango de torsi\u00f3n: 20-50t\\\/m*Direcci\u00f3n de giro: S o Z*Recoge la bobina: \u03c690*500mm* Velocidad del husillo: 3500 rpm m\u00e1x.* Velocidad de recogida: 10-60 m\\\/mini* Paquete de recogida: \u2264 10 kg* Longitud de la m\u00e1quina: 6200 mm* Ancho de la m\u00e1quina: 1630 mm* Altura de la m\u00e1quina: 2180 mm\",\"breadcrumb\":{\"@id\":\"https:\\\/\\\/silqui-tex.com.ar\\\/producto\\\/retorcedora-aro-grande-tipo-galan\\\/#breadcrumb\"},\"inLanguage\":\"en-US\",\"potentialAction\":[{\"@type\":\"ReadAction\",\"target\":[\"https:\\\/\\\/silqui-tex.com.ar\\\/producto\\\/retorcedora-aro-grande-tipo-galan\\\/\"]}]},{\"@type\":\"ImageObject\",\"inLanguage\":\"en-US\",\"@id\":\"https:\\\/\\\/silqui-tex.com.ar\\\/producto\\\/retorcedora-aro-grande-tipo-galan\\\/#primaryimage\",\"url\":\"https:\\\/\\\/silqui-tex.com.ar\\\/wp-content\\\/uploads\\\/2023\\\/12\\\/5C412576-B1BA-4FFD-9EEA-BD79E1E3C50B-scaled.jpeg\",\"contentUrl\":\"https:\\\/\\\/silqui-tex.com.ar\\\/wp-content\\\/uploads\\\/2023\\\/12\\\/5C412576-B1BA-4FFD-9EEA-BD79E1E3C50B-scaled.jpeg\",\"width\":2560,\"height\":2560},{\"@type\":\"BreadcrumbList\",\"@id\":\"https:\\\/\\\/silqui-tex.com.ar\\\/producto\\\/retorcedora-aro-grande-tipo-galan\\\/#breadcrumb\",\"itemListElement\":[{\"@type\":\"ListItem\",\"position\":1,\"name\":\"Portada\",\"item\":\"https:\\\/\\\/silqui-tex.com.ar\\\/\"},{\"@type\":\"ListItem\",\"position\":2,\"name\":\"Tienda\",\"item\":\"https:\\\/\\\/silqui-tex.com.ar\\\/tienda\\\/\"},{\"@type\":\"ListItem\",\"position\":3,\"name\":\"Retorcedora Aro grande (Tipo GALAN)\"}]},{\"@type\":\"WebSite\",\"@id\":\"https:\\\/\\\/silqui-tex.com.ar\\\/#website\",\"url\":\"https:\\\/\\\/silqui-tex.com.ar\\\/\",\"name\":\"Silqui-Tex\",\"description\":\"Silqui-Tex se especializa en la venta de maquinaria textil y soluciones innovadoras para la industria, con m\u00e1s de 40 a\u00f1os de experiencia en Am\u00e9rica Latina, ofreciendo tecnolog\u00eda de calidad, servicios personalizados y un enfoque en el desarrollo sostenible.\",\"potentialAction\":[{\"@type\":\"SearchAction\",\"target\":{\"@type\":\"EntryPoint\",\"urlTemplate\":\"https:\\\/\\\/silqui-tex.com.ar\\\/?s={search_term_string}\"},\"query-input\":{\"@type\":\"PropertyValueSpecification\",\"valueRequired\":true,\"valueName\":\"search_term_string\"}}],\"inLanguage\":\"en-US\"}]}<\/script>\n<!-- \/ Yoast SEO plugin. -->","yoast_head_json":{"title":"Retorcedora Aro grande (Tipo GALAN) - Silqui-Tex","description":"Retorcedora*Modelo: 598* Husos por M\/C: 24 husos (Doble lado)* Calibre del huso: 340 mm*Secciones por M\u00e1quina: 6*(8Husillo\/Secci\u00f3n)*Rango de torsi\u00f3n: 20-50t\/m*Direcci\u00f3n de giro: S o Z*Recoge la bobina: \u03c690*500mm* Velocidad del husillo: 3500 rpm m\u00e1x.* Velocidad de recogida: 10-60 m\/mini* Paquete de recogida: \u2264 10 kg* Longitud de la m\u00e1quina: 6200 mm* Ancho de la m\u00e1quina: 1630 mm* Altura de la m\u00e1quina: 2180 mm","robots":{"index":"index","follow":"follow","max-snippet":"max-snippet:-1","max-image-preview":"max-image-preview:large","max-video-preview":"max-video-preview:-1"},"canonical":"https:\/\/silqui-tex.com.ar\/en\/product\/retorcedora-aro-grande-tipo-galan\/","og_locale":"en_US","og_type":"article","og_title":"Retorcedora Aro grande (Tipo GALAN) - Silqui-Tex","og_description":"Retorcedora*Modelo: 598* Husos por M\/C: 24 husos (Doble lado)* Calibre del huso: 340 mm*Secciones por M\u00e1quina: 6*(8Husillo\/Secci\u00f3n)*Rango de torsi\u00f3n: 20-50t\/m*Direcci\u00f3n de giro: S o Z*Recoge la bobina: \u03c690*500mm* Velocidad del husillo: 3500 rpm m\u00e1x.* Velocidad de recogida: 10-60 m\/mini* Paquete de recogida: \u2264 10 kg* Longitud de la m\u00e1quina: 6200 mm* Ancho de la m\u00e1quina: 1630 mm* Altura de la m\u00e1quina: 2180 mm","og_url":"https:\/\/silqui-tex.com.ar\/en\/product\/retorcedora-aro-grande-tipo-galan\/","og_site_name":"Silqui-Tex","article_modified_time":"2024-01-03T02:57:28+00:00","og_image":[{"width":2560,"height":2560,"url":"https:\/\/silqui-tex.com.ar\/wp-content\/uploads\/2023\/12\/5C412576-B1BA-4FFD-9EEA-BD79E1E3C50B-scaled.jpeg","type":"image\/jpeg"}],"twitter_card":"summary_large_image","twitter_misc":{"Est. reading time":"1 minute"},"schema":{"@context":"https:\/\/schema.org","@graph":[{"@type":"WebPage","@id":"https:\/\/silqui-tex.com.ar\/producto\/retorcedora-aro-grande-tipo-galan\/","url":"https:\/\/silqui-tex.com.ar\/producto\/retorcedora-aro-grande-tipo-galan\/","name":"Retorcedora Aro grande (Tipo GALAN) - Silqui-Tex","isPartOf":{"@id":"https:\/\/silqui-tex.com.ar\/#website"},"primaryImageOfPage":{"@id":"https:\/\/silqui-tex.com.ar\/producto\/retorcedora-aro-grande-tipo-galan\/#primaryimage"},"image":{"@id":"https:\/\/silqui-tex.com.ar\/producto\/retorcedora-aro-grande-tipo-galan\/#primaryimage"},"thumbnailUrl":"https:\/\/silqui-tex.com.ar\/wp-content\/uploads\/2023\/12\/5C412576-B1BA-4FFD-9EEA-BD79E1E3C50B-scaled.jpeg","datePublished":"2023-12-17T23:24:41+00:00","dateModified":"2024-01-03T02:57:28+00:00","description":"Retorcedora*Modelo: 598* Husos por M\/C: 24 husos (Doble lado)* Calibre del huso: 340 mm*Secciones por M\u00e1quina: 6*(8Husillo\/Secci\u00f3n)*Rango de torsi\u00f3n: 20-50t\/m*Direcci\u00f3n de giro: S o Z*Recoge la bobina: \u03c690*500mm* Velocidad del husillo: 3500 rpm m\u00e1x.* Velocidad de recogida: 10-60 m\/mini* Paquete de recogida: \u2264 10 kg* Longitud de la m\u00e1quina: 6200 mm* Ancho de la m\u00e1quina: 1630 mm* Altura de la m\u00e1quina: 2180 mm","breadcrumb":{"@id":"https:\/\/silqui-tex.com.ar\/producto\/retorcedora-aro-grande-tipo-galan\/#breadcrumb"},"inLanguage":"en-US","potentialAction":[{"@type":"ReadAction","target":["https:\/\/silqui-tex.com.ar\/producto\/retorcedora-aro-grande-tipo-galan\/"]}]},{"@type":"ImageObject","inLanguage":"en-US","@id":"https:\/\/silqui-tex.com.ar\/producto\/retorcedora-aro-grande-tipo-galan\/#primaryimage","url":"https:\/\/silqui-tex.com.ar\/wp-content\/uploads\/2023\/12\/5C412576-B1BA-4FFD-9EEA-BD79E1E3C50B-scaled.jpeg","contentUrl":"https:\/\/silqui-tex.com.ar\/wp-content\/uploads\/2023\/12\/5C412576-B1BA-4FFD-9EEA-BD79E1E3C50B-scaled.jpeg","width":2560,"height":2560},{"@type":"BreadcrumbList","@id":"https:\/\/silqui-tex.com.ar\/producto\/retorcedora-aro-grande-tipo-galan\/#breadcrumb","itemListElement":[{"@type":"ListItem","position":1,"name":"Portada","item":"https:\/\/silqui-tex.com.ar\/"},{"@type":"ListItem","position":2,"name":"Tienda","item":"https:\/\/silqui-tex.com.ar\/tienda\/"},{"@type":"ListItem","position":3,"name":"Retorcedora Aro grande (Tipo GALAN)"}]},{"@type":"WebSite","@id":"https:\/\/silqui-tex.com.ar\/#website","url":"https:\/\/silqui-tex.com.ar\/","name":"Silqui-Tex","description":"Silqui-Tex se especializa en la venta de maquinaria textil y soluciones innovadoras para la industria, con m\u00e1s de 40 a\u00f1os de experiencia en Am\u00e9rica Latina, ofreciendo tecnolog\u00eda de calidad, servicios personalizados y un enfoque en el desarrollo sostenible.","potentialAction":[{"@type":"SearchAction","target":{"@type":"EntryPoint","urlTemplate":"https:\/\/silqui-tex.com.ar\/?s={search_term_string}"},"query-input":{"@type":"PropertyValueSpecification","valueRequired":true,"valueName":"search_term_string"}}],"inLanguage":"en-US"}]}},"_links":{"self":[{"href":"https:\/\/silqui-tex.com.ar\/en\/wp-json\/wp\/v2\/product\/1768","targetHints":{"allow":["GET"]}}],"collection":[{"href":"https:\/\/silqui-tex.com.ar\/en\/wp-json\/wp\/v2\/product"}],"about":[{"href":"https:\/\/silqui-tex.com.ar\/en\/wp-json\/wp\/v2\/types\/product"}],"wp:featuredmedia":[{"embeddable":true,"href":"https:\/\/silqui-tex.com.ar\/en\/wp-json\/wp\/v2\/media\/1769"}],"wp:attachment":[{"href":"https:\/\/silqui-tex.com.ar\/en\/wp-json\/wp\/v2\/media?parent=1768"}],"wp:term":[{"taxonomy":"product_brand","embeddable":true,"href":"https:\/\/silqui-tex.com.ar\/en\/wp-json\/wp\/v2\/product_brand?post=1768"},{"taxonomy":"product_cat","embeddable":true,"href":"https:\/\/silqui-tex.com.ar\/en\/wp-json\/wp\/v2\/product_cat?post=1768"},{"taxonomy":"product_tag","embeddable":true,"href":"https:\/\/silqui-tex.com.ar\/en\/wp-json\/wp\/v2\/product_tag?post=1768"}],"curies":[{"name":"wp","href":"https:\/\/api.w.org\/{rel}","templated":true}]}}