{"id":2159,"date":"2024-04-24T10:43:30","date_gmt":"2024-04-24T10:43:30","guid":{"rendered":"https:\/\/silqui-tex.com.ar\/?post_type=product&#038;p=2159"},"modified":"2024-04-24T10:43:30","modified_gmt":"2024-04-24T10:43:30","slug":"11-telares-nuovo-pignone-tp500","status":"publish","type":"product","link":"https:\/\/silqui-tex.com.ar\/en\/product\/11-telares-nuovo-pignone-tp500\/","title":{"rendered":"11 Telares Nuovo Pignone TP500"},"content":{"rendered":"<p>Marca Nouvo Pignone<br \/>\nAncho 200cm<br \/>\n10 cuadros<br \/>\nRatier Staubli TYP300<br \/>\n4 prealimentadores cada uno<br \/>\n2 plegadores<br \/>\n2 palos de tela<\/p>","protected":false},"excerpt":{"rendered":"<p>Marca Nouvo Pignone<br \/>\nAncho 200cm<br \/>\n10 cuadros<br \/>\nRatier Staubli TYP300<br \/>\n4 prealimentadores cada uno<br \/>\n2 plegadores<br \/>\n2 palos de tela<\/p>","protected":false},"featured_media":2160,"template":"","meta":[],"product_brand":[],"product_cat":[26],"product_tag":[50,51],"class_list":{"0":"post-2159","1":"product","2":"type-product","3":"status-publish","4":"has-post-thumbnail","6":"product_cat-maquinaria-de-tejeduria","7":"product_tag-dornier","8":"product_tag-jacquard","10":"first","11":"instock","12":"shipping-taxable","13":"product-type-simple"},"yoast_head":"<!-- This site is optimized with the Yoast SEO plugin v27.3 - https:\/\/yoast.com\/product\/yoast-seo-wordpress\/ -->\n<title>11 Telares Nuovo Pignone TP500 - Silqui-Tex<\/title>\n<meta name=\"description\" content=\"11 Telares Marca Nouvo PignoneAncho 200cm10 cuadrosRatier Staubli TYP3004 prealimentadores cada uno2 plegadores2 palos de tela\" \/>\n<meta name=\"robots\" content=\"index, follow, max-snippet:-1, max-image-preview:large, max-video-preview:-1\" \/>\n<link rel=\"canonical\" href=\"https:\/\/silqui-tex.com.ar\/en\/product\/11-telares-nuovo-pignone-tp500\/\" \/>\n<meta property=\"og:locale\" content=\"en_US\" \/>\n<meta property=\"og:type\" content=\"article\" \/>\n<meta property=\"og:title\" content=\"11 Telares Nuovo Pignone TP500 - Silqui-Tex\" \/>\n<meta property=\"og:description\" content=\"11 Telares Marca Nouvo PignoneAncho 200cm10 cuadrosRatier Staubli TYP3004 prealimentadores cada uno2 plegadores2 palos de tela\" \/>\n<meta property=\"og:url\" content=\"https:\/\/silqui-tex.com.ar\/en\/product\/11-telares-nuovo-pignone-tp500\/\" \/>\n<meta property=\"og:site_name\" content=\"Silqui-Tex\" \/>\n<meta name=\"twitter:card\" content=\"summary_large_image\" \/>\n<meta name=\"twitter:label1\" content=\"Est. reading time\" \/>\n\t<meta name=\"twitter:data1\" content=\"1 minute\" \/>\n<script type=\"application\/ld+json\" class=\"yoast-schema-graph\">{\"@context\":\"https:\\\/\\\/schema.org\",\"@graph\":[{\"@type\":\"WebPage\",\"@id\":\"https:\\\/\\\/silqui-tex.com.ar\\\/producto\\\/11-telares-nuovo-pignone-tp500\\\/\",\"url\":\"https:\\\/\\\/silqui-tex.com.ar\\\/producto\\\/11-telares-nuovo-pignone-tp500\\\/\",\"name\":\"11 Telares Nuovo Pignone TP500 - Silqui-Tex\",\"isPartOf\":{\"@id\":\"https:\\\/\\\/silqui-tex.com.ar\\\/#website\"},\"primaryImageOfPage\":{\"@id\":\"https:\\\/\\\/silqui-tex.com.ar\\\/producto\\\/11-telares-nuovo-pignone-tp500\\\/#primaryimage\"},\"image\":{\"@id\":\"https:\\\/\\\/silqui-tex.com.ar\\\/producto\\\/11-telares-nuovo-pignone-tp500\\\/#primaryimage\"},\"thumbnailUrl\":\"https:\\\/\\\/silqui-tex.com.ar\\\/wp-content\\\/uploads\\\/2024\\\/04\\\/IMG_5500.heic\",\"datePublished\":\"2024-04-24T10:43:30+00:00\",\"description\":\"11 Telares Marca Nouvo PignoneAncho 200cm10 cuadrosRatier Staubli TYP3004 prealimentadores cada uno2 plegadores2 palos de tela\",\"breadcrumb\":{\"@id\":\"https:\\\/\\\/silqui-tex.com.ar\\\/producto\\\/11-telares-nuovo-pignone-tp500\\\/#breadcrumb\"},\"inLanguage\":\"en-US\",\"potentialAction\":[{\"@type\":\"ReadAction\",\"target\":[\"https:\\\/\\\/silqui-tex.com.ar\\\/producto\\\/11-telares-nuovo-pignone-tp500\\\/\"]}]},{\"@type\":\"ImageObject\",\"inLanguage\":\"en-US\",\"@id\":\"https:\\\/\\\/silqui-tex.com.ar\\\/producto\\\/11-telares-nuovo-pignone-tp500\\\/#primaryimage\",\"url\":\"https:\\\/\\\/silqui-tex.com.ar\\\/wp-content\\\/uploads\\\/2024\\\/04\\\/IMG_5500.heic\",\"contentUrl\":\"https:\\\/\\\/silqui-tex.com.ar\\\/wp-content\\\/uploads\\\/2024\\\/04\\\/IMG_5500.heic\"},{\"@type\":\"BreadcrumbList\",\"@id\":\"https:\\\/\\\/silqui-tex.com.ar\\\/producto\\\/11-telares-nuovo-pignone-tp500\\\/#breadcrumb\",\"itemListElement\":[{\"@type\":\"ListItem\",\"position\":1,\"name\":\"Portada\",\"item\":\"https:\\\/\\\/silqui-tex.com.ar\\\/\"},{\"@type\":\"ListItem\",\"position\":2,\"name\":\"Tienda\",\"item\":\"https:\\\/\\\/silqui-tex.com.ar\\\/tienda\\\/\"},{\"@type\":\"ListItem\",\"position\":3,\"name\":\"11 Telares Nuovo Pignone TP500\"}]},{\"@type\":\"WebSite\",\"@id\":\"https:\\\/\\\/silqui-tex.com.ar\\\/#website\",\"url\":\"https:\\\/\\\/silqui-tex.com.ar\\\/\",\"name\":\"Silqui-Tex\",\"description\":\"Silqui-Tex se especializa en la venta de maquinaria textil y soluciones innovadoras para la industria, con m\u00e1s de 40 a\u00f1os de experiencia en Am\u00e9rica Latina, ofreciendo tecnolog\u00eda de calidad, servicios personalizados y un enfoque en el desarrollo sostenible.\",\"potentialAction\":[{\"@type\":\"SearchAction\",\"target\":{\"@type\":\"EntryPoint\",\"urlTemplate\":\"https:\\\/\\\/silqui-tex.com.ar\\\/?s={search_term_string}\"},\"query-input\":{\"@type\":\"PropertyValueSpecification\",\"valueRequired\":true,\"valueName\":\"search_term_string\"}}],\"inLanguage\":\"en-US\"}]}<\/script>\n<!-- \/ Yoast SEO plugin. -->","yoast_head_json":{"title":"11 Telares Nuovo Pignone TP500 - Silqui-Tex","description":"11 Telares Marca Nouvo PignoneAncho 200cm10 cuadrosRatier Staubli TYP3004 prealimentadores cada uno2 plegadores2 palos de tela","robots":{"index":"index","follow":"follow","max-snippet":"max-snippet:-1","max-image-preview":"max-image-preview:large","max-video-preview":"max-video-preview:-1"},"canonical":"https:\/\/silqui-tex.com.ar\/en\/product\/11-telares-nuovo-pignone-tp500\/","og_locale":"en_US","og_type":"article","og_title":"11 Telares Nuovo Pignone TP500 - Silqui-Tex","og_description":"11 Telares Marca Nouvo PignoneAncho 200cm10 cuadrosRatier Staubli TYP3004 prealimentadores cada uno2 plegadores2 palos de tela","og_url":"https:\/\/silqui-tex.com.ar\/en\/product\/11-telares-nuovo-pignone-tp500\/","og_site_name":"Silqui-Tex","twitter_card":"summary_large_image","twitter_misc":{"Est. reading time":"1 minute"},"schema":{"@context":"https:\/\/schema.org","@graph":[{"@type":"WebPage","@id":"https:\/\/silqui-tex.com.ar\/producto\/11-telares-nuovo-pignone-tp500\/","url":"https:\/\/silqui-tex.com.ar\/producto\/11-telares-nuovo-pignone-tp500\/","name":"11 Telares Nuovo Pignone TP500 - Silqui-Tex","isPartOf":{"@id":"https:\/\/silqui-tex.com.ar\/#website"},"primaryImageOfPage":{"@id":"https:\/\/silqui-tex.com.ar\/producto\/11-telares-nuovo-pignone-tp500\/#primaryimage"},"image":{"@id":"https:\/\/silqui-tex.com.ar\/producto\/11-telares-nuovo-pignone-tp500\/#primaryimage"},"thumbnailUrl":"https:\/\/silqui-tex.com.ar\/wp-content\/uploads\/2024\/04\/IMG_5500.heic","datePublished":"2024-04-24T10:43:30+00:00","description":"11 Telares Marca Nouvo PignoneAncho 200cm10 cuadrosRatier Staubli TYP3004 prealimentadores cada uno2 plegadores2 palos de tela","breadcrumb":{"@id":"https:\/\/silqui-tex.com.ar\/producto\/11-telares-nuovo-pignone-tp500\/#breadcrumb"},"inLanguage":"en-US","potentialAction":[{"@type":"ReadAction","target":["https:\/\/silqui-tex.com.ar\/producto\/11-telares-nuovo-pignone-tp500\/"]}]},{"@type":"ImageObject","inLanguage":"en-US","@id":"https:\/\/silqui-tex.com.ar\/producto\/11-telares-nuovo-pignone-tp500\/#primaryimage","url":"https:\/\/silqui-tex.com.ar\/wp-content\/uploads\/2024\/04\/IMG_5500.heic","contentUrl":"https:\/\/silqui-tex.com.ar\/wp-content\/uploads\/2024\/04\/IMG_5500.heic"},{"@type":"BreadcrumbList","@id":"https:\/\/silqui-tex.com.ar\/producto\/11-telares-nuovo-pignone-tp500\/#breadcrumb","itemListElement":[{"@type":"ListItem","position":1,"name":"Portada","item":"https:\/\/silqui-tex.com.ar\/"},{"@type":"ListItem","position":2,"name":"Tienda","item":"https:\/\/silqui-tex.com.ar\/tienda\/"},{"@type":"ListItem","position":3,"name":"11 Telares Nuovo Pignone TP500"}]},{"@type":"WebSite","@id":"https:\/\/silqui-tex.com.ar\/#website","url":"https:\/\/silqui-tex.com.ar\/","name":"Silqui-Tex","description":"Silqui-Tex se especializa en la venta de maquinaria textil y soluciones innovadoras para la industria, con m\u00e1s de 40 a\u00f1os de experiencia en Am\u00e9rica Latina, ofreciendo tecnolog\u00eda de calidad, servicios personalizados y un enfoque en el desarrollo sostenible.","potentialAction":[{"@type":"SearchAction","target":{"@type":"EntryPoint","urlTemplate":"https:\/\/silqui-tex.com.ar\/?s={search_term_string}"},"query-input":{"@type":"PropertyValueSpecification","valueRequired":true,"valueName":"search_term_string"}}],"inLanguage":"en-US"}]}},"_links":{"self":[{"href":"https:\/\/silqui-tex.com.ar\/en\/wp-json\/wp\/v2\/product\/2159","targetHints":{"allow":["GET"]}}],"collection":[{"href":"https:\/\/silqui-tex.com.ar\/en\/wp-json\/wp\/v2\/product"}],"about":[{"href":"https:\/\/silqui-tex.com.ar\/en\/wp-json\/wp\/v2\/types\/product"}],"wp:featuredmedia":[{"embeddable":true,"href":"https:\/\/silqui-tex.com.ar\/en\/wp-json\/wp\/v2\/media\/2160"}],"wp:attachment":[{"href":"https:\/\/silqui-tex.com.ar\/en\/wp-json\/wp\/v2\/media?parent=2159"}],"wp:term":[{"taxonomy":"product_brand","embeddable":true,"href":"https:\/\/silqui-tex.com.ar\/en\/wp-json\/wp\/v2\/product_brand?post=2159"},{"taxonomy":"product_cat","embeddable":true,"href":"https:\/\/silqui-tex.com.ar\/en\/wp-json\/wp\/v2\/product_cat?post=2159"},{"taxonomy":"product_tag","embeddable":true,"href":"https:\/\/silqui-tex.com.ar\/en\/wp-json\/wp\/v2\/product_tag?post=2159"}],"curies":[{"name":"wp","href":"https:\/\/api.w.org\/{rel}","templated":true}]}}