{"id":2276,"date":"2024-06-05T11:04:52","date_gmt":"2024-06-05T11:04:52","guid":{"rendered":"https:\/\/silqui-tex.com.ar\/?post_type=product&#038;p=2276"},"modified":"2026-01-04T05:27:58","modified_gmt":"2026-01-04T05:27:58","slug":"jingwei-innovacion-calidad-y-sostenibilidad-en-la-maquinaria-textil","status":"publish","type":"product","link":"https:\/\/silqui-tex.com.ar\/en\/product\/jingwei-innovacion-calidad-y-sostenibilidad-en-la-maquinaria-textil\/","title":{"rendered":"JINGWEI: Innovation, Quality, and Sustainability in Textile Machinery"},"content":{"rendered":"<p data-start=\"536\" data-end=\"1026\">At Silqui-Tex International, we are proud to be the exclusive official representatives of Jingwei Textile Machinery in Latin America, with active technical and commercial presence throughout the region.<br data-start=\"733\" data-end=\"736\" \/>Our exclusive position and over 40 years of experience in the textile market allow us to offer clients direct access to the factory, specialized technical support, and comprehensive assistance covering every stage \u2014 from equipment selection to installation and commissioning.<\/p>\n<p data-start=\"1028\" data-end=\"1352\">At Silqui-Tex, we are proud to represent Jingwei Textile Machinery, one of the world\u2019s leading brands in textile machinery manufacturing. Jingwei is synonymous with technological innovation, superior quality, and a strong commitment to sustainability, offering comprehensive solutions for the textile industry \u2014 from fiber preparation to the final product finishing.<\/p>\n<p data-start=\"1354\" data-end=\"1691\">Although the brand is not yet widely recognized in our continent, Jingwei has over 100 years of experience in the Asian market. Thanks to our management, this state-of-the-art technology is now reaching new markets, opening opportunities that were previously out of reach for the Latin American textile industry.<\/p>\n<p data-start=\"1693\" data-end=\"1955\">Through this strategic alliance, Silqui-Tex International guarantees its clients original Jingwei equipment, certified technical assistance, and official spare parts, positioning itself as the only authorized channel with real technical capability in the continent.<\/p>\n<h2 data-start=\"1962\" data-end=\"1999\">\u00bfQu\u00e9 tipo de maquinaria textil Jingwei ofrece Silqui-Tex International?<\/h2>\n<p data-start=\"1962\" data-end=\"1999\">A trav\u00e9s de su colaboraci\u00f3n con Jingwei Textile Machinery Group, Silqui-Tex International ofrece maquinaria textil industrial para procesos de apertura y preparaci\u00f3n de fibras, cardado, peinado, hilatura y soluciones completas de hilander\u00eda, adaptadas a los requerimientos t\u00e9cnicos y productivos de f\u00e1bricas textiles en Am\u00e9rica Latina.<\/p>\n<p data-start=\"1962\" data-end=\"1999\">Wide range of Jingwei machinery<\/p>\n<p data-start=\"2001\" data-end=\"2209\">Spinning Machinery<br data-start=\"2021\" data-end=\"2024\" \/>Equipment for opening, carding, combing, and ring spinning, designed to maximize efficiency, improve yarn quality, and adapt to all types of natural and synthetic fibers.<\/p>\n<p data-start=\"2211\" data-end=\"2406\">Equipos de preparaci\u00f3n de tejidos<br data-start=\"2244\" data-end=\"2247\" \/>Solutions that optimize yarn and fabric preparation, ensuring ideal conditions for subsequent processes and reducing downtime.<\/p>\n<p data-start=\"2408\" data-end=\"2601\">Textile finishing machines<br data-start=\"2434\" data-end=\"2437\" \/>Equipment for dyeing, drying, and finishing processes, designed to achieve the highest quality standards with low energy consumption and minimal environmental impact.<\/p>\n<p data-start=\"2603\" data-end=\"2885\">Automation and digitalization solutions<br data-start=\"2648\" data-end=\"2651\" \/>Jingwei is leading the digital transformation of the textile industry with intelligent systems that enable real-time monitoring and management of production processes, driving the development of smart textile factories.<\/p>\n<hr data-start=\"2887\" data-end=\"2890\" \/>\n<p data-start=\"2892\" data-end=\"2928\">Commitment to Sustainability<\/p>\n<p data-start=\"2930\" data-end=\"3314\">Jingwei stands out for its commitment to energy efficiency, responsible resource use, and the development of clean technologies that contribute to a more sustainable future for the global textile industry.<br data-start=\"3144\" data-end=\"3147\" \/>This approach aligns with Silqui-Tex\u2019s philosophy of promoting responsible, profitable, and long-term solutions for textile producers across Latin America.<\/p>\n<hr data-start=\"3316\" data-end=\"3319\" \/>\n<p data-start=\"3321\" data-end=\"3361\"><em>Regional leadership with local support<\/em><\/p>\n<p data-start=\"3363\" data-end=\"3785\"><em>Thanks to its international structure, Silqui-Tex International has offices in Argentina, Colombia, Ecuador, China, and Australia, allowing us to provide immediate technical assistance, spare parts availability, and direct factory support.<\/em><br data-start=\"3615\" data-end=\"3618\" \/><em>Our technical, logistical, and commercial capabilities establish us as the only representative with proven and reliable support from Jingwei Textile Machinery in the continent.<\/em><\/p>\n<p data-start=\"3363\" data-end=\"3785\"><a href=\"https:\/\/silqui-tex.com.ar\/en\/importacion-maquinaria-textil\/\" target=\"_blank\" rel=\"noopener\"><em>Textile Machinery Imports from China, Asia, and Europe<\/em><\/a><\/p>\n<hr data-start=\"3787\" data-end=\"3790\" \/>\n<p data-start=\"3792\" data-end=\"3834\">Silqui-Tex y Jingwei Textile Machinery<\/p>\n<p data-start=\"3836\" data-end=\"3982\">An alliance built on innovation, trust, and sustainability \u2014 serving a more modern, competitive, and responsible textile industry.<\/p>\n<h2 data-start=\"3836\" data-end=\"3982\">Proyectos de hilander\u00eda con maquinaria Jingwei<\/h2>\n<p data-start=\"3836\" data-end=\"3982\">Silqui-Tex International acompa\u00f1a a f\u00e1bricas textiles en proyectos de hilander\u00eda con maquinaria Jingwei, brindando asesoramiento t\u00e9cnico, selecci\u00f3n de equipos, gesti\u00f3n de importaci\u00f3n desde China, coordinaci\u00f3n log\u00edstica y soporte durante la puesta en marcha de plantas nuevas o ampliaciones industriales.<\/p>\n<h3><span style=\"color: #000000;\">Discover more about our <a href=\"https:\/\/silqui-tex.com.ar\/en\/novedades\/\">News<\/a> or <a href=\"https:\/\/silqui-tex.com.ar\/en\/contacto\/\">Contact us<\/a> for technical assistance.<\/span><\/h3>\n<p>&nbsp;<\/p>","protected":false},"excerpt":{"rendered":"<p><strong>At Silqui-Tex, we are proud to represent Jingwei Textile Machinery, one of the world\u2019s leading brands in textile machinery manufacturing. Jingwei is synonymous with technological innovation, superior quality, and a strong commitment to sustainability, offering comprehensive solutions for the textile industry \u2014 from fiber preparation to the final product finishing.<\/strong><\/p>","protected":false},"featured_media":2277,"template":"","meta":[],"product_brand":[],"product_cat":[25,53],"product_tag":[224,391,395,393,380,394,235,324,326,317,247,392,316,338,117],"class_list":{"0":"post-2276","1":"product","2":"type-product","3":"status-publish","4":"has-post-thumbnail","6":"product_cat-maquinaria-de-hilanderia","7":"product_cat-representaciones","8":"product_tag-cardas-textiles","9":"product_tag-jingwei-textile-machinery","10":"product_tag-lineas-de-apertura-y-cardado","11":"product_tag-maquinaria-de-apertura-de-fibras","12":"product_tag-maquinaria-de-cardado","13":"product_tag-maquinaria-de-limpieza-de-fibras","14":"product_tag-maquinaria-industrial-textil","15":"product_tag-maquinaria-para-algodon","16":"product_tag-maquinaria-para-fibras-sinteticas","17":"product_tag-maquinaria-para-hilanderia","18":"product_tag-maquinaria-textil-china","19":"product_tag-maquinaria-textil-jingwei","20":"product_tag-maquinaria-textil-nueva","21":"product_tag-preparacion-de-fibras","22":"product_tag-silqui-tex-international","24":"first","25":"instock","26":"shipping-taxable","27":"product-type-simple"},"yoast_head":"<!-- This site is optimized with the Yoast SEO plugin v27.3 - https:\/\/yoast.com\/product\/yoast-seo-wordpress\/ -->\n<title>Jingwei | Tecnologia T\u00eaxtil Inovadora \u2013 Silqui-Tex<\/title>\n<meta name=\"description\" content=\"M\u00e1quinas t\u00eaxteis Jingwei: inova\u00e7\u00e3o, efici\u00eancia e sustentabilidade para a ind\u00fastria moderna. Representada em toda a Am\u00e9rica Latina pela Silqui-Tex.\" \/>\n<meta name=\"robots\" content=\"index, follow, max-snippet:-1, max-image-preview:large, max-video-preview:-1\" \/>\n<link rel=\"canonical\" href=\"https:\/\/silqui-tex.com.ar\/en\/product\/jingwei-innovacion-calidad-y-sostenibilidad-en-la-maquinaria-textil\/\" \/>\n<meta property=\"og:locale\" content=\"en_US\" \/>\n<meta property=\"og:type\" content=\"article\" \/>\n<meta property=\"og:title\" content=\"Jingwei | Tecnologia T\u00eaxtil Inovadora \u2013 Silqui-Tex\" \/>\n<meta property=\"og:description\" content=\"M\u00e1quinas t\u00eaxteis Jingwei: inova\u00e7\u00e3o, efici\u00eancia e sustentabilidade para a ind\u00fastria moderna. Representada em toda a Am\u00e9rica Latina pela Silqui-Tex.\" \/>\n<meta property=\"og:url\" content=\"https:\/\/silqui-tex.com.ar\/en\/product\/jingwei-innovacion-calidad-y-sostenibilidad-en-la-maquinaria-textil\/\" \/>\n<meta property=\"og:site_name\" content=\"Silqui-Tex\" \/>\n<meta property=\"article:modified_time\" content=\"2026-01-04T05:27:58+00:00\" \/>\n<meta property=\"og:image\" content=\"https:\/\/silqui-tex.com.ar\/wp-content\/uploads\/2024\/06\/C2C96A1D-BCE9-433A-B1C9-CF9FA5085EFA-scaled.jpeg\" \/>\n\t<meta property=\"og:image:width\" content=\"2560\" \/>\n\t<meta property=\"og:image:height\" content=\"2245\" \/>\n\t<meta property=\"og:image:type\" content=\"image\/webp\" \/>\n<meta name=\"twitter:card\" content=\"summary_large_image\" \/>\n<meta name=\"twitter:label1\" content=\"Est. reading time\" \/>\n\t<meta name=\"twitter:data1\" content=\"3 minutes\" \/>\n<script type=\"application\/ld+json\" class=\"yoast-schema-graph\">{\"@context\":\"https:\\\/\\\/schema.org\",\"@graph\":[{\"@type\":\"WebPage\",\"@id\":\"https:\\\/\\\/silqui-tex.com.ar\\\/producto\\\/jingwei-innovacion-calidad-y-sostenibilidad-en-la-maquinaria-textil\\\/\",\"url\":\"https:\\\/\\\/silqui-tex.com.ar\\\/producto\\\/jingwei-innovacion-calidad-y-sostenibilidad-en-la-maquinaria-textil\\\/\",\"name\":\"Jingwei | Tecnologia T\u00eaxtil Inovadora \u2013 Silqui-Tex\",\"isPartOf\":{\"@id\":\"https:\\\/\\\/silqui-tex.com.ar\\\/#website\"},\"primaryImageOfPage\":{\"@id\":\"https:\\\/\\\/silqui-tex.com.ar\\\/producto\\\/jingwei-innovacion-calidad-y-sostenibilidad-en-la-maquinaria-textil\\\/#primaryimage\"},\"image\":{\"@id\":\"https:\\\/\\\/silqui-tex.com.ar\\\/producto\\\/jingwei-innovacion-calidad-y-sostenibilidad-en-la-maquinaria-textil\\\/#primaryimage\"},\"thumbnailUrl\":\"https:\\\/\\\/silqui-tex.com.ar\\\/wp-content\\\/uploads\\\/2024\\\/06\\\/C2C96A1D-BCE9-433A-B1C9-CF9FA5085EFA-scaled.jpeg\",\"datePublished\":\"2024-06-05T11:04:52+00:00\",\"dateModified\":\"2026-01-04T05:27:58+00:00\",\"description\":\"M\u00e1quinas t\u00eaxteis Jingwei: inova\u00e7\u00e3o, efici\u00eancia e sustentabilidade para a ind\u00fastria moderna. Representada em toda a Am\u00e9rica Latina pela Silqui-Tex.\",\"breadcrumb\":{\"@id\":\"https:\\\/\\\/silqui-tex.com.ar\\\/producto\\\/jingwei-innovacion-calidad-y-sostenibilidad-en-la-maquinaria-textil\\\/#breadcrumb\"},\"inLanguage\":\"en-US\",\"potentialAction\":[{\"@type\":\"ReadAction\",\"target\":[\"https:\\\/\\\/silqui-tex.com.ar\\\/producto\\\/jingwei-innovacion-calidad-y-sostenibilidad-en-la-maquinaria-textil\\\/\"]}]},{\"@type\":\"ImageObject\",\"inLanguage\":\"en-US\",\"@id\":\"https:\\\/\\\/silqui-tex.com.ar\\\/producto\\\/jingwei-innovacion-calidad-y-sostenibilidad-en-la-maquinaria-textil\\\/#primaryimage\",\"url\":\"https:\\\/\\\/silqui-tex.com.ar\\\/wp-content\\\/uploads\\\/2024\\\/06\\\/C2C96A1D-BCE9-433A-B1C9-CF9FA5085EFA-scaled.jpeg\",\"contentUrl\":\"https:\\\/\\\/silqui-tex.com.ar\\\/wp-content\\\/uploads\\\/2024\\\/06\\\/C2C96A1D-BCE9-433A-B1C9-CF9FA5085EFA-scaled.jpeg\",\"width\":2560,\"height\":2245,\"caption\":\"maquinaria textil Jingwei Silqui-Tex International\"},{\"@type\":\"BreadcrumbList\",\"@id\":\"https:\\\/\\\/silqui-tex.com.ar\\\/producto\\\/jingwei-innovacion-calidad-y-sostenibilidad-en-la-maquinaria-textil\\\/#breadcrumb\",\"itemListElement\":[{\"@type\":\"ListItem\",\"position\":1,\"name\":\"Portada\",\"item\":\"https:\\\/\\\/silqui-tex.com.ar\\\/\"},{\"@type\":\"ListItem\",\"position\":2,\"name\":\"Tienda\",\"item\":\"https:\\\/\\\/silqui-tex.com.ar\\\/tienda\\\/\"},{\"@type\":\"ListItem\",\"position\":3,\"name\":\"JINGWEI: Innovaci\u00f3n, Calidad y Sostenibilidad en la Maquinaria Textil\"}]},{\"@type\":\"WebSite\",\"@id\":\"https:\\\/\\\/silqui-tex.com.ar\\\/#website\",\"url\":\"https:\\\/\\\/silqui-tex.com.ar\\\/\",\"name\":\"Silqui-Tex\",\"description\":\"Silqui-Tex se especializa en la venta de maquinaria textil y soluciones innovadoras para la industria, con m\u00e1s de 40 a\u00f1os de experiencia en Am\u00e9rica Latina, ofreciendo tecnolog\u00eda de calidad, servicios personalizados y un enfoque en el desarrollo sostenible.\",\"potentialAction\":[{\"@type\":\"SearchAction\",\"target\":{\"@type\":\"EntryPoint\",\"urlTemplate\":\"https:\\\/\\\/silqui-tex.com.ar\\\/?s={search_term_string}\"},\"query-input\":{\"@type\":\"PropertyValueSpecification\",\"valueRequired\":true,\"valueName\":\"search_term_string\"}}],\"inLanguage\":\"en-US\"}]}<\/script>\n<!-- \/ Yoast SEO plugin. -->","yoast_head_json":{"title":"Jingwei | Tecnologia T\u00eaxtil Inovadora \u2013 Silqui-Tex","description":"M\u00e1quinas t\u00eaxteis Jingwei: inova\u00e7\u00e3o, efici\u00eancia e sustentabilidade para a ind\u00fastria moderna. Representada em toda a Am\u00e9rica Latina pela Silqui-Tex.","robots":{"index":"index","follow":"follow","max-snippet":"max-snippet:-1","max-image-preview":"max-image-preview:large","max-video-preview":"max-video-preview:-1"},"canonical":"https:\/\/silqui-tex.com.ar\/en\/product\/jingwei-innovacion-calidad-y-sostenibilidad-en-la-maquinaria-textil\/","og_locale":"en_US","og_type":"article","og_title":"Jingwei | Tecnologia T\u00eaxtil Inovadora \u2013 Silqui-Tex","og_description":"M\u00e1quinas t\u00eaxteis Jingwei: inova\u00e7\u00e3o, efici\u00eancia e sustentabilidade para a ind\u00fastria moderna. Representada em toda a Am\u00e9rica Latina pela Silqui-Tex.","og_url":"https:\/\/silqui-tex.com.ar\/en\/product\/jingwei-innovacion-calidad-y-sostenibilidad-en-la-maquinaria-textil\/","og_site_name":"Silqui-Tex","article_modified_time":"2026-01-04T05:27:58+00:00","og_image":[{"width":2560,"height":2245,"url":"https:\/\/silqui-tex.com.ar\/wp-content\/uploads\/2024\/06\/C2C96A1D-BCE9-433A-B1C9-CF9FA5085EFA-scaled.jpeg","type":"image\/webp"}],"twitter_card":"summary_large_image","twitter_misc":{"Est. reading time":"3 minutes"},"schema":{"@context":"https:\/\/schema.org","@graph":[{"@type":"WebPage","@id":"https:\/\/silqui-tex.com.ar\/producto\/jingwei-innovacion-calidad-y-sostenibilidad-en-la-maquinaria-textil\/","url":"https:\/\/silqui-tex.com.ar\/producto\/jingwei-innovacion-calidad-y-sostenibilidad-en-la-maquinaria-textil\/","name":"Jingwei | Tecnologia T\u00eaxtil Inovadora \u2013 Silqui-Tex","isPartOf":{"@id":"https:\/\/silqui-tex.com.ar\/#website"},"primaryImageOfPage":{"@id":"https:\/\/silqui-tex.com.ar\/producto\/jingwei-innovacion-calidad-y-sostenibilidad-en-la-maquinaria-textil\/#primaryimage"},"image":{"@id":"https:\/\/silqui-tex.com.ar\/producto\/jingwei-innovacion-calidad-y-sostenibilidad-en-la-maquinaria-textil\/#primaryimage"},"thumbnailUrl":"https:\/\/silqui-tex.com.ar\/wp-content\/uploads\/2024\/06\/C2C96A1D-BCE9-433A-B1C9-CF9FA5085EFA-scaled.jpeg","datePublished":"2024-06-05T11:04:52+00:00","dateModified":"2026-01-04T05:27:58+00:00","description":"M\u00e1quinas t\u00eaxteis Jingwei: inova\u00e7\u00e3o, efici\u00eancia e sustentabilidade para a ind\u00fastria moderna. Representada em toda a Am\u00e9rica Latina pela Silqui-Tex.","breadcrumb":{"@id":"https:\/\/silqui-tex.com.ar\/producto\/jingwei-innovacion-calidad-y-sostenibilidad-en-la-maquinaria-textil\/#breadcrumb"},"inLanguage":"en-US","potentialAction":[{"@type":"ReadAction","target":["https:\/\/silqui-tex.com.ar\/producto\/jingwei-innovacion-calidad-y-sostenibilidad-en-la-maquinaria-textil\/"]}]},{"@type":"ImageObject","inLanguage":"en-US","@id":"https:\/\/silqui-tex.com.ar\/producto\/jingwei-innovacion-calidad-y-sostenibilidad-en-la-maquinaria-textil\/#primaryimage","url":"https:\/\/silqui-tex.com.ar\/wp-content\/uploads\/2024\/06\/C2C96A1D-BCE9-433A-B1C9-CF9FA5085EFA-scaled.jpeg","contentUrl":"https:\/\/silqui-tex.com.ar\/wp-content\/uploads\/2024\/06\/C2C96A1D-BCE9-433A-B1C9-CF9FA5085EFA-scaled.jpeg","width":2560,"height":2245,"caption":"maquinaria textil Jingwei Silqui-Tex International"},{"@type":"BreadcrumbList","@id":"https:\/\/silqui-tex.com.ar\/producto\/jingwei-innovacion-calidad-y-sostenibilidad-en-la-maquinaria-textil\/#breadcrumb","itemListElement":[{"@type":"ListItem","position":1,"name":"Portada","item":"https:\/\/silqui-tex.com.ar\/"},{"@type":"ListItem","position":2,"name":"Tienda","item":"https:\/\/silqui-tex.com.ar\/tienda\/"},{"@type":"ListItem","position":3,"name":"JINGWEI: Innovaci\u00f3n, Calidad y Sostenibilidad en la Maquinaria Textil"}]},{"@type":"WebSite","@id":"https:\/\/silqui-tex.com.ar\/#website","url":"https:\/\/silqui-tex.com.ar\/","name":"Silqui-Tex","description":"Silqui-Tex se especializa en la venta de maquinaria textil y soluciones innovadoras para la industria, con m\u00e1s de 40 a\u00f1os de experiencia en Am\u00e9rica Latina, ofreciendo tecnolog\u00eda de calidad, servicios personalizados y un enfoque en el desarrollo sostenible.","potentialAction":[{"@type":"SearchAction","target":{"@type":"EntryPoint","urlTemplate":"https:\/\/silqui-tex.com.ar\/?s={search_term_string}"},"query-input":{"@type":"PropertyValueSpecification","valueRequired":true,"valueName":"search_term_string"}}],"inLanguage":"en-US"}]}},"_links":{"self":[{"href":"https:\/\/silqui-tex.com.ar\/en\/wp-json\/wp\/v2\/product\/2276","targetHints":{"allow":["GET"]}}],"collection":[{"href":"https:\/\/silqui-tex.com.ar\/en\/wp-json\/wp\/v2\/product"}],"about":[{"href":"https:\/\/silqui-tex.com.ar\/en\/wp-json\/wp\/v2\/types\/product"}],"wp:featuredmedia":[{"embeddable":true,"href":"https:\/\/silqui-tex.com.ar\/en\/wp-json\/wp\/v2\/media\/2277"}],"wp:attachment":[{"href":"https:\/\/silqui-tex.com.ar\/en\/wp-json\/wp\/v2\/media?parent=2276"}],"wp:term":[{"taxonomy":"product_brand","embeddable":true,"href":"https:\/\/silqui-tex.com.ar\/en\/wp-json\/wp\/v2\/product_brand?post=2276"},{"taxonomy":"product_cat","embeddable":true,"href":"https:\/\/silqui-tex.com.ar\/en\/wp-json\/wp\/v2\/product_cat?post=2276"},{"taxonomy":"product_tag","embeddable":true,"href":"https:\/\/silqui-tex.com.ar\/en\/wp-json\/wp\/v2\/product_tag?post=2276"}],"curies":[{"name":"wp","href":"https:\/\/api.w.org\/{rel}","templated":true}]}}