{"id":2526,"date":"2024-10-27T21:42:44","date_gmt":"2024-10-27T21:42:44","guid":{"rendered":"https:\/\/silqui-tex.com.ar\/?post_type=product&#038;p=2526"},"modified":"2024-10-27T21:49:07","modified_gmt":"2024-10-27T21:49:07","slug":"schlafhorst-autocoro-aco8-ano-2016","status":"publish","type":"product","link":"https:\/\/silqui-tex.com.ar\/en\/product\/schlafhorst-autocoro-aco8-ano-2016\/","title":{"rendered":"Schlafhorst Autocoro ACO8 (a\u00f1o 2016)"},"content":{"rendered":"<ul style=\"font-weight: 400;\">\n<li><strong>M\u00e1quinas:<\/strong>\u00a0Schlafhorst Autocoro ACO8 <strong>(a\u00f1o 2016)<\/strong><\/li>\n<li><strong>Cantidad:<\/strong>\u00a02<\/li>\n<li><strong>Husos:<\/strong>\u00a0480 por m\u00e1quina<\/li>\n<li><strong>Rotor:<\/strong>\u00a0G628BD<\/li>\n<li><strong>Rodillo de apertura:<\/strong>\u00a0B174DN<\/li>\n<li><strong>Limpiador de hilo:<\/strong>\u00a0Corolab XQ<\/li>\n<li><strong>DCU:<\/strong>\u00a04 unidades para cada m\u00e1quina<\/li>\n<li><strong>Maquinaria todav\u00eda trabajando<\/strong><\/li>\n<\/ul>","protected":false},"excerpt":{"rendered":"<ul style=\"font-weight: 400;\">\n<li><strong>M\u00e1quinas:<\/strong>\u00a0Schlafhorst Autocoro ACO8 <strong>(a\u00f1o 2016)<\/strong><\/li>\n<li><strong>Cantidad:<\/strong>\u00a02<\/li>\n<li><strong>Husos:<\/strong>\u00a0480 por m\u00e1quina<\/li>\n<li><strong>Rotor:<\/strong>\u00a0G628BD<\/li>\n<li><strong>Rodillo de apertura:<\/strong>\u00a0B174DN<\/li>\n<li><strong>Limpiador de hilo:<\/strong>\u00a0Corolab XQ<\/li>\n<li><strong>DCU:<\/strong>\u00a04 unidades para cada m\u00e1quina<\/li>\n<li><strong>Maquinaria todav\u00eda trabajando<\/strong><\/li>\n<\/ul>","protected":false},"featured_media":2530,"template":"","meta":[],"product_brand":[],"product_cat":[25],"product_tag":[],"class_list":{"0":"post-2526","1":"product","2":"type-product","3":"status-publish","4":"has-post-thumbnail","6":"product_cat-maquinaria-de-hilanderia","8":"first","9":"instock","10":"shipping-taxable","11":"product-type-simple"},"yoast_head":"<!-- This site is optimized with the Yoast SEO plugin v27.4 - https:\/\/yoast.com\/product\/yoast-seo-wordpress\/ -->\n<title>Schlafhorst Autocoro ACO8 (a\u00f1o 2016) - Silqui-Tex<\/title>\n<meta name=\"description\" content=\"M\u00e1quinas:\u00a0Schlafhorst Autocoro ACO8 (a\u00f1o 2016)Cantidad:\u00a02Husos:\u00a0480 por m\u00e1quinaRotor:\u00a0G628BDRodillo de apertura:\u00a0B174DNLimpiador de hilo:\u00a0Corolab XQDCU:\u00a04 unidades para cada m\u00e1quinaMaquinaria todav\u00eda trabajando\" \/>\n<meta name=\"robots\" content=\"index, follow, max-snippet:-1, max-image-preview:large, max-video-preview:-1\" \/>\n<link rel=\"canonical\" href=\"https:\/\/silqui-tex.com.ar\/en\/product\/schlafhorst-autocoro-aco8-ano-2016\/\" \/>\n<meta property=\"og:locale\" content=\"en_US\" \/>\n<meta property=\"og:type\" content=\"article\" \/>\n<meta property=\"og:title\" content=\"Schlafhorst Autocoro ACO8 (a\u00f1o 2016) - Silqui-Tex\" \/>\n<meta property=\"og:description\" content=\"M\u00e1quinas:\u00a0Schlafhorst Autocoro ACO8 (a\u00f1o 2016)Cantidad:\u00a02Husos:\u00a0480 por m\u00e1quinaRotor:\u00a0G628BDRodillo de apertura:\u00a0B174DNLimpiador de hilo:\u00a0Corolab XQDCU:\u00a04 unidades para cada m\u00e1quinaMaquinaria todav\u00eda trabajando\" \/>\n<meta property=\"og:url\" content=\"https:\/\/silqui-tex.com.ar\/en\/product\/schlafhorst-autocoro-aco8-ano-2016\/\" \/>\n<meta property=\"og:site_name\" content=\"Silqui-Tex\" \/>\n<meta property=\"article:modified_time\" content=\"2024-10-27T21:49:07+00:00\" \/>\n<meta property=\"og:image\" content=\"https:\/\/silqui-tex.com.ar\/wp-content\/uploads\/2024\/10\/941b7b003de950edd3f548e541263392-scaled.jpg\" \/>\n\t<meta property=\"og:image:width\" content=\"2560\" \/>\n\t<meta property=\"og:image:height\" content=\"1920\" \/>\n\t<meta property=\"og:image:type\" content=\"image\/jpeg\" \/>\n<meta name=\"twitter:card\" content=\"summary_large_image\" \/>\n<meta name=\"twitter:label1\" content=\"Est. reading time\" \/>\n\t<meta name=\"twitter:data1\" content=\"1 minute\" \/>\n<script type=\"application\/ld+json\" class=\"yoast-schema-graph\">{\"@context\":\"https:\\\/\\\/schema.org\",\"@graph\":[{\"@type\":\"WebPage\",\"@id\":\"https:\\\/\\\/silqui-tex.com.ar\\\/producto\\\/schlafhorst-autocoro-aco8-ano-2016\\\/\",\"url\":\"https:\\\/\\\/silqui-tex.com.ar\\\/producto\\\/schlafhorst-autocoro-aco8-ano-2016\\\/\",\"name\":\"Schlafhorst Autocoro ACO8 (a\u00f1o 2016) - Silqui-Tex\",\"isPartOf\":{\"@id\":\"https:\\\/\\\/silqui-tex.com.ar\\\/#website\"},\"primaryImageOfPage\":{\"@id\":\"https:\\\/\\\/silqui-tex.com.ar\\\/producto\\\/schlafhorst-autocoro-aco8-ano-2016\\\/#primaryimage\"},\"image\":{\"@id\":\"https:\\\/\\\/silqui-tex.com.ar\\\/producto\\\/schlafhorst-autocoro-aco8-ano-2016\\\/#primaryimage\"},\"thumbnailUrl\":\"https:\\\/\\\/silqui-tex.com.ar\\\/wp-content\\\/uploads\\\/2024\\\/10\\\/941b7b003de950edd3f548e541263392-scaled.jpg\",\"datePublished\":\"2024-10-27T21:42:44+00:00\",\"dateModified\":\"2024-10-27T21:49:07+00:00\",\"description\":\"M\u00e1quinas:\u00a0Schlafhorst Autocoro ACO8 (a\u00f1o 2016)Cantidad:\u00a02Husos:\u00a0480 por m\u00e1quinaRotor:\u00a0G628BDRodillo de apertura:\u00a0B174DNLimpiador de hilo:\u00a0Corolab XQDCU:\u00a04 unidades para cada m\u00e1quinaMaquinaria todav\u00eda trabajando\",\"breadcrumb\":{\"@id\":\"https:\\\/\\\/silqui-tex.com.ar\\\/producto\\\/schlafhorst-autocoro-aco8-ano-2016\\\/#breadcrumb\"},\"inLanguage\":\"en-US\",\"potentialAction\":[{\"@type\":\"ReadAction\",\"target\":[\"https:\\\/\\\/silqui-tex.com.ar\\\/producto\\\/schlafhorst-autocoro-aco8-ano-2016\\\/\"]}]},{\"@type\":\"ImageObject\",\"inLanguage\":\"en-US\",\"@id\":\"https:\\\/\\\/silqui-tex.com.ar\\\/producto\\\/schlafhorst-autocoro-aco8-ano-2016\\\/#primaryimage\",\"url\":\"https:\\\/\\\/silqui-tex.com.ar\\\/wp-content\\\/uploads\\\/2024\\\/10\\\/941b7b003de950edd3f548e541263392-scaled.jpg\",\"contentUrl\":\"https:\\\/\\\/silqui-tex.com.ar\\\/wp-content\\\/uploads\\\/2024\\\/10\\\/941b7b003de950edd3f548e541263392-scaled.jpg\",\"width\":2560,\"height\":1920},{\"@type\":\"BreadcrumbList\",\"@id\":\"https:\\\/\\\/silqui-tex.com.ar\\\/producto\\\/schlafhorst-autocoro-aco8-ano-2016\\\/#breadcrumb\",\"itemListElement\":[{\"@type\":\"ListItem\",\"position\":1,\"name\":\"Portada\",\"item\":\"https:\\\/\\\/silqui-tex.com.ar\\\/\"},{\"@type\":\"ListItem\",\"position\":2,\"name\":\"Tienda\",\"item\":\"https:\\\/\\\/silqui-tex.com.ar\\\/tienda\\\/\"},{\"@type\":\"ListItem\",\"position\":3,\"name\":\"Schlafhorst Autocoro ACO8 (a\u00f1o 2016)\"}]},{\"@type\":\"WebSite\",\"@id\":\"https:\\\/\\\/silqui-tex.com.ar\\\/#website\",\"url\":\"https:\\\/\\\/silqui-tex.com.ar\\\/\",\"name\":\"Silqui-Tex\",\"description\":\"Silqui-Tex se especializa en la venta de maquinaria textil y soluciones innovadoras para la industria, con m\u00e1s de 40 a\u00f1os de experiencia en Am\u00e9rica Latina, ofreciendo tecnolog\u00eda de calidad, servicios personalizados y un enfoque en el desarrollo sostenible.\",\"potentialAction\":[{\"@type\":\"SearchAction\",\"target\":{\"@type\":\"EntryPoint\",\"urlTemplate\":\"https:\\\/\\\/silqui-tex.com.ar\\\/?s={search_term_string}\"},\"query-input\":{\"@type\":\"PropertyValueSpecification\",\"valueRequired\":true,\"valueName\":\"search_term_string\"}}],\"inLanguage\":\"en-US\"}]}<\/script>\n<!-- \/ Yoast SEO plugin. -->","yoast_head_json":{"title":"Schlafhorst Autocoro ACO8 (a\u00f1o 2016) - Silqui-Tex","description":"M\u00e1quinas:\u00a0Schlafhorst Autocoro ACO8 (a\u00f1o 2016)Cantidad:\u00a02Husos:\u00a0480 por m\u00e1quinaRotor:\u00a0G628BDRodillo de apertura:\u00a0B174DNLimpiador de hilo:\u00a0Corolab XQDCU:\u00a04 unidades para cada m\u00e1quinaMaquinaria todav\u00eda trabajando","robots":{"index":"index","follow":"follow","max-snippet":"max-snippet:-1","max-image-preview":"max-image-preview:large","max-video-preview":"max-video-preview:-1"},"canonical":"https:\/\/silqui-tex.com.ar\/en\/product\/schlafhorst-autocoro-aco8-ano-2016\/","og_locale":"en_US","og_type":"article","og_title":"Schlafhorst Autocoro ACO8 (a\u00f1o 2016) - Silqui-Tex","og_description":"M\u00e1quinas:\u00a0Schlafhorst Autocoro ACO8 (a\u00f1o 2016)Cantidad:\u00a02Husos:\u00a0480 por m\u00e1quinaRotor:\u00a0G628BDRodillo de apertura:\u00a0B174DNLimpiador de hilo:\u00a0Corolab XQDCU:\u00a04 unidades para cada m\u00e1quinaMaquinaria todav\u00eda trabajando","og_url":"https:\/\/silqui-tex.com.ar\/en\/product\/schlafhorst-autocoro-aco8-ano-2016\/","og_site_name":"Silqui-Tex","article_modified_time":"2024-10-27T21:49:07+00:00","og_image":[{"width":2560,"height":1920,"url":"https:\/\/silqui-tex.com.ar\/wp-content\/uploads\/2024\/10\/941b7b003de950edd3f548e541263392-scaled.jpg","type":"image\/jpeg"}],"twitter_card":"summary_large_image","twitter_misc":{"Est. reading time":"1 minute"},"schema":{"@context":"https:\/\/schema.org","@graph":[{"@type":"WebPage","@id":"https:\/\/silqui-tex.com.ar\/producto\/schlafhorst-autocoro-aco8-ano-2016\/","url":"https:\/\/silqui-tex.com.ar\/producto\/schlafhorst-autocoro-aco8-ano-2016\/","name":"Schlafhorst Autocoro ACO8 (a\u00f1o 2016) - Silqui-Tex","isPartOf":{"@id":"https:\/\/silqui-tex.com.ar\/#website"},"primaryImageOfPage":{"@id":"https:\/\/silqui-tex.com.ar\/producto\/schlafhorst-autocoro-aco8-ano-2016\/#primaryimage"},"image":{"@id":"https:\/\/silqui-tex.com.ar\/producto\/schlafhorst-autocoro-aco8-ano-2016\/#primaryimage"},"thumbnailUrl":"https:\/\/silqui-tex.com.ar\/wp-content\/uploads\/2024\/10\/941b7b003de950edd3f548e541263392-scaled.jpg","datePublished":"2024-10-27T21:42:44+00:00","dateModified":"2024-10-27T21:49:07+00:00","description":"M\u00e1quinas:\u00a0Schlafhorst Autocoro ACO8 (a\u00f1o 2016)Cantidad:\u00a02Husos:\u00a0480 por m\u00e1quinaRotor:\u00a0G628BDRodillo de apertura:\u00a0B174DNLimpiador de hilo:\u00a0Corolab XQDCU:\u00a04 unidades para cada m\u00e1quinaMaquinaria todav\u00eda trabajando","breadcrumb":{"@id":"https:\/\/silqui-tex.com.ar\/producto\/schlafhorst-autocoro-aco8-ano-2016\/#breadcrumb"},"inLanguage":"en-US","potentialAction":[{"@type":"ReadAction","target":["https:\/\/silqui-tex.com.ar\/producto\/schlafhorst-autocoro-aco8-ano-2016\/"]}]},{"@type":"ImageObject","inLanguage":"en-US","@id":"https:\/\/silqui-tex.com.ar\/producto\/schlafhorst-autocoro-aco8-ano-2016\/#primaryimage","url":"https:\/\/silqui-tex.com.ar\/wp-content\/uploads\/2024\/10\/941b7b003de950edd3f548e541263392-scaled.jpg","contentUrl":"https:\/\/silqui-tex.com.ar\/wp-content\/uploads\/2024\/10\/941b7b003de950edd3f548e541263392-scaled.jpg","width":2560,"height":1920},{"@type":"BreadcrumbList","@id":"https:\/\/silqui-tex.com.ar\/producto\/schlafhorst-autocoro-aco8-ano-2016\/#breadcrumb","itemListElement":[{"@type":"ListItem","position":1,"name":"Portada","item":"https:\/\/silqui-tex.com.ar\/"},{"@type":"ListItem","position":2,"name":"Tienda","item":"https:\/\/silqui-tex.com.ar\/tienda\/"},{"@type":"ListItem","position":3,"name":"Schlafhorst Autocoro ACO8 (a\u00f1o 2016)"}]},{"@type":"WebSite","@id":"https:\/\/silqui-tex.com.ar\/#website","url":"https:\/\/silqui-tex.com.ar\/","name":"Silqui-Tex","description":"Silqui-Tex se especializa en la venta de maquinaria textil y soluciones innovadoras para la industria, con m\u00e1s de 40 a\u00f1os de experiencia en Am\u00e9rica Latina, ofreciendo tecnolog\u00eda de calidad, servicios personalizados y un enfoque en el desarrollo sostenible.","potentialAction":[{"@type":"SearchAction","target":{"@type":"EntryPoint","urlTemplate":"https:\/\/silqui-tex.com.ar\/?s={search_term_string}"},"query-input":{"@type":"PropertyValueSpecification","valueRequired":true,"valueName":"search_term_string"}}],"inLanguage":"en-US"}]}},"_links":{"self":[{"href":"https:\/\/silqui-tex.com.ar\/en\/wp-json\/wp\/v2\/product\/2526","targetHints":{"allow":["GET"]}}],"collection":[{"href":"https:\/\/silqui-tex.com.ar\/en\/wp-json\/wp\/v2\/product"}],"about":[{"href":"https:\/\/silqui-tex.com.ar\/en\/wp-json\/wp\/v2\/types\/product"}],"wp:featuredmedia":[{"embeddable":true,"href":"https:\/\/silqui-tex.com.ar\/en\/wp-json\/wp\/v2\/media\/2530"}],"wp:attachment":[{"href":"https:\/\/silqui-tex.com.ar\/en\/wp-json\/wp\/v2\/media?parent=2526"}],"wp:term":[{"taxonomy":"product_brand","embeddable":true,"href":"https:\/\/silqui-tex.com.ar\/en\/wp-json\/wp\/v2\/product_brand?post=2526"},{"taxonomy":"product_cat","embeddable":true,"href":"https:\/\/silqui-tex.com.ar\/en\/wp-json\/wp\/v2\/product_cat?post=2526"},{"taxonomy":"product_tag","embeddable":true,"href":"https:\/\/silqui-tex.com.ar\/en\/wp-json\/wp\/v2\/product_tag?post=2526"}],"curies":[{"name":"wp","href":"https:\/\/api.w.org\/{rel}","templated":true}]}}