{"id":2533,"date":"2024-10-27T22:00:58","date_gmt":"2024-10-27T22:00:58","guid":{"rendered":"https:\/\/silqui-tex.com.ar\/?post_type=product&#038;p=2533"},"modified":"2024-10-27T22:04:04","modified_gmt":"2024-10-27T22:04:04","slug":"maquina-open-end-jwf1620-nueva-esta-disenada-para-ofrecer-un-rendimiento-eficiente-y-versatil-en-el-hilado-de-fibras","status":"publish","type":"product","link":"https:\/\/silqui-tex.com.ar\/en\/product\/maquina-open-end-jwf1620-nueva-esta-disenada-para-ofrecer-un-rendimiento-eficiente-y-versatil-en-el-hilado-de-fibras\/","title":{"rendered":"The Open End Machine JWF1620 is designed to deliver efficient and versatile performance in fiber spinning."},"content":{"rendered":"<ol>\n<li><strong>Model<\/strong>: JWF1620<\/li>\n<li><strong>M\u00e1ximo de husos<\/strong>: Hasta 600 husos, lo que permite un alto rendimiento en la producci\u00f3n.<\/li>\n<li><strong>Unidad de hilado<\/strong>: Tipo Saurer con doble fila de incrustaciones cer\u00e1micas, garantizando durabilidad y calidad en el hilado.<\/li>\n<li><strong>Tipos de fibras compatibles<\/strong>: Puede procesar algod\u00f3n, mezclas y fibras qu\u00edmicas.<\/li>\n<li><strong>Sistema de ventilaci\u00f3n<\/strong>: Configuraci\u00f3n de ventilaci\u00f3n superior e inferior para optimizar la eliminaci\u00f3n de polvo y residuos.<\/li>\n<li><strong>Eliminaci\u00f3n de impurezas<\/strong>: Cuenta con un sistema de doble descarga de impurezas, con un ventilador en la cabecera y otro en la cola de la m\u00e1quina.<\/li>\n<li><strong>Rodamientos del rotor<\/strong>: Utiliza rodamientos JSM con una velocidad m\u00e1xima de 110,000 RPM.<\/li>\n<li><strong>Alimentaci\u00f3n de fibra<\/strong>: Sistema de alimentaci\u00f3n por motor paso a paso de origen japon\u00e9s, controlando cada huso de manera individual.<\/li>\n<li><strong>Motor principal<\/strong>: De fabricaci\u00f3n nacional, con orificio de lubricaci\u00f3n para facilitar el mantenimiento.<\/li>\n<li><strong>Control y automatizaci\u00f3n<\/strong>: La m\u00e1quina integra un inversor Hitachi y una pantalla de control Siemens, asegurando un manejo preciso y ajustable del proceso de hilado.<\/li>\n<li><strong>Otras caracter\u00edsticas<\/strong>:<\/li>\n<\/ol>\n<ul>\n<li>El sistema de frenado utiliza cabezales cer\u00e1micos espirales con tres ranuras.<\/li>\n<li>Cintur\u00f3n tangencial de Nitta (Jap\u00f3n) o Habasit.<\/li>\n<li>Control electr\u00f3nico independiente del motor servo para el modelado preciso del hilo.<\/li>\n<\/ul>","protected":false},"excerpt":{"rendered":"<ol>\n<li><strong>Model<\/strong>: JWF1620<\/li>\n<li><strong>M\u00e1ximo de husos<\/strong>: Hasta 600 husos, lo que permite un alto rendimiento en la producci\u00f3n.<\/li>\n<li><strong>Unidad de hilado<\/strong>: Tipo Saurer con doble fila de incrustaciones cer\u00e1micas, garantizando durabilidad y calidad en el hilado.<\/li>\n<li><strong>Tipos de fibras compatibles<\/strong>: Puede procesar algod\u00f3n, mezclas y fibras qu\u00edmicas.<\/li>\n<li><strong>Sistema de ventilaci\u00f3n<\/strong>: Configuraci\u00f3n de ventilaci\u00f3n superior e inferior para optimizar la eliminaci\u00f3n de polvo y residuos.<\/li>\n<li><strong>Eliminaci\u00f3n de impurezas<\/strong>: Cuenta con un sistema de doble descarga de impurezas, con un ventilador en la cabecera y otro en la cola de la m\u00e1quina.<\/li>\n<li><strong>Rodamientos del rotor<\/strong>: Utiliza rodamientos JSM con una velocidad m\u00e1xima de 110,000 RPM.<\/li>\n<li><strong>Alimentaci\u00f3n de fibra<\/strong>: Sistema de alimentaci\u00f3n por motor paso a paso de origen japon\u00e9s, controlando cada huso de manera individual.<\/li>\n<li><strong>Motor principal<\/strong>: De fabricaci\u00f3n nacional, con orificio de lubricaci\u00f3n para facilitar el mantenimiento.<\/li>\n<li><strong>Control y automatizaci\u00f3n<\/strong>: La m\u00e1quina integra un inversor Hitachi y una pantalla de control Siemens, asegurando un manejo preciso y ajustable del proceso de hilado.<\/li>\n<li><strong>Otras caracter\u00edsticas<\/strong>:<\/li>\n<\/ol>\n<ul>\n<li>El sistema de frenado utiliza cabezales cer\u00e1micos espirales con tres ranuras.<\/li>\n<li>Cintur\u00f3n tangencial de Nitta (Jap\u00f3n) o Habasit.<\/li>\n<li>Control electr\u00f3nico independiente del motor servo para el modelado preciso del hilo.<\/li>\n<\/ul>","protected":false},"featured_media":2295,"template":"","meta":[],"product_brand":[],"product_cat":[25,37],"product_tag":[],"class_list":{"0":"post-2533","1":"product","2":"type-product","3":"status-publish","4":"has-post-thumbnail","6":"product_cat-maquinaria-de-hilanderia","7":"product_cat-maquinaria-textil-nueva","9":"first","10":"instock","11":"shipping-taxable","12":"product-type-simple"},"yoast_head":"<!-- This site is optimized with the Yoast SEO plugin v27.3 - https:\/\/yoast.com\/product\/yoast-seo-wordpress\/ -->\n<title>M\u00e1quina Open End JWF1620 (NUEVA) est\u00e1 dise\u00f1ada para ofrecer un rendimiento eficiente y vers\u00e1til en el hilado de fibras - Silqui-Tex<\/title>\n<meta name=\"description\" content=\"OPEN END Modelo: JWF1620M\u00e1ximo de husos: Hasta 600 husos, lo que permite un alto rendimiento en la producci\u00f3n.Unidad de hilado: Tipo Saurer con doble fila de incrustaciones cer\u00e1micas, garantizando durabilidad y calidad en el hilado.Tipos de fibras compatibles: Puede procesar algod\u00f3n, mezclas y fibras qu\u00edmicas.Sistema de ventilaci\u00f3n: Configuraci\u00f3n de ventilaci\u00f3n superior e inferior para optimizar la eliminaci\u00f3n de polvo y residuos.Eliminaci\u00f3n de impurezas: Cuenta con un sistema de doble descarga de impurezas, con un ventilador en la cabecera y otro en la cola de la m\u00e1quina.Rodamientos del rotor: Utiliza rodamientos JSM con una velocidad m\u00e1xima de 110,000 RPM.Alimentaci\u00f3n de fibra: Sistema de alimentaci\u00f3n por motor paso a paso de origen japon\u00e9s, controlando cada huso de manera individual.Motor principal: De fabricaci\u00f3n nacional, con orificio de lubricaci\u00f3n para facilitar el mantenimiento.Control y automatizaci\u00f3n: La m\u00e1quina integra un inversor Hitachi y una pantalla de control Siemens, asegurando un manejo preciso y ajustable del proceso de hilado.Otras caracter\u00edsticas:El sistema de frenado utiliza cabezales cer\u00e1micos espirales con tres ranuras.Cintur\u00f3n tangencial de Nitta (Jap\u00f3n) o Habasit.Control electr\u00f3nico independiente del motor servo para el modelado preciso del hilo.\" \/>\n<meta name=\"robots\" content=\"index, follow, max-snippet:-1, max-image-preview:large, max-video-preview:-1\" \/>\n<link rel=\"canonical\" href=\"https:\/\/silqui-tex.com.ar\/en\/product\/maquina-open-end-jwf1620-nueva-esta-disenada-para-ofrecer-un-rendimiento-eficiente-y-versatil-en-el-hilado-de-fibras\/\" \/>\n<meta property=\"og:locale\" content=\"en_US\" \/>\n<meta property=\"og:type\" content=\"article\" \/>\n<meta property=\"og:title\" content=\"M\u00e1quina Open End JWF1620 (NUEVA) est\u00e1 dise\u00f1ada para ofrecer un rendimiento eficiente y vers\u00e1til en el hilado de fibras - Silqui-Tex\" \/>\n<meta property=\"og:description\" content=\"OPEN END Modelo: JWF1620M\u00e1ximo de husos: Hasta 600 husos, lo que permite un alto rendimiento en la producci\u00f3n.Unidad de hilado: Tipo Saurer con doble fila de incrustaciones cer\u00e1micas, garantizando durabilidad y calidad en el hilado.Tipos de fibras compatibles: Puede procesar algod\u00f3n, mezclas y fibras qu\u00edmicas.Sistema de ventilaci\u00f3n: Configuraci\u00f3n de ventilaci\u00f3n superior e inferior para optimizar la eliminaci\u00f3n de polvo y residuos.Eliminaci\u00f3n de impurezas: Cuenta con un sistema de doble descarga de impurezas, con un ventilador en la cabecera y otro en la cola de la m\u00e1quina.Rodamientos del rotor: Utiliza rodamientos JSM con una velocidad m\u00e1xima de 110,000 RPM.Alimentaci\u00f3n de fibra: Sistema de alimentaci\u00f3n por motor paso a paso de origen japon\u00e9s, controlando cada huso de manera individual.Motor principal: De fabricaci\u00f3n nacional, con orificio de lubricaci\u00f3n para facilitar el mantenimiento.Control y automatizaci\u00f3n: La m\u00e1quina integra un inversor Hitachi y una pantalla de control Siemens, asegurando un manejo preciso y ajustable del proceso de hilado.Otras caracter\u00edsticas:El sistema de frenado utiliza cabezales cer\u00e1micos espirales con tres ranuras.Cintur\u00f3n tangencial de Nitta (Jap\u00f3n) o Habasit.Control electr\u00f3nico independiente del motor servo para el modelado preciso del hilo.\" \/>\n<meta property=\"og:url\" content=\"https:\/\/silqui-tex.com.ar\/en\/product\/maquina-open-end-jwf1620-nueva-esta-disenada-para-ofrecer-un-rendimiento-eficiente-y-versatil-en-el-hilado-de-fibras\/\" \/>\n<meta property=\"og:site_name\" content=\"Silqui-Tex\" \/>\n<meta property=\"article:modified_time\" content=\"2024-10-27T22:04:04+00:00\" \/>\n<meta property=\"og:image\" content=\"https:\/\/silqui-tex.com.ar\/wp-content\/uploads\/2024\/06\/E50AA951-3897-4D8B-82AF-E558D46D60A8-scaled.jpeg\" \/>\n\t<meta property=\"og:image:width\" content=\"2560\" \/>\n\t<meta property=\"og:image:height\" content=\"1673\" \/>\n\t<meta property=\"og:image:type\" content=\"image\/jpeg\" \/>\n<meta name=\"twitter:card\" content=\"summary_large_image\" \/>\n<meta name=\"twitter:label1\" content=\"Est. reading time\" \/>\n\t<meta name=\"twitter:data1\" content=\"2 minutes\" \/>\n<script type=\"application\/ld+json\" class=\"yoast-schema-graph\">{\"@context\":\"https:\\\/\\\/schema.org\",\"@graph\":[{\"@type\":\"WebPage\",\"@id\":\"https:\\\/\\\/silqui-tex.com.ar\\\/producto\\\/maquina-open-end-jwf1620-nueva-esta-disenada-para-ofrecer-un-rendimiento-eficiente-y-versatil-en-el-hilado-de-fibras\\\/\",\"url\":\"https:\\\/\\\/silqui-tex.com.ar\\\/producto\\\/maquina-open-end-jwf1620-nueva-esta-disenada-para-ofrecer-un-rendimiento-eficiente-y-versatil-en-el-hilado-de-fibras\\\/\",\"name\":\"M\u00e1quina Open End JWF1620 (NUEVA) est\u00e1 dise\u00f1ada para ofrecer un rendimiento eficiente y vers\u00e1til en el hilado de fibras - Silqui-Tex\",\"isPartOf\":{\"@id\":\"https:\\\/\\\/silqui-tex.com.ar\\\/#website\"},\"primaryImageOfPage\":{\"@id\":\"https:\\\/\\\/silqui-tex.com.ar\\\/producto\\\/maquina-open-end-jwf1620-nueva-esta-disenada-para-ofrecer-un-rendimiento-eficiente-y-versatil-en-el-hilado-de-fibras\\\/#primaryimage\"},\"image\":{\"@id\":\"https:\\\/\\\/silqui-tex.com.ar\\\/producto\\\/maquina-open-end-jwf1620-nueva-esta-disenada-para-ofrecer-un-rendimiento-eficiente-y-versatil-en-el-hilado-de-fibras\\\/#primaryimage\"},\"thumbnailUrl\":\"https:\\\/\\\/silqui-tex.com.ar\\\/wp-content\\\/uploads\\\/2024\\\/06\\\/E50AA951-3897-4D8B-82AF-E558D46D60A8-scaled.jpeg\",\"datePublished\":\"2024-10-27T22:00:58+00:00\",\"dateModified\":\"2024-10-27T22:04:04+00:00\",\"description\":\"OPEN END Modelo: JWF1620M\u00e1ximo de husos: Hasta 600 husos, lo que permite un alto rendimiento en la producci\u00f3n.Unidad de hilado: Tipo Saurer con doble fila de incrustaciones cer\u00e1micas, garantizando durabilidad y calidad en el hilado.Tipos de fibras compatibles: Puede procesar algod\u00f3n, mezclas y fibras qu\u00edmicas.Sistema de ventilaci\u00f3n: Configuraci\u00f3n de ventilaci\u00f3n superior e inferior para optimizar la eliminaci\u00f3n de polvo y residuos.Eliminaci\u00f3n de impurezas: Cuenta con un sistema de doble descarga de impurezas, con un ventilador en la cabecera y otro en la cola de la m\u00e1quina.Rodamientos del rotor: Utiliza rodamientos JSM con una velocidad m\u00e1xima de 110,000 RPM.Alimentaci\u00f3n de fibra: Sistema de alimentaci\u00f3n por motor paso a paso de origen japon\u00e9s, controlando cada huso de manera individual.Motor principal: De fabricaci\u00f3n nacional, con orificio de lubricaci\u00f3n para facilitar el mantenimiento.Control y automatizaci\u00f3n: La m\u00e1quina integra un inversor Hitachi y una pantalla de control Siemens, asegurando un manejo preciso y ajustable del proceso de hilado.Otras caracter\u00edsticas:El sistema de frenado utiliza cabezales cer\u00e1micos espirales con tres ranuras.Cintur\u00f3n tangencial de Nitta (Jap\u00f3n) o Habasit.Control electr\u00f3nico independiente del motor servo para el modelado preciso del hilo.\",\"breadcrumb\":{\"@id\":\"https:\\\/\\\/silqui-tex.com.ar\\\/producto\\\/maquina-open-end-jwf1620-nueva-esta-disenada-para-ofrecer-un-rendimiento-eficiente-y-versatil-en-el-hilado-de-fibras\\\/#breadcrumb\"},\"inLanguage\":\"en-US\",\"potentialAction\":[{\"@type\":\"ReadAction\",\"target\":[\"https:\\\/\\\/silqui-tex.com.ar\\\/producto\\\/maquina-open-end-jwf1620-nueva-esta-disenada-para-ofrecer-un-rendimiento-eficiente-y-versatil-en-el-hilado-de-fibras\\\/\"]}]},{\"@type\":\"ImageObject\",\"inLanguage\":\"en-US\",\"@id\":\"https:\\\/\\\/silqui-tex.com.ar\\\/producto\\\/maquina-open-end-jwf1620-nueva-esta-disenada-para-ofrecer-un-rendimiento-eficiente-y-versatil-en-el-hilado-de-fibras\\\/#primaryimage\",\"url\":\"https:\\\/\\\/silqui-tex.com.ar\\\/wp-content\\\/uploads\\\/2024\\\/06\\\/E50AA951-3897-4D8B-82AF-E558D46D60A8-scaled.jpeg\",\"contentUrl\":\"https:\\\/\\\/silqui-tex.com.ar\\\/wp-content\\\/uploads\\\/2024\\\/06\\\/E50AA951-3897-4D8B-82AF-E558D46D60A8-scaled.jpeg\",\"width\":2560,\"height\":1673,\"caption\":\"Sistema de hilado Open End de alta eficiencia para grandes producciones textiles.\"},{\"@type\":\"BreadcrumbList\",\"@id\":\"https:\\\/\\\/silqui-tex.com.ar\\\/producto\\\/maquina-open-end-jwf1620-nueva-esta-disenada-para-ofrecer-un-rendimiento-eficiente-y-versatil-en-el-hilado-de-fibras\\\/#breadcrumb\",\"itemListElement\":[{\"@type\":\"ListItem\",\"position\":1,\"name\":\"Portada\",\"item\":\"https:\\\/\\\/silqui-tex.com.ar\\\/\"},{\"@type\":\"ListItem\",\"position\":2,\"name\":\"Tienda\",\"item\":\"https:\\\/\\\/silqui-tex.com.ar\\\/tienda\\\/\"},{\"@type\":\"ListItem\",\"position\":3,\"name\":\"M\u00e1quina Open End JWF1620 (NUEVA) est\u00e1 dise\u00f1ada para ofrecer un rendimiento eficiente y vers\u00e1til en el hilado de fibras\"}]},{\"@type\":\"WebSite\",\"@id\":\"https:\\\/\\\/silqui-tex.com.ar\\\/#website\",\"url\":\"https:\\\/\\\/silqui-tex.com.ar\\\/\",\"name\":\"Silqui-Tex\",\"description\":\"Silqui-Tex se especializa en la venta de maquinaria textil y soluciones innovadoras para la industria, con m\u00e1s de 40 a\u00f1os de experiencia en Am\u00e9rica Latina, ofreciendo tecnolog\u00eda de calidad, servicios personalizados y un enfoque en el desarrollo sostenible.\",\"potentialAction\":[{\"@type\":\"SearchAction\",\"target\":{\"@type\":\"EntryPoint\",\"urlTemplate\":\"https:\\\/\\\/silqui-tex.com.ar\\\/?s={search_term_string}\"},\"query-input\":{\"@type\":\"PropertyValueSpecification\",\"valueRequired\":true,\"valueName\":\"search_term_string\"}}],\"inLanguage\":\"en-US\"}]}<\/script>\n<!-- \/ Yoast SEO plugin. -->","yoast_head_json":{"title":"M\u00e1quina Open End JWF1620 (NUEVA) est\u00e1 dise\u00f1ada para ofrecer un rendimiento eficiente y vers\u00e1til en el hilado de fibras - Silqui-Tex","description":"OPEN END Modelo: JWF1620M\u00e1ximo de husos: Hasta 600 husos, lo que permite un alto rendimiento en la producci\u00f3n.Unidad de hilado: Tipo Saurer con doble fila de incrustaciones cer\u00e1micas, garantizando durabilidad y calidad en el hilado.Tipos de fibras compatibles: Puede procesar algod\u00f3n, mezclas y fibras qu\u00edmicas.Sistema de ventilaci\u00f3n: Configuraci\u00f3n de ventilaci\u00f3n superior e inferior para optimizar la eliminaci\u00f3n de polvo y residuos.Eliminaci\u00f3n de impurezas: Cuenta con un sistema de doble descarga de impurezas, con un ventilador en la cabecera y otro en la cola de la m\u00e1quina.Rodamientos del rotor: Utiliza rodamientos JSM con una velocidad m\u00e1xima de 110,000 RPM.Alimentaci\u00f3n de fibra: Sistema de alimentaci\u00f3n por motor paso a paso de origen japon\u00e9s, controlando cada huso de manera individual.Motor principal: De fabricaci\u00f3n nacional, con orificio de lubricaci\u00f3n para facilitar el mantenimiento.Control y automatizaci\u00f3n: La m\u00e1quina integra un inversor Hitachi y una pantalla de control Siemens, asegurando un manejo preciso y ajustable del proceso de hilado.Otras caracter\u00edsticas:El sistema de frenado utiliza cabezales cer\u00e1micos espirales con tres ranuras.Cintur\u00f3n tangencial de Nitta (Jap\u00f3n) o Habasit.Control electr\u00f3nico independiente del motor servo para el modelado preciso del hilo.","robots":{"index":"index","follow":"follow","max-snippet":"max-snippet:-1","max-image-preview":"max-image-preview:large","max-video-preview":"max-video-preview:-1"},"canonical":"https:\/\/silqui-tex.com.ar\/en\/product\/maquina-open-end-jwf1620-nueva-esta-disenada-para-ofrecer-un-rendimiento-eficiente-y-versatil-en-el-hilado-de-fibras\/","og_locale":"en_US","og_type":"article","og_title":"M\u00e1quina Open End JWF1620 (NUEVA) est\u00e1 dise\u00f1ada para ofrecer un rendimiento eficiente y vers\u00e1til en el hilado de fibras - Silqui-Tex","og_description":"OPEN END Modelo: JWF1620M\u00e1ximo de husos: Hasta 600 husos, lo que permite un alto rendimiento en la producci\u00f3n.Unidad de hilado: Tipo Saurer con doble fila de incrustaciones cer\u00e1micas, garantizando durabilidad y calidad en el hilado.Tipos de fibras compatibles: Puede procesar algod\u00f3n, mezclas y fibras qu\u00edmicas.Sistema de ventilaci\u00f3n: Configuraci\u00f3n de ventilaci\u00f3n superior e inferior para optimizar la eliminaci\u00f3n de polvo y residuos.Eliminaci\u00f3n de impurezas: Cuenta con un sistema de doble descarga de impurezas, con un ventilador en la cabecera y otro en la cola de la m\u00e1quina.Rodamientos del rotor: Utiliza rodamientos JSM con una velocidad m\u00e1xima de 110,000 RPM.Alimentaci\u00f3n de fibra: Sistema de alimentaci\u00f3n por motor paso a paso de origen japon\u00e9s, controlando cada huso de manera individual.Motor principal: De fabricaci\u00f3n nacional, con orificio de lubricaci\u00f3n para facilitar el mantenimiento.Control y automatizaci\u00f3n: La m\u00e1quina integra un inversor Hitachi y una pantalla de control Siemens, asegurando un manejo preciso y ajustable del proceso de hilado.Otras caracter\u00edsticas:El sistema de frenado utiliza cabezales cer\u00e1micos espirales con tres ranuras.Cintur\u00f3n tangencial de Nitta (Jap\u00f3n) o Habasit.Control electr\u00f3nico independiente del motor servo para el modelado preciso del hilo.","og_url":"https:\/\/silqui-tex.com.ar\/en\/product\/maquina-open-end-jwf1620-nueva-esta-disenada-para-ofrecer-un-rendimiento-eficiente-y-versatil-en-el-hilado-de-fibras\/","og_site_name":"Silqui-Tex","article_modified_time":"2024-10-27T22:04:04+00:00","og_image":[{"width":2560,"height":1673,"url":"https:\/\/silqui-tex.com.ar\/wp-content\/uploads\/2024\/06\/E50AA951-3897-4D8B-82AF-E558D46D60A8-scaled.jpeg","type":"image\/jpeg"}],"twitter_card":"summary_large_image","twitter_misc":{"Est. reading time":"2 minutes"},"schema":{"@context":"https:\/\/schema.org","@graph":[{"@type":"WebPage","@id":"https:\/\/silqui-tex.com.ar\/producto\/maquina-open-end-jwf1620-nueva-esta-disenada-para-ofrecer-un-rendimiento-eficiente-y-versatil-en-el-hilado-de-fibras\/","url":"https:\/\/silqui-tex.com.ar\/producto\/maquina-open-end-jwf1620-nueva-esta-disenada-para-ofrecer-un-rendimiento-eficiente-y-versatil-en-el-hilado-de-fibras\/","name":"M\u00e1quina Open End JWF1620 (NUEVA) est\u00e1 dise\u00f1ada para ofrecer un rendimiento eficiente y vers\u00e1til en el hilado de fibras - Silqui-Tex","isPartOf":{"@id":"https:\/\/silqui-tex.com.ar\/#website"},"primaryImageOfPage":{"@id":"https:\/\/silqui-tex.com.ar\/producto\/maquina-open-end-jwf1620-nueva-esta-disenada-para-ofrecer-un-rendimiento-eficiente-y-versatil-en-el-hilado-de-fibras\/#primaryimage"},"image":{"@id":"https:\/\/silqui-tex.com.ar\/producto\/maquina-open-end-jwf1620-nueva-esta-disenada-para-ofrecer-un-rendimiento-eficiente-y-versatil-en-el-hilado-de-fibras\/#primaryimage"},"thumbnailUrl":"https:\/\/silqui-tex.com.ar\/wp-content\/uploads\/2024\/06\/E50AA951-3897-4D8B-82AF-E558D46D60A8-scaled.jpeg","datePublished":"2024-10-27T22:00:58+00:00","dateModified":"2024-10-27T22:04:04+00:00","description":"OPEN END Modelo: JWF1620M\u00e1ximo de husos: Hasta 600 husos, lo que permite un alto rendimiento en la producci\u00f3n.Unidad de hilado: Tipo Saurer con doble fila de incrustaciones cer\u00e1micas, garantizando durabilidad y calidad en el hilado.Tipos de fibras compatibles: Puede procesar algod\u00f3n, mezclas y fibras qu\u00edmicas.Sistema de ventilaci\u00f3n: Configuraci\u00f3n de ventilaci\u00f3n superior e inferior para optimizar la eliminaci\u00f3n de polvo y residuos.Eliminaci\u00f3n de impurezas: Cuenta con un sistema de doble descarga de impurezas, con un ventilador en la cabecera y otro en la cola de la m\u00e1quina.Rodamientos del rotor: Utiliza rodamientos JSM con una velocidad m\u00e1xima de 110,000 RPM.Alimentaci\u00f3n de fibra: Sistema de alimentaci\u00f3n por motor paso a paso de origen japon\u00e9s, controlando cada huso de manera individual.Motor principal: De fabricaci\u00f3n nacional, con orificio de lubricaci\u00f3n para facilitar el mantenimiento.Control y automatizaci\u00f3n: La m\u00e1quina integra un inversor Hitachi y una pantalla de control Siemens, asegurando un manejo preciso y ajustable del proceso de hilado.Otras caracter\u00edsticas:El sistema de frenado utiliza cabezales cer\u00e1micos espirales con tres ranuras.Cintur\u00f3n tangencial de Nitta (Jap\u00f3n) o Habasit.Control electr\u00f3nico independiente del motor servo para el modelado preciso del hilo.","breadcrumb":{"@id":"https:\/\/silqui-tex.com.ar\/producto\/maquina-open-end-jwf1620-nueva-esta-disenada-para-ofrecer-un-rendimiento-eficiente-y-versatil-en-el-hilado-de-fibras\/#breadcrumb"},"inLanguage":"en-US","potentialAction":[{"@type":"ReadAction","target":["https:\/\/silqui-tex.com.ar\/producto\/maquina-open-end-jwf1620-nueva-esta-disenada-para-ofrecer-un-rendimiento-eficiente-y-versatil-en-el-hilado-de-fibras\/"]}]},{"@type":"ImageObject","inLanguage":"en-US","@id":"https:\/\/silqui-tex.com.ar\/producto\/maquina-open-end-jwf1620-nueva-esta-disenada-para-ofrecer-un-rendimiento-eficiente-y-versatil-en-el-hilado-de-fibras\/#primaryimage","url":"https:\/\/silqui-tex.com.ar\/wp-content\/uploads\/2024\/06\/E50AA951-3897-4D8B-82AF-E558D46D60A8-scaled.jpeg","contentUrl":"https:\/\/silqui-tex.com.ar\/wp-content\/uploads\/2024\/06\/E50AA951-3897-4D8B-82AF-E558D46D60A8-scaled.jpeg","width":2560,"height":1673,"caption":"Sistema de hilado Open End de alta eficiencia para grandes producciones textiles."},{"@type":"BreadcrumbList","@id":"https:\/\/silqui-tex.com.ar\/producto\/maquina-open-end-jwf1620-nueva-esta-disenada-para-ofrecer-un-rendimiento-eficiente-y-versatil-en-el-hilado-de-fibras\/#breadcrumb","itemListElement":[{"@type":"ListItem","position":1,"name":"Portada","item":"https:\/\/silqui-tex.com.ar\/"},{"@type":"ListItem","position":2,"name":"Tienda","item":"https:\/\/silqui-tex.com.ar\/tienda\/"},{"@type":"ListItem","position":3,"name":"M\u00e1quina Open End JWF1620 (NUEVA) est\u00e1 dise\u00f1ada para ofrecer un rendimiento eficiente y vers\u00e1til en el hilado de fibras"}]},{"@type":"WebSite","@id":"https:\/\/silqui-tex.com.ar\/#website","url":"https:\/\/silqui-tex.com.ar\/","name":"Silqui-Tex","description":"Silqui-Tex se especializa en la venta de maquinaria textil y soluciones innovadoras para la industria, con m\u00e1s de 40 a\u00f1os de experiencia en Am\u00e9rica Latina, ofreciendo tecnolog\u00eda de calidad, servicios personalizados y un enfoque en el desarrollo sostenible.","potentialAction":[{"@type":"SearchAction","target":{"@type":"EntryPoint","urlTemplate":"https:\/\/silqui-tex.com.ar\/?s={search_term_string}"},"query-input":{"@type":"PropertyValueSpecification","valueRequired":true,"valueName":"search_term_string"}}],"inLanguage":"en-US"}]}},"_links":{"self":[{"href":"https:\/\/silqui-tex.com.ar\/en\/wp-json\/wp\/v2\/product\/2533","targetHints":{"allow":["GET"]}}],"collection":[{"href":"https:\/\/silqui-tex.com.ar\/en\/wp-json\/wp\/v2\/product"}],"about":[{"href":"https:\/\/silqui-tex.com.ar\/en\/wp-json\/wp\/v2\/types\/product"}],"wp:featuredmedia":[{"embeddable":true,"href":"https:\/\/silqui-tex.com.ar\/en\/wp-json\/wp\/v2\/media\/2295"}],"wp:attachment":[{"href":"https:\/\/silqui-tex.com.ar\/en\/wp-json\/wp\/v2\/media?parent=2533"}],"wp:term":[{"taxonomy":"product_brand","embeddable":true,"href":"https:\/\/silqui-tex.com.ar\/en\/wp-json\/wp\/v2\/product_brand?post=2533"},{"taxonomy":"product_cat","embeddable":true,"href":"https:\/\/silqui-tex.com.ar\/en\/wp-json\/wp\/v2\/product_cat?post=2533"},{"taxonomy":"product_tag","embeddable":true,"href":"https:\/\/silqui-tex.com.ar\/en\/wp-json\/wp\/v2\/product_tag?post=2533"}],"curies":[{"name":"wp","href":"https:\/\/api.w.org\/{rel}","templated":true}]}}