{"id":263,"date":"2023-04-13T15:23:52","date_gmt":"2023-04-13T15:23:52","guid":{"rendered":"https:\/\/silqui-tex.com.ar\/?post_type=product&#038;p=263"},"modified":"2023-09-21T23:30:39","modified_gmt":"2023-09-21T23:30:39","slug":"10-x-itema-r9500-rapier","status":"publish","type":"product","link":"https:\/\/silqui-tex.com.ar\/en\/product\/10-x-itema-r9500-rapier\/","title":{"rendered":"10 X Itema  R9500 Rapier"},"content":{"rendered":"<ul>\n<li>Working Width in cm: 210<\/li>\n<li><span style=\"font-weight: 400\"> No Of Colors: 4<\/span><\/li>\n<li><span style=\"font-weight: 400\"> No Of Prewinder Set: 4<\/span><\/li>\n<li><span style=\"font-weight: 400\"> Shedding Motion Make: Staubli<\/span><\/li>\n<li><span style=\"font-weight: 400\"> Shedding Motion Model: S3060 E3 DRC<\/span><\/li>\n<li><span style=\"font-weight: 400\"> Shedding Motion Type: Electronic<\/span><\/li>\n<li><span style=\"font-weight: 400\"> Shedding Motion Capacity: 16<\/span><\/li>\n<li><span style=\"font-weight: 400\"> Shedding Motion Installed Capacity: 16<\/span><\/li>\n<li><span style=\"font-weight: 400\"> No of Frames Supplied: 6<\/span><\/li>\n<li><span style=\"font-weight: 400\"> Take-Up Motion: Electronic<\/span><\/li>\n<li><span style=\"font-weight: 400\"> Let-off Motion: Electronic<\/span><\/li>\n<li><span style=\"font-weight: 400\"> Temple Type: Normal<\/span><\/li>\n<li><span style=\"font-weight: 400\"> No of Back Rest Roll: 2<\/span><\/li>\n<li><span style=\"font-weight: 400\"> No of Warp Stop Bar: 6<\/span><\/li>\n<li><span style=\"font-weight: 400\"> No of Warp Beam Supplied: 1,5<\/span><\/li>\n<li><span style=\"font-weight: 400\"> Cloth Take-Up Type: Batching Motion<\/span><\/li>\n<li><span style=\"font-weight: 400\"> Beam Type: Single<\/span><\/li>\n<li><span style=\"font-weight: 400\"> Warp Beam Dia in mm: 1100<\/span><\/li>\n<li><span style=\"font-weight: 400\"> Batching Motion Make: Neuenhauser<\/span><\/li>\n<li><span style=\"font-weight: 400\"> Type of Fabric: Cotton\/Lycra-Denim<\/span><\/li>\n<li><span style=\"font-weight: 400\"> Selvedge Type: ELD<\/span><\/li>\n<\/ul>","protected":false},"excerpt":{"rendered":"<ul>\n<li><span style=\"font-weight: 400\">Make: Itema\u00a0<\/span><\/li>\n<li><span style=\"font-weight: 400\"> Model: R9500<\/span><\/li>\n<li><span style=\"font-weight: 400\"> Shedding Mechanism: Dobby<\/span><\/li>\n<li><span style=\"font-weight: 400\"> Year: 2016<\/span><\/li>\n<\/ul>","protected":false},"featured_media":264,"template":"","meta":[],"product_brand":[],"product_cat":[26],"product_tag":[],"class_list":{"0":"post-263","1":"product","2":"type-product","3":"status-publish","4":"has-post-thumbnail","6":"product_cat-maquinaria-de-tejeduria","8":"first","9":"instock","10":"shipping-taxable","11":"product-type-simple"},"yoast_head":"<!-- This site is optimized with the Yoast SEO plugin v27.3 - https:\/\/yoast.com\/product\/yoast-seo-wordpress\/ -->\n<title>10 X Itema R9500 Rapier - Silqui-Tex<\/title>\n<meta name=\"robots\" content=\"index, follow, max-snippet:-1, max-image-preview:large, max-video-preview:-1\" \/>\n<link rel=\"canonical\" href=\"https:\/\/silqui-tex.com.ar\/en\/product\/10-x-itema-r9500-rapier\/\" \/>\n<meta property=\"og:locale\" content=\"en_US\" \/>\n<meta property=\"og:type\" content=\"article\" \/>\n<meta property=\"og:title\" content=\"10 X Itema R9500 Rapier - Silqui-Tex\" \/>\n<meta property=\"og:description\" content=\"Make: Itema\u00a0   Model: R9500   Shedding Mechanism: Dobby   Year: 2016\" \/>\n<meta property=\"og:url\" content=\"https:\/\/silqui-tex.com.ar\/en\/product\/10-x-itema-r9500-rapier\/\" \/>\n<meta property=\"og:site_name\" content=\"Silqui-Tex\" \/>\n<meta property=\"article:modified_time\" content=\"2023-09-21T23:30:39+00:00\" \/>\n<meta property=\"og:image\" content=\"https:\/\/silqui-tex.com.ar\/wp-content\/uploads\/2023\/04\/PHOTO-2023-02-22-14-47-48.jpg\" \/>\n\t<meta property=\"og:image:width\" content=\"1024\" \/>\n\t<meta property=\"og:image:height\" content=\"768\" \/>\n\t<meta property=\"og:image:type\" content=\"image\/jpeg\" \/>\n<meta name=\"twitter:card\" content=\"summary_large_image\" \/>\n<meta name=\"twitter:label1\" content=\"Est. reading time\" \/>\n\t<meta name=\"twitter:data1\" content=\"1 minute\" \/>\n<script type=\"application\/ld+json\" class=\"yoast-schema-graph\">{\"@context\":\"https:\\\/\\\/schema.org\",\"@graph\":[{\"@type\":\"WebPage\",\"@id\":\"https:\\\/\\\/silqui-tex.com.ar\\\/producto\\\/10-x-itema-r9500-rapier\\\/\",\"url\":\"https:\\\/\\\/silqui-tex.com.ar\\\/producto\\\/10-x-itema-r9500-rapier\\\/\",\"name\":\"10 X Itema R9500 Rapier - Silqui-Tex\",\"isPartOf\":{\"@id\":\"https:\\\/\\\/silqui-tex.com.ar\\\/#website\"},\"primaryImageOfPage\":{\"@id\":\"https:\\\/\\\/silqui-tex.com.ar\\\/producto\\\/10-x-itema-r9500-rapier\\\/#primaryimage\"},\"image\":{\"@id\":\"https:\\\/\\\/silqui-tex.com.ar\\\/producto\\\/10-x-itema-r9500-rapier\\\/#primaryimage\"},\"thumbnailUrl\":\"https:\\\/\\\/silqui-tex.com.ar\\\/wp-content\\\/uploads\\\/2023\\\/04\\\/PHOTO-2023-02-22-14-47-48.jpg\",\"datePublished\":\"2023-04-13T15:23:52+00:00\",\"dateModified\":\"2023-09-21T23:30:39+00:00\",\"breadcrumb\":{\"@id\":\"https:\\\/\\\/silqui-tex.com.ar\\\/producto\\\/10-x-itema-r9500-rapier\\\/#breadcrumb\"},\"inLanguage\":\"en-US\",\"potentialAction\":[{\"@type\":\"ReadAction\",\"target\":[\"https:\\\/\\\/silqui-tex.com.ar\\\/producto\\\/10-x-itema-r9500-rapier\\\/\"]}]},{\"@type\":\"ImageObject\",\"inLanguage\":\"en-US\",\"@id\":\"https:\\\/\\\/silqui-tex.com.ar\\\/producto\\\/10-x-itema-r9500-rapier\\\/#primaryimage\",\"url\":\"https:\\\/\\\/silqui-tex.com.ar\\\/wp-content\\\/uploads\\\/2023\\\/04\\\/PHOTO-2023-02-22-14-47-48.jpg\",\"contentUrl\":\"https:\\\/\\\/silqui-tex.com.ar\\\/wp-content\\\/uploads\\\/2023\\\/04\\\/PHOTO-2023-02-22-14-47-48.jpg\",\"width\":1024,\"height\":768},{\"@type\":\"BreadcrumbList\",\"@id\":\"https:\\\/\\\/silqui-tex.com.ar\\\/producto\\\/10-x-itema-r9500-rapier\\\/#breadcrumb\",\"itemListElement\":[{\"@type\":\"ListItem\",\"position\":1,\"name\":\"Portada\",\"item\":\"https:\\\/\\\/silqui-tex.com.ar\\\/\"},{\"@type\":\"ListItem\",\"position\":2,\"name\":\"Tienda\",\"item\":\"https:\\\/\\\/silqui-tex.com.ar\\\/tienda\\\/\"},{\"@type\":\"ListItem\",\"position\":3,\"name\":\"10 X Itema R9500 Rapier\"}]},{\"@type\":\"WebSite\",\"@id\":\"https:\\\/\\\/silqui-tex.com.ar\\\/#website\",\"url\":\"https:\\\/\\\/silqui-tex.com.ar\\\/\",\"name\":\"Silqui-Tex\",\"description\":\"Silqui-Tex se especializa en la venta de maquinaria textil y soluciones innovadoras para la industria, con m\u00e1s de 40 a\u00f1os de experiencia en Am\u00e9rica Latina, ofreciendo tecnolog\u00eda de calidad, servicios personalizados y un enfoque en el desarrollo sostenible.\",\"potentialAction\":[{\"@type\":\"SearchAction\",\"target\":{\"@type\":\"EntryPoint\",\"urlTemplate\":\"https:\\\/\\\/silqui-tex.com.ar\\\/?s={search_term_string}\"},\"query-input\":{\"@type\":\"PropertyValueSpecification\",\"valueRequired\":true,\"valueName\":\"search_term_string\"}}],\"inLanguage\":\"en-US\"}]}<\/script>\n<!-- \/ Yoast SEO plugin. -->","yoast_head_json":{"title":"10 X Itema R9500 Rapier - Silqui-Tex","robots":{"index":"index","follow":"follow","max-snippet":"max-snippet:-1","max-image-preview":"max-image-preview:large","max-video-preview":"max-video-preview:-1"},"canonical":"https:\/\/silqui-tex.com.ar\/en\/product\/10-x-itema-r9500-rapier\/","og_locale":"en_US","og_type":"article","og_title":"10 X Itema R9500 Rapier - Silqui-Tex","og_description":"Make: Itema\u00a0   Model: R9500   Shedding Mechanism: Dobby   Year: 2016","og_url":"https:\/\/silqui-tex.com.ar\/en\/product\/10-x-itema-r9500-rapier\/","og_site_name":"Silqui-Tex","article_modified_time":"2023-09-21T23:30:39+00:00","og_image":[{"width":1024,"height":768,"url":"https:\/\/silqui-tex.com.ar\/wp-content\/uploads\/2023\/04\/PHOTO-2023-02-22-14-47-48.jpg","type":"image\/jpeg"}],"twitter_card":"summary_large_image","twitter_misc":{"Est. reading time":"1 minute"},"schema":{"@context":"https:\/\/schema.org","@graph":[{"@type":"WebPage","@id":"https:\/\/silqui-tex.com.ar\/producto\/10-x-itema-r9500-rapier\/","url":"https:\/\/silqui-tex.com.ar\/producto\/10-x-itema-r9500-rapier\/","name":"10 X Itema R9500 Rapier - Silqui-Tex","isPartOf":{"@id":"https:\/\/silqui-tex.com.ar\/#website"},"primaryImageOfPage":{"@id":"https:\/\/silqui-tex.com.ar\/producto\/10-x-itema-r9500-rapier\/#primaryimage"},"image":{"@id":"https:\/\/silqui-tex.com.ar\/producto\/10-x-itema-r9500-rapier\/#primaryimage"},"thumbnailUrl":"https:\/\/silqui-tex.com.ar\/wp-content\/uploads\/2023\/04\/PHOTO-2023-02-22-14-47-48.jpg","datePublished":"2023-04-13T15:23:52+00:00","dateModified":"2023-09-21T23:30:39+00:00","breadcrumb":{"@id":"https:\/\/silqui-tex.com.ar\/producto\/10-x-itema-r9500-rapier\/#breadcrumb"},"inLanguage":"en-US","potentialAction":[{"@type":"ReadAction","target":["https:\/\/silqui-tex.com.ar\/producto\/10-x-itema-r9500-rapier\/"]}]},{"@type":"ImageObject","inLanguage":"en-US","@id":"https:\/\/silqui-tex.com.ar\/producto\/10-x-itema-r9500-rapier\/#primaryimage","url":"https:\/\/silqui-tex.com.ar\/wp-content\/uploads\/2023\/04\/PHOTO-2023-02-22-14-47-48.jpg","contentUrl":"https:\/\/silqui-tex.com.ar\/wp-content\/uploads\/2023\/04\/PHOTO-2023-02-22-14-47-48.jpg","width":1024,"height":768},{"@type":"BreadcrumbList","@id":"https:\/\/silqui-tex.com.ar\/producto\/10-x-itema-r9500-rapier\/#breadcrumb","itemListElement":[{"@type":"ListItem","position":1,"name":"Portada","item":"https:\/\/silqui-tex.com.ar\/"},{"@type":"ListItem","position":2,"name":"Tienda","item":"https:\/\/silqui-tex.com.ar\/tienda\/"},{"@type":"ListItem","position":3,"name":"10 X Itema R9500 Rapier"}]},{"@type":"WebSite","@id":"https:\/\/silqui-tex.com.ar\/#website","url":"https:\/\/silqui-tex.com.ar\/","name":"Silqui-Tex","description":"Silqui-Tex se especializa en la venta de maquinaria textil y soluciones innovadoras para la industria, con m\u00e1s de 40 a\u00f1os de experiencia en Am\u00e9rica Latina, ofreciendo tecnolog\u00eda de calidad, servicios personalizados y un enfoque en el desarrollo sostenible.","potentialAction":[{"@type":"SearchAction","target":{"@type":"EntryPoint","urlTemplate":"https:\/\/silqui-tex.com.ar\/?s={search_term_string}"},"query-input":{"@type":"PropertyValueSpecification","valueRequired":true,"valueName":"search_term_string"}}],"inLanguage":"en-US"}]}},"_links":{"self":[{"href":"https:\/\/silqui-tex.com.ar\/en\/wp-json\/wp\/v2\/product\/263","targetHints":{"allow":["GET"]}}],"collection":[{"href":"https:\/\/silqui-tex.com.ar\/en\/wp-json\/wp\/v2\/product"}],"about":[{"href":"https:\/\/silqui-tex.com.ar\/en\/wp-json\/wp\/v2\/types\/product"}],"wp:featuredmedia":[{"embeddable":true,"href":"https:\/\/silqui-tex.com.ar\/en\/wp-json\/wp\/v2\/media\/264"}],"wp:attachment":[{"href":"https:\/\/silqui-tex.com.ar\/en\/wp-json\/wp\/v2\/media?parent=263"}],"wp:term":[{"taxonomy":"product_brand","embeddable":true,"href":"https:\/\/silqui-tex.com.ar\/en\/wp-json\/wp\/v2\/product_brand?post=263"},{"taxonomy":"product_cat","embeddable":true,"href":"https:\/\/silqui-tex.com.ar\/en\/wp-json\/wp\/v2\/product_cat?post=263"},{"taxonomy":"product_tag","embeddable":true,"href":"https:\/\/silqui-tex.com.ar\/en\/wp-json\/wp\/v2\/product_tag?post=263"}],"curies":[{"name":"wp","href":"https:\/\/api.w.org\/{rel}","templated":true}]}}