{"id":2739,"date":"2025-01-16T12:07:43","date_gmt":"2025-01-16T12:07:43","guid":{"rendered":"https:\/\/silqui-tex.com.ar\/?post_type=product&#038;p=2739"},"modified":"2025-07-25T04:14:26","modified_gmt":"2025-07-25T04:14:26","slug":"revisadora-de-tela-200cm-con-enrollador","status":"publish","type":"product","link":"https:\/\/silqui-tex.com.ar\/en\/product\/revisadora-de-tela-200cm-con-enrollador\/","title":{"rendered":"Revisadora de Tela 200cm con Enrollador"},"content":{"rendered":"<p><strong>Revisadora de Tela<\/strong><br \/>\n&#8211; Ancho de Trabajo: 200 cm<br \/>\n&#8211; Equipamiento Incluido:<br \/>\n&#8211; Enrollador de tela.<\/p>\n<p>&#8211; Aplicaciones: Ideal para inspecci\u00f3n, correcci\u00f3n y enrollado de tejidos en diversos tipos de producci\u00f3n textil.<\/p>\n<p>Dise\u00f1ada para ofrecer eficiencia y calidad, esta revisadora se adapta a las necesidades de la industria con tecnolog\u00eda avanzada y facilidad de uso.<\/p>\n<p>&nbsp;<\/p>\n<hr \/>\n<p><strong>Silqui-Tex International<\/strong>: Experience, Innovation, and Service in the Textile Sector.<\/p>","protected":false},"excerpt":{"rendered":"<p><strong>Revisadora de Tela<\/strong><br \/>\n&#8211; Ancho de Trabajo: 200 cm<br \/>\n&#8211; Equipamiento Incluido:<br \/>\n&#8211; Enrollador de tela.<\/p>","protected":false},"featured_media":2740,"template":"","meta":[],"product_brand":[],"product_cat":[75],"product_tag":[],"class_list":{"0":"post-2739","1":"product","2":"type-product","3":"status-publish","4":"has-post-thumbnail","6":"product_cat-stock","8":"first","9":"instock","10":"shipping-taxable","11":"product-type-simple"},"yoast_head":"<!-- This site is optimized with the Yoast SEO plugin v27.3 - https:\/\/yoast.com\/product\/yoast-seo-wordpress\/ -->\n<title>Revisadora de Tela 200cm con Enrollador - Silqui-Tex<\/title>\n<meta name=\"description\" content=\"Revisadora de Tela- Ancho de Trabajo: 200 cm- Equipamiento Incluido:- Enrollador de tela.\" \/>\n<meta name=\"robots\" content=\"index, follow, max-snippet:-1, max-image-preview:large, max-video-preview:-1\" \/>\n<link rel=\"canonical\" href=\"https:\/\/silqui-tex.com.ar\/en\/product\/revisadora-de-tela-200cm-con-enrollador\/\" \/>\n<meta property=\"og:locale\" content=\"en_US\" \/>\n<meta property=\"og:type\" content=\"article\" \/>\n<meta property=\"og:title\" content=\"Revisadora de Tela 200cm con Enrollador - Silqui-Tex\" \/>\n<meta property=\"og:description\" content=\"Revisadora de Tela- Ancho de Trabajo: 200 cm- Equipamiento Incluido:- Enrollador de tela.\" \/>\n<meta property=\"og:url\" content=\"https:\/\/silqui-tex.com.ar\/en\/product\/revisadora-de-tela-200cm-con-enrollador\/\" \/>\n<meta property=\"og:site_name\" content=\"Silqui-Tex\" \/>\n<meta property=\"article:modified_time\" content=\"2025-07-25T04:14:26+00:00\" \/>\n<meta property=\"og:image\" content=\"https:\/\/silqui-tex.com.ar\/wp-content\/uploads\/2025\/01\/62A0D5E8-0AE1-4A3F-9252-38F33774BF89-scaled.jpeg\" \/>\n\t<meta property=\"og:image:width\" content=\"1920\" \/>\n\t<meta property=\"og:image:height\" content=\"2560\" \/>\n\t<meta property=\"og:image:type\" content=\"image\/jpeg\" \/>\n<meta name=\"twitter:card\" content=\"summary_large_image\" \/>\n<meta name=\"twitter:label1\" content=\"Est. reading time\" \/>\n\t<meta name=\"twitter:data1\" content=\"1 minute\" \/>\n<script type=\"application\/ld+json\" class=\"yoast-schema-graph\">{\"@context\":\"https:\\\/\\\/schema.org\",\"@graph\":[{\"@type\":\"WebPage\",\"@id\":\"https:\\\/\\\/silqui-tex.com.ar\\\/producto\\\/revisadora-de-tela-200cm-con-enrollador\\\/\",\"url\":\"https:\\\/\\\/silqui-tex.com.ar\\\/producto\\\/revisadora-de-tela-200cm-con-enrollador\\\/\",\"name\":\"Revisadora de Tela 200cm con Enrollador - Silqui-Tex\",\"isPartOf\":{\"@id\":\"https:\\\/\\\/silqui-tex.com.ar\\\/#website\"},\"primaryImageOfPage\":{\"@id\":\"https:\\\/\\\/silqui-tex.com.ar\\\/producto\\\/revisadora-de-tela-200cm-con-enrollador\\\/#primaryimage\"},\"image\":{\"@id\":\"https:\\\/\\\/silqui-tex.com.ar\\\/producto\\\/revisadora-de-tela-200cm-con-enrollador\\\/#primaryimage\"},\"thumbnailUrl\":\"https:\\\/\\\/silqui-tex.com.ar\\\/wp-content\\\/uploads\\\/2025\\\/01\\\/62A0D5E8-0AE1-4A3F-9252-38F33774BF89-scaled.jpeg\",\"datePublished\":\"2025-01-16T12:07:43+00:00\",\"dateModified\":\"2025-07-25T04:14:26+00:00\",\"description\":\"Revisadora de Tela- Ancho de Trabajo: 200 cm- Equipamiento Incluido:- Enrollador de tela.\",\"breadcrumb\":{\"@id\":\"https:\\\/\\\/silqui-tex.com.ar\\\/producto\\\/revisadora-de-tela-200cm-con-enrollador\\\/#breadcrumb\"},\"inLanguage\":\"en-US\",\"potentialAction\":[{\"@type\":\"ReadAction\",\"target\":[\"https:\\\/\\\/silqui-tex.com.ar\\\/producto\\\/revisadora-de-tela-200cm-con-enrollador\\\/\"]}]},{\"@type\":\"ImageObject\",\"inLanguage\":\"en-US\",\"@id\":\"https:\\\/\\\/silqui-tex.com.ar\\\/producto\\\/revisadora-de-tela-200cm-con-enrollador\\\/#primaryimage\",\"url\":\"https:\\\/\\\/silqui-tex.com.ar\\\/wp-content\\\/uploads\\\/2025\\\/01\\\/62A0D5E8-0AE1-4A3F-9252-38F33774BF89-scaled.jpeg\",\"contentUrl\":\"https:\\\/\\\/silqui-tex.com.ar\\\/wp-content\\\/uploads\\\/2025\\\/01\\\/62A0D5E8-0AE1-4A3F-9252-38F33774BF89-scaled.jpeg\",\"width\":1920,\"height\":2560},{\"@type\":\"BreadcrumbList\",\"@id\":\"https:\\\/\\\/silqui-tex.com.ar\\\/producto\\\/revisadora-de-tela-200cm-con-enrollador\\\/#breadcrumb\",\"itemListElement\":[{\"@type\":\"ListItem\",\"position\":1,\"name\":\"Portada\",\"item\":\"https:\\\/\\\/silqui-tex.com.ar\\\/\"},{\"@type\":\"ListItem\",\"position\":2,\"name\":\"Tienda\",\"item\":\"https:\\\/\\\/silqui-tex.com.ar\\\/tienda\\\/\"},{\"@type\":\"ListItem\",\"position\":3,\"name\":\"Revisadora de Tela 200cm con Enrollador\"}]},{\"@type\":\"WebSite\",\"@id\":\"https:\\\/\\\/silqui-tex.com.ar\\\/#website\",\"url\":\"https:\\\/\\\/silqui-tex.com.ar\\\/\",\"name\":\"Silqui-Tex\",\"description\":\"Silqui-Tex se especializa en la venta de maquinaria textil y soluciones innovadoras para la industria, con m\u00e1s de 40 a\u00f1os de experiencia en Am\u00e9rica Latina, ofreciendo tecnolog\u00eda de calidad, servicios personalizados y un enfoque en el desarrollo sostenible.\",\"potentialAction\":[{\"@type\":\"SearchAction\",\"target\":{\"@type\":\"EntryPoint\",\"urlTemplate\":\"https:\\\/\\\/silqui-tex.com.ar\\\/?s={search_term_string}\"},\"query-input\":{\"@type\":\"PropertyValueSpecification\",\"valueRequired\":true,\"valueName\":\"search_term_string\"}}],\"inLanguage\":\"en-US\"}]}<\/script>\n<!-- \/ Yoast SEO plugin. -->","yoast_head_json":{"title":"Revisadora de Tela 200cm con Enrollador - Silqui-Tex","description":"Revisadora de Tela- Ancho de Trabajo: 200 cm- Equipamiento Incluido:- Enrollador de tela.","robots":{"index":"index","follow":"follow","max-snippet":"max-snippet:-1","max-image-preview":"max-image-preview:large","max-video-preview":"max-video-preview:-1"},"canonical":"https:\/\/silqui-tex.com.ar\/en\/product\/revisadora-de-tela-200cm-con-enrollador\/","og_locale":"en_US","og_type":"article","og_title":"Revisadora de Tela 200cm con Enrollador - Silqui-Tex","og_description":"Revisadora de Tela- Ancho de Trabajo: 200 cm- Equipamiento Incluido:- Enrollador de tela.","og_url":"https:\/\/silqui-tex.com.ar\/en\/product\/revisadora-de-tela-200cm-con-enrollador\/","og_site_name":"Silqui-Tex","article_modified_time":"2025-07-25T04:14:26+00:00","og_image":[{"width":1920,"height":2560,"url":"https:\/\/silqui-tex.com.ar\/wp-content\/uploads\/2025\/01\/62A0D5E8-0AE1-4A3F-9252-38F33774BF89-scaled.jpeg","type":"image\/jpeg"}],"twitter_card":"summary_large_image","twitter_misc":{"Est. reading time":"1 minute"},"schema":{"@context":"https:\/\/schema.org","@graph":[{"@type":"WebPage","@id":"https:\/\/silqui-tex.com.ar\/producto\/revisadora-de-tela-200cm-con-enrollador\/","url":"https:\/\/silqui-tex.com.ar\/producto\/revisadora-de-tela-200cm-con-enrollador\/","name":"Revisadora de Tela 200cm con Enrollador - Silqui-Tex","isPartOf":{"@id":"https:\/\/silqui-tex.com.ar\/#website"},"primaryImageOfPage":{"@id":"https:\/\/silqui-tex.com.ar\/producto\/revisadora-de-tela-200cm-con-enrollador\/#primaryimage"},"image":{"@id":"https:\/\/silqui-tex.com.ar\/producto\/revisadora-de-tela-200cm-con-enrollador\/#primaryimage"},"thumbnailUrl":"https:\/\/silqui-tex.com.ar\/wp-content\/uploads\/2025\/01\/62A0D5E8-0AE1-4A3F-9252-38F33774BF89-scaled.jpeg","datePublished":"2025-01-16T12:07:43+00:00","dateModified":"2025-07-25T04:14:26+00:00","description":"Revisadora de Tela- Ancho de Trabajo: 200 cm- Equipamiento Incluido:- Enrollador de tela.","breadcrumb":{"@id":"https:\/\/silqui-tex.com.ar\/producto\/revisadora-de-tela-200cm-con-enrollador\/#breadcrumb"},"inLanguage":"en-US","potentialAction":[{"@type":"ReadAction","target":["https:\/\/silqui-tex.com.ar\/producto\/revisadora-de-tela-200cm-con-enrollador\/"]}]},{"@type":"ImageObject","inLanguage":"en-US","@id":"https:\/\/silqui-tex.com.ar\/producto\/revisadora-de-tela-200cm-con-enrollador\/#primaryimage","url":"https:\/\/silqui-tex.com.ar\/wp-content\/uploads\/2025\/01\/62A0D5E8-0AE1-4A3F-9252-38F33774BF89-scaled.jpeg","contentUrl":"https:\/\/silqui-tex.com.ar\/wp-content\/uploads\/2025\/01\/62A0D5E8-0AE1-4A3F-9252-38F33774BF89-scaled.jpeg","width":1920,"height":2560},{"@type":"BreadcrumbList","@id":"https:\/\/silqui-tex.com.ar\/producto\/revisadora-de-tela-200cm-con-enrollador\/#breadcrumb","itemListElement":[{"@type":"ListItem","position":1,"name":"Portada","item":"https:\/\/silqui-tex.com.ar\/"},{"@type":"ListItem","position":2,"name":"Tienda","item":"https:\/\/silqui-tex.com.ar\/tienda\/"},{"@type":"ListItem","position":3,"name":"Revisadora de Tela 200cm con Enrollador"}]},{"@type":"WebSite","@id":"https:\/\/silqui-tex.com.ar\/#website","url":"https:\/\/silqui-tex.com.ar\/","name":"Silqui-Tex","description":"Silqui-Tex se especializa en la venta de maquinaria textil y soluciones innovadoras para la industria, con m\u00e1s de 40 a\u00f1os de experiencia en Am\u00e9rica Latina, ofreciendo tecnolog\u00eda de calidad, servicios personalizados y un enfoque en el desarrollo sostenible.","potentialAction":[{"@type":"SearchAction","target":{"@type":"EntryPoint","urlTemplate":"https:\/\/silqui-tex.com.ar\/?s={search_term_string}"},"query-input":{"@type":"PropertyValueSpecification","valueRequired":true,"valueName":"search_term_string"}}],"inLanguage":"en-US"}]}},"_links":{"self":[{"href":"https:\/\/silqui-tex.com.ar\/en\/wp-json\/wp\/v2\/product\/2739","targetHints":{"allow":["GET"]}}],"collection":[{"href":"https:\/\/silqui-tex.com.ar\/en\/wp-json\/wp\/v2\/product"}],"about":[{"href":"https:\/\/silqui-tex.com.ar\/en\/wp-json\/wp\/v2\/types\/product"}],"wp:featuredmedia":[{"embeddable":true,"href":"https:\/\/silqui-tex.com.ar\/en\/wp-json\/wp\/v2\/media\/2740"}],"wp:attachment":[{"href":"https:\/\/silqui-tex.com.ar\/en\/wp-json\/wp\/v2\/media?parent=2739"}],"wp:term":[{"taxonomy":"product_brand","embeddable":true,"href":"https:\/\/silqui-tex.com.ar\/en\/wp-json\/wp\/v2\/product_brand?post=2739"},{"taxonomy":"product_cat","embeddable":true,"href":"https:\/\/silqui-tex.com.ar\/en\/wp-json\/wp\/v2\/product_cat?post=2739"},{"taxonomy":"product_tag","embeddable":true,"href":"https:\/\/silqui-tex.com.ar\/en\/wp-json\/wp\/v2\/product_tag?post=2739"}],"curies":[{"name":"wp","href":"https:\/\/api.w.org\/{rel}","templated":true}]}}