{"id":2743,"date":"2025-01-16T12:21:21","date_gmt":"2025-01-16T12:21:21","guid":{"rendered":"https:\/\/silqui-tex.com.ar\/?post_type=product&#038;p=2743"},"modified":"2025-12-29T23:34:41","modified_gmt":"2025-12-29T23:34:41","slug":"ovilladora-campanini","status":"publish","type":"product","link":"https:\/\/silqui-tex.com.ar\/en\/product\/ovilladora-campanini\/","title":{"rendered":"Ovilladora CAMPANINI de 16 posiciones \u2013 Reacondicionada a Full"},"content":{"rendered":"<p style=\"font-weight: 400;\">Ovilladora CAMPANINI de 16 posiciones \u2013 Reacondicionada a Full<\/p>\n<ul style=\"font-weight: 400;\">\n<li>Capacidad: 16 posiciones para un rendimiento eficiente.<\/li>\n<li>Sistema avanzado: Variador electr\u00f3nico integrado para un control semiautom\u00e1tico preciso.<\/li>\n<li>Estado: Totalmente reacondicionada, asegurando un desempe\u00f1o \u00f3ptimo y confiable.<\/li>\n<\/ul>\n<p style=\"font-weight: 400;\">Esta ovilladora es una soluci\u00f3n ideal para su producci\u00f3n y est\u00e1 lista para despacho inmediato.<\/p>\n<p>&nbsp;<\/p>\n<hr \/>\n<p>Silqui-Tex International: Experience, Innovation, and Service in the Textile Sector.<\/p>","protected":false},"excerpt":{"rendered":"<p>Ovilladora CAMPANINI \u2013 Reacondicionada a FullCapacidad: 16 posiciones para un rendimiento eficiente<\/p>","protected":false},"featured_media":3824,"template":"","meta":[],"product_brand":[],"product_cat":[75],"product_tag":[317,371,227,374,373,369,372,370],"class_list":{"0":"post-2743","1":"product","2":"type-product","3":"status-publish","4":"has-post-thumbnail","6":"product_cat-stock","7":"product_tag-maquinaria-para-hilanderia","8":"product_tag-maquinaria-textil-reacondicionada","9":"product_tag-maquinaria-textil-usada","10":"product_tag-ovillado-industrial","11":"product_tag-ovilladora-16-posiciones","12":"product_tag-ovilladora-campanini","13":"product_tag-ovilladora-industrial","14":"product_tag-ovilladora-reacondicionada","16":"first","17":"instock","18":"shipping-taxable","19":"product-type-simple"},"yoast_head":"<!-- This site is optimized with the Yoast SEO plugin v27.3 - https:\/\/yoast.com\/product\/yoast-seo-wordpress\/ -->\n<title>Ovilladora Campanini de 16 posiciones reacondicionada a full<\/title>\n<meta name=\"description\" content=\"Ovilladora Campanini de 16 posiciones reacondicionada a full. M\u00e1quina textil revisada, lista para producci\u00f3n inmediata. Asesoramiento t\u00e9cnico Silqui-Tex.\" \/>\n<meta name=\"robots\" content=\"index, follow, max-snippet:-1, max-image-preview:large, max-video-preview:-1\" \/>\n<link rel=\"canonical\" href=\"https:\/\/silqui-tex.com.ar\/en\/product\/ovilladora-campanini\/\" \/>\n<meta property=\"og:locale\" content=\"en_US\" \/>\n<meta property=\"og:type\" content=\"article\" \/>\n<meta property=\"og:title\" content=\"Ovilladora Campanini de 16 posiciones reacondicionada a full\" \/>\n<meta property=\"og:description\" content=\"Ovilladora Campanini de 16 posiciones reacondicionada a full. M\u00e1quina textil revisada, lista para producci\u00f3n inmediata. Asesoramiento t\u00e9cnico Silqui-Tex.\" \/>\n<meta property=\"og:url\" content=\"https:\/\/silqui-tex.com.ar\/en\/product\/ovilladora-campanini\/\" \/>\n<meta property=\"og:site_name\" content=\"Silqui-Tex\" \/>\n<meta property=\"article:modified_time\" content=\"2025-12-29T23:34:41+00:00\" \/>\n<meta property=\"og:image\" content=\"https:\/\/silqui-tex.com.ar\/wp-content\/uploads\/2025\/01\/Ovilladora-Capaninni-scaled.jpeg\" \/>\n\t<meta property=\"og:image:width\" content=\"2531\" \/>\n\t<meta property=\"og:image:height\" content=\"2560\" \/>\n\t<meta property=\"og:image:type\" content=\"image\/jpeg\" \/>\n<meta name=\"twitter:card\" content=\"summary_large_image\" \/>\n<meta name=\"twitter:label1\" content=\"Est. reading time\" \/>\n\t<meta name=\"twitter:data1\" content=\"1 minute\" \/>\n<script type=\"application\/ld+json\" class=\"yoast-schema-graph\">{\"@context\":\"https:\\\/\\\/schema.org\",\"@graph\":[{\"@type\":\"WebPage\",\"@id\":\"https:\\\/\\\/silqui-tex.com.ar\\\/producto\\\/ovilladora-campanini\\\/\",\"url\":\"https:\\\/\\\/silqui-tex.com.ar\\\/producto\\\/ovilladora-campanini\\\/\",\"name\":\"Ovilladora Campanini de 16 posiciones reacondicionada a full\",\"isPartOf\":{\"@id\":\"https:\\\/\\\/silqui-tex.com.ar\\\/#website\"},\"primaryImageOfPage\":{\"@id\":\"https:\\\/\\\/silqui-tex.com.ar\\\/producto\\\/ovilladora-campanini\\\/#primaryimage\"},\"image\":{\"@id\":\"https:\\\/\\\/silqui-tex.com.ar\\\/producto\\\/ovilladora-campanini\\\/#primaryimage\"},\"thumbnailUrl\":\"https:\\\/\\\/silqui-tex.com.ar\\\/wp-content\\\/uploads\\\/2025\\\/01\\\/Ovilladora-Capaninni-scaled.jpeg\",\"datePublished\":\"2025-01-16T12:21:21+00:00\",\"dateModified\":\"2025-12-29T23:34:41+00:00\",\"description\":\"Ovilladora Campanini de 16 posiciones reacondicionada a full. M\u00e1quina textil revisada, lista para producci\u00f3n inmediata. Asesoramiento t\u00e9cnico Silqui-Tex.\",\"breadcrumb\":{\"@id\":\"https:\\\/\\\/silqui-tex.com.ar\\\/producto\\\/ovilladora-campanini\\\/#breadcrumb\"},\"inLanguage\":\"en-US\",\"potentialAction\":[{\"@type\":\"ReadAction\",\"target\":[\"https:\\\/\\\/silqui-tex.com.ar\\\/producto\\\/ovilladora-campanini\\\/\"]}]},{\"@type\":\"ImageObject\",\"inLanguage\":\"en-US\",\"@id\":\"https:\\\/\\\/silqui-tex.com.ar\\\/producto\\\/ovilladora-campanini\\\/#primaryimage\",\"url\":\"https:\\\/\\\/silqui-tex.com.ar\\\/wp-content\\\/uploads\\\/2025\\\/01\\\/Ovilladora-Capaninni-scaled.jpeg\",\"contentUrl\":\"https:\\\/\\\/silqui-tex.com.ar\\\/wp-content\\\/uploads\\\/2025\\\/01\\\/Ovilladora-Capaninni-scaled.jpeg\",\"width\":2531,\"height\":2560,\"caption\":\"ovilladora campaninni de 16 posiciones\"},{\"@type\":\"BreadcrumbList\",\"@id\":\"https:\\\/\\\/silqui-tex.com.ar\\\/producto\\\/ovilladora-campanini\\\/#breadcrumb\",\"itemListElement\":[{\"@type\":\"ListItem\",\"position\":1,\"name\":\"Portada\",\"item\":\"https:\\\/\\\/silqui-tex.com.ar\\\/\"},{\"@type\":\"ListItem\",\"position\":2,\"name\":\"Tienda\",\"item\":\"https:\\\/\\\/silqui-tex.com.ar\\\/tienda\\\/\"},{\"@type\":\"ListItem\",\"position\":3,\"name\":\"Ovilladora CAMPANINI de 16 posiciones \u2013 Reacondicionada a Full\"}]},{\"@type\":\"WebSite\",\"@id\":\"https:\\\/\\\/silqui-tex.com.ar\\\/#website\",\"url\":\"https:\\\/\\\/silqui-tex.com.ar\\\/\",\"name\":\"Silqui-Tex\",\"description\":\"Silqui-Tex se especializa en la venta de maquinaria textil y soluciones innovadoras para la industria, con m\u00e1s de 40 a\u00f1os de experiencia en Am\u00e9rica Latina, ofreciendo tecnolog\u00eda de calidad, servicios personalizados y un enfoque en el desarrollo sostenible.\",\"potentialAction\":[{\"@type\":\"SearchAction\",\"target\":{\"@type\":\"EntryPoint\",\"urlTemplate\":\"https:\\\/\\\/silqui-tex.com.ar\\\/?s={search_term_string}\"},\"query-input\":{\"@type\":\"PropertyValueSpecification\",\"valueRequired\":true,\"valueName\":\"search_term_string\"}}],\"inLanguage\":\"en-US\"}]}<\/script>\n<!-- \/ Yoast SEO plugin. -->","yoast_head_json":{"title":"Ovilladora Campanini de 16 posiciones reacondicionada a full","description":"Ovilladora Campanini de 16 posiciones reacondicionada a full. M\u00e1quina textil revisada, lista para producci\u00f3n inmediata. Asesoramiento t\u00e9cnico Silqui-Tex.","robots":{"index":"index","follow":"follow","max-snippet":"max-snippet:-1","max-image-preview":"max-image-preview:large","max-video-preview":"max-video-preview:-1"},"canonical":"https:\/\/silqui-tex.com.ar\/en\/product\/ovilladora-campanini\/","og_locale":"en_US","og_type":"article","og_title":"Ovilladora Campanini de 16 posiciones reacondicionada a full","og_description":"Ovilladora Campanini de 16 posiciones reacondicionada a full. M\u00e1quina textil revisada, lista para producci\u00f3n inmediata. Asesoramiento t\u00e9cnico Silqui-Tex.","og_url":"https:\/\/silqui-tex.com.ar\/en\/product\/ovilladora-campanini\/","og_site_name":"Silqui-Tex","article_modified_time":"2025-12-29T23:34:41+00:00","og_image":[{"width":2531,"height":2560,"url":"https:\/\/silqui-tex.com.ar\/wp-content\/uploads\/2025\/01\/Ovilladora-Capaninni-scaled.jpeg","type":"image\/jpeg"}],"twitter_card":"summary_large_image","twitter_misc":{"Est. reading time":"1 minute"},"schema":{"@context":"https:\/\/schema.org","@graph":[{"@type":"WebPage","@id":"https:\/\/silqui-tex.com.ar\/producto\/ovilladora-campanini\/","url":"https:\/\/silqui-tex.com.ar\/producto\/ovilladora-campanini\/","name":"Ovilladora Campanini de 16 posiciones reacondicionada a full","isPartOf":{"@id":"https:\/\/silqui-tex.com.ar\/#website"},"primaryImageOfPage":{"@id":"https:\/\/silqui-tex.com.ar\/producto\/ovilladora-campanini\/#primaryimage"},"image":{"@id":"https:\/\/silqui-tex.com.ar\/producto\/ovilladora-campanini\/#primaryimage"},"thumbnailUrl":"https:\/\/silqui-tex.com.ar\/wp-content\/uploads\/2025\/01\/Ovilladora-Capaninni-scaled.jpeg","datePublished":"2025-01-16T12:21:21+00:00","dateModified":"2025-12-29T23:34:41+00:00","description":"Ovilladora Campanini de 16 posiciones reacondicionada a full. M\u00e1quina textil revisada, lista para producci\u00f3n inmediata. Asesoramiento t\u00e9cnico Silqui-Tex.","breadcrumb":{"@id":"https:\/\/silqui-tex.com.ar\/producto\/ovilladora-campanini\/#breadcrumb"},"inLanguage":"en-US","potentialAction":[{"@type":"ReadAction","target":["https:\/\/silqui-tex.com.ar\/producto\/ovilladora-campanini\/"]}]},{"@type":"ImageObject","inLanguage":"en-US","@id":"https:\/\/silqui-tex.com.ar\/producto\/ovilladora-campanini\/#primaryimage","url":"https:\/\/silqui-tex.com.ar\/wp-content\/uploads\/2025\/01\/Ovilladora-Capaninni-scaled.jpeg","contentUrl":"https:\/\/silqui-tex.com.ar\/wp-content\/uploads\/2025\/01\/Ovilladora-Capaninni-scaled.jpeg","width":2531,"height":2560,"caption":"ovilladora campaninni de 16 posiciones"},{"@type":"BreadcrumbList","@id":"https:\/\/silqui-tex.com.ar\/producto\/ovilladora-campanini\/#breadcrumb","itemListElement":[{"@type":"ListItem","position":1,"name":"Portada","item":"https:\/\/silqui-tex.com.ar\/"},{"@type":"ListItem","position":2,"name":"Tienda","item":"https:\/\/silqui-tex.com.ar\/tienda\/"},{"@type":"ListItem","position":3,"name":"Ovilladora CAMPANINI de 16 posiciones \u2013 Reacondicionada a Full"}]},{"@type":"WebSite","@id":"https:\/\/silqui-tex.com.ar\/#website","url":"https:\/\/silqui-tex.com.ar\/","name":"Silqui-Tex","description":"Silqui-Tex se especializa en la venta de maquinaria textil y soluciones innovadoras para la industria, con m\u00e1s de 40 a\u00f1os de experiencia en Am\u00e9rica Latina, ofreciendo tecnolog\u00eda de calidad, servicios personalizados y un enfoque en el desarrollo sostenible.","potentialAction":[{"@type":"SearchAction","target":{"@type":"EntryPoint","urlTemplate":"https:\/\/silqui-tex.com.ar\/?s={search_term_string}"},"query-input":{"@type":"PropertyValueSpecification","valueRequired":true,"valueName":"search_term_string"}}],"inLanguage":"en-US"}]}},"_links":{"self":[{"href":"https:\/\/silqui-tex.com.ar\/en\/wp-json\/wp\/v2\/product\/2743","targetHints":{"allow":["GET"]}}],"collection":[{"href":"https:\/\/silqui-tex.com.ar\/en\/wp-json\/wp\/v2\/product"}],"about":[{"href":"https:\/\/silqui-tex.com.ar\/en\/wp-json\/wp\/v2\/types\/product"}],"wp:featuredmedia":[{"embeddable":true,"href":"https:\/\/silqui-tex.com.ar\/en\/wp-json\/wp\/v2\/media\/3824"}],"wp:attachment":[{"href":"https:\/\/silqui-tex.com.ar\/en\/wp-json\/wp\/v2\/media?parent=2743"}],"wp:term":[{"taxonomy":"product_brand","embeddable":true,"href":"https:\/\/silqui-tex.com.ar\/en\/wp-json\/wp\/v2\/product_brand?post=2743"},{"taxonomy":"product_cat","embeddable":true,"href":"https:\/\/silqui-tex.com.ar\/en\/wp-json\/wp\/v2\/product_cat?post=2743"},{"taxonomy":"product_tag","embeddable":true,"href":"https:\/\/silqui-tex.com.ar\/en\/wp-json\/wp\/v2\/product_tag?post=2743"}],"curies":[{"name":"wp","href":"https:\/\/api.w.org\/{rel}","templated":true}]}}