{"id":3129,"date":"2025-10-03T04:34:33","date_gmt":"2025-10-03T04:34:33","guid":{"rendered":"https:\/\/silqui-tex.com.ar\/?post_type=product&#038;p=3129"},"modified":"2026-01-23T03:00:38","modified_gmt":"2026-01-23T03:00:38","slug":"hilanderia-regenerado-trutzschler-schlafhorst","status":"publish","type":"product","link":"https:\/\/silqui-tex.com.ar\/en\/product\/hilanderia-regenerado-trutzschler-schlafhorst\/","title":{"rendered":"Maquinaria Disponible &#8211; Hilanderia para regenerado"},"content":{"rendered":"<p><strong>Soluci\u00f3n integral para plantas de regenerado con equipos de alto rendimiento, lista para integrar a layout existente y optimizar consumo\/eficiencia.<\/strong><\/p>\n<p><strong>Preparaci\u00f3n de fibra (cargadores \/ abridores \/ deshilachadoras)<\/strong><br \/>\n<strong>&#8211; Cargador de balas grande: Largo m\u00e1x 8.6 m | Ancho m\u00e1x 4 m | Alto m\u00e1x 3.9 m | Largo \u00fatil 5.8 m | Ancho \u00fatil 2.88 m<\/strong><br \/>\n<strong>&#8211; Cargador de balas mediano: Largo m\u00e1x 4.2 m | Ancho m\u00e1x 2.4 m | Alto m\u00e1x 2.8 m | Largo \u00fatil 3 m | Ancho \u00fatil 1.45 m<\/strong><br \/>\n<strong>&#8211; Cargador de balas: Largo 7 m | Ancho 5 m | Alto 3.15 m | Largo \u00fatil 4.5 m | Ancho \u00fatil 2.87 m<\/strong><br \/>\n<strong>&#8211; Deshilachadora OMMI Mod. SAV\/T (2000): Ancho 1600 mm | Motor 45 kW | Cilindro a p\u00faas | Silos con condensador<\/strong><br \/>\n<strong>&#8211; Deshilachadora Officine di Chiavazza (1994): 6 tambores | Ancho 1500 mm<\/strong><\/p>\n<p><strong>Celdas OMT y Gorreri<\/strong><br \/>\n<strong>&#8211; OMT: Celda de hilatura | A\u00f1o 2001 | Celda grande<\/strong><br \/>\n<strong>&#8211; Gorreri: Celda de hilatura | A\u00f1o 1996 | Celda est\u00e1ndar<\/strong><\/p>\n<p><strong>Manuares \/ Estiradoras<\/strong><br \/>\n<strong>&#8211; 4 u. Tr\u00fctzschler IDF 2 (Integrated Draw Frame \/ Manuares)<\/strong><br \/>\n<strong>A\u00f1os 2018 (2 u.) y 2019 (2 u.) | Type 812-00 01 | Listos para integraci\u00f3n con Autocoro<\/strong><\/p>\n<p><strong>Cardas Tr\u00fctzschler modernas<\/strong><br \/>\n<strong>&#8211; 1 u. Tr\u00fctzschler TC19 con IDF 2 integrado | A\u00f1o 2020<\/strong><br \/>\n<strong>Type 812-00 02 | Com 190775 A | \u00daltima generaci\u00f3n con manuar integrado<\/strong><\/p>\n<p><strong>Open End<\/strong><br \/>\n<strong>&#8211; 1 u. Schlafhorst Autocoro 480 | A\u00f1o 2010 | 408 rotores | Salida cil\u00edndrica | Con parafinador | OS21 | Rotor 36 mm<\/strong><br \/>\n<strong>&#8211; 2 u. Schlafhorst Autocoro 9 | A\u00f1os 2019\/2020 | 408 rotores c\/u | 4 cambiadores | Rotor 36 mm | Desg. OS21<\/strong><\/p>\n<p><strong>Cortadoras<\/strong><br \/>\n<strong>&#8211; 3 u. Cortadoras Gamba | Anchos 1.00 m \/ 1.25 m \/ 1.50 m<\/strong><\/p>\n<p><strong>Prensas<\/strong><br \/>\n<strong>&#8211; Prensa hidr\u00e1ulica (1998) | 200 tons | Instalaci\u00f3n post celdas<\/strong><br \/>\n<strong>&#8211; Prensa Gualchierani | 300 tons | Doble caj\u00f3n<\/strong><\/p>\n<p><strong>Cardas Bonino<\/strong><br \/>\n<strong>&#8211; 5 u. Carda Bonino con centinela de 18&#8243; | Con avantr\u00e9n turbo<\/strong><br \/>\n<strong>&#8211; 3 u. Carda Bonino con salida 40&#8243; | Usadas | Con avantr\u00e9n turbo<\/strong><\/p>\n<p><strong>Cardas Tr\u00fctzschler<\/strong><br \/>\n<strong>&#8211; 5 u. Tr\u00fctzschler DK803 | A\u00f1os 1997\/98 | Salida bote 40&#8243; | Con DFK chute feed | CFD\/CCD<\/strong><\/p>\n<p><strong>Hilatura \/ Bobinado<\/strong><br \/>\n<strong>&#8211; 4 u. Savio TDS | A\u00f1o 1988 | 170 husos<\/strong><br \/>\n<strong>&#8211; 1 u. OMP Bodega | 60 husos | Salida 8<\/strong><\/p>\n<p><strong>Mecheras<\/strong><br \/>\n<strong>&#8211; 1 u. Zinser 670 | A\u00f1o 2000 | 120 husos | Salida 6\u00d716<\/strong><br \/>\n<strong>&#8211; 1 u. Zinser 670 | A\u00f1o 2002 | 120 husos | Salida 6\u00d716<\/strong><\/p>\n<hr data-start=\"2468\" data-end=\"2471\" \/>\n<p data-start=\"2473\" data-end=\"2600\">\ud83c\udfa5 <strong data-start=\"2476\" data-end=\"2526\">Video de presentaci\u00f3n de maquinaria disponible<\/strong><br data-start=\"2526\" data-end=\"2529\" \/>\ud83d\udc49 <span style=\"color: #ff0000;\"><strong><a class=\"decorated-link\" style=\"color: #ff0000;\" href=\"https:\/\/youtu.be\/4xQSLttHCa4?si=jaNVESM0PeKCfkGH\" target=\"_new\" rel=\"noopener\" data-start=\"2532\" data-end=\"2598\">Ver en YouTube<\/a><\/strong><\/span><\/p>\n<p data-start=\"2602\" data-end=\"2699\">\ud83d\udcf2 <strong data-start=\"2605\" data-end=\"2646\">Consultanos directamente por WhatsApp<\/strong><br data-start=\"2646\" data-end=\"2649\" \/>\ud83d\udc49 <strong><span style=\"color: #ff0000;\"><a class=\"decorated-link cursor-pointer\" style=\"color: #ff0000;\" href=\"https:\/\/wa.me\/5491126595896\" target=\"_new\" rel=\"noopener\" data-start=\"2652\" data-end=\"2697\">Enviar mensaje<\/a><\/span><\/strong><\/p>","protected":false},"excerpt":{"rendered":"<p>Hilander\u00eda completa para regenerado equipada con manuares Tr\u00fctzschler IDF2 (2018\/2019), carda Tr\u00fctzschler TC19 con IDF2 (2020), open end Schlafhorst (Autocoro 480 y 9), cortadoras Gamba, celdas OMT\/Gorreri y prensas. Ideal para producci\u00f3n textil eficiente.<\/p>","protected":false},"featured_media":3130,"template":"","meta":[],"product_brand":[],"product_cat":[25,444],"product_tag":[101,102,104,103,51,106,88,105,100,89,99],"class_list":{"0":"post-3129","1":"product","2":"type-product","3":"status-publish","4":"has-post-thumbnail","6":"product_cat-maquinaria-de-hilanderia","7":"product_cat-plantas-textiles-completas","8":"product_tag-autocoro","9":"product_tag-carda-tc19","10":"product_tag-cortadoras-gamba","11":"product_tag-idf2","12":"product_tag-jacquard","13":"product_tag-open-end","14":"product_tag-picanol","15":"product_tag-prensas","16":"product_tag-schlafhorst","17":"product_tag-telar-plano","18":"product_tag-trutzschler","20":"first","21":"instock","22":"shipping-taxable","23":"product-type-simple"},"yoast_head":"<!-- This site is optimized with the Yoast SEO plugin v27.3 - https:\/\/yoast.com\/product\/yoast-seo-wordpress\/ -->\n<title>Hilander\u00eda para Regenerado | L\u00ednea Completa Tr\u00fctzschler &amp; Schlafhorst - Silqui-Tex<\/title>\n<meta name=\"description\" content=\"L\u00ednea completa de hilander\u00eda para regenerado con equipos Tr\u00fctzschler y Schlafhorst. IDF2, TC19 y Autocoro 480\/9. Entrega inmediata y asesoramiento Silqui-Tex.\" \/>\n<meta name=\"robots\" content=\"index, follow, max-snippet:-1, max-image-preview:large, max-video-preview:-1\" \/>\n<link rel=\"canonical\" href=\"https:\/\/silqui-tex.com.ar\/en\/product\/hilanderia-regenerado-trutzschler-schlafhorst\/\" \/>\n<meta property=\"og:locale\" content=\"en_US\" \/>\n<meta property=\"og:type\" content=\"article\" \/>\n<meta property=\"og:title\" content=\"Hilander\u00eda para Regenerado | L\u00ednea Completa Tr\u00fctzschler &amp; Schlafhorst - Silqui-Tex\" \/>\n<meta property=\"og:description\" content=\"L\u00ednea completa de hilander\u00eda para regenerado con equipos Tr\u00fctzschler y Schlafhorst. IDF2, TC19 y Autocoro 480\/9. Entrega inmediata y asesoramiento Silqui-Tex.\" \/>\n<meta property=\"og:url\" content=\"https:\/\/silqui-tex.com.ar\/en\/product\/hilanderia-regenerado-trutzschler-schlafhorst\/\" \/>\n<meta property=\"og:site_name\" content=\"Silqui-Tex\" \/>\n<meta property=\"article:modified_time\" content=\"2026-01-23T03:00:38+00:00\" \/>\n<meta property=\"og:image\" content=\"https:\/\/silqui-tex.com.ar\/wp-content\/uploads\/2025\/10\/ChatGPT-Image-Oct-3-2025-at-02_55_28-PM-e1759469140692.png\" \/>\n\t<meta property=\"og:image:width\" content=\"1200\" \/>\n\t<meta property=\"og:image:height\" content=\"800\" \/>\n\t<meta property=\"og:image:type\" content=\"image\/png\" \/>\n<meta name=\"twitter:card\" content=\"summary_large_image\" \/>\n<meta name=\"twitter:label1\" content=\"Est. reading time\" \/>\n\t<meta name=\"twitter:data1\" content=\"3 minutes\" \/>\n<script type=\"application\/ld+json\" class=\"yoast-schema-graph\">{\"@context\":\"https:\\\/\\\/schema.org\",\"@graph\":[{\"@type\":\"WebPage\",\"@id\":\"https:\\\/\\\/silqui-tex.com.ar\\\/producto\\\/hilanderia-regenerado-trutzschler-schlafhorst\\\/\",\"url\":\"https:\\\/\\\/silqui-tex.com.ar\\\/producto\\\/hilanderia-regenerado-trutzschler-schlafhorst\\\/\",\"name\":\"Hilander\u00eda para Regenerado | L\u00ednea Completa Tr\u00fctzschler & Schlafhorst - Silqui-Tex\",\"isPartOf\":{\"@id\":\"https:\\\/\\\/silqui-tex.com.ar\\\/#website\"},\"primaryImageOfPage\":{\"@id\":\"https:\\\/\\\/silqui-tex.com.ar\\\/producto\\\/hilanderia-regenerado-trutzschler-schlafhorst\\\/#primaryimage\"},\"image\":{\"@id\":\"https:\\\/\\\/silqui-tex.com.ar\\\/producto\\\/hilanderia-regenerado-trutzschler-schlafhorst\\\/#primaryimage\"},\"thumbnailUrl\":\"https:\\\/\\\/silqui-tex.com.ar\\\/wp-content\\\/uploads\\\/2025\\\/10\\\/ChatGPT-Image-Oct-3-2025-at-02_55_28-PM-e1759469140692.png\",\"datePublished\":\"2025-10-03T04:34:33+00:00\",\"dateModified\":\"2026-01-23T03:00:38+00:00\",\"description\":\"L\u00ednea completa de hilander\u00eda para regenerado con equipos Tr\u00fctzschler y Schlafhorst. IDF2, TC19 y Autocoro 480\\\/9. Entrega inmediata y asesoramiento Silqui-Tex.\",\"breadcrumb\":{\"@id\":\"https:\\\/\\\/silqui-tex.com.ar\\\/producto\\\/hilanderia-regenerado-trutzschler-schlafhorst\\\/#breadcrumb\"},\"inLanguage\":\"en-US\",\"potentialAction\":[{\"@type\":\"ReadAction\",\"target\":[\"https:\\\/\\\/silqui-tex.com.ar\\\/producto\\\/hilanderia-regenerado-trutzschler-schlafhorst\\\/\"]}]},{\"@type\":\"ImageObject\",\"inLanguage\":\"en-US\",\"@id\":\"https:\\\/\\\/silqui-tex.com.ar\\\/producto\\\/hilanderia-regenerado-trutzschler-schlafhorst\\\/#primaryimage\",\"url\":\"https:\\\/\\\/silqui-tex.com.ar\\\/wp-content\\\/uploads\\\/2025\\\/10\\\/ChatGPT-Image-Oct-3-2025-at-02_55_28-PM-e1759469140692.png\",\"contentUrl\":\"https:\\\/\\\/silqui-tex.com.ar\\\/wp-content\\\/uploads\\\/2025\\\/10\\\/ChatGPT-Image-Oct-3-2025-at-02_55_28-PM-e1759469140692.png\",\"width\":1200,\"height\":800,\"caption\":\"Hilander\u00eda para regenerado \u2013 L\u00ednea completa Tr\u00fctzschler y Schlafhorst \u2013 Silqui-Tex\"},{\"@type\":\"BreadcrumbList\",\"@id\":\"https:\\\/\\\/silqui-tex.com.ar\\\/producto\\\/hilanderia-regenerado-trutzschler-schlafhorst\\\/#breadcrumb\",\"itemListElement\":[{\"@type\":\"ListItem\",\"position\":1,\"name\":\"Portada\",\"item\":\"https:\\\/\\\/silqui-tex.com.ar\\\/\"},{\"@type\":\"ListItem\",\"position\":2,\"name\":\"Tienda\",\"item\":\"https:\\\/\\\/silqui-tex.com.ar\\\/tienda\\\/\"},{\"@type\":\"ListItem\",\"position\":3,\"name\":\"Maquinaria Disponible &#8211; Hilanderia para regenerado\"}]},{\"@type\":\"WebSite\",\"@id\":\"https:\\\/\\\/silqui-tex.com.ar\\\/#website\",\"url\":\"https:\\\/\\\/silqui-tex.com.ar\\\/\",\"name\":\"Silqui-Tex\",\"description\":\"Silqui-Tex se especializa en la venta de maquinaria textil y soluciones innovadoras para la industria, con m\u00e1s de 40 a\u00f1os de experiencia en Am\u00e9rica Latina, ofreciendo tecnolog\u00eda de calidad, servicios personalizados y un enfoque en el desarrollo sostenible.\",\"potentialAction\":[{\"@type\":\"SearchAction\",\"target\":{\"@type\":\"EntryPoint\",\"urlTemplate\":\"https:\\\/\\\/silqui-tex.com.ar\\\/?s={search_term_string}\"},\"query-input\":{\"@type\":\"PropertyValueSpecification\",\"valueRequired\":true,\"valueName\":\"search_term_string\"}}],\"inLanguage\":\"en-US\"}]}<\/script>\n<!-- \/ Yoast SEO plugin. -->","yoast_head_json":{"title":"Hilander\u00eda para Regenerado | L\u00ednea Completa Tr\u00fctzschler & Schlafhorst - Silqui-Tex","description":"L\u00ednea completa de hilander\u00eda para regenerado con equipos Tr\u00fctzschler y Schlafhorst. IDF2, TC19 y Autocoro 480\/9. Entrega inmediata y asesoramiento Silqui-Tex.","robots":{"index":"index","follow":"follow","max-snippet":"max-snippet:-1","max-image-preview":"max-image-preview:large","max-video-preview":"max-video-preview:-1"},"canonical":"https:\/\/silqui-tex.com.ar\/en\/product\/hilanderia-regenerado-trutzschler-schlafhorst\/","og_locale":"en_US","og_type":"article","og_title":"Hilander\u00eda para Regenerado | L\u00ednea Completa Tr\u00fctzschler & Schlafhorst - Silqui-Tex","og_description":"L\u00ednea completa de hilander\u00eda para regenerado con equipos Tr\u00fctzschler y Schlafhorst. IDF2, TC19 y Autocoro 480\/9. Entrega inmediata y asesoramiento Silqui-Tex.","og_url":"https:\/\/silqui-tex.com.ar\/en\/product\/hilanderia-regenerado-trutzschler-schlafhorst\/","og_site_name":"Silqui-Tex","article_modified_time":"2026-01-23T03:00:38+00:00","og_image":[{"width":1200,"height":800,"url":"https:\/\/silqui-tex.com.ar\/wp-content\/uploads\/2025\/10\/ChatGPT-Image-Oct-3-2025-at-02_55_28-PM-e1759469140692.png","type":"image\/png"}],"twitter_card":"summary_large_image","twitter_misc":{"Est. reading time":"3 minutes"},"schema":{"@context":"https:\/\/schema.org","@graph":[{"@type":"WebPage","@id":"https:\/\/silqui-tex.com.ar\/producto\/hilanderia-regenerado-trutzschler-schlafhorst\/","url":"https:\/\/silqui-tex.com.ar\/producto\/hilanderia-regenerado-trutzschler-schlafhorst\/","name":"Hilander\u00eda para Regenerado | L\u00ednea Completa Tr\u00fctzschler & Schlafhorst - Silqui-Tex","isPartOf":{"@id":"https:\/\/silqui-tex.com.ar\/#website"},"primaryImageOfPage":{"@id":"https:\/\/silqui-tex.com.ar\/producto\/hilanderia-regenerado-trutzschler-schlafhorst\/#primaryimage"},"image":{"@id":"https:\/\/silqui-tex.com.ar\/producto\/hilanderia-regenerado-trutzschler-schlafhorst\/#primaryimage"},"thumbnailUrl":"https:\/\/silqui-tex.com.ar\/wp-content\/uploads\/2025\/10\/ChatGPT-Image-Oct-3-2025-at-02_55_28-PM-e1759469140692.png","datePublished":"2025-10-03T04:34:33+00:00","dateModified":"2026-01-23T03:00:38+00:00","description":"L\u00ednea completa de hilander\u00eda para regenerado con equipos Tr\u00fctzschler y Schlafhorst. IDF2, TC19 y Autocoro 480\/9. Entrega inmediata y asesoramiento Silqui-Tex.","breadcrumb":{"@id":"https:\/\/silqui-tex.com.ar\/producto\/hilanderia-regenerado-trutzschler-schlafhorst\/#breadcrumb"},"inLanguage":"en-US","potentialAction":[{"@type":"ReadAction","target":["https:\/\/silqui-tex.com.ar\/producto\/hilanderia-regenerado-trutzschler-schlafhorst\/"]}]},{"@type":"ImageObject","inLanguage":"en-US","@id":"https:\/\/silqui-tex.com.ar\/producto\/hilanderia-regenerado-trutzschler-schlafhorst\/#primaryimage","url":"https:\/\/silqui-tex.com.ar\/wp-content\/uploads\/2025\/10\/ChatGPT-Image-Oct-3-2025-at-02_55_28-PM-e1759469140692.png","contentUrl":"https:\/\/silqui-tex.com.ar\/wp-content\/uploads\/2025\/10\/ChatGPT-Image-Oct-3-2025-at-02_55_28-PM-e1759469140692.png","width":1200,"height":800,"caption":"Hilander\u00eda para regenerado \u2013 L\u00ednea completa Tr\u00fctzschler y Schlafhorst \u2013 Silqui-Tex"},{"@type":"BreadcrumbList","@id":"https:\/\/silqui-tex.com.ar\/producto\/hilanderia-regenerado-trutzschler-schlafhorst\/#breadcrumb","itemListElement":[{"@type":"ListItem","position":1,"name":"Portada","item":"https:\/\/silqui-tex.com.ar\/"},{"@type":"ListItem","position":2,"name":"Tienda","item":"https:\/\/silqui-tex.com.ar\/tienda\/"},{"@type":"ListItem","position":3,"name":"Maquinaria Disponible &#8211; Hilanderia para regenerado"}]},{"@type":"WebSite","@id":"https:\/\/silqui-tex.com.ar\/#website","url":"https:\/\/silqui-tex.com.ar\/","name":"Silqui-Tex","description":"Silqui-Tex se especializa en la venta de maquinaria textil y soluciones innovadoras para la industria, con m\u00e1s de 40 a\u00f1os de experiencia en Am\u00e9rica Latina, ofreciendo tecnolog\u00eda de calidad, servicios personalizados y un enfoque en el desarrollo sostenible.","potentialAction":[{"@type":"SearchAction","target":{"@type":"EntryPoint","urlTemplate":"https:\/\/silqui-tex.com.ar\/?s={search_term_string}"},"query-input":{"@type":"PropertyValueSpecification","valueRequired":true,"valueName":"search_term_string"}}],"inLanguage":"en-US"}]}},"_links":{"self":[{"href":"https:\/\/silqui-tex.com.ar\/en\/wp-json\/wp\/v2\/product\/3129","targetHints":{"allow":["GET"]}}],"collection":[{"href":"https:\/\/silqui-tex.com.ar\/en\/wp-json\/wp\/v2\/product"}],"about":[{"href":"https:\/\/silqui-tex.com.ar\/en\/wp-json\/wp\/v2\/types\/product"}],"wp:featuredmedia":[{"embeddable":true,"href":"https:\/\/silqui-tex.com.ar\/en\/wp-json\/wp\/v2\/media\/3130"}],"wp:attachment":[{"href":"https:\/\/silqui-tex.com.ar\/en\/wp-json\/wp\/v2\/media?parent=3129"}],"wp:term":[{"taxonomy":"product_brand","embeddable":true,"href":"https:\/\/silqui-tex.com.ar\/en\/wp-json\/wp\/v2\/product_brand?post=3129"},{"taxonomy":"product_cat","embeddable":true,"href":"https:\/\/silqui-tex.com.ar\/en\/wp-json\/wp\/v2\/product_cat?post=3129"},{"taxonomy":"product_tag","embeddable":true,"href":"https:\/\/silqui-tex.com.ar\/en\/wp-json\/wp\/v2\/product_tag?post=3129"}],"curies":[{"name":"wp","href":"https:\/\/api.w.org\/{rel}","templated":true}]}}