{"id":3502,"date":"2025-12-14T04:48:20","date_gmt":"2025-12-14T04:48:20","guid":{"rendered":"https:\/\/silqui-tex.com.ar\/?post_type=product&#038;p=3502"},"modified":"2025-12-14T05:00:57","modified_gmt":"2025-12-14T05:00:57","slug":"open-end-rieter","status":"publish","type":"product","link":"https:\/\/silqui-tex.com.ar\/en\/product\/open-end-rieter\/","title":{"rendered":"Open End RIETER modelo R40"},"content":{"rendered":"<p data-start=\"304\" data-end=\"604\">Disponibles continuas Open End RIETER modelo R40, a\u00f1o 2006, en dos configuraciones: una unidad de 280 posiciones y una unidad de 320 posiciones. Equipos reconocidos por su confiabilidad, estabilidad operativa y calidad de hilado, ideales para plantas de hilander\u00eda que trabajan con algod\u00f3n y mezclas.<\/p>\n<p data-start=\"606\" data-end=\"802\">Ambas m\u00e1quinas est\u00e1n equipadas con rotores de 36 mm, cardinas OS21 mixtas y sistema de purgado Uster Quantum, lo que garantiza un control eficiente de la calidad del hilo y una producci\u00f3n estable.<\/p>\n<p data-start=\"804\" data-end=\"832\">Configuraciones disponibles:<\/p>\n<p data-start=\"834\" data-end=\"939\">\u2022 1 continua Open End RIETER R40 de 280 posiciones<br data-start=\"884\" data-end=\"887\" \/>\u2022 1 continua Open End RIETER R40 de 320 posiciones<\/p>\n<p data-start=\"941\" data-end=\"966\">Caracter\u00edsticas t\u00e9cnicas:<\/p>\n<p data-start=\"968\" data-end=\"1139\">\u2022 A\u00f1o de fabricaci\u00f3n: 2006<br data-start=\"994\" data-end=\"997\" \/>\u2022 Sistema de hilatura: Open End (rotor)<br data-start=\"1036\" data-end=\"1039\" \/>\u2022 Di\u00e1metro de rotor: 36 mm<br data-start=\"1065\" data-end=\"1068\" \/>\u2022 Cardinas: OS21 mixtas<br data-start=\"1091\" data-end=\"1094\" \/>\u2022 Sistema de control y purga: Uster Quantum<\/p>\n<p data-start=\"1141\" data-end=\"1333\">Estas m\u00e1quinas representan una excelente alternativa para ampliaci\u00f3n de capacidad productiva, renovaci\u00f3n de equipos o proyectos que requieren tecnolog\u00eda confiable con una inversi\u00f3n controlada.<\/p>","protected":false},"excerpt":{"rendered":"<p>Continuas Open End RIETER R40 a\u00f1o 2006, disponibles en 280 y 320 posiciones. Rotor 36 mm, cardinas OS21 y purgador Uster Quantum.<\/p>","protected":false},"featured_media":3506,"template":"","meta":[],"product_brand":[],"product_cat":[25],"product_tag":[236,226,227,281,279,274,282,280,275],"class_list":{"0":"post-3502","1":"product","2":"type-product","3":"status-publish","4":"has-post-thumbnail","6":"product_cat-maquinaria-de-hilanderia","7":"product_tag-hilanderia-algodon-mezclas","8":"product_tag-maquinaria-de-hilanderia","9":"product_tag-maquinaria-textil-usada","10":"product_tag-open-end-2006","11":"product_tag-open-end-rieter","12":"product_tag-open-end-usada","13":"product_tag-rieter-open-end","14":"product_tag-rieter-r40","15":"product_tag-rotor-spinning","17":"first","18":"instock","19":"shipping-taxable","20":"product-type-simple"},"yoast_head":"<!-- This site is optimized with the Yoast SEO plugin v27.3 - https:\/\/yoast.com\/product\/yoast-seo-wordpress\/ -->\n<title>Open end rieter<\/title>\n<meta name=\"description\" content=\"Continuas Open End RIETER R40 a\u00f1o 2006, disponibles en 280 y 320 posiciones. Rotor 36 mm, cardinas OS21 y purgador Uster Quantum.\" \/>\n<meta name=\"robots\" content=\"index, follow, max-snippet:-1, max-image-preview:large, max-video-preview:-1\" \/>\n<link rel=\"canonical\" href=\"https:\/\/silqui-tex.com.ar\/en\/product\/open-end-rieter\/\" \/>\n<meta property=\"og:locale\" content=\"en_US\" \/>\n<meta property=\"og:type\" content=\"article\" \/>\n<meta property=\"og:title\" content=\"Open end rieter\" \/>\n<meta property=\"og:description\" content=\"Continuas Open End RIETER R40 a\u00f1o 2006, disponibles en 280 y 320 posiciones. Rotor 36 mm, cardinas OS21 y purgador Uster Quantum.\" \/>\n<meta property=\"og:url\" content=\"https:\/\/silqui-tex.com.ar\/en\/product\/open-end-rieter\/\" \/>\n<meta property=\"og:site_name\" content=\"Silqui-Tex\" \/>\n<meta property=\"article:modified_time\" content=\"2025-12-14T05:00:57+00:00\" \/>\n<meta property=\"og:image\" content=\"https:\/\/silqui-tex.com.ar\/wp-content\/uploads\/2025\/12\/PHOTO-2025-12-10-14-08-55.jpg\" \/>\n\t<meta property=\"og:image:width\" content=\"1126\" \/>\n\t<meta property=\"og:image:height\" content=\"2000\" \/>\n\t<meta property=\"og:image:type\" content=\"image\/jpeg\" \/>\n<meta name=\"twitter:card\" content=\"summary_large_image\" \/>\n<meta name=\"twitter:label1\" content=\"Est. reading time\" \/>\n\t<meta name=\"twitter:data1\" content=\"1 minute\" \/>\n<script type=\"application\/ld+json\" class=\"yoast-schema-graph\">{\"@context\":\"https:\\\/\\\/schema.org\",\"@graph\":[{\"@type\":\"WebPage\",\"@id\":\"https:\\\/\\\/silqui-tex.com.ar\\\/producto\\\/open-end-rieter\\\/\",\"url\":\"https:\\\/\\\/silqui-tex.com.ar\\\/producto\\\/open-end-rieter\\\/\",\"name\":\"Open end rieter\",\"isPartOf\":{\"@id\":\"https:\\\/\\\/silqui-tex.com.ar\\\/#website\"},\"primaryImageOfPage\":{\"@id\":\"https:\\\/\\\/silqui-tex.com.ar\\\/producto\\\/open-end-rieter\\\/#primaryimage\"},\"image\":{\"@id\":\"https:\\\/\\\/silqui-tex.com.ar\\\/producto\\\/open-end-rieter\\\/#primaryimage\"},\"thumbnailUrl\":\"https:\\\/\\\/silqui-tex.com.ar\\\/wp-content\\\/uploads\\\/2025\\\/12\\\/PHOTO-2025-12-10-14-08-55.jpg\",\"datePublished\":\"2025-12-14T04:48:20+00:00\",\"dateModified\":\"2025-12-14T05:00:57+00:00\",\"description\":\"Continuas Open End RIETER R40 a\u00f1o 2006, disponibles en 280 y 320 posiciones. Rotor 36 mm, cardinas OS21 y purgador Uster Quantum.\",\"breadcrumb\":{\"@id\":\"https:\\\/\\\/silqui-tex.com.ar\\\/producto\\\/open-end-rieter\\\/#breadcrumb\"},\"inLanguage\":\"en-US\",\"potentialAction\":[{\"@type\":\"ReadAction\",\"target\":[\"https:\\\/\\\/silqui-tex.com.ar\\\/producto\\\/open-end-rieter\\\/\"]}]},{\"@type\":\"ImageObject\",\"inLanguage\":\"en-US\",\"@id\":\"https:\\\/\\\/silqui-tex.com.ar\\\/producto\\\/open-end-rieter\\\/#primaryimage\",\"url\":\"https:\\\/\\\/silqui-tex.com.ar\\\/wp-content\\\/uploads\\\/2025\\\/12\\\/PHOTO-2025-12-10-14-08-55.jpg\",\"contentUrl\":\"https:\\\/\\\/silqui-tex.com.ar\\\/wp-content\\\/uploads\\\/2025\\\/12\\\/PHOTO-2025-12-10-14-08-55.jpg\",\"width\":1126,\"height\":2000},{\"@type\":\"BreadcrumbList\",\"@id\":\"https:\\\/\\\/silqui-tex.com.ar\\\/producto\\\/open-end-rieter\\\/#breadcrumb\",\"itemListElement\":[{\"@type\":\"ListItem\",\"position\":1,\"name\":\"Portada\",\"item\":\"https:\\\/\\\/silqui-tex.com.ar\\\/\"},{\"@type\":\"ListItem\",\"position\":2,\"name\":\"Tienda\",\"item\":\"https:\\\/\\\/silqui-tex.com.ar\\\/tienda\\\/\"},{\"@type\":\"ListItem\",\"position\":3,\"name\":\"Open End RIETER modelo R40\"}]},{\"@type\":\"WebSite\",\"@id\":\"https:\\\/\\\/silqui-tex.com.ar\\\/#website\",\"url\":\"https:\\\/\\\/silqui-tex.com.ar\\\/\",\"name\":\"Silqui-Tex\",\"description\":\"Silqui-Tex se especializa en la venta de maquinaria textil y soluciones innovadoras para la industria, con m\u00e1s de 40 a\u00f1os de experiencia en Am\u00e9rica Latina, ofreciendo tecnolog\u00eda de calidad, servicios personalizados y un enfoque en el desarrollo sostenible.\",\"potentialAction\":[{\"@type\":\"SearchAction\",\"target\":{\"@type\":\"EntryPoint\",\"urlTemplate\":\"https:\\\/\\\/silqui-tex.com.ar\\\/?s={search_term_string}\"},\"query-input\":{\"@type\":\"PropertyValueSpecification\",\"valueRequired\":true,\"valueName\":\"search_term_string\"}}],\"inLanguage\":\"en-US\"}]}<\/script>\n<!-- \/ Yoast SEO plugin. -->","yoast_head_json":{"title":"Open end rieter","description":"Continuas Open End RIETER R40 a\u00f1o 2006, disponibles en 280 y 320 posiciones. Rotor 36 mm, cardinas OS21 y purgador Uster Quantum.","robots":{"index":"index","follow":"follow","max-snippet":"max-snippet:-1","max-image-preview":"max-image-preview:large","max-video-preview":"max-video-preview:-1"},"canonical":"https:\/\/silqui-tex.com.ar\/en\/product\/open-end-rieter\/","og_locale":"en_US","og_type":"article","og_title":"Open end rieter","og_description":"Continuas Open End RIETER R40 a\u00f1o 2006, disponibles en 280 y 320 posiciones. Rotor 36 mm, cardinas OS21 y purgador Uster Quantum.","og_url":"https:\/\/silqui-tex.com.ar\/en\/product\/open-end-rieter\/","og_site_name":"Silqui-Tex","article_modified_time":"2025-12-14T05:00:57+00:00","og_image":[{"width":1126,"height":2000,"url":"https:\/\/silqui-tex.com.ar\/wp-content\/uploads\/2025\/12\/PHOTO-2025-12-10-14-08-55.jpg","type":"image\/jpeg"}],"twitter_card":"summary_large_image","twitter_misc":{"Est. reading time":"1 minute"},"schema":{"@context":"https:\/\/schema.org","@graph":[{"@type":"WebPage","@id":"https:\/\/silqui-tex.com.ar\/producto\/open-end-rieter\/","url":"https:\/\/silqui-tex.com.ar\/producto\/open-end-rieter\/","name":"Open end rieter","isPartOf":{"@id":"https:\/\/silqui-tex.com.ar\/#website"},"primaryImageOfPage":{"@id":"https:\/\/silqui-tex.com.ar\/producto\/open-end-rieter\/#primaryimage"},"image":{"@id":"https:\/\/silqui-tex.com.ar\/producto\/open-end-rieter\/#primaryimage"},"thumbnailUrl":"https:\/\/silqui-tex.com.ar\/wp-content\/uploads\/2025\/12\/PHOTO-2025-12-10-14-08-55.jpg","datePublished":"2025-12-14T04:48:20+00:00","dateModified":"2025-12-14T05:00:57+00:00","description":"Continuas Open End RIETER R40 a\u00f1o 2006, disponibles en 280 y 320 posiciones. Rotor 36 mm, cardinas OS21 y purgador Uster Quantum.","breadcrumb":{"@id":"https:\/\/silqui-tex.com.ar\/producto\/open-end-rieter\/#breadcrumb"},"inLanguage":"en-US","potentialAction":[{"@type":"ReadAction","target":["https:\/\/silqui-tex.com.ar\/producto\/open-end-rieter\/"]}]},{"@type":"ImageObject","inLanguage":"en-US","@id":"https:\/\/silqui-tex.com.ar\/producto\/open-end-rieter\/#primaryimage","url":"https:\/\/silqui-tex.com.ar\/wp-content\/uploads\/2025\/12\/PHOTO-2025-12-10-14-08-55.jpg","contentUrl":"https:\/\/silqui-tex.com.ar\/wp-content\/uploads\/2025\/12\/PHOTO-2025-12-10-14-08-55.jpg","width":1126,"height":2000},{"@type":"BreadcrumbList","@id":"https:\/\/silqui-tex.com.ar\/producto\/open-end-rieter\/#breadcrumb","itemListElement":[{"@type":"ListItem","position":1,"name":"Portada","item":"https:\/\/silqui-tex.com.ar\/"},{"@type":"ListItem","position":2,"name":"Tienda","item":"https:\/\/silqui-tex.com.ar\/tienda\/"},{"@type":"ListItem","position":3,"name":"Open End RIETER modelo R40"}]},{"@type":"WebSite","@id":"https:\/\/silqui-tex.com.ar\/#website","url":"https:\/\/silqui-tex.com.ar\/","name":"Silqui-Tex","description":"Silqui-Tex se especializa en la venta de maquinaria textil y soluciones innovadoras para la industria, con m\u00e1s de 40 a\u00f1os de experiencia en Am\u00e9rica Latina, ofreciendo tecnolog\u00eda de calidad, servicios personalizados y un enfoque en el desarrollo sostenible.","potentialAction":[{"@type":"SearchAction","target":{"@type":"EntryPoint","urlTemplate":"https:\/\/silqui-tex.com.ar\/?s={search_term_string}"},"query-input":{"@type":"PropertyValueSpecification","valueRequired":true,"valueName":"search_term_string"}}],"inLanguage":"en-US"}]}},"_links":{"self":[{"href":"https:\/\/silqui-tex.com.ar\/en\/wp-json\/wp\/v2\/product\/3502","targetHints":{"allow":["GET"]}}],"collection":[{"href":"https:\/\/silqui-tex.com.ar\/en\/wp-json\/wp\/v2\/product"}],"about":[{"href":"https:\/\/silqui-tex.com.ar\/en\/wp-json\/wp\/v2\/types\/product"}],"wp:featuredmedia":[{"embeddable":true,"href":"https:\/\/silqui-tex.com.ar\/en\/wp-json\/wp\/v2\/media\/3506"}],"wp:attachment":[{"href":"https:\/\/silqui-tex.com.ar\/en\/wp-json\/wp\/v2\/media?parent=3502"}],"wp:term":[{"taxonomy":"product_brand","embeddable":true,"href":"https:\/\/silqui-tex.com.ar\/en\/wp-json\/wp\/v2\/product_brand?post=3502"},{"taxonomy":"product_cat","embeddable":true,"href":"https:\/\/silqui-tex.com.ar\/en\/wp-json\/wp\/v2\/product_cat?post=3502"},{"taxonomy":"product_tag","embeddable":true,"href":"https:\/\/silqui-tex.com.ar\/en\/wp-json\/wp\/v2\/product_tag?post=3502"}],"curies":[{"name":"wp","href":"https:\/\/api.w.org\/{rel}","templated":true}]}}