{"id":4445,"date":"2026-01-23T03:28:07","date_gmt":"2026-01-23T03:28:07","guid":{"rendered":"https:\/\/silqui-tex.com.ar\/?post_type=product&#038;p=4445"},"modified":"2026-01-23T03:34:43","modified_gmt":"2026-01-23T03:34:43","slug":"pinzadora-rieter-unifloc-a11-2011","status":"publish","type":"product","link":"https:\/\/silqui-tex.com.ar\/en\/product\/pinzadora-rieter-unifloc-a11-2011\/","title":{"rendered":"Pinzadora RIETER UNIFLOC A11 \u2013 A\u00f1o 2011"},"content":{"rendered":"<p data-start=\"192\" data-end=\"433\">La pinzadora <span class=\"hover:entity-accent entity-underline inline cursor-pointer align-baseline\"><span class=\"whitespace-normal\">Rieter<\/span><\/span> modelo UNIFLOC A11, a\u00f1o 2011, es un equipo dise\u00f1ado para la preparaci\u00f3n y manejo eficiente del material fibroso dentro de l\u00edneas de hilander\u00eda, especialmente en la etapa de blowroom.<\/p>\n<p data-start=\"435\" data-end=\"772\">Equipada con brazo de 2300 mm, esta m\u00e1quina permite una manipulaci\u00f3n segura y controlada de la fibra, garantizando una alimentaci\u00f3n uniforme hacia los procesos posteriores. Su dise\u00f1o robusto y confiable asegura estabilidad operativa, bajo nivel de mantenimiento y una larga vida \u00fatil, caracter\u00edsticas t\u00edpicas de la tecnolog\u00eda Rieter.<\/p>\n<p data-start=\"774\" data-end=\"991\">La UNIFLOC A11 es una soluci\u00f3n adecuada para plantas que buscan maquinaria probada de origen europeo, orientada a mejorar la eficiencia del proceso de preparaci\u00f3n de fibras y a optimizar la continuidad productiva.<\/p>\n<p data-start=\"993\" data-end=\"1146\">Este equipo es ideal para integrarse en l\u00edneas existentes de preparaci\u00f3n de fibras, aportando confiabilidad, precisi\u00f3n y un manejo adecuado del material.<\/p>","protected":false},"excerpt":{"rendered":"<p>Pinzadora Rieter UNIFLOC A11 a\u00f1o 2011, con brazo de 2300 mm. Equipo robusto para preparaci\u00f3n y manejo de fibras en l\u00edneas de hilander\u00eda.<\/p>","protected":false},"featured_media":4446,"template":"","meta":[],"product_brand":[],"product_cat":[25],"product_tag":[472,473,226,474,227,470,338,471],"class_list":{"0":"post-4445","1":"product","2":"type-product","3":"status-publish","4":"has-post-thumbnail","6":"product_cat-maquinaria-de-hilanderia","7":"product_tag-blowroom-rieter","8":"product_tag-equipos-rieter","9":"product_tag-maquinaria-de-hilanderia","10":"product_tag-maquinaria-textil-europea","11":"product_tag-maquinaria-textil-usada","12":"product_tag-pinzadora-rieter","13":"product_tag-preparacion-de-fibras","14":"product_tag-unifloc-a11","16":"first","17":"instock","18":"shipping-taxable","19":"product-type-simple"},"yoast_head":"<!-- This site is optimized with the Yoast SEO plugin v27.3 - https:\/\/yoast.com\/product\/yoast-seo-wordpress\/ -->\n<title>Pinzadora Rieter UNIFLOC A11 | Preparaci\u00f3n de fibras \u2013 A\u00f1o 2011<\/title>\n<meta name=\"description\" content=\"Pinzadora Rieter UNIFLOC A11 a\u00f1o 2011 con brazo de 2300 mm. Equipo confiable para preparaci\u00f3n y manejo de fibras en hilander\u00eda.\" \/>\n<meta name=\"robots\" content=\"index, follow, max-snippet:-1, max-image-preview:large, max-video-preview:-1\" \/>\n<link rel=\"canonical\" href=\"https:\/\/silqui-tex.com.ar\/en\/product\/pinzadora-rieter-unifloc-a11-2011\/\" \/>\n<meta property=\"og:locale\" content=\"en_US\" \/>\n<meta property=\"og:type\" content=\"article\" \/>\n<meta property=\"og:title\" content=\"Pinzadora Rieter UNIFLOC A11 | Preparaci\u00f3n de fibras \u2013 A\u00f1o 2011\" \/>\n<meta property=\"og:description\" content=\"Pinzadora Rieter UNIFLOC A11 a\u00f1o 2011 con brazo de 2300 mm. Equipo confiable para preparaci\u00f3n y manejo de fibras en hilander\u00eda.\" \/>\n<meta property=\"og:url\" content=\"https:\/\/silqui-tex.com.ar\/en\/product\/pinzadora-rieter-unifloc-a11-2011\/\" \/>\n<meta property=\"og:site_name\" content=\"Silqui-Tex\" \/>\n<meta property=\"article:modified_time\" content=\"2026-01-23T03:34:43+00:00\" \/>\n<meta property=\"og:image\" content=\"https:\/\/silqui-tex.com.ar\/wp-content\/uploads\/2026\/01\/PHOTO-2026-01-22-01-28-08-4.jpg\" \/>\n\t<meta property=\"og:image:width\" content=\"1600\" \/>\n\t<meta property=\"og:image:height\" content=\"1204\" \/>\n\t<meta property=\"og:image:type\" content=\"image\/jpeg\" \/>\n<meta name=\"twitter:card\" content=\"summary_large_image\" \/>\n<meta name=\"twitter:label1\" content=\"Est. reading time\" \/>\n\t<meta name=\"twitter:data1\" content=\"1 minute\" \/>\n<script type=\"application\/ld+json\" class=\"yoast-schema-graph\">{\"@context\":\"https:\\\/\\\/schema.org\",\"@graph\":[{\"@type\":\"WebPage\",\"@id\":\"https:\\\/\\\/silqui-tex.com.ar\\\/producto\\\/pinzadora-rieter-unifloc-a11-2011\\\/\",\"url\":\"https:\\\/\\\/silqui-tex.com.ar\\\/producto\\\/pinzadora-rieter-unifloc-a11-2011\\\/\",\"name\":\"Pinzadora Rieter UNIFLOC A11 | Preparaci\u00f3n de fibras \u2013 A\u00f1o 2011\",\"isPartOf\":{\"@id\":\"https:\\\/\\\/silqui-tex.com.ar\\\/#website\"},\"primaryImageOfPage\":{\"@id\":\"https:\\\/\\\/silqui-tex.com.ar\\\/producto\\\/pinzadora-rieter-unifloc-a11-2011\\\/#primaryimage\"},\"image\":{\"@id\":\"https:\\\/\\\/silqui-tex.com.ar\\\/producto\\\/pinzadora-rieter-unifloc-a11-2011\\\/#primaryimage\"},\"thumbnailUrl\":\"https:\\\/\\\/silqui-tex.com.ar\\\/wp-content\\\/uploads\\\/2026\\\/01\\\/PHOTO-2026-01-22-01-28-08-4.jpg\",\"datePublished\":\"2026-01-23T03:28:07+00:00\",\"dateModified\":\"2026-01-23T03:34:43+00:00\",\"description\":\"Pinzadora Rieter UNIFLOC A11 a\u00f1o 2011 con brazo de 2300 mm. Equipo confiable para preparaci\u00f3n y manejo de fibras en hilander\u00eda.\",\"breadcrumb\":{\"@id\":\"https:\\\/\\\/silqui-tex.com.ar\\\/producto\\\/pinzadora-rieter-unifloc-a11-2011\\\/#breadcrumb\"},\"inLanguage\":\"en-US\",\"potentialAction\":[{\"@type\":\"ReadAction\",\"target\":[\"https:\\\/\\\/silqui-tex.com.ar\\\/producto\\\/pinzadora-rieter-unifloc-a11-2011\\\/\"]}]},{\"@type\":\"ImageObject\",\"inLanguage\":\"en-US\",\"@id\":\"https:\\\/\\\/silqui-tex.com.ar\\\/producto\\\/pinzadora-rieter-unifloc-a11-2011\\\/#primaryimage\",\"url\":\"https:\\\/\\\/silqui-tex.com.ar\\\/wp-content\\\/uploads\\\/2026\\\/01\\\/PHOTO-2026-01-22-01-28-08-4.jpg\",\"contentUrl\":\"https:\\\/\\\/silqui-tex.com.ar\\\/wp-content\\\/uploads\\\/2026\\\/01\\\/PHOTO-2026-01-22-01-28-08-4.jpg\",\"width\":1600,\"height\":1204,\"caption\":\"pinzadora rieter unifloc a11\"},{\"@type\":\"BreadcrumbList\",\"@id\":\"https:\\\/\\\/silqui-tex.com.ar\\\/producto\\\/pinzadora-rieter-unifloc-a11-2011\\\/#breadcrumb\",\"itemListElement\":[{\"@type\":\"ListItem\",\"position\":1,\"name\":\"Portada\",\"item\":\"https:\\\/\\\/silqui-tex.com.ar\\\/\"},{\"@type\":\"ListItem\",\"position\":2,\"name\":\"Tienda\",\"item\":\"https:\\\/\\\/silqui-tex.com.ar\\\/tienda\\\/\"},{\"@type\":\"ListItem\",\"position\":3,\"name\":\"Pinzadora RIETER UNIFLOC A11 \u2013 A\u00f1o 2011\"}]},{\"@type\":\"WebSite\",\"@id\":\"https:\\\/\\\/silqui-tex.com.ar\\\/#website\",\"url\":\"https:\\\/\\\/silqui-tex.com.ar\\\/\",\"name\":\"Silqui-Tex\",\"description\":\"Silqui-Tex se especializa en la venta de maquinaria textil y soluciones innovadoras para la industria, con m\u00e1s de 40 a\u00f1os de experiencia en Am\u00e9rica Latina, ofreciendo tecnolog\u00eda de calidad, servicios personalizados y un enfoque en el desarrollo sostenible.\",\"potentialAction\":[{\"@type\":\"SearchAction\",\"target\":{\"@type\":\"EntryPoint\",\"urlTemplate\":\"https:\\\/\\\/silqui-tex.com.ar\\\/?s={search_term_string}\"},\"query-input\":{\"@type\":\"PropertyValueSpecification\",\"valueRequired\":true,\"valueName\":\"search_term_string\"}}],\"inLanguage\":\"en-US\"}]}<\/script>\n<!-- \/ Yoast SEO plugin. -->","yoast_head_json":{"title":"Pinzadora Rieter UNIFLOC A11 | Preparaci\u00f3n de fibras \u2013 A\u00f1o 2011","description":"Pinzadora Rieter UNIFLOC A11 a\u00f1o 2011 con brazo de 2300 mm. Equipo confiable para preparaci\u00f3n y manejo de fibras en hilander\u00eda.","robots":{"index":"index","follow":"follow","max-snippet":"max-snippet:-1","max-image-preview":"max-image-preview:large","max-video-preview":"max-video-preview:-1"},"canonical":"https:\/\/silqui-tex.com.ar\/en\/product\/pinzadora-rieter-unifloc-a11-2011\/","og_locale":"en_US","og_type":"article","og_title":"Pinzadora Rieter UNIFLOC A11 | Preparaci\u00f3n de fibras \u2013 A\u00f1o 2011","og_description":"Pinzadora Rieter UNIFLOC A11 a\u00f1o 2011 con brazo de 2300 mm. Equipo confiable para preparaci\u00f3n y manejo de fibras en hilander\u00eda.","og_url":"https:\/\/silqui-tex.com.ar\/en\/product\/pinzadora-rieter-unifloc-a11-2011\/","og_site_name":"Silqui-Tex","article_modified_time":"2026-01-23T03:34:43+00:00","og_image":[{"width":1600,"height":1204,"url":"https:\/\/silqui-tex.com.ar\/wp-content\/uploads\/2026\/01\/PHOTO-2026-01-22-01-28-08-4.jpg","type":"image\/jpeg"}],"twitter_card":"summary_large_image","twitter_misc":{"Est. reading time":"1 minute"},"schema":{"@context":"https:\/\/schema.org","@graph":[{"@type":"WebPage","@id":"https:\/\/silqui-tex.com.ar\/producto\/pinzadora-rieter-unifloc-a11-2011\/","url":"https:\/\/silqui-tex.com.ar\/producto\/pinzadora-rieter-unifloc-a11-2011\/","name":"Pinzadora Rieter UNIFLOC A11 | Preparaci\u00f3n de fibras \u2013 A\u00f1o 2011","isPartOf":{"@id":"https:\/\/silqui-tex.com.ar\/#website"},"primaryImageOfPage":{"@id":"https:\/\/silqui-tex.com.ar\/producto\/pinzadora-rieter-unifloc-a11-2011\/#primaryimage"},"image":{"@id":"https:\/\/silqui-tex.com.ar\/producto\/pinzadora-rieter-unifloc-a11-2011\/#primaryimage"},"thumbnailUrl":"https:\/\/silqui-tex.com.ar\/wp-content\/uploads\/2026\/01\/PHOTO-2026-01-22-01-28-08-4.jpg","datePublished":"2026-01-23T03:28:07+00:00","dateModified":"2026-01-23T03:34:43+00:00","description":"Pinzadora Rieter UNIFLOC A11 a\u00f1o 2011 con brazo de 2300 mm. Equipo confiable para preparaci\u00f3n y manejo de fibras en hilander\u00eda.","breadcrumb":{"@id":"https:\/\/silqui-tex.com.ar\/producto\/pinzadora-rieter-unifloc-a11-2011\/#breadcrumb"},"inLanguage":"en-US","potentialAction":[{"@type":"ReadAction","target":["https:\/\/silqui-tex.com.ar\/producto\/pinzadora-rieter-unifloc-a11-2011\/"]}]},{"@type":"ImageObject","inLanguage":"en-US","@id":"https:\/\/silqui-tex.com.ar\/producto\/pinzadora-rieter-unifloc-a11-2011\/#primaryimage","url":"https:\/\/silqui-tex.com.ar\/wp-content\/uploads\/2026\/01\/PHOTO-2026-01-22-01-28-08-4.jpg","contentUrl":"https:\/\/silqui-tex.com.ar\/wp-content\/uploads\/2026\/01\/PHOTO-2026-01-22-01-28-08-4.jpg","width":1600,"height":1204,"caption":"pinzadora rieter unifloc a11"},{"@type":"BreadcrumbList","@id":"https:\/\/silqui-tex.com.ar\/producto\/pinzadora-rieter-unifloc-a11-2011\/#breadcrumb","itemListElement":[{"@type":"ListItem","position":1,"name":"Portada","item":"https:\/\/silqui-tex.com.ar\/"},{"@type":"ListItem","position":2,"name":"Tienda","item":"https:\/\/silqui-tex.com.ar\/tienda\/"},{"@type":"ListItem","position":3,"name":"Pinzadora RIETER UNIFLOC A11 \u2013 A\u00f1o 2011"}]},{"@type":"WebSite","@id":"https:\/\/silqui-tex.com.ar\/#website","url":"https:\/\/silqui-tex.com.ar\/","name":"Silqui-Tex","description":"Silqui-Tex se especializa en la venta de maquinaria textil y soluciones innovadoras para la industria, con m\u00e1s de 40 a\u00f1os de experiencia en Am\u00e9rica Latina, ofreciendo tecnolog\u00eda de calidad, servicios personalizados y un enfoque en el desarrollo sostenible.","potentialAction":[{"@type":"SearchAction","target":{"@type":"EntryPoint","urlTemplate":"https:\/\/silqui-tex.com.ar\/?s={search_term_string}"},"query-input":{"@type":"PropertyValueSpecification","valueRequired":true,"valueName":"search_term_string"}}],"inLanguage":"en-US"}]}},"_links":{"self":[{"href":"https:\/\/silqui-tex.com.ar\/en\/wp-json\/wp\/v2\/product\/4445","targetHints":{"allow":["GET"]}}],"collection":[{"href":"https:\/\/silqui-tex.com.ar\/en\/wp-json\/wp\/v2\/product"}],"about":[{"href":"https:\/\/silqui-tex.com.ar\/en\/wp-json\/wp\/v2\/types\/product"}],"wp:featuredmedia":[{"embeddable":true,"href":"https:\/\/silqui-tex.com.ar\/en\/wp-json\/wp\/v2\/media\/4446"}],"wp:attachment":[{"href":"https:\/\/silqui-tex.com.ar\/en\/wp-json\/wp\/v2\/media?parent=4445"}],"wp:term":[{"taxonomy":"product_brand","embeddable":true,"href":"https:\/\/silqui-tex.com.ar\/en\/wp-json\/wp\/v2\/product_brand?post=4445"},{"taxonomy":"product_cat","embeddable":true,"href":"https:\/\/silqui-tex.com.ar\/en\/wp-json\/wp\/v2\/product_cat?post=4445"},{"taxonomy":"product_tag","embeddable":true,"href":"https:\/\/silqui-tex.com.ar\/en\/wp-json\/wp\/v2\/product_tag?post=4445"}],"curies":[{"name":"wp","href":"https:\/\/api.w.org\/{rel}","templated":true}]}}