{"id":698,"date":"2023-05-06T06:34:00","date_gmt":"2023-05-06T06:34:00","guid":{"rendered":"https:\/\/silqui-tex.com.ar\/?post_type=product&#038;p=698"},"modified":"2023-09-21T23:28:32","modified_gmt":"2023-09-21T23:28:32","slug":"open-end-rieter-r60","status":"publish","type":"product","link":"https:\/\/silqui-tex.com.ar\/en\/product\/open-end-rieter-r60\/","title":{"rendered":"Open End Rieter R60"},"content":{"rendered":"<pre>Machine Brand: RIETER\r\nMachine Model: R60\r\nRotors Qty:540\r\nOverhead cleaner: Uster Quantum cleaner\r\nManufacturing years: 2013\r\nMachine Condition: A+ 85 %New\r\nMachine Status: STOPED<\/pre>","protected":false},"excerpt":{"rendered":"<ul>\n<li><span style=\"font-weight: 400\">Make: \u00a0Rieter<\/span><\/li>\n<li><span style=\"font-weight: 400\">Model: R60<\/span><\/li>\n<li><span style=\"font-weight: 400\">Year:\u00a0 2013<\/span><\/li>\n<\/ul>","protected":false},"featured_media":700,"template":"","meta":[],"product_brand":[],"product_cat":[25],"product_tag":[],"class_list":{"0":"post-698","1":"product","2":"type-product","3":"status-publish","4":"has-post-thumbnail","6":"product_cat-maquinaria-de-hilanderia","8":"first","9":"instock","10":"shipping-taxable","11":"product-type-simple"},"yoast_head":"<!-- This site is optimized with the Yoast SEO plugin v27.3 - https:\/\/yoast.com\/product\/yoast-seo-wordpress\/ -->\n<title>Open End Rieter R60 - Silqui-Tex<\/title>\n<meta name=\"description\" content=\"Open End Rieter R60 year 2013 Rotors Qty:540 Overhead cleaner: Uster Quantum cleaner Manufacturing years: 2013 Machine Condition: A+ 85 %New\" \/>\n<meta name=\"robots\" content=\"index, follow, max-snippet:-1, max-image-preview:large, max-video-preview:-1\" \/>\n<link rel=\"canonical\" href=\"https:\/\/silqui-tex.com.ar\/en\/product\/open-end-rieter-r60\/\" \/>\n<meta property=\"og:locale\" content=\"en_US\" \/>\n<meta property=\"og:type\" content=\"article\" \/>\n<meta property=\"og:title\" content=\"Open End Rieter R60 - Silqui-Tex\" \/>\n<meta property=\"og:description\" content=\"Open End Rieter R60 year 2013 Rotors Qty:540 Overhead cleaner: Uster Quantum cleaner Manufacturing years: 2013 Machine Condition: A+ 85 %New\" \/>\n<meta property=\"og:url\" content=\"https:\/\/silqui-tex.com.ar\/en\/product\/open-end-rieter-r60\/\" \/>\n<meta property=\"og:site_name\" content=\"Silqui-Tex\" \/>\n<meta property=\"article:modified_time\" content=\"2023-09-21T23:28:32+00:00\" \/>\n<meta property=\"og:image\" content=\"https:\/\/silqui-tex.com.ar\/wp-content\/uploads\/2023\/05\/47ccb016c0b3f7b1dc48460cab85acde.jpg\" \/>\n\t<meta property=\"og:image:width\" content=\"1600\" \/>\n\t<meta property=\"og:image:height\" content=\"1199\" \/>\n\t<meta property=\"og:image:type\" content=\"image\/jpeg\" \/>\n<meta name=\"twitter:card\" content=\"summary_large_image\" \/>\n<script type=\"application\/ld+json\" class=\"yoast-schema-graph\">{\"@context\":\"https:\\\/\\\/schema.org\",\"@graph\":[{\"@type\":\"WebPage\",\"@id\":\"https:\\\/\\\/silqui-tex.com.ar\\\/producto\\\/open-end-rieter-r60\\\/\",\"url\":\"https:\\\/\\\/silqui-tex.com.ar\\\/producto\\\/open-end-rieter-r60\\\/\",\"name\":\"Open End Rieter R60 - Silqui-Tex\",\"isPartOf\":{\"@id\":\"https:\\\/\\\/silqui-tex.com.ar\\\/#website\"},\"primaryImageOfPage\":{\"@id\":\"https:\\\/\\\/silqui-tex.com.ar\\\/producto\\\/open-end-rieter-r60\\\/#primaryimage\"},\"image\":{\"@id\":\"https:\\\/\\\/silqui-tex.com.ar\\\/producto\\\/open-end-rieter-r60\\\/#primaryimage\"},\"thumbnailUrl\":\"https:\\\/\\\/silqui-tex.com.ar\\\/wp-content\\\/uploads\\\/2023\\\/05\\\/47ccb016c0b3f7b1dc48460cab85acde.jpg\",\"datePublished\":\"2023-05-06T06:34:00+00:00\",\"dateModified\":\"2023-09-21T23:28:32+00:00\",\"description\":\"Open End Rieter R60 year 2013 Rotors Qty:540 Overhead cleaner: Uster Quantum cleaner Manufacturing years: 2013 Machine Condition: A+ 85 %New\",\"breadcrumb\":{\"@id\":\"https:\\\/\\\/silqui-tex.com.ar\\\/producto\\\/open-end-rieter-r60\\\/#breadcrumb\"},\"inLanguage\":\"en-US\",\"potentialAction\":[{\"@type\":\"ReadAction\",\"target\":[\"https:\\\/\\\/silqui-tex.com.ar\\\/producto\\\/open-end-rieter-r60\\\/\"]}]},{\"@type\":\"ImageObject\",\"inLanguage\":\"en-US\",\"@id\":\"https:\\\/\\\/silqui-tex.com.ar\\\/producto\\\/open-end-rieter-r60\\\/#primaryimage\",\"url\":\"https:\\\/\\\/silqui-tex.com.ar\\\/wp-content\\\/uploads\\\/2023\\\/05\\\/47ccb016c0b3f7b1dc48460cab85acde.jpg\",\"contentUrl\":\"https:\\\/\\\/silqui-tex.com.ar\\\/wp-content\\\/uploads\\\/2023\\\/05\\\/47ccb016c0b3f7b1dc48460cab85acde.jpg\",\"width\":1600,\"height\":1199},{\"@type\":\"BreadcrumbList\",\"@id\":\"https:\\\/\\\/silqui-tex.com.ar\\\/producto\\\/open-end-rieter-r60\\\/#breadcrumb\",\"itemListElement\":[{\"@type\":\"ListItem\",\"position\":1,\"name\":\"Portada\",\"item\":\"https:\\\/\\\/silqui-tex.com.ar\\\/\"},{\"@type\":\"ListItem\",\"position\":2,\"name\":\"Tienda\",\"item\":\"https:\\\/\\\/silqui-tex.com.ar\\\/tienda\\\/\"},{\"@type\":\"ListItem\",\"position\":3,\"name\":\"Open End Rieter R60\"}]},{\"@type\":\"WebSite\",\"@id\":\"https:\\\/\\\/silqui-tex.com.ar\\\/#website\",\"url\":\"https:\\\/\\\/silqui-tex.com.ar\\\/\",\"name\":\"Silqui-Tex\",\"description\":\"Silqui-Tex se especializa en la venta de maquinaria textil y soluciones innovadoras para la industria, con m\u00e1s de 40 a\u00f1os de experiencia en Am\u00e9rica Latina, ofreciendo tecnolog\u00eda de calidad, servicios personalizados y un enfoque en el desarrollo sostenible.\",\"potentialAction\":[{\"@type\":\"SearchAction\",\"target\":{\"@type\":\"EntryPoint\",\"urlTemplate\":\"https:\\\/\\\/silqui-tex.com.ar\\\/?s={search_term_string}\"},\"query-input\":{\"@type\":\"PropertyValueSpecification\",\"valueRequired\":true,\"valueName\":\"search_term_string\"}}],\"inLanguage\":\"en-US\"}]}<\/script>\n<!-- \/ Yoast SEO plugin. -->","yoast_head_json":{"title":"Open End Rieter R60 - Silqui-Tex","description":"Open End Rieter R60 year 2013 Rotors Qty:540 Overhead cleaner: Uster Quantum cleaner Manufacturing years: 2013 Machine Condition: A+ 85 %New","robots":{"index":"index","follow":"follow","max-snippet":"max-snippet:-1","max-image-preview":"max-image-preview:large","max-video-preview":"max-video-preview:-1"},"canonical":"https:\/\/silqui-tex.com.ar\/en\/product\/open-end-rieter-r60\/","og_locale":"en_US","og_type":"article","og_title":"Open End Rieter R60 - Silqui-Tex","og_description":"Open End Rieter R60 year 2013 Rotors Qty:540 Overhead cleaner: Uster Quantum cleaner Manufacturing years: 2013 Machine Condition: A+ 85 %New","og_url":"https:\/\/silqui-tex.com.ar\/en\/product\/open-end-rieter-r60\/","og_site_name":"Silqui-Tex","article_modified_time":"2023-09-21T23:28:32+00:00","og_image":[{"width":1600,"height":1199,"url":"https:\/\/silqui-tex.com.ar\/wp-content\/uploads\/2023\/05\/47ccb016c0b3f7b1dc48460cab85acde.jpg","type":"image\/jpeg"}],"twitter_card":"summary_large_image","schema":{"@context":"https:\/\/schema.org","@graph":[{"@type":"WebPage","@id":"https:\/\/silqui-tex.com.ar\/producto\/open-end-rieter-r60\/","url":"https:\/\/silqui-tex.com.ar\/producto\/open-end-rieter-r60\/","name":"Open End Rieter R60 - Silqui-Tex","isPartOf":{"@id":"https:\/\/silqui-tex.com.ar\/#website"},"primaryImageOfPage":{"@id":"https:\/\/silqui-tex.com.ar\/producto\/open-end-rieter-r60\/#primaryimage"},"image":{"@id":"https:\/\/silqui-tex.com.ar\/producto\/open-end-rieter-r60\/#primaryimage"},"thumbnailUrl":"https:\/\/silqui-tex.com.ar\/wp-content\/uploads\/2023\/05\/47ccb016c0b3f7b1dc48460cab85acde.jpg","datePublished":"2023-05-06T06:34:00+00:00","dateModified":"2023-09-21T23:28:32+00:00","description":"Open End Rieter R60 year 2013 Rotors Qty:540 Overhead cleaner: Uster Quantum cleaner Manufacturing years: 2013 Machine Condition: A+ 85 %New","breadcrumb":{"@id":"https:\/\/silqui-tex.com.ar\/producto\/open-end-rieter-r60\/#breadcrumb"},"inLanguage":"en-US","potentialAction":[{"@type":"ReadAction","target":["https:\/\/silqui-tex.com.ar\/producto\/open-end-rieter-r60\/"]}]},{"@type":"ImageObject","inLanguage":"en-US","@id":"https:\/\/silqui-tex.com.ar\/producto\/open-end-rieter-r60\/#primaryimage","url":"https:\/\/silqui-tex.com.ar\/wp-content\/uploads\/2023\/05\/47ccb016c0b3f7b1dc48460cab85acde.jpg","contentUrl":"https:\/\/silqui-tex.com.ar\/wp-content\/uploads\/2023\/05\/47ccb016c0b3f7b1dc48460cab85acde.jpg","width":1600,"height":1199},{"@type":"BreadcrumbList","@id":"https:\/\/silqui-tex.com.ar\/producto\/open-end-rieter-r60\/#breadcrumb","itemListElement":[{"@type":"ListItem","position":1,"name":"Portada","item":"https:\/\/silqui-tex.com.ar\/"},{"@type":"ListItem","position":2,"name":"Tienda","item":"https:\/\/silqui-tex.com.ar\/tienda\/"},{"@type":"ListItem","position":3,"name":"Open End Rieter R60"}]},{"@type":"WebSite","@id":"https:\/\/silqui-tex.com.ar\/#website","url":"https:\/\/silqui-tex.com.ar\/","name":"Silqui-Tex","description":"Silqui-Tex se especializa en la venta de maquinaria textil y soluciones innovadoras para la industria, con m\u00e1s de 40 a\u00f1os de experiencia en Am\u00e9rica Latina, ofreciendo tecnolog\u00eda de calidad, servicios personalizados y un enfoque en el desarrollo sostenible.","potentialAction":[{"@type":"SearchAction","target":{"@type":"EntryPoint","urlTemplate":"https:\/\/silqui-tex.com.ar\/?s={search_term_string}"},"query-input":{"@type":"PropertyValueSpecification","valueRequired":true,"valueName":"search_term_string"}}],"inLanguage":"en-US"}]}},"_links":{"self":[{"href":"https:\/\/silqui-tex.com.ar\/en\/wp-json\/wp\/v2\/product\/698","targetHints":{"allow":["GET"]}}],"collection":[{"href":"https:\/\/silqui-tex.com.ar\/en\/wp-json\/wp\/v2\/product"}],"about":[{"href":"https:\/\/silqui-tex.com.ar\/en\/wp-json\/wp\/v2\/types\/product"}],"wp:featuredmedia":[{"embeddable":true,"href":"https:\/\/silqui-tex.com.ar\/en\/wp-json\/wp\/v2\/media\/700"}],"wp:attachment":[{"href":"https:\/\/silqui-tex.com.ar\/en\/wp-json\/wp\/v2\/media?parent=698"}],"wp:term":[{"taxonomy":"product_brand","embeddable":true,"href":"https:\/\/silqui-tex.com.ar\/en\/wp-json\/wp\/v2\/product_brand?post=698"},{"taxonomy":"product_cat","embeddable":true,"href":"https:\/\/silqui-tex.com.ar\/en\/wp-json\/wp\/v2\/product_cat?post=698"},{"taxonomy":"product_tag","embeddable":true,"href":"https:\/\/silqui-tex.com.ar\/en\/wp-json\/wp\/v2\/product_tag?post=698"}],"curies":[{"name":"wp","href":"https:\/\/api.w.org\/{rel}","templated":true}]}}