{"id":724,"date":"2023-05-06T07:17:14","date_gmt":"2023-05-06T07:17:14","guid":{"rendered":"https:\/\/silqui-tex.com.ar\/?post_type=product&#038;p=724"},"modified":"2023-09-21T23:27:18","modified_gmt":"2023-09-21T23:27:18","slug":"cardas-rosique","status":"publish","type":"product","link":"https:\/\/silqui-tex.com.ar\/en\/product\/cardas-rosique\/","title":{"rendered":"4 x Cardas Rosique, Year 1998."},"content":{"rendered":"<pre>Rosique Cards,\nYear 1998,\nAutomatic can changer, can height: 36\u201d,\nAspiration and collection of waste in a continuous system,\n3 machines with TOMSIC autoregulator,\n1 machine with TEX CONTROL autoregulator,\nPot diameter: 16 inches,\nNumber of cylinders:\n1 machine with 5 groups of workers and peelers, opener cylinder and main cylinder\n1 machine with 4 groups of workers and peelers, gut-type opening cylinder and main cylinder\nNEU type direct feed,<\/pre>","protected":false},"excerpt":{"rendered":"<ul>\n<li><span style=\"font-weight: 400\">Make<\/span><span style=\"font-weight: 400\">:<\/span> ROSIQUE<\/li>\n<li><span style=\"font-weight: 400\">Year<\/span><span style=\"font-weight: 400\">:<\/span> 1998<\/li>\n<\/ul>","protected":false},"featured_media":744,"template":"","meta":[],"product_brand":[],"product_cat":[25],"product_tag":[],"class_list":{"0":"post-724","1":"product","2":"type-product","3":"status-publish","4":"has-post-thumbnail","6":"product_cat-maquinaria-de-hilanderia","8":"first","9":"instock","10":"shipping-taxable","11":"product-type-simple"},"yoast_head":"<!-- This site is optimized with the Yoast SEO plugin v27.3 - https:\/\/yoast.com\/product\/yoast-seo-wordpress\/ -->\n<title>4 x Cardas Rosique, A\u00f1o 1998. - Silqui-Tex<\/title>\n<meta name=\"description\" content=\"Cardas Rosique, A\u00f1o 1998, Cambiador autom\u00e1tico de botes, altura del bote: 36\u201d, Aspiraci\u00f3n y recogida de desperdicio en sistema continuo, 3 m\u00e1quinas con autorregulador TOMSIC, 1 m\u00e1quina con autorregulador TEX CONTROL, Di\u00e1metro del bote: 16 pulgadas, N\u00famero de cilindros: 1 m\u00e1quina con 5 grupos de trabajadores y peladores, cilindro abridor tipo avantr\u00e9n y cilindro principal 1 m\u00e1quina con 4 grupos de trabajadores y peladores, cilindro abridor tipo avantr\u00e9n y cilindro principal Alimentaci\u00f3n directa tipo NEU,\" \/>\n<meta name=\"robots\" content=\"index, follow, max-snippet:-1, max-image-preview:large, max-video-preview:-1\" \/>\n<link rel=\"canonical\" href=\"https:\/\/silqui-tex.com.ar\/en\/product\/cardas-rosique\/\" \/>\n<meta property=\"og:locale\" content=\"en_US\" \/>\n<meta property=\"og:type\" content=\"article\" \/>\n<meta property=\"og:title\" content=\"4 x Cardas Rosique, A\u00f1o 1998. - Silqui-Tex\" \/>\n<meta property=\"og:description\" content=\"Cardas Rosique, A\u00f1o 1998, Cambiador autom\u00e1tico de botes, altura del bote: 36\u201d, Aspiraci\u00f3n y recogida de desperdicio en sistema continuo, 3 m\u00e1quinas con autorregulador TOMSIC, 1 m\u00e1quina con autorregulador TEX CONTROL, Di\u00e1metro del bote: 16 pulgadas, N\u00famero de cilindros: 1 m\u00e1quina con 5 grupos de trabajadores y peladores, cilindro abridor tipo avantr\u00e9n y cilindro principal 1 m\u00e1quina con 4 grupos de trabajadores y peladores, cilindro abridor tipo avantr\u00e9n y cilindro principal Alimentaci\u00f3n directa tipo NEU,\" \/>\n<meta property=\"og:url\" content=\"https:\/\/silqui-tex.com.ar\/en\/product\/cardas-rosique\/\" \/>\n<meta property=\"og:site_name\" content=\"Silqui-Tex\" \/>\n<meta property=\"article:modified_time\" content=\"2023-09-21T23:27:18+00:00\" \/>\n<meta property=\"og:image\" content=\"https:\/\/silqui-tex.com.ar\/wp-content\/uploads\/2023\/05\/d8926156-653f-44c4-9b3d-40f8b2808812.jpg\" \/>\n\t<meta property=\"og:image:width\" content=\"640\" \/>\n\t<meta property=\"og:image:height\" content=\"480\" \/>\n\t<meta property=\"og:image:type\" content=\"image\/jpeg\" \/>\n<meta name=\"twitter:card\" content=\"summary_large_image\" \/>\n<script type=\"application\/ld+json\" class=\"yoast-schema-graph\">{\"@context\":\"https:\\\/\\\/schema.org\",\"@graph\":[{\"@type\":\"WebPage\",\"@id\":\"https:\\\/\\\/silqui-tex.com.ar\\\/producto\\\/cardas-rosique\\\/\",\"url\":\"https:\\\/\\\/silqui-tex.com.ar\\\/producto\\\/cardas-rosique\\\/\",\"name\":\"4 x Cardas Rosique, A\u00f1o 1998. - Silqui-Tex\",\"isPartOf\":{\"@id\":\"https:\\\/\\\/silqui-tex.com.ar\\\/#website\"},\"primaryImageOfPage\":{\"@id\":\"https:\\\/\\\/silqui-tex.com.ar\\\/producto\\\/cardas-rosique\\\/#primaryimage\"},\"image\":{\"@id\":\"https:\\\/\\\/silqui-tex.com.ar\\\/producto\\\/cardas-rosique\\\/#primaryimage\"},\"thumbnailUrl\":\"https:\\\/\\\/silqui-tex.com.ar\\\/wp-content\\\/uploads\\\/2023\\\/05\\\/d8926156-653f-44c4-9b3d-40f8b2808812.jpg\",\"datePublished\":\"2023-05-06T07:17:14+00:00\",\"dateModified\":\"2023-09-21T23:27:18+00:00\",\"description\":\"Cardas Rosique, A\u00f1o 1998, Cambiador autom\u00e1tico de botes, altura del bote: 36\u201d, Aspiraci\u00f3n y recogida de desperdicio en sistema continuo, 3 m\u00e1quinas con autorregulador TOMSIC, 1 m\u00e1quina con autorregulador TEX CONTROL, Di\u00e1metro del bote: 16 pulgadas, N\u00famero de cilindros: 1 m\u00e1quina con 5 grupos de trabajadores y peladores, cilindro abridor tipo avantr\u00e9n y cilindro principal 1 m\u00e1quina con 4 grupos de trabajadores y peladores, cilindro abridor tipo avantr\u00e9n y cilindro principal Alimentaci\u00f3n directa tipo NEU,\",\"breadcrumb\":{\"@id\":\"https:\\\/\\\/silqui-tex.com.ar\\\/producto\\\/cardas-rosique\\\/#breadcrumb\"},\"inLanguage\":\"en-US\",\"potentialAction\":[{\"@type\":\"ReadAction\",\"target\":[\"https:\\\/\\\/silqui-tex.com.ar\\\/producto\\\/cardas-rosique\\\/\"]}]},{\"@type\":\"ImageObject\",\"inLanguage\":\"en-US\",\"@id\":\"https:\\\/\\\/silqui-tex.com.ar\\\/producto\\\/cardas-rosique\\\/#primaryimage\",\"url\":\"https:\\\/\\\/silqui-tex.com.ar\\\/wp-content\\\/uploads\\\/2023\\\/05\\\/d8926156-653f-44c4-9b3d-40f8b2808812.jpg\",\"contentUrl\":\"https:\\\/\\\/silqui-tex.com.ar\\\/wp-content\\\/uploads\\\/2023\\\/05\\\/d8926156-653f-44c4-9b3d-40f8b2808812.jpg\",\"width\":640,\"height\":480},{\"@type\":\"BreadcrumbList\",\"@id\":\"https:\\\/\\\/silqui-tex.com.ar\\\/producto\\\/cardas-rosique\\\/#breadcrumb\",\"itemListElement\":[{\"@type\":\"ListItem\",\"position\":1,\"name\":\"Portada\",\"item\":\"https:\\\/\\\/silqui-tex.com.ar\\\/\"},{\"@type\":\"ListItem\",\"position\":2,\"name\":\"Tienda\",\"item\":\"https:\\\/\\\/silqui-tex.com.ar\\\/tienda\\\/\"},{\"@type\":\"ListItem\",\"position\":3,\"name\":\"4 x Cardas Rosique, A\u00f1o 1998.\"}]},{\"@type\":\"WebSite\",\"@id\":\"https:\\\/\\\/silqui-tex.com.ar\\\/#website\",\"url\":\"https:\\\/\\\/silqui-tex.com.ar\\\/\",\"name\":\"Silqui-Tex\",\"description\":\"Silqui-Tex se especializa en la venta de maquinaria textil y soluciones innovadoras para la industria, con m\u00e1s de 40 a\u00f1os de experiencia en Am\u00e9rica Latina, ofreciendo tecnolog\u00eda de calidad, servicios personalizados y un enfoque en el desarrollo sostenible.\",\"potentialAction\":[{\"@type\":\"SearchAction\",\"target\":{\"@type\":\"EntryPoint\",\"urlTemplate\":\"https:\\\/\\\/silqui-tex.com.ar\\\/?s={search_term_string}\"},\"query-input\":{\"@type\":\"PropertyValueSpecification\",\"valueRequired\":true,\"valueName\":\"search_term_string\"}}],\"inLanguage\":\"en-US\"}]}<\/script>\n<!-- \/ Yoast SEO plugin. -->","yoast_head_json":{"title":"4 x Cardas Rosique, A\u00f1o 1998. - Silqui-Tex","description":"Cardas Rosique, A\u00f1o 1998, Cambiador autom\u00e1tico de botes, altura del bote: 36\u201d, Aspiraci\u00f3n y recogida de desperdicio en sistema continuo, 3 m\u00e1quinas con autorregulador TOMSIC, 1 m\u00e1quina con autorregulador TEX CONTROL, Di\u00e1metro del bote: 16 pulgadas, N\u00famero de cilindros: 1 m\u00e1quina con 5 grupos de trabajadores y peladores, cilindro abridor tipo avantr\u00e9n y cilindro principal 1 m\u00e1quina con 4 grupos de trabajadores y peladores, cilindro abridor tipo avantr\u00e9n y cilindro principal Alimentaci\u00f3n directa tipo NEU,","robots":{"index":"index","follow":"follow","max-snippet":"max-snippet:-1","max-image-preview":"max-image-preview:large","max-video-preview":"max-video-preview:-1"},"canonical":"https:\/\/silqui-tex.com.ar\/en\/product\/cardas-rosique\/","og_locale":"en_US","og_type":"article","og_title":"4 x Cardas Rosique, A\u00f1o 1998. - Silqui-Tex","og_description":"Cardas Rosique, A\u00f1o 1998, Cambiador autom\u00e1tico de botes, altura del bote: 36\u201d, Aspiraci\u00f3n y recogida de desperdicio en sistema continuo, 3 m\u00e1quinas con autorregulador TOMSIC, 1 m\u00e1quina con autorregulador TEX CONTROL, Di\u00e1metro del bote: 16 pulgadas, N\u00famero de cilindros: 1 m\u00e1quina con 5 grupos de trabajadores y peladores, cilindro abridor tipo avantr\u00e9n y cilindro principal 1 m\u00e1quina con 4 grupos de trabajadores y peladores, cilindro abridor tipo avantr\u00e9n y cilindro principal Alimentaci\u00f3n directa tipo NEU,","og_url":"https:\/\/silqui-tex.com.ar\/en\/product\/cardas-rosique\/","og_site_name":"Silqui-Tex","article_modified_time":"2023-09-21T23:27:18+00:00","og_image":[{"width":640,"height":480,"url":"https:\/\/silqui-tex.com.ar\/wp-content\/uploads\/2023\/05\/d8926156-653f-44c4-9b3d-40f8b2808812.jpg","type":"image\/jpeg"}],"twitter_card":"summary_large_image","schema":{"@context":"https:\/\/schema.org","@graph":[{"@type":"WebPage","@id":"https:\/\/silqui-tex.com.ar\/producto\/cardas-rosique\/","url":"https:\/\/silqui-tex.com.ar\/producto\/cardas-rosique\/","name":"4 x Cardas Rosique, A\u00f1o 1998. - Silqui-Tex","isPartOf":{"@id":"https:\/\/silqui-tex.com.ar\/#website"},"primaryImageOfPage":{"@id":"https:\/\/silqui-tex.com.ar\/producto\/cardas-rosique\/#primaryimage"},"image":{"@id":"https:\/\/silqui-tex.com.ar\/producto\/cardas-rosique\/#primaryimage"},"thumbnailUrl":"https:\/\/silqui-tex.com.ar\/wp-content\/uploads\/2023\/05\/d8926156-653f-44c4-9b3d-40f8b2808812.jpg","datePublished":"2023-05-06T07:17:14+00:00","dateModified":"2023-09-21T23:27:18+00:00","description":"Cardas Rosique, A\u00f1o 1998, Cambiador autom\u00e1tico de botes, altura del bote: 36\u201d, Aspiraci\u00f3n y recogida de desperdicio en sistema continuo, 3 m\u00e1quinas con autorregulador TOMSIC, 1 m\u00e1quina con autorregulador TEX CONTROL, Di\u00e1metro del bote: 16 pulgadas, N\u00famero de cilindros: 1 m\u00e1quina con 5 grupos de trabajadores y peladores, cilindro abridor tipo avantr\u00e9n y cilindro principal 1 m\u00e1quina con 4 grupos de trabajadores y peladores, cilindro abridor tipo avantr\u00e9n y cilindro principal Alimentaci\u00f3n directa tipo NEU,","breadcrumb":{"@id":"https:\/\/silqui-tex.com.ar\/producto\/cardas-rosique\/#breadcrumb"},"inLanguage":"en-US","potentialAction":[{"@type":"ReadAction","target":["https:\/\/silqui-tex.com.ar\/producto\/cardas-rosique\/"]}]},{"@type":"ImageObject","inLanguage":"en-US","@id":"https:\/\/silqui-tex.com.ar\/producto\/cardas-rosique\/#primaryimage","url":"https:\/\/silqui-tex.com.ar\/wp-content\/uploads\/2023\/05\/d8926156-653f-44c4-9b3d-40f8b2808812.jpg","contentUrl":"https:\/\/silqui-tex.com.ar\/wp-content\/uploads\/2023\/05\/d8926156-653f-44c4-9b3d-40f8b2808812.jpg","width":640,"height":480},{"@type":"BreadcrumbList","@id":"https:\/\/silqui-tex.com.ar\/producto\/cardas-rosique\/#breadcrumb","itemListElement":[{"@type":"ListItem","position":1,"name":"Portada","item":"https:\/\/silqui-tex.com.ar\/"},{"@type":"ListItem","position":2,"name":"Tienda","item":"https:\/\/silqui-tex.com.ar\/tienda\/"},{"@type":"ListItem","position":3,"name":"4 x Cardas Rosique, A\u00f1o 1998."}]},{"@type":"WebSite","@id":"https:\/\/silqui-tex.com.ar\/#website","url":"https:\/\/silqui-tex.com.ar\/","name":"Silqui-Tex","description":"Silqui-Tex se especializa en la venta de maquinaria textil y soluciones innovadoras para la industria, con m\u00e1s de 40 a\u00f1os de experiencia en Am\u00e9rica Latina, ofreciendo tecnolog\u00eda de calidad, servicios personalizados y un enfoque en el desarrollo sostenible.","potentialAction":[{"@type":"SearchAction","target":{"@type":"EntryPoint","urlTemplate":"https:\/\/silqui-tex.com.ar\/?s={search_term_string}"},"query-input":{"@type":"PropertyValueSpecification","valueRequired":true,"valueName":"search_term_string"}}],"inLanguage":"en-US"}]}},"_links":{"self":[{"href":"https:\/\/silqui-tex.com.ar\/en\/wp-json\/wp\/v2\/product\/724","targetHints":{"allow":["GET"]}}],"collection":[{"href":"https:\/\/silqui-tex.com.ar\/en\/wp-json\/wp\/v2\/product"}],"about":[{"href":"https:\/\/silqui-tex.com.ar\/en\/wp-json\/wp\/v2\/types\/product"}],"wp:featuredmedia":[{"embeddable":true,"href":"https:\/\/silqui-tex.com.ar\/en\/wp-json\/wp\/v2\/media\/744"}],"wp:attachment":[{"href":"https:\/\/silqui-tex.com.ar\/en\/wp-json\/wp\/v2\/media?parent=724"}],"wp:term":[{"taxonomy":"product_brand","embeddable":true,"href":"https:\/\/silqui-tex.com.ar\/en\/wp-json\/wp\/v2\/product_brand?post=724"},{"taxonomy":"product_cat","embeddable":true,"href":"https:\/\/silqui-tex.com.ar\/en\/wp-json\/wp\/v2\/product_cat?post=724"},{"taxonomy":"product_tag","embeddable":true,"href":"https:\/\/silqui-tex.com.ar\/en\/wp-json\/wp\/v2\/product_tag?post=724"}],"curies":[{"name":"wp","href":"https:\/\/api.w.org\/{rel}","templated":true}]}}