{"id":726,"date":"2023-05-06T07:28:36","date_gmt":"2023-05-06T07:28:36","guid":{"rendered":"https:\/\/silqui-tex.com.ar\/?post_type=product&#038;p=726"},"modified":"2023-09-21T23:26:39","modified_gmt":"2023-09-21T23:26:39","slug":"tc11","status":"publish","type":"product","link":"https:\/\/silqui-tex.com.ar\/en\/product\/tc11\/","title":{"rendered":"Trutzschler TC11 Carding"},"content":{"rendered":"<pre>\u2022Make\t:Trutzschler\r\n\u2022Model\t:TC11\r\n\u2022Year\t:2015\r\n\u2022CCD\t:Available\r\n\u2022CFD\t:Available\r\n\u2022Chute Feed Type\t:DFK \r\n\u2022Can Changer\t:Automatic\r\n\u2022Can Dia\t:50\"\r\n\u2022Waste Collection\t:Continuous\r\n\u2022No of Licker In\t:3<\/pre>","protected":false},"excerpt":{"rendered":"<p>\u2022Make :Trutzschler<\/p>\n<p>\u2022Model :TC11<\/p>\n<p>\u2022Year :2015<\/p>","protected":false},"featured_media":727,"template":"","meta":[],"product_brand":[],"product_cat":[25],"product_tag":[],"class_list":{"0":"post-726","1":"product","2":"type-product","3":"status-publish","4":"has-post-thumbnail","6":"product_cat-maquinaria-de-hilanderia","8":"first","9":"instock","10":"shipping-taxable","11":"product-type-simple"},"yoast_head":"<!-- This site is optimized with the Yoast SEO plugin v27.3 - https:\/\/yoast.com\/product\/yoast-seo-wordpress\/ -->\n<title>Trutzschler TC11 Carding - Silqui-Tex<\/title>\n<meta name=\"description\" content=\"\u2022Make :Trutzschler \u2022Model :TC11 \u2022Year :2015 \u2022CCD :Available \u2022CFD :Available \u2022Chute Feed Type :DFK \u2022Can Changer :Automatic \u2022Can Dia :50&quot; \u2022Waste Collection :Continuous \u2022No of Licker In :3\" \/>\n<meta name=\"robots\" content=\"index, follow, max-snippet:-1, max-image-preview:large, max-video-preview:-1\" \/>\n<link rel=\"canonical\" href=\"https:\/\/silqui-tex.com.ar\/en\/product\/tc11\/\" \/>\n<meta property=\"og:locale\" content=\"en_US\" \/>\n<meta property=\"og:type\" content=\"article\" \/>\n<meta property=\"og:title\" content=\"Trutzschler TC11 Carding - Silqui-Tex\" \/>\n<meta property=\"og:description\" content=\"\u2022Make :Trutzschler \u2022Model :TC11 \u2022Year :2015 \u2022CCD :Available \u2022CFD :Available \u2022Chute Feed Type :DFK \u2022Can Changer :Automatic \u2022Can Dia :50&quot; \u2022Waste Collection :Continuous \u2022No of Licker In :3\" \/>\n<meta property=\"og:url\" content=\"https:\/\/silqui-tex.com.ar\/en\/product\/tc11\/\" \/>\n<meta property=\"og:site_name\" content=\"Silqui-Tex\" \/>\n<meta property=\"article:modified_time\" content=\"2023-09-21T23:26:39+00:00\" \/>\n<meta property=\"og:image\" content=\"https:\/\/silqui-tex.com.ar\/wp-content\/uploads\/2023\/05\/PHOTO-2023-02-16-07-40-22.jpg\" \/>\n\t<meta property=\"og:image:width\" content=\"1024\" \/>\n\t<meta property=\"og:image:height\" content=\"591\" \/>\n\t<meta property=\"og:image:type\" content=\"image\/jpeg\" \/>\n<meta name=\"twitter:card\" content=\"summary_large_image\" \/>\n<script type=\"application\/ld+json\" class=\"yoast-schema-graph\">{\"@context\":\"https:\\\/\\\/schema.org\",\"@graph\":[{\"@type\":\"WebPage\",\"@id\":\"https:\\\/\\\/silqui-tex.com.ar\\\/producto\\\/tc11\\\/\",\"url\":\"https:\\\/\\\/silqui-tex.com.ar\\\/producto\\\/tc11\\\/\",\"name\":\"Trutzschler TC11 Carding - Silqui-Tex\",\"isPartOf\":{\"@id\":\"https:\\\/\\\/silqui-tex.com.ar\\\/#website\"},\"primaryImageOfPage\":{\"@id\":\"https:\\\/\\\/silqui-tex.com.ar\\\/producto\\\/tc11\\\/#primaryimage\"},\"image\":{\"@id\":\"https:\\\/\\\/silqui-tex.com.ar\\\/producto\\\/tc11\\\/#primaryimage\"},\"thumbnailUrl\":\"https:\\\/\\\/silqui-tex.com.ar\\\/wp-content\\\/uploads\\\/2023\\\/05\\\/PHOTO-2023-02-16-07-40-22.jpg\",\"datePublished\":\"2023-05-06T07:28:36+00:00\",\"dateModified\":\"2023-09-21T23:26:39+00:00\",\"description\":\"\u2022Make :Trutzschler \u2022Model :TC11 \u2022Year :2015 \u2022CCD :Available \u2022CFD :Available \u2022Chute Feed Type :DFK \u2022Can Changer :Automatic \u2022Can Dia :50\\\" \u2022Waste Collection :Continuous \u2022No of Licker In :3\",\"breadcrumb\":{\"@id\":\"https:\\\/\\\/silqui-tex.com.ar\\\/producto\\\/tc11\\\/#breadcrumb\"},\"inLanguage\":\"en-US\",\"potentialAction\":[{\"@type\":\"ReadAction\",\"target\":[\"https:\\\/\\\/silqui-tex.com.ar\\\/producto\\\/tc11\\\/\"]}]},{\"@type\":\"ImageObject\",\"inLanguage\":\"en-US\",\"@id\":\"https:\\\/\\\/silqui-tex.com.ar\\\/producto\\\/tc11\\\/#primaryimage\",\"url\":\"https:\\\/\\\/silqui-tex.com.ar\\\/wp-content\\\/uploads\\\/2023\\\/05\\\/PHOTO-2023-02-16-07-40-22.jpg\",\"contentUrl\":\"https:\\\/\\\/silqui-tex.com.ar\\\/wp-content\\\/uploads\\\/2023\\\/05\\\/PHOTO-2023-02-16-07-40-22.jpg\",\"width\":1024,\"height\":591},{\"@type\":\"BreadcrumbList\",\"@id\":\"https:\\\/\\\/silqui-tex.com.ar\\\/producto\\\/tc11\\\/#breadcrumb\",\"itemListElement\":[{\"@type\":\"ListItem\",\"position\":1,\"name\":\"Portada\",\"item\":\"https:\\\/\\\/silqui-tex.com.ar\\\/\"},{\"@type\":\"ListItem\",\"position\":2,\"name\":\"Tienda\",\"item\":\"https:\\\/\\\/silqui-tex.com.ar\\\/tienda\\\/\"},{\"@type\":\"ListItem\",\"position\":3,\"name\":\"Trutzschler TC11 Carding\"}]},{\"@type\":\"WebSite\",\"@id\":\"https:\\\/\\\/silqui-tex.com.ar\\\/#website\",\"url\":\"https:\\\/\\\/silqui-tex.com.ar\\\/\",\"name\":\"Silqui-Tex\",\"description\":\"Silqui-Tex se especializa en la venta de maquinaria textil y soluciones innovadoras para la industria, con m\u00e1s de 40 a\u00f1os de experiencia en Am\u00e9rica Latina, ofreciendo tecnolog\u00eda de calidad, servicios personalizados y un enfoque en el desarrollo sostenible.\",\"potentialAction\":[{\"@type\":\"SearchAction\",\"target\":{\"@type\":\"EntryPoint\",\"urlTemplate\":\"https:\\\/\\\/silqui-tex.com.ar\\\/?s={search_term_string}\"},\"query-input\":{\"@type\":\"PropertyValueSpecification\",\"valueRequired\":true,\"valueName\":\"search_term_string\"}}],\"inLanguage\":\"en-US\"}]}<\/script>\n<!-- \/ Yoast SEO plugin. -->","yoast_head_json":{"title":"Trutzschler TC11 Carding - Silqui-Tex","description":"\u2022Make :Trutzschler \u2022Model :TC11 \u2022Year :2015 \u2022CCD :Available \u2022CFD :Available \u2022Chute Feed Type :DFK \u2022Can Changer :Automatic \u2022Can Dia :50\" \u2022Waste Collection :Continuous \u2022No of Licker In :3","robots":{"index":"index","follow":"follow","max-snippet":"max-snippet:-1","max-image-preview":"max-image-preview:large","max-video-preview":"max-video-preview:-1"},"canonical":"https:\/\/silqui-tex.com.ar\/en\/product\/tc11\/","og_locale":"en_US","og_type":"article","og_title":"Trutzschler TC11 Carding - Silqui-Tex","og_description":"\u2022Make :Trutzschler \u2022Model :TC11 \u2022Year :2015 \u2022CCD :Available \u2022CFD :Available \u2022Chute Feed Type :DFK \u2022Can Changer :Automatic \u2022Can Dia :50\" \u2022Waste Collection :Continuous \u2022No of Licker In :3","og_url":"https:\/\/silqui-tex.com.ar\/en\/product\/tc11\/","og_site_name":"Silqui-Tex","article_modified_time":"2023-09-21T23:26:39+00:00","og_image":[{"width":1024,"height":591,"url":"https:\/\/silqui-tex.com.ar\/wp-content\/uploads\/2023\/05\/PHOTO-2023-02-16-07-40-22.jpg","type":"image\/jpeg"}],"twitter_card":"summary_large_image","schema":{"@context":"https:\/\/schema.org","@graph":[{"@type":"WebPage","@id":"https:\/\/silqui-tex.com.ar\/producto\/tc11\/","url":"https:\/\/silqui-tex.com.ar\/producto\/tc11\/","name":"Trutzschler TC11 Carding - Silqui-Tex","isPartOf":{"@id":"https:\/\/silqui-tex.com.ar\/#website"},"primaryImageOfPage":{"@id":"https:\/\/silqui-tex.com.ar\/producto\/tc11\/#primaryimage"},"image":{"@id":"https:\/\/silqui-tex.com.ar\/producto\/tc11\/#primaryimage"},"thumbnailUrl":"https:\/\/silqui-tex.com.ar\/wp-content\/uploads\/2023\/05\/PHOTO-2023-02-16-07-40-22.jpg","datePublished":"2023-05-06T07:28:36+00:00","dateModified":"2023-09-21T23:26:39+00:00","description":"\u2022Make :Trutzschler \u2022Model :TC11 \u2022Year :2015 \u2022CCD :Available \u2022CFD :Available \u2022Chute Feed Type :DFK \u2022Can Changer :Automatic \u2022Can Dia :50\" \u2022Waste Collection :Continuous \u2022No of Licker In :3","breadcrumb":{"@id":"https:\/\/silqui-tex.com.ar\/producto\/tc11\/#breadcrumb"},"inLanguage":"en-US","potentialAction":[{"@type":"ReadAction","target":["https:\/\/silqui-tex.com.ar\/producto\/tc11\/"]}]},{"@type":"ImageObject","inLanguage":"en-US","@id":"https:\/\/silqui-tex.com.ar\/producto\/tc11\/#primaryimage","url":"https:\/\/silqui-tex.com.ar\/wp-content\/uploads\/2023\/05\/PHOTO-2023-02-16-07-40-22.jpg","contentUrl":"https:\/\/silqui-tex.com.ar\/wp-content\/uploads\/2023\/05\/PHOTO-2023-02-16-07-40-22.jpg","width":1024,"height":591},{"@type":"BreadcrumbList","@id":"https:\/\/silqui-tex.com.ar\/producto\/tc11\/#breadcrumb","itemListElement":[{"@type":"ListItem","position":1,"name":"Portada","item":"https:\/\/silqui-tex.com.ar\/"},{"@type":"ListItem","position":2,"name":"Tienda","item":"https:\/\/silqui-tex.com.ar\/tienda\/"},{"@type":"ListItem","position":3,"name":"Trutzschler TC11 Carding"}]},{"@type":"WebSite","@id":"https:\/\/silqui-tex.com.ar\/#website","url":"https:\/\/silqui-tex.com.ar\/","name":"Silqui-Tex","description":"Silqui-Tex se especializa en la venta de maquinaria textil y soluciones innovadoras para la industria, con m\u00e1s de 40 a\u00f1os de experiencia en Am\u00e9rica Latina, ofreciendo tecnolog\u00eda de calidad, servicios personalizados y un enfoque en el desarrollo sostenible.","potentialAction":[{"@type":"SearchAction","target":{"@type":"EntryPoint","urlTemplate":"https:\/\/silqui-tex.com.ar\/?s={search_term_string}"},"query-input":{"@type":"PropertyValueSpecification","valueRequired":true,"valueName":"search_term_string"}}],"inLanguage":"en-US"}]}},"_links":{"self":[{"href":"https:\/\/silqui-tex.com.ar\/en\/wp-json\/wp\/v2\/product\/726","targetHints":{"allow":["GET"]}}],"collection":[{"href":"https:\/\/silqui-tex.com.ar\/en\/wp-json\/wp\/v2\/product"}],"about":[{"href":"https:\/\/silqui-tex.com.ar\/en\/wp-json\/wp\/v2\/types\/product"}],"wp:featuredmedia":[{"embeddable":true,"href":"https:\/\/silqui-tex.com.ar\/en\/wp-json\/wp\/v2\/media\/727"}],"wp:attachment":[{"href":"https:\/\/silqui-tex.com.ar\/en\/wp-json\/wp\/v2\/media?parent=726"}],"wp:term":[{"taxonomy":"product_brand","embeddable":true,"href":"https:\/\/silqui-tex.com.ar\/en\/wp-json\/wp\/v2\/product_brand?post=726"},{"taxonomy":"product_cat","embeddable":true,"href":"https:\/\/silqui-tex.com.ar\/en\/wp-json\/wp\/v2\/product_cat?post=726"},{"taxonomy":"product_tag","embeddable":true,"href":"https:\/\/silqui-tex.com.ar\/en\/wp-json\/wp\/v2\/product_tag?post=726"}],"curies":[{"name":"wp","href":"https:\/\/api.w.org\/{rel}","templated":true}]}}