{"id":775,"date":"2023-05-08T06:06:03","date_gmt":"2023-05-08T06:06:03","guid":{"rendered":"https:\/\/silqui-tex.com.ar\/?post_type=product&#038;p=775"},"modified":"2024-01-02T06:35:00","modified_gmt":"2024-01-02T06:35:00","slug":"open-end-saurer-cerlikon-8","status":"publish","type":"product","link":"https:\/\/silqui-tex.com.ar\/en\/product\/open-end-saurer-cerlikon-8\/","title":{"rendered":"Open End SAURER CERLIKON 8"},"content":{"rendered":"<p><b>2 Continuas Open End SAURER CERLIKON 8<\/b><\/p>\n<p>Year 2011<\/p>\n<p><b>264<\/b> rotores<\/p>\n<p>Autonomous spin box<\/p>\n<p>Combers S21\/DN<\/p>\n<p>Di\u00e1metro rotor: 40mm<\/p>\n<p>Rotor type: Belcoro G640 BD<\/p>\n<p>spiral funnel<\/p>\n<p>2 robots<\/p>\n<p>Cylindrical<\/p>","protected":false},"excerpt":{"rendered":"<ul>\n<li><span style=\"font-weight: 400;\">Make: Schlafhorst<\/span><\/li>\n<li><span style=\"font-weight: 400;\">Model: ACO 8<\/span><\/li>\n<li><span style=\"font-weight: 400;\">Year:\u00a0 2011<\/span><\/li>\n<\/ul>","protected":false},"featured_media":779,"template":"","meta":[],"product_brand":[],"product_cat":[25],"product_tag":[],"class_list":{"0":"post-775","1":"product","2":"type-product","3":"status-publish","4":"has-post-thumbnail","6":"product_cat-maquinaria-de-hilanderia","8":"first","9":"instock","10":"shipping-taxable","11":"product-type-simple"},"yoast_head":"<!-- This site is optimized with the Yoast SEO plugin v27.3 - https:\/\/yoast.com\/product\/yoast-seo-wordpress\/ -->\n<title>Open End SAURER CERLIKON 8 - Silqui-Tex<\/title>\n<meta name=\"description\" content=\"2 Continuas Open End SAURER CERLIKON 8A\u00f1o 2011264 rotoresSpin box aut\u00f3nomoPeinadores S21\/DNDi\u00e1metro rotor: 40mmTipo rotor: Belcoro G640 BDEmbudo espiral2 robotsCil\u00edndrica\" \/>\n<meta name=\"robots\" content=\"index, follow, max-snippet:-1, max-image-preview:large, max-video-preview:-1\" \/>\n<link rel=\"canonical\" href=\"https:\/\/silqui-tex.com.ar\/en\/product\/open-end-saurer-cerlikon-8\/\" \/>\n<meta property=\"og:locale\" content=\"en_US\" \/>\n<meta property=\"og:type\" content=\"article\" \/>\n<meta property=\"og:title\" content=\"Open End SAURER CERLIKON 8 - Silqui-Tex\" \/>\n<meta property=\"og:description\" content=\"2 Continuas Open End SAURER CERLIKON 8A\u00f1o 2011264 rotoresSpin box aut\u00f3nomoPeinadores S21\/DNDi\u00e1metro rotor: 40mmTipo rotor: Belcoro G640 BDEmbudo espiral2 robotsCil\u00edndrica\" \/>\n<meta property=\"og:url\" content=\"https:\/\/silqui-tex.com.ar\/en\/product\/open-end-saurer-cerlikon-8\/\" \/>\n<meta property=\"og:site_name\" content=\"Silqui-Tex\" \/>\n<meta property=\"article:modified_time\" content=\"2024-01-02T06:35:00+00:00\" \/>\n<meta property=\"og:image\" content=\"https:\/\/silqui-tex.com.ar\/wp-content\/uploads\/2023\/05\/photo-2023-04-25-19-01-02.jpeg\" \/>\n\t<meta property=\"og:image:width\" content=\"1600\" \/>\n\t<meta property=\"og:image:height\" content=\"1200\" \/>\n\t<meta property=\"og:image:type\" content=\"image\/jpeg\" \/>\n<meta name=\"twitter:card\" content=\"summary_large_image\" \/>\n<meta name=\"twitter:label1\" content=\"Est. reading time\" \/>\n\t<meta name=\"twitter:data1\" content=\"1 minute\" \/>\n<script type=\"application\/ld+json\" class=\"yoast-schema-graph\">{\"@context\":\"https:\\\/\\\/schema.org\",\"@graph\":[{\"@type\":\"WebPage\",\"@id\":\"https:\\\/\\\/silqui-tex.com.ar\\\/producto\\\/open-end-saurer-cerlikon-8\\\/\",\"url\":\"https:\\\/\\\/silqui-tex.com.ar\\\/producto\\\/open-end-saurer-cerlikon-8\\\/\",\"name\":\"Open End SAURER CERLIKON 8 - Silqui-Tex\",\"isPartOf\":{\"@id\":\"https:\\\/\\\/silqui-tex.com.ar\\\/#website\"},\"primaryImageOfPage\":{\"@id\":\"https:\\\/\\\/silqui-tex.com.ar\\\/producto\\\/open-end-saurer-cerlikon-8\\\/#primaryimage\"},\"image\":{\"@id\":\"https:\\\/\\\/silqui-tex.com.ar\\\/producto\\\/open-end-saurer-cerlikon-8\\\/#primaryimage\"},\"thumbnailUrl\":\"https:\\\/\\\/silqui-tex.com.ar\\\/wp-content\\\/uploads\\\/2023\\\/05\\\/photo-2023-04-25-19-01-02.jpeg\",\"datePublished\":\"2023-05-08T06:06:03+00:00\",\"dateModified\":\"2024-01-02T06:35:00+00:00\",\"description\":\"2 Continuas Open End SAURER CERLIKON 8A\u00f1o 2011264 rotoresSpin box aut\u00f3nomoPeinadores S21\\\/DNDi\u00e1metro rotor: 40mmTipo rotor: Belcoro G640 BDEmbudo espiral2 robotsCil\u00edndrica\",\"breadcrumb\":{\"@id\":\"https:\\\/\\\/silqui-tex.com.ar\\\/producto\\\/open-end-saurer-cerlikon-8\\\/#breadcrumb\"},\"inLanguage\":\"en-US\",\"potentialAction\":[{\"@type\":\"ReadAction\",\"target\":[\"https:\\\/\\\/silqui-tex.com.ar\\\/producto\\\/open-end-saurer-cerlikon-8\\\/\"]}]},{\"@type\":\"ImageObject\",\"inLanguage\":\"en-US\",\"@id\":\"https:\\\/\\\/silqui-tex.com.ar\\\/producto\\\/open-end-saurer-cerlikon-8\\\/#primaryimage\",\"url\":\"https:\\\/\\\/silqui-tex.com.ar\\\/wp-content\\\/uploads\\\/2023\\\/05\\\/photo-2023-04-25-19-01-02.jpeg\",\"contentUrl\":\"https:\\\/\\\/silqui-tex.com.ar\\\/wp-content\\\/uploads\\\/2023\\\/05\\\/photo-2023-04-25-19-01-02.jpeg\",\"width\":1600,\"height\":1200},{\"@type\":\"BreadcrumbList\",\"@id\":\"https:\\\/\\\/silqui-tex.com.ar\\\/producto\\\/open-end-saurer-cerlikon-8\\\/#breadcrumb\",\"itemListElement\":[{\"@type\":\"ListItem\",\"position\":1,\"name\":\"Portada\",\"item\":\"https:\\\/\\\/silqui-tex.com.ar\\\/\"},{\"@type\":\"ListItem\",\"position\":2,\"name\":\"Tienda\",\"item\":\"https:\\\/\\\/silqui-tex.com.ar\\\/tienda\\\/\"},{\"@type\":\"ListItem\",\"position\":3,\"name\":\"Open End SAURER CERLIKON 8\"}]},{\"@type\":\"WebSite\",\"@id\":\"https:\\\/\\\/silqui-tex.com.ar\\\/#website\",\"url\":\"https:\\\/\\\/silqui-tex.com.ar\\\/\",\"name\":\"Silqui-Tex\",\"description\":\"Silqui-Tex se especializa en la venta de maquinaria textil y soluciones innovadoras para la industria, con m\u00e1s de 40 a\u00f1os de experiencia en Am\u00e9rica Latina, ofreciendo tecnolog\u00eda de calidad, servicios personalizados y un enfoque en el desarrollo sostenible.\",\"potentialAction\":[{\"@type\":\"SearchAction\",\"target\":{\"@type\":\"EntryPoint\",\"urlTemplate\":\"https:\\\/\\\/silqui-tex.com.ar\\\/?s={search_term_string}\"},\"query-input\":{\"@type\":\"PropertyValueSpecification\",\"valueRequired\":true,\"valueName\":\"search_term_string\"}}],\"inLanguage\":\"en-US\"}]}<\/script>\n<!-- \/ Yoast SEO plugin. -->","yoast_head_json":{"title":"Open End SAURER CERLIKON 8 - Silqui-Tex","description":"2 Continuas Open End SAURER CERLIKON 8A\u00f1o 2011264 rotoresSpin box aut\u00f3nomoPeinadores S21\/DNDi\u00e1metro rotor: 40mmTipo rotor: Belcoro G640 BDEmbudo espiral2 robotsCil\u00edndrica","robots":{"index":"index","follow":"follow","max-snippet":"max-snippet:-1","max-image-preview":"max-image-preview:large","max-video-preview":"max-video-preview:-1"},"canonical":"https:\/\/silqui-tex.com.ar\/en\/product\/open-end-saurer-cerlikon-8\/","og_locale":"en_US","og_type":"article","og_title":"Open End SAURER CERLIKON 8 - Silqui-Tex","og_description":"2 Continuas Open End SAURER CERLIKON 8A\u00f1o 2011264 rotoresSpin box aut\u00f3nomoPeinadores S21\/DNDi\u00e1metro rotor: 40mmTipo rotor: Belcoro G640 BDEmbudo espiral2 robotsCil\u00edndrica","og_url":"https:\/\/silqui-tex.com.ar\/en\/product\/open-end-saurer-cerlikon-8\/","og_site_name":"Silqui-Tex","article_modified_time":"2024-01-02T06:35:00+00:00","og_image":[{"width":1600,"height":1200,"url":"https:\/\/silqui-tex.com.ar\/wp-content\/uploads\/2023\/05\/photo-2023-04-25-19-01-02.jpeg","type":"image\/jpeg"}],"twitter_card":"summary_large_image","twitter_misc":{"Est. reading time":"1 minute"},"schema":{"@context":"https:\/\/schema.org","@graph":[{"@type":"WebPage","@id":"https:\/\/silqui-tex.com.ar\/producto\/open-end-saurer-cerlikon-8\/","url":"https:\/\/silqui-tex.com.ar\/producto\/open-end-saurer-cerlikon-8\/","name":"Open End SAURER CERLIKON 8 - Silqui-Tex","isPartOf":{"@id":"https:\/\/silqui-tex.com.ar\/#website"},"primaryImageOfPage":{"@id":"https:\/\/silqui-tex.com.ar\/producto\/open-end-saurer-cerlikon-8\/#primaryimage"},"image":{"@id":"https:\/\/silqui-tex.com.ar\/producto\/open-end-saurer-cerlikon-8\/#primaryimage"},"thumbnailUrl":"https:\/\/silqui-tex.com.ar\/wp-content\/uploads\/2023\/05\/photo-2023-04-25-19-01-02.jpeg","datePublished":"2023-05-08T06:06:03+00:00","dateModified":"2024-01-02T06:35:00+00:00","description":"2 Continuas Open End SAURER CERLIKON 8A\u00f1o 2011264 rotoresSpin box aut\u00f3nomoPeinadores S21\/DNDi\u00e1metro rotor: 40mmTipo rotor: Belcoro G640 BDEmbudo espiral2 robotsCil\u00edndrica","breadcrumb":{"@id":"https:\/\/silqui-tex.com.ar\/producto\/open-end-saurer-cerlikon-8\/#breadcrumb"},"inLanguage":"en-US","potentialAction":[{"@type":"ReadAction","target":["https:\/\/silqui-tex.com.ar\/producto\/open-end-saurer-cerlikon-8\/"]}]},{"@type":"ImageObject","inLanguage":"en-US","@id":"https:\/\/silqui-tex.com.ar\/producto\/open-end-saurer-cerlikon-8\/#primaryimage","url":"https:\/\/silqui-tex.com.ar\/wp-content\/uploads\/2023\/05\/photo-2023-04-25-19-01-02.jpeg","contentUrl":"https:\/\/silqui-tex.com.ar\/wp-content\/uploads\/2023\/05\/photo-2023-04-25-19-01-02.jpeg","width":1600,"height":1200},{"@type":"BreadcrumbList","@id":"https:\/\/silqui-tex.com.ar\/producto\/open-end-saurer-cerlikon-8\/#breadcrumb","itemListElement":[{"@type":"ListItem","position":1,"name":"Portada","item":"https:\/\/silqui-tex.com.ar\/"},{"@type":"ListItem","position":2,"name":"Tienda","item":"https:\/\/silqui-tex.com.ar\/tienda\/"},{"@type":"ListItem","position":3,"name":"Open End SAURER CERLIKON 8"}]},{"@type":"WebSite","@id":"https:\/\/silqui-tex.com.ar\/#website","url":"https:\/\/silqui-tex.com.ar\/","name":"Silqui-Tex","description":"Silqui-Tex se especializa en la venta de maquinaria textil y soluciones innovadoras para la industria, con m\u00e1s de 40 a\u00f1os de experiencia en Am\u00e9rica Latina, ofreciendo tecnolog\u00eda de calidad, servicios personalizados y un enfoque en el desarrollo sostenible.","potentialAction":[{"@type":"SearchAction","target":{"@type":"EntryPoint","urlTemplate":"https:\/\/silqui-tex.com.ar\/?s={search_term_string}"},"query-input":{"@type":"PropertyValueSpecification","valueRequired":true,"valueName":"search_term_string"}}],"inLanguage":"en-US"}]}},"_links":{"self":[{"href":"https:\/\/silqui-tex.com.ar\/en\/wp-json\/wp\/v2\/product\/775","targetHints":{"allow":["GET"]}}],"collection":[{"href":"https:\/\/silqui-tex.com.ar\/en\/wp-json\/wp\/v2\/product"}],"about":[{"href":"https:\/\/silqui-tex.com.ar\/en\/wp-json\/wp\/v2\/types\/product"}],"wp:featuredmedia":[{"embeddable":true,"href":"https:\/\/silqui-tex.com.ar\/en\/wp-json\/wp\/v2\/media\/779"}],"wp:attachment":[{"href":"https:\/\/silqui-tex.com.ar\/en\/wp-json\/wp\/v2\/media?parent=775"}],"wp:term":[{"taxonomy":"product_brand","embeddable":true,"href":"https:\/\/silqui-tex.com.ar\/en\/wp-json\/wp\/v2\/product_brand?post=775"},{"taxonomy":"product_cat","embeddable":true,"href":"https:\/\/silqui-tex.com.ar\/en\/wp-json\/wp\/v2\/product_cat?post=775"},{"taxonomy":"product_tag","embeddable":true,"href":"https:\/\/silqui-tex.com.ar\/en\/wp-json\/wp\/v2\/product_tag?post=775"}],"curies":[{"name":"wp","href":"https:\/\/api.w.org\/{rel}","templated":true}]}}