{"id":809,"date":"2023-05-13T04:16:34","date_gmt":"2023-05-13T04:16:34","guid":{"rendered":"https:\/\/silqui-tex.com.ar\/?post_type=product&#038;p=809"},"modified":"2023-09-21T23:17:43","modified_gmt":"2023-09-21T23:17:43","slug":"vamatex-leonardo-with-210m-year-2001","status":"publish","type":"product","link":"https:\/\/silqui-tex.com.ar\/en\/product\/vamatex-leonardo-with-210m-year-2001\/","title":{"rendered":"Vamatex Leonardo with 2,10m year 2001"},"content":{"rendered":"<p class=\"p1\"><span class=\"s1\">Vamatex Leonardo with 2,10m year 2001 <\/span><\/p>\n<p class=\"p1\"><span class=\"s1\">8 colors <\/span><\/p>\n<p class=\"p1\"><span class=\"s1\">Dobby fimtessil 12 levers <\/span><\/p>\n<p class=\"p1\"><span class=\"s1\">8 heald frame <\/span><\/p>\n<p class=\"p1\"><span class=\"s1\">4 weft feeder Chrono <\/span><\/p>\n<p class=\"p1\"><span class=\"s1\">1,5 warp beam <\/span><\/p>\n<p class=\"p1\"><span class=\"s1\">1,5 cloth roller<\/span><\/p>","protected":false},"excerpt":{"rendered":"<p>Vamatex Leonardo with 2,10m year 2001<\/p>","protected":false},"featured_media":811,"template":"","meta":[],"product_brand":[],"product_cat":[26],"product_tag":[],"class_list":{"0":"post-809","1":"product","2":"type-product","3":"status-publish","4":"has-post-thumbnail","6":"product_cat-maquinaria-de-tejeduria","8":"first","9":"instock","10":"shipping-taxable","11":"product-type-simple"},"yoast_head":"<!-- This site is optimized with the Yoast SEO plugin v27.3 - https:\/\/yoast.com\/product\/yoast-seo-wordpress\/ -->\n<title>Vamatex Leonardo with 2,10m year 2001 - Silqui-Tex<\/title>\n<meta name=\"description\" content=\"Vamatex Leonardo with 2,10m year 2001\" \/>\n<meta name=\"robots\" content=\"index, follow, max-snippet:-1, max-image-preview:large, max-video-preview:-1\" \/>\n<link rel=\"canonical\" href=\"https:\/\/silqui-tex.com.ar\/en\/product\/vamatex-leonardo-with-210m-year-2001\/\" \/>\n<meta property=\"og:locale\" content=\"en_US\" \/>\n<meta property=\"og:type\" content=\"article\" \/>\n<meta property=\"og:title\" content=\"Vamatex Leonardo with 2,10m year 2001 - Silqui-Tex\" \/>\n<meta property=\"og:description\" content=\"Vamatex Leonardo with 2,10m year 2001\" \/>\n<meta property=\"og:url\" content=\"https:\/\/silqui-tex.com.ar\/en\/product\/vamatex-leonardo-with-210m-year-2001\/\" \/>\n<meta property=\"og:site_name\" content=\"Silqui-Tex\" \/>\n<meta property=\"article:modified_time\" content=\"2023-09-21T23:17:43+00:00\" \/>\n<meta property=\"og:image\" content=\"https:\/\/silqui-tex.com.ar\/wp-content\/uploads\/2023\/05\/IMG_9806.jpeg\" \/>\n\t<meta property=\"og:image:width\" content=\"768\" \/>\n\t<meta property=\"og:image:height\" content=\"1024\" \/>\n\t<meta property=\"og:image:type\" content=\"image\/jpeg\" \/>\n<meta name=\"twitter:card\" content=\"summary_large_image\" \/>\n<meta name=\"twitter:label1\" content=\"Est. reading time\" \/>\n\t<meta name=\"twitter:data1\" content=\"1 minute\" \/>\n<script type=\"application\/ld+json\" class=\"yoast-schema-graph\">{\"@context\":\"https:\\\/\\\/schema.org\",\"@graph\":[{\"@type\":\"WebPage\",\"@id\":\"https:\\\/\\\/silqui-tex.com.ar\\\/producto\\\/vamatex-leonardo-with-210m-year-2001\\\/\",\"url\":\"https:\\\/\\\/silqui-tex.com.ar\\\/producto\\\/vamatex-leonardo-with-210m-year-2001\\\/\",\"name\":\"Vamatex Leonardo with 2,10m year 2001 - Silqui-Tex\",\"isPartOf\":{\"@id\":\"https:\\\/\\\/silqui-tex.com.ar\\\/#website\"},\"primaryImageOfPage\":{\"@id\":\"https:\\\/\\\/silqui-tex.com.ar\\\/producto\\\/vamatex-leonardo-with-210m-year-2001\\\/#primaryimage\"},\"image\":{\"@id\":\"https:\\\/\\\/silqui-tex.com.ar\\\/producto\\\/vamatex-leonardo-with-210m-year-2001\\\/#primaryimage\"},\"thumbnailUrl\":\"https:\\\/\\\/silqui-tex.com.ar\\\/wp-content\\\/uploads\\\/2023\\\/05\\\/IMG_9806.jpeg\",\"datePublished\":\"2023-05-13T04:16:34+00:00\",\"dateModified\":\"2023-09-21T23:17:43+00:00\",\"description\":\"Vamatex Leonardo with 2,10m year 2001\",\"breadcrumb\":{\"@id\":\"https:\\\/\\\/silqui-tex.com.ar\\\/producto\\\/vamatex-leonardo-with-210m-year-2001\\\/#breadcrumb\"},\"inLanguage\":\"en-US\",\"potentialAction\":[{\"@type\":\"ReadAction\",\"target\":[\"https:\\\/\\\/silqui-tex.com.ar\\\/producto\\\/vamatex-leonardo-with-210m-year-2001\\\/\"]}]},{\"@type\":\"ImageObject\",\"inLanguage\":\"en-US\",\"@id\":\"https:\\\/\\\/silqui-tex.com.ar\\\/producto\\\/vamatex-leonardo-with-210m-year-2001\\\/#primaryimage\",\"url\":\"https:\\\/\\\/silqui-tex.com.ar\\\/wp-content\\\/uploads\\\/2023\\\/05\\\/IMG_9806.jpeg\",\"contentUrl\":\"https:\\\/\\\/silqui-tex.com.ar\\\/wp-content\\\/uploads\\\/2023\\\/05\\\/IMG_9806.jpeg\",\"width\":768,\"height\":1024},{\"@type\":\"BreadcrumbList\",\"@id\":\"https:\\\/\\\/silqui-tex.com.ar\\\/producto\\\/vamatex-leonardo-with-210m-year-2001\\\/#breadcrumb\",\"itemListElement\":[{\"@type\":\"ListItem\",\"position\":1,\"name\":\"Portada\",\"item\":\"https:\\\/\\\/silqui-tex.com.ar\\\/\"},{\"@type\":\"ListItem\",\"position\":2,\"name\":\"Tienda\",\"item\":\"https:\\\/\\\/silqui-tex.com.ar\\\/tienda\\\/\"},{\"@type\":\"ListItem\",\"position\":3,\"name\":\"Vamatex Leonardo with 2,10m year 2001\"}]},{\"@type\":\"WebSite\",\"@id\":\"https:\\\/\\\/silqui-tex.com.ar\\\/#website\",\"url\":\"https:\\\/\\\/silqui-tex.com.ar\\\/\",\"name\":\"Silqui-Tex\",\"description\":\"Silqui-Tex se especializa en la venta de maquinaria textil y soluciones innovadoras para la industria, con m\u00e1s de 40 a\u00f1os de experiencia en Am\u00e9rica Latina, ofreciendo tecnolog\u00eda de calidad, servicios personalizados y un enfoque en el desarrollo sostenible.\",\"potentialAction\":[{\"@type\":\"SearchAction\",\"target\":{\"@type\":\"EntryPoint\",\"urlTemplate\":\"https:\\\/\\\/silqui-tex.com.ar\\\/?s={search_term_string}\"},\"query-input\":{\"@type\":\"PropertyValueSpecification\",\"valueRequired\":true,\"valueName\":\"search_term_string\"}}],\"inLanguage\":\"en-US\"}]}<\/script>\n<!-- \/ Yoast SEO plugin. -->","yoast_head_json":{"title":"Vamatex Leonardo with 2,10m year 2001 - Silqui-Tex","description":"Vamatex Leonardo with 2,10m year 2001","robots":{"index":"index","follow":"follow","max-snippet":"max-snippet:-1","max-image-preview":"max-image-preview:large","max-video-preview":"max-video-preview:-1"},"canonical":"https:\/\/silqui-tex.com.ar\/en\/product\/vamatex-leonardo-with-210m-year-2001\/","og_locale":"en_US","og_type":"article","og_title":"Vamatex Leonardo with 2,10m year 2001 - Silqui-Tex","og_description":"Vamatex Leonardo with 2,10m year 2001","og_url":"https:\/\/silqui-tex.com.ar\/en\/product\/vamatex-leonardo-with-210m-year-2001\/","og_site_name":"Silqui-Tex","article_modified_time":"2023-09-21T23:17:43+00:00","og_image":[{"width":768,"height":1024,"url":"https:\/\/silqui-tex.com.ar\/wp-content\/uploads\/2023\/05\/IMG_9806.jpeg","type":"image\/jpeg"}],"twitter_card":"summary_large_image","twitter_misc":{"Est. reading time":"1 minute"},"schema":{"@context":"https:\/\/schema.org","@graph":[{"@type":"WebPage","@id":"https:\/\/silqui-tex.com.ar\/producto\/vamatex-leonardo-with-210m-year-2001\/","url":"https:\/\/silqui-tex.com.ar\/producto\/vamatex-leonardo-with-210m-year-2001\/","name":"Vamatex Leonardo with 2,10m year 2001 - Silqui-Tex","isPartOf":{"@id":"https:\/\/silqui-tex.com.ar\/#website"},"primaryImageOfPage":{"@id":"https:\/\/silqui-tex.com.ar\/producto\/vamatex-leonardo-with-210m-year-2001\/#primaryimage"},"image":{"@id":"https:\/\/silqui-tex.com.ar\/producto\/vamatex-leonardo-with-210m-year-2001\/#primaryimage"},"thumbnailUrl":"https:\/\/silqui-tex.com.ar\/wp-content\/uploads\/2023\/05\/IMG_9806.jpeg","datePublished":"2023-05-13T04:16:34+00:00","dateModified":"2023-09-21T23:17:43+00:00","description":"Vamatex Leonardo with 2,10m year 2001","breadcrumb":{"@id":"https:\/\/silqui-tex.com.ar\/producto\/vamatex-leonardo-with-210m-year-2001\/#breadcrumb"},"inLanguage":"en-US","potentialAction":[{"@type":"ReadAction","target":["https:\/\/silqui-tex.com.ar\/producto\/vamatex-leonardo-with-210m-year-2001\/"]}]},{"@type":"ImageObject","inLanguage":"en-US","@id":"https:\/\/silqui-tex.com.ar\/producto\/vamatex-leonardo-with-210m-year-2001\/#primaryimage","url":"https:\/\/silqui-tex.com.ar\/wp-content\/uploads\/2023\/05\/IMG_9806.jpeg","contentUrl":"https:\/\/silqui-tex.com.ar\/wp-content\/uploads\/2023\/05\/IMG_9806.jpeg","width":768,"height":1024},{"@type":"BreadcrumbList","@id":"https:\/\/silqui-tex.com.ar\/producto\/vamatex-leonardo-with-210m-year-2001\/#breadcrumb","itemListElement":[{"@type":"ListItem","position":1,"name":"Portada","item":"https:\/\/silqui-tex.com.ar\/"},{"@type":"ListItem","position":2,"name":"Tienda","item":"https:\/\/silqui-tex.com.ar\/tienda\/"},{"@type":"ListItem","position":3,"name":"Vamatex Leonardo with 2,10m year 2001"}]},{"@type":"WebSite","@id":"https:\/\/silqui-tex.com.ar\/#website","url":"https:\/\/silqui-tex.com.ar\/","name":"Silqui-Tex","description":"Silqui-Tex se especializa en la venta de maquinaria textil y soluciones innovadoras para la industria, con m\u00e1s de 40 a\u00f1os de experiencia en Am\u00e9rica Latina, ofreciendo tecnolog\u00eda de calidad, servicios personalizados y un enfoque en el desarrollo sostenible.","potentialAction":[{"@type":"SearchAction","target":{"@type":"EntryPoint","urlTemplate":"https:\/\/silqui-tex.com.ar\/?s={search_term_string}"},"query-input":{"@type":"PropertyValueSpecification","valueRequired":true,"valueName":"search_term_string"}}],"inLanguage":"en-US"}]}},"_links":{"self":[{"href":"https:\/\/silqui-tex.com.ar\/en\/wp-json\/wp\/v2\/product\/809","targetHints":{"allow":["GET"]}}],"collection":[{"href":"https:\/\/silqui-tex.com.ar\/en\/wp-json\/wp\/v2\/product"}],"about":[{"href":"https:\/\/silqui-tex.com.ar\/en\/wp-json\/wp\/v2\/types\/product"}],"wp:featuredmedia":[{"embeddable":true,"href":"https:\/\/silqui-tex.com.ar\/en\/wp-json\/wp\/v2\/media\/811"}],"wp:attachment":[{"href":"https:\/\/silqui-tex.com.ar\/en\/wp-json\/wp\/v2\/media?parent=809"}],"wp:term":[{"taxonomy":"product_brand","embeddable":true,"href":"https:\/\/silqui-tex.com.ar\/en\/wp-json\/wp\/v2\/product_brand?post=809"},{"taxonomy":"product_cat","embeddable":true,"href":"https:\/\/silqui-tex.com.ar\/en\/wp-json\/wp\/v2\/product_cat?post=809"},{"taxonomy":"product_tag","embeddable":true,"href":"https:\/\/silqui-tex.com.ar\/en\/wp-json\/wp\/v2\/product_tag?post=809"}],"curies":[{"name":"wp","href":"https:\/\/api.w.org\/{rel}","templated":true}]}}