{"id":905,"date":"2023-06-30T23:34:53","date_gmt":"2023-06-30T23:34:53","guid":{"rendered":"https:\/\/silqui-tex.com.ar\/?post_type=product&#038;p=905"},"modified":"2023-09-21T23:05:27","modified_gmt":"2023-09-21T23:05:27","slug":"rieter-d24","status":"publish","type":"product","link":"https:\/\/silqui-tex.com.ar\/en\/product\/rieter-d24\/","title":{"rendered":"Draw frame RIETER D24"},"content":{"rendered":"<p class=\"p1\"><span class=\"s1\">Draw frame RIETER mod. D24 (Drawing frame)<\/span><\/p>\n<p class=\"p2\"><span class=\"s2\">Dos salidas (double delivery)<\/span><\/p>\n<p class=\"p2\"><span class=\"s2\">Year 2015<\/span><\/p>\n<p class=\"p2\"><span class=\"s2\">Canister 400mm x110mm (can size)<\/span><\/p>","protected":false},"excerpt":{"rendered":"<p class=\"p1\"><span class=\"s1\">Draw frame RIETER mod. D24 (Drawing frame)<\/span><\/p>\n<p class=\"p2\"><span class=\"s2\">Dos salidas (double delivery)<\/span><\/p>\n<p class=\"p2\"><span class=\"s2\">Year 2015<\/span><\/p>\n<p class=\"p2\"><span class=\"s2\">Canister 400mm x110mm (can size)<\/span><\/p>","protected":false},"featured_media":906,"template":"","meta":[],"product_brand":[],"product_cat":[25],"product_tag":[],"class_list":{"0":"post-905","1":"product","2":"type-product","3":"status-publish","4":"has-post-thumbnail","6":"product_cat-maquinaria-de-hilanderia","8":"first","9":"instock","10":"shipping-taxable","11":"product-type-simple"},"yoast_head":"<!-- This site is optimized with the Yoast SEO plugin v27.4 - https:\/\/yoast.com\/product\/yoast-seo-wordpress\/ -->\n<title>Manuar RIETER D24 - Silqui-Tex<\/title>\n<meta name=\"description\" content=\"Manuar RIETER mod. D24 (Drawing frame)Dos salidas (double delivery)A\u00f1o 2015 (year 2015)Bote 400mm x110mm (can size)\" \/>\n<meta name=\"robots\" content=\"index, follow, max-snippet:-1, max-image-preview:large, max-video-preview:-1\" \/>\n<link rel=\"canonical\" href=\"https:\/\/silqui-tex.com.ar\/en\/product\/rieter-d24\/\" \/>\n<meta property=\"og:locale\" content=\"en_US\" \/>\n<meta property=\"og:type\" content=\"article\" \/>\n<meta property=\"og:title\" content=\"Manuar RIETER D24 - Silqui-Tex\" \/>\n<meta property=\"og:description\" content=\"Manuar RIETER mod. D24 (Drawing frame)Dos salidas (double delivery)A\u00f1o 2015 (year 2015)Bote 400mm x110mm (can size)\" \/>\n<meta property=\"og:url\" content=\"https:\/\/silqui-tex.com.ar\/en\/product\/rieter-d24\/\" \/>\n<meta property=\"og:site_name\" content=\"Silqui-Tex\" \/>\n<meta property=\"article:modified_time\" content=\"2023-09-21T23:05:27+00:00\" \/>\n<meta property=\"og:image\" content=\"https:\/\/silqui-tex.com.ar\/wp-content\/uploads\/2023\/06\/3dbcd1b9a220b93ad182e9c453b84022.jpeg\" \/>\n\t<meta property=\"og:image:width\" content=\"1706\" \/>\n\t<meta property=\"og:image:height\" content=\"1280\" \/>\n\t<meta property=\"og:image:type\" content=\"image\/jpeg\" \/>\n<meta name=\"twitter:card\" content=\"summary_large_image\" \/>\n<meta name=\"twitter:label1\" content=\"Est. reading time\" \/>\n\t<meta name=\"twitter:data1\" content=\"1 minute\" \/>\n<script type=\"application\/ld+json\" class=\"yoast-schema-graph\">{\"@context\":\"https:\\\/\\\/schema.org\",\"@graph\":[{\"@type\":\"WebPage\",\"@id\":\"https:\\\/\\\/silqui-tex.com.ar\\\/producto\\\/rieter-d24\\\/\",\"url\":\"https:\\\/\\\/silqui-tex.com.ar\\\/producto\\\/rieter-d24\\\/\",\"name\":\"Manuar RIETER D24 - Silqui-Tex\",\"isPartOf\":{\"@id\":\"https:\\\/\\\/silqui-tex.com.ar\\\/#website\"},\"primaryImageOfPage\":{\"@id\":\"https:\\\/\\\/silqui-tex.com.ar\\\/producto\\\/rieter-d24\\\/#primaryimage\"},\"image\":{\"@id\":\"https:\\\/\\\/silqui-tex.com.ar\\\/producto\\\/rieter-d24\\\/#primaryimage\"},\"thumbnailUrl\":\"https:\\\/\\\/silqui-tex.com.ar\\\/wp-content\\\/uploads\\\/2023\\\/06\\\/3dbcd1b9a220b93ad182e9c453b84022.jpeg\",\"datePublished\":\"2023-06-30T23:34:53+00:00\",\"dateModified\":\"2023-09-21T23:05:27+00:00\",\"description\":\"Manuar RIETER mod. D24 (Drawing frame)Dos salidas (double delivery)A\u00f1o 2015 (year 2015)Bote 400mm x110mm (can size)\",\"breadcrumb\":{\"@id\":\"https:\\\/\\\/silqui-tex.com.ar\\\/producto\\\/rieter-d24\\\/#breadcrumb\"},\"inLanguage\":\"en-US\",\"potentialAction\":[{\"@type\":\"ReadAction\",\"target\":[\"https:\\\/\\\/silqui-tex.com.ar\\\/producto\\\/rieter-d24\\\/\"]}]},{\"@type\":\"ImageObject\",\"inLanguage\":\"en-US\",\"@id\":\"https:\\\/\\\/silqui-tex.com.ar\\\/producto\\\/rieter-d24\\\/#primaryimage\",\"url\":\"https:\\\/\\\/silqui-tex.com.ar\\\/wp-content\\\/uploads\\\/2023\\\/06\\\/3dbcd1b9a220b93ad182e9c453b84022.jpeg\",\"contentUrl\":\"https:\\\/\\\/silqui-tex.com.ar\\\/wp-content\\\/uploads\\\/2023\\\/06\\\/3dbcd1b9a220b93ad182e9c453b84022.jpeg\",\"width\":1706,\"height\":1280},{\"@type\":\"BreadcrumbList\",\"@id\":\"https:\\\/\\\/silqui-tex.com.ar\\\/producto\\\/rieter-d24\\\/#breadcrumb\",\"itemListElement\":[{\"@type\":\"ListItem\",\"position\":1,\"name\":\"Portada\",\"item\":\"https:\\\/\\\/silqui-tex.com.ar\\\/\"},{\"@type\":\"ListItem\",\"position\":2,\"name\":\"Tienda\",\"item\":\"https:\\\/\\\/silqui-tex.com.ar\\\/tienda\\\/\"},{\"@type\":\"ListItem\",\"position\":3,\"name\":\"Manuar RIETER D24\"}]},{\"@type\":\"WebSite\",\"@id\":\"https:\\\/\\\/silqui-tex.com.ar\\\/#website\",\"url\":\"https:\\\/\\\/silqui-tex.com.ar\\\/\",\"name\":\"Silqui-Tex\",\"description\":\"Silqui-Tex se especializa en la venta de maquinaria textil y soluciones innovadoras para la industria, con m\u00e1s de 40 a\u00f1os de experiencia en Am\u00e9rica Latina, ofreciendo tecnolog\u00eda de calidad, servicios personalizados y un enfoque en el desarrollo sostenible.\",\"potentialAction\":[{\"@type\":\"SearchAction\",\"target\":{\"@type\":\"EntryPoint\",\"urlTemplate\":\"https:\\\/\\\/silqui-tex.com.ar\\\/?s={search_term_string}\"},\"query-input\":{\"@type\":\"PropertyValueSpecification\",\"valueRequired\":true,\"valueName\":\"search_term_string\"}}],\"inLanguage\":\"en-US\"}]}<\/script>\n<!-- \/ Yoast SEO plugin. -->","yoast_head_json":{"title":"Manuar RIETER D24 - Silqui-Tex","description":"Manuar RIETER mod. D24 (Drawing frame)Dos salidas (double delivery)A\u00f1o 2015 (year 2015)Bote 400mm x110mm (can size)","robots":{"index":"index","follow":"follow","max-snippet":"max-snippet:-1","max-image-preview":"max-image-preview:large","max-video-preview":"max-video-preview:-1"},"canonical":"https:\/\/silqui-tex.com.ar\/en\/product\/rieter-d24\/","og_locale":"en_US","og_type":"article","og_title":"Manuar RIETER D24 - Silqui-Tex","og_description":"Manuar RIETER mod. D24 (Drawing frame)Dos salidas (double delivery)A\u00f1o 2015 (year 2015)Bote 400mm x110mm (can size)","og_url":"https:\/\/silqui-tex.com.ar\/en\/product\/rieter-d24\/","og_site_name":"Silqui-Tex","article_modified_time":"2023-09-21T23:05:27+00:00","og_image":[{"width":1706,"height":1280,"url":"https:\/\/silqui-tex.com.ar\/wp-content\/uploads\/2023\/06\/3dbcd1b9a220b93ad182e9c453b84022.jpeg","type":"image\/jpeg"}],"twitter_card":"summary_large_image","twitter_misc":{"Est. reading time":"1 minute"},"schema":{"@context":"https:\/\/schema.org","@graph":[{"@type":"WebPage","@id":"https:\/\/silqui-tex.com.ar\/producto\/rieter-d24\/","url":"https:\/\/silqui-tex.com.ar\/producto\/rieter-d24\/","name":"Manuar RIETER D24 - Silqui-Tex","isPartOf":{"@id":"https:\/\/silqui-tex.com.ar\/#website"},"primaryImageOfPage":{"@id":"https:\/\/silqui-tex.com.ar\/producto\/rieter-d24\/#primaryimage"},"image":{"@id":"https:\/\/silqui-tex.com.ar\/producto\/rieter-d24\/#primaryimage"},"thumbnailUrl":"https:\/\/silqui-tex.com.ar\/wp-content\/uploads\/2023\/06\/3dbcd1b9a220b93ad182e9c453b84022.jpeg","datePublished":"2023-06-30T23:34:53+00:00","dateModified":"2023-09-21T23:05:27+00:00","description":"Manuar RIETER mod. D24 (Drawing frame)Dos salidas (double delivery)A\u00f1o 2015 (year 2015)Bote 400mm x110mm (can size)","breadcrumb":{"@id":"https:\/\/silqui-tex.com.ar\/producto\/rieter-d24\/#breadcrumb"},"inLanguage":"en-US","potentialAction":[{"@type":"ReadAction","target":["https:\/\/silqui-tex.com.ar\/producto\/rieter-d24\/"]}]},{"@type":"ImageObject","inLanguage":"en-US","@id":"https:\/\/silqui-tex.com.ar\/producto\/rieter-d24\/#primaryimage","url":"https:\/\/silqui-tex.com.ar\/wp-content\/uploads\/2023\/06\/3dbcd1b9a220b93ad182e9c453b84022.jpeg","contentUrl":"https:\/\/silqui-tex.com.ar\/wp-content\/uploads\/2023\/06\/3dbcd1b9a220b93ad182e9c453b84022.jpeg","width":1706,"height":1280},{"@type":"BreadcrumbList","@id":"https:\/\/silqui-tex.com.ar\/producto\/rieter-d24\/#breadcrumb","itemListElement":[{"@type":"ListItem","position":1,"name":"Portada","item":"https:\/\/silqui-tex.com.ar\/"},{"@type":"ListItem","position":2,"name":"Tienda","item":"https:\/\/silqui-tex.com.ar\/tienda\/"},{"@type":"ListItem","position":3,"name":"Manuar RIETER D24"}]},{"@type":"WebSite","@id":"https:\/\/silqui-tex.com.ar\/#website","url":"https:\/\/silqui-tex.com.ar\/","name":"Silqui-Tex","description":"Silqui-Tex se especializa en la venta de maquinaria textil y soluciones innovadoras para la industria, con m\u00e1s de 40 a\u00f1os de experiencia en Am\u00e9rica Latina, ofreciendo tecnolog\u00eda de calidad, servicios personalizados y un enfoque en el desarrollo sostenible.","potentialAction":[{"@type":"SearchAction","target":{"@type":"EntryPoint","urlTemplate":"https:\/\/silqui-tex.com.ar\/?s={search_term_string}"},"query-input":{"@type":"PropertyValueSpecification","valueRequired":true,"valueName":"search_term_string"}}],"inLanguage":"en-US"}]}},"_links":{"self":[{"href":"https:\/\/silqui-tex.com.ar\/en\/wp-json\/wp\/v2\/product\/905","targetHints":{"allow":["GET"]}}],"collection":[{"href":"https:\/\/silqui-tex.com.ar\/en\/wp-json\/wp\/v2\/product"}],"about":[{"href":"https:\/\/silqui-tex.com.ar\/en\/wp-json\/wp\/v2\/types\/product"}],"wp:featuredmedia":[{"embeddable":true,"href":"https:\/\/silqui-tex.com.ar\/en\/wp-json\/wp\/v2\/media\/906"}],"wp:attachment":[{"href":"https:\/\/silqui-tex.com.ar\/en\/wp-json\/wp\/v2\/media?parent=905"}],"wp:term":[{"taxonomy":"product_brand","embeddable":true,"href":"https:\/\/silqui-tex.com.ar\/en\/wp-json\/wp\/v2\/product_brand?post=905"},{"taxonomy":"product_cat","embeddable":true,"href":"https:\/\/silqui-tex.com.ar\/en\/wp-json\/wp\/v2\/product_cat?post=905"},{"taxonomy":"product_tag","embeddable":true,"href":"https:\/\/silqui-tex.com.ar\/en\/wp-json\/wp\/v2\/product_tag?post=905"}],"curies":[{"name":"wp","href":"https:\/\/api.w.org\/{rel}","templated":true}]}}