{"id":918,"date":"2023-07-08T01:02:54","date_gmt":"2023-07-08T01:02:54","guid":{"rendered":"https:\/\/silqui-tex.com.ar\/?post_type=product&#038;p=918"},"modified":"2023-09-21T22:50:12","modified_gmt":"2023-09-21T22:50:12","slug":"manuar-trutzs2023","status":"publish","type":"product","link":"https:\/\/silqui-tex.com.ar\/en\/product\/manuar-trutzs2023\/","title":{"rendered":"Trutzschler DT9TSD draw frame"},"content":{"rendered":"<p>Trutzschler DT9TSD draw frame, still new in the wooden box. First passage without autoregulator. Double output.<br \/>\n1\u00d71.1m pot<br \/>\nYear 2023<\/p>","protected":false},"excerpt":{"rendered":"<p class=\"p1\">Trutzschler DT9TSD draw frame, still new in the wooden box. First passage without autoregulator. Double output.<br \/>\n1\u00d71.1m pot<\/p>","protected":false},"featured_media":923,"template":"","meta":[],"product_brand":[],"product_cat":[25],"product_tag":[],"class_list":{"0":"post-918","1":"product","2":"type-product","3":"status-publish","4":"has-post-thumbnail","6":"product_cat-maquinaria-de-hilanderia","8":"first","9":"instock","10":"shipping-taxable","11":"product-type-simple"},"yoast_head":"<!-- This site is optimized with the Yoast SEO plugin v27.3 - https:\/\/yoast.com\/product\/yoast-seo-wordpress\/ -->\n<title>Manuar Trutzschler DT9TSD - Silqui-Tex<\/title>\n<meta name=\"description\" content=\"Manuar Trutzschler DT9TSD, nueva todav\u0102\u00ada en la caja de madera. Primer pasaje sin autorregulador. Doble salida.Bote 1x1.1m\" \/>\n<meta name=\"robots\" content=\"index, follow, max-snippet:-1, max-image-preview:large, max-video-preview:-1\" \/>\n<link rel=\"canonical\" href=\"https:\/\/silqui-tex.com.ar\/en\/product\/manuar-trutzs2023\/\" \/>\n<meta property=\"og:locale\" content=\"en_US\" \/>\n<meta property=\"og:type\" content=\"article\" \/>\n<meta property=\"og:title\" content=\"Manuar Trutzschler DT9TSD - Silqui-Tex\" \/>\n<meta property=\"og:description\" content=\"Manuar Trutzschler DT9TSD, nueva todav\u0102\u00ada en la caja de madera. Primer pasaje sin autorregulador. Doble salida.Bote 1x1.1m\" \/>\n<meta property=\"og:url\" content=\"https:\/\/silqui-tex.com.ar\/en\/product\/manuar-trutzs2023\/\" \/>\n<meta property=\"og:site_name\" content=\"Silqui-Tex\" \/>\n<meta property=\"article:modified_time\" content=\"2023-09-21T22:50:12+00:00\" \/>\n<meta property=\"og:image\" content=\"https:\/\/silqui-tex.com.ar\/wp-content\/uploads\/2023\/07\/F35FEF81-99B5-4101-AC84-93F2791E9630.jpeg\" \/>\n\t<meta property=\"og:image:width\" content=\"800\" \/>\n\t<meta property=\"og:image:height\" content=\"599\" \/>\n\t<meta property=\"og:image:type\" content=\"image\/jpeg\" \/>\n<meta name=\"twitter:card\" content=\"summary_large_image\" \/>\n<meta name=\"twitter:label1\" content=\"Est. reading time\" \/>\n\t<meta name=\"twitter:data1\" content=\"1 minute\" \/>\n<script type=\"application\/ld+json\" class=\"yoast-schema-graph\">{\"@context\":\"https:\\\/\\\/schema.org\",\"@graph\":[{\"@type\":\"WebPage\",\"@id\":\"https:\\\/\\\/silqui-tex.com.ar\\\/producto\\\/manuar-trutzs2023\\\/\",\"url\":\"https:\\\/\\\/silqui-tex.com.ar\\\/producto\\\/manuar-trutzs2023\\\/\",\"name\":\"Manuar Trutzschler DT9TSD - Silqui-Tex\",\"isPartOf\":{\"@id\":\"https:\\\/\\\/silqui-tex.com.ar\\\/#website\"},\"primaryImageOfPage\":{\"@id\":\"https:\\\/\\\/silqui-tex.com.ar\\\/producto\\\/manuar-trutzs2023\\\/#primaryimage\"},\"image\":{\"@id\":\"https:\\\/\\\/silqui-tex.com.ar\\\/producto\\\/manuar-trutzs2023\\\/#primaryimage\"},\"thumbnailUrl\":\"https:\\\/\\\/silqui-tex.com.ar\\\/wp-content\\\/uploads\\\/2023\\\/07\\\/F35FEF81-99B5-4101-AC84-93F2791E9630.jpeg\",\"datePublished\":\"2023-07-08T01:02:54+00:00\",\"dateModified\":\"2023-09-21T22:50:12+00:00\",\"description\":\"Manuar Trutzschler DT9TSD, nueva todav\u0102\u00ada en la caja de madera. Primer pasaje sin autorregulador. Doble salida.Bote 1x1.1m\",\"breadcrumb\":{\"@id\":\"https:\\\/\\\/silqui-tex.com.ar\\\/producto\\\/manuar-trutzs2023\\\/#breadcrumb\"},\"inLanguage\":\"en-US\",\"potentialAction\":[{\"@type\":\"ReadAction\",\"target\":[\"https:\\\/\\\/silqui-tex.com.ar\\\/producto\\\/manuar-trutzs2023\\\/\"]}]},{\"@type\":\"ImageObject\",\"inLanguage\":\"en-US\",\"@id\":\"https:\\\/\\\/silqui-tex.com.ar\\\/producto\\\/manuar-trutzs2023\\\/#primaryimage\",\"url\":\"https:\\\/\\\/silqui-tex.com.ar\\\/wp-content\\\/uploads\\\/2023\\\/07\\\/F35FEF81-99B5-4101-AC84-93F2791E9630.jpeg\",\"contentUrl\":\"https:\\\/\\\/silqui-tex.com.ar\\\/wp-content\\\/uploads\\\/2023\\\/07\\\/F35FEF81-99B5-4101-AC84-93F2791E9630.jpeg\",\"width\":800,\"height\":599},{\"@type\":\"BreadcrumbList\",\"@id\":\"https:\\\/\\\/silqui-tex.com.ar\\\/producto\\\/manuar-trutzs2023\\\/#breadcrumb\",\"itemListElement\":[{\"@type\":\"ListItem\",\"position\":1,\"name\":\"Portada\",\"item\":\"https:\\\/\\\/silqui-tex.com.ar\\\/\"},{\"@type\":\"ListItem\",\"position\":2,\"name\":\"Tienda\",\"item\":\"https:\\\/\\\/silqui-tex.com.ar\\\/tienda\\\/\"},{\"@type\":\"ListItem\",\"position\":3,\"name\":\"Manuar Trutzschler DT9TSD\"}]},{\"@type\":\"WebSite\",\"@id\":\"https:\\\/\\\/silqui-tex.com.ar\\\/#website\",\"url\":\"https:\\\/\\\/silqui-tex.com.ar\\\/\",\"name\":\"Silqui-Tex\",\"description\":\"Silqui-Tex se especializa en la venta de maquinaria textil y soluciones innovadoras para la industria, con m\u00e1s de 40 a\u00f1os de experiencia en Am\u00e9rica Latina, ofreciendo tecnolog\u00eda de calidad, servicios personalizados y un enfoque en el desarrollo sostenible.\",\"potentialAction\":[{\"@type\":\"SearchAction\",\"target\":{\"@type\":\"EntryPoint\",\"urlTemplate\":\"https:\\\/\\\/silqui-tex.com.ar\\\/?s={search_term_string}\"},\"query-input\":{\"@type\":\"PropertyValueSpecification\",\"valueRequired\":true,\"valueName\":\"search_term_string\"}}],\"inLanguage\":\"en-US\"}]}<\/script>\n<!-- \/ Yoast SEO plugin. -->","yoast_head_json":{"title":"Manuar Trutzschler DT9TSD - Silqui-Tex","description":"Manuar Trutzschler DT9TSD, nueva todav\u0102\u00ada en la caja de madera. Primer pasaje sin autorregulador. Doble salida.Bote 1x1.1m","robots":{"index":"index","follow":"follow","max-snippet":"max-snippet:-1","max-image-preview":"max-image-preview:large","max-video-preview":"max-video-preview:-1"},"canonical":"https:\/\/silqui-tex.com.ar\/en\/product\/manuar-trutzs2023\/","og_locale":"en_US","og_type":"article","og_title":"Manuar Trutzschler DT9TSD - Silqui-Tex","og_description":"Manuar Trutzschler DT9TSD, nueva todav\u0102\u00ada en la caja de madera. Primer pasaje sin autorregulador. Doble salida.Bote 1x1.1m","og_url":"https:\/\/silqui-tex.com.ar\/en\/product\/manuar-trutzs2023\/","og_site_name":"Silqui-Tex","article_modified_time":"2023-09-21T22:50:12+00:00","og_image":[{"width":800,"height":599,"url":"https:\/\/silqui-tex.com.ar\/wp-content\/uploads\/2023\/07\/F35FEF81-99B5-4101-AC84-93F2791E9630.jpeg","type":"image\/jpeg"}],"twitter_card":"summary_large_image","twitter_misc":{"Est. reading time":"1 minute"},"schema":{"@context":"https:\/\/schema.org","@graph":[{"@type":"WebPage","@id":"https:\/\/silqui-tex.com.ar\/producto\/manuar-trutzs2023\/","url":"https:\/\/silqui-tex.com.ar\/producto\/manuar-trutzs2023\/","name":"Manuar Trutzschler DT9TSD - Silqui-Tex","isPartOf":{"@id":"https:\/\/silqui-tex.com.ar\/#website"},"primaryImageOfPage":{"@id":"https:\/\/silqui-tex.com.ar\/producto\/manuar-trutzs2023\/#primaryimage"},"image":{"@id":"https:\/\/silqui-tex.com.ar\/producto\/manuar-trutzs2023\/#primaryimage"},"thumbnailUrl":"https:\/\/silqui-tex.com.ar\/wp-content\/uploads\/2023\/07\/F35FEF81-99B5-4101-AC84-93F2791E9630.jpeg","datePublished":"2023-07-08T01:02:54+00:00","dateModified":"2023-09-21T22:50:12+00:00","description":"Manuar Trutzschler DT9TSD, nueva todav\u0102\u00ada en la caja de madera. Primer pasaje sin autorregulador. Doble salida.Bote 1x1.1m","breadcrumb":{"@id":"https:\/\/silqui-tex.com.ar\/producto\/manuar-trutzs2023\/#breadcrumb"},"inLanguage":"en-US","potentialAction":[{"@type":"ReadAction","target":["https:\/\/silqui-tex.com.ar\/producto\/manuar-trutzs2023\/"]}]},{"@type":"ImageObject","inLanguage":"en-US","@id":"https:\/\/silqui-tex.com.ar\/producto\/manuar-trutzs2023\/#primaryimage","url":"https:\/\/silqui-tex.com.ar\/wp-content\/uploads\/2023\/07\/F35FEF81-99B5-4101-AC84-93F2791E9630.jpeg","contentUrl":"https:\/\/silqui-tex.com.ar\/wp-content\/uploads\/2023\/07\/F35FEF81-99B5-4101-AC84-93F2791E9630.jpeg","width":800,"height":599},{"@type":"BreadcrumbList","@id":"https:\/\/silqui-tex.com.ar\/producto\/manuar-trutzs2023\/#breadcrumb","itemListElement":[{"@type":"ListItem","position":1,"name":"Portada","item":"https:\/\/silqui-tex.com.ar\/"},{"@type":"ListItem","position":2,"name":"Tienda","item":"https:\/\/silqui-tex.com.ar\/tienda\/"},{"@type":"ListItem","position":3,"name":"Manuar Trutzschler DT9TSD"}]},{"@type":"WebSite","@id":"https:\/\/silqui-tex.com.ar\/#website","url":"https:\/\/silqui-tex.com.ar\/","name":"Silqui-Tex","description":"Silqui-Tex se especializa en la venta de maquinaria textil y soluciones innovadoras para la industria, con m\u00e1s de 40 a\u00f1os de experiencia en Am\u00e9rica Latina, ofreciendo tecnolog\u00eda de calidad, servicios personalizados y un enfoque en el desarrollo sostenible.","potentialAction":[{"@type":"SearchAction","target":{"@type":"EntryPoint","urlTemplate":"https:\/\/silqui-tex.com.ar\/?s={search_term_string}"},"query-input":{"@type":"PropertyValueSpecification","valueRequired":true,"valueName":"search_term_string"}}],"inLanguage":"en-US"}]}},"_links":{"self":[{"href":"https:\/\/silqui-tex.com.ar\/en\/wp-json\/wp\/v2\/product\/918","targetHints":{"allow":["GET"]}}],"collection":[{"href":"https:\/\/silqui-tex.com.ar\/en\/wp-json\/wp\/v2\/product"}],"about":[{"href":"https:\/\/silqui-tex.com.ar\/en\/wp-json\/wp\/v2\/types\/product"}],"wp:featuredmedia":[{"embeddable":true,"href":"https:\/\/silqui-tex.com.ar\/en\/wp-json\/wp\/v2\/media\/923"}],"wp:attachment":[{"href":"https:\/\/silqui-tex.com.ar\/en\/wp-json\/wp\/v2\/media?parent=918"}],"wp:term":[{"taxonomy":"product_brand","embeddable":true,"href":"https:\/\/silqui-tex.com.ar\/en\/wp-json\/wp\/v2\/product_brand?post=918"},{"taxonomy":"product_cat","embeddable":true,"href":"https:\/\/silqui-tex.com.ar\/en\/wp-json\/wp\/v2\/product_cat?post=918"},{"taxonomy":"product_tag","embeddable":true,"href":"https:\/\/silqui-tex.com.ar\/en\/wp-json\/wp\/v2\/product_tag?post=918"}],"curies":[{"name":"wp","href":"https:\/\/api.w.org\/{rel}","templated":true}]}}