{"id":984,"date":"2023-08-04T23:39:55","date_gmt":"2023-08-04T23:39:55","guid":{"rendered":"https:\/\/silqui-tex.com.ar\/?post_type=product&#038;p=984"},"modified":"2023-09-21T22:43:37","modified_gmt":"2023-09-21T22:43:37","slug":"cardas-trutzschler-tc10","status":"publish","type":"product","link":"https:\/\/silqui-tex.com.ar\/en\/product\/cardas-trutzschler-tc10\/","title":{"rendered":"TRUTZSCHLER TC10 cards"},"content":{"rendered":"<p>7 TRUTZSCHLER TC10 cards year 2020, 3 lickerines, 1\u00d71.1m can<\/p>","protected":false},"excerpt":{"rendered":"<p>TRUTZSCHLER TC10 cards year 2020, 3 lickerines, 1\u00d71.1m can<\/p>","protected":false},"featured_media":987,"template":"","meta":[],"product_brand":[],"product_cat":[25],"product_tag":[],"class_list":{"0":"post-984","1":"product","2":"type-product","3":"status-publish","4":"has-post-thumbnail","6":"product_cat-maquinaria-de-hilanderia","8":"first","9":"instock","10":"shipping-taxable","11":"product-type-simple"},"yoast_head":"<!-- This site is optimized with the Yoast SEO plugin v27.3 - https:\/\/yoast.com\/product\/yoast-seo-wordpress\/ -->\n<title>Cardas TRUTZSCHLER TC10 - Silqui-Tex<\/title>\n<meta name=\"description\" content=\"cardas TRUTZSCHLER TC10 a\u00f1o 2020, 3 lickerines, bote 1x1.1m\" \/>\n<meta name=\"robots\" content=\"index, follow, max-snippet:-1, max-image-preview:large, max-video-preview:-1\" \/>\n<link rel=\"canonical\" href=\"https:\/\/silqui-tex.com.ar\/en\/product\/cardas-trutzschler-tc10\/\" \/>\n<meta property=\"og:locale\" content=\"en_US\" \/>\n<meta property=\"og:type\" content=\"article\" \/>\n<meta property=\"og:title\" content=\"Cardas TRUTZSCHLER TC10 - Silqui-Tex\" \/>\n<meta property=\"og:description\" content=\"cardas TRUTZSCHLER TC10 a\u00f1o 2020, 3 lickerines, bote 1x1.1m\" \/>\n<meta property=\"og:url\" content=\"https:\/\/silqui-tex.com.ar\/en\/product\/cardas-trutzschler-tc10\/\" \/>\n<meta property=\"og:site_name\" content=\"Silqui-Tex\" \/>\n<meta property=\"article:modified_time\" content=\"2023-09-21T22:43:37+00:00\" \/>\n<meta property=\"og:image\" content=\"https:\/\/silqui-tex.com.ar\/wp-content\/uploads\/2023\/08\/photo-2023-08-04-19-25-22-1.jpeg\" \/>\n\t<meta property=\"og:image:width\" content=\"800\" \/>\n\t<meta property=\"og:image:height\" content=\"600\" \/>\n\t<meta property=\"og:image:type\" content=\"image\/jpeg\" \/>\n<meta name=\"twitter:card\" content=\"summary_large_image\" \/>\n<meta name=\"twitter:label1\" content=\"Est. reading time\" \/>\n\t<meta name=\"twitter:data1\" content=\"1 minute\" \/>\n<script type=\"application\/ld+json\" class=\"yoast-schema-graph\">{\"@context\":\"https:\\\/\\\/schema.org\",\"@graph\":[{\"@type\":\"WebPage\",\"@id\":\"https:\\\/\\\/silqui-tex.com.ar\\\/producto\\\/cardas-trutzschler-tc10\\\/\",\"url\":\"https:\\\/\\\/silqui-tex.com.ar\\\/producto\\\/cardas-trutzschler-tc10\\\/\",\"name\":\"Cardas TRUTZSCHLER TC10 - Silqui-Tex\",\"isPartOf\":{\"@id\":\"https:\\\/\\\/silqui-tex.com.ar\\\/#website\"},\"primaryImageOfPage\":{\"@id\":\"https:\\\/\\\/silqui-tex.com.ar\\\/producto\\\/cardas-trutzschler-tc10\\\/#primaryimage\"},\"image\":{\"@id\":\"https:\\\/\\\/silqui-tex.com.ar\\\/producto\\\/cardas-trutzschler-tc10\\\/#primaryimage\"},\"thumbnailUrl\":\"https:\\\/\\\/silqui-tex.com.ar\\\/wp-content\\\/uploads\\\/2023\\\/08\\\/photo-2023-08-04-19-25-22-1.jpeg\",\"datePublished\":\"2023-08-04T23:39:55+00:00\",\"dateModified\":\"2023-09-21T22:43:37+00:00\",\"description\":\"cardas TRUTZSCHLER TC10 a\u00f1o 2020, 3 lickerines, bote 1x1.1m\",\"breadcrumb\":{\"@id\":\"https:\\\/\\\/silqui-tex.com.ar\\\/producto\\\/cardas-trutzschler-tc10\\\/#breadcrumb\"},\"inLanguage\":\"en-US\",\"potentialAction\":[{\"@type\":\"ReadAction\",\"target\":[\"https:\\\/\\\/silqui-tex.com.ar\\\/producto\\\/cardas-trutzschler-tc10\\\/\"]}]},{\"@type\":\"ImageObject\",\"inLanguage\":\"en-US\",\"@id\":\"https:\\\/\\\/silqui-tex.com.ar\\\/producto\\\/cardas-trutzschler-tc10\\\/#primaryimage\",\"url\":\"https:\\\/\\\/silqui-tex.com.ar\\\/wp-content\\\/uploads\\\/2023\\\/08\\\/photo-2023-08-04-19-25-22-1.jpeg\",\"contentUrl\":\"https:\\\/\\\/silqui-tex.com.ar\\\/wp-content\\\/uploads\\\/2023\\\/08\\\/photo-2023-08-04-19-25-22-1.jpeg\",\"width\":800,\"height\":600},{\"@type\":\"BreadcrumbList\",\"@id\":\"https:\\\/\\\/silqui-tex.com.ar\\\/producto\\\/cardas-trutzschler-tc10\\\/#breadcrumb\",\"itemListElement\":[{\"@type\":\"ListItem\",\"position\":1,\"name\":\"Portada\",\"item\":\"https:\\\/\\\/silqui-tex.com.ar\\\/\"},{\"@type\":\"ListItem\",\"position\":2,\"name\":\"Tienda\",\"item\":\"https:\\\/\\\/silqui-tex.com.ar\\\/tienda\\\/\"},{\"@type\":\"ListItem\",\"position\":3,\"name\":\"Cardas TRUTZSCHLER TC10\"}]},{\"@type\":\"WebSite\",\"@id\":\"https:\\\/\\\/silqui-tex.com.ar\\\/#website\",\"url\":\"https:\\\/\\\/silqui-tex.com.ar\\\/\",\"name\":\"Silqui-Tex\",\"description\":\"Silqui-Tex se especializa en la venta de maquinaria textil y soluciones innovadoras para la industria, con m\u00e1s de 40 a\u00f1os de experiencia en Am\u00e9rica Latina, ofreciendo tecnolog\u00eda de calidad, servicios personalizados y un enfoque en el desarrollo sostenible.\",\"potentialAction\":[{\"@type\":\"SearchAction\",\"target\":{\"@type\":\"EntryPoint\",\"urlTemplate\":\"https:\\\/\\\/silqui-tex.com.ar\\\/?s={search_term_string}\"},\"query-input\":{\"@type\":\"PropertyValueSpecification\",\"valueRequired\":true,\"valueName\":\"search_term_string\"}}],\"inLanguage\":\"en-US\"}]}<\/script>\n<!-- \/ Yoast SEO plugin. -->","yoast_head_json":{"title":"Cardas TRUTZSCHLER TC10 - Silqui-Tex","description":"cardas TRUTZSCHLER TC10 a\u00f1o 2020, 3 lickerines, bote 1x1.1m","robots":{"index":"index","follow":"follow","max-snippet":"max-snippet:-1","max-image-preview":"max-image-preview:large","max-video-preview":"max-video-preview:-1"},"canonical":"https:\/\/silqui-tex.com.ar\/en\/product\/cardas-trutzschler-tc10\/","og_locale":"en_US","og_type":"article","og_title":"Cardas TRUTZSCHLER TC10 - Silqui-Tex","og_description":"cardas TRUTZSCHLER TC10 a\u00f1o 2020, 3 lickerines, bote 1x1.1m","og_url":"https:\/\/silqui-tex.com.ar\/en\/product\/cardas-trutzschler-tc10\/","og_site_name":"Silqui-Tex","article_modified_time":"2023-09-21T22:43:37+00:00","og_image":[{"width":800,"height":600,"url":"https:\/\/silqui-tex.com.ar\/wp-content\/uploads\/2023\/08\/photo-2023-08-04-19-25-22-1.jpeg","type":"image\/jpeg"}],"twitter_card":"summary_large_image","twitter_misc":{"Est. reading time":"1 minute"},"schema":{"@context":"https:\/\/schema.org","@graph":[{"@type":"WebPage","@id":"https:\/\/silqui-tex.com.ar\/producto\/cardas-trutzschler-tc10\/","url":"https:\/\/silqui-tex.com.ar\/producto\/cardas-trutzschler-tc10\/","name":"Cardas TRUTZSCHLER TC10 - Silqui-Tex","isPartOf":{"@id":"https:\/\/silqui-tex.com.ar\/#website"},"primaryImageOfPage":{"@id":"https:\/\/silqui-tex.com.ar\/producto\/cardas-trutzschler-tc10\/#primaryimage"},"image":{"@id":"https:\/\/silqui-tex.com.ar\/producto\/cardas-trutzschler-tc10\/#primaryimage"},"thumbnailUrl":"https:\/\/silqui-tex.com.ar\/wp-content\/uploads\/2023\/08\/photo-2023-08-04-19-25-22-1.jpeg","datePublished":"2023-08-04T23:39:55+00:00","dateModified":"2023-09-21T22:43:37+00:00","description":"cardas TRUTZSCHLER TC10 a\u00f1o 2020, 3 lickerines, bote 1x1.1m","breadcrumb":{"@id":"https:\/\/silqui-tex.com.ar\/producto\/cardas-trutzschler-tc10\/#breadcrumb"},"inLanguage":"en-US","potentialAction":[{"@type":"ReadAction","target":["https:\/\/silqui-tex.com.ar\/producto\/cardas-trutzschler-tc10\/"]}]},{"@type":"ImageObject","inLanguage":"en-US","@id":"https:\/\/silqui-tex.com.ar\/producto\/cardas-trutzschler-tc10\/#primaryimage","url":"https:\/\/silqui-tex.com.ar\/wp-content\/uploads\/2023\/08\/photo-2023-08-04-19-25-22-1.jpeg","contentUrl":"https:\/\/silqui-tex.com.ar\/wp-content\/uploads\/2023\/08\/photo-2023-08-04-19-25-22-1.jpeg","width":800,"height":600},{"@type":"BreadcrumbList","@id":"https:\/\/silqui-tex.com.ar\/producto\/cardas-trutzschler-tc10\/#breadcrumb","itemListElement":[{"@type":"ListItem","position":1,"name":"Portada","item":"https:\/\/silqui-tex.com.ar\/"},{"@type":"ListItem","position":2,"name":"Tienda","item":"https:\/\/silqui-tex.com.ar\/tienda\/"},{"@type":"ListItem","position":3,"name":"Cardas TRUTZSCHLER TC10"}]},{"@type":"WebSite","@id":"https:\/\/silqui-tex.com.ar\/#website","url":"https:\/\/silqui-tex.com.ar\/","name":"Silqui-Tex","description":"Silqui-Tex se especializa en la venta de maquinaria textil y soluciones innovadoras para la industria, con m\u00e1s de 40 a\u00f1os de experiencia en Am\u00e9rica Latina, ofreciendo tecnolog\u00eda de calidad, servicios personalizados y un enfoque en el desarrollo sostenible.","potentialAction":[{"@type":"SearchAction","target":{"@type":"EntryPoint","urlTemplate":"https:\/\/silqui-tex.com.ar\/?s={search_term_string}"},"query-input":{"@type":"PropertyValueSpecification","valueRequired":true,"valueName":"search_term_string"}}],"inLanguage":"en-US"}]}},"_links":{"self":[{"href":"https:\/\/silqui-tex.com.ar\/en\/wp-json\/wp\/v2\/product\/984","targetHints":{"allow":["GET"]}}],"collection":[{"href":"https:\/\/silqui-tex.com.ar\/en\/wp-json\/wp\/v2\/product"}],"about":[{"href":"https:\/\/silqui-tex.com.ar\/en\/wp-json\/wp\/v2\/types\/product"}],"wp:featuredmedia":[{"embeddable":true,"href":"https:\/\/silqui-tex.com.ar\/en\/wp-json\/wp\/v2\/media\/987"}],"wp:attachment":[{"href":"https:\/\/silqui-tex.com.ar\/en\/wp-json\/wp\/v2\/media?parent=984"}],"wp:term":[{"taxonomy":"product_brand","embeddable":true,"href":"https:\/\/silqui-tex.com.ar\/en\/wp-json\/wp\/v2\/product_brand?post=984"},{"taxonomy":"product_cat","embeddable":true,"href":"https:\/\/silqui-tex.com.ar\/en\/wp-json\/wp\/v2\/product_cat?post=984"},{"taxonomy":"product_tag","embeddable":true,"href":"https:\/\/silqui-tex.com.ar\/en\/wp-json\/wp\/v2\/product_tag?post=984"}],"curies":[{"name":"wp","href":"https:\/\/api.w.org\/{rel}","templated":true}]}}