{"id":35,"date":"2023-03-31T02:14:47","date_gmt":"2023-03-31T02:14:47","guid":{"rendered":"https:\/\/silqui-tex.com.ar\/?page_id=35"},"modified":"2026-02-12T22:39:30","modified_gmt":"2026-02-12T22:39:30","slug":"repuestos","status":"publish","type":"page","link":"https:\/\/silqui-tex.com.ar\/pt\/repuestos\/","title":{"rendered":"Pe\u00e7as de Reposi\u00e7\u00e3o"},"content":{"rendered":"<div data-elementor-type=\"wp-page\" data-elementor-id=\"35\" class=\"elementor elementor-35\" data-elementor-post-type=\"page\">\n\t\t\t\t\t\t<header class=\"elementor-section elementor-top-section elementor-element elementor-element-1d096135 elementor-section-height-min-height elementor-section-content-middle elementor-section-boxed elementor-section-height-default elementor-section-items-middle\" data-id=\"1d096135\" data-element_type=\"section\" data-e-type=\"section\" data-settings=\"{&quot;background_background&quot;:&quot;classic&quot;,&quot;shape_divider_bottom&quot;:&quot;opacity-tilt&quot;}\">\n\t\t\t\t\t\t\t<div class=\"elementor-background-overlay\"><\/div>\n\t\t\t\t\t\t<div class=\"elementor-shape elementor-shape-bottom\" aria-hidden=\"true\" data-negative=\"false\">\n\t\t\t<svg xmlns=\"http:\/\/www.w3.org\/2000\/svg\" viewbox=\"0 0 2600 131.1\" preserveaspectratio=\"none\">\n\t<path class=\"elementor-shape-fill\" d=\"M0 0L2600 0 2600 69.1 0 0z\"\/>\n\t<path class=\"elementor-shape-fill\" style=\"opacity:0.5\" d=\"M0 0L2600 0 2600 69.1 0 69.1z\"\/>\n\t<path class=\"elementor-shape-fill\" style=\"opacity:0.25\" d=\"M2600 0L0 0 0 130.1 2600 69.1z\"\/>\n<\/svg>\t\t<\/div>\n\t\t\t\t\t<div class=\"elementor-container elementor-column-gap-extended\">\n\t\t\t\t\t<div class=\"elementor-column elementor-col-100 elementor-top-column elementor-element elementor-element-47741336\" data-id=\"47741336\" data-element_type=\"column\" data-e-type=\"column\">\n\t\t\t<div class=\"elementor-widget-wrap elementor-element-populated\">\n\t\t\t\t\t\t<div class=\"elementor-element elementor-element-2569ff6b elementor-invisible elementor-widget elementor-widget-heading\" data-id=\"2569ff6b\" data-element_type=\"widget\" data-e-type=\"widget\" data-settings=\"{&quot;_animation&quot;:&quot;fadeInDown&quot;,&quot;_animation_delay&quot;:200}\" data-widget_type=\"heading.default\">\n\t\t\t\t\t<h1 class=\"elementor-heading-title elementor-size-default\">Pe\u00e7as de Reposi\u00e7\u00e3o<\/h1>\t\t\t\t<\/div>\n\t\t\t\t<div class=\"elementor-element elementor-element-ab06da5 elementor-widget elementor-widget-heading\" data-id=\"ab06da5\" data-element_type=\"widget\" data-e-type=\"widget\" data-widget_type=\"heading.default\">\n\t\t\t\t\t<h3 class=\"elementor-heading-title elementor-size-default\">Na Silqui-Tex, contamos com pe\u00e7as de reposi\u00e7\u00e3o para m\u00e1quinas t\u00eaxteis das marcas mais reconhecidas do mercado.\nOferecemos solu\u00e7\u00f5es completas, com estoque permanente e suporte t\u00e9cnico especializado.<\/h3>\t\t\t\t<\/div>\n\t\t\t\t\t<\/div>\n\t\t<\/div>\n\t\t\t\t\t<\/div>\n\t\t<\/header>\n\t\t\t\t<section class=\"elementor-section elementor-top-section elementor-element elementor-element-35b819ad elementor-section-content-middle elementor-section-boxed elementor-section-height-default elementor-section-height-default\" data-id=\"35b819ad\" data-element_type=\"section\" data-e-type=\"section\" data-settings=\"{&quot;background_background&quot;:&quot;classic&quot;}\">\n\t\t\t\t\t\t<div class=\"elementor-container elementor-column-gap-extended\">\n\t\t\t\t\t<div class=\"elementor-column elementor-col-100 elementor-top-column elementor-element elementor-element-53a138dc\" data-id=\"53a138dc\" data-element_type=\"column\" data-e-type=\"column\">\n\t\t\t<div class=\"elementor-widget-wrap elementor-element-populated\">\n\t\t\t\t\t\t<div class=\"elementor-element elementor-element-33fb949f elementor-widget elementor-widget-text-editor\" data-id=\"33fb949f\" data-element_type=\"widget\" data-e-type=\"widget\" data-widget_type=\"text-editor.default\">\n\t\t\t\t\t\t\t\t\t<p>Nosso objetivo \u00e9 garantir a continuidade da sua produ\u00e7\u00e3o, oferecendo pe\u00e7as originais, instala\u00e7\u00e3o e servi\u00e7o p\u00f3s-venda.<br data-start=\"1593\" data-end=\"1596\" \/>Consulte sobre pe\u00e7as para cardas, fiadeiras, compactadores, revisoras e outros equipamentos t\u00eaxteis.<\/p><p>Este servi\u00e7o \u00e9 apoiado pela nossa <a href=\"https:\/\/silqui-tex.com.ar\/pt\/colaboradores\/\"><strong><span style=\"color: #0000ff;\">oficina operacional na China<\/span><\/strong><\/a>, a partir de onde gerenciamos a busca, valida\u00e7\u00e3o e o despacho de pe\u00e7as de reposi\u00e7\u00e3o industriais e t\u00eaxteis.<\/p>\t\t\t\t\t\t\t\t<\/div>\n\t\t\t\t<div class=\"elementor-element elementor-element-aa7f8ea elementor-align-left elementor-widget elementor-widget-button\" data-id=\"aa7f8ea\" data-element_type=\"widget\" data-e-type=\"widget\" data-widget_type=\"button.default\">\n\t\t\t\t\t\t\t\t\t\t<a class=\"elementor-button elementor-button-link elementor-size-sm elementor-animation-sink\" href=\"https:\/\/silqui-tex.com.ar\/pt\/novedades\/\">\n\t\t\t\t\t\t<span class=\"elementor-button-content-wrapper\">\n\t\t\t\t\t\t\t\t\t<span class=\"elementor-button-text\">Ver Novidades<\/span>\n\t\t\t\t\t<\/span>\n\t\t\t\t\t<\/a>\n\t\t\t\t\t\t\t\t<\/div>\n\t\t\t\t\t<\/div>\n\t\t<\/div>\n\t\t\t\t\t<\/div>\n\t\t<\/section>\n\t\t\t\t<section class=\"elementor-section elementor-top-section elementor-element elementor-element-24b1f4d2 elementor-section-boxed elementor-section-height-default elementor-section-height-default\" data-id=\"24b1f4d2\" data-element_type=\"section\" data-e-type=\"section\" data-settings=\"{&quot;background_background&quot;:&quot;classic&quot;}\">\n\t\t\t\t\t\t<div class=\"elementor-container elementor-column-gap-no\">\n\t\t\t\t\t<div class=\"elementor-column elementor-col-100 elementor-top-column elementor-element elementor-element-7beb9ff7\" data-id=\"7beb9ff7\" data-element_type=\"column\" data-e-type=\"column\" data-settings=\"{&quot;background_background&quot;:&quot;classic&quot;}\">\n\t\t\t<div class=\"elementor-widget-wrap elementor-element-populated\">\n\t\t\t\t\t<div class=\"elementor-background-overlay\"><\/div>\n\t\t\t\t\t\t<div class=\"elementor-element elementor-element-fe3343a elementor-widget elementor-widget-text-editor\" data-id=\"fe3343a\" data-element_type=\"widget\" data-e-type=\"widget\" data-widget_type=\"text-editor.default\">\n\t\t\t\t\t\t\t\t\t<p data-start=\"485\" data-end=\"791\">A Silqui-Tex International \u00e9 uma empresa argentina com presen\u00e7a operacional internacional, especializada no fornecimento de pe\u00e7as de reposi\u00e7\u00e3o e acess\u00f3rios para m\u00e1quinas t\u00eaxteis industriais. Nossos clientes contam com solu\u00e7\u00f5es t\u00e9cnicas confi\u00e1veis para garantir a continuidade de seus processos produtivos.<\/p><p data-start=\"796\" data-end=\"1047\">Operamos ativamente na Argentina e em diversos mercados da Am\u00e9rica Latina, incluindo a Am\u00e9rica do Sul, a Am\u00e9rica Central e outros destinos internacionais, acompanhando f\u00e1bricas t\u00eaxteis em diferentes pa\u00edses de acordo com suas necessidades t\u00e9cnicas e log\u00edsticas.<\/p><p data-start=\"1052\" data-end=\"1318\">Al\u00e9m dos repostos apresentados nesta se\u00e7\u00e3o, podemos fornecer uma ampla variedade de pe\u00e7as e componentes t\u00eaxteis, incluindo pe\u00e7as de reposi\u00e7\u00e3o para m\u00e1quinas de diferentes marcas, modelos e origens, bem como repostos especiais e solu\u00e7\u00f5es t\u00e9cnicas sob medida.<\/p><p data-start=\"1323\" data-end=\"1596\">Fornecemos pe\u00e7as de reposi\u00e7\u00e3o, componentes e acess\u00f3rios para todo tipo de m\u00e1quinas utilizadas em plantas t\u00eaxteis e industriais, abrangendo equipamentos de produ\u00e7\u00e3o t\u00eaxtil, automa\u00e7\u00e3o, manuten\u00e7\u00e3o, log\u00edstica interna e servi\u00e7os auxiliares.\n\nNosso escopo inclui tanto m\u00e1quinas t\u00eaxteis quanto equipamentos industriais complementares comumente presentes em f\u00e1bricas t\u00eaxteis, permitindo oferecer uma resposta t\u00e9cnica integral \u00e0s necessidades das plantas produtivas.<\/p>\t\t\t\t\t\t\t\t<\/div>\n\t\t\t\t<div class=\"elementor-element elementor-element-5ea73a48 elementor-align-left elementor-widget elementor-widget-button\" data-id=\"5ea73a48\" data-element_type=\"widget\" data-e-type=\"widget\" data-widget_type=\"button.default\">\n\t\t\t\t\t\t\t\t\t\t<a class=\"elementor-button elementor-button-link elementor-size-sm elementor-animation-sink\" href=\"mailto:repuestos@silqui-tex.com.ar?subject=Consulta%20desde%20secci\u00f3n%20Repuestos%20-%20Web%20Silqui-Tex&#038;body=Hola,%0A%0ALos%20contacto%20a%20trav\u00e9s%20de%20la%20secci\u00f3n%20de%20Repuestos%20del%20sitio%20web%20de%20Silqui-Tex.%0A%0AMe%20gust\">\n\t\t\t\t\t\t<span class=\"elementor-button-content-wrapper\">\n\t\t\t\t\t\t<span class=\"elementor-button-icon\">\n\t\t\t\t<svg aria-hidden=\"true\" class=\"e-font-icon-svg e-fas-arrow-circle-right\" viewbox=\"0 0 512 512\" xmlns=\"http:\/\/www.w3.org\/2000\/svg\"><path d=\"M256 8c137 0 248 111 248 248S393 504 256 504 8 393 8 256 119 8 256 8zm-28.9 143.6l75.5 72.4H120c-13.3 0-24 10.7-24 24v16c0 13.3 10.7 24 24 24h182.6l-75.5 72.4c-9.7 9.3-9.9 24.8-.4 34.3l11 10.9c9.4 9.4 24.6 9.4 33.9 0L404.3 273c9.4-9.4 9.4-24.6 0-33.9L271.6 106.3c-9.4-9.4-24.6-9.4-33.9 0l-11 10.9c-9.5 9.6-9.3 25.1.4 34.4z\"><\/path><\/svg>\t\t\t<\/span>\n\t\t\t\t\t\t\t\t\t<span class=\"elementor-button-text\">Consultar pe\u00e7as de reposi\u00e7\u00e3o industriais<\/span>\n\t\t\t\t\t<\/span>\n\t\t\t\t\t<\/a>\n\t\t\t\t\t\t\t\t<\/div>\n\t\t\t\t\t<\/div>\n\t\t<\/div>\n\t\t\t\t\t<\/div>\n\t\t<\/section>\n\t\t<div class=\"elementor-element elementor-element-5605ca8 e-flex e-con-boxed e-con e-parent\" data-id=\"5605ca8\" data-element_type=\"container\" data-e-type=\"container\">\n\t\t\t\t\t<div class=\"e-con-inner\">\n\t\t\t\t<div class=\"elementor-element elementor-element-3aa097e elementor-widget__width-inherit elementor-widget elementor-widget-text-editor\" data-id=\"3aa097e\" data-element_type=\"widget\" data-e-type=\"widget\" data-widget_type=\"text-editor.default\">\n\t\t\t\t\t\t\t\t\t<h5 style=\"text-align: center;\">Se voc\u00ea tiver d\u00favidas sobre disponibilidade, compatibilidade ou prazos de entrega de pe\u00e7as de reposi\u00e7\u00e3o,<br \/>voc\u00ea pode consultar <a href=\"https:\/\/silqui-tex.com.ar\/pt\/preguntas-frecuentes\/\"><span style=\"text-decoration: underline;\"><span style=\"color: #0000ff; text-decoration: underline;\"><strong>nossa se\u00e7\u00e3o de perguntas frequentes<\/strong><\/span><\/span><\/a> sobre m\u00e1quinas t\u00eaxteis e importa\u00e7\u00f5es.<\/h5>\t\t\t\t\t\t\t\t<\/div>\n\t\t\t\t\t<\/div>\n\t\t\t\t<\/div>\n\t\t\t\t<\/div>","protected":false},"excerpt":{"rendered":"<p>REPUESTOS En Silqui-Tex contamos con repuestos para m\u00e1quinas textiles de las marcas m\u00e1s reconocidas del mercado. Brindamos soluciones integrales con stock permanente y soporte t\u00e9cnico especializado. Nuestro objetivo es garantizar la continuidad de tu producci\u00f3n, ofreciendo repuestos originales, instalaci\u00f3n y servicio postventa.Consult\u00e1 por piezas para cardas, hiladoras, compactadores, revisadoras y m\u00e1s equipos textiles. Este servicio [&hellip;]<\/p>\n","protected":false},"author":1,"featured_media":0,"parent":0,"menu_order":0,"comment_status":"closed","ping_status":"closed","template":"elementor_header_footer","meta":{"footnotes":""},"class_list":["post-35","page","type-page","status-publish","hentry"],"yoast_head":"<!-- This site is optimized with the Yoast SEO plugin v27.3 - https:\/\/yoast.com\/product\/yoast-seo-wordpress\/ -->\n<title>Repuestos industriales para maquinaria textil | Silqui-Tex<\/title>\n<meta name=\"description\" content=\"Suministro de repuestos y componentes para maquinaria textil e industrial. Abastecimiento t\u00e9cnico integral para f\u00e1bricas textiles con soporte internacional y origen China.\" \/>\n<meta name=\"robots\" content=\"index, follow, max-snippet:-1, max-image-preview:large, max-video-preview:-1\" \/>\n<link rel=\"canonical\" href=\"https:\/\/silqui-tex.com.ar\/pt\/repuestos\/\" \/>\n<meta property=\"og:locale\" content=\"pt_BR\" \/>\n<meta property=\"og:type\" content=\"article\" \/>\n<meta property=\"og:title\" content=\"Repuestos industriales para maquinaria textil | Silqui-Tex\" \/>\n<meta property=\"og:description\" content=\"Suministro de repuestos y componentes para maquinaria textil e industrial. Abastecimiento t\u00e9cnico integral para f\u00e1bricas textiles con soporte internacional y origen China.\" \/>\n<meta property=\"og:url\" content=\"https:\/\/silqui-tex.com.ar\/pt\/repuestos\/\" \/>\n<meta property=\"og:site_name\" content=\"Silqui-Tex\" \/>\n<meta property=\"article:modified_time\" content=\"2026-02-12T22:39:30+00:00\" \/>\n<meta name=\"twitter:card\" content=\"summary_large_image\" \/>\n<meta name=\"twitter:label1\" content=\"Est. tempo de leitura\" \/>\n\t<meta name=\"twitter:data1\" content=\"2 minutos\" \/>\n<script type=\"application\/ld+json\" class=\"yoast-schema-graph\">{\"@context\":\"https:\\\/\\\/schema.org\",\"@graph\":[{\"@type\":\"WebPage\",\"@id\":\"https:\\\/\\\/silqui-tex.com.ar\\\/repuestos\\\/\",\"url\":\"https:\\\/\\\/silqui-tex.com.ar\\\/repuestos\\\/\",\"name\":\"Repuestos industriales para maquinaria textil | Silqui-Tex\",\"isPartOf\":{\"@id\":\"https:\\\/\\\/silqui-tex.com.ar\\\/#website\"},\"datePublished\":\"2023-03-31T02:14:47+00:00\",\"dateModified\":\"2026-02-12T22:39:30+00:00\",\"description\":\"Suministro de repuestos y componentes para maquinaria textil e industrial. Abastecimiento t\u00e9cnico integral para f\u00e1bricas textiles con soporte internacional y origen China.\",\"breadcrumb\":{\"@id\":\"https:\\\/\\\/silqui-tex.com.ar\\\/repuestos\\\/#breadcrumb\"},\"inLanguage\":\"pt-BR\",\"potentialAction\":[{\"@type\":\"ReadAction\",\"target\":[\"https:\\\/\\\/silqui-tex.com.ar\\\/repuestos\\\/\"]}]},{\"@type\":\"BreadcrumbList\",\"@id\":\"https:\\\/\\\/silqui-tex.com.ar\\\/repuestos\\\/#breadcrumb\",\"itemListElement\":[{\"@type\":\"ListItem\",\"position\":1,\"name\":\"Portada\",\"item\":\"https:\\\/\\\/silqui-tex.com.ar\\\/\"},{\"@type\":\"ListItem\",\"position\":2,\"name\":\"Repuestos\"}]},{\"@type\":\"WebSite\",\"@id\":\"https:\\\/\\\/silqui-tex.com.ar\\\/#website\",\"url\":\"https:\\\/\\\/silqui-tex.com.ar\\\/\",\"name\":\"Silqui-Tex\",\"description\":\"Silqui-Tex se especializa en la venta de maquinaria textil y soluciones innovadoras para la industria, con m\u00e1s de 40 a\u00f1os de experiencia en Am\u00e9rica Latina, ofreciendo tecnolog\u00eda de calidad, servicios personalizados y un enfoque en el desarrollo sostenible.\",\"potentialAction\":[{\"@type\":\"SearchAction\",\"target\":{\"@type\":\"EntryPoint\",\"urlTemplate\":\"https:\\\/\\\/silqui-tex.com.ar\\\/?s={search_term_string}\"},\"query-input\":{\"@type\":\"PropertyValueSpecification\",\"valueRequired\":true,\"valueName\":\"search_term_string\"}}],\"inLanguage\":\"pt-BR\"}]}<\/script>\n<!-- \/ Yoast SEO plugin. -->","yoast_head_json":{"title":"Repuestos industriales para maquinaria textil | Silqui-Tex","description":"Suministro de repuestos y componentes para maquinaria textil e industrial. Abastecimiento t\u00e9cnico integral para f\u00e1bricas textiles con soporte internacional y origen China.","robots":{"index":"index","follow":"follow","max-snippet":"max-snippet:-1","max-image-preview":"max-image-preview:large","max-video-preview":"max-video-preview:-1"},"canonical":"https:\/\/silqui-tex.com.ar\/pt\/repuestos\/","og_locale":"pt_BR","og_type":"article","og_title":"Repuestos industriales para maquinaria textil | Silqui-Tex","og_description":"Suministro de repuestos y componentes para maquinaria textil e industrial. Abastecimiento t\u00e9cnico integral para f\u00e1bricas textiles con soporte internacional y origen China.","og_url":"https:\/\/silqui-tex.com.ar\/pt\/repuestos\/","og_site_name":"Silqui-Tex","article_modified_time":"2026-02-12T22:39:30+00:00","twitter_card":"summary_large_image","twitter_misc":{"Est. tempo de leitura":"2 minutos"},"schema":{"@context":"https:\/\/schema.org","@graph":[{"@type":"WebPage","@id":"https:\/\/silqui-tex.com.ar\/repuestos\/","url":"https:\/\/silqui-tex.com.ar\/repuestos\/","name":"Repuestos industriales para maquinaria textil | Silqui-Tex","isPartOf":{"@id":"https:\/\/silqui-tex.com.ar\/#website"},"datePublished":"2023-03-31T02:14:47+00:00","dateModified":"2026-02-12T22:39:30+00:00","description":"Suministro de repuestos y componentes para maquinaria textil e industrial. Abastecimiento t\u00e9cnico integral para f\u00e1bricas textiles con soporte internacional y origen China.","breadcrumb":{"@id":"https:\/\/silqui-tex.com.ar\/repuestos\/#breadcrumb"},"inLanguage":"pt-BR","potentialAction":[{"@type":"ReadAction","target":["https:\/\/silqui-tex.com.ar\/repuestos\/"]}]},{"@type":"BreadcrumbList","@id":"https:\/\/silqui-tex.com.ar\/repuestos\/#breadcrumb","itemListElement":[{"@type":"ListItem","position":1,"name":"Portada","item":"https:\/\/silqui-tex.com.ar\/"},{"@type":"ListItem","position":2,"name":"Repuestos"}]},{"@type":"WebSite","@id":"https:\/\/silqui-tex.com.ar\/#website","url":"https:\/\/silqui-tex.com.ar\/","name":"Silqui-Tex","description":"Silqui-Tex se especializa en la venta de maquinaria textil y soluciones innovadoras para la industria, con m\u00e1s de 40 a\u00f1os de experiencia en Am\u00e9rica Latina, ofreciendo tecnolog\u00eda de calidad, servicios personalizados y un enfoque en el desarrollo sostenible.","potentialAction":[{"@type":"SearchAction","target":{"@type":"EntryPoint","urlTemplate":"https:\/\/silqui-tex.com.ar\/?s={search_term_string}"},"query-input":{"@type":"PropertyValueSpecification","valueRequired":true,"valueName":"search_term_string"}}],"inLanguage":"pt-BR"}]}},"_links":{"self":[{"href":"https:\/\/silqui-tex.com.ar\/pt\/wp-json\/wp\/v2\/pages\/35","targetHints":{"allow":["GET"]}}],"collection":[{"href":"https:\/\/silqui-tex.com.ar\/pt\/wp-json\/wp\/v2\/pages"}],"about":[{"href":"https:\/\/silqui-tex.com.ar\/pt\/wp-json\/wp\/v2\/types\/page"}],"author":[{"embeddable":true,"href":"https:\/\/silqui-tex.com.ar\/pt\/wp-json\/wp\/v2\/users\/1"}],"replies":[{"embeddable":true,"href":"https:\/\/silqui-tex.com.ar\/pt\/wp-json\/wp\/v2\/comments?post=35"}],"version-history":[{"count":64,"href":"https:\/\/silqui-tex.com.ar\/pt\/wp-json\/wp\/v2\/pages\/35\/revisions"}],"predecessor-version":[{"id":4494,"href":"https:\/\/silqui-tex.com.ar\/pt\/wp-json\/wp\/v2\/pages\/35\/revisions\/4494"}],"wp:attachment":[{"href":"https:\/\/silqui-tex.com.ar\/pt\/wp-json\/wp\/v2\/media?parent=35"}],"curies":[{"name":"wp","href":"https:\/\/api.w.org\/{rel}","templated":true}]}}