{"id":3932,"date":"2026-01-02T07:02:36","date_gmt":"2026-01-02T07:02:36","guid":{"rendered":"https:\/\/silqui-tex.com.ar\/?page_id=3932"},"modified":"2026-02-16T02:48:28","modified_gmt":"2026-02-16T02:48:28","slug":"importacion-maquinaria-textil","status":"publish","type":"page","link":"https:\/\/silqui-tex.com.ar\/pt\/importacion-maquinaria-textil\/","title":{"rendered":"Importa\u00e7\u00e3o de maquin\u00e1rio t\u00eaxtil da China, \u00c1sia e Europa"},"content":{"rendered":"<div data-elementor-type=\"wp-page\" data-elementor-id=\"3932\" class=\"elementor elementor-3932\" data-elementor-post-type=\"page\">\n\t\t\t\t<div class=\"elementor-element elementor-element-75d9cef e-flex e-con-boxed e-con e-parent\" data-id=\"75d9cef\" data-element_type=\"container\" data-e-type=\"container\">\n\t\t\t\t\t<div class=\"e-con-inner\">\n\t\t\t\t<div class=\"elementor-element elementor-element-dbe0da7 elementor-widget elementor-widget-heading\" data-id=\"dbe0da7\" data-element_type=\"widget\" data-e-type=\"widget\" data-widget_type=\"heading.default\">\n\t\t\t\t\t<h1 class=\"elementor-heading-title elementor-size-default\">Importa\u00e7\u00e3o e exporta\u00e7\u00e3o de m\u00e1quinas industriais e t\u00eaxteis.<\/h1>\t\t\t\t<\/div>\n\t\t\t\t<div class=\"elementor-element elementor-element-4a45e99 elementor-widget elementor-widget-text-editor\" data-id=\"4a45e99\" data-element_type=\"widget\" data-e-type=\"widget\" data-widget_type=\"text-editor.default\">\n\t\t\t\t\t\t\t\t\t<p>A Silqui-Tex International oferece servi\u00e7os especializados de importa\u00e7\u00e3o e exporta\u00e7\u00e3o de m\u00e1quinas industriais e t\u00eaxteis para f\u00e1bricas e plantas produtivas. Gerenciamos projetos de equipamentos novos e usados a partir da China, da \u00c1sia e da Europa, trabalhando com avalia\u00e7\u00e3o t\u00e9cnica na origem, coordena\u00e7\u00e3o log\u00edstica internacional e acompanhamento integral at\u00e9 a entrada em opera\u00e7\u00e3o de cada equipamento.<\/p><p>A importa\u00e7\u00e3o de m\u00e1quinas t\u00eaxteis industriais exige conhecimento t\u00e9cnico, experi\u00eancia operacional e uma rede confi\u00e1vel de fornecedores. Na Silqui-Tex International, acompanhamos f\u00e1bricas t\u00eaxteis em todo o continente americano na busca, sele\u00e7\u00e3o e importa\u00e7\u00e3o de m\u00e1quinas t\u00eaxteis a partir da China, de outros pa\u00edses da \u00c1sia e da Europa, adaptando cada projeto \u00e0s necessidades produtivas e or\u00e7ament\u00e1rias de cada cliente.<\/p><p>Para mais informa\u00e7\u00f5es, respondemos \u00e0s consultas mais frequentes em nossa se\u00e7\u00e3o de <a href=\"https:\/\/silqui-tex.com.ar\/pt\/preguntas-frecuentes\/\"><span style=\"text-decoration: underline;\"><span style=\"color: #0000ff; text-decoration: underline;\"><strong data-start=\"1087\" data-end=\"1151\">Perguntas frequentes sobre m\u00e1quinas t\u00eaxteis e importa\u00e7\u00f5es<\/strong>.<\/span><\/span><\/a><\/p>\t\t\t\t\t\t\t\t<\/div>\n\t\t\t\t<div class=\"elementor-element elementor-element-51eff2b elementor-widget elementor-widget-text-editor\" data-id=\"51eff2b\" data-element_type=\"widget\" data-e-type=\"widget\" data-widget_type=\"text-editor.default\">\n\t\t\t\t\t\t\t\t\t<p>Gra\u00e7as a<span style=\"text-decoration: underline;\"> <a href=\"https:\/\/silqui-tex.com.ar\/pt\/colaboradores\/\"><span style=\"color: #0000ff; text-decoration: underline;\"><strong>nossa opera\u00e7\u00e3o pr\u00f3pria e escrit\u00f3rio pr\u00f3prio na China<\/strong><\/span><\/a>,<\/span> A Silqui-Tex International gerencia projetos de importa\u00e7\u00e3o de m\u00e1quinas t\u00eaxteis desde a origem, com valida\u00e7\u00e3o t\u00e9cnica, contato direto com fabricantes e coordena\u00e7\u00e3o log\u00edstica internacional, assegurando maior controle em cada etapa do processo.<\/p>\t\t\t\t\t\t\t\t<\/div>\n\t\t\t\t<div class=\"elementor-element elementor-element-8e4995e elementor-widget elementor-widget-heading\" data-id=\"8e4995e\" data-element_type=\"widget\" data-e-type=\"widget\" data-widget_type=\"heading.default\">\n\t\t\t\t\t<h2 class=\"elementor-heading-title elementor-size-default\">importa\u00e7\u00e3o de maquin\u00e1rio t\u00eaxtil da China, \u00c1sia?<\/h2>\t\t\t\t<\/div>\n\t\t\t\t<div class=\"elementor-element elementor-element-03c44f8 elementor-widget elementor-widget-text-editor\" data-id=\"03c44f8\" data-element_type=\"widget\" data-e-type=\"widget\" data-widget_type=\"text-editor.default\">\n\t\t\t\t\t\t\t\t\t<p data-start=\"515\" data-end=\"866\">A China e outros pa\u00edses da \u00c1sia concentram uma ampla oferta de m\u00e1quinas t\u00eaxteis industriais, com diferentes n\u00edveis tecnol\u00f3gicos e faixas de investimento. Importar a partir desses mercados permite acessar equipamentos modernos, configur\u00e1veis e competitivos, adequados tanto para novas plantas quanto para amplia\u00e7\u00f5es ou moderniza\u00e7\u00f5es de linhas produtivas existentes.<\/p><p data-start=\"868\" data-end=\"1030\">A Silqui-Tex International trabalha com fabricantes selecionados, avaliando cada op\u00e7\u00e3o sob o ponto de vista t\u00e9cnico e operacional antes de apresent\u00e1-la ao cliente.<\/p>\t\t\t\t\t\t\t\t<\/div>\n\t\t\t\t<div class=\"elementor-element elementor-element-942cf6a elementor-widget elementor-widget-heading\" data-id=\"942cf6a\" data-element_type=\"widget\" data-e-type=\"widget\" data-widget_type=\"heading.default\">\n\t\t\t\t\t<h2 class=\"elementor-heading-title elementor-size-default\">Importa\u00e7\u00e3o de m\u00e1quinas t\u00eaxteis a partir da Europa<\/h2>\t\t\t\t<\/div>\n\t\t\t\t<div class=\"elementor-element elementor-element-2bdebdc elementor-widget elementor-widget-text-editor\" data-id=\"2bdebdc\" data-element_type=\"widget\" data-e-type=\"widget\" data-widget_type=\"text-editor.default\">\n\t\t\t\t\t\t\t\t\t<p data-start=\"1111\" data-end=\"1462\">A importa\u00e7\u00e3o de m\u00e1quinas t\u00eaxteis a partir da Europa \u00e9 direcionada principalmente a projetos que exigem tecnologia espec\u00edfica, marcas tradicionais ou equipamentos de alta especializa\u00e7\u00e3o. Complementamos nossa oferta asi\u00e1tica com m\u00e1quinas europeias quando o processo produtivo, a qualidade requerida ou a compatibilidade com linhas existentes assim o exigem.<\/p><p data-start=\"1464\" data-end=\"1539\">Cada proposta \u00e9 analisada de acordo com o objetivo industrial do cliente.<\/p>\t\t\t\t\t\t\t\t<\/div>\n\t\t\t\t<div class=\"elementor-element elementor-element-18be9f4 elementor-widget elementor-widget-heading\" data-id=\"18be9f4\" data-element_type=\"widget\" data-e-type=\"widget\" data-widget_type=\"heading.default\">\n\t\t\t\t\t<h2 class=\"elementor-heading-title elementor-size-default\">Que tipo de m\u00e1quinas t\u00eaxteis trabalhamos?<\/h2>\t\t\t\t<\/div>\n\t\t\t\t<div class=\"elementor-element elementor-element-c0af131 elementor-widget elementor-widget-text-editor\" data-id=\"c0af131\" data-element_type=\"widget\" data-e-type=\"widget\" data-widget_type=\"text-editor.default\">\n\t\t\t\t\t\t\t\t\t<p data-start=\"1617\" data-end=\"1875\">Importamos m\u00e1quinas industriais e t\u00eaxteis utilizadas em plantas produtivas, incluindo tanto equipamentos de processo t\u00eaxtil quanto equipamentos industriais complementares e m\u00e1quinas auxiliares: blowroom, cardas, open end, fia\u00e7\u00e3o cont\u00ednua, bobinagem, tecelagem, tinturaria, acabamento e equipamentos auxiliares.<\/p><p data-start=\"1877\" data-end=\"2013\">A sele\u00e7\u00e3o das m\u00e1quinas \u00e9 realizada de acordo com o tipo de produto a ser fabricado, a capacidade requerida e o or\u00e7amento dispon\u00edvel.<\/p>\t\t\t\t\t\t\t\t<\/div>\n\t\t\t\t<div class=\"elementor-element elementor-element-acfc0dd elementor-widget elementor-widget-heading\" data-id=\"acfc0dd\" data-element_type=\"widget\" data-e-type=\"widget\" data-widget_type=\"heading.default\">\n\t\t\t\t\t<h2 class=\"elementor-heading-title elementor-size-default\">Como \u00e9 o processo de importa\u00e7\u00e3o de m\u00e1quinas t\u00eaxteis?<\/h2>\t\t\t\t<\/div>\n\t\t\t\t<div class=\"elementor-element elementor-element-be9300f elementor-widget elementor-widget-text-editor\" data-id=\"be9300f\" data-element_type=\"widget\" data-e-type=\"widget\" data-widget_type=\"text-editor.default\">\n\t\t\t\t\t\t\t\t\t<p data-start=\"2105\" data-end=\"2385\">O processo de importa\u00e7\u00e3o de m\u00e1quinas t\u00eaxteis come\u00e7a com a an\u00e1lise t\u00e9cnica do projeto e a defini\u00e7\u00e3o dos requisitos produtivos. Em seguida, \u00e9 realizada a busca e valida\u00e7\u00e3o de fornecedores, a negocia\u00e7\u00e3o t\u00e9cnica e comercial, e a coordena\u00e7\u00e3o da log\u00edstica internacional.<\/p><p data-start=\"2387\" data-end=\"2496\">A Silqui-Tex International acompanha cada etapa do processo, desde a origem at\u00e9 a chegada do equipamento ao destino final.<\/p>\t\t\t\t\t\t\t\t<\/div>\n\t\t\t\t<div class=\"elementor-element elementor-element-2711662 elementor-widget elementor-widget-heading\" data-id=\"2711662\" data-element_type=\"widget\" data-e-type=\"widget\" data-widget_type=\"heading.default\">\n\t\t\t\t\t<h2 class=\"elementor-heading-title elementor-size-default\">Para que tipo de f\u00e1bricas t\u00eaxteis trabalhamos?<\/h2>\t\t\t\t<\/div>\n\t\t\t\t<div class=\"elementor-element elementor-element-4256a15 elementor-widget elementor-widget-text-editor\" data-id=\"4256a15\" data-element_type=\"widget\" data-e-type=\"widget\" data-widget_type=\"text-editor.default\">\n\t\t\t\t\t\t\t\t\t<p data-start=\"2579\" data-end=\"2883\">Trabalhamos com f\u00e1bricas t\u00eaxteis em todo o continente americano, tanto em projetos novos quanto em amplia\u00e7\u00f5es, moderniza\u00e7\u00e3o ou substitui\u00e7\u00e3o de m\u00e1quinas existentes. Nossos servi\u00e7os s\u00e3o direcionados a empresas industriais que buscam solu\u00e7\u00f5es t\u00e9cnicas confi\u00e1veis e adaptadas \u00e0 sua realidade produtiva.<\/p><p data-start=\"2885\" data-end=\"2933\">Cada projeto \u00e9 avaliado de forma personalizada.<\/p>\t\t\t\t\t\t\t\t<\/div>\n\t\t\t\t<div class=\"elementor-element elementor-element-8b13d05 elementor-widget elementor-widget-text-editor\" data-id=\"8b13d05\" data-element_type=\"widget\" data-e-type=\"widget\" data-widget_type=\"text-editor.default\">\n\t\t\t\t\t\t\t\t\t<p>Nossa presen\u00e7a operacional na \u00c1sia permite reduzir riscos, validar fornecedores e garantir que cada opera\u00e7\u00e3o seja adaptada aos requisitos t\u00e9cnicos reais do projeto.<\/p>\t\t\t\t\t\t\t\t<\/div>\n\t\t\t\t<div class=\"elementor-element elementor-element-10de492 elementor-widget elementor-widget-heading\" data-id=\"10de492\" data-element_type=\"widget\" data-e-type=\"widget\" data-widget_type=\"heading.default\">\n\t\t\t\t\t<h2 class=\"elementor-heading-title elementor-size-default\">Contato para projetos de importa\u00e7\u00e3o de m\u00e1quinas industriais e t\u00eaxteis<\/h2>\t\t\t\t<\/div>\n\t\t\t\t<div class=\"elementor-element elementor-element-8a2e86a elementor-widget elementor-widget-text-editor\" data-id=\"8a2e86a\" data-element_type=\"widget\" data-e-type=\"widget\" data-widget_type=\"text-editor.default\">\n\t\t\t\t\t\t\t\t\t<p data-start=\"3028\" data-end=\"3294\">A Silqui-Tex International oferece assessoria direta para projetos de importa\u00e7\u00e3o de m\u00e1quinas t\u00eaxteis industriais. Para consultas t\u00e9cnicas ou comerciais, voc\u00ea pode entrar em contato diretamente conosco, e um de nossos representantes avaliar\u00e1 seu projeto de forma personalizada.<\/p>\t\t\t\t\t\t\t\t<\/div>\n\t\t\t\t<div class=\"elementor-element elementor-element-2eba26a elementor-align-center elementor-widget elementor-widget-button\" data-id=\"2eba26a\" data-element_type=\"widget\" data-e-type=\"widget\" data-widget_type=\"button.default\">\n\t\t\t\t\t\t\t\t\t\t<a class=\"elementor-button elementor-button-link elementor-size-sm\" href=\"https:\/\/wa.me\/61488411177?text=Hola%20Silqui-Tex%20International,%20me%20contacto%20desde%20el%20sector%20%22Comercio%20Exterior%22%20de%20la%20p\u00e1gina%20web%20y%20quisiera%20recibir%20informaci\u00f3n%20sobre%20servicios%20de%20importaci\u00f3n,%20exportaci\u00f3n%20y%20gesti\u00f3n%20internacional.\">\n\t\t\t\t\t\t<span class=\"elementor-button-content-wrapper\">\n\t\t\t\t\t\t\t\t\t<span class=\"elementor-button-text\">Contacto Whatsapp oficina exterior<\/span>\n\t\t\t\t\t<\/span>\n\t\t\t\t\t<\/a>\n\t\t\t\t\t\t\t\t<\/div>\n\t\t\t\t\t<\/div>\n\t\t\t\t<\/div>\n\t\t\t\t<\/div>","protected":false},"excerpt":{"rendered":"<p>Importaci\u00f3n y exportaci\u00f3n de maquinaria industrial y textil. Silqui-Tex International brinda servicios especializados de importaci\u00f3n y exportaci\u00f3n de maquinaria industrial y textil para f\u00e1bricas y plantas productivas. Gestionamos proyectos de equipos nuevos y usados desde China, Asia y Europa, trabajando con evaluaci\u00f3n t\u00e9cnica en origen, coordinaci\u00f3n log\u00edstica internacional y acompa\u00f1amiento integral hasta la puesta en [&hellip;]<\/p>\n","protected":false},"author":1,"featured_media":3944,"parent":0,"menu_order":0,"comment_status":"closed","ping_status":"closed","template":"elementor_header_footer","meta":{"footnotes":""},"class_list":["post-3932","page","type-page","status-publish","has-post-thumbnail","hentry"],"yoast_head":"<!-- This site is optimized with the Yoast SEO plugin v27.3 - https:\/\/yoast.com\/product\/yoast-seo-wordpress\/ -->\n<title>Importaci\u00f3n de Maquinaria Textil desde China, Asia y Europa<\/title>\n<meta name=\"description\" content=\"Servicio de importaci\u00f3n de maquinaria textil desde China, Asia y Europa. Asesoramiento t\u00e9cnico, proveedores confiables y gesti\u00f3n integral.\" \/>\n<meta name=\"robots\" content=\"index, follow, max-snippet:-1, max-image-preview:large, max-video-preview:-1\" \/>\n<link rel=\"canonical\" href=\"https:\/\/silqui-tex.com.ar\/pt\/importacion-maquinaria-textil\/\" \/>\n<meta property=\"og:locale\" content=\"pt_BR\" \/>\n<meta property=\"og:type\" content=\"article\" \/>\n<meta property=\"og:title\" content=\"Importaci\u00f3n de Maquinaria Textil desde China, Asia y Europa\" \/>\n<meta property=\"og:description\" content=\"Servicio de importaci\u00f3n de maquinaria textil desde China, Asia y Europa. Asesoramiento t\u00e9cnico, proveedores confiables y gesti\u00f3n integral.\" \/>\n<meta property=\"og:url\" content=\"https:\/\/silqui-tex.com.ar\/pt\/importacion-maquinaria-textil\/\" \/>\n<meta property=\"og:site_name\" content=\"Silqui-Tex\" \/>\n<meta property=\"article:modified_time\" content=\"2026-02-16T02:48:28+00:00\" \/>\n<meta property=\"og:image\" content=\"https:\/\/silqui-tex.com.ar\/wp-content\/uploads\/2026\/01\/importacion-maquinaria-textil-silqui-tex-1024x683.png\" \/>\n\t<meta property=\"og:image:width\" content=\"1024\" \/>\n\t<meta property=\"og:image:height\" content=\"683\" \/>\n\t<meta property=\"og:image:type\" content=\"image\/png\" \/>\n<meta name=\"twitter:card\" content=\"summary_large_image\" \/>\n<meta name=\"twitter:label1\" content=\"Est. tempo de leitura\" \/>\n\t<meta name=\"twitter:data1\" content=\"3 minutos\" \/>\n<script type=\"application\/ld+json\" class=\"yoast-schema-graph\">{\"@context\":\"https:\\\/\\\/schema.org\",\"@graph\":[{\"@type\":\"WebPage\",\"@id\":\"https:\\\/\\\/silqui-tex.com.ar\\\/importacion-maquinaria-textil\\\/\",\"url\":\"https:\\\/\\\/silqui-tex.com.ar\\\/importacion-maquinaria-textil\\\/\",\"name\":\"Importaci\u00f3n de Maquinaria Textil desde China, Asia y Europa\",\"isPartOf\":{\"@id\":\"https:\\\/\\\/silqui-tex.com.ar\\\/#website\"},\"primaryImageOfPage\":{\"@id\":\"https:\\\/\\\/silqui-tex.com.ar\\\/importacion-maquinaria-textil\\\/#primaryimage\"},\"image\":{\"@id\":\"https:\\\/\\\/silqui-tex.com.ar\\\/importacion-maquinaria-textil\\\/#primaryimage\"},\"thumbnailUrl\":\"https:\\\/\\\/silqui-tex.com.ar\\\/wp-content\\\/uploads\\\/2026\\\/01\\\/importacion-maquinaria-textil-silqui-tex.png\",\"datePublished\":\"2026-01-02T07:02:36+00:00\",\"dateModified\":\"2026-02-16T02:48:28+00:00\",\"description\":\"Servicio de importaci\u00f3n de maquinaria textil desde China, Asia y Europa. Asesoramiento t\u00e9cnico, proveedores confiables y gesti\u00f3n integral.\",\"breadcrumb\":{\"@id\":\"https:\\\/\\\/silqui-tex.com.ar\\\/importacion-maquinaria-textil\\\/#breadcrumb\"},\"inLanguage\":\"pt-BR\",\"potentialAction\":[{\"@type\":\"ReadAction\",\"target\":[\"https:\\\/\\\/silqui-tex.com.ar\\\/importacion-maquinaria-textil\\\/\"]}]},{\"@type\":\"ImageObject\",\"inLanguage\":\"pt-BR\",\"@id\":\"https:\\\/\\\/silqui-tex.com.ar\\\/importacion-maquinaria-textil\\\/#primaryimage\",\"url\":\"https:\\\/\\\/silqui-tex.com.ar\\\/wp-content\\\/uploads\\\/2026\\\/01\\\/importacion-maquinaria-textil-silqui-tex.png\",\"contentUrl\":\"https:\\\/\\\/silqui-tex.com.ar\\\/wp-content\\\/uploads\\\/2026\\\/01\\\/importacion-maquinaria-textil-silqui-tex.png\",\"width\":1536,\"height\":1024},{\"@type\":\"BreadcrumbList\",\"@id\":\"https:\\\/\\\/silqui-tex.com.ar\\\/importacion-maquinaria-textil\\\/#breadcrumb\",\"itemListElement\":[{\"@type\":\"ListItem\",\"position\":1,\"name\":\"Portada\",\"item\":\"https:\\\/\\\/silqui-tex.com.ar\\\/\"},{\"@type\":\"ListItem\",\"position\":2,\"name\":\"Importaci\u00f3n de maquinaria textil desde China, Asia y Europa\"}]},{\"@type\":\"WebSite\",\"@id\":\"https:\\\/\\\/silqui-tex.com.ar\\\/#website\",\"url\":\"https:\\\/\\\/silqui-tex.com.ar\\\/\",\"name\":\"Silqui-Tex\",\"description\":\"Silqui-Tex se especializa en la venta de maquinaria textil y soluciones innovadoras para la industria, con m\u00e1s de 40 a\u00f1os de experiencia en Am\u00e9rica Latina, ofreciendo tecnolog\u00eda de calidad, servicios personalizados y un enfoque en el desarrollo sostenible.\",\"potentialAction\":[{\"@type\":\"SearchAction\",\"target\":{\"@type\":\"EntryPoint\",\"urlTemplate\":\"https:\\\/\\\/silqui-tex.com.ar\\\/?s={search_term_string}\"},\"query-input\":{\"@type\":\"PropertyValueSpecification\",\"valueRequired\":true,\"valueName\":\"search_term_string\"}}],\"inLanguage\":\"pt-BR\"}]}<\/script>\n<!-- \/ Yoast SEO plugin. -->","yoast_head_json":{"title":"Importaci\u00f3n de Maquinaria Textil desde China, Asia y Europa","description":"Servicio de importaci\u00f3n de maquinaria textil desde China, Asia y Europa. Asesoramiento t\u00e9cnico, proveedores confiables y gesti\u00f3n integral.","robots":{"index":"index","follow":"follow","max-snippet":"max-snippet:-1","max-image-preview":"max-image-preview:large","max-video-preview":"max-video-preview:-1"},"canonical":"https:\/\/silqui-tex.com.ar\/pt\/importacion-maquinaria-textil\/","og_locale":"pt_BR","og_type":"article","og_title":"Importaci\u00f3n de Maquinaria Textil desde China, Asia y Europa","og_description":"Servicio de importaci\u00f3n de maquinaria textil desde China, Asia y Europa. Asesoramiento t\u00e9cnico, proveedores confiables y gesti\u00f3n integral.","og_url":"https:\/\/silqui-tex.com.ar\/pt\/importacion-maquinaria-textil\/","og_site_name":"Silqui-Tex","article_modified_time":"2026-02-16T02:48:28+00:00","og_image":[{"width":1024,"height":683,"url":"https:\/\/silqui-tex.com.ar\/wp-content\/uploads\/2026\/01\/importacion-maquinaria-textil-silqui-tex-1024x683.png","type":"image\/png"}],"twitter_card":"summary_large_image","twitter_misc":{"Est. tempo de leitura":"3 minutos"},"schema":{"@context":"https:\/\/schema.org","@graph":[{"@type":"WebPage","@id":"https:\/\/silqui-tex.com.ar\/importacion-maquinaria-textil\/","url":"https:\/\/silqui-tex.com.ar\/importacion-maquinaria-textil\/","name":"Importaci\u00f3n de Maquinaria Textil desde China, Asia y Europa","isPartOf":{"@id":"https:\/\/silqui-tex.com.ar\/#website"},"primaryImageOfPage":{"@id":"https:\/\/silqui-tex.com.ar\/importacion-maquinaria-textil\/#primaryimage"},"image":{"@id":"https:\/\/silqui-tex.com.ar\/importacion-maquinaria-textil\/#primaryimage"},"thumbnailUrl":"https:\/\/silqui-tex.com.ar\/wp-content\/uploads\/2026\/01\/importacion-maquinaria-textil-silqui-tex.png","datePublished":"2026-01-02T07:02:36+00:00","dateModified":"2026-02-16T02:48:28+00:00","description":"Servicio de importaci\u00f3n de maquinaria textil desde China, Asia y Europa. Asesoramiento t\u00e9cnico, proveedores confiables y gesti\u00f3n integral.","breadcrumb":{"@id":"https:\/\/silqui-tex.com.ar\/importacion-maquinaria-textil\/#breadcrumb"},"inLanguage":"pt-BR","potentialAction":[{"@type":"ReadAction","target":["https:\/\/silqui-tex.com.ar\/importacion-maquinaria-textil\/"]}]},{"@type":"ImageObject","inLanguage":"pt-BR","@id":"https:\/\/silqui-tex.com.ar\/importacion-maquinaria-textil\/#primaryimage","url":"https:\/\/silqui-tex.com.ar\/wp-content\/uploads\/2026\/01\/importacion-maquinaria-textil-silqui-tex.png","contentUrl":"https:\/\/silqui-tex.com.ar\/wp-content\/uploads\/2026\/01\/importacion-maquinaria-textil-silqui-tex.png","width":1536,"height":1024},{"@type":"BreadcrumbList","@id":"https:\/\/silqui-tex.com.ar\/importacion-maquinaria-textil\/#breadcrumb","itemListElement":[{"@type":"ListItem","position":1,"name":"Portada","item":"https:\/\/silqui-tex.com.ar\/"},{"@type":"ListItem","position":2,"name":"Importaci\u00f3n de maquinaria textil desde China, Asia y Europa"}]},{"@type":"WebSite","@id":"https:\/\/silqui-tex.com.ar\/#website","url":"https:\/\/silqui-tex.com.ar\/","name":"Silqui-Tex","description":"Silqui-Tex se especializa en la venta de maquinaria textil y soluciones innovadoras para la industria, con m\u00e1s de 40 a\u00f1os de experiencia en Am\u00e9rica Latina, ofreciendo tecnolog\u00eda de calidad, servicios personalizados y un enfoque en el desarrollo sostenible.","potentialAction":[{"@type":"SearchAction","target":{"@type":"EntryPoint","urlTemplate":"https:\/\/silqui-tex.com.ar\/?s={search_term_string}"},"query-input":{"@type":"PropertyValueSpecification","valueRequired":true,"valueName":"search_term_string"}}],"inLanguage":"pt-BR"}]}},"_links":{"self":[{"href":"https:\/\/silqui-tex.com.ar\/pt\/wp-json\/wp\/v2\/pages\/3932","targetHints":{"allow":["GET"]}}],"collection":[{"href":"https:\/\/silqui-tex.com.ar\/pt\/wp-json\/wp\/v2\/pages"}],"about":[{"href":"https:\/\/silqui-tex.com.ar\/pt\/wp-json\/wp\/v2\/types\/page"}],"author":[{"embeddable":true,"href":"https:\/\/silqui-tex.com.ar\/pt\/wp-json\/wp\/v2\/users\/1"}],"replies":[{"embeddable":true,"href":"https:\/\/silqui-tex.com.ar\/pt\/wp-json\/wp\/v2\/comments?post=3932"}],"version-history":[{"count":34,"href":"https:\/\/silqui-tex.com.ar\/pt\/wp-json\/wp\/v2\/pages\/3932\/revisions"}],"predecessor-version":[{"id":4506,"href":"https:\/\/silqui-tex.com.ar\/pt\/wp-json\/wp\/v2\/pages\/3932\/revisions\/4506"}],"wp:featuredmedia":[{"embeddable":true,"href":"https:\/\/silqui-tex.com.ar\/pt\/wp-json\/wp\/v2\/media\/3944"}],"wp:attachment":[{"href":"https:\/\/silqui-tex.com.ar\/pt\/wp-json\/wp\/v2\/media?parent=3932"}],"curies":[{"name":"wp","href":"https:\/\/api.w.org\/{rel}","templated":true}]}}