{"id":4108,"date":"2026-01-05T00:10:11","date_gmt":"2026-01-05T00:10:11","guid":{"rendered":"https:\/\/silqui-tex.com.ar\/?page_id=4108"},"modified":"2026-01-05T02:46:38","modified_gmt":"2026-01-05T02:46:38","slug":"preguntas-frecuentes","status":"publish","type":"page","link":"https:\/\/silqui-tex.com.ar\/pt\/preguntas-frecuentes\/","title":{"rendered":"Perguntas frequentes"},"content":{"rendered":"<div data-elementor-type=\"wp-page\" data-elementor-id=\"4108\" class=\"elementor elementor-4108\" data-elementor-post-type=\"page\">\n\t\t\t\t<div class=\"elementor-element elementor-element-c468172 e-flex e-con-boxed e-con e-parent\" data-id=\"c468172\" data-element_type=\"container\" data-e-type=\"container\">\n\t\t\t\t\t<div class=\"e-con-inner\">\n\t\t\t\t<div class=\"elementor-element elementor-element-a5cdc86 elementor-widget elementor-widget-text-editor\" data-id=\"a5cdc86\" data-element_type=\"widget\" data-e-type=\"widget\" data-widget_type=\"text-editor.default\">\n\t\t\t\t\t\t\t\t\t<p style=\"text-align: center;\">Nesta se\u00e7\u00e3o respondemos \u00e0s consultas mais frequentes sobre importa\u00e7\u00e3o de m\u00e1quinas t\u00eaxteis, opera\u00e7\u00e3o na China, pe\u00e7as industriais de reposi\u00e7\u00e3o e projetos internacionais gerenciados pela Silqui-Tex International.<\/p>\t\t\t\t\t\t\t\t<\/div>\n\t\t\t\t<div class=\"elementor-element elementor-element-db8c307 elementor-widget elementor-widget-eael-adv-accordion\" data-id=\"db8c307\" data-element_type=\"widget\" data-e-type=\"widget\" data-widget_type=\"eael-adv-accordion.default\">\n\t\t\t\t\t            <div class=\"eael-adv-accordion\" id=\"eael-adv-accordion-db8c307\" data-scroll-on-click=\"no\" data-scroll-speed=\"300\" data-accordion-id=\"db8c307\" data-accordion-type=\"accordion\" data-toogle-speed=\"300\">\n            <div class=\"eael-accordion-list\">\n\t\t\t\t\t<div id=\"silqui-tex-international-cuenta-con-operacin-propia-en-china\" class=\"elementor-tab-title eael-accordion-header\" tabindex=\"0\" data-tab=\"1\" aria-controls=\"elementor-tab-content-2301\"><span class=\"eael-advanced-accordion-icon-closed\"><svg aria-hidden=\"true\" class=\"fa-accordion-icon e-font-icon-svg e-fas-plus\" viewbox=\"0 0 448 512\" xmlns=\"http:\/\/www.w3.org\/2000\/svg\"><path d=\"M416 208H272V64c0-17.67-14.33-32-32-32h-32c-17.67 0-32 14.33-32 32v144H32c-17.67 0-32 14.33-32 32v32c0 17.67 14.33 32 32 32h144v144c0 17.67 14.33 32 32 32h32c17.67 0 32-14.33 32-32V304h144c17.67 0 32-14.33 32-32v-32c0-17.67-14.33-32-32-32z\"><\/path><\/svg><\/span><span class=\"eael-advanced-accordion-icon-opened\"><svg aria-hidden=\"true\" class=\"fa-accordion-icon e-font-icon-svg e-fas-minus\" viewbox=\"0 0 448 512\" xmlns=\"http:\/\/www.w3.org\/2000\/svg\"><path d=\"M416 208H32c-17.67 0-32 14.33-32 32v32c0 17.67 14.33 32 32 32h384c17.67 0 32-14.33 32-32v-32c0-17.67-14.33-32-32-32z\"><\/path><\/svg><\/span><h3 class=\"eael-accordion-tab-title\">A Silqui-Tex International possui opera\u00e7\u00e3o pr\u00f3pria na China?<\/h3><svg aria-hidden=\"true\" class=\"fa-toggle e-font-icon-svg e-fas-angle-right\" viewbox=\"0 0 256 512\" xmlns=\"http:\/\/www.w3.org\/2000\/svg\"><path d=\"M224.3 273l-136 136c-9.4 9.4-24.6 9.4-33.9 0l-22.6-22.6c-9.4-9.4-9.4-24.6 0-33.9l96.4-96.4-96.4-96.4c-9.4-9.4-9.4-24.6 0-33.9L54.3 103c9.4-9.4 24.6-9.4 33.9 0l136 136c9.5 9.4 9.5 24.6.1 34z\"><\/path><\/svg><\/div><div id=\"elementor-tab-content-2301\" class=\"eael-accordion-content clearfix\" data-tab=\"1\" aria-labelledby=\"silqui-tex-international-cuenta-con-operacin-propia-en-china\"><p>Sim. A Silqui-Tex International possui opera\u00e7\u00e3o pr\u00f3pria na China, a partir de onde gerencia diretamente projetos industriais e t\u00eaxteis. Essa presen\u00e7a permite coordenar fabricantes, validar tecnicamente os equipamentos na origem, supervisionar a produ\u00e7\u00e3o e organizar a log\u00edstica internacional com maior controle e previsibilidade.<\/p><\/div>\n\t\t\t\t\t<\/div><div class=\"eael-accordion-list\">\n\t\t\t\t\t<div id=\"qu-tipo-de-maquinaria-textil-puede-importar-silqui-tex-international\" class=\"elementor-tab-title eael-accordion-header\" tabindex=\"0\" data-tab=\"2\" aria-controls=\"elementor-tab-content-2302\"><span class=\"eael-advanced-accordion-icon-closed\"><svg aria-hidden=\"true\" class=\"fa-accordion-icon e-font-icon-svg e-fas-plus\" viewbox=\"0 0 448 512\" xmlns=\"http:\/\/www.w3.org\/2000\/svg\"><path d=\"M416 208H272V64c0-17.67-14.33-32-32-32h-32c-17.67 0-32 14.33-32 32v144H32c-17.67 0-32 14.33-32 32v32c0 17.67 14.33 32 32 32h144v144c0 17.67 14.33 32 32 32h32c17.67 0 32-14.33 32-32V304h144c17.67 0 32-14.33 32-32v-32c0-17.67-14.33-32-32-32z\"><\/path><\/svg><\/span><span class=\"eael-advanced-accordion-icon-opened\"><svg aria-hidden=\"true\" class=\"fa-accordion-icon e-font-icon-svg e-fas-minus\" viewbox=\"0 0 448 512\" xmlns=\"http:\/\/www.w3.org\/2000\/svg\"><path d=\"M416 208H32c-17.67 0-32 14.33-32 32v32c0 17.67 14.33 32 32 32h384c17.67 0 32-14.33 32-32v-32c0-17.67-14.33-32-32-32z\"><\/path><\/svg><\/span><h3 class=\"eael-accordion-tab-title\">Que tipo de maquin\u00e1rio t\u00eaxtil a Silqui-Tex International fornece?<\/h3><svg aria-hidden=\"true\" class=\"fa-toggle e-font-icon-svg e-fas-angle-right\" viewbox=\"0 0 256 512\" xmlns=\"http:\/\/www.w3.org\/2000\/svg\"><path d=\"M224.3 273l-136 136c-9.4 9.4-24.6 9.4-33.9 0l-22.6-22.6c-9.4-9.4-9.4-24.6 0-33.9l96.4-96.4-96.4-96.4c-9.4-9.4-9.4-24.6 0-33.9L54.3 103c9.4-9.4 24.6-9.4 33.9 0l136 136c9.5 9.4 9.5 24.6.1 34z\"><\/path><\/svg><\/div><div id=\"elementor-tab-content-2302\" class=\"eael-accordion-content clearfix\" data-tab=\"2\" aria-labelledby=\"qu-tipo-de-maquinaria-textil-puede-importar-silqui-tex-international\"><p>A Silqui-Tex International gerencia a importa\u00e7\u00e3o de m\u00e1quinas t\u00eaxteis novas e usadas para fia\u00e7\u00e3o, tecelagem, tinturaria, acabamento e processos especiais, adaptando cada projeto \u00e0s necessidades t\u00e9cnicas e or\u00e7ament\u00e1rias de cada f\u00e1brica.<\/p><\/div>\n\t\t\t\t\t<\/div><div class=\"eael-accordion-list\">\n\t\t\t\t\t<div id=\"desde-qu-pases-se-importa-maquinaria-textil\" class=\"elementor-tab-title eael-accordion-header\" tabindex=\"0\" data-tab=\"3\" aria-controls=\"elementor-tab-content-2303\"><span class=\"eael-advanced-accordion-icon-closed\"><svg aria-hidden=\"true\" class=\"fa-accordion-icon e-font-icon-svg e-fas-plus\" viewbox=\"0 0 448 512\" xmlns=\"http:\/\/www.w3.org\/2000\/svg\"><path d=\"M416 208H272V64c0-17.67-14.33-32-32-32h-32c-17.67 0-32 14.33-32 32v144H32c-17.67 0-32 14.33-32 32v32c0 17.67 14.33 32 32 32h144v144c0 17.67 14.33 32 32 32h32c17.67 0 32-14.33 32-32V304h144c17.67 0 32-14.33 32-32v-32c0-17.67-14.33-32-32-32z\"><\/path><\/svg><\/span><span class=\"eael-advanced-accordion-icon-opened\"><svg aria-hidden=\"true\" class=\"fa-accordion-icon e-font-icon-svg e-fas-minus\" viewbox=\"0 0 448 512\" xmlns=\"http:\/\/www.w3.org\/2000\/svg\"><path d=\"M416 208H32c-17.67 0-32 14.33-32 32v32c0 17.67 14.33 32 32 32h384c17.67 0 32-14.33 32-32v-32c0-17.67-14.33-32-32-32z\"><\/path><\/svg><\/span><h3 class=\"eael-accordion-tab-title\">De quais pa\u00edses importamos maquin\u00e1rio t\u00eaxtil?<\/h3><svg aria-hidden=\"true\" class=\"fa-toggle e-font-icon-svg e-fas-angle-right\" viewbox=\"0 0 256 512\" xmlns=\"http:\/\/www.w3.org\/2000\/svg\"><path d=\"M224.3 273l-136 136c-9.4 9.4-24.6 9.4-33.9 0l-22.6-22.6c-9.4-9.4-9.4-24.6 0-33.9l96.4-96.4-96.4-96.4c-9.4-9.4-9.4-24.6 0-33.9L54.3 103c9.4-9.4 24.6-9.4 33.9 0l136 136c9.5 9.4 9.5 24.6.1 34z\"><\/path><\/svg><\/div><div id=\"elementor-tab-content-2303\" class=\"eael-accordion-content clearfix\" data-tab=\"3\" aria-labelledby=\"desde-qu-pases-se-importa-maquinaria-textil\"><p>Os projetos de importa\u00e7\u00e3o s\u00e3o gerenciados principalmente a partir da China, de outros pa\u00edses da \u00c1sia e da Europa, selecionando fabricantes confi\u00e1veis e tecnologias adequadas de acordo com o tipo de produ\u00e7\u00e3o requerido.<\/p><\/div>\n\t\t\t\t\t<\/div><div class=\"eael-accordion-list\">\n\t\t\t\t\t<div id=\"silqui-tex-international-acompaa-el-proyecto-hasta-la-puesta-en-marcha\" class=\"elementor-tab-title eael-accordion-header\" tabindex=\"0\" data-tab=\"4\" aria-controls=\"elementor-tab-content-2304\"><span class=\"eael-advanced-accordion-icon-closed\"><svg aria-hidden=\"true\" class=\"fa-accordion-icon e-font-icon-svg e-fas-plus\" viewbox=\"0 0 448 512\" xmlns=\"http:\/\/www.w3.org\/2000\/svg\"><path d=\"M416 208H272V64c0-17.67-14.33-32-32-32h-32c-17.67 0-32 14.33-32 32v144H32c-17.67 0-32 14.33-32 32v32c0 17.67 14.33 32 32 32h144v144c0 17.67 14.33 32 32 32h32c17.67 0 32-14.33 32-32V304h144c17.67 0 32-14.33 32-32v-32c0-17.67-14.33-32-32-32z\"><\/path><\/svg><\/span><span class=\"eael-advanced-accordion-icon-opened\"><svg aria-hidden=\"true\" class=\"fa-accordion-icon e-font-icon-svg e-fas-minus\" viewbox=\"0 0 448 512\" xmlns=\"http:\/\/www.w3.org\/2000\/svg\"><path d=\"M416 208H32c-17.67 0-32 14.33-32 32v32c0 17.67 14.33 32 32 32h384c17.67 0 32-14.33 32-32v-32c0-17.67-14.33-32-32-32z\"><\/path><\/svg><\/span><h3 class=\"eael-accordion-tab-title\">A Silqui-Tex International acompanha o projeto at\u00e9 a entrada em opera\u00e7\u00e3o?<\/h3><svg aria-hidden=\"true\" class=\"fa-toggle e-font-icon-svg e-fas-angle-right\" viewbox=\"0 0 256 512\" xmlns=\"http:\/\/www.w3.org\/2000\/svg\"><path d=\"M224.3 273l-136 136c-9.4 9.4-24.6 9.4-33.9 0l-22.6-22.6c-9.4-9.4-9.4-24.6 0-33.9l96.4-96.4-96.4-96.4c-9.4-9.4-9.4-24.6 0-33.9L54.3 103c9.4-9.4 24.6-9.4 33.9 0l136 136c9.5 9.4 9.5 24.6.1 34z\"><\/path><\/svg><\/div><div id=\"elementor-tab-content-2304\" class=\"eael-accordion-content clearfix\" data-tab=\"4\" aria-labelledby=\"silqui-tex-international-acompaa-el-proyecto-hasta-la-puesta-en-marcha\"><p>Sim. A Silqui-Tex International acompanha cada projeto de forma integral, desde a sele\u00e7\u00e3o dos equipamentos e a valida\u00e7\u00e3o t\u00e9cnica na origem at\u00e9 a log\u00edstica internacional e o suporte durante a entrada em opera\u00e7\u00e3o.<\/p><\/div>\n\t\t\t\t\t<\/div><div class=\"eael-accordion-list\">\n\t\t\t\t\t<div id=\"se-puede-importar-maquinaria-usada-adems-de-maquinaria-nueva\" class=\"elementor-tab-title eael-accordion-header\" tabindex=\"0\" data-tab=\"5\" aria-controls=\"elementor-tab-content-2305\"><span class=\"eael-advanced-accordion-icon-closed\"><svg aria-hidden=\"true\" class=\"fa-accordion-icon e-font-icon-svg e-fas-plus\" viewbox=\"0 0 448 512\" xmlns=\"http:\/\/www.w3.org\/2000\/svg\"><path d=\"M416 208H272V64c0-17.67-14.33-32-32-32h-32c-17.67 0-32 14.33-32 32v144H32c-17.67 0-32 14.33-32 32v32c0 17.67 14.33 32 32 32h144v144c0 17.67 14.33 32 32 32h32c17.67 0 32-14.33 32-32V304h144c17.67 0 32-14.33 32-32v-32c0-17.67-14.33-32-32-32z\"><\/path><\/svg><\/span><span class=\"eael-advanced-accordion-icon-opened\"><svg aria-hidden=\"true\" class=\"fa-accordion-icon e-font-icon-svg e-fas-minus\" viewbox=\"0 0 448 512\" xmlns=\"http:\/\/www.w3.org\/2000\/svg\"><path d=\"M416 208H32c-17.67 0-32 14.33-32 32v32c0 17.67 14.33 32 32 32h384c17.67 0 32-14.33 32-32v-32c0-17.67-14.33-32-32-32z\"><\/path><\/svg><\/span><h3 class=\"eael-accordion-tab-title\">\u00c9 poss\u00edvel importar m\u00e1quinas usadas al\u00e9m de m\u00e1quinas novas?<\/h3><svg aria-hidden=\"true\" class=\"fa-toggle e-font-icon-svg e-fas-angle-right\" viewbox=\"0 0 256 512\" xmlns=\"http:\/\/www.w3.org\/2000\/svg\"><path d=\"M224.3 273l-136 136c-9.4 9.4-24.6 9.4-33.9 0l-22.6-22.6c-9.4-9.4-9.4-24.6 0-33.9l96.4-96.4-96.4-96.4c-9.4-9.4-9.4-24.6 0-33.9L54.3 103c9.4-9.4 24.6-9.4 33.9 0l136 136c9.5 9.4 9.5 24.6.1 34z\"><\/path><\/svg><\/div><div id=\"elementor-tab-content-2305\" class=\"eael-accordion-content clearfix\" data-tab=\"5\" aria-labelledby=\"se-puede-importar-maquinaria-usada-adems-de-maquinaria-nueva\"><p>Sim. A Silqui-Tex International trabalha tanto com m\u00e1quinas t\u00eaxteis novas quanto usadas. No caso de equipamentos usados, \u00e9 realizada uma avalia\u00e7\u00e3o t\u00e9cnica pr\u00e9via para verificar seu estado, origem, hist\u00f3rico e viabilidade produtiva antes de avan\u00e7ar com a opera\u00e7\u00e3o.<\/p><\/div>\n\t\t\t\t\t<\/div><div class=\"eael-accordion-list\">\n\t\t\t\t\t<div id=\"silqui-tex-international-gestiona-repuestos-industriales\" class=\"elementor-tab-title eael-accordion-header\" tabindex=\"0\" data-tab=\"6\" aria-controls=\"elementor-tab-content-2306\"><span class=\"eael-advanced-accordion-icon-closed\"><svg aria-hidden=\"true\" class=\"fa-accordion-icon e-font-icon-svg e-fas-plus\" viewbox=\"0 0 448 512\" xmlns=\"http:\/\/www.w3.org\/2000\/svg\"><path d=\"M416 208H272V64c0-17.67-14.33-32-32-32h-32c-17.67 0-32 14.33-32 32v144H32c-17.67 0-32 14.33-32 32v32c0 17.67 14.33 32 32 32h144v144c0 17.67 14.33 32 32 32h32c17.67 0 32-14.33 32-32V304h144c17.67 0 32-14.33 32-32v-32c0-17.67-14.33-32-32-32z\"><\/path><\/svg><\/span><span class=\"eael-advanced-accordion-icon-opened\"><svg aria-hidden=\"true\" class=\"fa-accordion-icon e-font-icon-svg e-fas-minus\" viewbox=\"0 0 448 512\" xmlns=\"http:\/\/www.w3.org\/2000\/svg\"><path d=\"M416 208H32c-17.67 0-32 14.33-32 32v32c0 17.67 14.33 32 32 32h384c17.67 0 32-14.33 32-32v-32c0-17.67-14.33-32-32-32z\"><\/path><\/svg><\/span><h3 class=\"eael-accordion-tab-title\">A Silqui-Tex International gerencia pe\u00e7as industriais de reposi\u00e7\u00e3o?<\/h3><svg aria-hidden=\"true\" class=\"fa-toggle e-font-icon-svg e-fas-angle-right\" viewbox=\"0 0 256 512\" xmlns=\"http:\/\/www.w3.org\/2000\/svg\"><path d=\"M224.3 273l-136 136c-9.4 9.4-24.6 9.4-33.9 0l-22.6-22.6c-9.4-9.4-9.4-24.6 0-33.9l96.4-96.4-96.4-96.4c-9.4-9.4-9.4-24.6 0-33.9L54.3 103c9.4-9.4 24.6-9.4 33.9 0l136 136c9.5 9.4 9.5 24.6.1 34z\"><\/path><\/svg><\/div><div id=\"elementor-tab-content-2306\" class=\"eael-accordion-content clearfix\" data-tab=\"6\" aria-labelledby=\"silqui-tex-international-gestiona-repuestos-industriales\"><p>Sim. Al\u00e9m de m\u00e1quinas, a Silqui-Tex International gerencia o fornecimento de pe\u00e7as industriais de reposi\u00e7\u00e3o para a ind\u00fastria t\u00eaxtil e outros setores. A presen\u00e7a operacional na China permite o acesso a pe\u00e7as originais e alternativas, otimizando prazos de entrega e custos.<\/p><\/div>\n\t\t\t\t\t<\/div><div class=\"eael-accordion-list\">\n\t\t\t\t\t<div id=\"cmo-puedo-solicitar-una-cotizacin-o-asesoramiento-tcnico\" class=\"elementor-tab-title eael-accordion-header\" tabindex=\"0\" data-tab=\"7\" aria-controls=\"elementor-tab-content-2307\"><span class=\"eael-advanced-accordion-icon-closed\"><svg aria-hidden=\"true\" class=\"fa-accordion-icon e-font-icon-svg e-fas-plus\" viewbox=\"0 0 448 512\" xmlns=\"http:\/\/www.w3.org\/2000\/svg\"><path d=\"M416 208H272V64c0-17.67-14.33-32-32-32h-32c-17.67 0-32 14.33-32 32v144H32c-17.67 0-32 14.33-32 32v32c0 17.67 14.33 32 32 32h144v144c0 17.67 14.33 32 32 32h32c17.67 0 32-14.33 32-32V304h144c17.67 0 32-14.33 32-32v-32c0-17.67-14.33-32-32-32z\"><\/path><\/svg><\/span><span class=\"eael-advanced-accordion-icon-opened\"><svg aria-hidden=\"true\" class=\"fa-accordion-icon e-font-icon-svg e-fas-minus\" viewbox=\"0 0 448 512\" xmlns=\"http:\/\/www.w3.org\/2000\/svg\"><path d=\"M416 208H32c-17.67 0-32 14.33-32 32v32c0 17.67 14.33 32 32 32h384c17.67 0 32-14.33 32-32v-32c0-17.67-14.33-32-32-32z\"><\/path><\/svg><\/span><h3 class=\"eael-accordion-tab-title\">Como posso solicitar uma cota\u00e7\u00e3o ou assessoria t\u00e9cnica?<\/h3><svg aria-hidden=\"true\" class=\"fa-toggle e-font-icon-svg e-fas-angle-right\" viewbox=\"0 0 256 512\" xmlns=\"http:\/\/www.w3.org\/2000\/svg\"><path d=\"M224.3 273l-136 136c-9.4 9.4-24.6 9.4-33.9 0l-22.6-22.6c-9.4-9.4-9.4-24.6 0-33.9l96.4-96.4-96.4-96.4c-9.4-9.4-9.4-24.6 0-33.9L54.3 103c9.4-9.4 24.6-9.4 33.9 0l136 136c9.5 9.4 9.5 24.6.1 34z\"><\/path><\/svg><\/div><div id=\"elementor-tab-content-2307\" class=\"eael-accordion-content clearfix\" data-tab=\"7\" aria-labelledby=\"cmo-puedo-solicitar-una-cotizacin-o-asesoramiento-tcnico\"><p>Para solicitar uma cota\u00e7\u00e3o ou assessoria t\u00e9cnica, voc\u00ea pode entrar em contato diretamente com a Silqui-Tex International por meio do formul\u00e1rio de contato, e-mail ou WhatsApp. Um consultor avaliar\u00e1 seu projeto e oferecer\u00e1 orienta\u00e7\u00e3o de forma personalizada.<\/p><\/div>\n\t\t\t\t\t<\/div><\/div>\t\t\t\t<\/div>\n\t\t\t\t\t<\/div>\n\t\t\t\t<\/div>\n\t\t\t\t<\/div>","protected":false},"excerpt":{"rendered":"<p>En esta secci\u00f3n respondemos las consultas m\u00e1s habituales sobre importaci\u00f3n de maquinaria textil, operaci\u00f3n en China, repuestos industriales y proyectos internacionales gestionados por Silqui-Tex International. \u00bfSilqui-Tex International cuenta con operaci\u00f3n propia en China? S\u00ed. Silqui-Tex International cuenta con operaci\u00f3n propia en China, desde donde gestiona de forma directa proyectos industriales y textiles. Esta presencia permite [&hellip;]<\/p>\n","protected":false},"author":1,"featured_media":4126,"parent":0,"menu_order":0,"comment_status":"closed","ping_status":"closed","template":"","meta":{"footnotes":""},"class_list":["post-4108","page","type-page","status-publish","has-post-thumbnail","hentry"],"yoast_head":"<!-- This site is optimized with the Yoast SEO plugin v27.3 - https:\/\/yoast.com\/product\/yoast-seo-wordpress\/ -->\n<title>Preguntas frecuentes sobre maquinaria textil | Silqui-Tex<\/title>\n<meta name=\"description\" content=\"Respondemos preguntas frecuentes sobre maquinaria textil, importaci\u00f3n desde China y Europa, operaci\u00f3n en origen, repuestos industriales y proyectos textiles para f\u00e1bricas de Am\u00e9rica Latina.\" \/>\n<meta name=\"robots\" content=\"index, follow, max-snippet:-1, max-image-preview:large, max-video-preview:-1\" \/>\n<link rel=\"canonical\" href=\"https:\/\/silqui-tex.com.ar\/pt\/preguntas-frecuentes\/\" \/>\n<meta property=\"og:locale\" content=\"pt_BR\" \/>\n<meta property=\"og:type\" content=\"article\" \/>\n<meta property=\"og:title\" content=\"Preguntas frecuentes sobre maquinaria textil | Silqui-Tex\" \/>\n<meta property=\"og:description\" content=\"Respondemos preguntas frecuentes sobre maquinaria textil, importaci\u00f3n desde China y Europa, operaci\u00f3n en origen, repuestos industriales y proyectos textiles para f\u00e1bricas de Am\u00e9rica Latina.\" \/>\n<meta property=\"og:url\" content=\"https:\/\/silqui-tex.com.ar\/pt\/preguntas-frecuentes\/\" \/>\n<meta property=\"og:site_name\" content=\"Silqui-Tex\" \/>\n<meta property=\"article:modified_time\" content=\"2026-01-05T02:46:38+00:00\" \/>\n<meta property=\"og:image\" content=\"https:\/\/silqui-tex.com.ar\/wp-content\/uploads\/2026\/01\/preguntas-frecuentes-maquinaria-textil-importacion-silqui-tex.png\" \/>\n\t<meta property=\"og:image:width\" content=\"1536\" \/>\n\t<meta property=\"og:image:height\" content=\"1024\" \/>\n\t<meta property=\"og:image:type\" content=\"image\/png\" \/>\n<meta name=\"twitter:card\" content=\"summary_large_image\" \/>\n<meta name=\"twitter:label1\" content=\"Est. tempo de leitura\" \/>\n\t<meta name=\"twitter:data1\" content=\"2 minutos\" \/>\n<script type=\"application\/ld+json\" class=\"yoast-schema-graph\">{\"@context\":\"https:\\\/\\\/schema.org\",\"@graph\":[{\"@type\":[\"WebPage\",\"FAQPage\"],\"@id\":\"https:\\\/\\\/silqui-tex.com.ar\\\/preguntas-frecuentes\\\/\",\"url\":\"https:\\\/\\\/silqui-tex.com.ar\\\/preguntas-frecuentes\\\/\",\"name\":\"Preguntas frecuentes sobre maquinaria textil | Silqui-Tex\",\"isPartOf\":{\"@id\":\"https:\\\/\\\/silqui-tex.com.ar\\\/#website\"},\"primaryImageOfPage\":{\"@id\":\"https:\\\/\\\/silqui-tex.com.ar\\\/preguntas-frecuentes\\\/#primaryimage\"},\"image\":{\"@id\":\"https:\\\/\\\/silqui-tex.com.ar\\\/preguntas-frecuentes\\\/#primaryimage\"},\"thumbnailUrl\":\"https:\\\/\\\/silqui-tex.com.ar\\\/wp-content\\\/uploads\\\/2026\\\/01\\\/preguntas-frecuentes-maquinaria-textil-importacion-silqui-tex.png\",\"datePublished\":\"2026-01-05T00:10:11+00:00\",\"dateModified\":\"2026-01-05T02:46:38+00:00\",\"description\":\"Respondemos preguntas frecuentes sobre maquinaria textil, importaci\u00f3n desde China y Europa, operaci\u00f3n en origen, repuestos industriales y proyectos textiles para f\u00e1bricas de Am\u00e9rica Latina.\",\"breadcrumb\":{\"@id\":\"https:\\\/\\\/silqui-tex.com.ar\\\/preguntas-frecuentes\\\/#breadcrumb\"},\"inLanguage\":\"pt-BR\",\"potentialAction\":[{\"@type\":\"ReadAction\",\"target\":[\"https:\\\/\\\/silqui-tex.com.ar\\\/preguntas-frecuentes\\\/\"]}]},{\"@type\":\"ImageObject\",\"inLanguage\":\"pt-BR\",\"@id\":\"https:\\\/\\\/silqui-tex.com.ar\\\/preguntas-frecuentes\\\/#primaryimage\",\"url\":\"https:\\\/\\\/silqui-tex.com.ar\\\/wp-content\\\/uploads\\\/2026\\\/01\\\/preguntas-frecuentes-maquinaria-textil-importacion-silqui-tex.png\",\"contentUrl\":\"https:\\\/\\\/silqui-tex.com.ar\\\/wp-content\\\/uploads\\\/2026\\\/01\\\/preguntas-frecuentes-maquinaria-textil-importacion-silqui-tex.png\",\"width\":1536,\"height\":1024,\"caption\":\"Operaci\u00f3n internacional y maquinaria textil industrial \u2013 Silqui-Tex International\"},{\"@type\":\"BreadcrumbList\",\"@id\":\"https:\\\/\\\/silqui-tex.com.ar\\\/preguntas-frecuentes\\\/#breadcrumb\",\"itemListElement\":[{\"@type\":\"ListItem\",\"position\":1,\"name\":\"Portada\",\"item\":\"https:\\\/\\\/silqui-tex.com.ar\\\/\"},{\"@type\":\"ListItem\",\"position\":2,\"name\":\"Preguntas frecuentes\"}]},{\"@type\":\"WebSite\",\"@id\":\"https:\\\/\\\/silqui-tex.com.ar\\\/#website\",\"url\":\"https:\\\/\\\/silqui-tex.com.ar\\\/\",\"name\":\"Silqui-Tex\",\"description\":\"Silqui-Tex se especializa en la venta de maquinaria textil y soluciones innovadoras para la industria, con m\u00e1s de 40 a\u00f1os de experiencia en Am\u00e9rica Latina, ofreciendo tecnolog\u00eda de calidad, servicios personalizados y un enfoque en el desarrollo sostenible.\",\"potentialAction\":[{\"@type\":\"SearchAction\",\"target\":{\"@type\":\"EntryPoint\",\"urlTemplate\":\"https:\\\/\\\/silqui-tex.com.ar\\\/?s={search_term_string}\"},\"query-input\":{\"@type\":\"PropertyValueSpecification\",\"valueRequired\":true,\"valueName\":\"search_term_string\"}}],\"inLanguage\":\"pt-BR\"}]}<\/script>\n<!-- \/ Yoast SEO plugin. -->","yoast_head_json":{"title":"Preguntas frecuentes sobre maquinaria textil | Silqui-Tex","description":"Respondemos preguntas frecuentes sobre maquinaria textil, importaci\u00f3n desde China y Europa, operaci\u00f3n en origen, repuestos industriales y proyectos textiles para f\u00e1bricas de Am\u00e9rica Latina.","robots":{"index":"index","follow":"follow","max-snippet":"max-snippet:-1","max-image-preview":"max-image-preview:large","max-video-preview":"max-video-preview:-1"},"canonical":"https:\/\/silqui-tex.com.ar\/pt\/preguntas-frecuentes\/","og_locale":"pt_BR","og_type":"article","og_title":"Preguntas frecuentes sobre maquinaria textil | Silqui-Tex","og_description":"Respondemos preguntas frecuentes sobre maquinaria textil, importaci\u00f3n desde China y Europa, operaci\u00f3n en origen, repuestos industriales y proyectos textiles para f\u00e1bricas de Am\u00e9rica Latina.","og_url":"https:\/\/silqui-tex.com.ar\/pt\/preguntas-frecuentes\/","og_site_name":"Silqui-Tex","article_modified_time":"2026-01-05T02:46:38+00:00","og_image":[{"width":1536,"height":1024,"url":"https:\/\/silqui-tex.com.ar\/wp-content\/uploads\/2026\/01\/preguntas-frecuentes-maquinaria-textil-importacion-silqui-tex.png","type":"image\/png"}],"twitter_card":"summary_large_image","twitter_misc":{"Est. tempo de leitura":"2 minutos"},"schema":{"@context":"https:\/\/schema.org","@graph":[{"@type":["WebPage","FAQPage"],"@id":"https:\/\/silqui-tex.com.ar\/preguntas-frecuentes\/","url":"https:\/\/silqui-tex.com.ar\/preguntas-frecuentes\/","name":"Preguntas frecuentes sobre maquinaria textil | Silqui-Tex","isPartOf":{"@id":"https:\/\/silqui-tex.com.ar\/#website"},"primaryImageOfPage":{"@id":"https:\/\/silqui-tex.com.ar\/preguntas-frecuentes\/#primaryimage"},"image":{"@id":"https:\/\/silqui-tex.com.ar\/preguntas-frecuentes\/#primaryimage"},"thumbnailUrl":"https:\/\/silqui-tex.com.ar\/wp-content\/uploads\/2026\/01\/preguntas-frecuentes-maquinaria-textil-importacion-silqui-tex.png","datePublished":"2026-01-05T00:10:11+00:00","dateModified":"2026-01-05T02:46:38+00:00","description":"Respondemos preguntas frecuentes sobre maquinaria textil, importaci\u00f3n desde China y Europa, operaci\u00f3n en origen, repuestos industriales y proyectos textiles para f\u00e1bricas de Am\u00e9rica Latina.","breadcrumb":{"@id":"https:\/\/silqui-tex.com.ar\/preguntas-frecuentes\/#breadcrumb"},"inLanguage":"pt-BR","potentialAction":[{"@type":"ReadAction","target":["https:\/\/silqui-tex.com.ar\/preguntas-frecuentes\/"]}]},{"@type":"ImageObject","inLanguage":"pt-BR","@id":"https:\/\/silqui-tex.com.ar\/preguntas-frecuentes\/#primaryimage","url":"https:\/\/silqui-tex.com.ar\/wp-content\/uploads\/2026\/01\/preguntas-frecuentes-maquinaria-textil-importacion-silqui-tex.png","contentUrl":"https:\/\/silqui-tex.com.ar\/wp-content\/uploads\/2026\/01\/preguntas-frecuentes-maquinaria-textil-importacion-silqui-tex.png","width":1536,"height":1024,"caption":"Operaci\u00f3n internacional y maquinaria textil industrial \u2013 Silqui-Tex International"},{"@type":"BreadcrumbList","@id":"https:\/\/silqui-tex.com.ar\/preguntas-frecuentes\/#breadcrumb","itemListElement":[{"@type":"ListItem","position":1,"name":"Portada","item":"https:\/\/silqui-tex.com.ar\/"},{"@type":"ListItem","position":2,"name":"Preguntas frecuentes"}]},{"@type":"WebSite","@id":"https:\/\/silqui-tex.com.ar\/#website","url":"https:\/\/silqui-tex.com.ar\/","name":"Silqui-Tex","description":"Silqui-Tex se especializa en la venta de maquinaria textil y soluciones innovadoras para la industria, con m\u00e1s de 40 a\u00f1os de experiencia en Am\u00e9rica Latina, ofreciendo tecnolog\u00eda de calidad, servicios personalizados y un enfoque en el desarrollo sostenible.","potentialAction":[{"@type":"SearchAction","target":{"@type":"EntryPoint","urlTemplate":"https:\/\/silqui-tex.com.ar\/?s={search_term_string}"},"query-input":{"@type":"PropertyValueSpecification","valueRequired":true,"valueName":"search_term_string"}}],"inLanguage":"pt-BR"}]}},"_links":{"self":[{"href":"https:\/\/silqui-tex.com.ar\/pt\/wp-json\/wp\/v2\/pages\/4108","targetHints":{"allow":["GET"]}}],"collection":[{"href":"https:\/\/silqui-tex.com.ar\/pt\/wp-json\/wp\/v2\/pages"}],"about":[{"href":"https:\/\/silqui-tex.com.ar\/pt\/wp-json\/wp\/v2\/types\/page"}],"author":[{"embeddable":true,"href":"https:\/\/silqui-tex.com.ar\/pt\/wp-json\/wp\/v2\/users\/1"}],"replies":[{"embeddable":true,"href":"https:\/\/silqui-tex.com.ar\/pt\/wp-json\/wp\/v2\/comments?post=4108"}],"version-history":[{"count":34,"href":"https:\/\/silqui-tex.com.ar\/pt\/wp-json\/wp\/v2\/pages\/4108\/revisions"}],"predecessor-version":[{"id":4156,"href":"https:\/\/silqui-tex.com.ar\/pt\/wp-json\/wp\/v2\/pages\/4108\/revisions\/4156"}],"wp:featuredmedia":[{"embeddable":true,"href":"https:\/\/silqui-tex.com.ar\/pt\/wp-json\/wp\/v2\/media\/4126"}],"wp:attachment":[{"href":"https:\/\/silqui-tex.com.ar\/pt\/wp-json\/wp\/v2\/media?parent=4108"}],"curies":[{"name":"wp","href":"https:\/\/api.w.org\/{rel}","templated":true}]}}