{"id":1176,"date":"2023-10-06T05:32:50","date_gmt":"2023-10-06T05:32:50","guid":{"rendered":"https:\/\/silqui-tex.com.ar\/?post_type=product&#038;p=1176"},"modified":"2025-12-27T22:11:15","modified_gmt":"2025-12-27T22:11:15","slug":"maquina-tenido-rapido-alta-presion","status":"publish","type":"product","link":"https:\/\/silqui-tex.com.ar\/pt\/produto\/maquina-tenido-rapido-alta-presion\/","title":{"rendered":"M\u00e1quina de te\u00f1ido r\u00e1pido de alta presi\u00f3n"},"content":{"rendered":"<p>M\u00e1quina de te\u00f1ido r\u00e1pido de alta presi\u00f3n<br \/>\nCaracter\u00edsticas t\u00e9cnicas clave<br \/>\nCapacidad extra grande: a. Corto per\u00edodo de recuperaci\u00f3n de la inversi\u00f3n; b.<br \/>\nReducci\u00f3n de te\u00f1ido<br \/>\ndiferencia entre comederos en lote<br \/>\nproducci\u00f3n; C. Incrementar la eficiencia productiva.<br \/>\nEl flujo de agua flexible produce un menor impacto en la superficie de la tela de alta calidad para garantizar que la tela no se forme bolitas y el hilo no se retuerza.<br \/>\nLos cabezales de doblado especialmente dise\u00f1ados pueden cumplir con los requisitos de ausencia de rincones muertos, tensi\u00f3n peque\u00f1a y relaci\u00f3n de ba\u00f1o.<br \/>\nVariedades de tela aplicables<br \/>\n\u00bfCaudal de agua pulverizada con alta presi\u00f3n y caudal de hasta 3 kg\/cm? es \u00fatil para te\u00f1ir telas que no se partan ni se formen, como High Count, New Synthetic Satin, Tricot, gamuza, procesamiento de piel de melocot\u00f3n, TALON, TSCTEL, telas rizadas, BENGALINE, telas acanaladas, telas entrelazadas, popelina, acanaladas, crep\u00e9, tela de malla, tela Oxford, TAFETA, sarga media y tela con bordes rizados, tejida con T100%, N100%, T\/C, CVC, T\/R, N\/C, N\/T, N\/R, R\/T , CD\/T\/R y NC\/TR, as\u00ed como telas de uni\u00f3n entretejidas y mezcladas con diversas fibras qu\u00edmicas o fibras cortadas de fibra larga. \u00bfPulverizar en el rango adecuado de 0,5~1 kg\/cm? Puede satisfacer requisitos operativos especiales de tejidos resistentes y tejidos de baja tensi\u00f3n.<\/p>","protected":false},"excerpt":{"rendered":"<p>M\u00e1quina de te\u00f1ido r\u00e1pido de alta presi\u00f3n serie TH-VA. Alta eficiencia productiva, menor consumo de agua y excelente calidad de te\u00f1ido para telas y tejidos industriales.<\/p>","protected":false},"featured_media":1178,"template":"","meta":[],"product_brand":[],"product_cat":[37],"product_tag":[348,344,48,68,346,347,345,349],"class_list":{"0":"post-1176","1":"product","2":"type-product","3":"status-publish","4":"has-post-thumbnail","6":"product_cat-maquinaria-textil-nueva","7":"product_tag-equipos-de-tenido-industria-textil","8":"product_tag-maquina-de-tenido","9":"product_tag-maquinaria-de-tintoreria","10":"product_tag-maquinaria-textil","11":"product_tag-tenido-alta-presion","12":"product_tag-tenido-industrial-maquina-th-va","13":"product_tag-tenido-rapido","14":"product_tag-tintoreria-industrial","16":"first","17":"instock","18":"shipping-taxable","19":"product-type-simple"},"yoast_head":"<!-- This site is optimized with the Yoast SEO plugin v27.3 - https:\/\/yoast.com\/product\/yoast-seo-wordpress\/ -->\n<title>M\u00e1quina de te\u00f1ido r\u00e1pido de alta presi\u00f3n | Industria textil<\/title>\n<meta name=\"description\" content=\"M\u00e1quina de te\u00f1ido r\u00e1pido de alta presi\u00f3n serie. Alta eficiencia productiva, menor consumo de agua y excelente calidad de te\u00f1ido para telas y tejidos industriales.\" \/>\n<meta name=\"robots\" content=\"index, follow, max-snippet:-1, max-image-preview:large, max-video-preview:-1\" \/>\n<link rel=\"canonical\" href=\"https:\/\/silqui-tex.com.ar\/pt\/produto\/maquina-tenido-rapido-alta-presion\/\" \/>\n<meta property=\"og:locale\" content=\"pt_BR\" \/>\n<meta property=\"og:type\" content=\"article\" \/>\n<meta property=\"og:title\" content=\"M\u00e1quina de te\u00f1ido r\u00e1pido de alta presi\u00f3n | Industria textil\" \/>\n<meta property=\"og:description\" content=\"M\u00e1quina de te\u00f1ido r\u00e1pido de alta presi\u00f3n serie. Alta eficiencia productiva, menor consumo de agua y excelente calidad de te\u00f1ido para telas y tejidos industriales.\" \/>\n<meta property=\"og:url\" content=\"https:\/\/silqui-tex.com.ar\/pt\/produto\/maquina-tenido-rapido-alta-presion\/\" \/>\n<meta property=\"og:site_name\" content=\"Silqui-Tex\" \/>\n<meta property=\"article:modified_time\" content=\"2025-12-27T22:11:15+00:00\" \/>\n<meta property=\"og:image\" content=\"https:\/\/silqui-tex.com.ar\/wp-content\/uploads\/2023\/10\/5B495796-5A79-41F5-BA3B-EE63A234F0AA.webp\" \/>\n\t<meta property=\"og:image:width\" content=\"1920\" \/>\n\t<meta property=\"og:image:height\" content=\"822\" \/>\n\t<meta property=\"og:image:type\" content=\"image\/webp\" \/>\n<meta name=\"twitter:card\" content=\"summary_large_image\" \/>\n<meta name=\"twitter:label1\" content=\"Est. tempo de leitura\" \/>\n\t<meta name=\"twitter:data1\" content=\"2 minutos\" \/>\n<script type=\"application\/ld+json\" class=\"yoast-schema-graph\">{\"@context\":\"https:\\\/\\\/schema.org\",\"@graph\":[{\"@type\":\"WebPage\",\"@id\":\"https:\\\/\\\/silqui-tex.com.ar\\\/producto\\\/maquina-tenido-rapido-alta-presion\\\/\",\"url\":\"https:\\\/\\\/silqui-tex.com.ar\\\/producto\\\/maquina-tenido-rapido-alta-presion\\\/\",\"name\":\"M\u00e1quina de te\u00f1ido r\u00e1pido de alta presi\u00f3n | Industria textil\",\"isPartOf\":{\"@id\":\"https:\\\/\\\/silqui-tex.com.ar\\\/#website\"},\"primaryImageOfPage\":{\"@id\":\"https:\\\/\\\/silqui-tex.com.ar\\\/producto\\\/maquina-tenido-rapido-alta-presion\\\/#primaryimage\"},\"image\":{\"@id\":\"https:\\\/\\\/silqui-tex.com.ar\\\/producto\\\/maquina-tenido-rapido-alta-presion\\\/#primaryimage\"},\"thumbnailUrl\":\"https:\\\/\\\/silqui-tex.com.ar\\\/wp-content\\\/uploads\\\/2023\\\/10\\\/5B495796-5A79-41F5-BA3B-EE63A234F0AA-scaled.png\",\"datePublished\":\"2023-10-06T05:32:50+00:00\",\"dateModified\":\"2025-12-27T22:11:15+00:00\",\"description\":\"M\u00e1quina de te\u00f1ido r\u00e1pido de alta presi\u00f3n serie. Alta eficiencia productiva, menor consumo de agua y excelente calidad de te\u00f1ido para telas y tejidos industriales.\",\"breadcrumb\":{\"@id\":\"https:\\\/\\\/silqui-tex.com.ar\\\/producto\\\/maquina-tenido-rapido-alta-presion\\\/#breadcrumb\"},\"inLanguage\":\"pt-BR\",\"potentialAction\":[{\"@type\":\"ReadAction\",\"target\":[\"https:\\\/\\\/silqui-tex.com.ar\\\/producto\\\/maquina-tenido-rapido-alta-presion\\\/\"]}]},{\"@type\":\"ImageObject\",\"inLanguage\":\"pt-BR\",\"@id\":\"https:\\\/\\\/silqui-tex.com.ar\\\/producto\\\/maquina-tenido-rapido-alta-presion\\\/#primaryimage\",\"url\":\"https:\\\/\\\/silqui-tex.com.ar\\\/wp-content\\\/uploads\\\/2023\\\/10\\\/5B495796-5A79-41F5-BA3B-EE63A234F0AA-scaled.png\",\"contentUrl\":\"https:\\\/\\\/silqui-tex.com.ar\\\/wp-content\\\/uploads\\\/2023\\\/10\\\/5B495796-5A79-41F5-BA3B-EE63A234F0AA-scaled.png\",\"width\":2560,\"height\":1096,\"caption\":\"maquina de te\u00f1ido alta presion\"},{\"@type\":\"BreadcrumbList\",\"@id\":\"https:\\\/\\\/silqui-tex.com.ar\\\/producto\\\/maquina-tenido-rapido-alta-presion\\\/#breadcrumb\",\"itemListElement\":[{\"@type\":\"ListItem\",\"position\":1,\"name\":\"Portada\",\"item\":\"https:\\\/\\\/silqui-tex.com.ar\\\/\"},{\"@type\":\"ListItem\",\"position\":2,\"name\":\"Tienda\",\"item\":\"https:\\\/\\\/silqui-tex.com.ar\\\/tienda\\\/\"},{\"@type\":\"ListItem\",\"position\":3,\"name\":\"M\u00e1quina de te\u00f1ido r\u00e1pido de alta presi\u00f3n\"}]},{\"@type\":\"WebSite\",\"@id\":\"https:\\\/\\\/silqui-tex.com.ar\\\/#website\",\"url\":\"https:\\\/\\\/silqui-tex.com.ar\\\/\",\"name\":\"Silqui-Tex\",\"description\":\"Silqui-Tex se especializa en la venta de maquinaria textil y soluciones innovadoras para la industria, con m\u00e1s de 40 a\u00f1os de experiencia en Am\u00e9rica Latina, ofreciendo tecnolog\u00eda de calidad, servicios personalizados y un enfoque en el desarrollo sostenible.\",\"potentialAction\":[{\"@type\":\"SearchAction\",\"target\":{\"@type\":\"EntryPoint\",\"urlTemplate\":\"https:\\\/\\\/silqui-tex.com.ar\\\/?s={search_term_string}\"},\"query-input\":{\"@type\":\"PropertyValueSpecification\",\"valueRequired\":true,\"valueName\":\"search_term_string\"}}],\"inLanguage\":\"pt-BR\"}]}<\/script>\n<!-- \/ Yoast SEO plugin. -->","yoast_head_json":{"title":"M\u00e1quina de te\u00f1ido r\u00e1pido de alta presi\u00f3n | Industria textil","description":"M\u00e1quina de te\u00f1ido r\u00e1pido de alta presi\u00f3n serie. Alta eficiencia productiva, menor consumo de agua y excelente calidad de te\u00f1ido para telas y tejidos industriales.","robots":{"index":"index","follow":"follow","max-snippet":"max-snippet:-1","max-image-preview":"max-image-preview:large","max-video-preview":"max-video-preview:-1"},"canonical":"https:\/\/silqui-tex.com.ar\/pt\/produto\/maquina-tenido-rapido-alta-presion\/","og_locale":"pt_BR","og_type":"article","og_title":"M\u00e1quina de te\u00f1ido r\u00e1pido de alta presi\u00f3n | Industria textil","og_description":"M\u00e1quina de te\u00f1ido r\u00e1pido de alta presi\u00f3n serie. Alta eficiencia productiva, menor consumo de agua y excelente calidad de te\u00f1ido para telas y tejidos industriales.","og_url":"https:\/\/silqui-tex.com.ar\/pt\/produto\/maquina-tenido-rapido-alta-presion\/","og_site_name":"Silqui-Tex","article_modified_time":"2025-12-27T22:11:15+00:00","og_image":[{"width":1920,"height":822,"url":"https:\/\/silqui-tex.com.ar\/wp-content\/uploads\/2023\/10\/5B495796-5A79-41F5-BA3B-EE63A234F0AA.webp","type":"image\/webp"}],"twitter_card":"summary_large_image","twitter_misc":{"Est. tempo de leitura":"2 minutos"},"schema":{"@context":"https:\/\/schema.org","@graph":[{"@type":"WebPage","@id":"https:\/\/silqui-tex.com.ar\/producto\/maquina-tenido-rapido-alta-presion\/","url":"https:\/\/silqui-tex.com.ar\/producto\/maquina-tenido-rapido-alta-presion\/","name":"M\u00e1quina de te\u00f1ido r\u00e1pido de alta presi\u00f3n | Industria textil","isPartOf":{"@id":"https:\/\/silqui-tex.com.ar\/#website"},"primaryImageOfPage":{"@id":"https:\/\/silqui-tex.com.ar\/producto\/maquina-tenido-rapido-alta-presion\/#primaryimage"},"image":{"@id":"https:\/\/silqui-tex.com.ar\/producto\/maquina-tenido-rapido-alta-presion\/#primaryimage"},"thumbnailUrl":"https:\/\/silqui-tex.com.ar\/wp-content\/uploads\/2023\/10\/5B495796-5A79-41F5-BA3B-EE63A234F0AA-scaled.png","datePublished":"2023-10-06T05:32:50+00:00","dateModified":"2025-12-27T22:11:15+00:00","description":"M\u00e1quina de te\u00f1ido r\u00e1pido de alta presi\u00f3n serie. Alta eficiencia productiva, menor consumo de agua y excelente calidad de te\u00f1ido para telas y tejidos industriales.","breadcrumb":{"@id":"https:\/\/silqui-tex.com.ar\/producto\/maquina-tenido-rapido-alta-presion\/#breadcrumb"},"inLanguage":"pt-BR","potentialAction":[{"@type":"ReadAction","target":["https:\/\/silqui-tex.com.ar\/producto\/maquina-tenido-rapido-alta-presion\/"]}]},{"@type":"ImageObject","inLanguage":"pt-BR","@id":"https:\/\/silqui-tex.com.ar\/producto\/maquina-tenido-rapido-alta-presion\/#primaryimage","url":"https:\/\/silqui-tex.com.ar\/wp-content\/uploads\/2023\/10\/5B495796-5A79-41F5-BA3B-EE63A234F0AA-scaled.png","contentUrl":"https:\/\/silqui-tex.com.ar\/wp-content\/uploads\/2023\/10\/5B495796-5A79-41F5-BA3B-EE63A234F0AA-scaled.png","width":2560,"height":1096,"caption":"maquina de te\u00f1ido alta presion"},{"@type":"BreadcrumbList","@id":"https:\/\/silqui-tex.com.ar\/producto\/maquina-tenido-rapido-alta-presion\/#breadcrumb","itemListElement":[{"@type":"ListItem","position":1,"name":"Portada","item":"https:\/\/silqui-tex.com.ar\/"},{"@type":"ListItem","position":2,"name":"Tienda","item":"https:\/\/silqui-tex.com.ar\/tienda\/"},{"@type":"ListItem","position":3,"name":"M\u00e1quina de te\u00f1ido r\u00e1pido de alta presi\u00f3n"}]},{"@type":"WebSite","@id":"https:\/\/silqui-tex.com.ar\/#website","url":"https:\/\/silqui-tex.com.ar\/","name":"Silqui-Tex","description":"Silqui-Tex se especializa en la venta de maquinaria textil y soluciones innovadoras para la industria, con m\u00e1s de 40 a\u00f1os de experiencia en Am\u00e9rica Latina, ofreciendo tecnolog\u00eda de calidad, servicios personalizados y un enfoque en el desarrollo sostenible.","potentialAction":[{"@type":"SearchAction","target":{"@type":"EntryPoint","urlTemplate":"https:\/\/silqui-tex.com.ar\/?s={search_term_string}"},"query-input":{"@type":"PropertyValueSpecification","valueRequired":true,"valueName":"search_term_string"}}],"inLanguage":"pt-BR"}]}},"_links":{"self":[{"href":"https:\/\/silqui-tex.com.ar\/pt\/wp-json\/wp\/v2\/product\/1176","targetHints":{"allow":["GET"]}}],"collection":[{"href":"https:\/\/silqui-tex.com.ar\/pt\/wp-json\/wp\/v2\/product"}],"about":[{"href":"https:\/\/silqui-tex.com.ar\/pt\/wp-json\/wp\/v2\/types\/product"}],"wp:featuredmedia":[{"embeddable":true,"href":"https:\/\/silqui-tex.com.ar\/pt\/wp-json\/wp\/v2\/media\/1178"}],"wp:attachment":[{"href":"https:\/\/silqui-tex.com.ar\/pt\/wp-json\/wp\/v2\/media?parent=1176"}],"wp:term":[{"taxonomy":"product_brand","embeddable":true,"href":"https:\/\/silqui-tex.com.ar\/pt\/wp-json\/wp\/v2\/product_brand?post=1176"},{"taxonomy":"product_cat","embeddable":true,"href":"https:\/\/silqui-tex.com.ar\/pt\/wp-json\/wp\/v2\/product_cat?post=1176"},{"taxonomy":"product_tag","embeddable":true,"href":"https:\/\/silqui-tex.com.ar\/pt\/wp-json\/wp\/v2\/product_tag?post=1176"}],"curies":[{"name":"wp","href":"https:\/\/api.w.org\/{rel}","templated":true}]}}