{"id":1438,"date":"2023-11-11T07:21:27","date_gmt":"2023-11-11T07:21:27","guid":{"rendered":"https:\/\/silqui-tex.com.ar\/?post_type=product&#038;p=1438"},"modified":"2025-12-27T20:37:01","modified_gmt":"2025-12-27T20:37:01","slug":"maquina-ovilladora-textil","status":"publish","type":"product","link":"https:\/\/silqui-tex.com.ar\/pt\/produto\/maquina-ovilladora-textil\/","title":{"rendered":"Maquina ovilladora Textil Model: FA-SA-O12\/U"},"content":{"rendered":"<p>Ball Winding Machine<br \/>\nModel: FA-SA-O12\/U<br \/>\n12 Posisiones ,con cinta<br \/>\ntransportdora y 12pcs barras de<br \/>\nnylon<br \/>\nFA-SA-O12\/U Ball Winding Machine<br \/>\nParametros Tecnicos.<br \/>\nTerm Dealles<br \/>\nTipo de terminado Ovillo\/rollo<br \/>\nCantidad de pos 12 piezas<br \/>\nVelocidad del motor de bobinado 1400r\/min, velocidad ajustable<br \/>\nPotencia del motor de bobinado 1.5 KW con inverter<br \/>\nMotor por pos 40w, Velocidad Adjustable<br \/>\nDiametro del ovillo 40-120mm<br \/>\nPeso del ovillo 20-500g (en base al material)<br \/>\nMedida del hilo \u2264 3mm<br \/>\nSistema de control Contador para conteo de rotacion<br \/>\nPos tipo Esqueleto escogible<br \/>\nParado automatico Si<br \/>\nMedida de la maquina 3250*700*1200mm para 12 pos<br \/>\nMedidad del paquete 3400*800*1320mm para 12 pos<br \/>\nGross peso 520kg para 12 pos tipo<br \/>\nVoltage 380V, 3phase \/220V,3phase<br \/>\nMateriales Hilo de algodon, hilo de lana, hilo de fibra, cuerda transada.<\/p>","protected":false},"excerpt":{"rendered":"<p>M\u00e1quina ovilladora textil FA-SA-012\/U de 12 posiciones, ideal para ovillos y rollos. Alta velocidad, control preciso y uso industrial continuo.<\/p>","protected":false},"featured_media":3639,"template":"","meta":[],"product_brand":[],"product_cat":[37,64],"product_tag":[313,318,315,321,314,311,324,322,326,317,325,323,310,316,312,319,320,327],"class_list":{"0":"post-1438","1":"product","2":"type-product","3":"status-publish","4":"has-post-thumbnail","6":"product_cat-maquinaria-textil-nueva","7":"product_cat-nuestra-marca","8":"product_tag-ball-winding-machine","9":"product_tag-bobinado-de-hilo","10":"product_tag-bobinadora-de-hilo","11":"product_tag-equipos-para-hilo","12":"product_tag-maquina-de-bobinado-textil","13":"product_tag-maquina-ovilladora","14":"product_tag-maquinaria-para-algodon","15":"product_tag-maquinaria-para-fibras","16":"product_tag-maquinaria-para-fibras-sinteticas","17":"product_tag-maquinaria-para-hilanderia","18":"product_tag-maquinaria-para-lana","19":"product_tag-maquinaria-textil-automatizada","20":"product_tag-maquinaria-textil-industrial","21":"product_tag-maquinaria-textil-nueva","22":"product_tag-ovilladora-de-hilo","23":"product_tag-ovillos-de-hilo","24":"product_tag-produccion-de-ovillos","25":"product_tag-silqui-tex-machinery","27":"first","28":"instock","29":"shipping-taxable","30":"product-type-simple"},"yoast_head":"<!-- This site is optimized with the Yoast SEO plugin v27.3 - https:\/\/yoast.com\/product\/yoast-seo-wordpress\/ -->\n<title>M\u00e1quina Ovilladora Textil FA-SA-012\/U | 12 Posiciones<\/title>\n<meta name=\"description\" content=\"M\u00e1quina ovilladora textil FA-SA-012\/U de 12 posiciones, ideal para ovillos y rollos. Alta velocidad, control preciso y uso industrial continuo.\" \/>\n<meta name=\"robots\" content=\"index, follow, max-snippet:-1, max-image-preview:large, max-video-preview:-1\" \/>\n<link rel=\"canonical\" href=\"https:\/\/silqui-tex.com.ar\/pt\/produto\/maquina-ovilladora-textil\/\" \/>\n<meta property=\"og:locale\" content=\"pt_BR\" \/>\n<meta property=\"og:type\" content=\"article\" \/>\n<meta property=\"og:title\" content=\"M\u00e1quina Ovilladora Textil FA-SA-012\/U | 12 Posiciones\" \/>\n<meta property=\"og:description\" content=\"M\u00e1quina ovilladora textil FA-SA-012\/U de 12 posiciones, ideal para ovillos y rollos. Alta velocidad, control preciso y uso industrial continuo.\" \/>\n<meta property=\"og:url\" content=\"https:\/\/silqui-tex.com.ar\/pt\/produto\/maquina-ovilladora-textil\/\" \/>\n<meta property=\"og:site_name\" content=\"Silqui-Tex\" \/>\n<meta property=\"article:modified_time\" content=\"2025-12-27T20:37:01+00:00\" \/>\n<meta property=\"og:image\" content=\"https:\/\/silqui-tex.com.ar\/wp-content\/uploads\/2023\/11\/72178623-6C6F-4389-B773-3D4CCBCA99D4-scaled.jpeg\" \/>\n\t<meta property=\"og:image:width\" content=\"2089\" \/>\n\t<meta property=\"og:image:height\" content=\"2560\" \/>\n\t<meta property=\"og:image:type\" content=\"image\/jpeg\" \/>\n<meta name=\"twitter:card\" content=\"summary_large_image\" \/>\n<meta name=\"twitter:label1\" content=\"Est. tempo de leitura\" \/>\n\t<meta name=\"twitter:data1\" content=\"1 minuto\" \/>\n<script type=\"application\/ld+json\" class=\"yoast-schema-graph\">{\"@context\":\"https:\\\/\\\/schema.org\",\"@graph\":[{\"@type\":\"WebPage\",\"@id\":\"https:\\\/\\\/silqui-tex.com.ar\\\/producto\\\/maquina-ovilladora-textil\\\/\",\"url\":\"https:\\\/\\\/silqui-tex.com.ar\\\/producto\\\/maquina-ovilladora-textil\\\/\",\"name\":\"M\u00e1quina Ovilladora Textil FA-SA-012\\\/U | 12 Posiciones\",\"isPartOf\":{\"@id\":\"https:\\\/\\\/silqui-tex.com.ar\\\/#website\"},\"primaryImageOfPage\":{\"@id\":\"https:\\\/\\\/silqui-tex.com.ar\\\/producto\\\/maquina-ovilladora-textil\\\/#primaryimage\"},\"image\":{\"@id\":\"https:\\\/\\\/silqui-tex.com.ar\\\/producto\\\/maquina-ovilladora-textil\\\/#primaryimage\"},\"thumbnailUrl\":\"https:\\\/\\\/silqui-tex.com.ar\\\/wp-content\\\/uploads\\\/2023\\\/11\\\/72178623-6C6F-4389-B773-3D4CCBCA99D4-scaled.jpeg\",\"datePublished\":\"2023-11-11T07:21:27+00:00\",\"dateModified\":\"2025-12-27T20:37:01+00:00\",\"description\":\"M\u00e1quina ovilladora textil FA-SA-012\\\/U de 12 posiciones, ideal para ovillos y rollos. Alta velocidad, control preciso y uso industrial continuo.\",\"breadcrumb\":{\"@id\":\"https:\\\/\\\/silqui-tex.com.ar\\\/producto\\\/maquina-ovilladora-textil\\\/#breadcrumb\"},\"inLanguage\":\"pt-BR\",\"potentialAction\":[{\"@type\":\"ReadAction\",\"target\":[\"https:\\\/\\\/silqui-tex.com.ar\\\/producto\\\/maquina-ovilladora-textil\\\/\"]}]},{\"@type\":\"ImageObject\",\"inLanguage\":\"pt-BR\",\"@id\":\"https:\\\/\\\/silqui-tex.com.ar\\\/producto\\\/maquina-ovilladora-textil\\\/#primaryimage\",\"url\":\"https:\\\/\\\/silqui-tex.com.ar\\\/wp-content\\\/uploads\\\/2023\\\/11\\\/72178623-6C6F-4389-B773-3D4CCBCA99D4-scaled.jpeg\",\"contentUrl\":\"https:\\\/\\\/silqui-tex.com.ar\\\/wp-content\\\/uploads\\\/2023\\\/11\\\/72178623-6C6F-4389-B773-3D4CCBCA99D4-scaled.jpeg\",\"width\":2089,\"height\":2560,\"caption\":\"M\u00e1quina ovilladora textil industrial 12 posiciones\"},{\"@type\":\"BreadcrumbList\",\"@id\":\"https:\\\/\\\/silqui-tex.com.ar\\\/producto\\\/maquina-ovilladora-textil\\\/#breadcrumb\",\"itemListElement\":[{\"@type\":\"ListItem\",\"position\":1,\"name\":\"Portada\",\"item\":\"https:\\\/\\\/silqui-tex.com.ar\\\/\"},{\"@type\":\"ListItem\",\"position\":2,\"name\":\"Tienda\",\"item\":\"https:\\\/\\\/silqui-tex.com.ar\\\/tienda\\\/\"},{\"@type\":\"ListItem\",\"position\":3,\"name\":\"Maquina ovilladora Textil Model: FA-SA-O12\\\/U\"}]},{\"@type\":\"WebSite\",\"@id\":\"https:\\\/\\\/silqui-tex.com.ar\\\/#website\",\"url\":\"https:\\\/\\\/silqui-tex.com.ar\\\/\",\"name\":\"Silqui-Tex\",\"description\":\"Silqui-Tex se especializa en la venta de maquinaria textil y soluciones innovadoras para la industria, con m\u00e1s de 40 a\u00f1os de experiencia en Am\u00e9rica Latina, ofreciendo tecnolog\u00eda de calidad, servicios personalizados y un enfoque en el desarrollo sostenible.\",\"potentialAction\":[{\"@type\":\"SearchAction\",\"target\":{\"@type\":\"EntryPoint\",\"urlTemplate\":\"https:\\\/\\\/silqui-tex.com.ar\\\/?s={search_term_string}\"},\"query-input\":{\"@type\":\"PropertyValueSpecification\",\"valueRequired\":true,\"valueName\":\"search_term_string\"}}],\"inLanguage\":\"pt-BR\"}]}<\/script>\n<!-- \/ Yoast SEO plugin. -->","yoast_head_json":{"title":"M\u00e1quina Ovilladora Textil FA-SA-012\/U | 12 Posiciones","description":"M\u00e1quina ovilladora textil FA-SA-012\/U de 12 posiciones, ideal para ovillos y rollos. Alta velocidad, control preciso y uso industrial continuo.","robots":{"index":"index","follow":"follow","max-snippet":"max-snippet:-1","max-image-preview":"max-image-preview:large","max-video-preview":"max-video-preview:-1"},"canonical":"https:\/\/silqui-tex.com.ar\/pt\/produto\/maquina-ovilladora-textil\/","og_locale":"pt_BR","og_type":"article","og_title":"M\u00e1quina Ovilladora Textil FA-SA-012\/U | 12 Posiciones","og_description":"M\u00e1quina ovilladora textil FA-SA-012\/U de 12 posiciones, ideal para ovillos y rollos. Alta velocidad, control preciso y uso industrial continuo.","og_url":"https:\/\/silqui-tex.com.ar\/pt\/produto\/maquina-ovilladora-textil\/","og_site_name":"Silqui-Tex","article_modified_time":"2025-12-27T20:37:01+00:00","og_image":[{"width":2089,"height":2560,"url":"https:\/\/silqui-tex.com.ar\/wp-content\/uploads\/2023\/11\/72178623-6C6F-4389-B773-3D4CCBCA99D4-scaled.jpeg","type":"image\/jpeg"}],"twitter_card":"summary_large_image","twitter_misc":{"Est. tempo de leitura":"1 minuto"},"schema":{"@context":"https:\/\/schema.org","@graph":[{"@type":"WebPage","@id":"https:\/\/silqui-tex.com.ar\/producto\/maquina-ovilladora-textil\/","url":"https:\/\/silqui-tex.com.ar\/producto\/maquina-ovilladora-textil\/","name":"M\u00e1quina Ovilladora Textil FA-SA-012\/U | 12 Posiciones","isPartOf":{"@id":"https:\/\/silqui-tex.com.ar\/#website"},"primaryImageOfPage":{"@id":"https:\/\/silqui-tex.com.ar\/producto\/maquina-ovilladora-textil\/#primaryimage"},"image":{"@id":"https:\/\/silqui-tex.com.ar\/producto\/maquina-ovilladora-textil\/#primaryimage"},"thumbnailUrl":"https:\/\/silqui-tex.com.ar\/wp-content\/uploads\/2023\/11\/72178623-6C6F-4389-B773-3D4CCBCA99D4-scaled.jpeg","datePublished":"2023-11-11T07:21:27+00:00","dateModified":"2025-12-27T20:37:01+00:00","description":"M\u00e1quina ovilladora textil FA-SA-012\/U de 12 posiciones, ideal para ovillos y rollos. Alta velocidad, control preciso y uso industrial continuo.","breadcrumb":{"@id":"https:\/\/silqui-tex.com.ar\/producto\/maquina-ovilladora-textil\/#breadcrumb"},"inLanguage":"pt-BR","potentialAction":[{"@type":"ReadAction","target":["https:\/\/silqui-tex.com.ar\/producto\/maquina-ovilladora-textil\/"]}]},{"@type":"ImageObject","inLanguage":"pt-BR","@id":"https:\/\/silqui-tex.com.ar\/producto\/maquina-ovilladora-textil\/#primaryimage","url":"https:\/\/silqui-tex.com.ar\/wp-content\/uploads\/2023\/11\/72178623-6C6F-4389-B773-3D4CCBCA99D4-scaled.jpeg","contentUrl":"https:\/\/silqui-tex.com.ar\/wp-content\/uploads\/2023\/11\/72178623-6C6F-4389-B773-3D4CCBCA99D4-scaled.jpeg","width":2089,"height":2560,"caption":"M\u00e1quina ovilladora textil industrial 12 posiciones"},{"@type":"BreadcrumbList","@id":"https:\/\/silqui-tex.com.ar\/producto\/maquina-ovilladora-textil\/#breadcrumb","itemListElement":[{"@type":"ListItem","position":1,"name":"Portada","item":"https:\/\/silqui-tex.com.ar\/"},{"@type":"ListItem","position":2,"name":"Tienda","item":"https:\/\/silqui-tex.com.ar\/tienda\/"},{"@type":"ListItem","position":3,"name":"Maquina ovilladora Textil Model: FA-SA-O12\/U"}]},{"@type":"WebSite","@id":"https:\/\/silqui-tex.com.ar\/#website","url":"https:\/\/silqui-tex.com.ar\/","name":"Silqui-Tex","description":"Silqui-Tex se especializa en la venta de maquinaria textil y soluciones innovadoras para la industria, con m\u00e1s de 40 a\u00f1os de experiencia en Am\u00e9rica Latina, ofreciendo tecnolog\u00eda de calidad, servicios personalizados y un enfoque en el desarrollo sostenible.","potentialAction":[{"@type":"SearchAction","target":{"@type":"EntryPoint","urlTemplate":"https:\/\/silqui-tex.com.ar\/?s={search_term_string}"},"query-input":{"@type":"PropertyValueSpecification","valueRequired":true,"valueName":"search_term_string"}}],"inLanguage":"pt-BR"}]}},"_links":{"self":[{"href":"https:\/\/silqui-tex.com.ar\/pt\/wp-json\/wp\/v2\/product\/1438","targetHints":{"allow":["GET"]}}],"collection":[{"href":"https:\/\/silqui-tex.com.ar\/pt\/wp-json\/wp\/v2\/product"}],"about":[{"href":"https:\/\/silqui-tex.com.ar\/pt\/wp-json\/wp\/v2\/types\/product"}],"wp:featuredmedia":[{"embeddable":true,"href":"https:\/\/silqui-tex.com.ar\/pt\/wp-json\/wp\/v2\/media\/3639"}],"wp:attachment":[{"href":"https:\/\/silqui-tex.com.ar\/pt\/wp-json\/wp\/v2\/media?parent=1438"}],"wp:term":[{"taxonomy":"product_brand","embeddable":true,"href":"https:\/\/silqui-tex.com.ar\/pt\/wp-json\/wp\/v2\/product_brand?post=1438"},{"taxonomy":"product_cat","embeddable":true,"href":"https:\/\/silqui-tex.com.ar\/pt\/wp-json\/wp\/v2\/product_cat?post=1438"},{"taxonomy":"product_tag","embeddable":true,"href":"https:\/\/silqui-tex.com.ar\/pt\/wp-json\/wp\/v2\/product_tag?post=1438"}],"curies":[{"name":"wp","href":"https:\/\/api.w.org\/{rel}","templated":true}]}}