{"id":1530,"date":"2023-12-07T05:55:38","date_gmt":"2023-12-07T05:55:38","guid":{"rendered":"https:\/\/silqui-tex.com.ar\/?post_type=product&#038;p=1530"},"modified":"2025-10-26T10:34:42","modified_gmt":"2025-10-26T10:34:42","slug":"wuxi-tonghua-maquinaria-de-tintoreria-industrial-silqui-tex","status":"publish","type":"product","link":"https:\/\/silqui-tex.com.ar\/pt\/produto\/wuxi-tonghua-maquinaria-de-tintoreria-industrial-silqui-tex\/","title":{"rendered":"WUXI TONGHUA TINTE Y ACABADO MACHINERY CO., LTD"},"content":{"rendered":"<p><strong>WUXI TONGHUA TINTE Y ACABADO MACHINERY CO., LTD<\/strong>., fundada en 2001, se encuentra en el Parque Industrial de Qianzhou, Wuxi, en la provincia de Jiangsu, China. La empresa se especializa en la fabricaci\u00f3n de recipientes a presi\u00f3n de Categor\u00eda I y II (D1 y D2) y est\u00e1 enfocada en la investigaci\u00f3n, desarrollo y producci\u00f3n de maquinaria para tintorer\u00eda y acabado textil. Con una s\u00f3lida capacidad t\u00e9cnica, <strong>WUXI TONGHUA<\/strong> ha desarrollado una gama de productos que incluyen m\u00e1quinas de te\u00f1ido de alta temperatura y alta presi\u00f3n, m\u00e1quinas de te\u00f1ido de flujo suave y m\u00e1quinas de te\u00f1ido por chorro.<\/p>\n<p><strong>Principales l\u00edneas de productos:<\/strong><\/p>\n<p>1. M\u00e1quinas de te\u00f1ido de alta temperatura y alta presi\u00f3n (HTHP): Estas m\u00e1quinas son esenciales en la industria textil, permitiendo te\u00f1ir a temperaturas superiores a 130\u00b0C bajo presi\u00f3n controlada. Esto asegura una penetraci\u00f3n profunda del tinte en las fibras, mientras que la m\u00e1quina destaca por su eficiencia energ\u00e9tica y su capacidad para reducir el consumo de agua y productos qu\u00edmicos en el proceso de tintura.<\/p>\n<p>2. M\u00e1quinas de te\u00f1ido de flujo suave: Dise\u00f1adas para tratar textiles delicados, utilizan un flujo suave y controlado de soluci\u00f3n de tinte. La tecnolog\u00eda asegura una distribuci\u00f3n uniforme del tinte, minimizando el da\u00f1o a los tejidos y optimizando la eficiencia del te\u00f1ido.<\/p>\n<p>3. M\u00e1quinas de te\u00f1ido por chorro de alta temperatura y alta presi\u00f3n: Estas m\u00e1quinas, desarrolladas de manera independiente por la empresa, utilizan tecnolog\u00eda de chorro para te\u00f1ir de manera altamente eficiente, mejorando la penetraci\u00f3n del tinte en las fibras.<\/p>\n<p>4. M\u00e1quinas de te\u00f1ido de gas-l\u00edquido: Estas m\u00e1quinas innovadoras reducen significativamente el consumo de agua y productos qu\u00edmicos mediante un sistema que mezcla gas y l\u00edquido para optimizar el proceso de tintura. Son ideales para aplicaciones industriales que buscan sostenibilidad y eficiencia.<\/p>\n<p>5. M\u00e1quinas de te\u00f1ido de muestra: Desarrolladas para pruebas r\u00e1pidas y peque\u00f1as tiradas de producci\u00f3n, estas m\u00e1quinas permiten ajustar las condiciones de te\u00f1ido de acuerdo con los requisitos del cliente antes de la producci\u00f3n masiva.<\/p>\n<p>Innovaciones y Certificaciones:<\/p>\n<p><strong>WUXI TONGHUA<\/strong> ha desarrollado m\u00faltiples patentes relacionadas con sus m\u00e1quinas de te\u00f1ido, como la m\u00e1quina de te\u00f1ido por desbordamiento de alta temperatura, que ha reducido significativamente la proporci\u00f3n del ba\u00f1o de te\u00f1ido gracias a continuas mejoras t\u00e9cnicas. Esto ha beneficiado a la industria textil al reducir tanto los costos operativos como el impacto ambiental de los procesos de tintura.<\/p>\n<p>La empresa cuenta con certificaciones clave como ISO9001, as\u00ed como licencias especiales para la fabricaci\u00f3n de equipos a presi\u00f3n, lo que asegura la calidad y seguridad de sus productos.<\/p>\n<p>Servicios:<\/p>\n<p><strong>WUXI TONGHUA<\/strong> ofrece un soporte t\u00e9cnico integral durante todo el ciclo de vida de sus m\u00e1quinas, desde la instalaci\u00f3n hasta el mantenimiento, y est\u00e1 comprometida con la satisfacci\u00f3n del cliente a trav\u00e9s de un servicio t\u00e9cnico r\u00e1pido y eficiente. Adem\u00e1s, su red de exportaci\u00f3n cubre varias regiones del mundo, con mercados clave en Am\u00e9rica, Europa y Asia.<\/p>\n<p>Con una infraestructura robusta que incluye centros de procesamiento CNC de gran escala y un equipo de ingenieros dedicados a la innovaci\u00f3n, WUXI TONGHUA sigue siendo una referencia en la industria de tintorer\u00eda textil, proporcionando soluciones que combinan eficiencia, calidad y sostenibilidad.<\/p>\n<p><strong>Colaboraci\u00f3n con Silqui-Tex International:<\/strong><\/p>\n<p><strong>WUXI TONGHUA<\/strong> es uno de los principales colaboradores de <strong>Silqui-Tex International<\/strong>. Esta relaci\u00f3n estrat\u00e9gica ha permitido a ambas empresas expandir su presencia en la industria textil global, proporcionando maquinaria de alto rendimiento y soluciones tecnol\u00f3gicas avanzadas a sus clientes en Am\u00e9rica Latina, Europa y Asia.<\/p>\n<p>Entre las contribuciones m\u00e1s destacadas de <strong>WUXI TONGHUA a Silqui-Tex<\/strong> se encuentran las m\u00e1quinas de te\u00f1ido de alta temperatura y alta presi\u00f3n, que combinan eficiencia energ\u00e9tica y sostenibilidad, y las m\u00e1quinas de flujo suave, dise\u00f1adas para el te\u00f1ido de textiles delicados. Estas tecnolog\u00edas han sido esenciales en el portafolio de productos de Silqui-Tex, permitiendo ofrecer soluciones de tintura de alta calidad.<\/p>\n<p>Ambas empresas comparten un compromiso con la calidad y la innovaci\u00f3n, desarrollando soluciones conjuntas que ayudan a optimizar los procesos industriales y reducir el impacto ambiental. Con certificaciones como <strong>ISO9001<\/strong> y varias patentes registradas, <strong>WUXI TONGHUA<\/strong> garantiza productos de alta tecnolog\u00eda y servicio t\u00e9cnico especializado, fortaleciendo la reputaci\u00f3n de Silqui-Tex en el mercado internacional.<\/p>","protected":false},"excerpt":{"rendered":"<p data-start=\"355\" data-end=\"400\"><strong data-start=\"355\" data-end=\"400\">Colaboraci\u00f3n con Silqui-Tex International<\/strong><\/p>\n<p data-start=\"402\" data-end=\"787\"><strong data-start=\"402\" data-end=\"418\">WUXI TONGHUA<\/strong> es uno de los principales socios estrat\u00e9gicos de <strong data-start=\"468\" data-end=\"496\">Silqui-Tex International<\/strong> en el \u00e1rea de <strong data-start=\"511\" data-end=\"550\">maquinaria de tintorer\u00eda industrial<\/strong>.<br data-start=\"551\" data-end=\"554\" \/>Esta alianza permite ofrecer a la industria textil de Am\u00e9rica Latina, Europa y Asia <strong data-start=\"638\" data-end=\"684\">equipos de te\u00f1ido, secado y acabado textil<\/strong> de alto rendimiento, con tecnolog\u00eda avanzada, eficiencia energ\u00e9tica y soporte t\u00e9cnico especializado.<\/p>\n<p data-start=\"789\" data-end=\"1012\">Gracias a esta colaboraci\u00f3n, <strong data-start=\"818\" data-end=\"846\">Silqui-Tex International<\/strong> garantiza el acceso directo a <strong data-start=\"877\" data-end=\"929\">maquinaria de tintorer\u00eda industrial Wuxi Tonghua<\/strong>, reconocida por su durabilidad, precisi\u00f3n y calidad en cada proceso de producci\u00f3n.<\/p>","protected":false},"featured_media":1544,"template":"","meta":[],"product_brand":[],"product_cat":[53],"product_tag":[],"class_list":{"0":"post-1530","1":"product","2":"type-product","3":"status-publish","4":"has-post-thumbnail","6":"product_cat-representaciones","8":"first","9":"instock","10":"shipping-taxable","11":"product-type-simple"},"yoast_head":"<!-- This site is optimized with the Yoast SEO plugin v27.3 - https:\/\/yoast.com\/product\/yoast-seo-wordpress\/ -->\n<title>Wuxi Tonghua | Maquinaria de Tintorer\u00eda Industrial - Silqui-Tex<\/title>\n<meta name=\"description\" content=\"Maquinaria de tintorer\u00eda industrial Wuxi Tonghua. Equipos de alta calidad para procesos de te\u00f1ido, centrifugado y acabado textil. Distribuido por Silqui-Tex International con soporte t\u00e9cnico y garant\u00eda.\" \/>\n<meta name=\"robots\" content=\"index, follow, max-snippet:-1, max-image-preview:large, max-video-preview:-1\" \/>\n<link rel=\"canonical\" href=\"https:\/\/silqui-tex.com.ar\/pt\/produto\/wuxi-tonghua-maquinaria-de-tintoreria-industrial-silqui-tex\/\" \/>\n<meta property=\"og:locale\" content=\"pt_BR\" \/>\n<meta property=\"og:type\" content=\"article\" \/>\n<meta property=\"og:title\" content=\"Wuxi Tonghua | Maquinaria de Tintorer\u00eda Industrial - Silqui-Tex\" \/>\n<meta property=\"og:description\" content=\"Maquinaria de tintorer\u00eda industrial Wuxi Tonghua. Equipos de alta calidad para procesos de te\u00f1ido, centrifugado y acabado textil. Distribuido por Silqui-Tex International con soporte t\u00e9cnico y garant\u00eda.\" \/>\n<meta property=\"og:url\" content=\"https:\/\/silqui-tex.com.ar\/pt\/produto\/wuxi-tonghua-maquinaria-de-tintoreria-industrial-silqui-tex\/\" \/>\n<meta property=\"og:site_name\" content=\"Silqui-Tex\" \/>\n<meta property=\"article:modified_time\" content=\"2025-10-26T10:34:42+00:00\" \/>\n<meta property=\"og:image\" content=\"https:\/\/silqui-tex.com.ar\/wp-content\/uploads\/2023\/12\/61F36579-03DE-4E50-9BC0-B404E7399E62.webp\" \/>\n\t<meta property=\"og:image:width\" content=\"353\" \/>\n\t<meta property=\"og:image:height\" content=\"355\" \/>\n\t<meta property=\"og:image:type\" content=\"image\/webp\" \/>\n<meta name=\"twitter:card\" content=\"summary_large_image\" \/>\n<meta name=\"twitter:label1\" content=\"Est. tempo de leitura\" \/>\n\t<meta name=\"twitter:data1\" content=\"4 minutos\" \/>\n<script type=\"application\/ld+json\" class=\"yoast-schema-graph\">{\"@context\":\"https:\\\/\\\/schema.org\",\"@graph\":[{\"@type\":\"WebPage\",\"@id\":\"https:\\\/\\\/silqui-tex.com.ar\\\/producto\\\/wuxi-tonghua-maquinaria-de-tintoreria-industrial-silqui-tex\\\/\",\"url\":\"https:\\\/\\\/silqui-tex.com.ar\\\/producto\\\/wuxi-tonghua-maquinaria-de-tintoreria-industrial-silqui-tex\\\/\",\"name\":\"Wuxi Tonghua | Maquinaria de Tintorer\u00eda Industrial - Silqui-Tex\",\"isPartOf\":{\"@id\":\"https:\\\/\\\/silqui-tex.com.ar\\\/#website\"},\"primaryImageOfPage\":{\"@id\":\"https:\\\/\\\/silqui-tex.com.ar\\\/producto\\\/wuxi-tonghua-maquinaria-de-tintoreria-industrial-silqui-tex\\\/#primaryimage\"},\"image\":{\"@id\":\"https:\\\/\\\/silqui-tex.com.ar\\\/producto\\\/wuxi-tonghua-maquinaria-de-tintoreria-industrial-silqui-tex\\\/#primaryimage\"},\"thumbnailUrl\":\"https:\\\/\\\/silqui-tex.com.ar\\\/wp-content\\\/uploads\\\/2023\\\/12\\\/61F36579-03DE-4E50-9BC0-B404E7399E62.jpeg\",\"datePublished\":\"2023-12-07T05:55:38+00:00\",\"dateModified\":\"2025-10-26T10:34:42+00:00\",\"description\":\"Maquinaria de tintorer\u00eda industrial Wuxi Tonghua. Equipos de alta calidad para procesos de te\u00f1ido, centrifugado y acabado textil. Distribuido por Silqui-Tex International con soporte t\u00e9cnico y garant\u00eda.\",\"breadcrumb\":{\"@id\":\"https:\\\/\\\/silqui-tex.com.ar\\\/producto\\\/wuxi-tonghua-maquinaria-de-tintoreria-industrial-silqui-tex\\\/#breadcrumb\"},\"inLanguage\":\"pt-BR\",\"potentialAction\":[{\"@type\":\"ReadAction\",\"target\":[\"https:\\\/\\\/silqui-tex.com.ar\\\/producto\\\/wuxi-tonghua-maquinaria-de-tintoreria-industrial-silqui-tex\\\/\"]}]},{\"@type\":\"ImageObject\",\"inLanguage\":\"pt-BR\",\"@id\":\"https:\\\/\\\/silqui-tex.com.ar\\\/producto\\\/wuxi-tonghua-maquinaria-de-tintoreria-industrial-silqui-tex\\\/#primaryimage\",\"url\":\"https:\\\/\\\/silqui-tex.com.ar\\\/wp-content\\\/uploads\\\/2023\\\/12\\\/61F36579-03DE-4E50-9BC0-B404E7399E62.jpeg\",\"contentUrl\":\"https:\\\/\\\/silqui-tex.com.ar\\\/wp-content\\\/uploads\\\/2023\\\/12\\\/61F36579-03DE-4E50-9BC0-B404E7399E62.jpeg\",\"width\":353,\"height\":355,\"caption\":\"maquinaria de tintorer\u00eda industrial Wuxi Tonghua\"},{\"@type\":\"BreadcrumbList\",\"@id\":\"https:\\\/\\\/silqui-tex.com.ar\\\/producto\\\/wuxi-tonghua-maquinaria-de-tintoreria-industrial-silqui-tex\\\/#breadcrumb\",\"itemListElement\":[{\"@type\":\"ListItem\",\"position\":1,\"name\":\"Portada\",\"item\":\"https:\\\/\\\/silqui-tex.com.ar\\\/\"},{\"@type\":\"ListItem\",\"position\":2,\"name\":\"Tienda\",\"item\":\"https:\\\/\\\/silqui-tex.com.ar\\\/tienda\\\/\"},{\"@type\":\"ListItem\",\"position\":3,\"name\":\"WUXI TONGHUA TINTE Y ACABADO MACHINERY CO., LTD\"}]},{\"@type\":\"WebSite\",\"@id\":\"https:\\\/\\\/silqui-tex.com.ar\\\/#website\",\"url\":\"https:\\\/\\\/silqui-tex.com.ar\\\/\",\"name\":\"Silqui-Tex\",\"description\":\"Silqui-Tex se especializa en la venta de maquinaria textil y soluciones innovadoras para la industria, con m\u00e1s de 40 a\u00f1os de experiencia en Am\u00e9rica Latina, ofreciendo tecnolog\u00eda de calidad, servicios personalizados y un enfoque en el desarrollo sostenible.\",\"potentialAction\":[{\"@type\":\"SearchAction\",\"target\":{\"@type\":\"EntryPoint\",\"urlTemplate\":\"https:\\\/\\\/silqui-tex.com.ar\\\/?s={search_term_string}\"},\"query-input\":{\"@type\":\"PropertyValueSpecification\",\"valueRequired\":true,\"valueName\":\"search_term_string\"}}],\"inLanguage\":\"pt-BR\"}]}<\/script>\n<!-- \/ Yoast SEO plugin. -->","yoast_head_json":{"title":"Wuxi Tonghua | Maquinaria de Tintorer\u00eda Industrial - Silqui-Tex","description":"Maquinaria de tintorer\u00eda industrial Wuxi Tonghua. Equipos de alta calidad para procesos de te\u00f1ido, centrifugado y acabado textil. Distribuido por Silqui-Tex International con soporte t\u00e9cnico y garant\u00eda.","robots":{"index":"index","follow":"follow","max-snippet":"max-snippet:-1","max-image-preview":"max-image-preview:large","max-video-preview":"max-video-preview:-1"},"canonical":"https:\/\/silqui-tex.com.ar\/pt\/produto\/wuxi-tonghua-maquinaria-de-tintoreria-industrial-silqui-tex\/","og_locale":"pt_BR","og_type":"article","og_title":"Wuxi Tonghua | Maquinaria de Tintorer\u00eda Industrial - Silqui-Tex","og_description":"Maquinaria de tintorer\u00eda industrial Wuxi Tonghua. Equipos de alta calidad para procesos de te\u00f1ido, centrifugado y acabado textil. Distribuido por Silqui-Tex International con soporte t\u00e9cnico y garant\u00eda.","og_url":"https:\/\/silqui-tex.com.ar\/pt\/produto\/wuxi-tonghua-maquinaria-de-tintoreria-industrial-silqui-tex\/","og_site_name":"Silqui-Tex","article_modified_time":"2025-10-26T10:34:42+00:00","og_image":[{"width":353,"height":355,"url":"https:\/\/silqui-tex.com.ar\/wp-content\/uploads\/2023\/12\/61F36579-03DE-4E50-9BC0-B404E7399E62.webp","type":"image\/webp"}],"twitter_card":"summary_large_image","twitter_misc":{"Est. tempo de leitura":"4 minutos"},"schema":{"@context":"https:\/\/schema.org","@graph":[{"@type":"WebPage","@id":"https:\/\/silqui-tex.com.ar\/producto\/wuxi-tonghua-maquinaria-de-tintoreria-industrial-silqui-tex\/","url":"https:\/\/silqui-tex.com.ar\/producto\/wuxi-tonghua-maquinaria-de-tintoreria-industrial-silqui-tex\/","name":"Wuxi Tonghua | Maquinaria de Tintorer\u00eda Industrial - Silqui-Tex","isPartOf":{"@id":"https:\/\/silqui-tex.com.ar\/#website"},"primaryImageOfPage":{"@id":"https:\/\/silqui-tex.com.ar\/producto\/wuxi-tonghua-maquinaria-de-tintoreria-industrial-silqui-tex\/#primaryimage"},"image":{"@id":"https:\/\/silqui-tex.com.ar\/producto\/wuxi-tonghua-maquinaria-de-tintoreria-industrial-silqui-tex\/#primaryimage"},"thumbnailUrl":"https:\/\/silqui-tex.com.ar\/wp-content\/uploads\/2023\/12\/61F36579-03DE-4E50-9BC0-B404E7399E62.jpeg","datePublished":"2023-12-07T05:55:38+00:00","dateModified":"2025-10-26T10:34:42+00:00","description":"Maquinaria de tintorer\u00eda industrial Wuxi Tonghua. Equipos de alta calidad para procesos de te\u00f1ido, centrifugado y acabado textil. Distribuido por Silqui-Tex International con soporte t\u00e9cnico y garant\u00eda.","breadcrumb":{"@id":"https:\/\/silqui-tex.com.ar\/producto\/wuxi-tonghua-maquinaria-de-tintoreria-industrial-silqui-tex\/#breadcrumb"},"inLanguage":"pt-BR","potentialAction":[{"@type":"ReadAction","target":["https:\/\/silqui-tex.com.ar\/producto\/wuxi-tonghua-maquinaria-de-tintoreria-industrial-silqui-tex\/"]}]},{"@type":"ImageObject","inLanguage":"pt-BR","@id":"https:\/\/silqui-tex.com.ar\/producto\/wuxi-tonghua-maquinaria-de-tintoreria-industrial-silqui-tex\/#primaryimage","url":"https:\/\/silqui-tex.com.ar\/wp-content\/uploads\/2023\/12\/61F36579-03DE-4E50-9BC0-B404E7399E62.jpeg","contentUrl":"https:\/\/silqui-tex.com.ar\/wp-content\/uploads\/2023\/12\/61F36579-03DE-4E50-9BC0-B404E7399E62.jpeg","width":353,"height":355,"caption":"maquinaria de tintorer\u00eda industrial Wuxi Tonghua"},{"@type":"BreadcrumbList","@id":"https:\/\/silqui-tex.com.ar\/producto\/wuxi-tonghua-maquinaria-de-tintoreria-industrial-silqui-tex\/#breadcrumb","itemListElement":[{"@type":"ListItem","position":1,"name":"Portada","item":"https:\/\/silqui-tex.com.ar\/"},{"@type":"ListItem","position":2,"name":"Tienda","item":"https:\/\/silqui-tex.com.ar\/tienda\/"},{"@type":"ListItem","position":3,"name":"WUXI TONGHUA TINTE Y ACABADO MACHINERY CO., LTD"}]},{"@type":"WebSite","@id":"https:\/\/silqui-tex.com.ar\/#website","url":"https:\/\/silqui-tex.com.ar\/","name":"Silqui-Tex","description":"Silqui-Tex se especializa en la venta de maquinaria textil y soluciones innovadoras para la industria, con m\u00e1s de 40 a\u00f1os de experiencia en Am\u00e9rica Latina, ofreciendo tecnolog\u00eda de calidad, servicios personalizados y un enfoque en el desarrollo sostenible.","potentialAction":[{"@type":"SearchAction","target":{"@type":"EntryPoint","urlTemplate":"https:\/\/silqui-tex.com.ar\/?s={search_term_string}"},"query-input":{"@type":"PropertyValueSpecification","valueRequired":true,"valueName":"search_term_string"}}],"inLanguage":"pt-BR"}]}},"_links":{"self":[{"href":"https:\/\/silqui-tex.com.ar\/pt\/wp-json\/wp\/v2\/product\/1530","targetHints":{"allow":["GET"]}}],"collection":[{"href":"https:\/\/silqui-tex.com.ar\/pt\/wp-json\/wp\/v2\/product"}],"about":[{"href":"https:\/\/silqui-tex.com.ar\/pt\/wp-json\/wp\/v2\/types\/product"}],"wp:featuredmedia":[{"embeddable":true,"href":"https:\/\/silqui-tex.com.ar\/pt\/wp-json\/wp\/v2\/media\/1544"}],"wp:attachment":[{"href":"https:\/\/silqui-tex.com.ar\/pt\/wp-json\/wp\/v2\/media?parent=1530"}],"wp:term":[{"taxonomy":"product_brand","embeddable":true,"href":"https:\/\/silqui-tex.com.ar\/pt\/wp-json\/wp\/v2\/product_brand?post=1530"},{"taxonomy":"product_cat","embeddable":true,"href":"https:\/\/silqui-tex.com.ar\/pt\/wp-json\/wp\/v2\/product_cat?post=1530"},{"taxonomy":"product_tag","embeddable":true,"href":"https:\/\/silqui-tex.com.ar\/pt\/wp-json\/wp\/v2\/product_tag?post=1530"}],"curies":[{"name":"wp","href":"https:\/\/api.w.org\/{rel}","templated":true}]}}