{"id":1582,"date":"2023-12-07T22:18:14","date_gmt":"2023-12-07T22:18:14","guid":{"rendered":"https:\/\/silqui-tex.com.ar\/?post_type=product&#038;p=1582"},"modified":"2024-02-23T11:31:07","modified_gmt":"2024-02-23T11:31:07","slug":"silqui-tex-repuestos-y-accesorios-textiles","status":"publish","type":"product","link":"https:\/\/silqui-tex.com.ar\/pt\/produto\/silqui-tex-repuestos-y-accesorios-textiles\/","title":{"rendered":"SQ International Repuestos y accesorios Textiles."},"content":{"rendered":"<p>Silqui-Tex International puede proveer directamente del exterior todo tipo de repuestos para la industria textil (HILANDER\u00cdA-TEJEDUR\u00cdA-TINTORERIA).<\/p>\n<p><strong>Tenemos una oficina comercial en China, desde donde gestionamos todos los repuestos que se necesitan para cumplir los requerimientos de la industria textil en Argentina y todo el continente Americano.<\/strong><\/p>","protected":false},"excerpt":{"rendered":"<p>A Silqui-Tex pode fornecer diretamente do exterior todos os tipos de pe\u00e7as de reposi\u00e7\u00e3o para a ind\u00fastria t\u00eaxtil (FIAC\u00c3O \u2013 TECELAGEM \u2013 TINTURARIA).<\/p>","protected":false},"featured_media":2118,"template":"","meta":[],"product_brand":[],"product_cat":[53],"product_tag":[],"class_list":{"0":"post-1582","1":"product","2":"type-product","3":"status-publish","4":"has-post-thumbnail","6":"product_cat-representaciones","8":"first","9":"instock","10":"shipping-taxable","11":"product-type-simple"},"yoast_head":"<!-- This site is optimized with the Yoast SEO plugin v27.3 - https:\/\/yoast.com\/product\/yoast-seo-wordpress\/ -->\n<title>SQ International Repuestos y accesorios Textiles. - Silqui-Tex<\/title>\n<meta name=\"description\" content=\"Silqui-Tex puede proveer directamente de exterior todo tipo de repuestos para la industria textil (HILANDER\u00cdA-TEJEDUR\u00cdA-TINTORERIA)\" \/>\n<meta name=\"robots\" content=\"index, follow, max-snippet:-1, max-image-preview:large, max-video-preview:-1\" \/>\n<link rel=\"canonical\" href=\"https:\/\/silqui-tex.com.ar\/pt\/produto\/silqui-tex-repuestos-y-accesorios-textiles\/\" \/>\n<meta property=\"og:locale\" content=\"pt_BR\" \/>\n<meta property=\"og:type\" content=\"article\" \/>\n<meta property=\"og:title\" content=\"SQ International Repuestos y accesorios Textiles. - Silqui-Tex\" \/>\n<meta property=\"og:description\" content=\"Silqui-Tex puede proveer directamente de exterior todo tipo de repuestos para la industria textil (HILANDER\u00cdA-TEJEDUR\u00cdA-TINTORERIA)\" \/>\n<meta property=\"og:url\" content=\"https:\/\/silqui-tex.com.ar\/pt\/produto\/silqui-tex-repuestos-y-accesorios-textiles\/\" \/>\n<meta property=\"og:site_name\" content=\"Silqui-Tex\" \/>\n<meta property=\"article:modified_time\" content=\"2024-02-23T11:31:07+00:00\" \/>\n<meta property=\"og:image\" content=\"https:\/\/silqui-tex.com.ar\/wp-content\/uploads\/2023\/12\/EF63EC51-ECD7-4BCC-89CF-7588D83641F3.jpeg\" \/>\n\t<meta property=\"og:image:width\" content=\"2000\" \/>\n\t<meta property=\"og:image:height\" content=\"2000\" \/>\n\t<meta property=\"og:image:type\" content=\"image\/jpeg\" \/>\n<meta name=\"twitter:card\" content=\"summary_large_image\" \/>\n<meta name=\"twitter:label1\" content=\"Est. tempo de leitura\" \/>\n\t<meta name=\"twitter:data1\" content=\"1 minuto\" \/>\n<script type=\"application\/ld+json\" class=\"yoast-schema-graph\">{\"@context\":\"https:\\\/\\\/schema.org\",\"@graph\":[{\"@type\":\"WebPage\",\"@id\":\"https:\\\/\\\/silqui-tex.com.ar\\\/producto\\\/silqui-tex-repuestos-y-accesorios-textiles\\\/\",\"url\":\"https:\\\/\\\/silqui-tex.com.ar\\\/producto\\\/silqui-tex-repuestos-y-accesorios-textiles\\\/\",\"name\":\"SQ International Repuestos y accesorios Textiles. - Silqui-Tex\",\"isPartOf\":{\"@id\":\"https:\\\/\\\/silqui-tex.com.ar\\\/#website\"},\"primaryImageOfPage\":{\"@id\":\"https:\\\/\\\/silqui-tex.com.ar\\\/producto\\\/silqui-tex-repuestos-y-accesorios-textiles\\\/#primaryimage\"},\"image\":{\"@id\":\"https:\\\/\\\/silqui-tex.com.ar\\\/producto\\\/silqui-tex-repuestos-y-accesorios-textiles\\\/#primaryimage\"},\"thumbnailUrl\":\"https:\\\/\\\/silqui-tex.com.ar\\\/wp-content\\\/uploads\\\/2023\\\/12\\\/EF63EC51-ECD7-4BCC-89CF-7588D83641F3.jpeg\",\"datePublished\":\"2023-12-07T22:18:14+00:00\",\"dateModified\":\"2024-02-23T11:31:07+00:00\",\"description\":\"Silqui-Tex puede proveer directamente de exterior todo tipo de repuestos para la industria textil (HILANDER\u00cdA-TEJEDUR\u00cdA-TINTORERIA)\",\"breadcrumb\":{\"@id\":\"https:\\\/\\\/silqui-tex.com.ar\\\/producto\\\/silqui-tex-repuestos-y-accesorios-textiles\\\/#breadcrumb\"},\"inLanguage\":\"pt-BR\",\"potentialAction\":[{\"@type\":\"ReadAction\",\"target\":[\"https:\\\/\\\/silqui-tex.com.ar\\\/producto\\\/silqui-tex-repuestos-y-accesorios-textiles\\\/\"]}]},{\"@type\":\"ImageObject\",\"inLanguage\":\"pt-BR\",\"@id\":\"https:\\\/\\\/silqui-tex.com.ar\\\/producto\\\/silqui-tex-repuestos-y-accesorios-textiles\\\/#primaryimage\",\"url\":\"https:\\\/\\\/silqui-tex.com.ar\\\/wp-content\\\/uploads\\\/2023\\\/12\\\/EF63EC51-ECD7-4BCC-89CF-7588D83641F3.jpeg\",\"contentUrl\":\"https:\\\/\\\/silqui-tex.com.ar\\\/wp-content\\\/uploads\\\/2023\\\/12\\\/EF63EC51-ECD7-4BCC-89CF-7588D83641F3.jpeg\",\"width\":2000,\"height\":2000},{\"@type\":\"BreadcrumbList\",\"@id\":\"https:\\\/\\\/silqui-tex.com.ar\\\/producto\\\/silqui-tex-repuestos-y-accesorios-textiles\\\/#breadcrumb\",\"itemListElement\":[{\"@type\":\"ListItem\",\"position\":1,\"name\":\"Portada\",\"item\":\"https:\\\/\\\/silqui-tex.com.ar\\\/\"},{\"@type\":\"ListItem\",\"position\":2,\"name\":\"Tienda\",\"item\":\"https:\\\/\\\/silqui-tex.com.ar\\\/tienda\\\/\"},{\"@type\":\"ListItem\",\"position\":3,\"name\":\"SQ International Repuestos y accesorios Textiles.\"}]},{\"@type\":\"WebSite\",\"@id\":\"https:\\\/\\\/silqui-tex.com.ar\\\/#website\",\"url\":\"https:\\\/\\\/silqui-tex.com.ar\\\/\",\"name\":\"Silqui-Tex\",\"description\":\"Silqui-Tex se especializa en la venta de maquinaria textil y soluciones innovadoras para la industria, con m\u00e1s de 40 a\u00f1os de experiencia en Am\u00e9rica Latina, ofreciendo tecnolog\u00eda de calidad, servicios personalizados y un enfoque en el desarrollo sostenible.\",\"potentialAction\":[{\"@type\":\"SearchAction\",\"target\":{\"@type\":\"EntryPoint\",\"urlTemplate\":\"https:\\\/\\\/silqui-tex.com.ar\\\/?s={search_term_string}\"},\"query-input\":{\"@type\":\"PropertyValueSpecification\",\"valueRequired\":true,\"valueName\":\"search_term_string\"}}],\"inLanguage\":\"pt-BR\"}]}<\/script>\n<!-- \/ Yoast SEO plugin. -->","yoast_head_json":{"title":"SQ International Repuestos y accesorios Textiles. - Silqui-Tex","description":"Silqui-Tex puede proveer directamente de exterior todo tipo de repuestos para la industria textil (HILANDER\u00cdA-TEJEDUR\u00cdA-TINTORERIA)","robots":{"index":"index","follow":"follow","max-snippet":"max-snippet:-1","max-image-preview":"max-image-preview:large","max-video-preview":"max-video-preview:-1"},"canonical":"https:\/\/silqui-tex.com.ar\/pt\/produto\/silqui-tex-repuestos-y-accesorios-textiles\/","og_locale":"pt_BR","og_type":"article","og_title":"SQ International Repuestos y accesorios Textiles. - Silqui-Tex","og_description":"Silqui-Tex puede proveer directamente de exterior todo tipo de repuestos para la industria textil (HILANDER\u00cdA-TEJEDUR\u00cdA-TINTORERIA)","og_url":"https:\/\/silqui-tex.com.ar\/pt\/produto\/silqui-tex-repuestos-y-accesorios-textiles\/","og_site_name":"Silqui-Tex","article_modified_time":"2024-02-23T11:31:07+00:00","og_image":[{"width":2000,"height":2000,"url":"https:\/\/silqui-tex.com.ar\/wp-content\/uploads\/2023\/12\/EF63EC51-ECD7-4BCC-89CF-7588D83641F3.jpeg","type":"image\/jpeg"}],"twitter_card":"summary_large_image","twitter_misc":{"Est. tempo de leitura":"1 minuto"},"schema":{"@context":"https:\/\/schema.org","@graph":[{"@type":"WebPage","@id":"https:\/\/silqui-tex.com.ar\/producto\/silqui-tex-repuestos-y-accesorios-textiles\/","url":"https:\/\/silqui-tex.com.ar\/producto\/silqui-tex-repuestos-y-accesorios-textiles\/","name":"SQ International Repuestos y accesorios Textiles. - Silqui-Tex","isPartOf":{"@id":"https:\/\/silqui-tex.com.ar\/#website"},"primaryImageOfPage":{"@id":"https:\/\/silqui-tex.com.ar\/producto\/silqui-tex-repuestos-y-accesorios-textiles\/#primaryimage"},"image":{"@id":"https:\/\/silqui-tex.com.ar\/producto\/silqui-tex-repuestos-y-accesorios-textiles\/#primaryimage"},"thumbnailUrl":"https:\/\/silqui-tex.com.ar\/wp-content\/uploads\/2023\/12\/EF63EC51-ECD7-4BCC-89CF-7588D83641F3.jpeg","datePublished":"2023-12-07T22:18:14+00:00","dateModified":"2024-02-23T11:31:07+00:00","description":"Silqui-Tex puede proveer directamente de exterior todo tipo de repuestos para la industria textil (HILANDER\u00cdA-TEJEDUR\u00cdA-TINTORERIA)","breadcrumb":{"@id":"https:\/\/silqui-tex.com.ar\/producto\/silqui-tex-repuestos-y-accesorios-textiles\/#breadcrumb"},"inLanguage":"pt-BR","potentialAction":[{"@type":"ReadAction","target":["https:\/\/silqui-tex.com.ar\/producto\/silqui-tex-repuestos-y-accesorios-textiles\/"]}]},{"@type":"ImageObject","inLanguage":"pt-BR","@id":"https:\/\/silqui-tex.com.ar\/producto\/silqui-tex-repuestos-y-accesorios-textiles\/#primaryimage","url":"https:\/\/silqui-tex.com.ar\/wp-content\/uploads\/2023\/12\/EF63EC51-ECD7-4BCC-89CF-7588D83641F3.jpeg","contentUrl":"https:\/\/silqui-tex.com.ar\/wp-content\/uploads\/2023\/12\/EF63EC51-ECD7-4BCC-89CF-7588D83641F3.jpeg","width":2000,"height":2000},{"@type":"BreadcrumbList","@id":"https:\/\/silqui-tex.com.ar\/producto\/silqui-tex-repuestos-y-accesorios-textiles\/#breadcrumb","itemListElement":[{"@type":"ListItem","position":1,"name":"Portada","item":"https:\/\/silqui-tex.com.ar\/"},{"@type":"ListItem","position":2,"name":"Tienda","item":"https:\/\/silqui-tex.com.ar\/tienda\/"},{"@type":"ListItem","position":3,"name":"SQ International Repuestos y accesorios Textiles."}]},{"@type":"WebSite","@id":"https:\/\/silqui-tex.com.ar\/#website","url":"https:\/\/silqui-tex.com.ar\/","name":"Silqui-Tex","description":"Silqui-Tex se especializa en la venta de maquinaria textil y soluciones innovadoras para la industria, con m\u00e1s de 40 a\u00f1os de experiencia en Am\u00e9rica Latina, ofreciendo tecnolog\u00eda de calidad, servicios personalizados y un enfoque en el desarrollo sostenible.","potentialAction":[{"@type":"SearchAction","target":{"@type":"EntryPoint","urlTemplate":"https:\/\/silqui-tex.com.ar\/?s={search_term_string}"},"query-input":{"@type":"PropertyValueSpecification","valueRequired":true,"valueName":"search_term_string"}}],"inLanguage":"pt-BR"}]}},"_links":{"self":[{"href":"https:\/\/silqui-tex.com.ar\/pt\/wp-json\/wp\/v2\/product\/1582","targetHints":{"allow":["GET"]}}],"collection":[{"href":"https:\/\/silqui-tex.com.ar\/pt\/wp-json\/wp\/v2\/product"}],"about":[{"href":"https:\/\/silqui-tex.com.ar\/pt\/wp-json\/wp\/v2\/types\/product"}],"wp:featuredmedia":[{"embeddable":true,"href":"https:\/\/silqui-tex.com.ar\/pt\/wp-json\/wp\/v2\/media\/2118"}],"wp:attachment":[{"href":"https:\/\/silqui-tex.com.ar\/pt\/wp-json\/wp\/v2\/media?parent=1582"}],"wp:term":[{"taxonomy":"product_brand","embeddable":true,"href":"https:\/\/silqui-tex.com.ar\/pt\/wp-json\/wp\/v2\/product_brand?post=1582"},{"taxonomy":"product_cat","embeddable":true,"href":"https:\/\/silqui-tex.com.ar\/pt\/wp-json\/wp\/v2\/product_cat?post=1582"},{"taxonomy":"product_tag","embeddable":true,"href":"https:\/\/silqui-tex.com.ar\/pt\/wp-json\/wp\/v2\/product_tag?post=1582"}],"curies":[{"name":"wp","href":"https:\/\/api.w.org\/{rel}","templated":true}]}}