{"id":2536,"date":"2024-10-28T01:21:30","date_gmt":"2024-10-28T01:21:30","guid":{"rendered":"https:\/\/silqui-tex.com.ar\/?post_type=product&#038;p=2536"},"modified":"2025-12-27T21:05:49","modified_gmt":"2025-12-27T21:05:49","slug":"linea-de-maquinas-de-reciclaje-textil-maquinaria-nueva","status":"publish","type":"product","link":"https:\/\/silqui-tex.com.ar\/pt\/produto\/linea-de-maquinas-de-reciclaje-textil-maquinaria-nueva\/","title":{"rendered":"L\u00ednea de M\u00e1quinas de Reciclaje Textil (Maquinaria Nueva)"},"content":{"rendered":"<h3>1. <strong>M\u00e1quina de Corte GM800C<\/strong><\/h3>\n<ul>\n<li><strong>Cantidad<\/strong>: 1 set<\/li>\n<li><strong>Dimensiones<\/strong>: 3200 mm (largo) x 1000 mm (ancho) x 1100 mm (alto)<\/li>\n<li><strong>Peso<\/strong>: 800 kg<\/li>\n<li><strong>Potencia total<\/strong>: 7 kW<\/li>\n<li><strong>Motor<\/strong>: 380V, trif\u00e1sico, 60Hz<\/li>\n<li><strong>Protecci\u00f3n del motor<\/strong>: Protecci\u00f3n contra sobrecarga y falta de fase<\/li>\n<li><strong>Ancho de trabajo<\/strong>: 350 mm (no ajustable)<\/li>\n<li><strong>Cuchillas<\/strong>: 4 cuchillas rotativas y 1 cuchilla fija<\/li>\n<li><strong>Rodamientos<\/strong>: Rodamientos de alta calidad<\/li>\n<li><strong>M\u00e9todo de conexi\u00f3n<\/strong>: Banda transportadora<\/li>\n<li><strong>Componentes el\u00e9ctricos<\/strong>: Marca CHINT<\/li>\n<li><strong>Capacidad<\/strong>: 500-800 kg\/h<\/li>\n<li><strong>Notas adicionales<\/strong>: Fabricaci\u00f3n con equipo CNC y pruebas de equilibrio din\u00e1mico para los ejes rotativos.<\/li>\n<\/ul>\n<h3>2. <strong>L\u00ednea de M\u00e1quinas de Reciclaje Textil GM600<em>1 y GM400<\/em>3<\/strong><\/h3>\n<ul>\n<li><strong>Cantidad<\/strong>: 1 set<\/li>\n<li><strong>Modelos<\/strong>: GM600-1300 (1 m\u00e1quina) y GM400-1300 (3 m\u00e1quinas)<\/li>\n<li><strong>Peso total<\/strong>: 4,300 kg<\/li>\n<li><strong>Potencia de los motores<\/strong>: 30 kW (apertura) + 11 kW + 7.5 kW (2 motores de limpieza)<\/li>\n<li><strong>Ancho de trabajo<\/strong>: 1300 mm (no ajustable)<\/li>\n<li><strong>Rodillos<\/strong>:\n<ul>\n<li>M\u00e1quina de apertura: \u03a6600 mm (tipo de ropa de alambre o placa de clavos)<\/li>\n<li>M\u00e1quinas de limpieza: \u03a6400 mm (tipo de ropa de alambre)<\/li>\n<\/ul>\n<\/li>\n<li><strong>Capacidad de producci\u00f3n<\/strong>:\n<ul>\n<li>Hasta 200 kg\/h para fibras adaptadas a la hilatura<\/li>\n<li>Hasta 230 kg\/h para fibras no tejidas o de relleno<\/li>\n<\/ul>\n<\/li>\n<li><strong>Protecci\u00f3n el\u00e9ctrica<\/strong>: Protecci\u00f3n contra sobrecarga del motor y control por sensor fotoel\u00e9ctrico<\/li>\n<li><strong>Componentes el\u00e9ctricos<\/strong>: Marcas primer nivel<\/li>\n<li><strong>Color de la m\u00e1quina<\/strong>: Seg\u00fan especificaci\u00f3n del cliente<\/li>\n<li><strong>Accesorios incluidos<\/strong>:\n<ul>\n<li>Motores para la m\u00e1quina de apertura y m\u00e1quinas de limpieza<\/li>\n<li>Tuber\u00eda para conectar toda la l\u00ednea<\/li>\n<li>Gabinete de control para gestionar las m\u00e1quinas<\/li>\n<\/ul>\n<\/li>\n<\/ul>","protected":false},"excerpt":{"rendered":"<p>1. M\u00e1quina de Corte GM800C 1000 mm (ancho) .2. L\u00ednea de M\u00e1quinas de Reciclaje Textil GM6001 y GM4003 Ancho de trabajo: 1300 mm (no ajustable)<\/p>","protected":false},"featured_media":2537,"template":"","meta":[],"product_brand":[],"product_cat":[37,64],"product_tag":[68,69,71,70],"class_list":{"0":"post-2536","1":"product","2":"type-product","3":"status-publish","4":"has-post-thumbnail","6":"product_cat-maquinaria-textil-nueva","7":"product_cat-nuestra-marca","8":"product_tag-maquinaria-textil","9":"product_tag-maquinas-de-reciclado","10":"product_tag-reciclado","11":"product_tag-reciclado-textil","13":"first","14":"instock","15":"shipping-taxable","16":"product-type-simple"},"yoast_head":"<!-- This site is optimized with the Yoast SEO plugin v27.3 - https:\/\/yoast.com\/product\/yoast-seo-wordpress\/ -->\n<title>L\u00ednea de M\u00e1quinas de Reciclaje Textil (Maquinaria Nueva) - Silqui-Tex<\/title>\n<meta name=\"description\" content=\"1. M\u00e1quina de Corte GM800C 1000 mm (ancho) .2. L\u00ednea de M\u00e1quinas de Reciclaje Textil GM6001 y GM4003 Ancho de trabajo: 1300 mm (no ajustable)\" \/>\n<meta name=\"robots\" content=\"index, follow, max-snippet:-1, max-image-preview:large, max-video-preview:-1\" \/>\n<link rel=\"canonical\" href=\"https:\/\/silqui-tex.com.ar\/pt\/produto\/linea-de-maquinas-de-reciclaje-textil-maquinaria-nueva\/\" \/>\n<meta property=\"og:locale\" content=\"pt_BR\" \/>\n<meta property=\"og:type\" content=\"article\" \/>\n<meta property=\"og:title\" content=\"L\u00ednea de M\u00e1quinas de Reciclaje Textil (Maquinaria Nueva) - Silqui-Tex\" \/>\n<meta property=\"og:description\" content=\"1. M\u00e1quina de Corte GM800C 1000 mm (ancho) .2. L\u00ednea de M\u00e1quinas de Reciclaje Textil GM6001 y GM4003 Ancho de trabajo: 1300 mm (no ajustable)\" \/>\n<meta property=\"og:url\" content=\"https:\/\/silqui-tex.com.ar\/pt\/produto\/linea-de-maquinas-de-reciclaje-textil-maquinaria-nueva\/\" \/>\n<meta property=\"og:site_name\" content=\"Silqui-Tex\" \/>\n<meta property=\"article:modified_time\" content=\"2025-12-27T21:05:49+00:00\" \/>\n<meta property=\"og:image\" content=\"https:\/\/silqui-tex.com.ar\/wp-content\/uploads\/2024\/10\/2FBAA5F5-BC17-4435-881C-89733A2236B3-scaled.webp\" \/>\n\t<meta property=\"og:image:width\" content=\"1920\" \/>\n\t<meta property=\"og:image:height\" content=\"1391\" \/>\n\t<meta property=\"og:image:type\" content=\"image\/webp\" \/>\n<meta name=\"twitter:card\" content=\"summary_large_image\" \/>\n<meta name=\"twitter:label1\" content=\"Est. tempo de leitura\" \/>\n\t<meta name=\"twitter:data1\" content=\"2 minutos\" \/>\n<script type=\"application\/ld+json\" class=\"yoast-schema-graph\">{\"@context\":\"https:\\\/\\\/schema.org\",\"@graph\":[{\"@type\":\"WebPage\",\"@id\":\"https:\\\/\\\/silqui-tex.com.ar\\\/producto\\\/linea-de-maquinas-de-reciclaje-textil-maquinaria-nueva\\\/\",\"url\":\"https:\\\/\\\/silqui-tex.com.ar\\\/producto\\\/linea-de-maquinas-de-reciclaje-textil-maquinaria-nueva\\\/\",\"name\":\"L\u00ednea de M\u00e1quinas de Reciclaje Textil (Maquinaria Nueva) - Silqui-Tex\",\"isPartOf\":{\"@id\":\"https:\\\/\\\/silqui-tex.com.ar\\\/#website\"},\"primaryImageOfPage\":{\"@id\":\"https:\\\/\\\/silqui-tex.com.ar\\\/producto\\\/linea-de-maquinas-de-reciclaje-textil-maquinaria-nueva\\\/#primaryimage\"},\"image\":{\"@id\":\"https:\\\/\\\/silqui-tex.com.ar\\\/producto\\\/linea-de-maquinas-de-reciclaje-textil-maquinaria-nueva\\\/#primaryimage\"},\"thumbnailUrl\":\"https:\\\/\\\/silqui-tex.com.ar\\\/wp-content\\\/uploads\\\/2024\\\/10\\\/2FBAA5F5-BC17-4435-881C-89733A2236B3-scaled.jpeg\",\"datePublished\":\"2024-10-28T01:21:30+00:00\",\"dateModified\":\"2025-12-27T21:05:49+00:00\",\"description\":\"1. M\u00e1quina de Corte GM800C 1000 mm (ancho) .2. L\u00ednea de M\u00e1quinas de Reciclaje Textil GM6001 y GM4003 Ancho de trabajo: 1300 mm (no ajustable)\",\"breadcrumb\":{\"@id\":\"https:\\\/\\\/silqui-tex.com.ar\\\/producto\\\/linea-de-maquinas-de-reciclaje-textil-maquinaria-nueva\\\/#breadcrumb\"},\"inLanguage\":\"pt-BR\",\"potentialAction\":[{\"@type\":\"ReadAction\",\"target\":[\"https:\\\/\\\/silqui-tex.com.ar\\\/producto\\\/linea-de-maquinas-de-reciclaje-textil-maquinaria-nueva\\\/\"]}]},{\"@type\":\"ImageObject\",\"inLanguage\":\"pt-BR\",\"@id\":\"https:\\\/\\\/silqui-tex.com.ar\\\/producto\\\/linea-de-maquinas-de-reciclaje-textil-maquinaria-nueva\\\/#primaryimage\",\"url\":\"https:\\\/\\\/silqui-tex.com.ar\\\/wp-content\\\/uploads\\\/2024\\\/10\\\/2FBAA5F5-BC17-4435-881C-89733A2236B3-scaled.jpeg\",\"contentUrl\":\"https:\\\/\\\/silqui-tex.com.ar\\\/wp-content\\\/uploads\\\/2024\\\/10\\\/2FBAA5F5-BC17-4435-881C-89733A2236B3-scaled.jpeg\",\"width\":2560,\"height\":1854},{\"@type\":\"BreadcrumbList\",\"@id\":\"https:\\\/\\\/silqui-tex.com.ar\\\/producto\\\/linea-de-maquinas-de-reciclaje-textil-maquinaria-nueva\\\/#breadcrumb\",\"itemListElement\":[{\"@type\":\"ListItem\",\"position\":1,\"name\":\"Portada\",\"item\":\"https:\\\/\\\/silqui-tex.com.ar\\\/\"},{\"@type\":\"ListItem\",\"position\":2,\"name\":\"Tienda\",\"item\":\"https:\\\/\\\/silqui-tex.com.ar\\\/tienda\\\/\"},{\"@type\":\"ListItem\",\"position\":3,\"name\":\"L\u00ednea de M\u00e1quinas de Reciclaje Textil (Maquinaria Nueva)\"}]},{\"@type\":\"WebSite\",\"@id\":\"https:\\\/\\\/silqui-tex.com.ar\\\/#website\",\"url\":\"https:\\\/\\\/silqui-tex.com.ar\\\/\",\"name\":\"Silqui-Tex\",\"description\":\"Silqui-Tex se especializa en la venta de maquinaria textil y soluciones innovadoras para la industria, con m\u00e1s de 40 a\u00f1os de experiencia en Am\u00e9rica Latina, ofreciendo tecnolog\u00eda de calidad, servicios personalizados y un enfoque en el desarrollo sostenible.\",\"potentialAction\":[{\"@type\":\"SearchAction\",\"target\":{\"@type\":\"EntryPoint\",\"urlTemplate\":\"https:\\\/\\\/silqui-tex.com.ar\\\/?s={search_term_string}\"},\"query-input\":{\"@type\":\"PropertyValueSpecification\",\"valueRequired\":true,\"valueName\":\"search_term_string\"}}],\"inLanguage\":\"pt-BR\"}]}<\/script>\n<!-- \/ Yoast SEO plugin. -->","yoast_head_json":{"title":"L\u00ednea de M\u00e1quinas de Reciclaje Textil (Maquinaria Nueva) - Silqui-Tex","description":"1. M\u00e1quina de Corte GM800C 1000 mm (ancho) .2. L\u00ednea de M\u00e1quinas de Reciclaje Textil GM6001 y GM4003 Ancho de trabajo: 1300 mm (no ajustable)","robots":{"index":"index","follow":"follow","max-snippet":"max-snippet:-1","max-image-preview":"max-image-preview:large","max-video-preview":"max-video-preview:-1"},"canonical":"https:\/\/silqui-tex.com.ar\/pt\/produto\/linea-de-maquinas-de-reciclaje-textil-maquinaria-nueva\/","og_locale":"pt_BR","og_type":"article","og_title":"L\u00ednea de M\u00e1quinas de Reciclaje Textil (Maquinaria Nueva) - Silqui-Tex","og_description":"1. M\u00e1quina de Corte GM800C 1000 mm (ancho) .2. L\u00ednea de M\u00e1quinas de Reciclaje Textil GM6001 y GM4003 Ancho de trabajo: 1300 mm (no ajustable)","og_url":"https:\/\/silqui-tex.com.ar\/pt\/produto\/linea-de-maquinas-de-reciclaje-textil-maquinaria-nueva\/","og_site_name":"Silqui-Tex","article_modified_time":"2025-12-27T21:05:49+00:00","og_image":[{"width":1920,"height":1391,"url":"https:\/\/silqui-tex.com.ar\/wp-content\/uploads\/2024\/10\/2FBAA5F5-BC17-4435-881C-89733A2236B3-scaled.webp","type":"image\/webp"}],"twitter_card":"summary_large_image","twitter_misc":{"Est. tempo de leitura":"2 minutos"},"schema":{"@context":"https:\/\/schema.org","@graph":[{"@type":"WebPage","@id":"https:\/\/silqui-tex.com.ar\/producto\/linea-de-maquinas-de-reciclaje-textil-maquinaria-nueva\/","url":"https:\/\/silqui-tex.com.ar\/producto\/linea-de-maquinas-de-reciclaje-textil-maquinaria-nueva\/","name":"L\u00ednea de M\u00e1quinas de Reciclaje Textil (Maquinaria Nueva) - Silqui-Tex","isPartOf":{"@id":"https:\/\/silqui-tex.com.ar\/#website"},"primaryImageOfPage":{"@id":"https:\/\/silqui-tex.com.ar\/producto\/linea-de-maquinas-de-reciclaje-textil-maquinaria-nueva\/#primaryimage"},"image":{"@id":"https:\/\/silqui-tex.com.ar\/producto\/linea-de-maquinas-de-reciclaje-textil-maquinaria-nueva\/#primaryimage"},"thumbnailUrl":"https:\/\/silqui-tex.com.ar\/wp-content\/uploads\/2024\/10\/2FBAA5F5-BC17-4435-881C-89733A2236B3-scaled.jpeg","datePublished":"2024-10-28T01:21:30+00:00","dateModified":"2025-12-27T21:05:49+00:00","description":"1. M\u00e1quina de Corte GM800C 1000 mm (ancho) .2. L\u00ednea de M\u00e1quinas de Reciclaje Textil GM6001 y GM4003 Ancho de trabajo: 1300 mm (no ajustable)","breadcrumb":{"@id":"https:\/\/silqui-tex.com.ar\/producto\/linea-de-maquinas-de-reciclaje-textil-maquinaria-nueva\/#breadcrumb"},"inLanguage":"pt-BR","potentialAction":[{"@type":"ReadAction","target":["https:\/\/silqui-tex.com.ar\/producto\/linea-de-maquinas-de-reciclaje-textil-maquinaria-nueva\/"]}]},{"@type":"ImageObject","inLanguage":"pt-BR","@id":"https:\/\/silqui-tex.com.ar\/producto\/linea-de-maquinas-de-reciclaje-textil-maquinaria-nueva\/#primaryimage","url":"https:\/\/silqui-tex.com.ar\/wp-content\/uploads\/2024\/10\/2FBAA5F5-BC17-4435-881C-89733A2236B3-scaled.jpeg","contentUrl":"https:\/\/silqui-tex.com.ar\/wp-content\/uploads\/2024\/10\/2FBAA5F5-BC17-4435-881C-89733A2236B3-scaled.jpeg","width":2560,"height":1854},{"@type":"BreadcrumbList","@id":"https:\/\/silqui-tex.com.ar\/producto\/linea-de-maquinas-de-reciclaje-textil-maquinaria-nueva\/#breadcrumb","itemListElement":[{"@type":"ListItem","position":1,"name":"Portada","item":"https:\/\/silqui-tex.com.ar\/"},{"@type":"ListItem","position":2,"name":"Tienda","item":"https:\/\/silqui-tex.com.ar\/tienda\/"},{"@type":"ListItem","position":3,"name":"L\u00ednea de M\u00e1quinas de Reciclaje Textil (Maquinaria Nueva)"}]},{"@type":"WebSite","@id":"https:\/\/silqui-tex.com.ar\/#website","url":"https:\/\/silqui-tex.com.ar\/","name":"Silqui-Tex","description":"Silqui-Tex se especializa en la venta de maquinaria textil y soluciones innovadoras para la industria, con m\u00e1s de 40 a\u00f1os de experiencia en Am\u00e9rica Latina, ofreciendo tecnolog\u00eda de calidad, servicios personalizados y un enfoque en el desarrollo sostenible.","potentialAction":[{"@type":"SearchAction","target":{"@type":"EntryPoint","urlTemplate":"https:\/\/silqui-tex.com.ar\/?s={search_term_string}"},"query-input":{"@type":"PropertyValueSpecification","valueRequired":true,"valueName":"search_term_string"}}],"inLanguage":"pt-BR"}]}},"_links":{"self":[{"href":"https:\/\/silqui-tex.com.ar\/pt\/wp-json\/wp\/v2\/product\/2536","targetHints":{"allow":["GET"]}}],"collection":[{"href":"https:\/\/silqui-tex.com.ar\/pt\/wp-json\/wp\/v2\/product"}],"about":[{"href":"https:\/\/silqui-tex.com.ar\/pt\/wp-json\/wp\/v2\/types\/product"}],"wp:featuredmedia":[{"embeddable":true,"href":"https:\/\/silqui-tex.com.ar\/pt\/wp-json\/wp\/v2\/media\/2537"}],"wp:attachment":[{"href":"https:\/\/silqui-tex.com.ar\/pt\/wp-json\/wp\/v2\/media?parent=2536"}],"wp:term":[{"taxonomy":"product_brand","embeddable":true,"href":"https:\/\/silqui-tex.com.ar\/pt\/wp-json\/wp\/v2\/product_brand?post=2536"},{"taxonomy":"product_cat","embeddable":true,"href":"https:\/\/silqui-tex.com.ar\/pt\/wp-json\/wp\/v2\/product_cat?post=2536"},{"taxonomy":"product_tag","embeddable":true,"href":"https:\/\/silqui-tex.com.ar\/pt\/wp-json\/wp\/v2\/product_tag?post=2536"}],"curies":[{"name":"wp","href":"https:\/\/api.w.org\/{rel}","templated":true}]}}