{"id":2741,"date":"2025-01-16T12:13:48","date_gmt":"2025-01-16T12:13:48","guid":{"rendered":"https:\/\/silqui-tex.com.ar\/?post_type=product&#038;p=2741"},"modified":"2025-01-16T12:17:40","modified_gmt":"2025-01-16T12:17:40","slug":"acopladora-marca-hisburguer","status":"publish","type":"product","link":"https:\/\/silqui-tex.com.ar\/pt\/produto\/acopladora-marca-hisburguer\/","title":{"rendered":"Acopladora marca HISBURGUER"},"content":{"rendered":"<p style=\"font-weight: 400;\"><strong>Acopladora marca HISBURGUER<\/strong>:<\/p>\n<ul style=\"font-weight: 400;\">\n<li><strong>Capacidad<\/strong>: 40 posiciones distribuidas en dos frentes.<\/li>\n<li><strong>Funcionamiento<\/strong>: Acopla hasta 4 cabos, ideal para aumentar la productividad con precisi\u00f3n.<\/li>\n<li><strong>Sistema de seguridad<\/strong>: Paro el\u00e9ctrico incluido para garantizar un funcionamiento seguro.<\/li>\n<li><strong>Configuraci\u00f3n de cilindros<\/strong>: Cursa 10 cilindros cil\u00edndricos para un rendimiento robusto y eficiente.<\/li>\n<\/ul>\n<p>&nbsp;<\/p>\n<hr \/>\n<p><strong>Silqui-Tex International<\/strong>: Trayectoria, Innovaci\u00f3n y Servicio en el sector textil.<\/p>","protected":false},"excerpt":{"rendered":"<p style=\"font-weight: 400;\"><strong>Acopladora marca HISBURGUER<\/strong>:<\/p>\n<ul style=\"font-weight: 400;\">\n<li><strong>Capacidad<\/strong>: 40 posiciones distribuidas en dos frentes.<\/li>\n<li><strong>Funcionamiento<\/strong>: Acopla hasta 4 cabos, ideal para aumentar la productividad con precisi\u00f3n.<\/li>\n<li><strong>Sistema de seguridad<\/strong>: Paro el\u00e9ctrico incluido para garantizar un funcionamiento seguro.<\/li>\n<li><strong>Configuraci\u00f3n de cilindros<\/strong>: Cursa 10 cilindros cil\u00edndricos para un rendimiento robusto y eficiente.<\/li>\n<\/ul>","protected":false},"featured_media":2742,"template":"","meta":[],"product_brand":[],"product_cat":[75],"product_tag":[],"class_list":{"0":"post-2741","1":"product","2":"type-product","3":"status-publish","4":"has-post-thumbnail","6":"product_cat-stock","8":"first","9":"instock","10":"shipping-taxable","11":"product-type-simple"},"yoast_head":"<!-- This site is optimized with the Yoast SEO plugin v27.3 - https:\/\/yoast.com\/product\/yoast-seo-wordpress\/ -->\n<title>Acopladora marca HISBURGUER - Silqui-Tex<\/title>\n<meta name=\"description\" content=\"Acopladora marca HISBURGUER:Capacidad: 40 posiciones distribuidas en dos frentes.Funcionamiento: Acopla hasta 4 cabos, ideal para aumentar la productividad con precisi\u00f3n.Sistema de seguridad: Paro el\u00e9ctrico incluido para garantizar un funcionamiento seguro.Configuraci\u00f3n de cilindros: Cursa 10 cilindros cil\u00edndricos para un rendimiento robusto y eficiente.\" \/>\n<meta name=\"robots\" content=\"index, follow, max-snippet:-1, max-image-preview:large, max-video-preview:-1\" \/>\n<link rel=\"canonical\" href=\"https:\/\/silqui-tex.com.ar\/pt\/produto\/acopladora-marca-hisburguer\/\" \/>\n<meta property=\"og:locale\" content=\"pt_BR\" \/>\n<meta property=\"og:type\" content=\"article\" \/>\n<meta property=\"og:title\" content=\"Acopladora marca HISBURGUER - Silqui-Tex\" \/>\n<meta property=\"og:description\" content=\"Acopladora marca HISBURGUER:Capacidad: 40 posiciones distribuidas en dos frentes.Funcionamiento: Acopla hasta 4 cabos, ideal para aumentar la productividad con precisi\u00f3n.Sistema de seguridad: Paro el\u00e9ctrico incluido para garantizar un funcionamiento seguro.Configuraci\u00f3n de cilindros: Cursa 10 cilindros cil\u00edndricos para un rendimiento robusto y eficiente.\" \/>\n<meta property=\"og:url\" content=\"https:\/\/silqui-tex.com.ar\/pt\/produto\/acopladora-marca-hisburguer\/\" \/>\n<meta property=\"og:site_name\" content=\"Silqui-Tex\" \/>\n<meta property=\"article:modified_time\" content=\"2025-01-16T12:17:40+00:00\" \/>\n<meta property=\"og:image\" content=\"https:\/\/silqui-tex.com.ar\/wp-content\/uploads\/2025\/01\/F94DEB61-2C43-4A9A-99C0-85EB57B5E566-scaled.jpeg\" \/>\n\t<meta property=\"og:image:width\" content=\"1920\" \/>\n\t<meta property=\"og:image:height\" content=\"2560\" \/>\n\t<meta property=\"og:image:type\" content=\"image\/jpeg\" \/>\n<meta name=\"twitter:card\" content=\"summary_large_image\" \/>\n<meta name=\"twitter:label1\" content=\"Est. tempo de leitura\" \/>\n\t<meta name=\"twitter:data1\" content=\"1 minuto\" \/>\n<script type=\"application\/ld+json\" class=\"yoast-schema-graph\">{\"@context\":\"https:\\\/\\\/schema.org\",\"@graph\":[{\"@type\":\"WebPage\",\"@id\":\"https:\\\/\\\/silqui-tex.com.ar\\\/producto\\\/acopladora-marca-hisburguer\\\/\",\"url\":\"https:\\\/\\\/silqui-tex.com.ar\\\/producto\\\/acopladora-marca-hisburguer\\\/\",\"name\":\"Acopladora marca HISBURGUER - Silqui-Tex\",\"isPartOf\":{\"@id\":\"https:\\\/\\\/silqui-tex.com.ar\\\/#website\"},\"primaryImageOfPage\":{\"@id\":\"https:\\\/\\\/silqui-tex.com.ar\\\/producto\\\/acopladora-marca-hisburguer\\\/#primaryimage\"},\"image\":{\"@id\":\"https:\\\/\\\/silqui-tex.com.ar\\\/producto\\\/acopladora-marca-hisburguer\\\/#primaryimage\"},\"thumbnailUrl\":\"https:\\\/\\\/silqui-tex.com.ar\\\/wp-content\\\/uploads\\\/2025\\\/01\\\/F94DEB61-2C43-4A9A-99C0-85EB57B5E566-scaled.jpeg\",\"datePublished\":\"2025-01-16T12:13:48+00:00\",\"dateModified\":\"2025-01-16T12:17:40+00:00\",\"description\":\"Acopladora marca HISBURGUER:Capacidad: 40 posiciones distribuidas en dos frentes.Funcionamiento: Acopla hasta 4 cabos, ideal para aumentar la productividad con precisi\u00f3n.Sistema de seguridad: Paro el\u00e9ctrico incluido para garantizar un funcionamiento seguro.Configuraci\u00f3n de cilindros: Cursa 10 cilindros cil\u00edndricos para un rendimiento robusto y eficiente.\",\"breadcrumb\":{\"@id\":\"https:\\\/\\\/silqui-tex.com.ar\\\/producto\\\/acopladora-marca-hisburguer\\\/#breadcrumb\"},\"inLanguage\":\"pt-BR\",\"potentialAction\":[{\"@type\":\"ReadAction\",\"target\":[\"https:\\\/\\\/silqui-tex.com.ar\\\/producto\\\/acopladora-marca-hisburguer\\\/\"]}]},{\"@type\":\"ImageObject\",\"inLanguage\":\"pt-BR\",\"@id\":\"https:\\\/\\\/silqui-tex.com.ar\\\/producto\\\/acopladora-marca-hisburguer\\\/#primaryimage\",\"url\":\"https:\\\/\\\/silqui-tex.com.ar\\\/wp-content\\\/uploads\\\/2025\\\/01\\\/F94DEB61-2C43-4A9A-99C0-85EB57B5E566-scaled.jpeg\",\"contentUrl\":\"https:\\\/\\\/silqui-tex.com.ar\\\/wp-content\\\/uploads\\\/2025\\\/01\\\/F94DEB61-2C43-4A9A-99C0-85EB57B5E566-scaled.jpeg\",\"width\":1920,\"height\":2560},{\"@type\":\"BreadcrumbList\",\"@id\":\"https:\\\/\\\/silqui-tex.com.ar\\\/producto\\\/acopladora-marca-hisburguer\\\/#breadcrumb\",\"itemListElement\":[{\"@type\":\"ListItem\",\"position\":1,\"name\":\"Portada\",\"item\":\"https:\\\/\\\/silqui-tex.com.ar\\\/\"},{\"@type\":\"ListItem\",\"position\":2,\"name\":\"Tienda\",\"item\":\"https:\\\/\\\/silqui-tex.com.ar\\\/tienda\\\/\"},{\"@type\":\"ListItem\",\"position\":3,\"name\":\"Acopladora marca HISBURGUER\"}]},{\"@type\":\"WebSite\",\"@id\":\"https:\\\/\\\/silqui-tex.com.ar\\\/#website\",\"url\":\"https:\\\/\\\/silqui-tex.com.ar\\\/\",\"name\":\"Silqui-Tex\",\"description\":\"Silqui-Tex se especializa en la venta de maquinaria textil y soluciones innovadoras para la industria, con m\u00e1s de 40 a\u00f1os de experiencia en Am\u00e9rica Latina, ofreciendo tecnolog\u00eda de calidad, servicios personalizados y un enfoque en el desarrollo sostenible.\",\"potentialAction\":[{\"@type\":\"SearchAction\",\"target\":{\"@type\":\"EntryPoint\",\"urlTemplate\":\"https:\\\/\\\/silqui-tex.com.ar\\\/?s={search_term_string}\"},\"query-input\":{\"@type\":\"PropertyValueSpecification\",\"valueRequired\":true,\"valueName\":\"search_term_string\"}}],\"inLanguage\":\"pt-BR\"}]}<\/script>\n<!-- \/ Yoast SEO plugin. -->","yoast_head_json":{"title":"Acopladora marca HISBURGUER - Silqui-Tex","description":"Acopladora marca HISBURGUER:Capacidad: 40 posiciones distribuidas en dos frentes.Funcionamiento: Acopla hasta 4 cabos, ideal para aumentar la productividad con precisi\u00f3n.Sistema de seguridad: Paro el\u00e9ctrico incluido para garantizar un funcionamiento seguro.Configuraci\u00f3n de cilindros: Cursa 10 cilindros cil\u00edndricos para un rendimiento robusto y eficiente.","robots":{"index":"index","follow":"follow","max-snippet":"max-snippet:-1","max-image-preview":"max-image-preview:large","max-video-preview":"max-video-preview:-1"},"canonical":"https:\/\/silqui-tex.com.ar\/pt\/produto\/acopladora-marca-hisburguer\/","og_locale":"pt_BR","og_type":"article","og_title":"Acopladora marca HISBURGUER - Silqui-Tex","og_description":"Acopladora marca HISBURGUER:Capacidad: 40 posiciones distribuidas en dos frentes.Funcionamiento: Acopla hasta 4 cabos, ideal para aumentar la productividad con precisi\u00f3n.Sistema de seguridad: Paro el\u00e9ctrico incluido para garantizar un funcionamiento seguro.Configuraci\u00f3n de cilindros: Cursa 10 cilindros cil\u00edndricos para un rendimiento robusto y eficiente.","og_url":"https:\/\/silqui-tex.com.ar\/pt\/produto\/acopladora-marca-hisburguer\/","og_site_name":"Silqui-Tex","article_modified_time":"2025-01-16T12:17:40+00:00","og_image":[{"width":1920,"height":2560,"url":"https:\/\/silqui-tex.com.ar\/wp-content\/uploads\/2025\/01\/F94DEB61-2C43-4A9A-99C0-85EB57B5E566-scaled.jpeg","type":"image\/jpeg"}],"twitter_card":"summary_large_image","twitter_misc":{"Est. tempo de leitura":"1 minuto"},"schema":{"@context":"https:\/\/schema.org","@graph":[{"@type":"WebPage","@id":"https:\/\/silqui-tex.com.ar\/producto\/acopladora-marca-hisburguer\/","url":"https:\/\/silqui-tex.com.ar\/producto\/acopladora-marca-hisburguer\/","name":"Acopladora marca HISBURGUER - Silqui-Tex","isPartOf":{"@id":"https:\/\/silqui-tex.com.ar\/#website"},"primaryImageOfPage":{"@id":"https:\/\/silqui-tex.com.ar\/producto\/acopladora-marca-hisburguer\/#primaryimage"},"image":{"@id":"https:\/\/silqui-tex.com.ar\/producto\/acopladora-marca-hisburguer\/#primaryimage"},"thumbnailUrl":"https:\/\/silqui-tex.com.ar\/wp-content\/uploads\/2025\/01\/F94DEB61-2C43-4A9A-99C0-85EB57B5E566-scaled.jpeg","datePublished":"2025-01-16T12:13:48+00:00","dateModified":"2025-01-16T12:17:40+00:00","description":"Acopladora marca HISBURGUER:Capacidad: 40 posiciones distribuidas en dos frentes.Funcionamiento: Acopla hasta 4 cabos, ideal para aumentar la productividad con precisi\u00f3n.Sistema de seguridad: Paro el\u00e9ctrico incluido para garantizar un funcionamiento seguro.Configuraci\u00f3n de cilindros: Cursa 10 cilindros cil\u00edndricos para un rendimiento robusto y eficiente.","breadcrumb":{"@id":"https:\/\/silqui-tex.com.ar\/producto\/acopladora-marca-hisburguer\/#breadcrumb"},"inLanguage":"pt-BR","potentialAction":[{"@type":"ReadAction","target":["https:\/\/silqui-tex.com.ar\/producto\/acopladora-marca-hisburguer\/"]}]},{"@type":"ImageObject","inLanguage":"pt-BR","@id":"https:\/\/silqui-tex.com.ar\/producto\/acopladora-marca-hisburguer\/#primaryimage","url":"https:\/\/silqui-tex.com.ar\/wp-content\/uploads\/2025\/01\/F94DEB61-2C43-4A9A-99C0-85EB57B5E566-scaled.jpeg","contentUrl":"https:\/\/silqui-tex.com.ar\/wp-content\/uploads\/2025\/01\/F94DEB61-2C43-4A9A-99C0-85EB57B5E566-scaled.jpeg","width":1920,"height":2560},{"@type":"BreadcrumbList","@id":"https:\/\/silqui-tex.com.ar\/producto\/acopladora-marca-hisburguer\/#breadcrumb","itemListElement":[{"@type":"ListItem","position":1,"name":"Portada","item":"https:\/\/silqui-tex.com.ar\/"},{"@type":"ListItem","position":2,"name":"Tienda","item":"https:\/\/silqui-tex.com.ar\/tienda\/"},{"@type":"ListItem","position":3,"name":"Acopladora marca HISBURGUER"}]},{"@type":"WebSite","@id":"https:\/\/silqui-tex.com.ar\/#website","url":"https:\/\/silqui-tex.com.ar\/","name":"Silqui-Tex","description":"Silqui-Tex se especializa en la venta de maquinaria textil y soluciones innovadoras para la industria, con m\u00e1s de 40 a\u00f1os de experiencia en Am\u00e9rica Latina, ofreciendo tecnolog\u00eda de calidad, servicios personalizados y un enfoque en el desarrollo sostenible.","potentialAction":[{"@type":"SearchAction","target":{"@type":"EntryPoint","urlTemplate":"https:\/\/silqui-tex.com.ar\/?s={search_term_string}"},"query-input":{"@type":"PropertyValueSpecification","valueRequired":true,"valueName":"search_term_string"}}],"inLanguage":"pt-BR"}]}},"_links":{"self":[{"href":"https:\/\/silqui-tex.com.ar\/pt\/wp-json\/wp\/v2\/product\/2741","targetHints":{"allow":["GET"]}}],"collection":[{"href":"https:\/\/silqui-tex.com.ar\/pt\/wp-json\/wp\/v2\/product"}],"about":[{"href":"https:\/\/silqui-tex.com.ar\/pt\/wp-json\/wp\/v2\/types\/product"}],"wp:featuredmedia":[{"embeddable":true,"href":"https:\/\/silqui-tex.com.ar\/pt\/wp-json\/wp\/v2\/media\/2742"}],"wp:attachment":[{"href":"https:\/\/silqui-tex.com.ar\/pt\/wp-json\/wp\/v2\/media?parent=2741"}],"wp:term":[{"taxonomy":"product_brand","embeddable":true,"href":"https:\/\/silqui-tex.com.ar\/pt\/wp-json\/wp\/v2\/product_brand?post=2741"},{"taxonomy":"product_cat","embeddable":true,"href":"https:\/\/silqui-tex.com.ar\/pt\/wp-json\/wp\/v2\/product_cat?post=2741"},{"taxonomy":"product_tag","embeddable":true,"href":"https:\/\/silqui-tex.com.ar\/pt\/wp-json\/wp\/v2\/product_tag?post=2741"}],"curies":[{"name":"wp","href":"https:\/\/api.w.org\/{rel}","templated":true}]}}