{"id":2745,"date":"2025-01-16T12:28:35","date_gmt":"2025-01-16T12:28:35","guid":{"rendered":"https:\/\/silqui-tex.com.ar\/?post_type=product&#038;p=2745"},"modified":"2025-01-16T12:38:37","modified_gmt":"2025-01-16T12:38:37","slug":"telares-vamatex-p1001es-ano-1997","status":"publish","type":"product","link":"https:\/\/silqui-tex.com.ar\/pt\/produto\/telares-vamatex-p1001es-ano-1997\/","title":{"rendered":"Tear Vamatex P1001ES, ano 1997"},"content":{"rendered":"<p>Telares Vamatex P1001ES, a\u00f1o 1997, con las siguientes caracter\u00edsticas:<\/p>\n<ul>\n<li><strong>Ancho de trabajo:<\/strong> 3.60 metros.<\/li>\n<li><strong>Sistema de movimiento de levas (excentros).<\/strong><\/li>\n<li><strong>Sistema de enrollador gigante.<\/strong><\/li>\n<li><strong>Configuraci\u00f3n:<\/strong> 6 cuadros.<\/li>\n<li><strong>Equipamiento adicional:<\/strong>\n<ul>\n<li>2 rollos gemelos.<\/li>\n<li>2 pre Sirio Progress.<\/li>\n<li>3,500 mallas y chapitas.<\/li>\n<\/ul>\n<\/li>\n<\/ul>\n<hr \/>\n<p><strong>Silqui-Tex International<\/strong>: Trayectoria, Innovaci\u00f3n y Servicio en el sector textil.<\/p>","protected":false},"excerpt":{"rendered":"<p>Telares Vamatex P1001ES, a\u00f1o 1997, con las siguientes caracter\u00edsticas:<\/p>\n<ul>\n<li><strong>Ancho de trabajo:<\/strong> 3.60 metros.<\/li>\n<li><strong>Sistema de movimiento de levas (excentros).<\/strong><\/li>\n<li><strong>Sistema de enrollador gigante.<\/strong><\/li>\n<li><strong>Configuraci\u00f3n:<\/strong> 6 cuadros.<\/li>\n<li><strong>Equipamiento adicional:<\/strong>\n<ul>\n<li>2 rollos gemelos.<\/li>\n<li>2 pre Sirio Progress.<\/li>\n<li>3,500 mallas y chapitas.<\/li>\n<\/ul>\n<\/li>\n<\/ul>","protected":false},"featured_media":2746,"template":"","meta":[],"product_brand":[],"product_cat":[75],"product_tag":[],"class_list":{"0":"post-2745","1":"product","2":"type-product","3":"status-publish","4":"has-post-thumbnail","6":"product_cat-stock","8":"first","9":"instock","10":"shipping-taxable","11":"product-type-simple"},"yoast_head":"<!-- This site is optimized with the Yoast SEO plugin v27.3 - https:\/\/yoast.com\/product\/yoast-seo-wordpress\/ -->\n<title>Telares Vamatex P1001ES, a\u00f1o 1997 - Silqui-Tex<\/title>\n<meta name=\"description\" content=\"Telares Vamatex P1001ES, a\u00f1o 1997\" \/>\n<meta name=\"robots\" content=\"index, follow, max-snippet:-1, max-image-preview:large, max-video-preview:-1\" \/>\n<link rel=\"canonical\" href=\"https:\/\/silqui-tex.com.ar\/pt\/produto\/telares-vamatex-p1001es-ano-1997\/\" \/>\n<meta property=\"og:locale\" content=\"pt_BR\" \/>\n<meta property=\"og:type\" content=\"article\" \/>\n<meta property=\"og:title\" content=\"Telares Vamatex P1001ES, a\u00f1o 1997 - Silqui-Tex\" \/>\n<meta property=\"og:description\" content=\"Telares Vamatex P1001ES, a\u00f1o 1997\" \/>\n<meta property=\"og:url\" content=\"https:\/\/silqui-tex.com.ar\/pt\/produto\/telares-vamatex-p1001es-ano-1997\/\" \/>\n<meta property=\"og:site_name\" content=\"Silqui-Tex\" \/>\n<meta property=\"article:modified_time\" content=\"2025-01-16T12:38:37+00:00\" \/>\n<meta property=\"og:image\" content=\"https:\/\/silqui-tex.com.ar\/wp-content\/uploads\/2025\/01\/D6DD52C1-98E7-4FEF-8E0D-5EAA0E5F60AD-scaled.jpeg\" \/>\n\t<meta property=\"og:image:width\" content=\"1920\" \/>\n\t<meta property=\"og:image:height\" content=\"2560\" \/>\n\t<meta property=\"og:image:type\" content=\"image\/jpeg\" \/>\n<meta name=\"twitter:card\" content=\"summary_large_image\" \/>\n<meta name=\"twitter:label1\" content=\"Est. tempo de leitura\" \/>\n\t<meta name=\"twitter:data1\" content=\"1 minuto\" \/>\n<script type=\"application\/ld+json\" class=\"yoast-schema-graph\">{\"@context\":\"https:\\\/\\\/schema.org\",\"@graph\":[{\"@type\":\"WebPage\",\"@id\":\"https:\\\/\\\/silqui-tex.com.ar\\\/producto\\\/telares-vamatex-p1001es-ano-1997\\\/\",\"url\":\"https:\\\/\\\/silqui-tex.com.ar\\\/producto\\\/telares-vamatex-p1001es-ano-1997\\\/\",\"name\":\"Telares Vamatex P1001ES, a\u00f1o 1997 - Silqui-Tex\",\"isPartOf\":{\"@id\":\"https:\\\/\\\/silqui-tex.com.ar\\\/#website\"},\"primaryImageOfPage\":{\"@id\":\"https:\\\/\\\/silqui-tex.com.ar\\\/producto\\\/telares-vamatex-p1001es-ano-1997\\\/#primaryimage\"},\"image\":{\"@id\":\"https:\\\/\\\/silqui-tex.com.ar\\\/producto\\\/telares-vamatex-p1001es-ano-1997\\\/#primaryimage\"},\"thumbnailUrl\":\"https:\\\/\\\/silqui-tex.com.ar\\\/wp-content\\\/uploads\\\/2025\\\/01\\\/D6DD52C1-98E7-4FEF-8E0D-5EAA0E5F60AD-scaled.jpeg\",\"datePublished\":\"2025-01-16T12:28:35+00:00\",\"dateModified\":\"2025-01-16T12:38:37+00:00\",\"description\":\"Telares Vamatex P1001ES, a\u00f1o 1997\",\"breadcrumb\":{\"@id\":\"https:\\\/\\\/silqui-tex.com.ar\\\/producto\\\/telares-vamatex-p1001es-ano-1997\\\/#breadcrumb\"},\"inLanguage\":\"pt-BR\",\"potentialAction\":[{\"@type\":\"ReadAction\",\"target\":[\"https:\\\/\\\/silqui-tex.com.ar\\\/producto\\\/telares-vamatex-p1001es-ano-1997\\\/\"]}]},{\"@type\":\"ImageObject\",\"inLanguage\":\"pt-BR\",\"@id\":\"https:\\\/\\\/silqui-tex.com.ar\\\/producto\\\/telares-vamatex-p1001es-ano-1997\\\/#primaryimage\",\"url\":\"https:\\\/\\\/silqui-tex.com.ar\\\/wp-content\\\/uploads\\\/2025\\\/01\\\/D6DD52C1-98E7-4FEF-8E0D-5EAA0E5F60AD-scaled.jpeg\",\"contentUrl\":\"https:\\\/\\\/silqui-tex.com.ar\\\/wp-content\\\/uploads\\\/2025\\\/01\\\/D6DD52C1-98E7-4FEF-8E0D-5EAA0E5F60AD-scaled.jpeg\",\"width\":1920,\"height\":2560},{\"@type\":\"BreadcrumbList\",\"@id\":\"https:\\\/\\\/silqui-tex.com.ar\\\/producto\\\/telares-vamatex-p1001es-ano-1997\\\/#breadcrumb\",\"itemListElement\":[{\"@type\":\"ListItem\",\"position\":1,\"name\":\"Portada\",\"item\":\"https:\\\/\\\/silqui-tex.com.ar\\\/\"},{\"@type\":\"ListItem\",\"position\":2,\"name\":\"Tienda\",\"item\":\"https:\\\/\\\/silqui-tex.com.ar\\\/tienda\\\/\"},{\"@type\":\"ListItem\",\"position\":3,\"name\":\"Telares Vamatex P1001ES, a\u00f1o 1997\"}]},{\"@type\":\"WebSite\",\"@id\":\"https:\\\/\\\/silqui-tex.com.ar\\\/#website\",\"url\":\"https:\\\/\\\/silqui-tex.com.ar\\\/\",\"name\":\"Silqui-Tex\",\"description\":\"Silqui-Tex se especializa en la venta de maquinaria textil y soluciones innovadoras para la industria, con m\u00e1s de 40 a\u00f1os de experiencia en Am\u00e9rica Latina, ofreciendo tecnolog\u00eda de calidad, servicios personalizados y un enfoque en el desarrollo sostenible.\",\"potentialAction\":[{\"@type\":\"SearchAction\",\"target\":{\"@type\":\"EntryPoint\",\"urlTemplate\":\"https:\\\/\\\/silqui-tex.com.ar\\\/?s={search_term_string}\"},\"query-input\":{\"@type\":\"PropertyValueSpecification\",\"valueRequired\":true,\"valueName\":\"search_term_string\"}}],\"inLanguage\":\"pt-BR\"}]}<\/script>\n<!-- \/ Yoast SEO plugin. -->","yoast_head_json":{"title":"Telares Vamatex P1001ES, a\u00f1o 1997 - Silqui-Tex","description":"Tear Vamatex P1001ES, ano 1997","robots":{"index":"index","follow":"follow","max-snippet":"max-snippet:-1","max-image-preview":"max-image-preview:large","max-video-preview":"max-video-preview:-1"},"canonical":"https:\/\/silqui-tex.com.ar\/pt\/produto\/telares-vamatex-p1001es-ano-1997\/","og_locale":"pt_BR","og_type":"article","og_title":"Telares Vamatex P1001ES, a\u00f1o 1997 - Silqui-Tex","og_description":"Telares Vamatex P1001ES, a\u00f1o 1997","og_url":"https:\/\/silqui-tex.com.ar\/pt\/produto\/telares-vamatex-p1001es-ano-1997\/","og_site_name":"Silqui-Tex","article_modified_time":"2025-01-16T12:38:37+00:00","og_image":[{"width":1920,"height":2560,"url":"https:\/\/silqui-tex.com.ar\/wp-content\/uploads\/2025\/01\/D6DD52C1-98E7-4FEF-8E0D-5EAA0E5F60AD-scaled.jpeg","type":"image\/jpeg"}],"twitter_card":"summary_large_image","twitter_misc":{"Est. tempo de leitura":"1 minuto"},"schema":{"@context":"https:\/\/schema.org","@graph":[{"@type":"WebPage","@id":"https:\/\/silqui-tex.com.ar\/producto\/telares-vamatex-p1001es-ano-1997\/","url":"https:\/\/silqui-tex.com.ar\/producto\/telares-vamatex-p1001es-ano-1997\/","name":"Telares Vamatex P1001ES, a\u00f1o 1997 - Silqui-Tex","isPartOf":{"@id":"https:\/\/silqui-tex.com.ar\/#website"},"primaryImageOfPage":{"@id":"https:\/\/silqui-tex.com.ar\/producto\/telares-vamatex-p1001es-ano-1997\/#primaryimage"},"image":{"@id":"https:\/\/silqui-tex.com.ar\/producto\/telares-vamatex-p1001es-ano-1997\/#primaryimage"},"thumbnailUrl":"https:\/\/silqui-tex.com.ar\/wp-content\/uploads\/2025\/01\/D6DD52C1-98E7-4FEF-8E0D-5EAA0E5F60AD-scaled.jpeg","datePublished":"2025-01-16T12:28:35+00:00","dateModified":"2025-01-16T12:38:37+00:00","description":"Tear Vamatex P1001ES, ano 1997","breadcrumb":{"@id":"https:\/\/silqui-tex.com.ar\/producto\/telares-vamatex-p1001es-ano-1997\/#breadcrumb"},"inLanguage":"pt-BR","potentialAction":[{"@type":"ReadAction","target":["https:\/\/silqui-tex.com.ar\/producto\/telares-vamatex-p1001es-ano-1997\/"]}]},{"@type":"ImageObject","inLanguage":"pt-BR","@id":"https:\/\/silqui-tex.com.ar\/producto\/telares-vamatex-p1001es-ano-1997\/#primaryimage","url":"https:\/\/silqui-tex.com.ar\/wp-content\/uploads\/2025\/01\/D6DD52C1-98E7-4FEF-8E0D-5EAA0E5F60AD-scaled.jpeg","contentUrl":"https:\/\/silqui-tex.com.ar\/wp-content\/uploads\/2025\/01\/D6DD52C1-98E7-4FEF-8E0D-5EAA0E5F60AD-scaled.jpeg","width":1920,"height":2560},{"@type":"BreadcrumbList","@id":"https:\/\/silqui-tex.com.ar\/producto\/telares-vamatex-p1001es-ano-1997\/#breadcrumb","itemListElement":[{"@type":"ListItem","position":1,"name":"Portada","item":"https:\/\/silqui-tex.com.ar\/"},{"@type":"ListItem","position":2,"name":"Tienda","item":"https:\/\/silqui-tex.com.ar\/tienda\/"},{"@type":"ListItem","position":3,"name":"Telares Vamatex P1001ES, a\u00f1o 1997"}]},{"@type":"WebSite","@id":"https:\/\/silqui-tex.com.ar\/#website","url":"https:\/\/silqui-tex.com.ar\/","name":"Silqui-Tex","description":"Silqui-Tex se especializa en la venta de maquinaria textil y soluciones innovadoras para la industria, con m\u00e1s de 40 a\u00f1os de experiencia en Am\u00e9rica Latina, ofreciendo tecnolog\u00eda de calidad, servicios personalizados y un enfoque en el desarrollo sostenible.","potentialAction":[{"@type":"SearchAction","target":{"@type":"EntryPoint","urlTemplate":"https:\/\/silqui-tex.com.ar\/?s={search_term_string}"},"query-input":{"@type":"PropertyValueSpecification","valueRequired":true,"valueName":"search_term_string"}}],"inLanguage":"pt-BR"}]}},"_links":{"self":[{"href":"https:\/\/silqui-tex.com.ar\/pt\/wp-json\/wp\/v2\/product\/2745","targetHints":{"allow":["GET"]}}],"collection":[{"href":"https:\/\/silqui-tex.com.ar\/pt\/wp-json\/wp\/v2\/product"}],"about":[{"href":"https:\/\/silqui-tex.com.ar\/pt\/wp-json\/wp\/v2\/types\/product"}],"wp:featuredmedia":[{"embeddable":true,"href":"https:\/\/silqui-tex.com.ar\/pt\/wp-json\/wp\/v2\/media\/2746"}],"wp:attachment":[{"href":"https:\/\/silqui-tex.com.ar\/pt\/wp-json\/wp\/v2\/media?parent=2745"}],"wp:term":[{"taxonomy":"product_brand","embeddable":true,"href":"https:\/\/silqui-tex.com.ar\/pt\/wp-json\/wp\/v2\/product_brand?post=2745"},{"taxonomy":"product_cat","embeddable":true,"href":"https:\/\/silqui-tex.com.ar\/pt\/wp-json\/wp\/v2\/product_cat?post=2745"},{"taxonomy":"product_tag","embeddable":true,"href":"https:\/\/silqui-tex.com.ar\/pt\/wp-json\/wp\/v2\/product_tag?post=2745"}],"curies":[{"name":"wp","href":"https:\/\/api.w.org\/{rel}","templated":true}]}}