{"id":2751,"date":"2025-01-17T12:05:18","date_gmt":"2025-01-17T12:05:18","guid":{"rendered":"https:\/\/silqui-tex.com.ar\/?post_type=product&#038;p=2751"},"modified":"2025-10-10T05:39:29","modified_gmt":"2025-10-10T05:39:29","slug":"maquinas-brazzoli","status":"publish","type":"product","link":"https:\/\/silqui-tex.com.ar\/pt\/produto\/maquinas-brazzoli\/","title":{"rendered":"M\u00e1quinas Brazzoli."},"content":{"rendered":"<p>Nos complace informar que contamos con dos m\u00e1quinas Brazzoli disponibles en nuestro dep\u00f3sito, listas para su entrega inmediata. Estas m\u00e1quinas destacan por su calidad, confiabilidad y eficiencia, ideales para optimizar procesos en la industria textil.<\/p>\n<h3>Detalles de las m\u00e1quinas:<\/h3>\n<ul>\n<li><strong>Brazzoli 250 kg:<\/strong><br \/>\nCapacidad de 250 kg por ba\u00f1o, fabricada en el a\u00f1o 2010, perfecta para operaciones de menor volumen con alta precisi\u00f3n.<\/li>\n<li><strong>Brazzoli 500 kg:<\/strong><br \/>\nCapacidad de 500 kg por ba\u00f1o, fabricada en el a\u00f1o 2010, dise\u00f1ada para atender mayores demandas de producci\u00f3n.<\/li>\n<\/ul>\n<p>Ambas m\u00e1quinas est\u00e1n en excelentes condiciones y disponibles para inspecci\u00f3n previa. Si buscas maquinaria de te\u00f1ido que combine tecnolog\u00eda avanzada y resultados \u00f3ptimos, estas opciones son ideales para tu negocio.<\/p>\n<p>Para consultas adicionales, informaci\u00f3n t\u00e9cnica detallada o coordinar una visita a nuestro dep\u00f3sito, no dudes en ponerte en contacto con nosotros. Estamos aqu\u00ed para ayudarte a encontrar la soluci\u00f3n que mejor se adapte a tus necesidades.<\/p>\n<p><a href=\"https:\/\/youtube.com\/shorts\/3TeMjdeIOlE?si=HrK_4J__Xz-3iXsu\"><span style=\"color: #ff0000;\"><strong>Para ver video Cliquea AQUI<\/strong><\/span><\/a><\/p>\n<hr \/>\n<p><strong>Silqui-Tex International<\/strong>: Trayectoria, Innovaci\u00f3n y Servicio en el sector textil.<\/p>","protected":false},"excerpt":{"rendered":"<ul>\n<li><strong>Brazzoli 250 kg:<\/strong><br \/>\nCapacidad de 250 kg por ba\u00f1o, fabricada en el a\u00f1o 2010, perfecta para operaciones de menor volumen con alta precisi\u00f3n.<\/li>\n<li><strong>Brazzoli 500 kg:<\/strong><br \/>\nCapacidad de 500 kg por ba\u00f1o, fabricada en el a\u00f1o 2010, dise\u00f1ada para atender mayores demandas de producci\u00f3n.<\/li>\n<\/ul>","protected":false},"featured_media":2752,"template":"","meta":[],"product_brand":[],"product_cat":[24],"product_tag":[],"class_list":{"0":"post-2751","1":"product","2":"type-product","3":"status-publish","4":"has-post-thumbnail","6":"product_cat-maquinaria-de-tintoreria","8":"first","9":"instock","10":"shipping-taxable","11":"product-type-simple"},"yoast_head":"<!-- This site is optimized with the Yoast SEO plugin v27.3 - https:\/\/yoast.com\/product\/yoast-seo-wordpress\/ -->\n<title>M\u00e1quinas Brazzoli. - Silqui-Tex<\/title>\n<meta name=\"description\" content=\"Brazzoli 250 kg:Capacidad de 250 kg por ba\u00f1o, fabricada en el a\u00f1o 2010, Brazzoli 500 kg:Capacidad de 500 kg por ba\u00f1o, fabricada en el a\u00f1o 2010\" \/>\n<meta name=\"robots\" content=\"index, follow, max-snippet:-1, max-image-preview:large, max-video-preview:-1\" \/>\n<link rel=\"canonical\" href=\"https:\/\/silqui-tex.com.ar\/pt\/produto\/maquinas-brazzoli\/\" \/>\n<meta property=\"og:locale\" content=\"pt_BR\" \/>\n<meta property=\"og:type\" content=\"article\" \/>\n<meta property=\"og:title\" content=\"M\u00e1quinas Brazzoli. - Silqui-Tex\" \/>\n<meta property=\"og:description\" content=\"Brazzoli 250 kg:Capacidad de 250 kg por ba\u00f1o, fabricada en el a\u00f1o 2010, Brazzoli 500 kg:Capacidad de 500 kg por ba\u00f1o, fabricada en el a\u00f1o 2010\" \/>\n<meta property=\"og:url\" content=\"https:\/\/silqui-tex.com.ar\/pt\/produto\/maquinas-brazzoli\/\" \/>\n<meta property=\"og:site_name\" content=\"Silqui-Tex\" \/>\n<meta property=\"article:modified_time\" content=\"2025-10-10T05:39:29+00:00\" \/>\n<meta property=\"og:image\" content=\"https:\/\/silqui-tex.com.ar\/wp-content\/uploads\/2025\/01\/11819C74-D533-4569-89C7-C5E808A3D928-scaled.webp\" \/>\n\t<meta property=\"og:image:width\" content=\"1920\" \/>\n\t<meta property=\"og:image:height\" content=\"1920\" \/>\n\t<meta property=\"og:image:type\" content=\"image\/webp\" \/>\n<meta name=\"twitter:card\" content=\"summary_large_image\" \/>\n<meta name=\"twitter:label1\" content=\"Est. tempo de leitura\" \/>\n\t<meta name=\"twitter:data1\" content=\"1 minuto\" \/>\n<script type=\"application\/ld+json\" class=\"yoast-schema-graph\">{\"@context\":\"https:\\\/\\\/schema.org\",\"@graph\":[{\"@type\":\"WebPage\",\"@id\":\"https:\\\/\\\/silqui-tex.com.ar\\\/producto\\\/maquinas-brazzoli\\\/\",\"url\":\"https:\\\/\\\/silqui-tex.com.ar\\\/producto\\\/maquinas-brazzoli\\\/\",\"name\":\"M\u00e1quinas Brazzoli. - Silqui-Tex\",\"isPartOf\":{\"@id\":\"https:\\\/\\\/silqui-tex.com.ar\\\/#website\"},\"primaryImageOfPage\":{\"@id\":\"https:\\\/\\\/silqui-tex.com.ar\\\/producto\\\/maquinas-brazzoli\\\/#primaryimage\"},\"image\":{\"@id\":\"https:\\\/\\\/silqui-tex.com.ar\\\/producto\\\/maquinas-brazzoli\\\/#primaryimage\"},\"thumbnailUrl\":\"https:\\\/\\\/silqui-tex.com.ar\\\/wp-content\\\/uploads\\\/2025\\\/01\\\/11819C74-D533-4569-89C7-C5E808A3D928-scaled.jpeg\",\"datePublished\":\"2025-01-17T12:05:18+00:00\",\"dateModified\":\"2025-10-10T05:39:29+00:00\",\"description\":\"Brazzoli 250 kg:Capacidad de 250 kg por ba\u00f1o, fabricada en el a\u00f1o 2010, Brazzoli 500 kg:Capacidad de 500 kg por ba\u00f1o, fabricada en el a\u00f1o 2010\",\"breadcrumb\":{\"@id\":\"https:\\\/\\\/silqui-tex.com.ar\\\/producto\\\/maquinas-brazzoli\\\/#breadcrumb\"},\"inLanguage\":\"pt-BR\",\"potentialAction\":[{\"@type\":\"ReadAction\",\"target\":[\"https:\\\/\\\/silqui-tex.com.ar\\\/producto\\\/maquinas-brazzoli\\\/\"]}]},{\"@type\":\"ImageObject\",\"inLanguage\":\"pt-BR\",\"@id\":\"https:\\\/\\\/silqui-tex.com.ar\\\/producto\\\/maquinas-brazzoli\\\/#primaryimage\",\"url\":\"https:\\\/\\\/silqui-tex.com.ar\\\/wp-content\\\/uploads\\\/2025\\\/01\\\/11819C74-D533-4569-89C7-C5E808A3D928-scaled.jpeg\",\"contentUrl\":\"https:\\\/\\\/silqui-tex.com.ar\\\/wp-content\\\/uploads\\\/2025\\\/01\\\/11819C74-D533-4569-89C7-C5E808A3D928-scaled.jpeg\",\"width\":2560,\"height\":2560,\"caption\":\"M\u00e1quinas Brazzoli\"},{\"@type\":\"BreadcrumbList\",\"@id\":\"https:\\\/\\\/silqui-tex.com.ar\\\/producto\\\/maquinas-brazzoli\\\/#breadcrumb\",\"itemListElement\":[{\"@type\":\"ListItem\",\"position\":1,\"name\":\"Portada\",\"item\":\"https:\\\/\\\/silqui-tex.com.ar\\\/\"},{\"@type\":\"ListItem\",\"position\":2,\"name\":\"Tienda\",\"item\":\"https:\\\/\\\/silqui-tex.com.ar\\\/tienda\\\/\"},{\"@type\":\"ListItem\",\"position\":3,\"name\":\"M\u00e1quinas Brazzoli.\"}]},{\"@type\":\"WebSite\",\"@id\":\"https:\\\/\\\/silqui-tex.com.ar\\\/#website\",\"url\":\"https:\\\/\\\/silqui-tex.com.ar\\\/\",\"name\":\"Silqui-Tex\",\"description\":\"Silqui-Tex se especializa en la venta de maquinaria textil y soluciones innovadoras para la industria, con m\u00e1s de 40 a\u00f1os de experiencia en Am\u00e9rica Latina, ofreciendo tecnolog\u00eda de calidad, servicios personalizados y un enfoque en el desarrollo sostenible.\",\"potentialAction\":[{\"@type\":\"SearchAction\",\"target\":{\"@type\":\"EntryPoint\",\"urlTemplate\":\"https:\\\/\\\/silqui-tex.com.ar\\\/?s={search_term_string}\"},\"query-input\":{\"@type\":\"PropertyValueSpecification\",\"valueRequired\":true,\"valueName\":\"search_term_string\"}}],\"inLanguage\":\"pt-BR\"}]}<\/script>\n<!-- \/ Yoast SEO plugin. -->","yoast_head_json":{"title":"M\u00e1quinas Brazzoli. - Silqui-Tex","description":"Brazzoli 250 kg:Capacidad de 250 kg por ba\u00f1o, fabricada en el a\u00f1o 2010, Brazzoli 500 kg:Capacidad de 500 kg por ba\u00f1o, fabricada en el a\u00f1o 2010","robots":{"index":"index","follow":"follow","max-snippet":"max-snippet:-1","max-image-preview":"max-image-preview:large","max-video-preview":"max-video-preview:-1"},"canonical":"https:\/\/silqui-tex.com.ar\/pt\/produto\/maquinas-brazzoli\/","og_locale":"pt_BR","og_type":"article","og_title":"M\u00e1quinas Brazzoli. - Silqui-Tex","og_description":"Brazzoli 250 kg:Capacidad de 250 kg por ba\u00f1o, fabricada en el a\u00f1o 2010, Brazzoli 500 kg:Capacidad de 500 kg por ba\u00f1o, fabricada en el a\u00f1o 2010","og_url":"https:\/\/silqui-tex.com.ar\/pt\/produto\/maquinas-brazzoli\/","og_site_name":"Silqui-Tex","article_modified_time":"2025-10-10T05:39:29+00:00","og_image":[{"width":1920,"height":1920,"url":"https:\/\/silqui-tex.com.ar\/wp-content\/uploads\/2025\/01\/11819C74-D533-4569-89C7-C5E808A3D928-scaled.webp","type":"image\/webp"}],"twitter_card":"summary_large_image","twitter_misc":{"Est. tempo de leitura":"1 minuto"},"schema":{"@context":"https:\/\/schema.org","@graph":[{"@type":"WebPage","@id":"https:\/\/silqui-tex.com.ar\/producto\/maquinas-brazzoli\/","url":"https:\/\/silqui-tex.com.ar\/producto\/maquinas-brazzoli\/","name":"M\u00e1quinas Brazzoli. - Silqui-Tex","isPartOf":{"@id":"https:\/\/silqui-tex.com.ar\/#website"},"primaryImageOfPage":{"@id":"https:\/\/silqui-tex.com.ar\/producto\/maquinas-brazzoli\/#primaryimage"},"image":{"@id":"https:\/\/silqui-tex.com.ar\/producto\/maquinas-brazzoli\/#primaryimage"},"thumbnailUrl":"https:\/\/silqui-tex.com.ar\/wp-content\/uploads\/2025\/01\/11819C74-D533-4569-89C7-C5E808A3D928-scaled.jpeg","datePublished":"2025-01-17T12:05:18+00:00","dateModified":"2025-10-10T05:39:29+00:00","description":"Brazzoli 250 kg:Capacidad de 250 kg por ba\u00f1o, fabricada en el a\u00f1o 2010, Brazzoli 500 kg:Capacidad de 500 kg por ba\u00f1o, fabricada en el a\u00f1o 2010","breadcrumb":{"@id":"https:\/\/silqui-tex.com.ar\/producto\/maquinas-brazzoli\/#breadcrumb"},"inLanguage":"pt-BR","potentialAction":[{"@type":"ReadAction","target":["https:\/\/silqui-tex.com.ar\/producto\/maquinas-brazzoli\/"]}]},{"@type":"ImageObject","inLanguage":"pt-BR","@id":"https:\/\/silqui-tex.com.ar\/producto\/maquinas-brazzoli\/#primaryimage","url":"https:\/\/silqui-tex.com.ar\/wp-content\/uploads\/2025\/01\/11819C74-D533-4569-89C7-C5E808A3D928-scaled.jpeg","contentUrl":"https:\/\/silqui-tex.com.ar\/wp-content\/uploads\/2025\/01\/11819C74-D533-4569-89C7-C5E808A3D928-scaled.jpeg","width":2560,"height":2560,"caption":"M\u00e1quinas Brazzoli"},{"@type":"BreadcrumbList","@id":"https:\/\/silqui-tex.com.ar\/producto\/maquinas-brazzoli\/#breadcrumb","itemListElement":[{"@type":"ListItem","position":1,"name":"Portada","item":"https:\/\/silqui-tex.com.ar\/"},{"@type":"ListItem","position":2,"name":"Tienda","item":"https:\/\/silqui-tex.com.ar\/tienda\/"},{"@type":"ListItem","position":3,"name":"M\u00e1quinas Brazzoli."}]},{"@type":"WebSite","@id":"https:\/\/silqui-tex.com.ar\/#website","url":"https:\/\/silqui-tex.com.ar\/","name":"Silqui-Tex","description":"Silqui-Tex se especializa en la venta de maquinaria textil y soluciones innovadoras para la industria, con m\u00e1s de 40 a\u00f1os de experiencia en Am\u00e9rica Latina, ofreciendo tecnolog\u00eda de calidad, servicios personalizados y un enfoque en el desarrollo sostenible.","potentialAction":[{"@type":"SearchAction","target":{"@type":"EntryPoint","urlTemplate":"https:\/\/silqui-tex.com.ar\/?s={search_term_string}"},"query-input":{"@type":"PropertyValueSpecification","valueRequired":true,"valueName":"search_term_string"}}],"inLanguage":"pt-BR"}]}},"_links":{"self":[{"href":"https:\/\/silqui-tex.com.ar\/pt\/wp-json\/wp\/v2\/product\/2751","targetHints":{"allow":["GET"]}}],"collection":[{"href":"https:\/\/silqui-tex.com.ar\/pt\/wp-json\/wp\/v2\/product"}],"about":[{"href":"https:\/\/silqui-tex.com.ar\/pt\/wp-json\/wp\/v2\/types\/product"}],"wp:featuredmedia":[{"embeddable":true,"href":"https:\/\/silqui-tex.com.ar\/pt\/wp-json\/wp\/v2\/media\/2752"}],"wp:attachment":[{"href":"https:\/\/silqui-tex.com.ar\/pt\/wp-json\/wp\/v2\/media?parent=2751"}],"wp:term":[{"taxonomy":"product_brand","embeddable":true,"href":"https:\/\/silqui-tex.com.ar\/pt\/wp-json\/wp\/v2\/product_brand?post=2751"},{"taxonomy":"product_cat","embeddable":true,"href":"https:\/\/silqui-tex.com.ar\/pt\/wp-json\/wp\/v2\/product_cat?post=2751"},{"taxonomy":"product_tag","embeddable":true,"href":"https:\/\/silqui-tex.com.ar\/pt\/wp-json\/wp\/v2\/product_tag?post=2751"}],"curies":[{"name":"wp","href":"https:\/\/api.w.org\/{rel}","templated":true}]}}