{"id":3437,"date":"2025-12-07T02:53:26","date_gmt":"2025-12-07T02:53:26","guid":{"rendered":"https:\/\/silqui-tex.com.ar\/?post_type=product&#038;p=3437"},"modified":"2025-12-07T04:04:18","modified_gmt":"2025-12-07T04:04:18","slug":"cardas-textiles-usadas-2000","status":"publish","type":"product","link":"https:\/\/silqui-tex.com.ar\/pt\/produto\/cardas-textiles-usadas-2000\/","title":{"rendered":"Cardas t\u00eaxteis \u2013 6 unidades do ano 2000"},"content":{"rendered":"<p data-start=\"318\" data-end=\"591\">Estas cardas industriales se encuentran en muy buen estado general y listas para revisi\u00f3n y venta. Son equipos confiables para l\u00edneas de hilander\u00eda que trabajan con algod\u00f3n y mezclas, ofreciendo estabilidad, uniformidad y alta eficiencia en la apertura y cardado de fibras.<\/p>\n<p data-start=\"593\" data-end=\"618\">Caracter\u00edsticas t\u00e9cnicas:<\/p>\n<p data-start=\"620\" data-end=\"1106\">\u2022 Alimentaci\u00f3n por Chute Feed modelo A70<br data-start=\"660\" data-end=\"663\" \/>\u2022 Sistema de salida tipo Coiler con salida autom\u00e1tica<br data-start=\"716\" data-end=\"719\" \/>\u2022 Preparadas para trabajar con botes de 40\u201d x 48\u201d<br data-start=\"768\" data-end=\"771\" \/>\u2022 Equipadas con autorregulaci\u00f3n para garantizar uniformidad en la napa<br data-start=\"841\" data-end=\"844\" \/>\u2022 Variadores de frecuencia instalados para optimizar el consumo y el control de velocidad<br data-start=\"933\" data-end=\"936\" \/>\u2022 Guarnici\u00f3n apta para algod\u00f3n y mezclas<br data-start=\"976\" data-end=\"979\" \/>\u2022 Placa de 6 chapones fijos traseros<br data-start=\"1015\" data-end=\"1018\" \/>\u2022 Placa de 6 chapones fijos delanteros<br data-start=\"1056\" data-end=\"1059\" \/>\u2022 Sistema de aspiraci\u00f3n continua centralizada<\/p>\n<p data-start=\"1108\" data-end=\"1251\">Para ver un video de estas cardas en funcionamiento, puede acceder aqu\u00ed: <a href=\"https:\/\/youtu.be\/7wC8ggh8huA\"><span style=\"color: #ff0000;\"><strong data-start=\"1181\" data-end=\"1196\">[Ver video]<\/strong><\/span><\/a><\/p>\n<p data-start=\"1253\" data-end=\"1400\">Estas m\u00e1quinas representan una soluci\u00f3n s\u00f3lida para plantas que buscan renovar o ampliar capacidad con equipos confiables y de f\u00e1cil mantenimiento.<\/p>\n","protected":false},"excerpt":{"rendered":"<p data-start=\"323\" data-end=\"574\">6 cardas t\u00eaxteis do ano 2000 em excelente estado geral. Equipadas com Chute Feed A70, Coiler autom\u00e1tico, autorregula\u00e7\u00e3o, inversores de frequ\u00eancia e guarni\u00e7\u00e3o adequada para algod\u00e3o e misturas. Prontas para revis\u00e3o e venda.<\/p>","protected":false},"featured_media":3438,"template":"","meta":[],"product_brand":[],"product_cat":[25],"product_tag":[229,228,232,233,224,225,230,231,234,236,237,226,238,235,227],"class_list":{"0":"post-3437","1":"product","2":"type-product","3":"status-publish","4":"has-post-thumbnail","6":"product_cat-maquinaria-de-hilanderia","7":"product_tag-carda-ano-1999","8":"product_tag-cardas-ano-2000","9":"product_tag-cardas-para-algodon","10":"product_tag-cardas-para-mezclas","11":"product_tag-cardas-textiles","12":"product_tag-cardas-usadas","13":"product_tag-chute-feed-a70","14":"product_tag-coiler-automatico","15":"product_tag-equipo-de-apertura-y-cardado","16":"product_tag-hilanderia-algodon-mezclas","17":"product_tag-lote-de-cardas","18":"product_tag-maquinaria-de-hilanderia","19":"product_tag-maquinaria-disponible-argentina","20":"product_tag-maquinaria-industrial-textil","21":"product_tag-maquinaria-textil-usada","23":"first","24":"instock","25":"shipping-taxable","26":"product-type-simple"},"yoast_head":"<!-- This site is optimized with the Yoast SEO plugin v27.3 - https:\/\/yoast.com\/product\/yoast-seo-wordpress\/ -->\n<title>Cardas textiles \u2013 6 del a\u00f1o 2000 - Silqui-Tex<\/title>\n<meta name=\"description\" content=\"6 cardas textiles en excelente estado, a\u00f1os 2000. Alimentaci\u00f3n A70, coiler autom\u00e1tico y autorregulaci\u00f3n. Ideales para hilander\u00edas de algod\u00f3n y mezclas.\" \/>\n<meta name=\"robots\" content=\"index, follow, max-snippet:-1, max-image-preview:large, max-video-preview:-1\" \/>\n<link rel=\"canonical\" href=\"https:\/\/silqui-tex.com.ar\/pt\/produto\/cardas-textiles-usadas-2000\/\" \/>\n<meta property=\"og:locale\" content=\"pt_BR\" \/>\n<meta property=\"og:type\" content=\"article\" \/>\n<meta property=\"og:title\" content=\"Cardas textiles \u2013 6 del a\u00f1o 2000 - Silqui-Tex\" \/>\n<meta property=\"og:description\" content=\"6 cardas textiles en excelente estado, a\u00f1os 2000. Alimentaci\u00f3n A70, coiler autom\u00e1tico y autorregulaci\u00f3n. Ideales para hilander\u00edas de algod\u00f3n y mezclas.\" \/>\n<meta property=\"og:url\" content=\"https:\/\/silqui-tex.com.ar\/pt\/produto\/cardas-textiles-usadas-2000\/\" \/>\n<meta property=\"og:site_name\" content=\"Silqui-Tex\" \/>\n<meta property=\"article:modified_time\" content=\"2025-12-07T04:04:18+00:00\" \/>\n<meta property=\"og:image\" content=\"https:\/\/silqui-tex.com.ar\/wp-content\/uploads\/2025\/12\/IMG_9225-scaled.jpg\" \/>\n\t<meta property=\"og:image:width\" content=\"2560\" \/>\n\t<meta property=\"og:image:height\" content=\"1920\" \/>\n\t<meta property=\"og:image:type\" content=\"image\/jpeg\" \/>\n<meta name=\"twitter:card\" content=\"summary_large_image\" \/>\n<meta name=\"twitter:label1\" content=\"Est. tempo de leitura\" \/>\n\t<meta name=\"twitter:data1\" content=\"1 minuto\" \/>\n<script type=\"application\/ld+json\" class=\"yoast-schema-graph\">{\"@context\":\"https:\\\/\\\/schema.org\",\"@graph\":[{\"@type\":\"WebPage\",\"@id\":\"https:\\\/\\\/silqui-tex.com.ar\\\/producto\\\/cardas-textiles-usadas-2000\\\/\",\"url\":\"https:\\\/\\\/silqui-tex.com.ar\\\/producto\\\/cardas-textiles-usadas-2000\\\/\",\"name\":\"Cardas textiles \u2013 6 del a\u00f1o 2000 - Silqui-Tex\",\"isPartOf\":{\"@id\":\"https:\\\/\\\/silqui-tex.com.ar\\\/#website\"},\"primaryImageOfPage\":{\"@id\":\"https:\\\/\\\/silqui-tex.com.ar\\\/producto\\\/cardas-textiles-usadas-2000\\\/#primaryimage\"},\"image\":{\"@id\":\"https:\\\/\\\/silqui-tex.com.ar\\\/producto\\\/cardas-textiles-usadas-2000\\\/#primaryimage\"},\"thumbnailUrl\":\"https:\\\/\\\/silqui-tex.com.ar\\\/wp-content\\\/uploads\\\/2025\\\/12\\\/IMG_9225-scaled.jpg\",\"datePublished\":\"2025-12-07T02:53:26+00:00\",\"dateModified\":\"2025-12-07T04:04:18+00:00\",\"description\":\"6 cardas textiles en excelente estado, a\u00f1os 2000. Alimentaci\u00f3n A70, coiler autom\u00e1tico y autorregulaci\u00f3n. Ideales para hilander\u00edas de algod\u00f3n y mezclas.\",\"breadcrumb\":{\"@id\":\"https:\\\/\\\/silqui-tex.com.ar\\\/producto\\\/cardas-textiles-usadas-2000\\\/#breadcrumb\"},\"inLanguage\":\"pt-BR\",\"potentialAction\":[{\"@type\":\"ReadAction\",\"target\":[\"https:\\\/\\\/silqui-tex.com.ar\\\/producto\\\/cardas-textiles-usadas-2000\\\/\"]}]},{\"@type\":\"ImageObject\",\"inLanguage\":\"pt-BR\",\"@id\":\"https:\\\/\\\/silqui-tex.com.ar\\\/producto\\\/cardas-textiles-usadas-2000\\\/#primaryimage\",\"url\":\"https:\\\/\\\/silqui-tex.com.ar\\\/wp-content\\\/uploads\\\/2025\\\/12\\\/IMG_9225-scaled.jpg\",\"contentUrl\":\"https:\\\/\\\/silqui-tex.com.ar\\\/wp-content\\\/uploads\\\/2025\\\/12\\\/IMG_9225-scaled.jpg\",\"width\":2560,\"height\":1920,\"caption\":\"carda textil usada a\u00f1o 1999\\\/2000 \u2013 vista frontal\"},{\"@type\":\"BreadcrumbList\",\"@id\":\"https:\\\/\\\/silqui-tex.com.ar\\\/producto\\\/cardas-textiles-usadas-2000\\\/#breadcrumb\",\"itemListElement\":[{\"@type\":\"ListItem\",\"position\":1,\"name\":\"Portada\",\"item\":\"https:\\\/\\\/silqui-tex.com.ar\\\/\"},{\"@type\":\"ListItem\",\"position\":2,\"name\":\"Tienda\",\"item\":\"https:\\\/\\\/silqui-tex.com.ar\\\/tienda\\\/\"},{\"@type\":\"ListItem\",\"position\":3,\"name\":\"Cardas textiles \u2013 6 del a\u00f1o 2000\"}]},{\"@type\":\"WebSite\",\"@id\":\"https:\\\/\\\/silqui-tex.com.ar\\\/#website\",\"url\":\"https:\\\/\\\/silqui-tex.com.ar\\\/\",\"name\":\"Silqui-Tex\",\"description\":\"Silqui-Tex se especializa en la venta de maquinaria textil y soluciones innovadoras para la industria, con m\u00e1s de 40 a\u00f1os de experiencia en Am\u00e9rica Latina, ofreciendo tecnolog\u00eda de calidad, servicios personalizados y un enfoque en el desarrollo sostenible.\",\"potentialAction\":[{\"@type\":\"SearchAction\",\"target\":{\"@type\":\"EntryPoint\",\"urlTemplate\":\"https:\\\/\\\/silqui-tex.com.ar\\\/?s={search_term_string}\"},\"query-input\":{\"@type\":\"PropertyValueSpecification\",\"valueRequired\":true,\"valueName\":\"search_term_string\"}}],\"inLanguage\":\"pt-BR\"}]}<\/script>\n<!-- \/ Yoast SEO plugin. -->","yoast_head_json":{"title":"Cardas textiles \u2013 6 del a\u00f1o 2000 - Silqui-Tex","description":"6 cardas textiles en excelente estado, a\u00f1os 2000. Alimentaci\u00f3n A70, coiler autom\u00e1tico y autorregulaci\u00f3n. Ideales para hilander\u00edas de algod\u00f3n y mezclas.","robots":{"index":"index","follow":"follow","max-snippet":"max-snippet:-1","max-image-preview":"max-image-preview:large","max-video-preview":"max-video-preview:-1"},"canonical":"https:\/\/silqui-tex.com.ar\/pt\/produto\/cardas-textiles-usadas-2000\/","og_locale":"pt_BR","og_type":"article","og_title":"Cardas textiles \u2013 6 del a\u00f1o 2000 - Silqui-Tex","og_description":"6 cardas textiles en excelente estado, a\u00f1os 2000. Alimentaci\u00f3n A70, coiler autom\u00e1tico y autorregulaci\u00f3n. Ideales para hilander\u00edas de algod\u00f3n y mezclas.","og_url":"https:\/\/silqui-tex.com.ar\/pt\/produto\/cardas-textiles-usadas-2000\/","og_site_name":"Silqui-Tex","article_modified_time":"2025-12-07T04:04:18+00:00","og_image":[{"width":2560,"height":1920,"url":"https:\/\/silqui-tex.com.ar\/wp-content\/uploads\/2025\/12\/IMG_9225-scaled.jpg","type":"image\/jpeg"}],"twitter_card":"summary_large_image","twitter_misc":{"Est. tempo de leitura":"1 minuto"},"schema":{"@context":"https:\/\/schema.org","@graph":[{"@type":"WebPage","@id":"https:\/\/silqui-tex.com.ar\/producto\/cardas-textiles-usadas-2000\/","url":"https:\/\/silqui-tex.com.ar\/producto\/cardas-textiles-usadas-2000\/","name":"Cardas textiles \u2013 6 del a\u00f1o 2000 - Silqui-Tex","isPartOf":{"@id":"https:\/\/silqui-tex.com.ar\/#website"},"primaryImageOfPage":{"@id":"https:\/\/silqui-tex.com.ar\/producto\/cardas-textiles-usadas-2000\/#primaryimage"},"image":{"@id":"https:\/\/silqui-tex.com.ar\/producto\/cardas-textiles-usadas-2000\/#primaryimage"},"thumbnailUrl":"https:\/\/silqui-tex.com.ar\/wp-content\/uploads\/2025\/12\/IMG_9225-scaled.jpg","datePublished":"2025-12-07T02:53:26+00:00","dateModified":"2025-12-07T04:04:18+00:00","description":"6 cardas textiles en excelente estado, a\u00f1os 2000. Alimentaci\u00f3n A70, coiler autom\u00e1tico y autorregulaci\u00f3n. Ideales para hilander\u00edas de algod\u00f3n y mezclas.","breadcrumb":{"@id":"https:\/\/silqui-tex.com.ar\/producto\/cardas-textiles-usadas-2000\/#breadcrumb"},"inLanguage":"pt-BR","potentialAction":[{"@type":"ReadAction","target":["https:\/\/silqui-tex.com.ar\/producto\/cardas-textiles-usadas-2000\/"]}]},{"@type":"ImageObject","inLanguage":"pt-BR","@id":"https:\/\/silqui-tex.com.ar\/producto\/cardas-textiles-usadas-2000\/#primaryimage","url":"https:\/\/silqui-tex.com.ar\/wp-content\/uploads\/2025\/12\/IMG_9225-scaled.jpg","contentUrl":"https:\/\/silqui-tex.com.ar\/wp-content\/uploads\/2025\/12\/IMG_9225-scaled.jpg","width":2560,"height":1920,"caption":"carda textil usada a\u00f1o 1999\/2000 \u2013 vista frontal"},{"@type":"BreadcrumbList","@id":"https:\/\/silqui-tex.com.ar\/producto\/cardas-textiles-usadas-2000\/#breadcrumb","itemListElement":[{"@type":"ListItem","position":1,"name":"Portada","item":"https:\/\/silqui-tex.com.ar\/"},{"@type":"ListItem","position":2,"name":"Tienda","item":"https:\/\/silqui-tex.com.ar\/tienda\/"},{"@type":"ListItem","position":3,"name":"Cardas textiles \u2013 6 del a\u00f1o 2000"}]},{"@type":"WebSite","@id":"https:\/\/silqui-tex.com.ar\/#website","url":"https:\/\/silqui-tex.com.ar\/","name":"Silqui-Tex","description":"Silqui-Tex se especializa en la venta de maquinaria textil y soluciones innovadoras para la industria, con m\u00e1s de 40 a\u00f1os de experiencia en Am\u00e9rica Latina, ofreciendo tecnolog\u00eda de calidad, servicios personalizados y un enfoque en el desarrollo sostenible.","potentialAction":[{"@type":"SearchAction","target":{"@type":"EntryPoint","urlTemplate":"https:\/\/silqui-tex.com.ar\/?s={search_term_string}"},"query-input":{"@type":"PropertyValueSpecification","valueRequired":true,"valueName":"search_term_string"}}],"inLanguage":"pt-BR"}]}},"_links":{"self":[{"href":"https:\/\/silqui-tex.com.ar\/pt\/wp-json\/wp\/v2\/product\/3437","targetHints":{"allow":["GET"]}}],"collection":[{"href":"https:\/\/silqui-tex.com.ar\/pt\/wp-json\/wp\/v2\/product"}],"about":[{"href":"https:\/\/silqui-tex.com.ar\/pt\/wp-json\/wp\/v2\/types\/product"}],"wp:featuredmedia":[{"embeddable":true,"href":"https:\/\/silqui-tex.com.ar\/pt\/wp-json\/wp\/v2\/media\/3438"}],"wp:attachment":[{"href":"https:\/\/silqui-tex.com.ar\/pt\/wp-json\/wp\/v2\/media?parent=3437"}],"wp:term":[{"taxonomy":"product_brand","embeddable":true,"href":"https:\/\/silqui-tex.com.ar\/pt\/wp-json\/wp\/v2\/product_brand?post=3437"},{"taxonomy":"product_cat","embeddable":true,"href":"https:\/\/silqui-tex.com.ar\/pt\/wp-json\/wp\/v2\/product_cat?post=3437"},{"taxonomy":"product_tag","embeddable":true,"href":"https:\/\/silqui-tex.com.ar\/pt\/wp-json\/wp\/v2\/product_tag?post=3437"}],"curies":[{"name":"wp","href":"https:\/\/api.w.org\/{rel}","templated":true}]}}