{"id":3450,"date":"2025-12-07T06:12:36","date_gmt":"2025-12-07T06:12:36","guid":{"rendered":"https:\/\/silqui-tex.com.ar\/?post_type=product&#038;p=3450"},"modified":"2025-12-07T06:20:22","modified_gmt":"2025-12-07T06:20:22","slug":"cardas-textiles","status":"publish","type":"product","link":"https:\/\/silqui-tex.com.ar\/pt\/produto\/cardas-textiles\/","title":{"rendered":"Cardas t\u00eaxteis RIETER C50 \u2013 6 unidades do ano 1996"},"content":{"rendered":"<p>6 Cardas RIETER C50<br data-start=\"140\" data-end=\"143\" \/>Ano 1996<br data-start=\"151\" data-end=\"154\" \/>\u2022 Alimenta\u00e7\u00e3o por Chute Feed modelo A70<br data-start=\"195\" data-end=\"198\" \/>\u2022 Sistema de sa\u00edda tipo Coiler com sa\u00edda autom\u00e1tica<br data-start=\"241\" data-end=\"244\" \/>\u2022 Preparadas para trabalhar com botes de 40\u201d x 48\u201d<br data-start=\"280\" data-end=\"283\" \/>\u2022 Equipadas com autorregulador<br data-start=\"313\" data-end=\"316\" data-is-only-node=\"\" \/>\u2022 Com inversores de frequ\u00eancia<br data-start=\"346\" data-end=\"349\" \/>\u2022 Guarni\u00e7\u00e3o adequada para algod\u00e3o e misturas<br data-start=\"398\" data-end=\"401\" \/>\u2022 Placa com 6 chapas fixas traseiras<\/p>","protected":false},"excerpt":{"rendered":"<p>6 cardas t\u00eaxteis C50 em excelente estado, ano 1996. Alimenta\u00e7\u00e3o por Chute Feed modelo A7\/C e sistema de entrega autom\u00e1tica tipo Coiler.<\/p>","protected":false},"featured_media":3455,"template":"","meta":[],"product_brand":[],"product_cat":[25],"product_tag":[229,228,232,233,224,225,230,231,234,236,237,226,238,235,227],"class_list":{"0":"post-3450","1":"product","2":"type-product","3":"status-publish","4":"has-post-thumbnail","6":"product_cat-maquinaria-de-hilanderia","7":"product_tag-carda-ano-1999","8":"product_tag-cardas-ano-2000","9":"product_tag-cardas-para-algodon","10":"product_tag-cardas-para-mezclas","11":"product_tag-cardas-textiles","12":"product_tag-cardas-usadas","13":"product_tag-chute-feed-a70","14":"product_tag-coiler-automatico","15":"product_tag-equipo-de-apertura-y-cardado","16":"product_tag-hilanderia-algodon-mezclas","17":"product_tag-lote-de-cardas","18":"product_tag-maquinaria-de-hilanderia","19":"product_tag-maquinaria-disponible-argentina","20":"product_tag-maquinaria-industrial-textil","21":"product_tag-maquinaria-textil-usada","23":"first","24":"instock","25":"shipping-taxable","26":"product-type-simple"},"yoast_head":"<!-- This site is optimized with the Yoast SEO plugin v27.3 - https:\/\/yoast.com\/product\/yoast-seo-wordpress\/ -->\n<title>Cardas textiles RIETER C50 \u2013 6 del a\u00f1o 1996 - Silqui-Tex<\/title>\n<meta name=\"description\" content=\"6 cardas textiles C50 en excelente estado, a\u00f1o 1996. Alimentaci\u00f3n por Chute Feed modelo A7\/C, Sistema de entrega autom\u00e1tica tipo Coiler.\" \/>\n<meta name=\"robots\" content=\"index, follow, max-snippet:-1, max-image-preview:large, max-video-preview:-1\" \/>\n<link rel=\"canonical\" href=\"https:\/\/silqui-tex.com.ar\/pt\/produto\/cardas-textiles\/\" \/>\n<meta property=\"og:locale\" content=\"pt_BR\" \/>\n<meta property=\"og:type\" content=\"article\" \/>\n<meta property=\"og:title\" content=\"Cardas textiles RIETER C50 \u2013 6 del a\u00f1o 1996 - Silqui-Tex\" \/>\n<meta property=\"og:description\" content=\"6 cardas textiles C50 en excelente estado, a\u00f1o 1996. Alimentaci\u00f3n por Chute Feed modelo A7\/C, Sistema de entrega autom\u00e1tica tipo Coiler.\" \/>\n<meta property=\"og:url\" content=\"https:\/\/silqui-tex.com.ar\/pt\/produto\/cardas-textiles\/\" \/>\n<meta property=\"og:site_name\" content=\"Silqui-Tex\" \/>\n<meta property=\"article:modified_time\" content=\"2025-12-07T06:20:22+00:00\" \/>\n<meta property=\"og:image\" content=\"https:\/\/silqui-tex.com.ar\/wp-content\/uploads\/2025\/12\/IMG_8788-scaled.jpg\" \/>\n\t<meta property=\"og:image:width\" content=\"2560\" \/>\n\t<meta property=\"og:image:height\" content=\"1812\" \/>\n\t<meta property=\"og:image:type\" content=\"image\/jpeg\" \/>\n<meta name=\"twitter:card\" content=\"summary_large_image\" \/>\n<meta name=\"twitter:label1\" content=\"Est. tempo de leitura\" \/>\n\t<meta name=\"twitter:data1\" content=\"1 minuto\" \/>\n<script type=\"application\/ld+json\" class=\"yoast-schema-graph\">{\"@context\":\"https:\\\/\\\/schema.org\",\"@graph\":[{\"@type\":\"WebPage\",\"@id\":\"https:\\\/\\\/silqui-tex.com.ar\\\/producto\\\/cardas-textiles\\\/\",\"url\":\"https:\\\/\\\/silqui-tex.com.ar\\\/producto\\\/cardas-textiles\\\/\",\"name\":\"Cardas textiles RIETER C50 \u2013 6 del a\u00f1o 1996 - Silqui-Tex\",\"isPartOf\":{\"@id\":\"https:\\\/\\\/silqui-tex.com.ar\\\/#website\"},\"primaryImageOfPage\":{\"@id\":\"https:\\\/\\\/silqui-tex.com.ar\\\/producto\\\/cardas-textiles\\\/#primaryimage\"},\"image\":{\"@id\":\"https:\\\/\\\/silqui-tex.com.ar\\\/producto\\\/cardas-textiles\\\/#primaryimage\"},\"thumbnailUrl\":\"https:\\\/\\\/silqui-tex.com.ar\\\/wp-content\\\/uploads\\\/2025\\\/12\\\/IMG_8788-scaled.jpg\",\"datePublished\":\"2025-12-07T06:12:36+00:00\",\"dateModified\":\"2025-12-07T06:20:22+00:00\",\"description\":\"6 cardas textiles C50 en excelente estado, a\u00f1o 1996. Alimentaci\u00f3n por Chute Feed modelo A7\\\/C, Sistema de entrega autom\u00e1tica tipo Coiler.\",\"breadcrumb\":{\"@id\":\"https:\\\/\\\/silqui-tex.com.ar\\\/producto\\\/cardas-textiles\\\/#breadcrumb\"},\"inLanguage\":\"pt-BR\",\"potentialAction\":[{\"@type\":\"ReadAction\",\"target\":[\"https:\\\/\\\/silqui-tex.com.ar\\\/producto\\\/cardas-textiles\\\/\"]}]},{\"@type\":\"ImageObject\",\"inLanguage\":\"pt-BR\",\"@id\":\"https:\\\/\\\/silqui-tex.com.ar\\\/producto\\\/cardas-textiles\\\/#primaryimage\",\"url\":\"https:\\\/\\\/silqui-tex.com.ar\\\/wp-content\\\/uploads\\\/2025\\\/12\\\/IMG_8788-scaled.jpg\",\"contentUrl\":\"https:\\\/\\\/silqui-tex.com.ar\\\/wp-content\\\/uploads\\\/2025\\\/12\\\/IMG_8788-scaled.jpg\",\"width\":2560,\"height\":1812},{\"@type\":\"BreadcrumbList\",\"@id\":\"https:\\\/\\\/silqui-tex.com.ar\\\/producto\\\/cardas-textiles\\\/#breadcrumb\",\"itemListElement\":[{\"@type\":\"ListItem\",\"position\":1,\"name\":\"Portada\",\"item\":\"https:\\\/\\\/silqui-tex.com.ar\\\/\"},{\"@type\":\"ListItem\",\"position\":2,\"name\":\"Tienda\",\"item\":\"https:\\\/\\\/silqui-tex.com.ar\\\/tienda\\\/\"},{\"@type\":\"ListItem\",\"position\":3,\"name\":\"Cardas textiles RIETER C50 \u2013 6 del a\u00f1o 1996\"}]},{\"@type\":\"WebSite\",\"@id\":\"https:\\\/\\\/silqui-tex.com.ar\\\/#website\",\"url\":\"https:\\\/\\\/silqui-tex.com.ar\\\/\",\"name\":\"Silqui-Tex\",\"description\":\"Silqui-Tex se especializa en la venta de maquinaria textil y soluciones innovadoras para la industria, con m\u00e1s de 40 a\u00f1os de experiencia en Am\u00e9rica Latina, ofreciendo tecnolog\u00eda de calidad, servicios personalizados y un enfoque en el desarrollo sostenible.\",\"potentialAction\":[{\"@type\":\"SearchAction\",\"target\":{\"@type\":\"EntryPoint\",\"urlTemplate\":\"https:\\\/\\\/silqui-tex.com.ar\\\/?s={search_term_string}\"},\"query-input\":{\"@type\":\"PropertyValueSpecification\",\"valueRequired\":true,\"valueName\":\"search_term_string\"}}],\"inLanguage\":\"pt-BR\"}]}<\/script>\n<!-- \/ Yoast SEO plugin. -->","yoast_head_json":{"title":"Cardas textiles RIETER C50 \u2013 6 del a\u00f1o 1996 - Silqui-Tex","description":"6 cardas t\u00eaxteis C50 em excelente estado, ano 1996. Alimenta\u00e7\u00e3o por Chute Feed modelo A7\/C e sistema de entrega autom\u00e1tica tipo Coiler.","robots":{"index":"index","follow":"follow","max-snippet":"max-snippet:-1","max-image-preview":"max-image-preview:large","max-video-preview":"max-video-preview:-1"},"canonical":"https:\/\/silqui-tex.com.ar\/pt\/produto\/cardas-textiles\/","og_locale":"pt_BR","og_type":"article","og_title":"Cardas textiles RIETER C50 \u2013 6 del a\u00f1o 1996 - Silqui-Tex","og_description":"6 cardas textiles C50 en excelente estado, a\u00f1o 1996. Alimentaci\u00f3n por Chute Feed modelo A7\/C, Sistema de entrega autom\u00e1tica tipo Coiler.","og_url":"https:\/\/silqui-tex.com.ar\/pt\/produto\/cardas-textiles\/","og_site_name":"Silqui-Tex","article_modified_time":"2025-12-07T06:20:22+00:00","og_image":[{"width":2560,"height":1812,"url":"https:\/\/silqui-tex.com.ar\/wp-content\/uploads\/2025\/12\/IMG_8788-scaled.jpg","type":"image\/jpeg"}],"twitter_card":"summary_large_image","twitter_misc":{"Est. tempo de leitura":"1 minuto"},"schema":{"@context":"https:\/\/schema.org","@graph":[{"@type":"WebPage","@id":"https:\/\/silqui-tex.com.ar\/producto\/cardas-textiles\/","url":"https:\/\/silqui-tex.com.ar\/producto\/cardas-textiles\/","name":"Cardas textiles RIETER C50 \u2013 6 del a\u00f1o 1996 - Silqui-Tex","isPartOf":{"@id":"https:\/\/silqui-tex.com.ar\/#website"},"primaryImageOfPage":{"@id":"https:\/\/silqui-tex.com.ar\/producto\/cardas-textiles\/#primaryimage"},"image":{"@id":"https:\/\/silqui-tex.com.ar\/producto\/cardas-textiles\/#primaryimage"},"thumbnailUrl":"https:\/\/silqui-tex.com.ar\/wp-content\/uploads\/2025\/12\/IMG_8788-scaled.jpg","datePublished":"2025-12-07T06:12:36+00:00","dateModified":"2025-12-07T06:20:22+00:00","description":"6 cardas t\u00eaxteis C50 em excelente estado, ano 1996. Alimenta\u00e7\u00e3o por Chute Feed modelo A7\/C e sistema de entrega autom\u00e1tica tipo Coiler.","breadcrumb":{"@id":"https:\/\/silqui-tex.com.ar\/producto\/cardas-textiles\/#breadcrumb"},"inLanguage":"pt-BR","potentialAction":[{"@type":"ReadAction","target":["https:\/\/silqui-tex.com.ar\/producto\/cardas-textiles\/"]}]},{"@type":"ImageObject","inLanguage":"pt-BR","@id":"https:\/\/silqui-tex.com.ar\/producto\/cardas-textiles\/#primaryimage","url":"https:\/\/silqui-tex.com.ar\/wp-content\/uploads\/2025\/12\/IMG_8788-scaled.jpg","contentUrl":"https:\/\/silqui-tex.com.ar\/wp-content\/uploads\/2025\/12\/IMG_8788-scaled.jpg","width":2560,"height":1812},{"@type":"BreadcrumbList","@id":"https:\/\/silqui-tex.com.ar\/producto\/cardas-textiles\/#breadcrumb","itemListElement":[{"@type":"ListItem","position":1,"name":"Portada","item":"https:\/\/silqui-tex.com.ar\/"},{"@type":"ListItem","position":2,"name":"Tienda","item":"https:\/\/silqui-tex.com.ar\/tienda\/"},{"@type":"ListItem","position":3,"name":"Cardas textiles RIETER C50 \u2013 6 del a\u00f1o 1996"}]},{"@type":"WebSite","@id":"https:\/\/silqui-tex.com.ar\/#website","url":"https:\/\/silqui-tex.com.ar\/","name":"Silqui-Tex","description":"Silqui-Tex se especializa en la venta de maquinaria textil y soluciones innovadoras para la industria, con m\u00e1s de 40 a\u00f1os de experiencia en Am\u00e9rica Latina, ofreciendo tecnolog\u00eda de calidad, servicios personalizados y un enfoque en el desarrollo sostenible.","potentialAction":[{"@type":"SearchAction","target":{"@type":"EntryPoint","urlTemplate":"https:\/\/silqui-tex.com.ar\/?s={search_term_string}"},"query-input":{"@type":"PropertyValueSpecification","valueRequired":true,"valueName":"search_term_string"}}],"inLanguage":"pt-BR"}]}},"_links":{"self":[{"href":"https:\/\/silqui-tex.com.ar\/pt\/wp-json\/wp\/v2\/product\/3450","targetHints":{"allow":["GET"]}}],"collection":[{"href":"https:\/\/silqui-tex.com.ar\/pt\/wp-json\/wp\/v2\/product"}],"about":[{"href":"https:\/\/silqui-tex.com.ar\/pt\/wp-json\/wp\/v2\/types\/product"}],"wp:featuredmedia":[{"embeddable":true,"href":"https:\/\/silqui-tex.com.ar\/pt\/wp-json\/wp\/v2\/media\/3455"}],"wp:attachment":[{"href":"https:\/\/silqui-tex.com.ar\/pt\/wp-json\/wp\/v2\/media?parent=3450"}],"wp:term":[{"taxonomy":"product_brand","embeddable":true,"href":"https:\/\/silqui-tex.com.ar\/pt\/wp-json\/wp\/v2\/product_brand?post=3450"},{"taxonomy":"product_cat","embeddable":true,"href":"https:\/\/silqui-tex.com.ar\/pt\/wp-json\/wp\/v2\/product_cat?post=3450"},{"taxonomy":"product_tag","embeddable":true,"href":"https:\/\/silqui-tex.com.ar\/pt\/wp-json\/wp\/v2\/product_tag?post=3450"}],"curies":[{"name":"wp","href":"https:\/\/api.w.org\/{rel}","templated":true}]}}