{"id":4437,"date":"2026-01-23T03:19:10","date_gmt":"2026-01-23T03:19:10","guid":{"rendered":"https:\/\/silqui-tex.com.ar\/?post_type=product&#038;p=4437"},"modified":"2026-01-23T03:26:31","modified_gmt":"2026-01-23T03:26:31","slug":"cardas-usadas-rieter-c60h","status":"publish","type":"product","link":"https:\/\/silqui-tex.com.ar\/pt\/produto\/cardas-usadas-rieter-c60h\/","title":{"rendered":"Cardas usadas Rieter C60H &#8211; A\u00f1o 2007"},"content":{"rendered":"<p data-start=\"333\" data-end=\"668\">Disponemos de cardas usadas Rieter modelo C60H, equipos ampliamente reconocidos en la industria por su robustez mec\u00e1nica, estabilidad de proceso y excelente calidad de cardado. Estas m\u00e1quinas son ideales para hilander\u00edas que buscan renovar o ampliar capacidad productiva incorporando maquinaria confiable de origen europeo.<\/p>\n<p data-start=\"670\" data-end=\"795\">Las cardas se encuentran en buen estado operativo, con guarniciones en buenas condiciones y disponibilidad inmediata.<\/p>\n<h3 data-start=\"797\" data-end=\"826\">Caracter\u00edsticas generales<\/h3>\n<ul data-start=\"827\" data-end=\"962\">\n<li data-start=\"827\" data-end=\"875\">\n<p data-start=\"829\" data-end=\"875\">Marca: <span class=\"hover:entity-accent entity-underline inline cursor-pointer align-baseline\"><span class=\"whitespace-normal\">Rieter<\/span><\/span><\/p>\n<\/li>\n<li data-start=\"876\" data-end=\"892\">\n<p data-start=\"878\" data-end=\"892\">Modelo: C60H<\/p>\n<\/li>\n<li data-start=\"893\" data-end=\"928\">\n<p data-start=\"895\" data-end=\"928\">Cantidad disponible: 5 unidades<\/p>\n<\/li>\n<li data-start=\"929\" data-end=\"962\">\n<p data-start=\"931\" data-end=\"962\">A\u00f1o de fabricaci\u00f3n: 2006\u20132007<\/p>\n<\/li>\n<\/ul>\n<h3 data-start=\"964\" data-end=\"989\">Configuraci\u00f3n t\u00e9cnica<\/h3>\n<ul data-start=\"990\" data-end=\"1189\">\n<li data-start=\"990\" data-end=\"1005\">\n<p data-start=\"992\" data-end=\"1005\">3 licker-in<\/p>\n<\/li>\n<li data-start=\"1006\" data-end=\"1040\">\n<p data-start=\"1008\" data-end=\"1040\">Tama\u00f1o de cana: 1000 \u00d7 1200 mm<\/p>\n<\/li>\n<li data-start=\"1041\" data-end=\"1070\">\n<p data-start=\"1043\" data-end=\"1070\">Cambio autom\u00e1tico de cana<\/p>\n<\/li>\n<li data-start=\"1071\" data-end=\"1106\">\n<p data-start=\"1073\" data-end=\"1106\">Alimentaci\u00f3n por chute feed A70<\/p>\n<\/li>\n<li data-start=\"1107\" data-end=\"1157\">\n<p data-start=\"1109\" data-end=\"1157\">Equipadas con variador de velocidad (inverter)<\/p>\n<\/li>\n<li data-start=\"1158\" data-end=\"1189\">\n<p data-start=\"1160\" data-end=\"1189\">Guarniciones en buen estado<\/p>\n<\/li>\n<\/ul>\n<h3 data-start=\"1191\" data-end=\"1214\">Condici\u00f3n y entrega<\/h3>\n<ul data-start=\"1215\" data-end=\"1319\">\n<li data-start=\"1215\" data-end=\"1267\">\n<p data-start=\"1217\" data-end=\"1267\">Estado: usadas, en buenas condiciones operativas<\/p>\n<\/li>\n<li data-start=\"1268\" data-end=\"1289\">\n<p data-start=\"1270\" data-end=\"1289\">Ubicaci\u00f3n: Europa<\/p>\n<\/li>\n<li data-start=\"1290\" data-end=\"1319\">\n<p data-start=\"1292\" data-end=\"1319\">Disponibilidad: inmediata<\/p>\n<\/li>\n<\/ul>","protected":false},"excerpt":{"rendered":"<p>Lote de cardas usadas Rieter C60H, a\u00f1os 2006\u20132007, en buen estado operativo. Equipadas con chute A70, inverter y cambio autom\u00e1tico de cana. Disponibles en Europa.<\/p>","protected":false},"featured_media":4438,"template":"","meta":[],"product_brand":[],"product_cat":[25],"product_tag":[468,467,465,225,230,226,469,227,466],"class_list":{"0":"post-4437","1":"product","2":"type-product","3":"status-publish","4":"has-post-thumbnail","6":"product_cat-maquinaria-de-hilanderia","7":"product_tag-cardas-algodon","8":"product_tag-cardas-europeas","9":"product_tag-cardas-rieter","10":"product_tag-cardas-usadas","11":"product_tag-chute-feed-a70","12":"product_tag-maquinaria-de-hilanderia","13":"product_tag-maquinaria-textil-europa","14":"product_tag-maquinaria-textil-usada","15":"product_tag-rieter-c60h","17":"first","18":"instock","19":"shipping-taxable","20":"product-type-simple"},"yoast_head":"<!-- This site is optimized with the Yoast SEO plugin v27.3 - https:\/\/yoast.com\/product\/yoast-seo-wordpress\/ -->\n<title>Cardas usadas Rieter C60H - A\u00f1o 2007<\/title>\n<meta name=\"description\" content=\"Cardas usadas Rieter C60H a\u00f1o 2006\u20132007, disponibles en Europa. Alimentaci\u00f3n A70, inverter y cambio autom\u00e1tico de cana. Entrega inmediata.\" \/>\n<meta name=\"robots\" content=\"index, follow, max-snippet:-1, max-image-preview:large, max-video-preview:-1\" \/>\n<link rel=\"canonical\" href=\"https:\/\/silqui-tex.com.ar\/pt\/produto\/cardas-usadas-rieter-c60h\/\" \/>\n<meta property=\"og:locale\" content=\"pt_BR\" \/>\n<meta property=\"og:type\" content=\"article\" \/>\n<meta property=\"og:title\" content=\"Cardas usadas Rieter C60H - A\u00f1o 2007\" \/>\n<meta property=\"og:description\" content=\"Cardas usadas Rieter C60H a\u00f1o 2006\u20132007, disponibles en Europa. Alimentaci\u00f3n A70, inverter y cambio autom\u00e1tico de cana. Entrega inmediata.\" \/>\n<meta property=\"og:url\" content=\"https:\/\/silqui-tex.com.ar\/pt\/produto\/cardas-usadas-rieter-c60h\/\" \/>\n<meta property=\"og:site_name\" content=\"Silqui-Tex\" \/>\n<meta property=\"article:modified_time\" content=\"2026-01-23T03:26:31+00:00\" \/>\n<meta property=\"og:image\" content=\"https:\/\/silqui-tex.com.ar\/wp-content\/uploads\/2026\/01\/PHOTO-2026-01-22-12-42-21.jpg\" \/>\n\t<meta property=\"og:image:width\" content=\"768\" \/>\n\t<meta property=\"og:image:height\" content=\"1024\" \/>\n\t<meta property=\"og:image:type\" content=\"image\/jpeg\" \/>\n<meta name=\"twitter:card\" content=\"summary_large_image\" \/>\n<meta name=\"twitter:label1\" content=\"Est. tempo de leitura\" \/>\n\t<meta name=\"twitter:data1\" content=\"1 minuto\" \/>\n<script type=\"application\/ld+json\" class=\"yoast-schema-graph\">{\"@context\":\"https:\\\/\\\/schema.org\",\"@graph\":[{\"@type\":\"WebPage\",\"@id\":\"https:\\\/\\\/silqui-tex.com.ar\\\/producto\\\/cardas-usadas-rieter-c60h\\\/\",\"url\":\"https:\\\/\\\/silqui-tex.com.ar\\\/producto\\\/cardas-usadas-rieter-c60h\\\/\",\"name\":\"Cardas usadas Rieter C60H - A\u00f1o 2007\",\"isPartOf\":{\"@id\":\"https:\\\/\\\/silqui-tex.com.ar\\\/#website\"},\"primaryImageOfPage\":{\"@id\":\"https:\\\/\\\/silqui-tex.com.ar\\\/producto\\\/cardas-usadas-rieter-c60h\\\/#primaryimage\"},\"image\":{\"@id\":\"https:\\\/\\\/silqui-tex.com.ar\\\/producto\\\/cardas-usadas-rieter-c60h\\\/#primaryimage\"},\"thumbnailUrl\":\"https:\\\/\\\/silqui-tex.com.ar\\\/wp-content\\\/uploads\\\/2026\\\/01\\\/PHOTO-2026-01-22-12-42-21.jpg\",\"datePublished\":\"2026-01-23T03:19:10+00:00\",\"dateModified\":\"2026-01-23T03:26:31+00:00\",\"description\":\"Cardas usadas Rieter C60H a\u00f1o 2006\u20132007, disponibles en Europa. Alimentaci\u00f3n A70, inverter y cambio autom\u00e1tico de cana. Entrega inmediata.\",\"breadcrumb\":{\"@id\":\"https:\\\/\\\/silqui-tex.com.ar\\\/producto\\\/cardas-usadas-rieter-c60h\\\/#breadcrumb\"},\"inLanguage\":\"pt-BR\",\"potentialAction\":[{\"@type\":\"ReadAction\",\"target\":[\"https:\\\/\\\/silqui-tex.com.ar\\\/producto\\\/cardas-usadas-rieter-c60h\\\/\"]}]},{\"@type\":\"ImageObject\",\"inLanguage\":\"pt-BR\",\"@id\":\"https:\\\/\\\/silqui-tex.com.ar\\\/producto\\\/cardas-usadas-rieter-c60h\\\/#primaryimage\",\"url\":\"https:\\\/\\\/silqui-tex.com.ar\\\/wp-content\\\/uploads\\\/2026\\\/01\\\/PHOTO-2026-01-22-12-42-21.jpg\",\"contentUrl\":\"https:\\\/\\\/silqui-tex.com.ar\\\/wp-content\\\/uploads\\\/2026\\\/01\\\/PHOTO-2026-01-22-12-42-21.jpg\",\"width\":768,\"height\":1024,\"caption\":\"carda rieter c60h usada\"},{\"@type\":\"BreadcrumbList\",\"@id\":\"https:\\\/\\\/silqui-tex.com.ar\\\/producto\\\/cardas-usadas-rieter-c60h\\\/#breadcrumb\",\"itemListElement\":[{\"@type\":\"ListItem\",\"position\":1,\"name\":\"Portada\",\"item\":\"https:\\\/\\\/silqui-tex.com.ar\\\/\"},{\"@type\":\"ListItem\",\"position\":2,\"name\":\"Tienda\",\"item\":\"https:\\\/\\\/silqui-tex.com.ar\\\/tienda\\\/\"},{\"@type\":\"ListItem\",\"position\":3,\"name\":\"Cardas usadas Rieter C60H &#8211; A\u00f1o 2007\"}]},{\"@type\":\"WebSite\",\"@id\":\"https:\\\/\\\/silqui-tex.com.ar\\\/#website\",\"url\":\"https:\\\/\\\/silqui-tex.com.ar\\\/\",\"name\":\"Silqui-Tex\",\"description\":\"Silqui-Tex se especializa en la venta de maquinaria textil y soluciones innovadoras para la industria, con m\u00e1s de 40 a\u00f1os de experiencia en Am\u00e9rica Latina, ofreciendo tecnolog\u00eda de calidad, servicios personalizados y un enfoque en el desarrollo sostenible.\",\"potentialAction\":[{\"@type\":\"SearchAction\",\"target\":{\"@type\":\"EntryPoint\",\"urlTemplate\":\"https:\\\/\\\/silqui-tex.com.ar\\\/?s={search_term_string}\"},\"query-input\":{\"@type\":\"PropertyValueSpecification\",\"valueRequired\":true,\"valueName\":\"search_term_string\"}}],\"inLanguage\":\"pt-BR\"}]}<\/script>\n<!-- \/ Yoast SEO plugin. -->","yoast_head_json":{"title":"Cardas usadas Rieter C60H - A\u00f1o 2007","description":"Cardas usadas Rieter C60H a\u00f1o 2006\u20132007, disponibles en Europa. Alimentaci\u00f3n A70, inverter y cambio autom\u00e1tico de cana. Entrega inmediata.","robots":{"index":"index","follow":"follow","max-snippet":"max-snippet:-1","max-image-preview":"max-image-preview:large","max-video-preview":"max-video-preview:-1"},"canonical":"https:\/\/silqui-tex.com.ar\/pt\/produto\/cardas-usadas-rieter-c60h\/","og_locale":"pt_BR","og_type":"article","og_title":"Cardas usadas Rieter C60H - A\u00f1o 2007","og_description":"Cardas usadas Rieter C60H a\u00f1o 2006\u20132007, disponibles en Europa. Alimentaci\u00f3n A70, inverter y cambio autom\u00e1tico de cana. Entrega inmediata.","og_url":"https:\/\/silqui-tex.com.ar\/pt\/produto\/cardas-usadas-rieter-c60h\/","og_site_name":"Silqui-Tex","article_modified_time":"2026-01-23T03:26:31+00:00","og_image":[{"width":768,"height":1024,"url":"https:\/\/silqui-tex.com.ar\/wp-content\/uploads\/2026\/01\/PHOTO-2026-01-22-12-42-21.jpg","type":"image\/jpeg"}],"twitter_card":"summary_large_image","twitter_misc":{"Est. tempo de leitura":"1 minuto"},"schema":{"@context":"https:\/\/schema.org","@graph":[{"@type":"WebPage","@id":"https:\/\/silqui-tex.com.ar\/producto\/cardas-usadas-rieter-c60h\/","url":"https:\/\/silqui-tex.com.ar\/producto\/cardas-usadas-rieter-c60h\/","name":"Cardas usadas Rieter C60H - A\u00f1o 2007","isPartOf":{"@id":"https:\/\/silqui-tex.com.ar\/#website"},"primaryImageOfPage":{"@id":"https:\/\/silqui-tex.com.ar\/producto\/cardas-usadas-rieter-c60h\/#primaryimage"},"image":{"@id":"https:\/\/silqui-tex.com.ar\/producto\/cardas-usadas-rieter-c60h\/#primaryimage"},"thumbnailUrl":"https:\/\/silqui-tex.com.ar\/wp-content\/uploads\/2026\/01\/PHOTO-2026-01-22-12-42-21.jpg","datePublished":"2026-01-23T03:19:10+00:00","dateModified":"2026-01-23T03:26:31+00:00","description":"Cardas usadas Rieter C60H a\u00f1o 2006\u20132007, disponibles en Europa. Alimentaci\u00f3n A70, inverter y cambio autom\u00e1tico de cana. Entrega inmediata.","breadcrumb":{"@id":"https:\/\/silqui-tex.com.ar\/producto\/cardas-usadas-rieter-c60h\/#breadcrumb"},"inLanguage":"pt-BR","potentialAction":[{"@type":"ReadAction","target":["https:\/\/silqui-tex.com.ar\/producto\/cardas-usadas-rieter-c60h\/"]}]},{"@type":"ImageObject","inLanguage":"pt-BR","@id":"https:\/\/silqui-tex.com.ar\/producto\/cardas-usadas-rieter-c60h\/#primaryimage","url":"https:\/\/silqui-tex.com.ar\/wp-content\/uploads\/2026\/01\/PHOTO-2026-01-22-12-42-21.jpg","contentUrl":"https:\/\/silqui-tex.com.ar\/wp-content\/uploads\/2026\/01\/PHOTO-2026-01-22-12-42-21.jpg","width":768,"height":1024,"caption":"carda rieter c60h usada"},{"@type":"BreadcrumbList","@id":"https:\/\/silqui-tex.com.ar\/producto\/cardas-usadas-rieter-c60h\/#breadcrumb","itemListElement":[{"@type":"ListItem","position":1,"name":"Portada","item":"https:\/\/silqui-tex.com.ar\/"},{"@type":"ListItem","position":2,"name":"Tienda","item":"https:\/\/silqui-tex.com.ar\/tienda\/"},{"@type":"ListItem","position":3,"name":"Cardas usadas Rieter C60H &#8211; A\u00f1o 2007"}]},{"@type":"WebSite","@id":"https:\/\/silqui-tex.com.ar\/#website","url":"https:\/\/silqui-tex.com.ar\/","name":"Silqui-Tex","description":"Silqui-Tex se especializa en la venta de maquinaria textil y soluciones innovadoras para la industria, con m\u00e1s de 40 a\u00f1os de experiencia en Am\u00e9rica Latina, ofreciendo tecnolog\u00eda de calidad, servicios personalizados y un enfoque en el desarrollo sostenible.","potentialAction":[{"@type":"SearchAction","target":{"@type":"EntryPoint","urlTemplate":"https:\/\/silqui-tex.com.ar\/?s={search_term_string}"},"query-input":{"@type":"PropertyValueSpecification","valueRequired":true,"valueName":"search_term_string"}}],"inLanguage":"pt-BR"}]}},"_links":{"self":[{"href":"https:\/\/silqui-tex.com.ar\/pt\/wp-json\/wp\/v2\/product\/4437","targetHints":{"allow":["GET"]}}],"collection":[{"href":"https:\/\/silqui-tex.com.ar\/pt\/wp-json\/wp\/v2\/product"}],"about":[{"href":"https:\/\/silqui-tex.com.ar\/pt\/wp-json\/wp\/v2\/types\/product"}],"wp:featuredmedia":[{"embeddable":true,"href":"https:\/\/silqui-tex.com.ar\/pt\/wp-json\/wp\/v2\/media\/4438"}],"wp:attachment":[{"href":"https:\/\/silqui-tex.com.ar\/pt\/wp-json\/wp\/v2\/media?parent=4437"}],"wp:term":[{"taxonomy":"product_brand","embeddable":true,"href":"https:\/\/silqui-tex.com.ar\/pt\/wp-json\/wp\/v2\/product_brand?post=4437"},{"taxonomy":"product_cat","embeddable":true,"href":"https:\/\/silqui-tex.com.ar\/pt\/wp-json\/wp\/v2\/product_cat?post=4437"},{"taxonomy":"product_tag","embeddable":true,"href":"https:\/\/silqui-tex.com.ar\/pt\/wp-json\/wp\/v2\/product_tag?post=4437"}],"curies":[{"name":"wp","href":"https:\/\/api.w.org\/{rel}","templated":true}]}}