{"id":4464,"date":"2026-01-25T23:53:37","date_gmt":"2026-01-25T23:53:37","guid":{"rendered":"https:\/\/silqui-tex.com.ar\/?post_type=product&#038;p=4464"},"modified":"2026-01-26T01:28:43","modified_gmt":"2026-01-26T01:28:43","slug":"maquinaria-textil-disponible-planta-industrial","status":"publish","type":"product","link":"https:\/\/silqui-tex.com.ar\/pt\/produto\/maquinaria-textil-disponible-planta-industrial\/","title":{"rendered":"Maquinaria textil disponible \u2013 Planta industrial &#8211; Venta de equipos individuales"},"content":{"rendered":"<p data-start=\"498\" data-end=\"825\">Disponemos de un conjunto de maquinaria textil usada, actualmente instalada en una planta industrial ubicada en Am\u00e9rica del Sur, correspondiente a distintas etapas del proceso productivo textil: apertura y preparaci\u00f3n de fibra, cardado, estiraje, hilatura Open End, servicios auxiliares (utilities) y despacho\/embalaje.<\/p>\n<p data-start=\"827\" data-end=\"1076\">La planta no se comercializa como planta completa.<br data-start=\"881\" data-end=\"884\" \/>Todos los equipos se venden de manera individual, permitiendo seleccionar \u00fanicamente la maquinaria necesaria seg\u00fan cada proyecto, ampliaci\u00f3n de capacidad o reemplazo de equipos existentes.<\/p>\n<p data-start=\"1078\" data-end=\"1229\">La maquinaria es mayoritariamente de origen europeo, de fabricantes l\u00edderes del sector, con a\u00f1os de fabricaci\u00f3n comprendidos entre 1999 y 2017.<\/p>\n<hr data-start=\"1231\" data-end=\"1234\" \/>\n<p data-start=\"1236\" data-end=\"1285\">\u00c1rea de apertura y preparaci\u00f3n de fibra (Opening)<\/p>\n<p data-start=\"1287\" data-end=\"1916\">\u2013 Blending Opener Tr\u00fctzschler Blendomat 019 \u2013 A\u00f1o 2003<br data-start=\"1341\" data-end=\"1344\" \/>\u2013 Detector de fibras extra\u00f1as Tr\u00fctzschler SCFO \u2013 A\u00f1o 2003<br data-start=\"1401\" data-end=\"1404\" \/>\u2013 Detector de fibras extra\u00f1as Tr\u00fctzschler Seguramat SC \u2013 A\u00f1o 2003<br data-start=\"1469\" data-end=\"1472\" \/>\u2013 Distribuidor Tr\u00fctzschler T \u2013 A\u00f1o 2003<br data-start=\"1511\" data-end=\"1514\" \/>\u2013 Limpiador fino Tr\u00fctzschler CXL 4 \u2013 A\u00f1o 2003<br data-start=\"1559\" data-end=\"1562\" \/>\u2013 Limpiador grueso \/ condensador Tr\u00fctzschler LVSA \u2013 A\u00f1o 2003<br data-start=\"1622\" data-end=\"1625\" \/>\u2013 Limpiador grueso Tr\u00fctzschler Maxi-Flo MFC \u2013 A\u00f1o 2003<br data-start=\"1679\" data-end=\"1682\" \/>\u2013 C\u00e1mara de mezcla Tr\u00fctzschler MCM 10 \u2013 A\u00f1o 2003<br data-start=\"1730\" data-end=\"1733\" \/>\u2013 Separador de material Tr\u00fctzschler MAS \u2013 A\u00f1o 2003<br data-start=\"1783\" data-end=\"1786\" \/>\u2013 Ventiladores de transporte Tr\u00fctzschler TV425 \u2013 A\u00f1o 2003 (2 unidades)<br data-start=\"1856\" data-end=\"1859\" \/>\u2013 Ventilador de transporte Tr\u00fctzschler TV500 \u2013 A\u00f1o 2003<\/p>\n<hr data-start=\"1918\" data-end=\"1921\" \/>\n<p data-start=\"1923\" data-end=\"1938\">\u00c1rea de cardado<\/p>\n<p data-start=\"1940\" data-end=\"2017\">\u2013 Carda Tr\u00fctzschler DK903 \u2013 A\u00f1o 2001<br data-start=\"1976\" data-end=\"1979\" \/>\u2013 Carda Tr\u00fctzschler DK903 \u2013 A\u00f1o 1999<\/p>\n<hr data-start=\"2019\" data-end=\"2022\" \/>\n<p data-start=\"2024\" data-end=\"2071\">\u00c1rea de estiraje \/ manuar (Drawing \u2013 2\u00ba pasaje)<\/p>\n<p data-start=\"2073\" data-end=\"2176\">\u2013 Manuar autorregulador Rieter RSB D30 \u2013 A\u00f1o 1999<br data-start=\"2122\" data-end=\"2125\" \/>\u2013 Manuar autorregulador Rieter RSB D30 \u2013 A\u00f1o 1999<\/p>\n<hr data-start=\"2178\" data-end=\"2181\" \/>\n<p data-start=\"2183\" data-end=\"2225\">\u00c1rea de hilatura Open End (Rotor Spinning)<\/p>\n<p data-start=\"2227\" data-end=\"2310\">\u2013 Open End Schlafhorst SE11 (ACO 312)<br data-start=\"2264\" data-end=\"2267\" \/>\u2022 312 rotores<br data-start=\"2282\" data-end=\"2285\" \/>\u2022 A\u00f1o 2003 (3 unidades)<\/p>\n<p data-start=\"2312\" data-end=\"2375\">\u2013 Open End Schlafhorst SE12 (ACO 360)<br data-start=\"2349\" data-end=\"2352\" \/>\u2022 A\u00f1o 2003 (1 unidad)<\/p>\n<hr data-start=\"2377\" data-end=\"2380\" \/>\n<p data-start=\"2382\" data-end=\"2414\">Servicios auxiliares \u2013 Utilities<\/p>\n<p data-start=\"2416\" data-end=\"2530\">Compresores de aire<br data-start=\"2435\" data-end=\"2438\" \/>\u2013 Atlas Copco GA37 \u2013 A\u00f1o 2001<br data-start=\"2467\" data-end=\"2470\" \/>\u2013 Atlas Copco GA55 \u2013 A\u00f1o 2011<br data-start=\"2499\" data-end=\"2502\" \/>\u2013 Ceccato CSC50 \u2013 A\u00f1o 2016<\/p>\n<p data-start=\"2532\" data-end=\"2652\">Secadores de aire<br data-start=\"2549\" data-end=\"2552\" \/>\u2013 Ceccato CDX150 \u2013 A\u00f1o 2007<br data-start=\"2579\" data-end=\"2582\" \/>\u2013 Chaumeca Ib\u00e9rica ARTIC 215 \u2013 A\u00f1o 2007<br data-start=\"2621\" data-end=\"2624\" \/>\u2013 Sullair SR180 \u2013 A\u00f1o 2007<\/p>\n<p data-start=\"2654\" data-end=\"2773\">Otros servicios<br data-start=\"2669\" data-end=\"2672\" \/>\u2013 Tanque de aire industrial \u2013 A\u00f1o N\/A<br data-start=\"2709\" data-end=\"2712\" \/>\u2013 Ablandador de agua Wave Cyber MFR-Q0518IEB 022 \u2013 A\u00f1o 2017<\/p>\n<hr data-start=\"2775\" data-end=\"2778\" \/>\n<p data-start=\"2780\" data-end=\"2807\">\u00c1rea de despacho y embalaje<\/p>\n<p data-start=\"2809\" data-end=\"2919\">\u2013 Generador de vapor Pozzi BRQ2P MT \u2013 A\u00f1o 2003<br data-start=\"2855\" data-end=\"2858\" \/>\u2013 Paletizador autom\u00e1tico Eckerotjet \/ MIDO H3000 \u2013 A\u00f1o 2003<\/p>\n<hr data-start=\"2921\" data-end=\"2924\" \/>\n<p data-start=\"2926\" data-end=\"2943\">Condici\u00f3n general<\/p>\n<p data-start=\"2945\" data-end=\"3141\">\u2013 Maquinaria usada<br data-start=\"2963\" data-end=\"2966\" \/>\u2013 Equipos instalados y operativos hasta su detenci\u00f3n<br data-start=\"3018\" data-end=\"3021\" \/>\u2013 Mantenimiento industrial acorde a planta productiva<br data-start=\"3074\" data-end=\"3077\" \/>\u2013 Disponibilidad sujeta a venta<br data-start=\"3108\" data-end=\"3111\" \/>\u2013 Ubicaci\u00f3n: Am\u00e9rica del Sur<\/p>\n<hr data-start=\"3143\" data-end=\"3146\" \/>\n<p data-start=\"3148\" data-end=\"3175\">Venta individual de equipos<\/p>\n<p data-start=\"3177\" data-end=\"3412\">Cada m\u00e1quina puede cotizarse de forma individual.<br data-start=\"3230\" data-end=\"3233\" \/>No es obligatorio adquirir el conjunto completo. Nuestro equipo t\u00e9cnico puede asistir en la evaluaci\u00f3n de compatibilidad, capacidades productivas y adaptaci\u00f3n a l\u00edneas existentes.<\/p>\n<p data-start=\"3414\" data-end=\"3541\">Para solicitar informaci\u00f3n t\u00e9cnica detallada, fotos, videos, fichas t\u00e9cnicas o cotizaci\u00f3n, pod\u00e9s contactarnos directamente.<\/p>\n<h3 data-start=\"5457\" data-end=\"5662\"><span style=\"color: #0000ff;\"><a style=\"color: #0000ff;\" href=\"https:\/\/wa.me\/5491126595896?text=Hola%20Silqui-Tex%2C%20los%20contacto%20desde%20la%20publicaci%C3%B3n%20de%20maquinaria%20textil%20disponible%20en%20Am%C3%A9rica%20del%20Sur.%20Me%20interesa%20recibir%20informaci%C3%B3n%20y%20cotizaci%C3%B3n%20de%20los%20equipos%20disponibles.%20Gracias.\" target=\"_blank\" rel=\"noopener\">Contactar por WhatsApp para esta planta textil<\/a><\/span><\/h3>\n<p data-start=\"5457\" data-end=\"5662\">","protected":false},"excerpt":{"rendered":"<p>Maquinaria textil disponible en planta industrial. Equipos de apertura, cardado, estiraje, Open End y utilities. Venta individual de maquinaria.<\/p>","protected":false},"featured_media":4465,"template":"","meta":[],"product_brand":[],"product_cat":[444],"product_tag":[465,485,477,491,486,490,390,483,317,488,480,475,474,310,481,493,479,227,489,487,482,476,484,117,478,492],"class_list":{"0":"post-4464","1":"product","2":"type-product","3":"status-publish","4":"has-post-thumbnail","6":"product_cat-plantas-textiles-completas","7":"product_tag-cardas-rieter","8":"product_tag-cardas-trutzschler","9":"product_tag-equipos-textiles-en-venta","10":"product_tag-equipos-textiles-usados","11":"product_tag-manuares-rieter","12":"product_tag-maquinaria-bonino","13":"product_tag-maquinaria-open-end","14":"product_tag-maquinaria-para-cardado","15":"product_tag-maquinaria-para-hilanderia","16":"product_tag-maquinaria-rieter-usada","17":"product_tag-maquinaria-textil-argentina","18":"product_tag-maquinaria-textil-disponible","19":"product_tag-maquinaria-textil-europea","20":"product_tag-maquinaria-textil-industrial","21":"product_tag-maquinaria-textil-instalada","22":"product_tag-maquinaria-textil-por-unidad","23":"product_tag-maquinaria-textil-sudamerica","24":"product_tag-maquinaria-textil-usada","25":"product_tag-maquinaria-trutzschler-usada","26":"product_tag-open-end-schlafhorst","27":"product_tag-planta-textil-en-operacion","28":"product_tag-planta-textil-industrial","29":"product_tag-rotor-spinning-machines","30":"product_tag-silqui-tex-international","31":"product_tag-venta-de-maquinaria-textil","32":"product_tag-venta-de-maquinas-individuales","34":"first","35":"instock","36":"shipping-taxable","37":"product-type-simple"},"yoast_head":"<!-- This site is optimized with the Yoast SEO plugin v27.3 - https:\/\/yoast.com\/product\/yoast-seo-wordpress\/ -->\n<title>Maquinaria textil disponible en planta industrial<\/title>\n<meta name=\"description\" content=\"Maquinaria textil disponible en planta industrial. Equipos de apertura, cardado, estiraje, Open End y utilities. Venta individual de maquinaria.\" \/>\n<meta name=\"robots\" content=\"index, follow, max-snippet:-1, max-image-preview:large, max-video-preview:-1\" \/>\n<link rel=\"canonical\" href=\"https:\/\/silqui-tex.com.ar\/pt\/produto\/maquinaria-textil-disponible-planta-industrial\/\" \/>\n<meta property=\"og:locale\" content=\"pt_BR\" \/>\n<meta property=\"og:type\" content=\"article\" \/>\n<meta property=\"og:title\" content=\"Maquinaria textil disponible \u2013 Planta industrial en venta\" \/>\n<meta property=\"og:description\" content=\"Planta industrial con maquinaria textil disponible. Equipos para distintos procesos productivos, con opci\u00f3n de venta total o por equipos individuales. Consultanos para m\u00e1s informaci\u00f3n.\" \/>\n<meta property=\"og:url\" content=\"https:\/\/silqui-tex.com.ar\/pt\/produto\/maquinaria-textil-disponible-planta-industrial\/\" \/>\n<meta property=\"og:site_name\" content=\"Silqui-Tex\" \/>\n<meta property=\"article:modified_time\" content=\"2026-01-26T01:28:43+00:00\" \/>\n<meta property=\"og:image\" content=\"https:\/\/silqui-tex.com.ar\/wp-content\/uploads\/2026\/01\/plata-textil-1024x683.png\" \/>\n\t<meta property=\"og:image:width\" content=\"1024\" \/>\n\t<meta property=\"og:image:height\" content=\"683\" \/>\n\t<meta property=\"og:image:type\" content=\"image\/png\" \/>\n<meta name=\"twitter:card\" content=\"summary_large_image\" \/>\n<meta name=\"twitter:label1\" content=\"Est. tempo de leitura\" \/>\n\t<meta name=\"twitter:data1\" content=\"3 minutos\" \/>\n<script type=\"application\/ld+json\" class=\"yoast-schema-graph\">{\"@context\":\"https:\\\/\\\/schema.org\",\"@graph\":[{\"@type\":\"WebPage\",\"@id\":\"https:\\\/\\\/silqui-tex.com.ar\\\/producto\\\/maquinaria-textil-disponible-planta-industrial\\\/\",\"url\":\"https:\\\/\\\/silqui-tex.com.ar\\\/producto\\\/maquinaria-textil-disponible-planta-industrial\\\/\",\"name\":\"Maquinaria textil disponible en planta industrial\",\"isPartOf\":{\"@id\":\"https:\\\/\\\/silqui-tex.com.ar\\\/#website\"},\"primaryImageOfPage\":{\"@id\":\"https:\\\/\\\/silqui-tex.com.ar\\\/producto\\\/maquinaria-textil-disponible-planta-industrial\\\/#primaryimage\"},\"image\":{\"@id\":\"https:\\\/\\\/silqui-tex.com.ar\\\/producto\\\/maquinaria-textil-disponible-planta-industrial\\\/#primaryimage\"},\"thumbnailUrl\":\"https:\\\/\\\/silqui-tex.com.ar\\\/wp-content\\\/uploads\\\/2026\\\/01\\\/plata-textil.png\",\"datePublished\":\"2026-01-25T23:53:37+00:00\",\"dateModified\":\"2026-01-26T01:28:43+00:00\",\"description\":\"Maquinaria textil disponible en planta industrial. Equipos de apertura, cardado, estiraje, Open End y utilities. Venta individual de maquinaria.\",\"breadcrumb\":{\"@id\":\"https:\\\/\\\/silqui-tex.com.ar\\\/producto\\\/maquinaria-textil-disponible-planta-industrial\\\/#breadcrumb\"},\"inLanguage\":\"pt-BR\",\"potentialAction\":[{\"@type\":\"ReadAction\",\"target\":[\"https:\\\/\\\/silqui-tex.com.ar\\\/producto\\\/maquinaria-textil-disponible-planta-industrial\\\/\"]}]},{\"@type\":\"ImageObject\",\"inLanguage\":\"pt-BR\",\"@id\":\"https:\\\/\\\/silqui-tex.com.ar\\\/producto\\\/maquinaria-textil-disponible-planta-industrial\\\/#primaryimage\",\"url\":\"https:\\\/\\\/silqui-tex.com.ar\\\/wp-content\\\/uploads\\\/2026\\\/01\\\/plata-textil.png\",\"contentUrl\":\"https:\\\/\\\/silqui-tex.com.ar\\\/wp-content\\\/uploads\\\/2026\\\/01\\\/plata-textil.png\",\"width\":1536,\"height\":1024,\"caption\":\"maquinaria de hilanderia disponible\"},{\"@type\":\"BreadcrumbList\",\"@id\":\"https:\\\/\\\/silqui-tex.com.ar\\\/producto\\\/maquinaria-textil-disponible-planta-industrial\\\/#breadcrumb\",\"itemListElement\":[{\"@type\":\"ListItem\",\"position\":1,\"name\":\"Portada\",\"item\":\"https:\\\/\\\/silqui-tex.com.ar\\\/\"},{\"@type\":\"ListItem\",\"position\":2,\"name\":\"Tienda\",\"item\":\"https:\\\/\\\/silqui-tex.com.ar\\\/tienda\\\/\"},{\"@type\":\"ListItem\",\"position\":3,\"name\":\"Maquinaria textil disponible \u2013 Planta industrial &#8211; Venta de equipos individuales\"}]},{\"@type\":\"WebSite\",\"@id\":\"https:\\\/\\\/silqui-tex.com.ar\\\/#website\",\"url\":\"https:\\\/\\\/silqui-tex.com.ar\\\/\",\"name\":\"Silqui-Tex\",\"description\":\"Silqui-Tex se especializa en la venta de maquinaria textil y soluciones innovadoras para la industria, con m\u00e1s de 40 a\u00f1os de experiencia en Am\u00e9rica Latina, ofreciendo tecnolog\u00eda de calidad, servicios personalizados y un enfoque en el desarrollo sostenible.\",\"potentialAction\":[{\"@type\":\"SearchAction\",\"target\":{\"@type\":\"EntryPoint\",\"urlTemplate\":\"https:\\\/\\\/silqui-tex.com.ar\\\/?s={search_term_string}\"},\"query-input\":{\"@type\":\"PropertyValueSpecification\",\"valueRequired\":true,\"valueName\":\"search_term_string\"}}],\"inLanguage\":\"pt-BR\"}]}<\/script>\n<!-- \/ Yoast SEO plugin. -->","yoast_head_json":{"title":"Maquinaria textil disponible en planta industrial","description":"Maquinaria textil disponible en planta industrial. Equipos de apertura, cardado, estiraje, Open End y utilities. Venta individual de maquinaria.","robots":{"index":"index","follow":"follow","max-snippet":"max-snippet:-1","max-image-preview":"max-image-preview:large","max-video-preview":"max-video-preview:-1"},"canonical":"https:\/\/silqui-tex.com.ar\/pt\/produto\/maquinaria-textil-disponible-planta-industrial\/","og_locale":"pt_BR","og_type":"article","og_title":"Maquinaria textil disponible \u2013 Planta industrial en venta","og_description":"Planta industrial con maquinaria textil disponible. Equipos para distintos procesos productivos, con opci\u00f3n de venta total o por equipos individuales. Consultanos para m\u00e1s informaci\u00f3n.","og_url":"https:\/\/silqui-tex.com.ar\/pt\/produto\/maquinaria-textil-disponible-planta-industrial\/","og_site_name":"Silqui-Tex","article_modified_time":"2026-01-26T01:28:43+00:00","og_image":[{"width":1024,"height":683,"url":"https:\/\/silqui-tex.com.ar\/wp-content\/uploads\/2026\/01\/plata-textil-1024x683.png","type":"image\/png"}],"twitter_card":"summary_large_image","twitter_misc":{"Est. tempo de leitura":"3 minutos"},"schema":{"@context":"https:\/\/schema.org","@graph":[{"@type":"WebPage","@id":"https:\/\/silqui-tex.com.ar\/producto\/maquinaria-textil-disponible-planta-industrial\/","url":"https:\/\/silqui-tex.com.ar\/producto\/maquinaria-textil-disponible-planta-industrial\/","name":"Maquinaria textil disponible en planta industrial","isPartOf":{"@id":"https:\/\/silqui-tex.com.ar\/#website"},"primaryImageOfPage":{"@id":"https:\/\/silqui-tex.com.ar\/producto\/maquinaria-textil-disponible-planta-industrial\/#primaryimage"},"image":{"@id":"https:\/\/silqui-tex.com.ar\/producto\/maquinaria-textil-disponible-planta-industrial\/#primaryimage"},"thumbnailUrl":"https:\/\/silqui-tex.com.ar\/wp-content\/uploads\/2026\/01\/plata-textil.png","datePublished":"2026-01-25T23:53:37+00:00","dateModified":"2026-01-26T01:28:43+00:00","description":"Maquinaria textil disponible en planta industrial. Equipos de apertura, cardado, estiraje, Open End y utilities. Venta individual de maquinaria.","breadcrumb":{"@id":"https:\/\/silqui-tex.com.ar\/producto\/maquinaria-textil-disponible-planta-industrial\/#breadcrumb"},"inLanguage":"pt-BR","potentialAction":[{"@type":"ReadAction","target":["https:\/\/silqui-tex.com.ar\/producto\/maquinaria-textil-disponible-planta-industrial\/"]}]},{"@type":"ImageObject","inLanguage":"pt-BR","@id":"https:\/\/silqui-tex.com.ar\/producto\/maquinaria-textil-disponible-planta-industrial\/#primaryimage","url":"https:\/\/silqui-tex.com.ar\/wp-content\/uploads\/2026\/01\/plata-textil.png","contentUrl":"https:\/\/silqui-tex.com.ar\/wp-content\/uploads\/2026\/01\/plata-textil.png","width":1536,"height":1024,"caption":"maquinaria de hilanderia disponible"},{"@type":"BreadcrumbList","@id":"https:\/\/silqui-tex.com.ar\/producto\/maquinaria-textil-disponible-planta-industrial\/#breadcrumb","itemListElement":[{"@type":"ListItem","position":1,"name":"Portada","item":"https:\/\/silqui-tex.com.ar\/"},{"@type":"ListItem","position":2,"name":"Tienda","item":"https:\/\/silqui-tex.com.ar\/tienda\/"},{"@type":"ListItem","position":3,"name":"Maquinaria textil disponible \u2013 Planta industrial &#8211; Venta de equipos individuales"}]},{"@type":"WebSite","@id":"https:\/\/silqui-tex.com.ar\/#website","url":"https:\/\/silqui-tex.com.ar\/","name":"Silqui-Tex","description":"Silqui-Tex se especializa en la venta de maquinaria textil y soluciones innovadoras para la industria, con m\u00e1s de 40 a\u00f1os de experiencia en Am\u00e9rica Latina, ofreciendo tecnolog\u00eda de calidad, servicios personalizados y un enfoque en el desarrollo sostenible.","potentialAction":[{"@type":"SearchAction","target":{"@type":"EntryPoint","urlTemplate":"https:\/\/silqui-tex.com.ar\/?s={search_term_string}"},"query-input":{"@type":"PropertyValueSpecification","valueRequired":true,"valueName":"search_term_string"}}],"inLanguage":"pt-BR"}]}},"_links":{"self":[{"href":"https:\/\/silqui-tex.com.ar\/pt\/wp-json\/wp\/v2\/product\/4464","targetHints":{"allow":["GET"]}}],"collection":[{"href":"https:\/\/silqui-tex.com.ar\/pt\/wp-json\/wp\/v2\/product"}],"about":[{"href":"https:\/\/silqui-tex.com.ar\/pt\/wp-json\/wp\/v2\/types\/product"}],"wp:featuredmedia":[{"embeddable":true,"href":"https:\/\/silqui-tex.com.ar\/pt\/wp-json\/wp\/v2\/media\/4465"}],"wp:attachment":[{"href":"https:\/\/silqui-tex.com.ar\/pt\/wp-json\/wp\/v2\/media?parent=4464"}],"wp:term":[{"taxonomy":"product_brand","embeddable":true,"href":"https:\/\/silqui-tex.com.ar\/pt\/wp-json\/wp\/v2\/product_brand?post=4464"},{"taxonomy":"product_cat","embeddable":true,"href":"https:\/\/silqui-tex.com.ar\/pt\/wp-json\/wp\/v2\/product_cat?post=4464"},{"taxonomy":"product_tag","embeddable":true,"href":"https:\/\/silqui-tex.com.ar\/pt\/wp-json\/wp\/v2\/product_tag?post=4464"}],"curies":[{"name":"wp","href":"https:\/\/api.w.org\/{rel}","templated":true}]}}