{"id":705,"date":"2023-05-06T07:04:29","date_gmt":"2023-05-06T07:04:29","guid":{"rendered":"https:\/\/silqui-tex.com.ar\/?post_type=product&#038;p=705"},"modified":"2023-09-21T23:27:54","modified_gmt":"2023-09-21T23:27:54","slug":"rieter-c70-2018","status":"publish","type":"product","link":"https:\/\/silqui-tex.com.ar\/pt\/produto\/rieter-c70-2018\/","title":{"rendered":"RIETER  C70 CARDING  2018"},"content":{"rendered":"<pre>\u2022\tMaker: Rieter \r\n\u2022\tModel: C70 \r\n\u2022\tYear:2018 \r\n\u2022\tWith Auto Leveler \r\n\u2022\tWith Chute Feed \r\n\u2022\tWith Integrated Grinding System \r\n\u2022\tCan Dia 1000\u00d71100 \r\n\u2022\tAutomatic can Changer<\/pre>","protected":false},"excerpt":{"rendered":"<ul>\n<li><span style=\"font-weight: 400\">Make<\/span><span style=\"font-weight: 400\">:<\/span> <span style=\"font-weight: 400\">Rieter\u00a0<\/span><\/li>\n<li><span style=\"font-weight: 400\">Model<\/span><span style=\"font-weight: 400\">:<\/span> <span style=\"font-weight: 400\">C70\u00a0<\/span><\/li>\n<li><span style=\"font-weight: 400\">Year<\/span><span style=\"font-weight: 400\">:<\/span> <span style=\"font-weight: 400\">2018<\/span><\/li>\n<\/ul>","protected":false},"featured_media":722,"template":"","meta":[],"product_brand":[],"product_cat":[25],"product_tag":[],"class_list":{"0":"post-705","1":"product","2":"type-product","3":"status-publish","4":"has-post-thumbnail","6":"product_cat-maquinaria-de-hilanderia","8":"first","9":"instock","10":"shipping-taxable","11":"product-type-simple"},"yoast_head":"<!-- This site is optimized with the Yoast SEO plugin v27.3 - https:\/\/yoast.com\/product\/yoast-seo-wordpress\/ -->\n<title>RIETER C70 CARDING 2018 - Silqui-Tex<\/title>\n<meta name=\"description\" content=\"\u2022 Maker: Rieter \u2022 Model: C70 \u2022 Year:2018 \u2022 With Auto Leveler \u2022 With Chute Feed \u2022 With Integrated Grinding System \u2022 Can Dia 1000\u00d71100 \u2022 Automatic can Changer\" \/>\n<meta name=\"robots\" content=\"index, follow, max-snippet:-1, max-image-preview:large, max-video-preview:-1\" \/>\n<link rel=\"canonical\" href=\"https:\/\/silqui-tex.com.ar\/pt\/produto\/rieter-c70-2018\/\" \/>\n<meta property=\"og:locale\" content=\"pt_BR\" \/>\n<meta property=\"og:type\" content=\"article\" \/>\n<meta property=\"og:title\" content=\"RIETER C70 CARDING 2018 - Silqui-Tex\" \/>\n<meta property=\"og:description\" content=\"\u2022 Maker: Rieter \u2022 Model: C70 \u2022 Year:2018 \u2022 With Auto Leveler \u2022 With Chute Feed \u2022 With Integrated Grinding System \u2022 Can Dia 1000\u00d71100 \u2022 Automatic can Changer\" \/>\n<meta property=\"og:url\" content=\"https:\/\/silqui-tex.com.ar\/pt\/produto\/rieter-c70-2018\/\" \/>\n<meta property=\"og:site_name\" content=\"Silqui-Tex\" \/>\n<meta property=\"article:modified_time\" content=\"2023-09-21T23:27:54+00:00\" \/>\n<meta property=\"og:image\" content=\"https:\/\/silqui-tex.com.ar\/wp-content\/uploads\/2023\/05\/ed1c643a3ff880498e9f1066d8490b71.jpg\" \/>\n\t<meta property=\"og:image:width\" content=\"1706\" \/>\n\t<meta property=\"og:image:height\" content=\"1280\" \/>\n\t<meta property=\"og:image:type\" content=\"image\/jpeg\" \/>\n<meta name=\"twitter:card\" content=\"summary_large_image\" \/>\n<script type=\"application\/ld+json\" class=\"yoast-schema-graph\">{\"@context\":\"https:\\\/\\\/schema.org\",\"@graph\":[{\"@type\":\"WebPage\",\"@id\":\"https:\\\/\\\/silqui-tex.com.ar\\\/producto\\\/rieter-c70-2018\\\/\",\"url\":\"https:\\\/\\\/silqui-tex.com.ar\\\/producto\\\/rieter-c70-2018\\\/\",\"name\":\"RIETER C70 CARDING 2018 - Silqui-Tex\",\"isPartOf\":{\"@id\":\"https:\\\/\\\/silqui-tex.com.ar\\\/#website\"},\"primaryImageOfPage\":{\"@id\":\"https:\\\/\\\/silqui-tex.com.ar\\\/producto\\\/rieter-c70-2018\\\/#primaryimage\"},\"image\":{\"@id\":\"https:\\\/\\\/silqui-tex.com.ar\\\/producto\\\/rieter-c70-2018\\\/#primaryimage\"},\"thumbnailUrl\":\"https:\\\/\\\/silqui-tex.com.ar\\\/wp-content\\\/uploads\\\/2023\\\/05\\\/ed1c643a3ff880498e9f1066d8490b71.jpg\",\"datePublished\":\"2023-05-06T07:04:29+00:00\",\"dateModified\":\"2023-09-21T23:27:54+00:00\",\"description\":\"\u2022 Maker: Rieter \u2022 Model: C70 \u2022 Year:2018 \u2022 With Auto Leveler \u2022 With Chute Feed \u2022 With Integrated Grinding System \u2022 Can Dia 1000\u00d71100 \u2022 Automatic can Changer\",\"breadcrumb\":{\"@id\":\"https:\\\/\\\/silqui-tex.com.ar\\\/producto\\\/rieter-c70-2018\\\/#breadcrumb\"},\"inLanguage\":\"pt-BR\",\"potentialAction\":[{\"@type\":\"ReadAction\",\"target\":[\"https:\\\/\\\/silqui-tex.com.ar\\\/producto\\\/rieter-c70-2018\\\/\"]}]},{\"@type\":\"ImageObject\",\"inLanguage\":\"pt-BR\",\"@id\":\"https:\\\/\\\/silqui-tex.com.ar\\\/producto\\\/rieter-c70-2018\\\/#primaryimage\",\"url\":\"https:\\\/\\\/silqui-tex.com.ar\\\/wp-content\\\/uploads\\\/2023\\\/05\\\/ed1c643a3ff880498e9f1066d8490b71.jpg\",\"contentUrl\":\"https:\\\/\\\/silqui-tex.com.ar\\\/wp-content\\\/uploads\\\/2023\\\/05\\\/ed1c643a3ff880498e9f1066d8490b71.jpg\",\"width\":1706,\"height\":1280},{\"@type\":\"BreadcrumbList\",\"@id\":\"https:\\\/\\\/silqui-tex.com.ar\\\/producto\\\/rieter-c70-2018\\\/#breadcrumb\",\"itemListElement\":[{\"@type\":\"ListItem\",\"position\":1,\"name\":\"Portada\",\"item\":\"https:\\\/\\\/silqui-tex.com.ar\\\/\"},{\"@type\":\"ListItem\",\"position\":2,\"name\":\"Tienda\",\"item\":\"https:\\\/\\\/silqui-tex.com.ar\\\/tienda\\\/\"},{\"@type\":\"ListItem\",\"position\":3,\"name\":\"RIETER C70 CARDING 2018\"}]},{\"@type\":\"WebSite\",\"@id\":\"https:\\\/\\\/silqui-tex.com.ar\\\/#website\",\"url\":\"https:\\\/\\\/silqui-tex.com.ar\\\/\",\"name\":\"Silqui-Tex\",\"description\":\"Silqui-Tex se especializa en la venta de maquinaria textil y soluciones innovadoras para la industria, con m\u00e1s de 40 a\u00f1os de experiencia en Am\u00e9rica Latina, ofreciendo tecnolog\u00eda de calidad, servicios personalizados y un enfoque en el desarrollo sostenible.\",\"potentialAction\":[{\"@type\":\"SearchAction\",\"target\":{\"@type\":\"EntryPoint\",\"urlTemplate\":\"https:\\\/\\\/silqui-tex.com.ar\\\/?s={search_term_string}\"},\"query-input\":{\"@type\":\"PropertyValueSpecification\",\"valueRequired\":true,\"valueName\":\"search_term_string\"}}],\"inLanguage\":\"pt-BR\"}]}<\/script>\n<!-- \/ Yoast SEO plugin. -->","yoast_head_json":{"title":"RIETER C70 CARDING 2018 - Silqui-Tex","description":"\u2022 Maker: Rieter \u2022 Model: C70 \u2022 Year:2018 \u2022 With Auto Leveler \u2022 With Chute Feed \u2022 With Integrated Grinding System \u2022 Can Dia 1000\u00d71100 \u2022 Automatic can Changer","robots":{"index":"index","follow":"follow","max-snippet":"max-snippet:-1","max-image-preview":"max-image-preview:large","max-video-preview":"max-video-preview:-1"},"canonical":"https:\/\/silqui-tex.com.ar\/pt\/produto\/rieter-c70-2018\/","og_locale":"pt_BR","og_type":"article","og_title":"RIETER C70 CARDING 2018 - Silqui-Tex","og_description":"\u2022 Maker: Rieter \u2022 Model: C70 \u2022 Year:2018 \u2022 With Auto Leveler \u2022 With Chute Feed \u2022 With Integrated Grinding System \u2022 Can Dia 1000\u00d71100 \u2022 Automatic can Changer","og_url":"https:\/\/silqui-tex.com.ar\/pt\/produto\/rieter-c70-2018\/","og_site_name":"Silqui-Tex","article_modified_time":"2023-09-21T23:27:54+00:00","og_image":[{"width":1706,"height":1280,"url":"https:\/\/silqui-tex.com.ar\/wp-content\/uploads\/2023\/05\/ed1c643a3ff880498e9f1066d8490b71.jpg","type":"image\/jpeg"}],"twitter_card":"summary_large_image","schema":{"@context":"https:\/\/schema.org","@graph":[{"@type":"WebPage","@id":"https:\/\/silqui-tex.com.ar\/producto\/rieter-c70-2018\/","url":"https:\/\/silqui-tex.com.ar\/producto\/rieter-c70-2018\/","name":"RIETER C70 CARDING 2018 - Silqui-Tex","isPartOf":{"@id":"https:\/\/silqui-tex.com.ar\/#website"},"primaryImageOfPage":{"@id":"https:\/\/silqui-tex.com.ar\/producto\/rieter-c70-2018\/#primaryimage"},"image":{"@id":"https:\/\/silqui-tex.com.ar\/producto\/rieter-c70-2018\/#primaryimage"},"thumbnailUrl":"https:\/\/silqui-tex.com.ar\/wp-content\/uploads\/2023\/05\/ed1c643a3ff880498e9f1066d8490b71.jpg","datePublished":"2023-05-06T07:04:29+00:00","dateModified":"2023-09-21T23:27:54+00:00","description":"\u2022 Maker: Rieter \u2022 Model: C70 \u2022 Year:2018 \u2022 With Auto Leveler \u2022 With Chute Feed \u2022 With Integrated Grinding System \u2022 Can Dia 1000\u00d71100 \u2022 Automatic can Changer","breadcrumb":{"@id":"https:\/\/silqui-tex.com.ar\/producto\/rieter-c70-2018\/#breadcrumb"},"inLanguage":"pt-BR","potentialAction":[{"@type":"ReadAction","target":["https:\/\/silqui-tex.com.ar\/producto\/rieter-c70-2018\/"]}]},{"@type":"ImageObject","inLanguage":"pt-BR","@id":"https:\/\/silqui-tex.com.ar\/producto\/rieter-c70-2018\/#primaryimage","url":"https:\/\/silqui-tex.com.ar\/wp-content\/uploads\/2023\/05\/ed1c643a3ff880498e9f1066d8490b71.jpg","contentUrl":"https:\/\/silqui-tex.com.ar\/wp-content\/uploads\/2023\/05\/ed1c643a3ff880498e9f1066d8490b71.jpg","width":1706,"height":1280},{"@type":"BreadcrumbList","@id":"https:\/\/silqui-tex.com.ar\/producto\/rieter-c70-2018\/#breadcrumb","itemListElement":[{"@type":"ListItem","position":1,"name":"Portada","item":"https:\/\/silqui-tex.com.ar\/"},{"@type":"ListItem","position":2,"name":"Tienda","item":"https:\/\/silqui-tex.com.ar\/tienda\/"},{"@type":"ListItem","position":3,"name":"RIETER C70 CARDING 2018"}]},{"@type":"WebSite","@id":"https:\/\/silqui-tex.com.ar\/#website","url":"https:\/\/silqui-tex.com.ar\/","name":"Silqui-Tex","description":"Silqui-Tex se especializa en la venta de maquinaria textil y soluciones innovadoras para la industria, con m\u00e1s de 40 a\u00f1os de experiencia en Am\u00e9rica Latina, ofreciendo tecnolog\u00eda de calidad, servicios personalizados y un enfoque en el desarrollo sostenible.","potentialAction":[{"@type":"SearchAction","target":{"@type":"EntryPoint","urlTemplate":"https:\/\/silqui-tex.com.ar\/?s={search_term_string}"},"query-input":{"@type":"PropertyValueSpecification","valueRequired":true,"valueName":"search_term_string"}}],"inLanguage":"pt-BR"}]}},"_links":{"self":[{"href":"https:\/\/silqui-tex.com.ar\/pt\/wp-json\/wp\/v2\/product\/705","targetHints":{"allow":["GET"]}}],"collection":[{"href":"https:\/\/silqui-tex.com.ar\/pt\/wp-json\/wp\/v2\/product"}],"about":[{"href":"https:\/\/silqui-tex.com.ar\/pt\/wp-json\/wp\/v2\/types\/product"}],"wp:featuredmedia":[{"embeddable":true,"href":"https:\/\/silqui-tex.com.ar\/pt\/wp-json\/wp\/v2\/media\/722"}],"wp:attachment":[{"href":"https:\/\/silqui-tex.com.ar\/pt\/wp-json\/wp\/v2\/media?parent=705"}],"wp:term":[{"taxonomy":"product_brand","embeddable":true,"href":"https:\/\/silqui-tex.com.ar\/pt\/wp-json\/wp\/v2\/product_brand?post=705"},{"taxonomy":"product_cat","embeddable":true,"href":"https:\/\/silqui-tex.com.ar\/pt\/wp-json\/wp\/v2\/product_cat?post=705"},{"taxonomy":"product_tag","embeddable":true,"href":"https:\/\/silqui-tex.com.ar\/pt\/wp-json\/wp\/v2\/product_tag?post=705"}],"curies":[{"name":"wp","href":"https:\/\/api.w.org\/{rel}","templated":true}]}}