{"id":760,"date":"2023-05-07T08:12:11","date_gmt":"2023-05-07T08:12:11","guid":{"rendered":"https:\/\/silqui-tex.com.ar\/?post_type=product&#038;p=760"},"modified":"2023-09-21T23:23:12","modified_gmt":"2023-09-21T23:23:12","slug":"picanolfreefly","status":"publish","type":"product","link":"https:\/\/silqui-tex.com.ar\/pt\/produto\/picanolfreefly\/","title":{"rendered":"Picanol Optimax Freefly, 2012 with Staubli electronic dobby,"},"content":{"rendered":"<p>Picanol Optimax Freefly, 2012<br \/>\nwith Staubli electronic dobby,<br \/>\n12 heald frames,<br \/>\n1,5 warp beam,<br \/>\n1,5 cloth roller,<br \/>\n4 weft feeder,<br \/>\n6000 heddles and droppers,<br \/>\nAll 220cm and 1000 diam beam flange<\/p>","protected":false},"excerpt":{"rendered":"<p>Picanol Optimax Freefly, 2012with Staubli electronic dobby.<\/p>","protected":false},"featured_media":762,"template":"","meta":[],"product_brand":[],"product_cat":[26],"product_tag":[],"class_list":{"0":"post-760","1":"product","2":"type-product","3":"status-publish","4":"has-post-thumbnail","6":"product_cat-maquinaria-de-tejeduria","8":"first","9":"instock","10":"shipping-taxable","11":"product-type-simple"},"yoast_head":"<!-- This site is optimized with the Yoast SEO plugin v27.3 - https:\/\/yoast.com\/product\/yoast-seo-wordpress\/ -->\n<title>Picanol Optimax Freefly, 2012 with Staubli electronic dobby, - Silqui-Tex<\/title>\n<meta name=\"description\" content=\"Picanol Optimax Freefly, 2012with Staubli electronic dobby.\" \/>\n<meta name=\"robots\" content=\"index, follow, max-snippet:-1, max-image-preview:large, max-video-preview:-1\" \/>\n<link rel=\"canonical\" href=\"https:\/\/silqui-tex.com.ar\/pt\/produto\/picanolfreefly\/\" \/>\n<meta property=\"og:locale\" content=\"pt_BR\" \/>\n<meta property=\"og:type\" content=\"article\" \/>\n<meta property=\"og:title\" content=\"Picanol Optimax Freefly, 2012 with Staubli electronic dobby, - Silqui-Tex\" \/>\n<meta property=\"og:description\" content=\"Picanol Optimax Freefly, 2012with Staubli electronic dobby.\" \/>\n<meta property=\"og:url\" content=\"https:\/\/silqui-tex.com.ar\/pt\/produto\/picanolfreefly\/\" \/>\n<meta property=\"og:site_name\" content=\"Silqui-Tex\" \/>\n<meta property=\"article:modified_time\" content=\"2023-09-21T23:23:12+00:00\" \/>\n<meta property=\"og:image\" content=\"https:\/\/silqui-tex.com.ar\/wp-content\/uploads\/2023\/05\/photo-2023-02-03-16-54-54.jpeg\" \/>\n\t<meta property=\"og:image:width\" content=\"1024\" \/>\n\t<meta property=\"og:image:height\" content=\"768\" \/>\n\t<meta property=\"og:image:type\" content=\"image\/jpeg\" \/>\n<meta name=\"twitter:card\" content=\"summary_large_image\" \/>\n<meta name=\"twitter:label1\" content=\"Est. tempo de leitura\" \/>\n\t<meta name=\"twitter:data1\" content=\"1 minuto\" \/>\n<script type=\"application\/ld+json\" class=\"yoast-schema-graph\">{\"@context\":\"https:\\\/\\\/schema.org\",\"@graph\":[{\"@type\":\"WebPage\",\"@id\":\"https:\\\/\\\/silqui-tex.com.ar\\\/producto\\\/picanolfreefly\\\/\",\"url\":\"https:\\\/\\\/silqui-tex.com.ar\\\/producto\\\/picanolfreefly\\\/\",\"name\":\"Picanol Optimax Freefly, 2012 with Staubli electronic dobby, - Silqui-Tex\",\"isPartOf\":{\"@id\":\"https:\\\/\\\/silqui-tex.com.ar\\\/#website\"},\"primaryImageOfPage\":{\"@id\":\"https:\\\/\\\/silqui-tex.com.ar\\\/producto\\\/picanolfreefly\\\/#primaryimage\"},\"image\":{\"@id\":\"https:\\\/\\\/silqui-tex.com.ar\\\/producto\\\/picanolfreefly\\\/#primaryimage\"},\"thumbnailUrl\":\"https:\\\/\\\/silqui-tex.com.ar\\\/wp-content\\\/uploads\\\/2023\\\/05\\\/photo-2023-02-03-16-54-54.jpeg\",\"datePublished\":\"2023-05-07T08:12:11+00:00\",\"dateModified\":\"2023-09-21T23:23:12+00:00\",\"description\":\"Picanol Optimax Freefly, 2012with Staubli electronic dobby.\",\"breadcrumb\":{\"@id\":\"https:\\\/\\\/silqui-tex.com.ar\\\/producto\\\/picanolfreefly\\\/#breadcrumb\"},\"inLanguage\":\"pt-BR\",\"potentialAction\":[{\"@type\":\"ReadAction\",\"target\":[\"https:\\\/\\\/silqui-tex.com.ar\\\/producto\\\/picanolfreefly\\\/\"]}]},{\"@type\":\"ImageObject\",\"inLanguage\":\"pt-BR\",\"@id\":\"https:\\\/\\\/silqui-tex.com.ar\\\/producto\\\/picanolfreefly\\\/#primaryimage\",\"url\":\"https:\\\/\\\/silqui-tex.com.ar\\\/wp-content\\\/uploads\\\/2023\\\/05\\\/photo-2023-02-03-16-54-54.jpeg\",\"contentUrl\":\"https:\\\/\\\/silqui-tex.com.ar\\\/wp-content\\\/uploads\\\/2023\\\/05\\\/photo-2023-02-03-16-54-54.jpeg\",\"width\":1024,\"height\":768},{\"@type\":\"BreadcrumbList\",\"@id\":\"https:\\\/\\\/silqui-tex.com.ar\\\/producto\\\/picanolfreefly\\\/#breadcrumb\",\"itemListElement\":[{\"@type\":\"ListItem\",\"position\":1,\"name\":\"Portada\",\"item\":\"https:\\\/\\\/silqui-tex.com.ar\\\/\"},{\"@type\":\"ListItem\",\"position\":2,\"name\":\"Tienda\",\"item\":\"https:\\\/\\\/silqui-tex.com.ar\\\/tienda\\\/\"},{\"@type\":\"ListItem\",\"position\":3,\"name\":\"Picanol Optimax Freefly, 2012 with Staubli electronic dobby,\"}]},{\"@type\":\"WebSite\",\"@id\":\"https:\\\/\\\/silqui-tex.com.ar\\\/#website\",\"url\":\"https:\\\/\\\/silqui-tex.com.ar\\\/\",\"name\":\"Silqui-Tex\",\"description\":\"Silqui-Tex se especializa en la venta de maquinaria textil y soluciones innovadoras para la industria, con m\u00e1s de 40 a\u00f1os de experiencia en Am\u00e9rica Latina, ofreciendo tecnolog\u00eda de calidad, servicios personalizados y un enfoque en el desarrollo sostenible.\",\"potentialAction\":[{\"@type\":\"SearchAction\",\"target\":{\"@type\":\"EntryPoint\",\"urlTemplate\":\"https:\\\/\\\/silqui-tex.com.ar\\\/?s={search_term_string}\"},\"query-input\":{\"@type\":\"PropertyValueSpecification\",\"valueRequired\":true,\"valueName\":\"search_term_string\"}}],\"inLanguage\":\"pt-BR\"}]}<\/script>\n<!-- \/ Yoast SEO plugin. -->","yoast_head_json":{"title":"Picanol Optimax Freefly, 2012 with Staubli electronic dobby, - Silqui-Tex","description":"Picanol Optimax Freefly, 2012with Staubli electronic dobby.","robots":{"index":"index","follow":"follow","max-snippet":"max-snippet:-1","max-image-preview":"max-image-preview:large","max-video-preview":"max-video-preview:-1"},"canonical":"https:\/\/silqui-tex.com.ar\/pt\/produto\/picanolfreefly\/","og_locale":"pt_BR","og_type":"article","og_title":"Picanol Optimax Freefly, 2012 with Staubli electronic dobby, - Silqui-Tex","og_description":"Picanol Optimax Freefly, 2012with Staubli electronic dobby.","og_url":"https:\/\/silqui-tex.com.ar\/pt\/produto\/picanolfreefly\/","og_site_name":"Silqui-Tex","article_modified_time":"2023-09-21T23:23:12+00:00","og_image":[{"width":1024,"height":768,"url":"https:\/\/silqui-tex.com.ar\/wp-content\/uploads\/2023\/05\/photo-2023-02-03-16-54-54.jpeg","type":"image\/jpeg"}],"twitter_card":"summary_large_image","twitter_misc":{"Est. tempo de leitura":"1 minuto"},"schema":{"@context":"https:\/\/schema.org","@graph":[{"@type":"WebPage","@id":"https:\/\/silqui-tex.com.ar\/producto\/picanolfreefly\/","url":"https:\/\/silqui-tex.com.ar\/producto\/picanolfreefly\/","name":"Picanol Optimax Freefly, 2012 with Staubli electronic dobby, - Silqui-Tex","isPartOf":{"@id":"https:\/\/silqui-tex.com.ar\/#website"},"primaryImageOfPage":{"@id":"https:\/\/silqui-tex.com.ar\/producto\/picanolfreefly\/#primaryimage"},"image":{"@id":"https:\/\/silqui-tex.com.ar\/producto\/picanolfreefly\/#primaryimage"},"thumbnailUrl":"https:\/\/silqui-tex.com.ar\/wp-content\/uploads\/2023\/05\/photo-2023-02-03-16-54-54.jpeg","datePublished":"2023-05-07T08:12:11+00:00","dateModified":"2023-09-21T23:23:12+00:00","description":"Picanol Optimax Freefly, 2012with Staubli electronic dobby.","breadcrumb":{"@id":"https:\/\/silqui-tex.com.ar\/producto\/picanolfreefly\/#breadcrumb"},"inLanguage":"pt-BR","potentialAction":[{"@type":"ReadAction","target":["https:\/\/silqui-tex.com.ar\/producto\/picanolfreefly\/"]}]},{"@type":"ImageObject","inLanguage":"pt-BR","@id":"https:\/\/silqui-tex.com.ar\/producto\/picanolfreefly\/#primaryimage","url":"https:\/\/silqui-tex.com.ar\/wp-content\/uploads\/2023\/05\/photo-2023-02-03-16-54-54.jpeg","contentUrl":"https:\/\/silqui-tex.com.ar\/wp-content\/uploads\/2023\/05\/photo-2023-02-03-16-54-54.jpeg","width":1024,"height":768},{"@type":"BreadcrumbList","@id":"https:\/\/silqui-tex.com.ar\/producto\/picanolfreefly\/#breadcrumb","itemListElement":[{"@type":"ListItem","position":1,"name":"Portada","item":"https:\/\/silqui-tex.com.ar\/"},{"@type":"ListItem","position":2,"name":"Tienda","item":"https:\/\/silqui-tex.com.ar\/tienda\/"},{"@type":"ListItem","position":3,"name":"Picanol Optimax Freefly, 2012 with Staubli electronic dobby,"}]},{"@type":"WebSite","@id":"https:\/\/silqui-tex.com.ar\/#website","url":"https:\/\/silqui-tex.com.ar\/","name":"Silqui-Tex","description":"Silqui-Tex se especializa en la venta de maquinaria textil y soluciones innovadoras para la industria, con m\u00e1s de 40 a\u00f1os de experiencia en Am\u00e9rica Latina, ofreciendo tecnolog\u00eda de calidad, servicios personalizados y un enfoque en el desarrollo sostenible.","potentialAction":[{"@type":"SearchAction","target":{"@type":"EntryPoint","urlTemplate":"https:\/\/silqui-tex.com.ar\/?s={search_term_string}"},"query-input":{"@type":"PropertyValueSpecification","valueRequired":true,"valueName":"search_term_string"}}],"inLanguage":"pt-BR"}]}},"_links":{"self":[{"href":"https:\/\/silqui-tex.com.ar\/pt\/wp-json\/wp\/v2\/product\/760","targetHints":{"allow":["GET"]}}],"collection":[{"href":"https:\/\/silqui-tex.com.ar\/pt\/wp-json\/wp\/v2\/product"}],"about":[{"href":"https:\/\/silqui-tex.com.ar\/pt\/wp-json\/wp\/v2\/types\/product"}],"wp:featuredmedia":[{"embeddable":true,"href":"https:\/\/silqui-tex.com.ar\/pt\/wp-json\/wp\/v2\/media\/762"}],"wp:attachment":[{"href":"https:\/\/silqui-tex.com.ar\/pt\/wp-json\/wp\/v2\/media?parent=760"}],"wp:term":[{"taxonomy":"product_brand","embeddable":true,"href":"https:\/\/silqui-tex.com.ar\/pt\/wp-json\/wp\/v2\/product_brand?post=760"},{"taxonomy":"product_cat","embeddable":true,"href":"https:\/\/silqui-tex.com.ar\/pt\/wp-json\/wp\/v2\/product_cat?post=760"},{"taxonomy":"product_tag","embeddable":true,"href":"https:\/\/silqui-tex.com.ar\/pt\/wp-json\/wp\/v2\/product_tag?post=760"}],"curies":[{"name":"wp","href":"https:\/\/api.w.org\/{rel}","templated":true}]}}