{"id":781,"date":"2023-05-08T06:12:05","date_gmt":"2023-05-08T06:12:05","guid":{"rendered":"https:\/\/silqui-tex.com.ar\/?post_type=product&#038;p=781"},"modified":"2025-12-27T11:18:24","modified_gmt":"2025-12-27T11:18:24","slug":"trutzschler-tc03-carding","status":"publish","type":"product","link":"https:\/\/silqui-tex.com.ar\/pt\/produto\/trutzschler-tc03-carding\/","title":{"rendered":"Trutzschler TC03 Carding"},"content":{"rendered":"<p>\u2022 Make : Trutzschler<\/p>\n<p>\u2022 Model : TC03<br \/>\n\u2022 Year : 2004<br \/>\n\u2022 CCD : Available<br \/>\n\u2022 CFD : Available<br \/>\n\u2022 Can Changer : Automatic<br \/>\n\u2022 Can Dia : 40&#8243;<br \/>\n\u2022 Waste Collection : Continuous<br \/>\n\u2022 No of Licker In : 3<br \/>\n\u2022 St Flat Front : 12<br \/>\n\u2022 Top Flat Type : Novotop<br \/>\n\u2022 St Flat Back : 14<br \/>\n\u2022 Chute Feed Type : DFK TC-MS<br \/>\n\u2022 Type of Coiler : CA1000<\/p>","protected":false},"excerpt":{"rendered":"<p>Trutzschler TC03 Carding machine<\/p>","protected":false},"featured_media":784,"template":"","meta":[],"product_brand":[],"product_cat":[25],"product_tag":[],"class_list":{"0":"post-781","1":"product","2":"type-product","3":"status-publish","4":"has-post-thumbnail","6":"product_cat-maquinaria-de-hilanderia","8":"first","9":"instock","10":"shipping-taxable","11":"product-type-simple"},"yoast_head":"<!-- This site is optimized with the Yoast SEO plugin v27.3 - https:\/\/yoast.com\/product\/yoast-seo-wordpress\/ -->\n<title>Trutzschler TC03 Carding<\/title>\n<meta name=\"description\" content=\"Trutzschler TC03 Carding machine, 2004\" \/>\n<meta name=\"robots\" content=\"index, follow, max-snippet:-1, max-image-preview:large, max-video-preview:-1\" \/>\n<link rel=\"canonical\" href=\"https:\/\/silqui-tex.com.ar\/pt\/produto\/trutzschler-tc03-carding\/\" \/>\n<meta property=\"og:locale\" content=\"pt_BR\" \/>\n<meta property=\"og:type\" content=\"article\" \/>\n<meta property=\"og:title\" content=\"Trutzschler TC03 Carding\" \/>\n<meta property=\"og:description\" content=\"Trutzschler TC03 Carding machine, 2004\" \/>\n<meta property=\"og:url\" content=\"https:\/\/silqui-tex.com.ar\/pt\/produto\/trutzschler-tc03-carding\/\" \/>\n<meta property=\"og:site_name\" content=\"Silqui-Tex\" \/>\n<meta property=\"article:modified_time\" content=\"2025-12-27T11:18:24+00:00\" \/>\n<meta property=\"og:image\" content=\"https:\/\/silqui-tex.com.ar\/wp-content\/uploads\/2023\/05\/photo-2023-02-20-15-41-14-3.jpeg\" \/>\n\t<meta property=\"og:image:width\" content=\"640\" \/>\n\t<meta property=\"og:image:height\" content=\"480\" \/>\n\t<meta property=\"og:image:type\" content=\"image\/jpeg\" \/>\n<meta name=\"twitter:card\" content=\"summary_large_image\" \/>\n<meta name=\"twitter:label1\" content=\"Est. tempo de leitura\" \/>\n\t<meta name=\"twitter:data1\" content=\"1 minuto\" \/>\n<script type=\"application\/ld+json\" class=\"yoast-schema-graph\">{\"@context\":\"https:\\\/\\\/schema.org\",\"@graph\":[{\"@type\":\"WebPage\",\"@id\":\"https:\\\/\\\/silqui-tex.com.ar\\\/producto\\\/trutzschler-tc03-carding\\\/\",\"url\":\"https:\\\/\\\/silqui-tex.com.ar\\\/producto\\\/trutzschler-tc03-carding\\\/\",\"name\":\"Trutzschler TC03 Carding\",\"isPartOf\":{\"@id\":\"https:\\\/\\\/silqui-tex.com.ar\\\/#website\"},\"primaryImageOfPage\":{\"@id\":\"https:\\\/\\\/silqui-tex.com.ar\\\/producto\\\/trutzschler-tc03-carding\\\/#primaryimage\"},\"image\":{\"@id\":\"https:\\\/\\\/silqui-tex.com.ar\\\/producto\\\/trutzschler-tc03-carding\\\/#primaryimage\"},\"thumbnailUrl\":\"https:\\\/\\\/silqui-tex.com.ar\\\/wp-content\\\/uploads\\\/2023\\\/05\\\/photo-2023-02-20-15-41-14-3.jpeg\",\"datePublished\":\"2023-05-08T06:12:05+00:00\",\"dateModified\":\"2025-12-27T11:18:24+00:00\",\"description\":\"Trutzschler TC03 Carding machine, 2004\",\"breadcrumb\":{\"@id\":\"https:\\\/\\\/silqui-tex.com.ar\\\/producto\\\/trutzschler-tc03-carding\\\/#breadcrumb\"},\"inLanguage\":\"pt-BR\",\"potentialAction\":[{\"@type\":\"ReadAction\",\"target\":[\"https:\\\/\\\/silqui-tex.com.ar\\\/producto\\\/trutzschler-tc03-carding\\\/\"]}]},{\"@type\":\"ImageObject\",\"inLanguage\":\"pt-BR\",\"@id\":\"https:\\\/\\\/silqui-tex.com.ar\\\/producto\\\/trutzschler-tc03-carding\\\/#primaryimage\",\"url\":\"https:\\\/\\\/silqui-tex.com.ar\\\/wp-content\\\/uploads\\\/2023\\\/05\\\/photo-2023-02-20-15-41-14-3.jpeg\",\"contentUrl\":\"https:\\\/\\\/silqui-tex.com.ar\\\/wp-content\\\/uploads\\\/2023\\\/05\\\/photo-2023-02-20-15-41-14-3.jpeg\",\"width\":640,\"height\":480},{\"@type\":\"BreadcrumbList\",\"@id\":\"https:\\\/\\\/silqui-tex.com.ar\\\/producto\\\/trutzschler-tc03-carding\\\/#breadcrumb\",\"itemListElement\":[{\"@type\":\"ListItem\",\"position\":1,\"name\":\"Portada\",\"item\":\"https:\\\/\\\/silqui-tex.com.ar\\\/\"},{\"@type\":\"ListItem\",\"position\":2,\"name\":\"Tienda\",\"item\":\"https:\\\/\\\/silqui-tex.com.ar\\\/tienda\\\/\"},{\"@type\":\"ListItem\",\"position\":3,\"name\":\"Trutzschler TC03 Carding\"}]},{\"@type\":\"WebSite\",\"@id\":\"https:\\\/\\\/silqui-tex.com.ar\\\/#website\",\"url\":\"https:\\\/\\\/silqui-tex.com.ar\\\/\",\"name\":\"Silqui-Tex\",\"description\":\"Silqui-Tex se especializa en la venta de maquinaria textil y soluciones innovadoras para la industria, con m\u00e1s de 40 a\u00f1os de experiencia en Am\u00e9rica Latina, ofreciendo tecnolog\u00eda de calidad, servicios personalizados y un enfoque en el desarrollo sostenible.\",\"potentialAction\":[{\"@type\":\"SearchAction\",\"target\":{\"@type\":\"EntryPoint\",\"urlTemplate\":\"https:\\\/\\\/silqui-tex.com.ar\\\/?s={search_term_string}\"},\"query-input\":{\"@type\":\"PropertyValueSpecification\",\"valueRequired\":true,\"valueName\":\"search_term_string\"}}],\"inLanguage\":\"pt-BR\"}]}<\/script>\n<!-- \/ Yoast SEO plugin. -->","yoast_head_json":{"title":"Trutzschler TC03 Carding","description":"Trutzschler TC03 Carding machine, 2004","robots":{"index":"index","follow":"follow","max-snippet":"max-snippet:-1","max-image-preview":"max-image-preview:large","max-video-preview":"max-video-preview:-1"},"canonical":"https:\/\/silqui-tex.com.ar\/pt\/produto\/trutzschler-tc03-carding\/","og_locale":"pt_BR","og_type":"article","og_title":"Trutzschler TC03 Carding","og_description":"Trutzschler TC03 Carding machine, 2004","og_url":"https:\/\/silqui-tex.com.ar\/pt\/produto\/trutzschler-tc03-carding\/","og_site_name":"Silqui-Tex","article_modified_time":"2025-12-27T11:18:24+00:00","og_image":[{"width":640,"height":480,"url":"https:\/\/silqui-tex.com.ar\/wp-content\/uploads\/2023\/05\/photo-2023-02-20-15-41-14-3.jpeg","type":"image\/jpeg"}],"twitter_card":"summary_large_image","twitter_misc":{"Est. tempo de leitura":"1 minuto"},"schema":{"@context":"https:\/\/schema.org","@graph":[{"@type":"WebPage","@id":"https:\/\/silqui-tex.com.ar\/producto\/trutzschler-tc03-carding\/","url":"https:\/\/silqui-tex.com.ar\/producto\/trutzschler-tc03-carding\/","name":"Trutzschler TC03 Carding","isPartOf":{"@id":"https:\/\/silqui-tex.com.ar\/#website"},"primaryImageOfPage":{"@id":"https:\/\/silqui-tex.com.ar\/producto\/trutzschler-tc03-carding\/#primaryimage"},"image":{"@id":"https:\/\/silqui-tex.com.ar\/producto\/trutzschler-tc03-carding\/#primaryimage"},"thumbnailUrl":"https:\/\/silqui-tex.com.ar\/wp-content\/uploads\/2023\/05\/photo-2023-02-20-15-41-14-3.jpeg","datePublished":"2023-05-08T06:12:05+00:00","dateModified":"2025-12-27T11:18:24+00:00","description":"Trutzschler TC03 Carding machine, 2004","breadcrumb":{"@id":"https:\/\/silqui-tex.com.ar\/producto\/trutzschler-tc03-carding\/#breadcrumb"},"inLanguage":"pt-BR","potentialAction":[{"@type":"ReadAction","target":["https:\/\/silqui-tex.com.ar\/producto\/trutzschler-tc03-carding\/"]}]},{"@type":"ImageObject","inLanguage":"pt-BR","@id":"https:\/\/silqui-tex.com.ar\/producto\/trutzschler-tc03-carding\/#primaryimage","url":"https:\/\/silqui-tex.com.ar\/wp-content\/uploads\/2023\/05\/photo-2023-02-20-15-41-14-3.jpeg","contentUrl":"https:\/\/silqui-tex.com.ar\/wp-content\/uploads\/2023\/05\/photo-2023-02-20-15-41-14-3.jpeg","width":640,"height":480},{"@type":"BreadcrumbList","@id":"https:\/\/silqui-tex.com.ar\/producto\/trutzschler-tc03-carding\/#breadcrumb","itemListElement":[{"@type":"ListItem","position":1,"name":"Portada","item":"https:\/\/silqui-tex.com.ar\/"},{"@type":"ListItem","position":2,"name":"Tienda","item":"https:\/\/silqui-tex.com.ar\/tienda\/"},{"@type":"ListItem","position":3,"name":"Trutzschler TC03 Carding"}]},{"@type":"WebSite","@id":"https:\/\/silqui-tex.com.ar\/#website","url":"https:\/\/silqui-tex.com.ar\/","name":"Silqui-Tex","description":"Silqui-Tex se especializa en la venta de maquinaria textil y soluciones innovadoras para la industria, con m\u00e1s de 40 a\u00f1os de experiencia en Am\u00e9rica Latina, ofreciendo tecnolog\u00eda de calidad, servicios personalizados y un enfoque en el desarrollo sostenible.","potentialAction":[{"@type":"SearchAction","target":{"@type":"EntryPoint","urlTemplate":"https:\/\/silqui-tex.com.ar\/?s={search_term_string}"},"query-input":{"@type":"PropertyValueSpecification","valueRequired":true,"valueName":"search_term_string"}}],"inLanguage":"pt-BR"}]}},"_links":{"self":[{"href":"https:\/\/silqui-tex.com.ar\/pt\/wp-json\/wp\/v2\/product\/781","targetHints":{"allow":["GET"]}}],"collection":[{"href":"https:\/\/silqui-tex.com.ar\/pt\/wp-json\/wp\/v2\/product"}],"about":[{"href":"https:\/\/silqui-tex.com.ar\/pt\/wp-json\/wp\/v2\/types\/product"}],"wp:featuredmedia":[{"embeddable":true,"href":"https:\/\/silqui-tex.com.ar\/pt\/wp-json\/wp\/v2\/media\/784"}],"wp:attachment":[{"href":"https:\/\/silqui-tex.com.ar\/pt\/wp-json\/wp\/v2\/media?parent=781"}],"wp:term":[{"taxonomy":"product_brand","embeddable":true,"href":"https:\/\/silqui-tex.com.ar\/pt\/wp-json\/wp\/v2\/product_brand?post=781"},{"taxonomy":"product_cat","embeddable":true,"href":"https:\/\/silqui-tex.com.ar\/pt\/wp-json\/wp\/v2\/product_cat?post=781"},{"taxonomy":"product_tag","embeddable":true,"href":"https:\/\/silqui-tex.com.ar\/pt\/wp-json\/wp\/v2\/product_tag?post=781"}],"curies":[{"name":"wp","href":"https:\/\/api.w.org\/{rel}","templated":true}]}}