{"id":821,"date":"2023-05-14T22:43:00","date_gmt":"2023-05-14T22:43:00","guid":{"rendered":"https:\/\/silqui-tex.com.ar\/?post_type=product&#038;p=821"},"modified":"2023-10-10T04:00:02","modified_gmt":"2023-10-10T04:00:02","slug":"vamatex-silver-dyna-toalleros-260cm","status":"publish","type":"product","link":"https:\/\/silqui-tex.com.ar\/pt\/produto\/vamatex-silver-dyna-toalleros-260cm\/","title":{"rendered":"Vamatex Silver Dyna Toalleros 260cm"},"content":{"rendered":"<p>Vamatex Silver Dyna Toalleros<\/p>\n<p>Ancho: 260cm<br \/>\nA\u00f1o: 2007<\/p>\n<p>Accesorios por telar:<\/p>\n<p>Cuadros: 12<\/p>\n<p>Alimentadores de trama: 02<br \/>\nRatier: Fimtextile<br \/>\nPlegador de arriba: 01<br \/>\nPlegador de abajo: 01<br \/>\nRollo de tela: 01<\/p>","protected":false},"excerpt":{"rendered":"<p>Vamatex Silver Dyna Toalleros 260cm<\/p>","protected":false},"featured_media":1188,"template":"","meta":[],"product_brand":[],"product_cat":[26],"product_tag":[],"class_list":{"0":"post-821","1":"product","2":"type-product","3":"status-publish","4":"has-post-thumbnail","6":"product_cat-maquinaria-de-tejeduria","8":"first","9":"instock","10":"shipping-taxable","11":"product-type-simple"},"yoast_head":"<!-- This site is optimized with the Yoast SEO plugin v27.4 - https:\/\/yoast.com\/product\/yoast-seo-wordpress\/ -->\n<title>Vamatex Silver Dyna Toalleros 260cm - Silqui-Tex<\/title>\n<meta name=\"description\" content=\"Vamatex Silver Dyna Toalleros 260cm\" \/>\n<meta name=\"robots\" content=\"index, follow, max-snippet:-1, max-image-preview:large, max-video-preview:-1\" \/>\n<link rel=\"canonical\" href=\"https:\/\/silqui-tex.com.ar\/pt\/produto\/vamatex-silver-dyna-toalleros-260cm\/\" \/>\n<meta property=\"og:locale\" content=\"pt_BR\" \/>\n<meta property=\"og:type\" content=\"article\" \/>\n<meta property=\"og:title\" content=\"Vamatex Silver Dyna Toalleros 260cm - Silqui-Tex\" \/>\n<meta property=\"og:description\" content=\"Vamatex Silver Dyna Toalleros 260cm\" \/>\n<meta property=\"og:url\" content=\"https:\/\/silqui-tex.com.ar\/pt\/produto\/vamatex-silver-dyna-toalleros-260cm\/\" \/>\n<meta property=\"og:site_name\" content=\"Silqui-Tex\" \/>\n<meta property=\"article:modified_time\" content=\"2023-10-10T04:00:02+00:00\" \/>\n<meta property=\"og:image\" content=\"https:\/\/silqui-tex.com.ar\/wp-content\/uploads\/2023\/05\/IMG_1685.jpeg\" \/>\n\t<meta property=\"og:image:width\" content=\"536\" \/>\n\t<meta property=\"og:image:height\" content=\"280\" \/>\n\t<meta property=\"og:image:type\" content=\"image\/jpeg\" \/>\n<meta name=\"twitter:card\" content=\"summary_large_image\" \/>\n<meta name=\"twitter:label1\" content=\"Est. tempo de leitura\" \/>\n\t<meta name=\"twitter:data1\" content=\"1 minuto\" \/>\n<script type=\"application\/ld+json\" class=\"yoast-schema-graph\">{\"@context\":\"https:\\\/\\\/schema.org\",\"@graph\":[{\"@type\":\"WebPage\",\"@id\":\"https:\\\/\\\/silqui-tex.com.ar\\\/producto\\\/vamatex-silver-dyna-toalleros-260cm\\\/\",\"url\":\"https:\\\/\\\/silqui-tex.com.ar\\\/producto\\\/vamatex-silver-dyna-toalleros-260cm\\\/\",\"name\":\"Vamatex Silver Dyna Toalleros 260cm - Silqui-Tex\",\"isPartOf\":{\"@id\":\"https:\\\/\\\/silqui-tex.com.ar\\\/#website\"},\"primaryImageOfPage\":{\"@id\":\"https:\\\/\\\/silqui-tex.com.ar\\\/producto\\\/vamatex-silver-dyna-toalleros-260cm\\\/#primaryimage\"},\"image\":{\"@id\":\"https:\\\/\\\/silqui-tex.com.ar\\\/producto\\\/vamatex-silver-dyna-toalleros-260cm\\\/#primaryimage\"},\"thumbnailUrl\":\"https:\\\/\\\/silqui-tex.com.ar\\\/wp-content\\\/uploads\\\/2023\\\/05\\\/IMG_1685.jpeg\",\"datePublished\":\"2023-05-14T22:43:00+00:00\",\"dateModified\":\"2023-10-10T04:00:02+00:00\",\"description\":\"Vamatex Silver Dyna Toalleros 260cm\",\"breadcrumb\":{\"@id\":\"https:\\\/\\\/silqui-tex.com.ar\\\/producto\\\/vamatex-silver-dyna-toalleros-260cm\\\/#breadcrumb\"},\"inLanguage\":\"pt-BR\",\"potentialAction\":[{\"@type\":\"ReadAction\",\"target\":[\"https:\\\/\\\/silqui-tex.com.ar\\\/producto\\\/vamatex-silver-dyna-toalleros-260cm\\\/\"]}]},{\"@type\":\"ImageObject\",\"inLanguage\":\"pt-BR\",\"@id\":\"https:\\\/\\\/silqui-tex.com.ar\\\/producto\\\/vamatex-silver-dyna-toalleros-260cm\\\/#primaryimage\",\"url\":\"https:\\\/\\\/silqui-tex.com.ar\\\/wp-content\\\/uploads\\\/2023\\\/05\\\/IMG_1685.jpeg\",\"contentUrl\":\"https:\\\/\\\/silqui-tex.com.ar\\\/wp-content\\\/uploads\\\/2023\\\/05\\\/IMG_1685.jpeg\",\"width\":536,\"height\":280},{\"@type\":\"BreadcrumbList\",\"@id\":\"https:\\\/\\\/silqui-tex.com.ar\\\/producto\\\/vamatex-silver-dyna-toalleros-260cm\\\/#breadcrumb\",\"itemListElement\":[{\"@type\":\"ListItem\",\"position\":1,\"name\":\"Portada\",\"item\":\"https:\\\/\\\/silqui-tex.com.ar\\\/\"},{\"@type\":\"ListItem\",\"position\":2,\"name\":\"Tienda\",\"item\":\"https:\\\/\\\/silqui-tex.com.ar\\\/tienda\\\/\"},{\"@type\":\"ListItem\",\"position\":3,\"name\":\"Vamatex Silver Dyna Toalleros 260cm\"}]},{\"@type\":\"WebSite\",\"@id\":\"https:\\\/\\\/silqui-tex.com.ar\\\/#website\",\"url\":\"https:\\\/\\\/silqui-tex.com.ar\\\/\",\"name\":\"Silqui-Tex\",\"description\":\"Silqui-Tex se especializa en la venta de maquinaria textil y soluciones innovadoras para la industria, con m\u00e1s de 40 a\u00f1os de experiencia en Am\u00e9rica Latina, ofreciendo tecnolog\u00eda de calidad, servicios personalizados y un enfoque en el desarrollo sostenible.\",\"potentialAction\":[{\"@type\":\"SearchAction\",\"target\":{\"@type\":\"EntryPoint\",\"urlTemplate\":\"https:\\\/\\\/silqui-tex.com.ar\\\/?s={search_term_string}\"},\"query-input\":{\"@type\":\"PropertyValueSpecification\",\"valueRequired\":true,\"valueName\":\"search_term_string\"}}],\"inLanguage\":\"pt-BR\"}]}<\/script>\n<!-- \/ Yoast SEO plugin. -->","yoast_head_json":{"title":"Vamatex Silver Dyna Toalleros 260cm - Silqui-Tex","description":"Vamatex Silver Dyna Toalleros 260cm","robots":{"index":"index","follow":"follow","max-snippet":"max-snippet:-1","max-image-preview":"max-image-preview:large","max-video-preview":"max-video-preview:-1"},"canonical":"https:\/\/silqui-tex.com.ar\/pt\/produto\/vamatex-silver-dyna-toalleros-260cm\/","og_locale":"pt_BR","og_type":"article","og_title":"Vamatex Silver Dyna Toalleros 260cm - Silqui-Tex","og_description":"Vamatex Silver Dyna Toalleros 260cm","og_url":"https:\/\/silqui-tex.com.ar\/pt\/produto\/vamatex-silver-dyna-toalleros-260cm\/","og_site_name":"Silqui-Tex","article_modified_time":"2023-10-10T04:00:02+00:00","og_image":[{"width":536,"height":280,"url":"https:\/\/silqui-tex.com.ar\/wp-content\/uploads\/2023\/05\/IMG_1685.jpeg","type":"image\/jpeg"}],"twitter_card":"summary_large_image","twitter_misc":{"Est. tempo de leitura":"1 minuto"},"schema":{"@context":"https:\/\/schema.org","@graph":[{"@type":"WebPage","@id":"https:\/\/silqui-tex.com.ar\/producto\/vamatex-silver-dyna-toalleros-260cm\/","url":"https:\/\/silqui-tex.com.ar\/producto\/vamatex-silver-dyna-toalleros-260cm\/","name":"Vamatex Silver Dyna Toalleros 260cm - Silqui-Tex","isPartOf":{"@id":"https:\/\/silqui-tex.com.ar\/#website"},"primaryImageOfPage":{"@id":"https:\/\/silqui-tex.com.ar\/producto\/vamatex-silver-dyna-toalleros-260cm\/#primaryimage"},"image":{"@id":"https:\/\/silqui-tex.com.ar\/producto\/vamatex-silver-dyna-toalleros-260cm\/#primaryimage"},"thumbnailUrl":"https:\/\/silqui-tex.com.ar\/wp-content\/uploads\/2023\/05\/IMG_1685.jpeg","datePublished":"2023-05-14T22:43:00+00:00","dateModified":"2023-10-10T04:00:02+00:00","description":"Vamatex Silver Dyna Toalleros 260cm","breadcrumb":{"@id":"https:\/\/silqui-tex.com.ar\/producto\/vamatex-silver-dyna-toalleros-260cm\/#breadcrumb"},"inLanguage":"pt-BR","potentialAction":[{"@type":"ReadAction","target":["https:\/\/silqui-tex.com.ar\/producto\/vamatex-silver-dyna-toalleros-260cm\/"]}]},{"@type":"ImageObject","inLanguage":"pt-BR","@id":"https:\/\/silqui-tex.com.ar\/producto\/vamatex-silver-dyna-toalleros-260cm\/#primaryimage","url":"https:\/\/silqui-tex.com.ar\/wp-content\/uploads\/2023\/05\/IMG_1685.jpeg","contentUrl":"https:\/\/silqui-tex.com.ar\/wp-content\/uploads\/2023\/05\/IMG_1685.jpeg","width":536,"height":280},{"@type":"BreadcrumbList","@id":"https:\/\/silqui-tex.com.ar\/producto\/vamatex-silver-dyna-toalleros-260cm\/#breadcrumb","itemListElement":[{"@type":"ListItem","position":1,"name":"Portada","item":"https:\/\/silqui-tex.com.ar\/"},{"@type":"ListItem","position":2,"name":"Tienda","item":"https:\/\/silqui-tex.com.ar\/tienda\/"},{"@type":"ListItem","position":3,"name":"Vamatex Silver Dyna Toalleros 260cm"}]},{"@type":"WebSite","@id":"https:\/\/silqui-tex.com.ar\/#website","url":"https:\/\/silqui-tex.com.ar\/","name":"Silqui-Tex","description":"Silqui-Tex se especializa en la venta de maquinaria textil y soluciones innovadoras para la industria, con m\u00e1s de 40 a\u00f1os de experiencia en Am\u00e9rica Latina, ofreciendo tecnolog\u00eda de calidad, servicios personalizados y un enfoque en el desarrollo sostenible.","potentialAction":[{"@type":"SearchAction","target":{"@type":"EntryPoint","urlTemplate":"https:\/\/silqui-tex.com.ar\/?s={search_term_string}"},"query-input":{"@type":"PropertyValueSpecification","valueRequired":true,"valueName":"search_term_string"}}],"inLanguage":"pt-BR"}]}},"_links":{"self":[{"href":"https:\/\/silqui-tex.com.ar\/pt\/wp-json\/wp\/v2\/product\/821","targetHints":{"allow":["GET"]}}],"collection":[{"href":"https:\/\/silqui-tex.com.ar\/pt\/wp-json\/wp\/v2\/product"}],"about":[{"href":"https:\/\/silqui-tex.com.ar\/pt\/wp-json\/wp\/v2\/types\/product"}],"wp:featuredmedia":[{"embeddable":true,"href":"https:\/\/silqui-tex.com.ar\/pt\/wp-json\/wp\/v2\/media\/1188"}],"wp:attachment":[{"href":"https:\/\/silqui-tex.com.ar\/pt\/wp-json\/wp\/v2\/media?parent=821"}],"wp:term":[{"taxonomy":"product_brand","embeddable":true,"href":"https:\/\/silqui-tex.com.ar\/pt\/wp-json\/wp\/v2\/product_brand?post=821"},{"taxonomy":"product_cat","embeddable":true,"href":"https:\/\/silqui-tex.com.ar\/pt\/wp-json\/wp\/v2\/product_cat?post=821"},{"taxonomy":"product_tag","embeddable":true,"href":"https:\/\/silqui-tex.com.ar\/pt\/wp-json\/wp\/v2\/product_tag?post=821"}],"curies":[{"name":"wp","href":"https:\/\/api.w.org\/{rel}","templated":true}]}}