{"id":901,"date":"2023-06-19T05:10:54","date_gmt":"2023-06-19T05:10:54","guid":{"rendered":"https:\/\/silqui-tex.com.ar\/?post_type=product&#038;p=901"},"modified":"2023-12-25T05:35:23","modified_gmt":"2023-12-25T05:35:23","slug":"manuar-thrutzschler-td8","status":"publish","type":"product","link":"https:\/\/silqui-tex.com.ar\/pt\/produto\/manuar-thrutzschler-td8\/","title":{"rendered":"Manuar Thrutzschler TD-08"},"content":{"rendered":"<p><b>2MANUARES<\/b><\/p>\n<p><b>*Marca:Trutzschler<\/b><\/p>\n<p><b>*Modelo:TD08<\/b><\/p>\n<p><b>*A\u00f1o:2015<\/b><\/p>\n<p><b>*Condici\u00f3n: Usado<\/b><\/p>\n<p><b>* Salida de tacho 450x1100mm<\/b><\/p>\n<table>\n<tbody>\n<tr>\n<td><strong><u>2Drawing Machines<\/u><\/strong><\/p>\n<p><strong>*Brand:Trutzschler<\/strong><\/p>\n<p><strong>*Model:TD08 <\/strong><\/p>\n<p><strong>*Year:2015<\/strong><\/p>\n<p><strong>*Condition: Used<\/strong><\/p>\n<p><strong>* Can size 450x1100mm<\/strong><\/td>\n<\/tr>\n<\/tbody>\n<\/table>\n<p>&nbsp;<\/p>","protected":false},"excerpt":{"rendered":"<p><b>2MANUARES<\/b><\/p>\n<p><b>*Marca:Trutzschler<\/b><\/p>\n<p><b>*Modelo:TD08<\/b><\/p>\n<p><b>*A\u00f1o:2015<\/b><\/p>\n<p><b>*Condici\u00f3n: Usado<\/b><\/p>\n<p><b>* Salida de tacho 450x1100mm<\/b><\/p>","protected":false},"featured_media":902,"template":"","meta":[],"product_brand":[],"product_cat":[25],"product_tag":[],"class_list":{"0":"post-901","1":"product","2":"type-product","3":"status-publish","4":"has-post-thumbnail","6":"product_cat-maquinaria-de-hilanderia","8":"first","9":"instock","10":"shipping-taxable","11":"product-type-simple"},"yoast_head":"<!-- This site is optimized with the Yoast SEO plugin v27.3 - https:\/\/yoast.com\/product\/yoast-seo-wordpress\/ -->\n<title>Manuar Thrutzschler TD-08 - Silqui-Tex<\/title>\n<meta name=\"description\" content=\"2MANUARES*Marca:Trutzschler*Modelo:TD08*A\u00f1o:2015*Condici\u00f3n: Usado* Salida de tacho 450x1100mm\" \/>\n<meta name=\"robots\" content=\"index, follow, max-snippet:-1, max-image-preview:large, max-video-preview:-1\" \/>\n<link rel=\"canonical\" href=\"https:\/\/silqui-tex.com.ar\/pt\/produto\/manuar-thrutzschler-td8\/\" \/>\n<meta property=\"og:locale\" content=\"pt_BR\" \/>\n<meta property=\"og:type\" content=\"article\" \/>\n<meta property=\"og:title\" content=\"Manuar Thrutzschler TD-08 - Silqui-Tex\" \/>\n<meta property=\"og:description\" content=\"2MANUARES*Marca:Trutzschler*Modelo:TD08*A\u00f1o:2015*Condici\u00f3n: Usado* Salida de tacho 450x1100mm\" \/>\n<meta property=\"og:url\" content=\"https:\/\/silqui-tex.com.ar\/pt\/produto\/manuar-thrutzschler-td8\/\" \/>\n<meta property=\"og:site_name\" content=\"Silqui-Tex\" \/>\n<meta property=\"article:modified_time\" content=\"2023-12-25T05:35:23+00:00\" \/>\n<meta property=\"og:image\" content=\"https:\/\/silqui-tex.com.ar\/wp-content\/uploads\/2023\/06\/51250259159cdfb82dafdfc3fd7e5693.jpeg\" \/>\n\t<meta property=\"og:image:width\" content=\"2347\" \/>\n\t<meta property=\"og:image:height\" content=\"1080\" \/>\n\t<meta property=\"og:image:type\" content=\"image\/jpeg\" \/>\n<meta name=\"twitter:card\" content=\"summary_large_image\" \/>\n<meta name=\"twitter:label1\" content=\"Est. tempo de leitura\" \/>\n\t<meta name=\"twitter:data1\" content=\"1 minuto\" \/>\n<script type=\"application\/ld+json\" class=\"yoast-schema-graph\">{\"@context\":\"https:\\\/\\\/schema.org\",\"@graph\":[{\"@type\":\"WebPage\",\"@id\":\"https:\\\/\\\/silqui-tex.com.ar\\\/producto\\\/manuar-thrutzschler-td8\\\/\",\"url\":\"https:\\\/\\\/silqui-tex.com.ar\\\/producto\\\/manuar-thrutzschler-td8\\\/\",\"name\":\"Manuar Thrutzschler TD-08 - Silqui-Tex\",\"isPartOf\":{\"@id\":\"https:\\\/\\\/silqui-tex.com.ar\\\/#website\"},\"primaryImageOfPage\":{\"@id\":\"https:\\\/\\\/silqui-tex.com.ar\\\/producto\\\/manuar-thrutzschler-td8\\\/#primaryimage\"},\"image\":{\"@id\":\"https:\\\/\\\/silqui-tex.com.ar\\\/producto\\\/manuar-thrutzschler-td8\\\/#primaryimage\"},\"thumbnailUrl\":\"https:\\\/\\\/silqui-tex.com.ar\\\/wp-content\\\/uploads\\\/2023\\\/06\\\/51250259159cdfb82dafdfc3fd7e5693.jpeg\",\"datePublished\":\"2023-06-19T05:10:54+00:00\",\"dateModified\":\"2023-12-25T05:35:23+00:00\",\"description\":\"2MANUARES*Marca:Trutzschler*Modelo:TD08*A\u00f1o:2015*Condici\u00f3n: Usado* Salida de tacho 450x1100mm\",\"breadcrumb\":{\"@id\":\"https:\\\/\\\/silqui-tex.com.ar\\\/producto\\\/manuar-thrutzschler-td8\\\/#breadcrumb\"},\"inLanguage\":\"pt-BR\",\"potentialAction\":[{\"@type\":\"ReadAction\",\"target\":[\"https:\\\/\\\/silqui-tex.com.ar\\\/producto\\\/manuar-thrutzschler-td8\\\/\"]}]},{\"@type\":\"ImageObject\",\"inLanguage\":\"pt-BR\",\"@id\":\"https:\\\/\\\/silqui-tex.com.ar\\\/producto\\\/manuar-thrutzschler-td8\\\/#primaryimage\",\"url\":\"https:\\\/\\\/silqui-tex.com.ar\\\/wp-content\\\/uploads\\\/2023\\\/06\\\/51250259159cdfb82dafdfc3fd7e5693.jpeg\",\"contentUrl\":\"https:\\\/\\\/silqui-tex.com.ar\\\/wp-content\\\/uploads\\\/2023\\\/06\\\/51250259159cdfb82dafdfc3fd7e5693.jpeg\",\"width\":2347,\"height\":1080},{\"@type\":\"BreadcrumbList\",\"@id\":\"https:\\\/\\\/silqui-tex.com.ar\\\/producto\\\/manuar-thrutzschler-td8\\\/#breadcrumb\",\"itemListElement\":[{\"@type\":\"ListItem\",\"position\":1,\"name\":\"Portada\",\"item\":\"https:\\\/\\\/silqui-tex.com.ar\\\/\"},{\"@type\":\"ListItem\",\"position\":2,\"name\":\"Tienda\",\"item\":\"https:\\\/\\\/silqui-tex.com.ar\\\/tienda\\\/\"},{\"@type\":\"ListItem\",\"position\":3,\"name\":\"Manuar Thrutzschler TD-08\"}]},{\"@type\":\"WebSite\",\"@id\":\"https:\\\/\\\/silqui-tex.com.ar\\\/#website\",\"url\":\"https:\\\/\\\/silqui-tex.com.ar\\\/\",\"name\":\"Silqui-Tex\",\"description\":\"Silqui-Tex se especializa en la venta de maquinaria textil y soluciones innovadoras para la industria, con m\u00e1s de 40 a\u00f1os de experiencia en Am\u00e9rica Latina, ofreciendo tecnolog\u00eda de calidad, servicios personalizados y un enfoque en el desarrollo sostenible.\",\"potentialAction\":[{\"@type\":\"SearchAction\",\"target\":{\"@type\":\"EntryPoint\",\"urlTemplate\":\"https:\\\/\\\/silqui-tex.com.ar\\\/?s={search_term_string}\"},\"query-input\":{\"@type\":\"PropertyValueSpecification\",\"valueRequired\":true,\"valueName\":\"search_term_string\"}}],\"inLanguage\":\"pt-BR\"}]}<\/script>\n<!-- \/ Yoast SEO plugin. -->","yoast_head_json":{"title":"Manuar Thrutzschler TD-08 - Silqui-Tex","description":"2MANUARES*Marca:Trutzschler*Modelo:TD08*A\u00f1o:2015*Condici\u00f3n: Usado* Salida de tacho 450x1100mm","robots":{"index":"index","follow":"follow","max-snippet":"max-snippet:-1","max-image-preview":"max-image-preview:large","max-video-preview":"max-video-preview:-1"},"canonical":"https:\/\/silqui-tex.com.ar\/pt\/produto\/manuar-thrutzschler-td8\/","og_locale":"pt_BR","og_type":"article","og_title":"Manuar Thrutzschler TD-08 - Silqui-Tex","og_description":"2MANUARES*Marca:Trutzschler*Modelo:TD08*A\u00f1o:2015*Condici\u00f3n: Usado* Salida de tacho 450x1100mm","og_url":"https:\/\/silqui-tex.com.ar\/pt\/produto\/manuar-thrutzschler-td8\/","og_site_name":"Silqui-Tex","article_modified_time":"2023-12-25T05:35:23+00:00","og_image":[{"width":2347,"height":1080,"url":"https:\/\/silqui-tex.com.ar\/wp-content\/uploads\/2023\/06\/51250259159cdfb82dafdfc3fd7e5693.jpeg","type":"image\/jpeg"}],"twitter_card":"summary_large_image","twitter_misc":{"Est. tempo de leitura":"1 minuto"},"schema":{"@context":"https:\/\/schema.org","@graph":[{"@type":"WebPage","@id":"https:\/\/silqui-tex.com.ar\/producto\/manuar-thrutzschler-td8\/","url":"https:\/\/silqui-tex.com.ar\/producto\/manuar-thrutzschler-td8\/","name":"Manuar Thrutzschler TD-08 - Silqui-Tex","isPartOf":{"@id":"https:\/\/silqui-tex.com.ar\/#website"},"primaryImageOfPage":{"@id":"https:\/\/silqui-tex.com.ar\/producto\/manuar-thrutzschler-td8\/#primaryimage"},"image":{"@id":"https:\/\/silqui-tex.com.ar\/producto\/manuar-thrutzschler-td8\/#primaryimage"},"thumbnailUrl":"https:\/\/silqui-tex.com.ar\/wp-content\/uploads\/2023\/06\/51250259159cdfb82dafdfc3fd7e5693.jpeg","datePublished":"2023-06-19T05:10:54+00:00","dateModified":"2023-12-25T05:35:23+00:00","description":"2MANUARES*Marca:Trutzschler*Modelo:TD08*A\u00f1o:2015*Condici\u00f3n: Usado* Salida de tacho 450x1100mm","breadcrumb":{"@id":"https:\/\/silqui-tex.com.ar\/producto\/manuar-thrutzschler-td8\/#breadcrumb"},"inLanguage":"pt-BR","potentialAction":[{"@type":"ReadAction","target":["https:\/\/silqui-tex.com.ar\/producto\/manuar-thrutzschler-td8\/"]}]},{"@type":"ImageObject","inLanguage":"pt-BR","@id":"https:\/\/silqui-tex.com.ar\/producto\/manuar-thrutzschler-td8\/#primaryimage","url":"https:\/\/silqui-tex.com.ar\/wp-content\/uploads\/2023\/06\/51250259159cdfb82dafdfc3fd7e5693.jpeg","contentUrl":"https:\/\/silqui-tex.com.ar\/wp-content\/uploads\/2023\/06\/51250259159cdfb82dafdfc3fd7e5693.jpeg","width":2347,"height":1080},{"@type":"BreadcrumbList","@id":"https:\/\/silqui-tex.com.ar\/producto\/manuar-thrutzschler-td8\/#breadcrumb","itemListElement":[{"@type":"ListItem","position":1,"name":"Portada","item":"https:\/\/silqui-tex.com.ar\/"},{"@type":"ListItem","position":2,"name":"Tienda","item":"https:\/\/silqui-tex.com.ar\/tienda\/"},{"@type":"ListItem","position":3,"name":"Manuar Thrutzschler TD-08"}]},{"@type":"WebSite","@id":"https:\/\/silqui-tex.com.ar\/#website","url":"https:\/\/silqui-tex.com.ar\/","name":"Silqui-Tex","description":"Silqui-Tex se especializa en la venta de maquinaria textil y soluciones innovadoras para la industria, con m\u00e1s de 40 a\u00f1os de experiencia en Am\u00e9rica Latina, ofreciendo tecnolog\u00eda de calidad, servicios personalizados y un enfoque en el desarrollo sostenible.","potentialAction":[{"@type":"SearchAction","target":{"@type":"EntryPoint","urlTemplate":"https:\/\/silqui-tex.com.ar\/?s={search_term_string}"},"query-input":{"@type":"PropertyValueSpecification","valueRequired":true,"valueName":"search_term_string"}}],"inLanguage":"pt-BR"}]}},"_links":{"self":[{"href":"https:\/\/silqui-tex.com.ar\/pt\/wp-json\/wp\/v2\/product\/901","targetHints":{"allow":["GET"]}}],"collection":[{"href":"https:\/\/silqui-tex.com.ar\/pt\/wp-json\/wp\/v2\/product"}],"about":[{"href":"https:\/\/silqui-tex.com.ar\/pt\/wp-json\/wp\/v2\/types\/product"}],"wp:featuredmedia":[{"embeddable":true,"href":"https:\/\/silqui-tex.com.ar\/pt\/wp-json\/wp\/v2\/media\/902"}],"wp:attachment":[{"href":"https:\/\/silqui-tex.com.ar\/pt\/wp-json\/wp\/v2\/media?parent=901"}],"wp:term":[{"taxonomy":"product_brand","embeddable":true,"href":"https:\/\/silqui-tex.com.ar\/pt\/wp-json\/wp\/v2\/product_brand?post=901"},{"taxonomy":"product_cat","embeddable":true,"href":"https:\/\/silqui-tex.com.ar\/pt\/wp-json\/wp\/v2\/product_cat?post=901"},{"taxonomy":"product_tag","embeddable":true,"href":"https:\/\/silqui-tex.com.ar\/pt\/wp-json\/wp\/v2\/product_tag?post=901"}],"curies":[{"name":"wp","href":"https:\/\/api.w.org\/{rel}","templated":true}]}}