{"id":913,"date":"2023-07-07T04:52:10","date_gmt":"2023-07-07T04:52:10","guid":{"rendered":"https:\/\/silqui-tex.com.ar\/?post_type=product&#038;p=913"},"modified":"2023-09-21T23:04:18","modified_gmt":"2023-09-21T23:04:18","slug":"manuar-rieter-d22","status":"publish","type":"product","link":"https:\/\/silqui-tex.com.ar\/pt\/produto\/manuar-rieter-d22\/","title":{"rendered":"Manuar RIETER D22"},"content":{"rendered":"<p class=\"p1\"><span class=\"s1\">Rieter RSB D22 Finisher Drawing With Autoleveller Year 2014<\/span><\/p>\n<p class=\"p1\"><span class=\"s1\">\u2022 Sliver Monitor : With<\/span><\/p>\n<p class=\"p1\"><span class=\"s1\">\u2022 No of Deliveries : Double<\/span><\/p>","protected":false},"excerpt":{"rendered":"<p class=\"p1\"><span class=\"s1\">Rieter RSB D22 Finisher Drawing With Autoleveller Year 2014<\/span><\/p>\n<p class=\"p1\"><span class=\"s1\">\u2022 Sliver Monitor : With<\/span><\/p>\n<p class=\"p1\"><span class=\"s1\">\u2022 No of Deliveries : Double<\/span><\/p>","protected":false},"featured_media":914,"template":"","meta":[],"product_brand":[],"product_cat":[25],"product_tag":[],"class_list":{"0":"post-913","1":"product","2":"type-product","3":"status-publish","4":"has-post-thumbnail","6":"product_cat-maquinaria-de-hilanderia","8":"first","9":"instock","10":"shipping-taxable","11":"product-type-simple"},"yoast_head":"<!-- This site is optimized with the Yoast SEO plugin v27.3 - https:\/\/yoast.com\/product\/yoast-seo-wordpress\/ -->\n<title>Manuar RIETER D22 - Silqui-Tex<\/title>\n<meta name=\"description\" content=\"Rieter RSB D22 Finisher Drawing With Autoleveller Year 2014\u2022 Sliver Monitor : With\u2022 No of Deliveries : Double\" \/>\n<meta name=\"robots\" content=\"index, follow, max-snippet:-1, max-image-preview:large, max-video-preview:-1\" \/>\n<link rel=\"canonical\" href=\"https:\/\/silqui-tex.com.ar\/pt\/produto\/manuar-rieter-d22\/\" \/>\n<meta property=\"og:locale\" content=\"pt_BR\" \/>\n<meta property=\"og:type\" content=\"article\" \/>\n<meta property=\"og:title\" content=\"Manuar RIETER D22 - Silqui-Tex\" \/>\n<meta property=\"og:description\" content=\"Rieter RSB D22 Finisher Drawing With Autoleveller Year 2014\u2022 Sliver Monitor : With\u2022 No of Deliveries : Double\" \/>\n<meta property=\"og:url\" content=\"https:\/\/silqui-tex.com.ar\/pt\/produto\/manuar-rieter-d22\/\" \/>\n<meta property=\"og:site_name\" content=\"Silqui-Tex\" \/>\n<meta property=\"article:modified_time\" content=\"2023-09-21T23:04:18+00:00\" \/>\n<meta property=\"og:image\" content=\"https:\/\/silqui-tex.com.ar\/wp-content\/uploads\/2023\/07\/6c373ba2-da9d-44d2-af8a-38b0085cb62c.jpeg\" \/>\n\t<meta property=\"og:image:width\" content=\"1024\" \/>\n\t<meta property=\"og:image:height\" content=\"821\" \/>\n\t<meta property=\"og:image:type\" content=\"image\/jpeg\" \/>\n<meta name=\"twitter:card\" content=\"summary_large_image\" \/>\n<meta name=\"twitter:label1\" content=\"Est. tempo de leitura\" \/>\n\t<meta name=\"twitter:data1\" content=\"1 minuto\" \/>\n<script type=\"application\/ld+json\" class=\"yoast-schema-graph\">{\"@context\":\"https:\\\/\\\/schema.org\",\"@graph\":[{\"@type\":\"WebPage\",\"@id\":\"https:\\\/\\\/silqui-tex.com.ar\\\/producto\\\/manuar-rieter-d22\\\/\",\"url\":\"https:\\\/\\\/silqui-tex.com.ar\\\/producto\\\/manuar-rieter-d22\\\/\",\"name\":\"Manuar RIETER D22 - Silqui-Tex\",\"isPartOf\":{\"@id\":\"https:\\\/\\\/silqui-tex.com.ar\\\/#website\"},\"primaryImageOfPage\":{\"@id\":\"https:\\\/\\\/silqui-tex.com.ar\\\/producto\\\/manuar-rieter-d22\\\/#primaryimage\"},\"image\":{\"@id\":\"https:\\\/\\\/silqui-tex.com.ar\\\/producto\\\/manuar-rieter-d22\\\/#primaryimage\"},\"thumbnailUrl\":\"https:\\\/\\\/silqui-tex.com.ar\\\/wp-content\\\/uploads\\\/2023\\\/07\\\/6c373ba2-da9d-44d2-af8a-38b0085cb62c.jpeg\",\"datePublished\":\"2023-07-07T04:52:10+00:00\",\"dateModified\":\"2023-09-21T23:04:18+00:00\",\"description\":\"Rieter RSB D22 Finisher Drawing With Autoleveller Year 2014\u2022 Sliver Monitor : With\u2022 No of Deliveries : Double\",\"breadcrumb\":{\"@id\":\"https:\\\/\\\/silqui-tex.com.ar\\\/producto\\\/manuar-rieter-d22\\\/#breadcrumb\"},\"inLanguage\":\"pt-BR\",\"potentialAction\":[{\"@type\":\"ReadAction\",\"target\":[\"https:\\\/\\\/silqui-tex.com.ar\\\/producto\\\/manuar-rieter-d22\\\/\"]}]},{\"@type\":\"ImageObject\",\"inLanguage\":\"pt-BR\",\"@id\":\"https:\\\/\\\/silqui-tex.com.ar\\\/producto\\\/manuar-rieter-d22\\\/#primaryimage\",\"url\":\"https:\\\/\\\/silqui-tex.com.ar\\\/wp-content\\\/uploads\\\/2023\\\/07\\\/6c373ba2-da9d-44d2-af8a-38b0085cb62c.jpeg\",\"contentUrl\":\"https:\\\/\\\/silqui-tex.com.ar\\\/wp-content\\\/uploads\\\/2023\\\/07\\\/6c373ba2-da9d-44d2-af8a-38b0085cb62c.jpeg\",\"width\":1024,\"height\":821},{\"@type\":\"BreadcrumbList\",\"@id\":\"https:\\\/\\\/silqui-tex.com.ar\\\/producto\\\/manuar-rieter-d22\\\/#breadcrumb\",\"itemListElement\":[{\"@type\":\"ListItem\",\"position\":1,\"name\":\"Portada\",\"item\":\"https:\\\/\\\/silqui-tex.com.ar\\\/\"},{\"@type\":\"ListItem\",\"position\":2,\"name\":\"Tienda\",\"item\":\"https:\\\/\\\/silqui-tex.com.ar\\\/tienda\\\/\"},{\"@type\":\"ListItem\",\"position\":3,\"name\":\"Manuar RIETER D22\"}]},{\"@type\":\"WebSite\",\"@id\":\"https:\\\/\\\/silqui-tex.com.ar\\\/#website\",\"url\":\"https:\\\/\\\/silqui-tex.com.ar\\\/\",\"name\":\"Silqui-Tex\",\"description\":\"Silqui-Tex se especializa en la venta de maquinaria textil y soluciones innovadoras para la industria, con m\u00e1s de 40 a\u00f1os de experiencia en Am\u00e9rica Latina, ofreciendo tecnolog\u00eda de calidad, servicios personalizados y un enfoque en el desarrollo sostenible.\",\"potentialAction\":[{\"@type\":\"SearchAction\",\"target\":{\"@type\":\"EntryPoint\",\"urlTemplate\":\"https:\\\/\\\/silqui-tex.com.ar\\\/?s={search_term_string}\"},\"query-input\":{\"@type\":\"PropertyValueSpecification\",\"valueRequired\":true,\"valueName\":\"search_term_string\"}}],\"inLanguage\":\"pt-BR\"}]}<\/script>\n<!-- \/ Yoast SEO plugin. -->","yoast_head_json":{"title":"Manuar RIETER D22 - Silqui-Tex","description":"Rieter RSB D22 Finisher Drawing With Autoleveller Year 2014\u2022 Sliver Monitor : With\u2022 No of Deliveries : Double","robots":{"index":"index","follow":"follow","max-snippet":"max-snippet:-1","max-image-preview":"max-image-preview:large","max-video-preview":"max-video-preview:-1"},"canonical":"https:\/\/silqui-tex.com.ar\/pt\/produto\/manuar-rieter-d22\/","og_locale":"pt_BR","og_type":"article","og_title":"Manuar RIETER D22 - Silqui-Tex","og_description":"Rieter RSB D22 Finisher Drawing With Autoleveller Year 2014\u2022 Sliver Monitor : With\u2022 No of Deliveries : Double","og_url":"https:\/\/silqui-tex.com.ar\/pt\/produto\/manuar-rieter-d22\/","og_site_name":"Silqui-Tex","article_modified_time":"2023-09-21T23:04:18+00:00","og_image":[{"width":1024,"height":821,"url":"https:\/\/silqui-tex.com.ar\/wp-content\/uploads\/2023\/07\/6c373ba2-da9d-44d2-af8a-38b0085cb62c.jpeg","type":"image\/jpeg"}],"twitter_card":"summary_large_image","twitter_misc":{"Est. tempo de leitura":"1 minuto"},"schema":{"@context":"https:\/\/schema.org","@graph":[{"@type":"WebPage","@id":"https:\/\/silqui-tex.com.ar\/producto\/manuar-rieter-d22\/","url":"https:\/\/silqui-tex.com.ar\/producto\/manuar-rieter-d22\/","name":"Manuar RIETER D22 - Silqui-Tex","isPartOf":{"@id":"https:\/\/silqui-tex.com.ar\/#website"},"primaryImageOfPage":{"@id":"https:\/\/silqui-tex.com.ar\/producto\/manuar-rieter-d22\/#primaryimage"},"image":{"@id":"https:\/\/silqui-tex.com.ar\/producto\/manuar-rieter-d22\/#primaryimage"},"thumbnailUrl":"https:\/\/silqui-tex.com.ar\/wp-content\/uploads\/2023\/07\/6c373ba2-da9d-44d2-af8a-38b0085cb62c.jpeg","datePublished":"2023-07-07T04:52:10+00:00","dateModified":"2023-09-21T23:04:18+00:00","description":"Rieter RSB D22 Finisher Drawing With Autoleveller Year 2014\u2022 Sliver Monitor : With\u2022 No of Deliveries : Double","breadcrumb":{"@id":"https:\/\/silqui-tex.com.ar\/producto\/manuar-rieter-d22\/#breadcrumb"},"inLanguage":"pt-BR","potentialAction":[{"@type":"ReadAction","target":["https:\/\/silqui-tex.com.ar\/producto\/manuar-rieter-d22\/"]}]},{"@type":"ImageObject","inLanguage":"pt-BR","@id":"https:\/\/silqui-tex.com.ar\/producto\/manuar-rieter-d22\/#primaryimage","url":"https:\/\/silqui-tex.com.ar\/wp-content\/uploads\/2023\/07\/6c373ba2-da9d-44d2-af8a-38b0085cb62c.jpeg","contentUrl":"https:\/\/silqui-tex.com.ar\/wp-content\/uploads\/2023\/07\/6c373ba2-da9d-44d2-af8a-38b0085cb62c.jpeg","width":1024,"height":821},{"@type":"BreadcrumbList","@id":"https:\/\/silqui-tex.com.ar\/producto\/manuar-rieter-d22\/#breadcrumb","itemListElement":[{"@type":"ListItem","position":1,"name":"Portada","item":"https:\/\/silqui-tex.com.ar\/"},{"@type":"ListItem","position":2,"name":"Tienda","item":"https:\/\/silqui-tex.com.ar\/tienda\/"},{"@type":"ListItem","position":3,"name":"Manuar RIETER D22"}]},{"@type":"WebSite","@id":"https:\/\/silqui-tex.com.ar\/#website","url":"https:\/\/silqui-tex.com.ar\/","name":"Silqui-Tex","description":"Silqui-Tex se especializa en la venta de maquinaria textil y soluciones innovadoras para la industria, con m\u00e1s de 40 a\u00f1os de experiencia en Am\u00e9rica Latina, ofreciendo tecnolog\u00eda de calidad, servicios personalizados y un enfoque en el desarrollo sostenible.","potentialAction":[{"@type":"SearchAction","target":{"@type":"EntryPoint","urlTemplate":"https:\/\/silqui-tex.com.ar\/?s={search_term_string}"},"query-input":{"@type":"PropertyValueSpecification","valueRequired":true,"valueName":"search_term_string"}}],"inLanguage":"pt-BR"}]}},"_links":{"self":[{"href":"https:\/\/silqui-tex.com.ar\/pt\/wp-json\/wp\/v2\/product\/913","targetHints":{"allow":["GET"]}}],"collection":[{"href":"https:\/\/silqui-tex.com.ar\/pt\/wp-json\/wp\/v2\/product"}],"about":[{"href":"https:\/\/silqui-tex.com.ar\/pt\/wp-json\/wp\/v2\/types\/product"}],"wp:featuredmedia":[{"embeddable":true,"href":"https:\/\/silqui-tex.com.ar\/pt\/wp-json\/wp\/v2\/media\/914"}],"wp:attachment":[{"href":"https:\/\/silqui-tex.com.ar\/pt\/wp-json\/wp\/v2\/media?parent=913"}],"wp:term":[{"taxonomy":"product_brand","embeddable":true,"href":"https:\/\/silqui-tex.com.ar\/pt\/wp-json\/wp\/v2\/product_brand?post=913"},{"taxonomy":"product_cat","embeddable":true,"href":"https:\/\/silqui-tex.com.ar\/pt\/wp-json\/wp\/v2\/product_cat?post=913"},{"taxonomy":"product_tag","embeddable":true,"href":"https:\/\/silqui-tex.com.ar\/pt\/wp-json\/wp\/v2\/product_tag?post=913"}],"curies":[{"name":"wp","href":"https:\/\/api.w.org\/{rel}","templated":true}]}}