{"id":924,"date":"2023-07-11T03:27:52","date_gmt":"2023-07-11T03:27:52","guid":{"rendered":"https:\/\/silqui-tex.com.ar\/?post_type=product&#038;p=924"},"modified":"2023-09-21T22:49:38","modified_gmt":"2023-09-21T22:49:38","slug":"2-open-end-aco9-ano-2021","status":"publish","type":"product","link":"https:\/\/silqui-tex.com.ar\/pt\/produto\/2-open-end-aco9-ano-2021\/","title":{"rendered":"2 Open End ACO9, a\u00f1o 2021"},"content":{"rendered":"<p class=\"p1\">2 Open End SAURER ACO9, a\u00f1o 2021 &#8211; 552 rotores cada una con 4 robots.<br \/>\nRotor: T640 BD<br \/>\nLas versiones de los carros son iguales, con funci\u00f3n de fibra exterior.<br \/>\nSe pueden hacer 4 tipos de hilo al mismo tiempo<br \/>\nPuede empalmar 12 rotores al mismo tiempo<br \/>\nUn juego de cer\u00e1mica tiene 6 ranuras y otro juego es espiral (1 juego)<br \/>\n4 mudadores autom\u00e1ticos<\/p>","protected":false},"excerpt":{"rendered":"<p>2 Open End SAURER ACO9, a\u00f1o 2021 &#8211; 552 rotores cada una con 4 robots.<br \/>\nRotor: T640 BD<br \/>\nLas versiones de los carros son iguales, con funci\u00f3n de fibra exterior.<br \/>\nSe pueden hacer 4 tipos de hilo al mismo tiempo<br \/>\nPuede empalmar 12 rotores al mismo tiempo<br \/>\nUn juego de cer\u00e1mica tiene 6 ranuras y otro juego es espiral (1 juego)<br \/>\n4 mudadores autom\u00e1ticos<\/p>","protected":false},"featured_media":925,"template":"","meta":[],"product_brand":[],"product_cat":[25],"product_tag":[],"class_list":{"0":"post-924","1":"product","2":"type-product","3":"status-publish","4":"has-post-thumbnail","6":"product_cat-maquinaria-de-hilanderia","8":"first","9":"instock","10":"shipping-taxable","11":"product-type-simple"},"yoast_head":"<!-- This site is optimized with the Yoast SEO plugin v27.4 - https:\/\/yoast.com\/product\/yoast-seo-wordpress\/ -->\n<title>2 Open End ACO9, a\u00f1o 2021 - Silqui-Tex<\/title>\n<meta name=\"description\" content=\"2 Open End SAURER ACO9, a\u00f1o 2021 - 552 rotores cada una con 4 robots.Rotor: T640 BDLas versiones de los carros son iguales, con funci\u00f3n de fibra exterior.Se pueden hacer 4 tipos de hilo al mismo tiempoPuede empalmar 12 rotores al mismo tiempoUn juego de cer\u00e1mica tiene 6 ranuras y otro juego es espiral (1 juego)4 mudadores autom\u00e1ticos\" \/>\n<meta name=\"robots\" content=\"index, follow, max-snippet:-1, max-image-preview:large, max-video-preview:-1\" \/>\n<link rel=\"canonical\" href=\"https:\/\/silqui-tex.com.ar\/pt\/produto\/2-open-end-aco9-ano-2021\/\" \/>\n<meta property=\"og:locale\" content=\"pt_BR\" \/>\n<meta property=\"og:type\" content=\"article\" \/>\n<meta property=\"og:title\" content=\"2 Open End ACO9, a\u00f1o 2021 - Silqui-Tex\" \/>\n<meta property=\"og:description\" content=\"2 Open End SAURER ACO9, a\u00f1o 2021 - 552 rotores cada una con 4 robots.Rotor: T640 BDLas versiones de los carros son iguales, con funci\u00f3n de fibra exterior.Se pueden hacer 4 tipos de hilo al mismo tiempoPuede empalmar 12 rotores al mismo tiempoUn juego de cer\u00e1mica tiene 6 ranuras y otro juego es espiral (1 juego)4 mudadores autom\u00e1ticos\" \/>\n<meta property=\"og:url\" content=\"https:\/\/silqui-tex.com.ar\/pt\/produto\/2-open-end-aco9-ano-2021\/\" \/>\n<meta property=\"og:site_name\" content=\"Silqui-Tex\" \/>\n<meta property=\"article:modified_time\" content=\"2023-09-21T22:49:38+00:00\" \/>\n<meta property=\"og:image\" content=\"https:\/\/silqui-tex.com.ar\/wp-content\/uploads\/2023\/07\/876fbfa90e38b4b6df3efcc703c61c32.jpeg\" \/>\n\t<meta property=\"og:image:width\" content=\"1280\" \/>\n\t<meta property=\"og:image:height\" content=\"1706\" \/>\n\t<meta property=\"og:image:type\" content=\"image\/jpeg\" \/>\n<meta name=\"twitter:card\" content=\"summary_large_image\" \/>\n<meta name=\"twitter:label1\" content=\"Est. tempo de leitura\" \/>\n\t<meta name=\"twitter:data1\" content=\"1 minuto\" \/>\n<script type=\"application\/ld+json\" class=\"yoast-schema-graph\">{\"@context\":\"https:\\\/\\\/schema.org\",\"@graph\":[{\"@type\":\"WebPage\",\"@id\":\"https:\\\/\\\/silqui-tex.com.ar\\\/producto\\\/2-open-end-aco9-ano-2021\\\/\",\"url\":\"https:\\\/\\\/silqui-tex.com.ar\\\/producto\\\/2-open-end-aco9-ano-2021\\\/\",\"name\":\"2 Open End ACO9, a\u00f1o 2021 - Silqui-Tex\",\"isPartOf\":{\"@id\":\"https:\\\/\\\/silqui-tex.com.ar\\\/#website\"},\"primaryImageOfPage\":{\"@id\":\"https:\\\/\\\/silqui-tex.com.ar\\\/producto\\\/2-open-end-aco9-ano-2021\\\/#primaryimage\"},\"image\":{\"@id\":\"https:\\\/\\\/silqui-tex.com.ar\\\/producto\\\/2-open-end-aco9-ano-2021\\\/#primaryimage\"},\"thumbnailUrl\":\"https:\\\/\\\/silqui-tex.com.ar\\\/wp-content\\\/uploads\\\/2023\\\/07\\\/876fbfa90e38b4b6df3efcc703c61c32.jpeg\",\"datePublished\":\"2023-07-11T03:27:52+00:00\",\"dateModified\":\"2023-09-21T22:49:38+00:00\",\"description\":\"2 Open End SAURER ACO9, a\u00f1o 2021 - 552 rotores cada una con 4 robots.Rotor: T640 BDLas versiones de los carros son iguales, con funci\u00f3n de fibra exterior.Se pueden hacer 4 tipos de hilo al mismo tiempoPuede empalmar 12 rotores al mismo tiempoUn juego de cer\u00e1mica tiene 6 ranuras y otro juego es espiral (1 juego)4 mudadores autom\u00e1ticos\",\"breadcrumb\":{\"@id\":\"https:\\\/\\\/silqui-tex.com.ar\\\/producto\\\/2-open-end-aco9-ano-2021\\\/#breadcrumb\"},\"inLanguage\":\"pt-BR\",\"potentialAction\":[{\"@type\":\"ReadAction\",\"target\":[\"https:\\\/\\\/silqui-tex.com.ar\\\/producto\\\/2-open-end-aco9-ano-2021\\\/\"]}]},{\"@type\":\"ImageObject\",\"inLanguage\":\"pt-BR\",\"@id\":\"https:\\\/\\\/silqui-tex.com.ar\\\/producto\\\/2-open-end-aco9-ano-2021\\\/#primaryimage\",\"url\":\"https:\\\/\\\/silqui-tex.com.ar\\\/wp-content\\\/uploads\\\/2023\\\/07\\\/876fbfa90e38b4b6df3efcc703c61c32.jpeg\",\"contentUrl\":\"https:\\\/\\\/silqui-tex.com.ar\\\/wp-content\\\/uploads\\\/2023\\\/07\\\/876fbfa90e38b4b6df3efcc703c61c32.jpeg\",\"width\":1280,\"height\":1706},{\"@type\":\"BreadcrumbList\",\"@id\":\"https:\\\/\\\/silqui-tex.com.ar\\\/producto\\\/2-open-end-aco9-ano-2021\\\/#breadcrumb\",\"itemListElement\":[{\"@type\":\"ListItem\",\"position\":1,\"name\":\"Portada\",\"item\":\"https:\\\/\\\/silqui-tex.com.ar\\\/\"},{\"@type\":\"ListItem\",\"position\":2,\"name\":\"Tienda\",\"item\":\"https:\\\/\\\/silqui-tex.com.ar\\\/tienda\\\/\"},{\"@type\":\"ListItem\",\"position\":3,\"name\":\"2 Open End ACO9, a\u00f1o 2021\"}]},{\"@type\":\"WebSite\",\"@id\":\"https:\\\/\\\/silqui-tex.com.ar\\\/#website\",\"url\":\"https:\\\/\\\/silqui-tex.com.ar\\\/\",\"name\":\"Silqui-Tex\",\"description\":\"Silqui-Tex se especializa en la venta de maquinaria textil y soluciones innovadoras para la industria, con m\u00e1s de 40 a\u00f1os de experiencia en Am\u00e9rica Latina, ofreciendo tecnolog\u00eda de calidad, servicios personalizados y un enfoque en el desarrollo sostenible.\",\"potentialAction\":[{\"@type\":\"SearchAction\",\"target\":{\"@type\":\"EntryPoint\",\"urlTemplate\":\"https:\\\/\\\/silqui-tex.com.ar\\\/?s={search_term_string}\"},\"query-input\":{\"@type\":\"PropertyValueSpecification\",\"valueRequired\":true,\"valueName\":\"search_term_string\"}}],\"inLanguage\":\"pt-BR\"}]}<\/script>\n<!-- \/ Yoast SEO plugin. -->","yoast_head_json":{"title":"2 Open End ACO9, a\u00f1o 2021 - Silqui-Tex","description":"2 Open End SAURER ACO9, a\u00f1o 2021 - 552 rotores cada una con 4 robots.Rotor: T640 BDLas versiones de los carros son iguales, con funci\u00f3n de fibra exterior.Se pueden hacer 4 tipos de hilo al mismo tiempoPuede empalmar 12 rotores al mismo tiempoUn juego de cer\u00e1mica tiene 6 ranuras y otro juego es espiral (1 juego)4 mudadores autom\u00e1ticos","robots":{"index":"index","follow":"follow","max-snippet":"max-snippet:-1","max-image-preview":"max-image-preview:large","max-video-preview":"max-video-preview:-1"},"canonical":"https:\/\/silqui-tex.com.ar\/pt\/produto\/2-open-end-aco9-ano-2021\/","og_locale":"pt_BR","og_type":"article","og_title":"2 Open End ACO9, a\u00f1o 2021 - Silqui-Tex","og_description":"2 Open End SAURER ACO9, a\u00f1o 2021 - 552 rotores cada una con 4 robots.Rotor: T640 BDLas versiones de los carros son iguales, con funci\u00f3n de fibra exterior.Se pueden hacer 4 tipos de hilo al mismo tiempoPuede empalmar 12 rotores al mismo tiempoUn juego de cer\u00e1mica tiene 6 ranuras y otro juego es espiral (1 juego)4 mudadores autom\u00e1ticos","og_url":"https:\/\/silqui-tex.com.ar\/pt\/produto\/2-open-end-aco9-ano-2021\/","og_site_name":"Silqui-Tex","article_modified_time":"2023-09-21T22:49:38+00:00","og_image":[{"width":1280,"height":1706,"url":"https:\/\/silqui-tex.com.ar\/wp-content\/uploads\/2023\/07\/876fbfa90e38b4b6df3efcc703c61c32.jpeg","type":"image\/jpeg"}],"twitter_card":"summary_large_image","twitter_misc":{"Est. tempo de leitura":"1 minuto"},"schema":{"@context":"https:\/\/schema.org","@graph":[{"@type":"WebPage","@id":"https:\/\/silqui-tex.com.ar\/producto\/2-open-end-aco9-ano-2021\/","url":"https:\/\/silqui-tex.com.ar\/producto\/2-open-end-aco9-ano-2021\/","name":"2 Open End ACO9, a\u00f1o 2021 - Silqui-Tex","isPartOf":{"@id":"https:\/\/silqui-tex.com.ar\/#website"},"primaryImageOfPage":{"@id":"https:\/\/silqui-tex.com.ar\/producto\/2-open-end-aco9-ano-2021\/#primaryimage"},"image":{"@id":"https:\/\/silqui-tex.com.ar\/producto\/2-open-end-aco9-ano-2021\/#primaryimage"},"thumbnailUrl":"https:\/\/silqui-tex.com.ar\/wp-content\/uploads\/2023\/07\/876fbfa90e38b4b6df3efcc703c61c32.jpeg","datePublished":"2023-07-11T03:27:52+00:00","dateModified":"2023-09-21T22:49:38+00:00","description":"2 Open End SAURER ACO9, a\u00f1o 2021 - 552 rotores cada una con 4 robots.Rotor: T640 BDLas versiones de los carros son iguales, con funci\u00f3n de fibra exterior.Se pueden hacer 4 tipos de hilo al mismo tiempoPuede empalmar 12 rotores al mismo tiempoUn juego de cer\u00e1mica tiene 6 ranuras y otro juego es espiral (1 juego)4 mudadores autom\u00e1ticos","breadcrumb":{"@id":"https:\/\/silqui-tex.com.ar\/producto\/2-open-end-aco9-ano-2021\/#breadcrumb"},"inLanguage":"pt-BR","potentialAction":[{"@type":"ReadAction","target":["https:\/\/silqui-tex.com.ar\/producto\/2-open-end-aco9-ano-2021\/"]}]},{"@type":"ImageObject","inLanguage":"pt-BR","@id":"https:\/\/silqui-tex.com.ar\/producto\/2-open-end-aco9-ano-2021\/#primaryimage","url":"https:\/\/silqui-tex.com.ar\/wp-content\/uploads\/2023\/07\/876fbfa90e38b4b6df3efcc703c61c32.jpeg","contentUrl":"https:\/\/silqui-tex.com.ar\/wp-content\/uploads\/2023\/07\/876fbfa90e38b4b6df3efcc703c61c32.jpeg","width":1280,"height":1706},{"@type":"BreadcrumbList","@id":"https:\/\/silqui-tex.com.ar\/producto\/2-open-end-aco9-ano-2021\/#breadcrumb","itemListElement":[{"@type":"ListItem","position":1,"name":"Portada","item":"https:\/\/silqui-tex.com.ar\/"},{"@type":"ListItem","position":2,"name":"Tienda","item":"https:\/\/silqui-tex.com.ar\/tienda\/"},{"@type":"ListItem","position":3,"name":"2 Open End ACO9, a\u00f1o 2021"}]},{"@type":"WebSite","@id":"https:\/\/silqui-tex.com.ar\/#website","url":"https:\/\/silqui-tex.com.ar\/","name":"Silqui-Tex","description":"Silqui-Tex se especializa en la venta de maquinaria textil y soluciones innovadoras para la industria, con m\u00e1s de 40 a\u00f1os de experiencia en Am\u00e9rica Latina, ofreciendo tecnolog\u00eda de calidad, servicios personalizados y un enfoque en el desarrollo sostenible.","potentialAction":[{"@type":"SearchAction","target":{"@type":"EntryPoint","urlTemplate":"https:\/\/silqui-tex.com.ar\/?s={search_term_string}"},"query-input":{"@type":"PropertyValueSpecification","valueRequired":true,"valueName":"search_term_string"}}],"inLanguage":"pt-BR"}]}},"_links":{"self":[{"href":"https:\/\/silqui-tex.com.ar\/pt\/wp-json\/wp\/v2\/product\/924","targetHints":{"allow":["GET"]}}],"collection":[{"href":"https:\/\/silqui-tex.com.ar\/pt\/wp-json\/wp\/v2\/product"}],"about":[{"href":"https:\/\/silqui-tex.com.ar\/pt\/wp-json\/wp\/v2\/types\/product"}],"wp:featuredmedia":[{"embeddable":true,"href":"https:\/\/silqui-tex.com.ar\/pt\/wp-json\/wp\/v2\/media\/925"}],"wp:attachment":[{"href":"https:\/\/silqui-tex.com.ar\/pt\/wp-json\/wp\/v2\/media?parent=924"}],"wp:term":[{"taxonomy":"product_brand","embeddable":true,"href":"https:\/\/silqui-tex.com.ar\/pt\/wp-json\/wp\/v2\/product_brand?post=924"},{"taxonomy":"product_cat","embeddable":true,"href":"https:\/\/silqui-tex.com.ar\/pt\/wp-json\/wp\/v2\/product_cat?post=924"},{"taxonomy":"product_tag","embeddable":true,"href":"https:\/\/silqui-tex.com.ar\/pt\/wp-json\/wp\/v2\/product_tag?post=924"}],"curies":[{"name":"wp","href":"https:\/\/api.w.org\/{rel}","templated":true}]}}