{"id":938,"date":"2023-07-15T03:58:48","date_gmt":"2023-07-15T03:58:48","guid":{"rendered":"https:\/\/silqui-tex.com.ar\/?post_type=product&#038;p=938"},"modified":"2023-09-21T22:47:25","modified_gmt":"2023-09-21T22:47:25","slug":"open-end-rieter-r60-2","status":"publish","type":"product","link":"https:\/\/silqui-tex.com.ar\/pt\/produto\/open-end-rieter-r60-2\/","title":{"rendered":"Open End RIETER R60"},"content":{"rendered":"<p class=\"p1\"><span class=\"s1\">Open End RIETER R60, a\u00f1o 2013 de 540 rotores &#8211; di\u00e1metro 28mm, cardina B174 DN64, 4 robots<\/span><\/p>","protected":false},"excerpt":{"rendered":"<p class=\"p1\"><span class=\"s1\">Open End RIETER R60, 540 rotores &#8211; di\u00e1metro 28mm, cardina B174 DN64, 4 robots\u00a0<\/span><\/p>","protected":false},"featured_media":939,"template":"","meta":[],"product_brand":[],"product_cat":[25],"product_tag":[],"class_list":{"0":"post-938","1":"product","2":"type-product","3":"status-publish","4":"has-post-thumbnail","6":"product_cat-maquinaria-de-hilanderia","8":"first","9":"instock","10":"shipping-taxable","11":"product-type-simple"},"yoast_head":"<!-- This site is optimized with the Yoast SEO plugin v27.3 - https:\/\/yoast.com\/product\/yoast-seo-wordpress\/ -->\n<title>Open End RIETER R60 - Silqui-Tex<\/title>\n<meta name=\"description\" content=\"Open End RIETER R60, 540 rotores - di\u00e1metro 28mm, cardina B174 DN64, 4 robots\" \/>\n<meta name=\"robots\" content=\"index, follow, max-snippet:-1, max-image-preview:large, max-video-preview:-1\" \/>\n<link rel=\"canonical\" href=\"https:\/\/silqui-tex.com.ar\/pt\/produto\/open-end-rieter-r60-2\/\" \/>\n<meta property=\"og:locale\" content=\"pt_BR\" \/>\n<meta property=\"og:type\" content=\"article\" \/>\n<meta property=\"og:title\" content=\"Open End RIETER R60 - Silqui-Tex\" \/>\n<meta property=\"og:description\" content=\"Open End RIETER R60, 540 rotores - di\u00e1metro 28mm, cardina B174 DN64, 4 robots\" \/>\n<meta property=\"og:url\" content=\"https:\/\/silqui-tex.com.ar\/pt\/produto\/open-end-rieter-r60-2\/\" \/>\n<meta property=\"og:site_name\" content=\"Silqui-Tex\" \/>\n<meta property=\"article:modified_time\" content=\"2023-09-21T22:47:25+00:00\" \/>\n<meta property=\"og:image\" content=\"https:\/\/silqui-tex.com.ar\/wp-content\/uploads\/2023\/07\/5fd0a0b64c80cd06686096b967208462.jpeg\" \/>\n\t<meta property=\"og:image:width\" content=\"1080\" \/>\n\t<meta property=\"og:image:height\" content=\"1440\" \/>\n\t<meta property=\"og:image:type\" content=\"image\/jpeg\" \/>\n<meta name=\"twitter:card\" content=\"summary_large_image\" \/>\n<meta name=\"twitter:label1\" content=\"Est. tempo de leitura\" \/>\n\t<meta name=\"twitter:data1\" content=\"1 minuto\" \/>\n<script type=\"application\/ld+json\" class=\"yoast-schema-graph\">{\"@context\":\"https:\\\/\\\/schema.org\",\"@graph\":[{\"@type\":\"WebPage\",\"@id\":\"https:\\\/\\\/silqui-tex.com.ar\\\/producto\\\/open-end-rieter-r60-2\\\/\",\"url\":\"https:\\\/\\\/silqui-tex.com.ar\\\/producto\\\/open-end-rieter-r60-2\\\/\",\"name\":\"Open End RIETER R60 - Silqui-Tex\",\"isPartOf\":{\"@id\":\"https:\\\/\\\/silqui-tex.com.ar\\\/#website\"},\"primaryImageOfPage\":{\"@id\":\"https:\\\/\\\/silqui-tex.com.ar\\\/producto\\\/open-end-rieter-r60-2\\\/#primaryimage\"},\"image\":{\"@id\":\"https:\\\/\\\/silqui-tex.com.ar\\\/producto\\\/open-end-rieter-r60-2\\\/#primaryimage\"},\"thumbnailUrl\":\"https:\\\/\\\/silqui-tex.com.ar\\\/wp-content\\\/uploads\\\/2023\\\/07\\\/5fd0a0b64c80cd06686096b967208462.jpeg\",\"datePublished\":\"2023-07-15T03:58:48+00:00\",\"dateModified\":\"2023-09-21T22:47:25+00:00\",\"description\":\"Open End RIETER R60, 540 rotores - di\u00e1metro 28mm, cardina B174 DN64, 4 robots\",\"breadcrumb\":{\"@id\":\"https:\\\/\\\/silqui-tex.com.ar\\\/producto\\\/open-end-rieter-r60-2\\\/#breadcrumb\"},\"inLanguage\":\"pt-BR\",\"potentialAction\":[{\"@type\":\"ReadAction\",\"target\":[\"https:\\\/\\\/silqui-tex.com.ar\\\/producto\\\/open-end-rieter-r60-2\\\/\"]}]},{\"@type\":\"ImageObject\",\"inLanguage\":\"pt-BR\",\"@id\":\"https:\\\/\\\/silqui-tex.com.ar\\\/producto\\\/open-end-rieter-r60-2\\\/#primaryimage\",\"url\":\"https:\\\/\\\/silqui-tex.com.ar\\\/wp-content\\\/uploads\\\/2023\\\/07\\\/5fd0a0b64c80cd06686096b967208462.jpeg\",\"contentUrl\":\"https:\\\/\\\/silqui-tex.com.ar\\\/wp-content\\\/uploads\\\/2023\\\/07\\\/5fd0a0b64c80cd06686096b967208462.jpeg\",\"width\":1080,\"height\":1440},{\"@type\":\"BreadcrumbList\",\"@id\":\"https:\\\/\\\/silqui-tex.com.ar\\\/producto\\\/open-end-rieter-r60-2\\\/#breadcrumb\",\"itemListElement\":[{\"@type\":\"ListItem\",\"position\":1,\"name\":\"Portada\",\"item\":\"https:\\\/\\\/silqui-tex.com.ar\\\/\"},{\"@type\":\"ListItem\",\"position\":2,\"name\":\"Tienda\",\"item\":\"https:\\\/\\\/silqui-tex.com.ar\\\/tienda\\\/\"},{\"@type\":\"ListItem\",\"position\":3,\"name\":\"Open End RIETER R60\"}]},{\"@type\":\"WebSite\",\"@id\":\"https:\\\/\\\/silqui-tex.com.ar\\\/#website\",\"url\":\"https:\\\/\\\/silqui-tex.com.ar\\\/\",\"name\":\"Silqui-Tex\",\"description\":\"Silqui-Tex se especializa en la venta de maquinaria textil y soluciones innovadoras para la industria, con m\u00e1s de 40 a\u00f1os de experiencia en Am\u00e9rica Latina, ofreciendo tecnolog\u00eda de calidad, servicios personalizados y un enfoque en el desarrollo sostenible.\",\"potentialAction\":[{\"@type\":\"SearchAction\",\"target\":{\"@type\":\"EntryPoint\",\"urlTemplate\":\"https:\\\/\\\/silqui-tex.com.ar\\\/?s={search_term_string}\"},\"query-input\":{\"@type\":\"PropertyValueSpecification\",\"valueRequired\":true,\"valueName\":\"search_term_string\"}}],\"inLanguage\":\"pt-BR\"}]}<\/script>\n<!-- \/ Yoast SEO plugin. -->","yoast_head_json":{"title":"Open End RIETER R60 - Silqui-Tex","description":"Open End RIETER R60, 540 rotores - di\u00e1metro 28mm, cardina B174 DN64, 4 robots","robots":{"index":"index","follow":"follow","max-snippet":"max-snippet:-1","max-image-preview":"max-image-preview:large","max-video-preview":"max-video-preview:-1"},"canonical":"https:\/\/silqui-tex.com.ar\/pt\/produto\/open-end-rieter-r60-2\/","og_locale":"pt_BR","og_type":"article","og_title":"Open End RIETER R60 - Silqui-Tex","og_description":"Open End RIETER R60, 540 rotores - di\u00e1metro 28mm, cardina B174 DN64, 4 robots","og_url":"https:\/\/silqui-tex.com.ar\/pt\/produto\/open-end-rieter-r60-2\/","og_site_name":"Silqui-Tex","article_modified_time":"2023-09-21T22:47:25+00:00","og_image":[{"width":1080,"height":1440,"url":"https:\/\/silqui-tex.com.ar\/wp-content\/uploads\/2023\/07\/5fd0a0b64c80cd06686096b967208462.jpeg","type":"image\/jpeg"}],"twitter_card":"summary_large_image","twitter_misc":{"Est. tempo de leitura":"1 minuto"},"schema":{"@context":"https:\/\/schema.org","@graph":[{"@type":"WebPage","@id":"https:\/\/silqui-tex.com.ar\/producto\/open-end-rieter-r60-2\/","url":"https:\/\/silqui-tex.com.ar\/producto\/open-end-rieter-r60-2\/","name":"Open End RIETER R60 - Silqui-Tex","isPartOf":{"@id":"https:\/\/silqui-tex.com.ar\/#website"},"primaryImageOfPage":{"@id":"https:\/\/silqui-tex.com.ar\/producto\/open-end-rieter-r60-2\/#primaryimage"},"image":{"@id":"https:\/\/silqui-tex.com.ar\/producto\/open-end-rieter-r60-2\/#primaryimage"},"thumbnailUrl":"https:\/\/silqui-tex.com.ar\/wp-content\/uploads\/2023\/07\/5fd0a0b64c80cd06686096b967208462.jpeg","datePublished":"2023-07-15T03:58:48+00:00","dateModified":"2023-09-21T22:47:25+00:00","description":"Open End RIETER R60, 540 rotores - di\u00e1metro 28mm, cardina B174 DN64, 4 robots","breadcrumb":{"@id":"https:\/\/silqui-tex.com.ar\/producto\/open-end-rieter-r60-2\/#breadcrumb"},"inLanguage":"pt-BR","potentialAction":[{"@type":"ReadAction","target":["https:\/\/silqui-tex.com.ar\/producto\/open-end-rieter-r60-2\/"]}]},{"@type":"ImageObject","inLanguage":"pt-BR","@id":"https:\/\/silqui-tex.com.ar\/producto\/open-end-rieter-r60-2\/#primaryimage","url":"https:\/\/silqui-tex.com.ar\/wp-content\/uploads\/2023\/07\/5fd0a0b64c80cd06686096b967208462.jpeg","contentUrl":"https:\/\/silqui-tex.com.ar\/wp-content\/uploads\/2023\/07\/5fd0a0b64c80cd06686096b967208462.jpeg","width":1080,"height":1440},{"@type":"BreadcrumbList","@id":"https:\/\/silqui-tex.com.ar\/producto\/open-end-rieter-r60-2\/#breadcrumb","itemListElement":[{"@type":"ListItem","position":1,"name":"Portada","item":"https:\/\/silqui-tex.com.ar\/"},{"@type":"ListItem","position":2,"name":"Tienda","item":"https:\/\/silqui-tex.com.ar\/tienda\/"},{"@type":"ListItem","position":3,"name":"Open End RIETER R60"}]},{"@type":"WebSite","@id":"https:\/\/silqui-tex.com.ar\/#website","url":"https:\/\/silqui-tex.com.ar\/","name":"Silqui-Tex","description":"Silqui-Tex se especializa en la venta de maquinaria textil y soluciones innovadoras para la industria, con m\u00e1s de 40 a\u00f1os de experiencia en Am\u00e9rica Latina, ofreciendo tecnolog\u00eda de calidad, servicios personalizados y un enfoque en el desarrollo sostenible.","potentialAction":[{"@type":"SearchAction","target":{"@type":"EntryPoint","urlTemplate":"https:\/\/silqui-tex.com.ar\/?s={search_term_string}"},"query-input":{"@type":"PropertyValueSpecification","valueRequired":true,"valueName":"search_term_string"}}],"inLanguage":"pt-BR"}]}},"_links":{"self":[{"href":"https:\/\/silqui-tex.com.ar\/pt\/wp-json\/wp\/v2\/product\/938","targetHints":{"allow":["GET"]}}],"collection":[{"href":"https:\/\/silqui-tex.com.ar\/pt\/wp-json\/wp\/v2\/product"}],"about":[{"href":"https:\/\/silqui-tex.com.ar\/pt\/wp-json\/wp\/v2\/types\/product"}],"wp:featuredmedia":[{"embeddable":true,"href":"https:\/\/silqui-tex.com.ar\/pt\/wp-json\/wp\/v2\/media\/939"}],"wp:attachment":[{"href":"https:\/\/silqui-tex.com.ar\/pt\/wp-json\/wp\/v2\/media?parent=938"}],"wp:term":[{"taxonomy":"product_brand","embeddable":true,"href":"https:\/\/silqui-tex.com.ar\/pt\/wp-json\/wp\/v2\/product_brand?post=938"},{"taxonomy":"product_cat","embeddable":true,"href":"https:\/\/silqui-tex.com.ar\/pt\/wp-json\/wp\/v2\/product_cat?post=938"},{"taxonomy":"product_tag","embeddable":true,"href":"https:\/\/silqui-tex.com.ar\/pt\/wp-json\/wp\/v2\/product_tag?post=938"}],"curies":[{"name":"wp","href":"https:\/\/api.w.org\/{rel}","templated":true}]}}